{"id":1270,"date":"2025-09-16T08:19:12","date_gmt":"2025-09-16T06:19:12","guid":{"rendered":"https:\/\/nyforetagarcentrum.se\/karlshamn\/?page_id=1270"},"modified":"2026-02-12T17:00:57","modified_gmt":"2026-02-12T16:00:57","slug":"bli-var-samarbetspartner","status":"publish","type":"page","link":"https:\/\/nyforetagarcentrum.se\/karlshamn\/bli-var-samarbetspartner\/","title":{"rendered":"Bli v\u00e5r Samarbetspartner"},"content":{"rendered":"\n<figure class=\"wp-block-image size-large\"><img loading=\"lazy\" decoding=\"async\" width=\"1024\" height=\"810\" src=\"https:\/\/nyforetagarcentrum.se\/karlshamn\/wp-content\/uploads\/sites\/9\/2025\/09\/brooke-cagle-JBwcenOuRCg-unsplash-2-1024x810.jpg\" alt=\"\" class=\"wp-image-1367\" srcset=\"https:\/\/nyforetagarcentrum.se\/karlshamn\/wp-content\/uploads\/sites\/9\/2025\/09\/brooke-cagle-JBwcenOuRCg-unsplash-2-1024x810.jpg 1024w, https:\/\/nyforetagarcentrum.se\/karlshamn\/wp-content\/uploads\/sites\/9\/2025\/09\/brooke-cagle-JBwcenOuRCg-unsplash-2-300x237.jpg 300w, https:\/\/nyforetagarcentrum.se\/karlshamn\/wp-content\/uploads\/sites\/9\/2025\/09\/brooke-cagle-JBwcenOuRCg-unsplash-2-768x607.jpg 768w, https:\/\/nyforetagarcentrum.se\/karlshamn\/wp-content\/uploads\/sites\/9\/2025\/09\/brooke-cagle-JBwcenOuRCg-unsplash-2-1536x1215.jpg 1536w, https:\/\/nyforetagarcentrum.se\/karlshamn\/wp-content\/uploads\/sites\/9\/2025\/09\/brooke-cagle-JBwcenOuRCg-unsplash-2-2048x1620.jpg 2048w, https:\/\/nyforetagarcentrum.se\/karlshamn\/wp-content\/uploads\/sites\/9\/2025\/09\/brooke-cagle-JBwcenOuRCg-unsplash-2-1366x1080.jpg 1366w\" sizes=\"(max-width: 1024px) 100vw, 1024px\" \/><\/figure>\n\n\n\n<p><\/p>\n\n\n\n<h2 class=\"wp-block-heading\"><\/h2>\n\n\n\n<h2 class=\"wp-block-heading\">Tillsammans f\u00e5r vi fler livskraftiga f\u00f6retag i Karlshamn.<br>Var med och st\u00f6tta nyf\u00f6retagandet -Bli v\u00e5r Samarbetspartner!<\/h2>\n\n\n\n<p>Nyf\u00f6retagarCentrum i Karlshamn ing\u00e5r i en riksomfattande organisation med syfte att hj\u00e4lpa och st\u00f6dja blivande f\u00f6retagare. Tillsammans med n\u00e4ringslivet arbetar vi f\u00f6r att \u00f6ka nyf\u00f6retagandet genom att skapa goda f\u00f6ruts\u00e4ttningar och ett gott f\u00f6retagsklimat.<br>V\u00e5r verksamhet finansieras av n\u00e4ringslivet och Karlshamns kommun. V\u00e5ra partners \u00e4r mycket betydelsfulla och m\u00e5nga g\u00e5nger \u00e4r de bollplank till den som vill dryfta sin f\u00f6retagsid\u00e9. Fler livskraftiga f\u00f6retag i kommunen kan ge din verksamhet nya kunder, fler aff\u00e4rspartners och chans att hitta ny kompetent personal.<\/p>\n\n\n\n<p>Tillsammans skapar vi f\u00f6ruts\u00e4ttningar f\u00f6r att s\u00e5 m\u00e5nga som m\u00f6jligt ska kunna starta nya f\u00f6retag och p\u00e5 s\u00e5 s\u00e4tt bidra till ett v\u00e4xande n\u00e4ringsliv i Karlshamn.<\/p>\n\n\n\n<p>Kontakta v\u00e5r r\u00e5dgivare Peter Fast s\u00e5 ber\u00e4ttar han mer!<\/p>\n\n\n\n<p>Tel: 073-530 28 10<br>E-post: <a href=\"mailto:nina.andersson@nyforetagarcentrum.se\">nina.andersson@nyforetagarcentrum.se<\/a><\/p>\n\n\n\n<p><\/p>\n\n\n\n<p><strong>Nedan ser du de olika st\u00f6dniv\u00e5erna och som partner har du tillg\u00e5ng till olika paket. <\/strong><\/p>\n\n\n\n<p><\/p>\n\n\n\n<figure class=\"wp-block-image size-full\"><img loading=\"lazy\" decoding=\"async\" width=\"700\" height=\"285\" src=\"https:\/\/nyforetagarcentrum.se\/karlshamn\/wp-content\/uploads\/sites\/9\/2025\/09\/Skarmbild-2025-09-19-080609-2.jpg\" alt=\"\" class=\"wp-image-1325\" srcset=\"https:\/\/nyforetagarcentrum.se\/karlshamn\/wp-content\/uploads\/sites\/9\/2025\/09\/Skarmbild-2025-09-19-080609-2.jpg 700w, https:\/\/nyforetagarcentrum.se\/karlshamn\/wp-content\/uploads\/sites\/9\/2025\/09\/Skarmbild-2025-09-19-080609-2-300x122.jpg 300w\" sizes=\"(max-width: 700px) 100vw, 700px\" \/><\/figure>\n\n\n\n<p><\/p>\n","protected":false},"excerpt":{"rendered":"<p>Tillsammans f\u00e5r vi fler livskraftiga f\u00f6retag i Karlshamn.Var med och st\u00f6tta nyf\u00f6retagandet -Bli v\u00e5r Samarbetspartner! Nyf\u00f6retagarCentrum i Karlshamn ing\u00e5r i en riksomfattande organisation med syfte att hj\u00e4lpa och st\u00f6dja blivande f\u00f6retagare. Tillsammans med n\u00e4ringslivet arbetar vi f\u00f6r att \u00f6ka nyf\u00f6retagandet genom att skapa goda f\u00f6ruts\u00e4ttningar och ett gott f\u00f6retagsklimat.V\u00e5r verksamhet finansieras av n\u00e4ringslivet och Karlshamns [&hellip;]<\/p>\n","protected":false},"author":63,"featured_media":0,"parent":0,"menu_order":0,"comment_status":"closed","ping_status":"closed","template":"","meta":{"footnotes":""},"acf":[],"yoast_head":"<!-- This site is optimized with the Yoast SEO plugin v22.9 - https:\/\/yoast.com\/wordpress\/plugins\/seo\/ -->\n<title>Bli v\u00e5r Samarbetspartner - Karlshamn<\/title>\n<meta name=\"robots\" content=\"index, follow, max-snippet:-1, max-image-preview:large, max-video-preview:-1\" \/>\n<link rel=\"canonical\" href=\"https:\/\/nyforetagarcentrum.se\/karlshamn\/bli-var-samarbetspartner\/\" \/>\n<meta property=\"og:locale\" content=\"sv_SE\" \/>\n<meta property=\"og:type\" content=\"article\" \/>\n<meta property=\"og:title\" content=\"Bli v\u00e5r Samarbetspartner - Karlshamn\" \/>\n<meta property=\"og:description\" content=\"Tillsammans f\u00e5r vi fler livskraftiga f\u00f6retag i Karlshamn.Var med och st\u00f6tta nyf\u00f6retagandet -Bli v\u00e5r Samarbetspartner! Nyf\u00f6retagarCentrum i Karlshamn ing\u00e5r i en riksomfattande organisation med syfte att hj\u00e4lpa och st\u00f6dja blivande f\u00f6retagare. Tillsammans med n\u00e4ringslivet arbetar vi f\u00f6r att \u00f6ka nyf\u00f6retagandet genom att skapa goda f\u00f6ruts\u00e4ttningar och ett gott f\u00f6retagsklimat.V\u00e5r verksamhet finansieras av n\u00e4ringslivet och Karlshamns [&hellip;]\" \/>\n<meta property=\"og:url\" content=\"https:\/\/nyforetagarcentrum.se\/karlshamn\/bli-var-samarbetspartner\/\" \/>\n<meta property=\"og:site_name\" content=\"Karlshamn\" \/>\n<meta property=\"article:modified_time\" content=\"2026-02-12T16:00:57+00:00\" \/>\n<meta property=\"og:image\" content=\"https:\/\/nyforetagarcentrum.se\/karlshamn\/wp-content\/uploads\/sites\/9\/2025\/09\/brooke-cagle-JBwcenOuRCg-unsplash-2-1024x810.jpg\" \/>\n<meta name=\"twitter:card\" content=\"summary_large_image\" \/>\n<meta name=\"twitter:label1\" content=\"Ber\u00e4knad l\u00e4stid\" \/>\n\t<meta name=\"twitter:data1\" content=\"2 minuter\" \/>\n<script type=\"application\/ld+json\" class=\"yoast-schema-graph\">{\"@context\":\"https:\/\/schema.org\",\"@graph\":[{\"@type\":\"WebPage\",\"@id\":\"https:\/\/nyforetagarcentrum.se\/karlshamn\/bli-var-samarbetspartner\/\",\"url\":\"https:\/\/nyforetagarcentrum.se\/karlshamn\/bli-var-samarbetspartner\/\",\"name\":\"Bli v\u00e5r Samarbetspartner - Karlshamn\",\"isPartOf\":{\"@id\":\"https:\/\/nyforetagarcentrum.se\/karlshamn\/#website\"},\"primaryImageOfPage\":{\"@id\":\"https:\/\/nyforetagarcentrum.se\/karlshamn\/bli-var-samarbetspartner\/#primaryimage\"},\"image\":{\"@id\":\"https:\/\/nyforetagarcentrum.se\/karlshamn\/bli-var-samarbetspartner\/#primaryimage\"},\"thumbnailUrl\":\"https:\/\/nyforetagarcentrum.se\/karlshamn\/wp-content\/uploads\/sites\/9\/2025\/09\/brooke-cagle-JBwcenOuRCg-unsplash-2-1024x810.jpg\",\"datePublished\":\"2025-09-16T06:19:12+00:00\",\"dateModified\":\"2026-02-12T16:00:57+00:00\",\"breadcrumb\":{\"@id\":\"https:\/\/nyforetagarcentrum.se\/karlshamn\/bli-var-samarbetspartner\/#breadcrumb\"},\"inLanguage\":\"sv-SE\",\"potentialAction\":[{\"@type\":\"ReadAction\",\"target\":[\"https:\/\/nyforetagarcentrum.se\/karlshamn\/bli-var-samarbetspartner\/\"]}]},{\"@type\":\"ImageObject\",\"inLanguage\":\"sv-SE\",\"@id\":\"https:\/\/nyforetagarcentrum.se\/karlshamn\/bli-var-samarbetspartner\/#primaryimage\",\"url\":\"https:\/\/nyforetagarcentrum.se\/karlshamn\/wp-content\/uploads\/sites\/9\/2025\/09\/brooke-cagle-JBwcenOuRCg-unsplash-2-scaled.jpg\",\"contentUrl\":\"https:\/\/nyforetagarcentrum.se\/karlshamn\/wp-content\/uploads\/sites\/9\/2025\/09\/brooke-cagle-JBwcenOuRCg-unsplash-2-scaled.jpg\",\"width\":2560,\"height\":2025},{\"@type\":\"BreadcrumbList\",\"@id\":\"https:\/\/nyforetagarcentrum.se\/karlshamn\/bli-var-samarbetspartner\/#breadcrumb\",\"itemListElement\":[{\"@type\":\"ListItem\",\"position\":1,\"name\":\"Hem\",\"item\":\"https:\/\/nyforetagarcentrum.se\/karlshamn\/\"},{\"@type\":\"ListItem\",\"position\":2,\"name\":\"Bli v\u00e5r Samarbetspartner\"}]},{\"@type\":\"WebSite\",\"@id\":\"https:\/\/nyforetagarcentrum.se\/karlshamn\/#website\",\"url\":\"https:\/\/nyforetagarcentrum.se\/karlshamn\/\",\"name\":\"Karlshamn\",\"description\":\"Sveriges ledande kraft f\u00f6r fler nya livskraftiga f\u00f6retag\",\"publisher\":{\"@id\":\"https:\/\/nyforetagarcentrum.se\/karlshamn\/#organization\"},\"potentialAction\":[{\"@type\":\"SearchAction\",\"target\":{\"@type\":\"EntryPoint\",\"urlTemplate\":\"https:\/\/nyforetagarcentrum.se\/karlshamn\/?s={search_term_string}\"},\"query-input\":\"required name=search_term_string\"}],\"inLanguage\":\"sv-SE\"},{\"@type\":\"Organization\",\"@id\":\"https:\/\/nyforetagarcentrum.se\/karlshamn\/#organization\",\"name\":\"Karlshamn\",\"url\":\"https:\/\/nyforetagarcentrum.se\/karlshamn\/\",\"logo\":{\"@type\":\"ImageObject\",\"inLanguage\":\"sv-SE\",\"@id\":\"https:\/\/nyforetagarcentrum.se\/karlshamn\/#\/schema\/logo\/image\/\",\"url\":\"https:\/\/nyforetagarcentrum.se\/karlshamn\/wp-content\/uploads\/sites\/9\/2024\/03\/cropped-NFC_Karlshamn_194x90.png\",\"contentUrl\":\"https:\/\/nyforetagarcentrum.se\/karlshamn\/wp-content\/uploads\/sites\/9\/2024\/03\/cropped-NFC_Karlshamn_194x90.png\",\"width\":194,\"height\":90,\"caption\":\"Karlshamn\"},\"image\":{\"@id\":\"https:\/\/nyforetagarcentrum.se\/karlshamn\/#\/schema\/logo\/image\/\"}}]}<\/script>\n<!-- \/ Yoast SEO plugin. -->","yoast_head_json":{"title":"Bli v\u00e5r Samarbetspartner - Karlshamn","robots":{"index":"index","follow":"follow","max-snippet":"max-snippet:-1","max-image-preview":"max-image-preview:large","max-video-preview":"max-video-preview:-1"},"canonical":"https:\/\/nyforetagarcentrum.se\/karlshamn\/bli-var-samarbetspartner\/","og_locale":"sv_SE","og_type":"article","og_title":"Bli v\u00e5r Samarbetspartner - Karlshamn","og_description":"Tillsammans f\u00e5r vi fler livskraftiga f\u00f6retag i Karlshamn.Var med och st\u00f6tta nyf\u00f6retagandet -Bli v\u00e5r Samarbetspartner! Nyf\u00f6retagarCentrum i Karlshamn ing\u00e5r i en riksomfattande organisation med syfte att hj\u00e4lpa och st\u00f6dja blivande f\u00f6retagare. Tillsammans med n\u00e4ringslivet arbetar vi f\u00f6r att \u00f6ka nyf\u00f6retagandet genom att skapa goda f\u00f6ruts\u00e4ttningar och ett gott f\u00f6retagsklimat.V\u00e5r verksamhet finansieras av n\u00e4ringslivet och Karlshamns [&hellip;]","og_url":"https:\/\/nyforetagarcentrum.se\/karlshamn\/bli-var-samarbetspartner\/","og_site_name":"Karlshamn","article_modified_time":"2026-02-12T16:00:57+00:00","og_image":[{"url":"https:\/\/nyforetagarcentrum.se\/karlshamn\/wp-content\/uploads\/sites\/9\/2025\/09\/brooke-cagle-JBwcenOuRCg-unsplash-2-1024x810.jpg"}],"twitter_card":"summary_large_image","twitter_misc":{"Ber\u00e4knad l\u00e4stid":"2 minuter"},"schema":{"@context":"https:\/\/schema.org","@graph":[{"@type":"WebPage","@id":"https:\/\/nyforetagarcentrum.se\/karlshamn\/bli-var-samarbetspartner\/","url":"https:\/\/nyforetagarcentrum.se\/karlshamn\/bli-var-samarbetspartner\/","name":"Bli v\u00e5r Samarbetspartner - Karlshamn","isPartOf":{"@id":"https:\/\/nyforetagarcentrum.se\/karlshamn\/#website"},"primaryImageOfPage":{"@id":"https:\/\/nyforetagarcentrum.se\/karlshamn\/bli-var-samarbetspartner\/#primaryimage"},"image":{"@id":"https:\/\/nyforetagarcentrum.se\/karlshamn\/bli-var-samarbetspartner\/#primaryimage"},"thumbnailUrl":"https:\/\/nyforetagarcentrum.se\/karlshamn\/wp-content\/uploads\/sites\/9\/2025\/09\/brooke-cagle-JBwcenOuRCg-unsplash-2-1024x810.jpg","datePublished":"2025-09-16T06:19:12+00:00","dateModified":"2026-02-12T16:00:57+00:00","breadcrumb":{"@id":"https:\/\/nyforetagarcentrum.se\/karlshamn\/bli-var-samarbetspartner\/#breadcrumb"},"inLanguage":"sv-SE","potentialAction":[{"@type":"ReadAction","target":["https:\/\/nyforetagarcentrum.se\/karlshamn\/bli-var-samarbetspartner\/"]}]},{"@type":"ImageObject","inLanguage":"sv-SE","@id":"https:\/\/nyforetagarcentrum.se\/karlshamn\/bli-var-samarbetspartner\/#primaryimage","url":"https:\/\/nyforetagarcentrum.se\/karlshamn\/wp-content\/uploads\/sites\/9\/2025\/09\/brooke-cagle-JBwcenOuRCg-unsplash-2-scaled.jpg","contentUrl":"https:\/\/nyforetagarcentrum.se\/karlshamn\/wp-content\/uploads\/sites\/9\/2025\/09\/brooke-cagle-JBwcenOuRCg-unsplash-2-scaled.jpg","width":2560,"height":2025},{"@type":"BreadcrumbList","@id":"https:\/\/nyforetagarcentrum.se\/karlshamn\/bli-var-samarbetspartner\/#breadcrumb","itemListElement":[{"@type":"ListItem","position":1,"name":"Hem","item":"https:\/\/nyforetagarcentrum.se\/karlshamn\/"},{"@type":"ListItem","position":2,"name":"Bli v\u00e5r Samarbetspartner"}]},{"@type":"WebSite","@id":"https:\/\/nyforetagarcentrum.se\/karlshamn\/#website","url":"https:\/\/nyforetagarcentrum.se\/karlshamn\/","name":"Karlshamn","description":"Sveriges ledande kraft f\u00f6r fler nya livskraftiga f\u00f6retag","publisher":{"@id":"https:\/\/nyforetagarcentrum.se\/karlshamn\/#organization"},"potentialAction":[{"@type":"SearchAction","target":{"@type":"EntryPoint","urlTemplate":"https:\/\/nyforetagarcentrum.se\/karlshamn\/?s={search_term_string}"},"query-input":"required name=search_term_string"}],"inLanguage":"sv-SE"},{"@type":"Organization","@id":"https:\/\/nyforetagarcentrum.se\/karlshamn\/#organization","name":"Karlshamn","url":"https:\/\/nyforetagarcentrum.se\/karlshamn\/","logo":{"@type":"ImageObject","inLanguage":"sv-SE","@id":"https:\/\/nyforetagarcentrum.se\/karlshamn\/#\/schema\/logo\/image\/","url":"https:\/\/nyforetagarcentrum.se\/karlshamn\/wp-content\/uploads\/sites\/9\/2024\/03\/cropped-NFC_Karlshamn_194x90.png","contentUrl":"https:\/\/nyforetagarcentrum.se\/karlshamn\/wp-content\/uploads\/sites\/9\/2024\/03\/cropped-NFC_Karlshamn_194x90.png","width":194,"height":90,"caption":"Karlshamn"},"image":{"@id":"https:\/\/nyforetagarcentrum.se\/karlshamn\/#\/schema\/logo\/image\/"}}]}},"_links":{"self":[{"href":"https:\/\/nyforetagarcentrum.se\/karlshamn\/wp-json\/wp\/v2\/pages\/1270"}],"collection":[{"href":"https:\/\/nyforetagarcentrum.se\/karlshamn\/wp-json\/wp\/v2\/pages"}],"about":[{"href":"https:\/\/nyforetagarcentrum.se\/karlshamn\/wp-json\/wp\/v2\/types\/page"}],"author":[{"embeddable":true,"href":"https:\/\/nyforetagarcentrum.se\/karlshamn\/wp-json\/wp\/v2\/users\/63"}],"replies":[{"embeddable":true,"href":"https:\/\/nyforetagarcentrum.se\/karlshamn\/wp-json\/wp\/v2\/comments?post=1270"}],"version-history":[{"count":23,"href":"https:\/\/nyforetagarcentrum.se\/karlshamn\/wp-json\/wp\/v2\/pages\/1270\/revisions"}],"predecessor-version":[{"id":1452,"href":"https:\/\/nyforetagarcentrum.se\/karlshamn\/wp-json\/wp\/v2\/pages\/1270\/revisions\/1452"}],"wp:attachment":[{"href":"https:\/\/nyforetagarcentrum.se\/karlshamn\/wp-json\/wp\/v2\/media?parent=1270"}],"curies":[{"name":"wp","href":"https:\/\/api.w.org\/{rel}","templated":true}]}}