{"id":6,"date":"2024-02-22T10:16:29","date_gmt":"2024-02-22T09:16:29","guid":{"rendered":"https:\/\/nyforetagarcentrum.se\/kalmarsund\/?page_id=6"},"modified":"2025-04-02T10:46:19","modified_gmt":"2025-04-02T08:46:19","slug":"startsida","status":"publish","type":"page","link":"https:\/\/nyforetagarcentrum.se\/kalmarsund\/","title":{"rendered":"Startsida"},"content":{"rendered":"<section  class=\"nfc-block-hero alignfull\">\n\n    <img loading=\"lazy\" decoding=\"async\" width=\"1512\" height=\"769\" src=\"https:\/\/nyforetagarcentrum.se\/kalmarsund\/wp-content\/uploads\/sites\/26\/2024\/02\/topp-banner-1.png\" class=\"attachment-landscape size-landscape\" alt=\"\" srcset=\"https:\/\/nyforetagarcentrum.se\/kalmarsund\/wp-content\/uploads\/sites\/26\/2024\/02\/topp-banner-1.png 1512w, https:\/\/nyforetagarcentrum.se\/kalmarsund\/wp-content\/uploads\/sites\/26\/2024\/02\/topp-banner-1-300x153.png 300w, https:\/\/nyforetagarcentrum.se\/kalmarsund\/wp-content\/uploads\/sites\/26\/2024\/02\/topp-banner-1-1024x521.png 1024w, https:\/\/nyforetagarcentrum.se\/kalmarsund\/wp-content\/uploads\/sites\/26\/2024\/02\/topp-banner-1-768x391.png 768w\" sizes=\"(max-width: 1512px) 100vw, 1512px\" \/>\n    <div class=\"contained\">\n        <h1 class=\"nfc-block-hero__heading\">V\u00e4lkommen till Nyf\u00f6retagarCentrum Kalmarsund<\/h1>\n\n                    <div class=\"nfc-block-hero__buttons\">\n                                    <a href=\"https:\/\/jobsdata-nyforetagarcentrum.se\/ExternBooking?OfficeId=05f68844-5796-e811-80d7-0050568571f4&amp;_gl=1*d6ufc4*_ga*MzE2NDkzMTg5LjE2Nzk0NzkzOTA.*_ga_9RRJJK0Y4R*MTcxNTE1MjQ1OS4xMy4xLjE3MTUxNTI1NjQuNjAuMC4w\" class=\"button primary\">Boka r\u00e5dgivning<\/a>\n                            <\/div>\n            <\/div>\n<\/section>\n\n\n<div style=\"height:9px\" aria-hidden=\"true\" class=\"wp-block-spacer\"><\/div>\n\n\n\n<div style=\"height:24px\" aria-hidden=\"true\" class=\"wp-block-spacer\"><\/div>\n\n\n\n<h2 class=\"wp-block-heading alignwide has-text-align-center has-x-large-font-size\">Hur g\u00e5r en r\u00e5dgivning till?<\/h2>\n\n\n\n<p>R\u00e5dgivning sker i f\u00f6rsta hand digitalt eller p\u00e5 kontoret i Kalmar. \u00d6nskas r\u00e5dgivning p\u00e5 plats i Borgholm, Emmaboda, M\u00f6rbyl\u00e5nga, Nybro eller Tors\u00e5s l\u00f6ser vi det ocks\u00e5. Vid s\u00e5dana \u00f6nskem\u00e5l tar ni kontakt med <a href=\"mailto:mia.almroth@nyforetagarcentrum.se\">mia.almroth@nyforetagarcentrum.se<\/a>. <\/p>\n\n\n<section  class=\"nfc-block-text_cards alignwide show_numbers\">\n    <div class=\"wrapper contained\">\n                    <div class=\"text-card\">\n                <div class=\"text-card__content\">\n                    <h3 class=\"heading\" data-number=\"1\">Boka r\u00e5dgivning<\/h3>\n\n                                            <div class=\"description\">Boka din r\u00e5dgivning i god tid. Ibland kan det finnas ont om tider n\u00e4ra inp\u00e5. S\u00e5 f\u00f6rs\u00f6k vara ute i god tid.<\/div>\n                    \n                                            <a href=\"https:\/\/jobsdata-nyforetagarcentrum.se\/ExternBooking?OfficeId=05f68844-5796-e811-80d7-0050568571f4&amp;_gl=1*d6ufc4*_ga*MzE2NDkzMTg5LjE2Nzk0NzkzOTA.*_ga_9RRJJK0Y4R*MTcxNTE1MjQ1OS4xMy4xLjE3MTUxNTI1NjQuNjAuMC4w\" class=\"button primary\">Boka r\u00e5dgivning<\/a>\n                    \n                <\/div>\n            <\/div>\n                    <div class=\"text-card\">\n                <div class=\"text-card__content\">\n                    <h3 class=\"heading\" data-number=\"2\">B\u00f6rja skriva din aff\u00e4rsplan<\/h3>\n\n                                            <div class=\"description\">F\u00f6r att kunna ge dig s\u00e5 goda r\u00e5d som m\u00f6jligt \u00e4r det viktigt att du har arbetat s\u00e5 mycket som g\u00e5r p\u00e5 din aff\u00e4rsplan innan ditt m\u00f6te. Har du \u00e4nnu inte b\u00f6rjat skriva p\u00e5 en aff\u00e4rsplan kan du f\u00f6lja l\u00e4nken nedan.<\/div>\n                    \n                                            <a href=\"https:\/\/affarsplanen.com\/\" class=\"button outlined\">Till aff\u00e4rsplanen<\/a>\n                    \n                <\/div>\n            <\/div>\n                    <div class=\"text-card\">\n                <div class=\"text-card__content\">\n                    <h3 class=\"heading\" data-number=\"3\">F\u00f6rbered underlag och skriv ner fr\u00e5gor<\/h3>\n\n                                            <div class=\"description\">Fundera p\u00e5 om det \u00e4r n\u00e5gra specifika fr\u00e5gor du beh\u00f6ver ha hj\u00e4lp med eller om du har n\u00e5got annat underlag som \u00e4r bra f\u00f6r r\u00e5dgivaren att se.<\/div>\n                    \n                    \n                <\/div>\n            <\/div>\n            <\/div>\n<\/section>\n\n\n<div style=\"height:24px\" aria-hidden=\"true\" class=\"wp-block-spacer\"><\/div>\n\n\n\n<h2 class=\"wp-block-heading alignwide has-x-large-font-size\">Nyheter<\/h2>\n\n\n<section  class=\"nfc-block-posts_carousel alignwide type-post\">\n    \n            <div class=\"carousel-wrapper grab-to-scroll\">\n                                            <div class=\"post-card\" itemscope itemtype=\"https:\/\/schema.org\/NewsArticle\">\n    \n    <div class=\"featured_image\">\n                    <meta itemprop=\"image\" content=\"https:\/\/nyforetagarcentrum.se\/kalmarsund\/wp-content\/uploads\/sites\/26\/2024\/05\/Mia-profil.jpg\">\n            <img loading=\"lazy\" decoding=\"async\" width=\"175\" height=\"264\" src=\"https:\/\/nyforetagarcentrum.se\/kalmarsund\/wp-content\/uploads\/sites\/26\/2024\/05\/Mia-profil.jpg\" class=\"attachment-medium-large size-medium-large\" alt=\"\" \/>            <\/div>\n\n    <div class=\"content-wrapper\">\n        <div class=\"top\">\n                            <div class=\"categories\">\n                    <a tabindex=\"-1\" class=\"tag\" href=\"https:\/\/nyforetagarcentrum.se\/kalmarsund\/category\/okategoriserade\/\">Okategoriserade<\/a>                <\/div>\n            \n            <div class=\"date\" itemprop=\"datePublished\" content=\"2024-05-28\">\n                2024.05.28            <\/div>\n        <\/div>\n        \n        <h3 class=\"title\" itemprop=\"headline\">\n            <a tabindex=\"-1\" href=\"https:\/\/nyforetagarcentrum.se\/kalmarsund\/2024\/05\/28\/mia-almroth-ny-radgivare\/\">Mia Almroth &#8211; v\u00e5r r\u00e5dgivare<\/a>\n        <\/h3>\n\n        <p class=\"excerpt\">\n            Mia Almroth \u00e4r Nyf\u00f6retagcentrum Kalmarsunds r\u00e5dgivare. Varmt v\u00e4lkommen att boka en tid hos Mia n\u00e4r det g\u00e4ller fr\u00e5gor f\u00f6r att starta f\u00f6retag eller om du vill utveckla din verksamhet. Mia \u00e4r dessutom att ansvarig f\u00f6r v\u00e5ra Starta eget tr\u00e4ffar och Mentorsprogram. Nyf\u00f6retagcentrum Kalmarsund \u00e4r verksamma i kommunerna Kalmar, Nybro, Emmaboda, Tors\u00e5s, M\u00f6rbyl\u00e5nga och Borgholm i [&hellip;]        <\/p>\n\n        <a class=\"read-more\" href=\"https:\/\/nyforetagarcentrum.se\/kalmarsund\/2024\/05\/28\/mia-almroth-ny-radgivare\/\">L\u00e4s mer<span class=\"screenreader\"> om Mia Almroth &#8211; v\u00e5r r\u00e5dgivare<\/span><div class=\"icon icon-chevron-right\"><\/div><\/a>\n    <\/div>\n<\/div>                                <\/div>\n    \n<\/section>\n\n\n<div style=\"height:51px\" aria-hidden=\"true\" class=\"wp-block-spacer\"><\/div>\n\n\n\n<div style=\"height:80px\" aria-hidden=\"true\" class=\"wp-block-spacer\"><\/div>\n","protected":false},"excerpt":{"rendered":"<p>Hur g\u00e5r en r\u00e5dgivning till? R\u00e5dgivning sker i f\u00f6rsta hand digitalt eller p\u00e5 kontoret i Kalmar. \u00d6nskas r\u00e5dgivning p\u00e5 plats i Borgholm, Emmaboda, M\u00f6rbyl\u00e5nga, Nybro eller Tors\u00e5s l\u00f6ser vi det ocks\u00e5. Vid s\u00e5dana \u00f6nskem\u00e5l tar ni kontakt med mia.almroth@nyforetagarcentrum.se. Nyheter<\/p>\n","protected":false},"author":1,"featured_media":211,"parent":0,"menu_order":0,"comment_status":"closed","ping_status":"closed","template":"","meta":{"footnotes":""},"acf":[],"yoast_head":"<!-- This site is optimized with the Yoast SEO plugin v22.9 - https:\/\/yoast.com\/wordpress\/plugins\/seo\/ -->\n<title>Nyf\u00f6retagarcentrum Kalmarsund - Kostnadsfri r\u00e5dgivning f\u00f6r nyf\u00f6retagare<\/title>\n<meta name=\"description\" content=\"Funderar du p\u00e5 att starta eget f\u00f6retag i Kalmarsund? Boka en kostnadsfri och konfidentiell r\u00e5dgivning hos Nyf\u00f6retagarcentrum Kalmarsund. V\u00e5ra experter ger dig st\u00f6d och v\u00e4gledning genom hela processen - fr\u00e5n aff\u00e4rsid\u00e9 till f\u00e4rdigt f\u00f6retag. Skapa ett konto och boka tid idag!\" \/>\n<meta name=\"robots\" content=\"index, follow, max-snippet:-1, max-image-preview:large, max-video-preview:-1\" \/>\n<link rel=\"canonical\" href=\"https:\/\/nyforetagarcentrum.se\/kalmarsund\/\" \/>\n<meta property=\"og:locale\" content=\"sv_SE\" \/>\n<meta property=\"og:type\" content=\"article\" \/>\n<meta property=\"og:title\" content=\"Nyf\u00f6retagarcentrum Kalmarsund - Kostnadsfri r\u00e5dgivning f\u00f6r nyf\u00f6retagare\" \/>\n<meta property=\"og:description\" content=\"Funderar du p\u00e5 att starta eget f\u00f6retag i Kalmarsund? Boka en kostnadsfri och konfidentiell r\u00e5dgivning hos Nyf\u00f6retagarcentrum Kalmarsund. V\u00e5ra experter ger dig st\u00f6d och v\u00e4gledning genom hela processen - fr\u00e5n aff\u00e4rsid\u00e9 till f\u00e4rdigt f\u00f6retag. Skapa ett konto och boka tid idag!\" \/>\n<meta property=\"og:url\" content=\"https:\/\/nyforetagarcentrum.se\/kalmarsund\/\" \/>\n<meta property=\"og:site_name\" content=\"Kalmarsund\" \/>\n<meta property=\"article:modified_time\" content=\"2025-04-02T08:46:19+00:00\" \/>\n<meta property=\"og:image\" content=\"https:\/\/nyforetagarcentrum.se\/kalmarsund\/wp-content\/uploads\/sites\/26\/2024\/07\/Namnlos-design-6-1024x576.png\" \/>\n\t<meta property=\"og:image:width\" content=\"1024\" \/>\n\t<meta property=\"og:image:height\" content=\"576\" \/>\n\t<meta property=\"og:image:type\" content=\"image\/png\" \/>\n<meta name=\"twitter:card\" content=\"summary_large_image\" \/>\n<meta name=\"twitter:label1\" content=\"Ber\u00e4knad l\u00e4stid\" \/>\n\t<meta name=\"twitter:data1\" content=\"1 minut\" \/>\n<script type=\"application\/ld+json\" class=\"yoast-schema-graph\">{\"@context\":\"https:\/\/schema.org\",\"@graph\":[{\"@type\":\"WebPage\",\"@id\":\"https:\/\/nyforetagarcentrum.se\/kalmarsund\/\",\"url\":\"https:\/\/nyforetagarcentrum.se\/kalmarsund\/\",\"name\":\"Nyf\u00f6retagarcentrum Kalmarsund - Kostnadsfri r\u00e5dgivning f\u00f6r nyf\u00f6retagare\",\"isPartOf\":{\"@id\":\"https:\/\/nyforetagarcentrum.se\/kalmarsund\/#website\"},\"primaryImageOfPage\":{\"@id\":\"https:\/\/nyforetagarcentrum.se\/kalmarsund\/#primaryimage\"},\"image\":{\"@id\":\"https:\/\/nyforetagarcentrum.se\/kalmarsund\/#primaryimage\"},\"thumbnailUrl\":\"https:\/\/nyforetagarcentrum.se\/kalmarsund\/wp-content\/uploads\/sites\/26\/2024\/07\/Namnlos-design-6.png\",\"datePublished\":\"2024-02-22T09:16:29+00:00\",\"dateModified\":\"2025-04-02T08:46:19+00:00\",\"description\":\"Funderar du p\u00e5 att starta eget f\u00f6retag i Kalmarsund? Boka en kostnadsfri och konfidentiell r\u00e5dgivning hos Nyf\u00f6retagarcentrum Kalmarsund. V\u00e5ra experter ger dig st\u00f6d och v\u00e4gledning genom hela processen - fr\u00e5n aff\u00e4rsid\u00e9 till f\u00e4rdigt f\u00f6retag. Skapa ett konto och boka tid idag!\",\"breadcrumb\":{\"@id\":\"https:\/\/nyforetagarcentrum.se\/kalmarsund\/#breadcrumb\"},\"inLanguage\":\"sv-SE\",\"potentialAction\":[{\"@type\":\"ReadAction\",\"target\":[\"https:\/\/nyforetagarcentrum.se\/kalmarsund\/\"]}]},{\"@type\":\"ImageObject\",\"inLanguage\":\"sv-SE\",\"@id\":\"https:\/\/nyforetagarcentrum.se\/kalmarsund\/#primaryimage\",\"url\":\"https:\/\/nyforetagarcentrum.se\/kalmarsund\/wp-content\/uploads\/sites\/26\/2024\/07\/Namnlos-design-6.png\",\"contentUrl\":\"https:\/\/nyforetagarcentrum.se\/kalmarsund\/wp-content\/uploads\/sites\/26\/2024\/07\/Namnlos-design-6.png\",\"width\":1920,\"height\":1080},{\"@type\":\"BreadcrumbList\",\"@id\":\"https:\/\/nyforetagarcentrum.se\/kalmarsund\/#breadcrumb\",\"itemListElement\":[{\"@type\":\"ListItem\",\"position\":1,\"name\":\"Hem\",\"item\":\"https:\/\/nyforetagarcentrum.se\/kalmarsund\/\"},{\"@type\":\"ListItem\",\"position\":2,\"name\":\"Startsida\"}]},{\"@type\":\"WebSite\",\"@id\":\"https:\/\/nyforetagarcentrum.se\/kalmarsund\/#website\",\"url\":\"https:\/\/nyforetagarcentrum.se\/kalmarsund\/\",\"name\":\"Kalmarsund\",\"description\":\"Sveriges ledande kraft f\u00f6r fler nya livskraftiga f\u00f6retag\",\"publisher\":{\"@id\":\"https:\/\/nyforetagarcentrum.se\/kalmarsund\/#organization\"},\"potentialAction\":[{\"@type\":\"SearchAction\",\"target\":{\"@type\":\"EntryPoint\",\"urlTemplate\":\"https:\/\/nyforetagarcentrum.se\/kalmarsund\/?s={search_term_string}\"},\"query-input\":\"required name=search_term_string\"}],\"inLanguage\":\"sv-SE\"},{\"@type\":\"Organization\",\"@id\":\"https:\/\/nyforetagarcentrum.se\/kalmarsund\/#organization\",\"name\":\"Kalmarsund\",\"url\":\"https:\/\/nyforetagarcentrum.se\/kalmarsund\/\",\"logo\":{\"@type\":\"ImageObject\",\"inLanguage\":\"sv-SE\",\"@id\":\"https:\/\/nyforetagarcentrum.se\/kalmarsund\/#\/schema\/logo\/image\/\",\"url\":\"https:\/\/nyforetagarcentrum.se\/kalmarsund\/wp-content\/uploads\/sites\/26\/2024\/04\/Kalmarsund.png\",\"contentUrl\":\"https:\/\/nyforetagarcentrum.se\/kalmarsund\/wp-content\/uploads\/sites\/26\/2024\/04\/Kalmarsund.png\",\"width\":1082,\"height\":542,\"caption\":\"Kalmarsund\"},\"image\":{\"@id\":\"https:\/\/nyforetagarcentrum.se\/kalmarsund\/#\/schema\/logo\/image\/\"}}]}<\/script>\n<!-- \/ Yoast SEO plugin. -->","yoast_head_json":{"title":"Nyf\u00f6retagarcentrum Kalmarsund - Kostnadsfri r\u00e5dgivning f\u00f6r nyf\u00f6retagare","description":"Funderar du p\u00e5 att starta eget f\u00f6retag i Kalmarsund? Boka en kostnadsfri och konfidentiell r\u00e5dgivning hos Nyf\u00f6retagarcentrum Kalmarsund. V\u00e5ra experter ger dig st\u00f6d och v\u00e4gledning genom hela processen - fr\u00e5n aff\u00e4rsid\u00e9 till f\u00e4rdigt f\u00f6retag. Skapa ett konto och boka tid idag!","robots":{"index":"index","follow":"follow","max-snippet":"max-snippet:-1","max-image-preview":"max-image-preview:large","max-video-preview":"max-video-preview:-1"},"canonical":"https:\/\/nyforetagarcentrum.se\/kalmarsund\/","og_locale":"sv_SE","og_type":"article","og_title":"Nyf\u00f6retagarcentrum Kalmarsund - Kostnadsfri r\u00e5dgivning f\u00f6r nyf\u00f6retagare","og_description":"Funderar du p\u00e5 att starta eget f\u00f6retag i Kalmarsund? Boka en kostnadsfri och konfidentiell r\u00e5dgivning hos Nyf\u00f6retagarcentrum Kalmarsund. V\u00e5ra experter ger dig st\u00f6d och v\u00e4gledning genom hela processen - fr\u00e5n aff\u00e4rsid\u00e9 till f\u00e4rdigt f\u00f6retag. Skapa ett konto och boka tid idag!","og_url":"https:\/\/nyforetagarcentrum.se\/kalmarsund\/","og_site_name":"Kalmarsund","article_modified_time":"2025-04-02T08:46:19+00:00","og_image":[{"width":1024,"height":576,"url":"https:\/\/nyforetagarcentrum.se\/kalmarsund\/wp-content\/uploads\/sites\/26\/2024\/07\/Namnlos-design-6-1024x576.png","type":"image\/png"}],"twitter_card":"summary_large_image","twitter_misc":{"Ber\u00e4knad l\u00e4stid":"1 minut"},"schema":{"@context":"https:\/\/schema.org","@graph":[{"@type":"WebPage","@id":"https:\/\/nyforetagarcentrum.se\/kalmarsund\/","url":"https:\/\/nyforetagarcentrum.se\/kalmarsund\/","name":"Nyf\u00f6retagarcentrum Kalmarsund - Kostnadsfri r\u00e5dgivning f\u00f6r nyf\u00f6retagare","isPartOf":{"@id":"https:\/\/nyforetagarcentrum.se\/kalmarsund\/#website"},"primaryImageOfPage":{"@id":"https:\/\/nyforetagarcentrum.se\/kalmarsund\/#primaryimage"},"image":{"@id":"https:\/\/nyforetagarcentrum.se\/kalmarsund\/#primaryimage"},"thumbnailUrl":"https:\/\/nyforetagarcentrum.se\/kalmarsund\/wp-content\/uploads\/sites\/26\/2024\/07\/Namnlos-design-6.png","datePublished":"2024-02-22T09:16:29+00:00","dateModified":"2025-04-02T08:46:19+00:00","description":"Funderar du p\u00e5 att starta eget f\u00f6retag i Kalmarsund? Boka en kostnadsfri och konfidentiell r\u00e5dgivning hos Nyf\u00f6retagarcentrum Kalmarsund. V\u00e5ra experter ger dig st\u00f6d och v\u00e4gledning genom hela processen - fr\u00e5n aff\u00e4rsid\u00e9 till f\u00e4rdigt f\u00f6retag. Skapa ett konto och boka tid idag!","breadcrumb":{"@id":"https:\/\/nyforetagarcentrum.se\/kalmarsund\/#breadcrumb"},"inLanguage":"sv-SE","potentialAction":[{"@type":"ReadAction","target":["https:\/\/nyforetagarcentrum.se\/kalmarsund\/"]}]},{"@type":"ImageObject","inLanguage":"sv-SE","@id":"https:\/\/nyforetagarcentrum.se\/kalmarsund\/#primaryimage","url":"https:\/\/nyforetagarcentrum.se\/kalmarsund\/wp-content\/uploads\/sites\/26\/2024\/07\/Namnlos-design-6.png","contentUrl":"https:\/\/nyforetagarcentrum.se\/kalmarsund\/wp-content\/uploads\/sites\/26\/2024\/07\/Namnlos-design-6.png","width":1920,"height":1080},{"@type":"BreadcrumbList","@id":"https:\/\/nyforetagarcentrum.se\/kalmarsund\/#breadcrumb","itemListElement":[{"@type":"ListItem","position":1,"name":"Hem","item":"https:\/\/nyforetagarcentrum.se\/kalmarsund\/"},{"@type":"ListItem","position":2,"name":"Startsida"}]},{"@type":"WebSite","@id":"https:\/\/nyforetagarcentrum.se\/kalmarsund\/#website","url":"https:\/\/nyforetagarcentrum.se\/kalmarsund\/","name":"Kalmarsund","description":"Sveriges ledande kraft f\u00f6r fler nya livskraftiga f\u00f6retag","publisher":{"@id":"https:\/\/nyforetagarcentrum.se\/kalmarsund\/#organization"},"potentialAction":[{"@type":"SearchAction","target":{"@type":"EntryPoint","urlTemplate":"https:\/\/nyforetagarcentrum.se\/kalmarsund\/?s={search_term_string}"},"query-input":"required name=search_term_string"}],"inLanguage":"sv-SE"},{"@type":"Organization","@id":"https:\/\/nyforetagarcentrum.se\/kalmarsund\/#organization","name":"Kalmarsund","url":"https:\/\/nyforetagarcentrum.se\/kalmarsund\/","logo":{"@type":"ImageObject","inLanguage":"sv-SE","@id":"https:\/\/nyforetagarcentrum.se\/kalmarsund\/#\/schema\/logo\/image\/","url":"https:\/\/nyforetagarcentrum.se\/kalmarsund\/wp-content\/uploads\/sites\/26\/2024\/04\/Kalmarsund.png","contentUrl":"https:\/\/nyforetagarcentrum.se\/kalmarsund\/wp-content\/uploads\/sites\/26\/2024\/04\/Kalmarsund.png","width":1082,"height":542,"caption":"Kalmarsund"},"image":{"@id":"https:\/\/nyforetagarcentrum.se\/kalmarsund\/#\/schema\/logo\/image\/"}}]}},"_links":{"self":[{"href":"https:\/\/nyforetagarcentrum.se\/kalmarsund\/wp-json\/wp\/v2\/pages\/6"}],"collection":[{"href":"https:\/\/nyforetagarcentrum.se\/kalmarsund\/wp-json\/wp\/v2\/pages"}],"about":[{"href":"https:\/\/nyforetagarcentrum.se\/kalmarsund\/wp-json\/wp\/v2\/types\/page"}],"author":[{"embeddable":true,"href":"https:\/\/nyforetagarcentrum.se\/kalmarsund\/wp-json\/wp\/v2\/users\/1"}],"replies":[{"embeddable":true,"href":"https:\/\/nyforetagarcentrum.se\/kalmarsund\/wp-json\/wp\/v2\/comments?post=6"}],"version-history":[{"count":51,"href":"https:\/\/nyforetagarcentrum.se\/kalmarsund\/wp-json\/wp\/v2\/pages\/6\/revisions"}],"predecessor-version":[{"id":595,"href":"https:\/\/nyforetagarcentrum.se\/kalmarsund\/wp-json\/wp\/v2\/pages\/6\/revisions\/595"}],"wp:featuredmedia":[{"embeddable":true,"href":"https:\/\/nyforetagarcentrum.se\/kalmarsund\/wp-json\/wp\/v2\/media\/211"}],"wp:attachment":[{"href":"https:\/\/nyforetagarcentrum.se\/kalmarsund\/wp-json\/wp\/v2\/media?parent=6"}],"curies":[{"name":"wp","href":"https:\/\/api.w.org\/{rel}","templated":true}]}}