{"id":41,"date":"2024-02-22T10:24:51","date_gmt":"2024-02-22T09:24:51","guid":{"rendered":"https:\/\/nyforetagarcentrum.se\/kalmarsund\/?page_id=41"},"modified":"2024-05-08T15:30:54","modified_gmt":"2024-05-08T13:30:54","slug":"vara-samarbetspartners","status":"publish","type":"page","link":"https:\/\/nyforetagarcentrum.se\/kalmarsund\/vara-samarbetspartners\/","title":{"rendered":"V\u00e5ra samarbetspartners"},"content":{"rendered":"<section  class=\"nfc-block-hero alignfull\">\n\n    <img loading=\"lazy\" decoding=\"async\" width=\"1476\" height=\"984\" src=\"https:\/\/nyforetagarcentrum.se\/kalmarsund\/wp-content\/uploads\/sites\/26\/2024\/02\/Nyforetagare-seminarium-LOW.jpg\" class=\"attachment-landscape size-landscape\" alt=\"\" srcset=\"https:\/\/nyforetagarcentrum.se\/kalmarsund\/wp-content\/uploads\/sites\/26\/2024\/02\/Nyforetagare-seminarium-LOW.jpg 1476w, https:\/\/nyforetagarcentrum.se\/kalmarsund\/wp-content\/uploads\/sites\/26\/2024\/02\/Nyforetagare-seminarium-LOW-300x200.jpg 300w, https:\/\/nyforetagarcentrum.se\/kalmarsund\/wp-content\/uploads\/sites\/26\/2024\/02\/Nyforetagare-seminarium-LOW-1024x683.jpg 1024w, https:\/\/nyforetagarcentrum.se\/kalmarsund\/wp-content\/uploads\/sites\/26\/2024\/02\/Nyforetagare-seminarium-LOW-768x512.jpg 768w\" sizes=\"(max-width: 1476px) 100vw, 1476px\" \/>\n    <div class=\"contained\">\n        <h1 class=\"nfc-block-hero__heading\">V\u00e5ra samarbetspartners<\/h1>\n\n            <\/div>\n<\/section>\n\n<section  class=\"block-our-partners nfc-block-partners\">\n    <div class=\"contained\">\n            <\/div>\n<\/section>\n\n\n<div style=\"height:50px\" aria-hidden=\"true\" class=\"wp-block-spacer\"><\/div>\n\n\n<section  class=\"nfc-block-breadcrumbs\">\n    <div class=\"wrapper contained\">\n        <ol class=\"breadcrumbs\" itemscope itemtype=\"https:\/\/schema.org\/BreadcrumbList\">\n            <li itemprop=\"itemListElement\" itemscope itemtype=\"https:\/\/schema.org\/ListItem\">\n            \n\n                            <span class=\"current\" itemprop=\"name\">Hem<\/span>\n            \n            <meta itemprop=\"position\" content=\"1\" \/>\n        <\/li>\n    <\/ol>    <\/div>\n<\/section>\n\n\n<div style=\"height:51px\" aria-hidden=\"true\" class=\"wp-block-spacer\"><\/div>\n\n\n<section  class=\"block-our-partners nfc-block-partners\">\n    <div class=\"contained\">\n                                    <div class=\"partner-card\">\n                    <div class=\"logo-wrapper\">\n                        <img decoding=\"async\" src=\"https:\/\/nyforetagarcentrum.se\/kalmarsund\/wp-content\/uploads\/sites\/26\/2024\/05\/logga-17.png\" alt=\"\">\n                    <\/div>\n                    \n                                            <div class=\"h4\"><b>Swedbank<\/b><\/div>\n                                                                <p class=\"description\">Betall\u00f6sningar, finansiering, f\u00f6rs\u00e4kringar och en checklista f\u00f6r ditt nya f\u00f6retag. <\/p>\n                                                                <div class=\"item\"><b>Kontaktperson:<\/b><b>Divna Talevska<\/b><\/div>\n                                                                <div class=\"item\"><b>MAIL:<\/b><b>divna.talevska@swedbank.se <\/b><\/div>\n                                                        <\/div>\n                            <div class=\"partner-card\">\n                    <div class=\"logo-wrapper\">\n                        <img decoding=\"async\" src=\"https:\/\/nyforetagarcentrum.se\/kalmarsund\/wp-content\/uploads\/sites\/26\/2024\/05\/logga-18.png\" alt=\"\">\n                    <\/div>\n                    \n                                            <div class=\"h4\"><b>SEB<\/b><\/div>\n                                                                <p class=\"description\">R\u00e5dgivning med f\u00f6retagspaket och \u201dEnkla Firman\u201d f\u00f6r dig som nyss startat.<\/p>\n                                                                <div class=\"item\"><b>Kontaktperson:<\/b><b>Jonathan Fris\u00e9n<\/b><\/div>\n                                                                <div class=\"item\"><b>MAIL:<\/b><b>jonathan.frisen@seb.se <\/b><\/div>\n                                                        <\/div>\n                            <div class=\"partner-card\">\n                    <div class=\"logo-wrapper\">\n                        <img decoding=\"async\" src=\"https:\/\/nyforetagarcentrum.se\/kalmarsund\/wp-content\/uploads\/sites\/26\/2024\/05\/logga-22.png\" alt=\"\">\n                    <\/div>\n                    \n                                            <div class=\"h4\"><b>Handelsbanken<\/b><\/div>\n                                                                <p class=\"description\">Ekonomisk r\u00e5dgivning f\u00f6r b\u00e5de dig och ditt f\u00f6retag. F\u00e4rdiga f\u00f6retagspaket.<\/p>\n                                                                <div class=\"item\"><b>Kontaktperson:<\/b><b>Maria Malmberg<\/b><\/div>\n                                                                <div class=\"item\"><b>MAIL:<\/b><b>maria.malmberg@handelsbanken.se <\/b><\/div>\n                                                        <\/div>\n                            <div class=\"partner-card\">\n                    <div class=\"logo-wrapper\">\n                        <img decoding=\"async\" src=\"https:\/\/nyforetagarcentrum.se\/kalmarsund\/wp-content\/uploads\/sites\/26\/2024\/05\/contrado_logo_webb.png\" alt=\"\">\n                    <\/div>\n                    \n                                            <div class=\"h4\"><b>Contrado<\/b><\/div>\n                                                                <p class=\"description\">Vi hj\u00e4lper dig att komma ig\u00e5ng med ditt nya f\u00f6retag.<\/p>\n                                                                <div class=\"item\"><b>Kontaktperson:<\/b><b>Ulf Larsson<\/b><\/div>\n                                                                <div class=\"item\"><b>MAIL:<\/b><b>ulf.larsson@contrado.se <\/b><\/div>\n                                                        <\/div>\n                            <div class=\"partner-card\">\n                    <div class=\"logo-wrapper\">\n                        <img decoding=\"async\" src=\"https:\/\/nyforetagarcentrum.se\/kalmarsund\/wp-content\/uploads\/sites\/26\/2024\/05\/logga-13.png\" alt=\"\">\n                    <\/div>\n                    \n                                            <div class=\"h4\"><b>Deloitte<\/b><\/div>\n                                                                <p class=\"description\">Komplett revisionsbyr\u00e5 med bokf\u00f6ring och ekonomisk r\u00e5dgivning.<\/p>\n                                                                <div class=\"item\"><b>Kontaktperson:<\/b><b>Linn Palmgren<\/b><\/div>\n                                                                <div class=\"item\"><b>MAIL:<\/b><b>lpalmgren@deloitte.se <\/b><\/div>\n                                                        <\/div>\n                            <div class=\"partner-card\">\n                    <div class=\"logo-wrapper\">\n                        <img decoding=\"async\" src=\"https:\/\/nyforetagarcentrum.se\/kalmarsund\/wp-content\/uploads\/sites\/26\/2024\/05\/Dina_forsakringar_logga_webb.png\" alt=\"\">\n                    <\/div>\n                    \n                                            <div class=\"h4\"><b>Dina F\u00f6rs\u00e4kringar<\/b><\/div>\n                                                                <p class=\"description\">F\u00f6rs\u00e4kringar f\u00f6r f\u00f6retag \u2013 ditt lokala f\u00f6rs\u00e4kringsbolag.<\/p>\n                                                                <div class=\"item\"><b>Kontaktperson:<\/b><b>Jonathan Lindmark<\/b><\/div>\n                                                                <div class=\"item\"><b>MAIL:<\/b><b>jonathan.lindmark@dina.se <\/b><\/div>\n                                                        <\/div>\n                            <div class=\"partner-card\">\n                    <div class=\"logo-wrapper\">\n                        <img decoding=\"async\" src=\"https:\/\/nyforetagarcentrum.se\/kalmarsund\/wp-content\/uploads\/sites\/26\/2024\/05\/logga-01.png\" alt=\"\">\n                    <\/div>\n                    \n                                            <div class=\"h4\"><b>Barometern<\/b><\/div>\n                                                                <p class=\"description\">Oberoende och seri\u00f6s lokaljournalistik. Dygnet runt.<\/p>\n                                                                <div class=\"item\"><b>Kontaktperson:<\/b><b>Lotten Garnman<\/b><\/div>\n                                                                <div class=\"item\"><b>MAIL:<\/b><b>lotten.garnman@gotamedia.se <\/b><\/div>\n                                                        <\/div>\n                            <div class=\"partner-card\">\n                    <div class=\"logo-wrapper\">\n                        <img decoding=\"async\" src=\"https:\/\/nyforetagarcentrum.se\/kalmarsund\/wp-content\/uploads\/sites\/26\/2024\/05\/SF_logga_webb.png\" alt=\"\">\n                    <\/div>\n                    \n                                            <div class=\"h4\"><b>Svensk Fastighetsf\u00f6rmedling<\/b><\/div>\n                                                                <p class=\"description\">Lokal och personlig hj\u00e4lp f\u00f6r att hitta bost\u00e4der och kommersiella fastigheter.<\/p>\n                                                                <div class=\"item\"><b>Kontaktperson:<\/b><b>Elin Taube<\/b><\/div>\n                                                                <div class=\"item\"><b>MAIL:<\/b><b>elin.taube@svenskfast.se <\/b><\/div>\n                                                        <\/div>\n                            <div class=\"partner-card\">\n                    <div class=\"logo-wrapper\">\n                        <img decoding=\"async\" src=\"https:\/\/nyforetagarcentrum.se\/kalmarsund\/wp-content\/uploads\/sites\/26\/2024\/05\/smalandskabil_logo_webb.png\" alt=\"\">\n                    <\/div>\n                    \n                                            <div class=\"h4\"><b>Sm\u00e5l\u00e4ndska Bil<\/b><\/div>\n                                                                <p class=\"description\">Har bilen f\u00f6r dig b\u00e5de privat och i f\u00f6retaget \u2013 transportbilar eller tj\u00e4nstebilar.\r\n<\/p>\n                                                                <div class=\"item\"><b>Kontaktperson:<\/b><b>Magnus Rydberg<\/b><\/div>\n                                                                <div class=\"item\"><b>MAIL:<\/b><b>magnus.rydberg@smalandskabil.se <\/b><\/div>\n                                                        <\/div>\n                            <div class=\"partner-card\">\n                    <div class=\"logo-wrapper\">\n                        <img decoding=\"async\" src=\"https:\/\/nyforetagarcentrum.se\/kalmarsund\/wp-content\/uploads\/sites\/26\/2024\/05\/logga-12.png\" alt=\"\">\n                    <\/div>\n                    \n                                            <div class=\"h4\"><b>Kalmar Energi<\/b><\/div>\n                                                                <p class=\"description\">Enkel och h\u00e5llbar energi i Kalmarregionen. F\u00f6r ett mer h\u00e5llbart f\u00f6retagande.<\/p>\n                                                                <div class=\"item\"><b>Kontaktperson:<\/b><b>Anna Karlsson<\/b><\/div>\n                                                                <div class=\"item\"><b>MAIL:<\/b><b>anna.karlsson@kalmarenergi.se <\/b><\/div>\n                                                        <\/div>\n                            <div class=\"partner-card\">\n                    <div class=\"logo-wrapper\">\n                        <img decoding=\"async\" src=\"https:\/\/nyforetagarcentrum.se\/kalmarsund\/wp-content\/uploads\/sites\/26\/2024\/05\/logga-07.png\" alt=\"\">\n                    <\/div>\n                    \n                                            <div class=\"h4\"><b>Calmar Stadshotell<\/b><\/div>\n                                                                <p class=\"description\">M\u00f6tesplats f\u00f6r upp till 200 personer med hotell, restaurang och festv\u00e5ning mitt i Kalmar.<\/p>\n                                                                <div class=\"item\"><b>Kontaktperson:<\/b><b>Mats Wolf<\/b><\/div>\n                                                                <div class=\"item\"><b>MAIL:<\/b><b>mats.wolf@profilhotels.se <\/b><\/div>\n                                                        <\/div>\n                            <div class=\"partner-card\">\n                    <div class=\"logo-wrapper\">\n                        <img decoding=\"async\" src=\"https:\/\/nyforetagarcentrum.se\/kalmarsund\/wp-content\/uploads\/sites\/26\/2024\/05\/logga-21.png\" alt=\"\">\n                    <\/div>\n                    \n                                            <div class=\"h4\"><b>Kalmar kommun<\/b><\/div>\n                                                                                    <div class=\"item\"><b>Kontaktperson:<\/b><b>Per Ekman<\/b><\/div>\n                                                                <div class=\"item\"><b>MAIL:<\/b><b>per.ekman@kalmar.se <\/b><\/div>\n                                                        <\/div>\n                            <div class=\"partner-card\">\n                    <div class=\"logo-wrapper\">\n                        <img decoding=\"async\" src=\"https:\/\/nyforetagarcentrum.se\/kalmarsund\/wp-content\/uploads\/sites\/26\/2024\/05\/logga-09.png\" alt=\"\">\n                    <\/div>\n                    \n                                            <div class=\"h4\"><b>Nybro kommun<\/b><\/div>\n                                                                                    <div class=\"item\"><b>Kontaktperson:<\/b><b>Maria Faltin<\/b><\/div>\n                                                                <div class=\"item\"><b>MAIL:<\/b><b>maria.faltin@nybro.se <\/b><\/div>\n                                                        <\/div>\n                            <div class=\"partner-card\">\n                    <div class=\"logo-wrapper\">\n                        <img decoding=\"async\" src=\"https:\/\/nyforetagarcentrum.se\/kalmarsund\/wp-content\/uploads\/sites\/26\/2024\/05\/logga-14.png\" alt=\"\">\n                    <\/div>\n                    \n                                            <div class=\"h4\"><b>Emmaboda kommun<\/b><\/div>\n                                                                                    <div class=\"item\"><b>Kontaktperson:<\/b><b>Roger Steen<\/b><\/div>\n                                                                <div class=\"item\"><b>MAIL:<\/b><b>roger.steen@emmaboda.se <\/b><\/div>\n                                                        <\/div>\n                            <div class=\"partner-card\">\n                    <div class=\"logo-wrapper\">\n                        <img decoding=\"async\" src=\"https:\/\/nyforetagarcentrum.se\/kalmarsund\/wp-content\/uploads\/sites\/26\/2024\/05\/logga-05.png\" alt=\"\">\n                    <\/div>\n                    \n                                            <div class=\"h4\"><b>Tors\u00e5s kommun<\/b><\/div>\n                                                                                    <div class=\"item\"><b>Kontaktperson:<\/b><b>Annika Persson-\u00c5berg<\/b><\/div>\n                                                                <div class=\"item\"><b>MAIL:<\/b><b>annika.persson-aberg@torsas.se <\/b><\/div>\n                                                        <\/div>\n                            <div class=\"partner-card\">\n                    <div class=\"logo-wrapper\">\n                        <img decoding=\"async\" src=\"https:\/\/nyforetagarcentrum.se\/kalmarsund\/wp-content\/uploads\/sites\/26\/2024\/05\/logga-10.png\" alt=\"\">\n                    <\/div>\n                    \n                                            <div class=\"h4\"><b>M\u00f6rbyl\u00e5nga kommun<\/b><\/div>\n                                                                                    <div class=\"item\"><b>Kontaktperson:<\/b><b>Peter Marklund<\/b><\/div>\n                                                                <div class=\"item\"><b>MAIL:<\/b><b>Peter.Marklund@morbylanga.se <\/b><\/div>\n                                                        <\/div>\n                            <div class=\"partner-card\">\n                    <div class=\"logo-wrapper\">\n                        <img decoding=\"async\" src=\"https:\/\/nyforetagarcentrum.se\/kalmarsund\/wp-content\/uploads\/sites\/26\/2024\/05\/logga-03.png\" alt=\"\">\n                    <\/div>\n                    \n                                            <div class=\"h4\"><b>Borgholm kommun<\/b><\/div>\n                                                                                    <div class=\"item\"><b>Kontaktperson:<\/b><b>Ulrika Melin<\/b><\/div>\n                                                                <div class=\"item\"><b>MAIL:<\/b><b>ulrika.melinwahlin@borgholm.se <\/b><\/div>\n                                                        <\/div>\n                        <\/div>\n<\/section>\n\n\n<div style=\"height:80px\" aria-hidden=\"true\" class=\"wp-block-spacer\"><\/div>\n","protected":false},"excerpt":{"rendered":"","protected":false},"author":1,"featured_media":0,"parent":0,"menu_order":0,"comment_status":"closed","ping_status":"closed","template":"","meta":{"footnotes":""},"acf":[],"yoast_head":"<!-- This site is optimized with the Yoast SEO plugin v22.9 - https:\/\/yoast.com\/wordpress\/plugins\/seo\/ -->\n<title>V\u00e5ra samarbetspartners - Kalmarsund<\/title>\n<meta name=\"robots\" content=\"index, follow, max-snippet:-1, max-image-preview:large, max-video-preview:-1\" \/>\n<link rel=\"canonical\" href=\"https:\/\/nyforetagarcentrum.se\/kalmarsund\/vara-samarbetspartners\/\" \/>\n<meta property=\"og:locale\" content=\"sv_SE\" \/>\n<meta property=\"og:type\" content=\"article\" \/>\n<meta property=\"og:title\" content=\"V\u00e5ra samarbetspartners - Kalmarsund\" \/>\n<meta property=\"og:url\" content=\"https:\/\/nyforetagarcentrum.se\/kalmarsund\/vara-samarbetspartners\/\" \/>\n<meta property=\"og:site_name\" content=\"Kalmarsund\" \/>\n<meta property=\"article:modified_time\" content=\"2024-05-08T13:30:54+00:00\" \/>\n<meta name=\"twitter:card\" content=\"summary_large_image\" \/>\n<script type=\"application\/ld+json\" class=\"yoast-schema-graph\">{\"@context\":\"https:\/\/schema.org\",\"@graph\":[{\"@type\":\"WebPage\",\"@id\":\"https:\/\/nyforetagarcentrum.se\/kalmarsund\/vara-samarbetspartners\/\",\"url\":\"https:\/\/nyforetagarcentrum.se\/kalmarsund\/vara-samarbetspartners\/\",\"name\":\"V\u00e5ra samarbetspartners - Kalmarsund\",\"isPartOf\":{\"@id\":\"https:\/\/nyforetagarcentrum.se\/kalmarsund\/#website\"},\"datePublished\":\"2024-02-22T09:24:51+00:00\",\"dateModified\":\"2024-05-08T13:30:54+00:00\",\"breadcrumb\":{\"@id\":\"https:\/\/nyforetagarcentrum.se\/kalmarsund\/vara-samarbetspartners\/#breadcrumb\"},\"inLanguage\":\"sv-SE\",\"potentialAction\":[{\"@type\":\"ReadAction\",\"target\":[\"https:\/\/nyforetagarcentrum.se\/kalmarsund\/vara-samarbetspartners\/\"]}]},{\"@type\":\"BreadcrumbList\",\"@id\":\"https:\/\/nyforetagarcentrum.se\/kalmarsund\/vara-samarbetspartners\/#breadcrumb\",\"itemListElement\":[{\"@type\":\"ListItem\",\"position\":1,\"name\":\"Hem\",\"item\":\"https:\/\/nyforetagarcentrum.se\/kalmarsund\/\"},{\"@type\":\"ListItem\",\"position\":2,\"name\":\"V\u00e5ra samarbetspartners\"}]},{\"@type\":\"WebSite\",\"@id\":\"https:\/\/nyforetagarcentrum.se\/kalmarsund\/#website\",\"url\":\"https:\/\/nyforetagarcentrum.se\/kalmarsund\/\",\"name\":\"Kalmarsund\",\"description\":\"Sveriges ledande kraft f\u00f6r fler nya livskraftiga f\u00f6retag\",\"publisher\":{\"@id\":\"https:\/\/nyforetagarcentrum.se\/kalmarsund\/#organization\"},\"potentialAction\":[{\"@type\":\"SearchAction\",\"target\":{\"@type\":\"EntryPoint\",\"urlTemplate\":\"https:\/\/nyforetagarcentrum.se\/kalmarsund\/?s={search_term_string}\"},\"query-input\":\"required name=search_term_string\"}],\"inLanguage\":\"sv-SE\"},{\"@type\":\"Organization\",\"@id\":\"https:\/\/nyforetagarcentrum.se\/kalmarsund\/#organization\",\"name\":\"Kalmarsund\",\"url\":\"https:\/\/nyforetagarcentrum.se\/kalmarsund\/\",\"logo\":{\"@type\":\"ImageObject\",\"inLanguage\":\"sv-SE\",\"@id\":\"https:\/\/nyforetagarcentrum.se\/kalmarsund\/#\/schema\/logo\/image\/\",\"url\":\"https:\/\/nyforetagarcentrum.se\/kalmarsund\/wp-content\/uploads\/sites\/26\/2024\/04\/Kalmarsund.png\",\"contentUrl\":\"https:\/\/nyforetagarcentrum.se\/kalmarsund\/wp-content\/uploads\/sites\/26\/2024\/04\/Kalmarsund.png\",\"width\":1082,\"height\":542,\"caption\":\"Kalmarsund\"},\"image\":{\"@id\":\"https:\/\/nyforetagarcentrum.se\/kalmarsund\/#\/schema\/logo\/image\/\"}}]}<\/script>\n<!-- \/ Yoast SEO plugin. -->","yoast_head_json":{"title":"V\u00e5ra samarbetspartners - Kalmarsund","robots":{"index":"index","follow":"follow","max-snippet":"max-snippet:-1","max-image-preview":"max-image-preview:large","max-video-preview":"max-video-preview:-1"},"canonical":"https:\/\/nyforetagarcentrum.se\/kalmarsund\/vara-samarbetspartners\/","og_locale":"sv_SE","og_type":"article","og_title":"V\u00e5ra samarbetspartners - Kalmarsund","og_url":"https:\/\/nyforetagarcentrum.se\/kalmarsund\/vara-samarbetspartners\/","og_site_name":"Kalmarsund","article_modified_time":"2024-05-08T13:30:54+00:00","twitter_card":"summary_large_image","schema":{"@context":"https:\/\/schema.org","@graph":[{"@type":"WebPage","@id":"https:\/\/nyforetagarcentrum.se\/kalmarsund\/vara-samarbetspartners\/","url":"https:\/\/nyforetagarcentrum.se\/kalmarsund\/vara-samarbetspartners\/","name":"V\u00e5ra samarbetspartners - Kalmarsund","isPartOf":{"@id":"https:\/\/nyforetagarcentrum.se\/kalmarsund\/#website"},"datePublished":"2024-02-22T09:24:51+00:00","dateModified":"2024-05-08T13:30:54+00:00","breadcrumb":{"@id":"https:\/\/nyforetagarcentrum.se\/kalmarsund\/vara-samarbetspartners\/#breadcrumb"},"inLanguage":"sv-SE","potentialAction":[{"@type":"ReadAction","target":["https:\/\/nyforetagarcentrum.se\/kalmarsund\/vara-samarbetspartners\/"]}]},{"@type":"BreadcrumbList","@id":"https:\/\/nyforetagarcentrum.se\/kalmarsund\/vara-samarbetspartners\/#breadcrumb","itemListElement":[{"@type":"ListItem","position":1,"name":"Hem","item":"https:\/\/nyforetagarcentrum.se\/kalmarsund\/"},{"@type":"ListItem","position":2,"name":"V\u00e5ra samarbetspartners"}]},{"@type":"WebSite","@id":"https:\/\/nyforetagarcentrum.se\/kalmarsund\/#website","url":"https:\/\/nyforetagarcentrum.se\/kalmarsund\/","name":"Kalmarsund","description":"Sveriges ledande kraft f\u00f6r fler nya livskraftiga f\u00f6retag","publisher":{"@id":"https:\/\/nyforetagarcentrum.se\/kalmarsund\/#organization"},"potentialAction":[{"@type":"SearchAction","target":{"@type":"EntryPoint","urlTemplate":"https:\/\/nyforetagarcentrum.se\/kalmarsund\/?s={search_term_string}"},"query-input":"required name=search_term_string"}],"inLanguage":"sv-SE"},{"@type":"Organization","@id":"https:\/\/nyforetagarcentrum.se\/kalmarsund\/#organization","name":"Kalmarsund","url":"https:\/\/nyforetagarcentrum.se\/kalmarsund\/","logo":{"@type":"ImageObject","inLanguage":"sv-SE","@id":"https:\/\/nyforetagarcentrum.se\/kalmarsund\/#\/schema\/logo\/image\/","url":"https:\/\/nyforetagarcentrum.se\/kalmarsund\/wp-content\/uploads\/sites\/26\/2024\/04\/Kalmarsund.png","contentUrl":"https:\/\/nyforetagarcentrum.se\/kalmarsund\/wp-content\/uploads\/sites\/26\/2024\/04\/Kalmarsund.png","width":1082,"height":542,"caption":"Kalmarsund"},"image":{"@id":"https:\/\/nyforetagarcentrum.se\/kalmarsund\/#\/schema\/logo\/image\/"}}]}},"_links":{"self":[{"href":"https:\/\/nyforetagarcentrum.se\/kalmarsund\/wp-json\/wp\/v2\/pages\/41"}],"collection":[{"href":"https:\/\/nyforetagarcentrum.se\/kalmarsund\/wp-json\/wp\/v2\/pages"}],"about":[{"href":"https:\/\/nyforetagarcentrum.se\/kalmarsund\/wp-json\/wp\/v2\/types\/page"}],"author":[{"embeddable":true,"href":"https:\/\/nyforetagarcentrum.se\/kalmarsund\/wp-json\/wp\/v2\/users\/1"}],"replies":[{"embeddable":true,"href":"https:\/\/nyforetagarcentrum.se\/kalmarsund\/wp-json\/wp\/v2\/comments?post=41"}],"version-history":[{"count":18,"href":"https:\/\/nyforetagarcentrum.se\/kalmarsund\/wp-json\/wp\/v2\/pages\/41\/revisions"}],"predecessor-version":[{"id":468,"href":"https:\/\/nyforetagarcentrum.se\/kalmarsund\/wp-json\/wp\/v2\/pages\/41\/revisions\/468"}],"wp:attachment":[{"href":"https:\/\/nyforetagarcentrum.se\/kalmarsund\/wp-json\/wp\/v2\/media?parent=41"}],"curies":[{"name":"wp","href":"https:\/\/api.w.org\/{rel}","templated":true}]}}