{"id":161,"date":"2024-02-27T16:04:37","date_gmt":"2024-02-27T15:04:37","guid":{"rendered":"https:\/\/nyforetagarcentrum.se\/kalmarsund\/?page_id=161"},"modified":"2025-04-30T10:24:41","modified_gmt":"2025-04-30T08:24:41","slug":"om-oss","status":"publish","type":"page","link":"https:\/\/nyforetagarcentrum.se\/kalmarsund\/om-oss\/","title":{"rendered":"Om oss"},"content":{"rendered":"<section  class=\"nfc-block-hero alignfull\">\n\n    <img loading=\"lazy\" decoding=\"async\" width=\"714\" height=\"622\" src=\"https:\/\/nyforetagarcentrum.se\/kalmarsund\/wp-content\/uploads\/sites\/26\/2024\/02\/ySLeov8m_8.png\" class=\"attachment-landscape size-landscape\" alt=\"\" srcset=\"https:\/\/nyforetagarcentrum.se\/kalmarsund\/wp-content\/uploads\/sites\/26\/2024\/02\/ySLeov8m_8.png 714w, https:\/\/nyforetagarcentrum.se\/kalmarsund\/wp-content\/uploads\/sites\/26\/2024\/02\/ySLeov8m_8-300x261.png 300w\" sizes=\"(max-width: 714px) 100vw, 714px\" \/>\n    <div class=\"contained\">\n        <h1 class=\"nfc-block-hero__heading\">Om oss<\/h1>\n\n            <\/div>\n<\/section>\n\n\n<div style=\"height:50px\" aria-hidden=\"true\" class=\"wp-block-spacer\"><\/div>\n\n\n<section  class=\"nfc-block-breadcrumbs\">\n    <div class=\"wrapper contained\">\n        <ol class=\"breadcrumbs\" itemscope itemtype=\"https:\/\/schema.org\/BreadcrumbList\">\n            <li itemprop=\"itemListElement\" itemscope itemtype=\"https:\/\/schema.org\/ListItem\">\n            \n\n                            <span class=\"current\" itemprop=\"name\">Hem<\/span>\n            \n            <meta itemprop=\"position\" content=\"1\" \/>\n        <\/li>\n    <\/ol>    <\/div>\n<\/section>\n\n\n<div style=\"height:51px\" aria-hidden=\"true\" class=\"wp-block-spacer\"><\/div>\n\n\n<section  class=\"nfc-block-split_screen alignwide image_alignment-left\">\n    <div class=\"wrapper\">\n        <div class=\"nfc-block-split_screen__image-wrapper\">\n            <img loading=\"lazy\" decoding=\"async\" width=\"1475\" height=\"1080\" src=\"https:\/\/nyforetagarcentrum.se\/kalmarsund\/wp-content\/uploads\/sites\/26\/2024\/02\/Nyforetagare-natverk-grupp-LOW.jpg\" class=\"attachment-landscape size-landscape\" alt=\"\" srcset=\"https:\/\/nyforetagarcentrum.se\/kalmarsund\/wp-content\/uploads\/sites\/26\/2024\/02\/Nyforetagare-natverk-grupp-LOW.jpg 1476w, https:\/\/nyforetagarcentrum.se\/kalmarsund\/wp-content\/uploads\/sites\/26\/2024\/02\/Nyforetagare-natverk-grupp-LOW-300x220.jpg 300w, https:\/\/nyforetagarcentrum.se\/kalmarsund\/wp-content\/uploads\/sites\/26\/2024\/02\/Nyforetagare-natverk-grupp-LOW-1024x750.jpg 1024w, https:\/\/nyforetagarcentrum.se\/kalmarsund\/wp-content\/uploads\/sites\/26\/2024\/02\/Nyforetagare-natverk-grupp-LOW-768x562.jpg 768w\" sizes=\"(max-width: 1475px) 100vw, 1475px\" \/>        <\/div>\n\n        <div class=\"nfc-block-split_screen__content-wrapper\">\n            <h2>V\u00e5r verksamhet<\/h2>\n<p>Har du en aff\u00e4rsid\u00e9 och funderar p\u00e5 att starta eget? Hos oss f\u00e5r du kostnadsfri information och r\u00e5dgivning kring vad du beh\u00f6ver t\u00e4nka p\u00e5 n\u00e4r du startar ditt f\u00f6retag. Vi driver Kalmarsund Nyf\u00f6retagarCentrum i samverkan med Borgholm, Emmaboda, Kalmar, M\u00f6rbyl\u00e5nga, Nybro och Tors\u00e5s kommun.<\/p>\n<p><strong>Kostnadsfritt f\u00f6r alla<br \/>\n<\/strong>Vi erbjuder v\u00e5ra starta eget tj\u00e4nster kostnadsfritt till alla som funderar p\u00e5 eller nyligen startat ett f\u00f6retag. Inget medlemskap kr\u00e4vs.<\/p>\n<p><strong>Utifr\u00e5n dina behov<br \/>\n<\/strong>V\u00e5r r\u00e5dgivning \u00e4r individuell och anpassas efter vad just du beh\u00f6ver f\u00f6r st\u00f6d f\u00f6r att starta f\u00f6retag.<\/p>\n<p><strong>Objektivt<br \/>\n<\/strong>Vi \u00e4r inte bundna till n\u00e5gon organisation eller f\u00f6retag utan \u00e4r fria att ge dig r\u00e5d utifr\u00e5n vad som passar din situation b\u00e4st.<\/p>\n<div id=\"comp-kk9lsgp5\" class=\"MazNVa comp-kk9lsgp5 wixui-image\">\n<p class=\"j7pOnl\" data-testid=\"linkElement\">\n<\/div>\n<p id=\"comp-kk9lsgp1\" class=\"HcOXKn SxM0TO QxJLC3 comp-kk9lsgp1 wixui-rich-text\" data-testid=\"richTextElement\" data-angle=\"0\" data-angle-style-location=\"style\" data-screen-in-hide=\"done\">\n<div id=\"comp-kk9lsgpi\" class=\"comp-kk9lsgpi SPY_vo\">\n<div class=\"\" data-mesh-id=\"comp-kk9lsgpiinlineContent\" data-testid=\"inline-content\">\n<div data-mesh-id=\"comp-kk9lsgpiinlineContent-gridContainer\" data-testid=\"mesh-container-content\">\n<div id=\"comp-kk9lsgpk2\" class=\"HcOXKn SxM0TO QxJLC3 comp-kk9lsgpk2 wixui-rich-text\" data-testid=\"richTextElement\" data-angle=\"0\" data-angle-style-location=\"style\" data-screen-in-hide=\"done\">\n<p class=\"font_7 wixui-rich-text__text\">\n<\/div>\n<\/div>\n<\/div>\n<\/div>\n\n                            <div class=\"nfc-block-split_screen__buttons\">\n                                            <a href=\"vara-samarbetspartners\/\" class=\"button outlined\">V\u00e5ra samarbetspartners<\/a>\n                                    <\/div>\n            \n        <\/div>\n    <\/div>\n<\/section>\n\n\n<div style=\"height:50px\" aria-hidden=\"true\" class=\"wp-block-spacer\"><\/div>\n\n\n\n<div class=\"wp-block-group alignfull has-white-background-color has-background is-layout-constrained wp-block-group-is-layout-constrained\">\n<div style=\"height:51px\" aria-hidden=\"true\" class=\"wp-block-spacer\"><\/div>\n\n\n<section  class=\"nfc-block-quote contained alignfull\">\n    <div class=\"wrapper contained\">\n        <p class=\"quote h2\"><\/p>\n        <div class=\"author\">\n            <div class=\"avatar\">\n                <img loading=\"lazy\" decoding=\"async\" width=\"150\" height=\"150\" src=\"https:\/\/nyforetagarcentrum.se\/kalmarsund\/wp-content\/uploads\/sites\/26\/2024\/02\/cropped-NFC_CMYK_2010_logo-150x150.png\" class=\"attachment-thumbnail size-thumbnail\" alt=\"\" srcset=\"https:\/\/nyforetagarcentrum.se\/kalmarsund\/wp-content\/uploads\/sites\/26\/2024\/02\/cropped-NFC_CMYK_2010_logo-150x150.png 150w, https:\/\/nyforetagarcentrum.se\/kalmarsund\/wp-content\/uploads\/sites\/26\/2024\/02\/cropped-NFC_CMYK_2010_logo-300x300.png 300w, https:\/\/nyforetagarcentrum.se\/kalmarsund\/wp-content\/uploads\/sites\/26\/2024\/02\/cropped-NFC_CMYK_2010_logo.png 512w\" sizes=\"(max-width: 150px) 100vw, 150px\" \/>            <\/div>\n            <div class=\"text\">\n                <p class=\"name\">Nyf\u00f6retagarcentrum Kalmarsund<\/p>\n                <p class=\"subtitle\">Siffror fr\u00e5n verksamheten 2024<\/p>\n            <\/div>\n        <\/div>\n    <\/div>\n<\/section>\n\n\n<div style=\"height:51px\" aria-hidden=\"true\" class=\"wp-block-spacer\"><\/div>\n\n\n\n<div class=\"wp-block-columns alignwide is-layout-flex wp-container-core-columns-is-layout-1 wp-block-columns-is-layout-flex\">\n<div class=\"wp-block-column is-layout-flow wp-block-column-is-layout-flow\">\n<p class=\"no-margin\" style=\"font-size:100px;font-style:normal;font-weight:700\">104<\/p>\n\n\n\n<p class=\"has-text-color has-link-color wp-elements-00d048a59d966a16b1761533d920ffc4\" style=\"color:#4d4d4d\">F\u00f6rra \u00e5ret hj\u00e4lpte vi 104 st nyf\u00f6retagare med personlig r\u00e5dgivning.  <\/p>\n<\/div>\n\n\n\n<div class=\"wp-block-column is-layout-flow wp-block-column-is-layout-flow\">\n<p class=\"no-margin\" style=\"font-size:100px;font-style:normal;font-weight:700\">58,1%<\/p>\n\n\n\n<p class=\"has-text-color has-link-color wp-elements-c16ae156a524db5ca1a5a5dc17ccea50\" style=\"color:#4d4d4d\">F\u00f6rra \u00e5ret var 58,1 % av de nyf\u00f6retagare vi hj\u00e4lpte kvinnor. <\/p>\n<\/div>\n\n\n\n<div class=\"wp-block-column is-layout-flow wp-block-column-is-layout-flow\">\n<p class=\"no-margin\" style=\"font-size:100px;font-style:normal;font-weight:700\">43<\/p>\n\n\n\n<p class=\"has-text-color has-link-color wp-elements-2a95f73fbf9585cd6f858ceaf5c02c72\" style=\"color:#4d4d4d\">F\u00f6rra \u00e5ret startades 56 nya f\u00f6retag i Kalmarsund med hj\u00e4lp av Nyf\u00f6retagarCentrum.  <\/p>\n<\/div>\n<\/div>\n\n\n\n<div style=\"height:51px\" aria-hidden=\"true\" class=\"wp-block-spacer\"><\/div>\n<\/div>\n\n\n\n<div style=\"height:50px\" aria-hidden=\"true\" class=\"wp-block-spacer\"><\/div>\n\n\n\n<h2 class=\"wp-block-heading has-text-align-center\">\u00c4r ditt f\u00f6retag eller organisation intresserad av att st\u00f6da Nyf\u00f6retagarCentrum Kalmarsunds arbete?<\/h2>\n\n\n\n<div class=\"wp-block-group alignfull is-layout-constrained wp-block-group-is-layout-constrained\"><section  class=\"nfc-block-form aligncontent layout-small\">\n    <div class=\"contained\">\n\n        <form data-nfc-form=\"block_fa563e3f32c4b501682a537e77f14da3\" data-nfc-page=\"161\">\n            <label class=\"input-wrapper\" for=\"namn\">\n    <span>Namn<\/span>\n    <input type=\"text\" name=\"namn\" id=\"namn\" placeholder=\"\" >\n<\/label><label class=\"input-wrapper\" for=\"foretag-eller-organisation\">\n    <span>F\u00f6retag eller organisation<\/span>\n    <input type=\"text\" name=\"foretag-eller-organisation\" id=\"foretag-eller-organisation\" placeholder=\"\" >\n<\/label><label class=\"input-wrapper\" for=\"e-post\">\n    <span>E-post<\/span>\n    <input type=\"text\" name=\"e-post\" id=\"e-post\" placeholder=\"\" >\n<\/label>\n            <div class=\"input-wrapper\">\n                <button type=\"submit\" class=\"button\">Skicka<\/button>\n            <\/div>\n        <\/form>\n    <\/div>\n<\/section><\/div>\n\n\n\n<div style=\"height:100px\" aria-hidden=\"true\" class=\"wp-block-spacer\"><\/div>\n","protected":false},"excerpt":{"rendered":"<p>104 F\u00f6rra \u00e5ret hj\u00e4lpte vi 104 st nyf\u00f6retagare med personlig r\u00e5dgivning. 58,1% F\u00f6rra \u00e5ret var 58,1 % av de nyf\u00f6retagare vi hj\u00e4lpte kvinnor. 43 F\u00f6rra \u00e5ret startades 56 nya f\u00f6retag i Kalmarsund med hj\u00e4lp av Nyf\u00f6retagarCentrum. \u00c4r ditt f\u00f6retag eller organisation intresserad av att st\u00f6da Nyf\u00f6retagarCentrum Kalmarsunds arbete?<\/p>\n","protected":false},"author":1,"featured_media":0,"parent":0,"menu_order":0,"comment_status":"closed","ping_status":"closed","template":"","meta":{"footnotes":""},"acf":[],"yoast_head":"<!-- This site is optimized with the Yoast SEO plugin v22.9 - https:\/\/yoast.com\/wordpress\/plugins\/seo\/ -->\n<title>Om oss - Kalmarsund<\/title>\n<meta name=\"robots\" content=\"index, follow, max-snippet:-1, max-image-preview:large, max-video-preview:-1\" \/>\n<link rel=\"canonical\" href=\"https:\/\/nyforetagarcentrum.se\/kalmarsund\/om-oss\/\" \/>\n<meta property=\"og:locale\" content=\"sv_SE\" \/>\n<meta property=\"og:type\" content=\"article\" \/>\n<meta property=\"og:title\" content=\"Om oss - Kalmarsund\" \/>\n<meta property=\"og:description\" content=\"104 F\u00f6rra \u00e5ret hj\u00e4lpte vi 104 st nyf\u00f6retagare med personlig r\u00e5dgivning. 58,1% F\u00f6rra \u00e5ret var 58,1 % av de nyf\u00f6retagare vi hj\u00e4lpte kvinnor. 43 F\u00f6rra \u00e5ret startades 56 nya f\u00f6retag i Kalmarsund med hj\u00e4lp av Nyf\u00f6retagarCentrum. \u00c4r ditt f\u00f6retag eller organisation intresserad av att st\u00f6da Nyf\u00f6retagarCentrum Kalmarsunds arbete?\" \/>\n<meta property=\"og:url\" content=\"https:\/\/nyforetagarcentrum.se\/kalmarsund\/om-oss\/\" \/>\n<meta property=\"og:site_name\" content=\"Kalmarsund\" \/>\n<meta property=\"article:modified_time\" content=\"2025-04-30T08:24:41+00:00\" \/>\n<meta name=\"twitter:card\" content=\"summary_large_image\" \/>\n<meta name=\"twitter:label1\" content=\"Ber\u00e4knad l\u00e4stid\" \/>\n\t<meta name=\"twitter:data1\" content=\"1 minut\" \/>\n<script type=\"application\/ld+json\" class=\"yoast-schema-graph\">{\"@context\":\"https:\/\/schema.org\",\"@graph\":[{\"@type\":\"WebPage\",\"@id\":\"https:\/\/nyforetagarcentrum.se\/kalmarsund\/om-oss\/\",\"url\":\"https:\/\/nyforetagarcentrum.se\/kalmarsund\/om-oss\/\",\"name\":\"Om oss - Kalmarsund\",\"isPartOf\":{\"@id\":\"https:\/\/nyforetagarcentrum.se\/kalmarsund\/#website\"},\"datePublished\":\"2024-02-27T15:04:37+00:00\",\"dateModified\":\"2025-04-30T08:24:41+00:00\",\"breadcrumb\":{\"@id\":\"https:\/\/nyforetagarcentrum.se\/kalmarsund\/om-oss\/#breadcrumb\"},\"inLanguage\":\"sv-SE\",\"potentialAction\":[{\"@type\":\"ReadAction\",\"target\":[\"https:\/\/nyforetagarcentrum.se\/kalmarsund\/om-oss\/\"]}]},{\"@type\":\"BreadcrumbList\",\"@id\":\"https:\/\/nyforetagarcentrum.se\/kalmarsund\/om-oss\/#breadcrumb\",\"itemListElement\":[{\"@type\":\"ListItem\",\"position\":1,\"name\":\"Hem\",\"item\":\"https:\/\/nyforetagarcentrum.se\/kalmarsund\/\"},{\"@type\":\"ListItem\",\"position\":2,\"name\":\"Om oss\"}]},{\"@type\":\"WebSite\",\"@id\":\"https:\/\/nyforetagarcentrum.se\/kalmarsund\/#website\",\"url\":\"https:\/\/nyforetagarcentrum.se\/kalmarsund\/\",\"name\":\"Kalmarsund\",\"description\":\"Sveriges ledande kraft f\u00f6r fler nya livskraftiga f\u00f6retag\",\"publisher\":{\"@id\":\"https:\/\/nyforetagarcentrum.se\/kalmarsund\/#organization\"},\"potentialAction\":[{\"@type\":\"SearchAction\",\"target\":{\"@type\":\"EntryPoint\",\"urlTemplate\":\"https:\/\/nyforetagarcentrum.se\/kalmarsund\/?s={search_term_string}\"},\"query-input\":\"required name=search_term_string\"}],\"inLanguage\":\"sv-SE\"},{\"@type\":\"Organization\",\"@id\":\"https:\/\/nyforetagarcentrum.se\/kalmarsund\/#organization\",\"name\":\"Kalmarsund\",\"url\":\"https:\/\/nyforetagarcentrum.se\/kalmarsund\/\",\"logo\":{\"@type\":\"ImageObject\",\"inLanguage\":\"sv-SE\",\"@id\":\"https:\/\/nyforetagarcentrum.se\/kalmarsund\/#\/schema\/logo\/image\/\",\"url\":\"https:\/\/nyforetagarcentrum.se\/kalmarsund\/wp-content\/uploads\/sites\/26\/2024\/04\/Kalmarsund.png\",\"contentUrl\":\"https:\/\/nyforetagarcentrum.se\/kalmarsund\/wp-content\/uploads\/sites\/26\/2024\/04\/Kalmarsund.png\",\"width\":1082,\"height\":542,\"caption\":\"Kalmarsund\"},\"image\":{\"@id\":\"https:\/\/nyforetagarcentrum.se\/kalmarsund\/#\/schema\/logo\/image\/\"}}]}<\/script>\n<!-- \/ Yoast SEO plugin. -->","yoast_head_json":{"title":"Om oss - Kalmarsund","robots":{"index":"index","follow":"follow","max-snippet":"max-snippet:-1","max-image-preview":"max-image-preview:large","max-video-preview":"max-video-preview:-1"},"canonical":"https:\/\/nyforetagarcentrum.se\/kalmarsund\/om-oss\/","og_locale":"sv_SE","og_type":"article","og_title":"Om oss - Kalmarsund","og_description":"104 F\u00f6rra \u00e5ret hj\u00e4lpte vi 104 st nyf\u00f6retagare med personlig r\u00e5dgivning. 58,1% F\u00f6rra \u00e5ret var 58,1 % av de nyf\u00f6retagare vi hj\u00e4lpte kvinnor. 43 F\u00f6rra \u00e5ret startades 56 nya f\u00f6retag i Kalmarsund med hj\u00e4lp av Nyf\u00f6retagarCentrum. \u00c4r ditt f\u00f6retag eller organisation intresserad av att st\u00f6da Nyf\u00f6retagarCentrum Kalmarsunds arbete?","og_url":"https:\/\/nyforetagarcentrum.se\/kalmarsund\/om-oss\/","og_site_name":"Kalmarsund","article_modified_time":"2025-04-30T08:24:41+00:00","twitter_card":"summary_large_image","twitter_misc":{"Ber\u00e4knad l\u00e4stid":"1 minut"},"schema":{"@context":"https:\/\/schema.org","@graph":[{"@type":"WebPage","@id":"https:\/\/nyforetagarcentrum.se\/kalmarsund\/om-oss\/","url":"https:\/\/nyforetagarcentrum.se\/kalmarsund\/om-oss\/","name":"Om oss - Kalmarsund","isPartOf":{"@id":"https:\/\/nyforetagarcentrum.se\/kalmarsund\/#website"},"datePublished":"2024-02-27T15:04:37+00:00","dateModified":"2025-04-30T08:24:41+00:00","breadcrumb":{"@id":"https:\/\/nyforetagarcentrum.se\/kalmarsund\/om-oss\/#breadcrumb"},"inLanguage":"sv-SE","potentialAction":[{"@type":"ReadAction","target":["https:\/\/nyforetagarcentrum.se\/kalmarsund\/om-oss\/"]}]},{"@type":"BreadcrumbList","@id":"https:\/\/nyforetagarcentrum.se\/kalmarsund\/om-oss\/#breadcrumb","itemListElement":[{"@type":"ListItem","position":1,"name":"Hem","item":"https:\/\/nyforetagarcentrum.se\/kalmarsund\/"},{"@type":"ListItem","position":2,"name":"Om oss"}]},{"@type":"WebSite","@id":"https:\/\/nyforetagarcentrum.se\/kalmarsund\/#website","url":"https:\/\/nyforetagarcentrum.se\/kalmarsund\/","name":"Kalmarsund","description":"Sveriges ledande kraft f\u00f6r fler nya livskraftiga f\u00f6retag","publisher":{"@id":"https:\/\/nyforetagarcentrum.se\/kalmarsund\/#organization"},"potentialAction":[{"@type":"SearchAction","target":{"@type":"EntryPoint","urlTemplate":"https:\/\/nyforetagarcentrum.se\/kalmarsund\/?s={search_term_string}"},"query-input":"required name=search_term_string"}],"inLanguage":"sv-SE"},{"@type":"Organization","@id":"https:\/\/nyforetagarcentrum.se\/kalmarsund\/#organization","name":"Kalmarsund","url":"https:\/\/nyforetagarcentrum.se\/kalmarsund\/","logo":{"@type":"ImageObject","inLanguage":"sv-SE","@id":"https:\/\/nyforetagarcentrum.se\/kalmarsund\/#\/schema\/logo\/image\/","url":"https:\/\/nyforetagarcentrum.se\/kalmarsund\/wp-content\/uploads\/sites\/26\/2024\/04\/Kalmarsund.png","contentUrl":"https:\/\/nyforetagarcentrum.se\/kalmarsund\/wp-content\/uploads\/sites\/26\/2024\/04\/Kalmarsund.png","width":1082,"height":542,"caption":"Kalmarsund"},"image":{"@id":"https:\/\/nyforetagarcentrum.se\/kalmarsund\/#\/schema\/logo\/image\/"}}]}},"_links":{"self":[{"href":"https:\/\/nyforetagarcentrum.se\/kalmarsund\/wp-json\/wp\/v2\/pages\/161"}],"collection":[{"href":"https:\/\/nyforetagarcentrum.se\/kalmarsund\/wp-json\/wp\/v2\/pages"}],"about":[{"href":"https:\/\/nyforetagarcentrum.se\/kalmarsund\/wp-json\/wp\/v2\/types\/page"}],"author":[{"embeddable":true,"href":"https:\/\/nyforetagarcentrum.se\/kalmarsund\/wp-json\/wp\/v2\/users\/1"}],"replies":[{"embeddable":true,"href":"https:\/\/nyforetagarcentrum.se\/kalmarsund\/wp-json\/wp\/v2\/comments?post=161"}],"version-history":[{"count":19,"href":"https:\/\/nyforetagarcentrum.se\/kalmarsund\/wp-json\/wp\/v2\/pages\/161\/revisions"}],"predecessor-version":[{"id":601,"href":"https:\/\/nyforetagarcentrum.se\/kalmarsund\/wp-json\/wp\/v2\/pages\/161\/revisions\/601"}],"wp:attachment":[{"href":"https:\/\/nyforetagarcentrum.se\/kalmarsund\/wp-json\/wp\/v2\/media?parent=161"}],"curies":[{"name":"wp","href":"https:\/\/api.w.org\/{rel}","templated":true}]}}