{"id":48,"date":"2024-02-22T10:29:05","date_gmt":"2024-02-22T09:29:05","guid":{"rendered":"https:\/\/nyforetagarcentrum.se\/jonkoping\/?page_id=48"},"modified":"2025-10-13T15:46:04","modified_gmt":"2025-10-13T13:46:04","slug":"erbjudanden","status":"publish","type":"page","link":"https:\/\/nyforetagarcentrum.se\/jonkoping\/erbjudanden\/","title":{"rendered":"Erbjudanden"},"content":{"rendered":"<section  class=\"nfc-block-hero alignfull\">\n\n    <img loading=\"lazy\" decoding=\"async\" width=\"1620\" height=\"1080\" src=\"https:\/\/nyforetagarcentrum.se\/jonkoping\/wp-content\/uploads\/sites\/52\/2025\/10\/nyforetagarcentrum-2-1620x1080.jpg\" class=\"attachment-landscape size-landscape\" alt=\"\" srcset=\"https:\/\/nyforetagarcentrum.se\/jonkoping\/wp-content\/uploads\/sites\/52\/2025\/10\/nyforetagarcentrum-2-1620x1080.jpg 1620w, https:\/\/nyforetagarcentrum.se\/jonkoping\/wp-content\/uploads\/sites\/52\/2025\/10\/nyforetagarcentrum-2-300x200.jpg 300w, https:\/\/nyforetagarcentrum.se\/jonkoping\/wp-content\/uploads\/sites\/52\/2025\/10\/nyforetagarcentrum-2-1024x683.jpg 1024w, https:\/\/nyforetagarcentrum.se\/jonkoping\/wp-content\/uploads\/sites\/52\/2025\/10\/nyforetagarcentrum-2-768x512.jpg 768w, https:\/\/nyforetagarcentrum.se\/jonkoping\/wp-content\/uploads\/sites\/52\/2025\/10\/nyforetagarcentrum-2-1536x1024.jpg 1536w, https:\/\/nyforetagarcentrum.se\/jonkoping\/wp-content\/uploads\/sites\/52\/2025\/10\/nyforetagarcentrum-2-2048x1365.jpg 2048w\" sizes=\"(max-width: 1620px) 100vw, 1620px\" \/>\n    <div class=\"contained\">\n        <h1 class=\"nfc-block-hero__heading\">V\u00e5ra erbjudanden till dig som \u00e4r f\u00f6retagare<\/h1>\n\n            <\/div>\n<\/section>\n\n\n<div style=\"height:50px\" aria-hidden=\"true\" class=\"wp-block-spacer\"><\/div>\n\n\n<section  class=\"nfc-block-breadcrumbs alignwide\">\n    <div class=\"wrapper contained\">\n        <ol class=\"breadcrumbs\" itemscope itemtype=\"https:\/\/schema.org\/BreadcrumbList\">\n            <li itemprop=\"itemListElement\" itemscope itemtype=\"https:\/\/schema.org\/ListItem\">\n            \n\n                            <span class=\"current\" itemprop=\"name\">Hem<\/span>\n            \n            <meta itemprop=\"position\" content=\"1\" \/>\n        <\/li>\n    <\/ol>    <\/div>\n<\/section>\n\n\n<h2 class=\"wp-block-heading alignwide has-x-large-font-size\">Ta del av exklusiva erbjudanden<\/h2>\n\n\n<section  class=\"nfc-block-offer_grid alignwide layout-small\">\n    <div class=\"contained\">\n\n        <div class=\"filter-row\">\n            \n                            <button id=\"local-offers-button\">\n                    Lokala partners\n                <\/button>\n                <button id=\"national-offers-button\" class=\"outlined\">\n                    Nationella partners\n                <\/button>\n                    <\/div>\n\n        <div class=\"grid\" id=\"offers-grid\">\n            <div class=\"offer-card\">\n\n    <div class=\"gallery-wrapper\">\n                    <div class=\"selected-media\">\n                                    <img loading=\"lazy\" decoding=\"async\" width=\"683\" height=\"1024\" src=\"https:\/\/nyforetagarcentrum.se\/jonkoping\/wp-content\/uploads\/sites\/52\/2024\/02\/074fbd4f185748329fcc0d3630a184b2-720x1080-1-683x1024.png\" class=\"attachment-large size-large\" alt=\"\" srcset=\"https:\/\/nyforetagarcentrum.se\/jonkoping\/wp-content\/uploads\/sites\/52\/2024\/02\/074fbd4f185748329fcc0d3630a184b2-720x1080-1-683x1024.png 683w, https:\/\/nyforetagarcentrum.se\/jonkoping\/wp-content\/uploads\/sites\/52\/2024\/02\/074fbd4f185748329fcc0d3630a184b2-720x1080-1-200x300.png 200w, https:\/\/nyforetagarcentrum.se\/jonkoping\/wp-content\/uploads\/sites\/52\/2024\/02\/074fbd4f185748329fcc0d3630a184b2-720x1080-1.png 720w\" sizes=\"(max-width: 683px) 100vw, 683px\" \/>                            <\/div>\n        \n            <\/div>\n\n\n    <div class=\"content-wrapper\">\n        \n        <h3>Lokala erbjudanden<\/h3>\n\n        \n        <div class=\"content\">\n            <p><img loading=\"lazy\" decoding=\"async\" class=\"alignnone wp-image-2160\" src=\"https:\/\/nyforetagarcentrum.se\/jonkoping\/wp-content\/uploads\/sites\/52\/2025\/12\/JHK_2rad_bla-300x220.png\" alt=\"\" width=\"208\" height=\"153\" srcset=\"https:\/\/nyforetagarcentrum.se\/jonkoping\/wp-content\/uploads\/sites\/52\/2025\/12\/JHK_2rad_bla-300x220.png 300w, https:\/\/nyforetagarcentrum.se\/jonkoping\/wp-content\/uploads\/sites\/52\/2025\/12\/JHK_2rad_bla-1024x750.png 1024w, https:\/\/nyforetagarcentrum.se\/jonkoping\/wp-content\/uploads\/sites\/52\/2025\/12\/JHK_2rad_bla-768x563.png 768w, https:\/\/nyforetagarcentrum.se\/jonkoping\/wp-content\/uploads\/sites\/52\/2025\/12\/JHK_2rad_bla-1536x1125.png 1536w, https:\/\/nyforetagarcentrum.se\/jonkoping\/wp-content\/uploads\/sites\/52\/2025\/12\/JHK_2rad_bla-1474x1080.png 1474w, https:\/\/nyforetagarcentrum.se\/jonkoping\/wp-content\/uploads\/sites\/52\/2025\/12\/JHK_2rad_bla.png 2000w\" sizes=\"(max-width: 208px) 100vw, 208px\" \/><\/p>\n<div class=\"elementToProof\">Handelskammaren \u00e4r en medlemsorganisation f\u00f6r f\u00f6retag i J\u00f6nk\u00f6pings L\u00e4n. H\u00e4r f\u00e5r du tillg\u00e5ng till v\u00e4rdefulla kontakter, aktuell omv\u00e4rldskunskap och m\u00f6jligheter att g\u00f6ra nya aff\u00e4rer. Vi erbjuder dig som f\u00e5tt r\u00e5dgivning p\u00e5 Nyf\u00f6retagarcentrum de senaste 12 m\u00e5naderna:<\/div>\n<div><\/div>\n<div class=\"elementToProof\" role=\"presentation\"><strong>1 \u00e5rs medlemskap i Handelskammaren f\u00f6r 1 000 SEK exkl. moms (v\u00e4rde 4 395 SEK exkl. moms).<\/strong><\/div>\n<div role=\"presentation\"><\/div>\n<div class=\"elementToProof\">I erbjudandet ing\u00e5r tilltr\u00e4de till v\u00e5ra Frukost p\u00e5 kammarn, seminarier till medlemspris och deltagande p\u00e5 v\u00e5ra medlemsm\u00f6ten. H\u00e4r kan du l\u00e4sa mer om Handelskammaren, <a href=\"https:\/\/www.handelskammarenjonkoping.se\/\">https:\/\/www.handelskammarenjonkoping.se\/<\/a><\/div>\n<div id=\"Signature\" class=\"elementToProof\"><\/div>\n<p>&nbsp;<\/p>\n<p><img loading=\"lazy\" decoding=\"async\" class=\"alignnone wp-image-2199\" src=\"https:\/\/nyforetagarcentrum.se\/jonkoping\/wp-content\/uploads\/sites\/52\/2024\/06\/jahareklam-136x300.png\" alt=\"\" width=\"91\" height=\"200\" srcset=\"https:\/\/nyforetagarcentrum.se\/jonkoping\/wp-content\/uploads\/sites\/52\/2024\/06\/jahareklam-136x300.png 136w, https:\/\/nyforetagarcentrum.se\/jonkoping\/wp-content\/uploads\/sites\/52\/2024\/06\/jahareklam-463x1024.png 463w, https:\/\/nyforetagarcentrum.se\/jonkoping\/wp-content\/uploads\/sites\/52\/2024\/06\/jahareklam-488x1080.png 488w, https:\/\/nyforetagarcentrum.se\/jonkoping\/wp-content\/uploads\/sites\/52\/2024\/06\/jahareklam.png 659w\" sizes=\"(max-width: 91px) 100vw, 91px\" \/><\/p>\n<p><strong>-30%<\/strong> p\u00e5 f\u00f6rsta ordern! <a href=\"http:\/\/www.jahareklam.se\">www.jahareklam.se<\/a><\/p>\n<p>&nbsp;<\/p>\n<p><img loading=\"lazy\" decoding=\"async\" class=\"alignnone wp-image-1516\" src=\"https:\/\/nyforetagarcentrum.se\/jonkoping\/wp-content\/uploads\/sites\/52\/2024\/06\/ModerskeppetRaket-300x69.png\" alt=\"\" width=\"235\" height=\"54\" srcset=\"https:\/\/nyforetagarcentrum.se\/jonkoping\/wp-content\/uploads\/sites\/52\/2024\/06\/ModerskeppetRaket-300x69.png 300w, https:\/\/nyforetagarcentrum.se\/jonkoping\/wp-content\/uploads\/sites\/52\/2024\/06\/ModerskeppetRaket-1024x236.png 1024w, https:\/\/nyforetagarcentrum.se\/jonkoping\/wp-content\/uploads\/sites\/52\/2024\/06\/ModerskeppetRaket-768x177.png 768w, https:\/\/nyforetagarcentrum.se\/jonkoping\/wp-content\/uploads\/sites\/52\/2024\/06\/ModerskeppetRaket-1536x354.png 1536w, https:\/\/nyforetagarcentrum.se\/jonkoping\/wp-content\/uploads\/sites\/52\/2024\/06\/ModerskeppetRaket.png 1637w\" sizes=\"(max-width: 235px) 100vw, 235px\" \/><\/p>\n<p>Hos Moderskeppet f\u00e5r du specialpris f\u00f6rsta \u00e5ret via l\u00e4nken <a href=\"https:\/\/moderskeppet.se\/kampanj\/nyforetagarcentrum-jonkoping\/\">https:\/\/moderskeppet.se\/kampanj\/nyforetagarcentrum-jonkoping\/<\/a><\/p>\n<p>&nbsp;<\/p>\n<p><img loading=\"lazy\" decoding=\"async\" class=\"alignnone wp-image-1514\" src=\"https:\/\/nyforetagarcentrum.se\/jonkoping\/wp-content\/uploads\/sites\/52\/2024\/06\/visma-logo-300x73.jpeg\" alt=\"\" width=\"193\" height=\"47\" srcset=\"https:\/\/nyforetagarcentrum.se\/jonkoping\/wp-content\/uploads\/sites\/52\/2024\/06\/visma-logo-300x73.jpeg 300w, https:\/\/nyforetagarcentrum.se\/jonkoping\/wp-content\/uploads\/sites\/52\/2024\/06\/visma-logo.jpeg 488w\" sizes=\"(max-width: 193px) 100vw, 193px\" \/> <img loading=\"lazy\" decoding=\"async\" class=\"alignnone wp-image-1515\" src=\"https:\/\/nyforetagarcentrum.se\/jonkoping\/wp-content\/uploads\/sites\/52\/2024\/06\/Fortnox-logo-e1725024052963-300x72.jpeg\" alt=\"\" width=\"216\" height=\"52\" srcset=\"https:\/\/nyforetagarcentrum.se\/jonkoping\/wp-content\/uploads\/sites\/52\/2024\/06\/Fortnox-logo-e1725024052963-300x72.jpeg 300w, https:\/\/nyforetagarcentrum.se\/jonkoping\/wp-content\/uploads\/sites\/52\/2024\/06\/Fortnox-logo-e1725024052963.jpeg 474w\" sizes=\"(max-width: 216px) 100vw, 216px\" \/><\/p>\n<p>B\u00e5de Visma och Fortnox erbjuder en kostnadsfri period, prata med din r\u00e5dgivare om detta.<\/p>\n<p>&nbsp;<\/p>\n<p><img loading=\"lazy\" decoding=\"async\" class=\"alignnone wp-image-1538 size-medium\" src=\"https:\/\/nyforetagarcentrum.se\/jonkoping\/wp-content\/uploads\/sites\/52\/2024\/06\/Do-Space-nya-e1728550823761-300x80.png\" alt=\"\" width=\"300\" height=\"80\" srcset=\"https:\/\/nyforetagarcentrum.se\/jonkoping\/wp-content\/uploads\/sites\/52\/2024\/06\/Do-Space-nya-e1728550823761-300x80.png 300w, https:\/\/nyforetagarcentrum.se\/jonkoping\/wp-content\/uploads\/sites\/52\/2024\/06\/Do-Space-nya-e1728550823761-1024x273.png 1024w, https:\/\/nyforetagarcentrum.se\/jonkoping\/wp-content\/uploads\/sites\/52\/2024\/06\/Do-Space-nya-e1728550823761-768x205.png 768w, https:\/\/nyforetagarcentrum.se\/jonkoping\/wp-content\/uploads\/sites\/52\/2024\/06\/Do-Space-nya-e1728550823761-1536x410.png 1536w, https:\/\/nyforetagarcentrum.se\/jonkoping\/wp-content\/uploads\/sites\/52\/2024\/06\/Do-Space-nya-e1728550823761-1920x513.png 1920w, https:\/\/nyforetagarcentrum.se\/jonkoping\/wp-content\/uploads\/sites\/52\/2024\/06\/Do-Space-nya-e1728550823761.png 2041w\" sizes=\"(max-width: 300px) 100vw, 300px\" \/><\/p>\n<p>20% rabatt p\u00e5 Hot Desk-medlemskap p\u00e5 DoSpace. G\u00e4ller i 6 m\u00e5nader. Endast f\u00f6r Nyf\u00f6retagarcentrums klienter.<\/p>\n<p><a href=\"https:\/\/www.dospace.se\/jonkoping\">Hemsida H\u00c4R.<\/a><\/p>\n<p>&nbsp;<\/p>\n<p><img loading=\"lazy\" decoding=\"async\" class=\"alignnone size-medium wp-image-1539\" src=\"https:\/\/nyforetagarcentrum.se\/jonkoping\/wp-content\/uploads\/sites\/52\/2024\/06\/LF_Jo\u2560enko\u2560eping_cmyk_v-300x60.png\" alt=\"\" width=\"300\" height=\"60\" \/><\/p>\n<ul style=\"font-weight: 400\">\n<li>20% rabatt p\u00e5 avgiften f\u00f6r tj\u00e4nstepension<\/li>\n<li>20% rabatt p\u00e5 f\u00f6retagsf\u00f6rs\u00e4kringen<\/li>\n<li>20% rabatt f\u00f6rsta \u00e5ret f\u00f6r sjukv\u00e5rdsf\u00f6rs\u00e4kringen (nya kunder)<\/li>\n<li>1 gratis brandsl\u00e4ckare och 1 brandvarnare<\/li>\n<\/ul>\n<p><a href=\"https:\/\/www.lansforsakringar.se\/jonkoping\/foretag\/\">Hemsida H\u00c4R.<\/a><\/p>\n<p>&nbsp;<\/p>\n<p><img loading=\"lazy\" decoding=\"async\" class=\"alignnone wp-image-2157 size-medium\" src=\"https:\/\/nyforetagarcentrum.se\/jonkoping\/wp-content\/uploads\/sites\/52\/2025\/12\/Advisorgruppen-logotype_colour_RGB-1-300x89.png\" alt=\"\" width=\"300\" height=\"89\" srcset=\"https:\/\/nyforetagarcentrum.se\/jonkoping\/wp-content\/uploads\/sites\/52\/2025\/12\/Advisorgruppen-logotype_colour_RGB-1-300x89.png 300w, https:\/\/nyforetagarcentrum.se\/jonkoping\/wp-content\/uploads\/sites\/52\/2025\/12\/Advisorgruppen-logotype_colour_RGB-1-1024x303.png 1024w, https:\/\/nyforetagarcentrum.se\/jonkoping\/wp-content\/uploads\/sites\/52\/2025\/12\/Advisorgruppen-logotype_colour_RGB-1-768x227.png 768w, https:\/\/nyforetagarcentrum.se\/jonkoping\/wp-content\/uploads\/sites\/52\/2025\/12\/Advisorgruppen-logotype_colour_RGB-1.png 1200w\" sizes=\"(max-width: 300px) 100vw, 300px\" \/><\/p>\n<p>Fastpris i olika storlekar beroende p\u00e5 behov. L\u00e4s mer <a href=\"https:\/\/advisorgruppen.se\/tjanster\/redovisning\/\">H\u00c4R.<\/a><\/p>\n<p>&nbsp;<\/p>\n<p><img loading=\"lazy\" decoding=\"async\" class=\"alignnone size-medium wp-image-1545\" src=\"https:\/\/nyforetagarcentrum.se\/jonkoping\/wp-content\/uploads\/sites\/52\/2024\/06\/LindstromsBil_black_utan_orter-300x50.png\" alt=\"\" width=\"300\" height=\"50\" srcset=\"https:\/\/nyforetagarcentrum.se\/jonkoping\/wp-content\/uploads\/sites\/52\/2024\/06\/LindstromsBil_black_utan_orter-300x50.png 300w, https:\/\/nyforetagarcentrum.se\/jonkoping\/wp-content\/uploads\/sites\/52\/2024\/06\/LindstromsBil_black_utan_orter-768x128.png 768w, https:\/\/nyforetagarcentrum.se\/jonkoping\/wp-content\/uploads\/sites\/52\/2024\/06\/LindstromsBil_black_utan_orter.png 1020w\" sizes=\"(max-width: 300px) 100vw, 300px\" \/><\/p>\n<p>Erbjuder r\u00e5dgivning kring f\u00f6retagares bil\u00e4gande. Kontakta <a href=\"https:\/\/lindstromsbil.se\/kontakt\/jonkoping\/medarbetare\/\">H\u00c4R<\/a>.<\/p>\n<p>&nbsp;<\/p>\n<p><img loading=\"lazy\" decoding=\"async\" class=\"alignnone wp-image-1571\" src=\"https:\/\/nyforetagarcentrum.se\/jonkoping\/wp-content\/uploads\/sites\/52\/2024\/10\/Rely-logo_tagline-300x134.png\" alt=\"\" width=\"228\" height=\"102\" srcset=\"https:\/\/nyforetagarcentrum.se\/jonkoping\/wp-content\/uploads\/sites\/52\/2024\/10\/Rely-logo_tagline-300x134.png 300w, https:\/\/nyforetagarcentrum.se\/jonkoping\/wp-content\/uploads\/sites\/52\/2024\/10\/Rely-logo_tagline.png 625w\" sizes=\"(max-width: 228px) 100vw, 228px\" \/><\/p>\n<p>Komplett redovisningspaket med bokslutet f\u00f6rdelat p\u00e5 en fast m\u00e5nadskostnad.<\/p>\n<p>Enskild firma: 3000kr\/m\u00e5n exkl. moms*. F\u00f6r f\u00f6retag med max 3 milj. i oms\u00e4ttning. L\u00f6pande bokf\u00f6ring &amp; \u00e5rsbokslut ing\u00e5r.<\/p>\n<p>Aktiebolag: 3900 kr\/m\u00e5n exkl. moms*. F\u00f6r f\u00f6retag med max 3 milj. i oms\u00e4ttning och max 2 anst\u00e4llda. L\u00f6pande bokf\u00f6ring, l\u00f6ner och \u00c5rsbokslut ing\u00e5r.<\/p>\n<p><a href=\"https:\/\/relyconsulting.se\/\">Hemsida H\u00c4R.<\/a><\/p>\n<h6>*Priserna g\u00e4ller startpaket som kan komma att f\u00f6r\u00e4ndras i takt med att behovet och omfattningen \u00f6kar. Ta g\u00e4rna en dialog med Rely Consulting vid fr\u00e5gor och f\u00f6rtydliganden.<\/h6>\n<h6><img loading=\"lazy\" decoding=\"async\" class=\"alignnone wp-image-2230 size-medium\" src=\"https:\/\/nyforetagarcentrum.se\/jonkoping\/wp-content\/uploads\/sites\/52\/2024\/06\/Original-Logo-e1773665897590-300x281.png\" alt=\"\" width=\"300\" height=\"281\" srcset=\"https:\/\/nyforetagarcentrum.se\/jonkoping\/wp-content\/uploads\/sites\/52\/2024\/06\/Original-Logo-e1773665897590-300x281.png 300w, https:\/\/nyforetagarcentrum.se\/jonkoping\/wp-content\/uploads\/sites\/52\/2024\/06\/Original-Logo-e1773665897590-768x720.png 768w, https:\/\/nyforetagarcentrum.se\/jonkoping\/wp-content\/uploads\/sites\/52\/2024\/06\/Original-Logo-e1773665897590.png 875w\" sizes=\"(max-width: 300px) 100vw, 300px\" \/><\/h6>\n<p>Capion &amp; partners erbjuder ett gratis f\u00f6rsta m\u00f6te d\u00e4r de ser \u00f6ver behov osv. Om man blir kund erbjuder de f\u00f6rsta m\u00e5nad gratis, de har alltid fastprisabonnemang. Hemsida <a href=\"https:\/\/capion.se\/\">H\u00c4R<\/a>.<\/p>\n        <\/div>\n\n            <\/div>\n<\/div>        <\/div>\n    <\/div>\n<\/section>\n\n\n<div style=\"height:80px\" aria-hidden=\"true\" class=\"wp-block-spacer\"><\/div>\n","protected":false},"excerpt":{"rendered":"<p>Ta del av exklusiva erbjudanden<\/p>\n","protected":false},"author":1,"featured_media":0,"parent":0,"menu_order":0,"comment_status":"closed","ping_status":"closed","template":"","meta":{"footnotes":""},"acf":[],"yoast_head":"<!-- This site is optimized with the Yoast SEO plugin v22.9 - https:\/\/yoast.com\/wordpress\/plugins\/seo\/ -->\n<title>Erbjudanden - J\u00f6nk\u00f6ping<\/title>\n<meta name=\"description\" content=\"H\u00e4r hittar du Nyf\u00f6retagarcentrum J\u00f6nk\u00f6pings exklusiva erbjudanden fr\u00e5n lokala samarbetspartners. F\u00f6r dig som \u00e4r nyf\u00f6retagare.\" \/>\n<meta name=\"robots\" content=\"index, follow, max-snippet:-1, max-image-preview:large, max-video-preview:-1\" \/>\n<link rel=\"canonical\" href=\"https:\/\/nyforetagarcentrum.se\/jonkoping\/erbjudanden\/\" \/>\n<meta property=\"og:locale\" content=\"sv_SE\" \/>\n<meta property=\"og:type\" content=\"article\" \/>\n<meta property=\"og:title\" content=\"Erbjudanden - J\u00f6nk\u00f6ping\" \/>\n<meta property=\"og:description\" content=\"H\u00e4r hittar du Nyf\u00f6retagarcentrum J\u00f6nk\u00f6pings exklusiva erbjudanden fr\u00e5n lokala samarbetspartners. F\u00f6r dig som \u00e4r nyf\u00f6retagare.\" \/>\n<meta property=\"og:url\" content=\"https:\/\/nyforetagarcentrum.se\/jonkoping\/erbjudanden\/\" \/>\n<meta property=\"og:site_name\" content=\"J\u00f6nk\u00f6ping\" \/>\n<meta property=\"article:modified_time\" content=\"2025-10-13T13:46:04+00:00\" \/>\n<meta name=\"twitter:card\" content=\"summary_large_image\" \/>\n<meta name=\"twitter:label1\" content=\"Ber\u00e4knad l\u00e4stid\" \/>\n\t<meta name=\"twitter:data1\" content=\"1 minut\" \/>\n<script type=\"application\/ld+json\" class=\"yoast-schema-graph\">{\"@context\":\"https:\/\/schema.org\",\"@graph\":[{\"@type\":\"WebPage\",\"@id\":\"https:\/\/nyforetagarcentrum.se\/jonkoping\/erbjudanden\/\",\"url\":\"https:\/\/nyforetagarcentrum.se\/jonkoping\/erbjudanden\/\",\"name\":\"Erbjudanden - J\u00f6nk\u00f6ping\",\"isPartOf\":{\"@id\":\"https:\/\/nyforetagarcentrum.se\/jonkoping\/#website\"},\"datePublished\":\"2024-02-22T09:29:05+00:00\",\"dateModified\":\"2025-10-13T13:46:04+00:00\",\"description\":\"H\u00e4r hittar du Nyf\u00f6retagarcentrum J\u00f6nk\u00f6pings exklusiva erbjudanden fr\u00e5n lokala samarbetspartners. F\u00f6r dig som \u00e4r nyf\u00f6retagare.\",\"breadcrumb\":{\"@id\":\"https:\/\/nyforetagarcentrum.se\/jonkoping\/erbjudanden\/#breadcrumb\"},\"inLanguage\":\"sv-SE\",\"potentialAction\":[{\"@type\":\"ReadAction\",\"target\":[\"https:\/\/nyforetagarcentrum.se\/jonkoping\/erbjudanden\/\"]}]},{\"@type\":\"BreadcrumbList\",\"@id\":\"https:\/\/nyforetagarcentrum.se\/jonkoping\/erbjudanden\/#breadcrumb\",\"itemListElement\":[{\"@type\":\"ListItem\",\"position\":1,\"name\":\"Hem\",\"item\":\"https:\/\/nyforetagarcentrum.se\/jonkoping\/\"},{\"@type\":\"ListItem\",\"position\":2,\"name\":\"Erbjudanden\"}]},{\"@type\":\"WebSite\",\"@id\":\"https:\/\/nyforetagarcentrum.se\/jonkoping\/#website\",\"url\":\"https:\/\/nyforetagarcentrum.se\/jonkoping\/\",\"name\":\"J\u00f6nk\u00f6ping\",\"description\":\"Sveriges ledande kraft f\u00f6r fler nya livskraftiga f\u00f6retag\",\"publisher\":{\"@id\":\"https:\/\/nyforetagarcentrum.se\/jonkoping\/#organization\"},\"potentialAction\":[{\"@type\":\"SearchAction\",\"target\":{\"@type\":\"EntryPoint\",\"urlTemplate\":\"https:\/\/nyforetagarcentrum.se\/jonkoping\/?s={search_term_string}\"},\"query-input\":\"required name=search_term_string\"}],\"inLanguage\":\"sv-SE\"},{\"@type\":\"Organization\",\"@id\":\"https:\/\/nyforetagarcentrum.se\/jonkoping\/#organization\",\"name\":\"J\u00f6nk\u00f6ping\",\"url\":\"https:\/\/nyforetagarcentrum.se\/jonkoping\/\",\"logo\":{\"@type\":\"ImageObject\",\"inLanguage\":\"sv-SE\",\"@id\":\"https:\/\/nyforetagarcentrum.se\/jonkoping\/#\/schema\/logo\/image\/\",\"url\":\"https:\/\/nyforetagarcentrum.se\/jonkoping\/wp-content\/uploads\/sites\/52\/2024\/04\/Jonkoping.png\",\"contentUrl\":\"https:\/\/nyforetagarcentrum.se\/jonkoping\/wp-content\/uploads\/sites\/52\/2024\/04\/Jonkoping.png\",\"width\":1082,\"height\":542,\"caption\":\"J\u00f6nk\u00f6ping\"},\"image\":{\"@id\":\"https:\/\/nyforetagarcentrum.se\/jonkoping\/#\/schema\/logo\/image\/\"}}]}<\/script>\n<!-- \/ Yoast SEO plugin. -->","yoast_head_json":{"title":"Erbjudanden - J\u00f6nk\u00f6ping","description":"H\u00e4r hittar du Nyf\u00f6retagarcentrum J\u00f6nk\u00f6pings exklusiva erbjudanden fr\u00e5n lokala samarbetspartners. F\u00f6r dig som \u00e4r nyf\u00f6retagare.","robots":{"index":"index","follow":"follow","max-snippet":"max-snippet:-1","max-image-preview":"max-image-preview:large","max-video-preview":"max-video-preview:-1"},"canonical":"https:\/\/nyforetagarcentrum.se\/jonkoping\/erbjudanden\/","og_locale":"sv_SE","og_type":"article","og_title":"Erbjudanden - J\u00f6nk\u00f6ping","og_description":"H\u00e4r hittar du Nyf\u00f6retagarcentrum J\u00f6nk\u00f6pings exklusiva erbjudanden fr\u00e5n lokala samarbetspartners. F\u00f6r dig som \u00e4r nyf\u00f6retagare.","og_url":"https:\/\/nyforetagarcentrum.se\/jonkoping\/erbjudanden\/","og_site_name":"J\u00f6nk\u00f6ping","article_modified_time":"2025-10-13T13:46:04+00:00","twitter_card":"summary_large_image","twitter_misc":{"Ber\u00e4knad l\u00e4stid":"1 minut"},"schema":{"@context":"https:\/\/schema.org","@graph":[{"@type":"WebPage","@id":"https:\/\/nyforetagarcentrum.se\/jonkoping\/erbjudanden\/","url":"https:\/\/nyforetagarcentrum.se\/jonkoping\/erbjudanden\/","name":"Erbjudanden - J\u00f6nk\u00f6ping","isPartOf":{"@id":"https:\/\/nyforetagarcentrum.se\/jonkoping\/#website"},"datePublished":"2024-02-22T09:29:05+00:00","dateModified":"2025-10-13T13:46:04+00:00","description":"H\u00e4r hittar du Nyf\u00f6retagarcentrum J\u00f6nk\u00f6pings exklusiva erbjudanden fr\u00e5n lokala samarbetspartners. F\u00f6r dig som \u00e4r nyf\u00f6retagare.","breadcrumb":{"@id":"https:\/\/nyforetagarcentrum.se\/jonkoping\/erbjudanden\/#breadcrumb"},"inLanguage":"sv-SE","potentialAction":[{"@type":"ReadAction","target":["https:\/\/nyforetagarcentrum.se\/jonkoping\/erbjudanden\/"]}]},{"@type":"BreadcrumbList","@id":"https:\/\/nyforetagarcentrum.se\/jonkoping\/erbjudanden\/#breadcrumb","itemListElement":[{"@type":"ListItem","position":1,"name":"Hem","item":"https:\/\/nyforetagarcentrum.se\/jonkoping\/"},{"@type":"ListItem","position":2,"name":"Erbjudanden"}]},{"@type":"WebSite","@id":"https:\/\/nyforetagarcentrum.se\/jonkoping\/#website","url":"https:\/\/nyforetagarcentrum.se\/jonkoping\/","name":"J\u00f6nk\u00f6ping","description":"Sveriges ledande kraft f\u00f6r fler nya livskraftiga f\u00f6retag","publisher":{"@id":"https:\/\/nyforetagarcentrum.se\/jonkoping\/#organization"},"potentialAction":[{"@type":"SearchAction","target":{"@type":"EntryPoint","urlTemplate":"https:\/\/nyforetagarcentrum.se\/jonkoping\/?s={search_term_string}"},"query-input":"required name=search_term_string"}],"inLanguage":"sv-SE"},{"@type":"Organization","@id":"https:\/\/nyforetagarcentrum.se\/jonkoping\/#organization","name":"J\u00f6nk\u00f6ping","url":"https:\/\/nyforetagarcentrum.se\/jonkoping\/","logo":{"@type":"ImageObject","inLanguage":"sv-SE","@id":"https:\/\/nyforetagarcentrum.se\/jonkoping\/#\/schema\/logo\/image\/","url":"https:\/\/nyforetagarcentrum.se\/jonkoping\/wp-content\/uploads\/sites\/52\/2024\/04\/Jonkoping.png","contentUrl":"https:\/\/nyforetagarcentrum.se\/jonkoping\/wp-content\/uploads\/sites\/52\/2024\/04\/Jonkoping.png","width":1082,"height":542,"caption":"J\u00f6nk\u00f6ping"},"image":{"@id":"https:\/\/nyforetagarcentrum.se\/jonkoping\/#\/schema\/logo\/image\/"}}]}},"_links":{"self":[{"href":"https:\/\/nyforetagarcentrum.se\/jonkoping\/wp-json\/wp\/v2\/pages\/48"}],"collection":[{"href":"https:\/\/nyforetagarcentrum.se\/jonkoping\/wp-json\/wp\/v2\/pages"}],"about":[{"href":"https:\/\/nyforetagarcentrum.se\/jonkoping\/wp-json\/wp\/v2\/types\/page"}],"author":[{"embeddable":true,"href":"https:\/\/nyforetagarcentrum.se\/jonkoping\/wp-json\/wp\/v2\/users\/1"}],"replies":[{"embeddable":true,"href":"https:\/\/nyforetagarcentrum.se\/jonkoping\/wp-json\/wp\/v2\/comments?post=48"}],"version-history":[{"count":13,"href":"https:\/\/nyforetagarcentrum.se\/jonkoping\/wp-json\/wp\/v2\/pages\/48\/revisions"}],"predecessor-version":[{"id":2089,"href":"https:\/\/nyforetagarcentrum.se\/jonkoping\/wp-json\/wp\/v2\/pages\/48\/revisions\/2089"}],"wp:attachment":[{"href":"https:\/\/nyforetagarcentrum.se\/jonkoping\/wp-json\/wp\/v2\/media?parent=48"}],"curies":[{"name":"wp","href":"https:\/\/api.w.org\/{rel}","templated":true}]}}