{"id":239,"date":"2024-02-29T13:59:39","date_gmt":"2024-02-29T12:59:39","guid":{"rendered":"https:\/\/nyforetagarcentrum.se\/jonkoping\/?page_id=239"},"modified":"2025-10-14T09:28:39","modified_gmt":"2025-10-14T07:28:39","slug":"vara-radgivare","status":"publish","type":"page","link":"https:\/\/nyforetagarcentrum.se\/jonkoping\/vara-radgivare\/","title":{"rendered":"V\u00e5ra r\u00e5dgivare"},"content":{"rendered":"<section  class=\"nfc-block-hero alignfull\">\n\n    <img loading=\"lazy\" decoding=\"async\" width=\"1875\" height=\"1080\" src=\"https:\/\/nyforetagarcentrum.se\/jonkoping\/wp-content\/uploads\/sites\/52\/2025\/10\/Vara-radgivare-okt-2025.001-1875x1080.jpeg\" class=\"attachment-landscape size-landscape\" alt=\"\" srcset=\"https:\/\/nyforetagarcentrum.se\/jonkoping\/wp-content\/uploads\/sites\/52\/2025\/10\/Vara-radgivare-okt-2025.001-1875x1080.jpeg 1875w, https:\/\/nyforetagarcentrum.se\/jonkoping\/wp-content\/uploads\/sites\/52\/2025\/10\/Vara-radgivare-okt-2025.001-300x173.jpeg 300w, https:\/\/nyforetagarcentrum.se\/jonkoping\/wp-content\/uploads\/sites\/52\/2025\/10\/Vara-radgivare-okt-2025.001-1024x590.jpeg 1024w, https:\/\/nyforetagarcentrum.se\/jonkoping\/wp-content\/uploads\/sites\/52\/2025\/10\/Vara-radgivare-okt-2025.001-768x442.jpeg 768w, https:\/\/nyforetagarcentrum.se\/jonkoping\/wp-content\/uploads\/sites\/52\/2025\/10\/Vara-radgivare-okt-2025.001-1536x885.jpeg 1536w, https:\/\/nyforetagarcentrum.se\/jonkoping\/wp-content\/uploads\/sites\/52\/2025\/10\/Vara-radgivare-okt-2025.001.jpeg 2000w\" sizes=\"(max-width: 1875px) 100vw, 1875px\" \/>\n    <div class=\"contained\">\n        <h1 class=\"nfc-block-hero__heading\">V\u00e5ra r\u00e5dgivare<\/h1>\n\n            <\/div>\n<\/section>\n\n\n<div style=\"height:49px\" aria-hidden=\"true\" class=\"wp-block-spacer\"><\/div>\n\n\n<section  class=\"nfc-block-breadcrumbs alignwide\">\n    <div class=\"wrapper contained\">\n        <ol class=\"breadcrumbs\" itemscope itemtype=\"https:\/\/schema.org\/BreadcrumbList\">\n            <li itemprop=\"itemListElement\" itemscope itemtype=\"https:\/\/schema.org\/ListItem\">\n            \n\n                            <span class=\"current\" itemprop=\"name\">Hem<\/span>\n            \n            <meta itemprop=\"position\" content=\"1\" \/>\n        <\/li>\n    <\/ol>    <\/div>\n<\/section>\n\n\n<div class=\"wp-block-group alignfull is-layout-constrained wp-block-group-is-layout-constrained\">\n<div style=\"height:var(--wp--preset--spacing--80)\" aria-hidden=\"true\" class=\"wp-block-spacer\"><\/div>\n\n\n\n<p class=\"has-text-align-center\">V\u00e5ra r\u00e5dgivare \u00e4r sj\u00e4lva egna f\u00f6retagare, med erfarenhet av vad det inneb\u00e4r att ta steget till eget f\u00f6retag och att driva f\u00f6retag. De har ocks\u00e5 n\u00e4tverk i sina respektive hemorter, en lokal f\u00f6rankring och kan guida dig till kontakter inom n\u00e4ringslivet som du kan ha stor nytta av i ditt blivande f\u00f6retagande.<\/p>\n\n\n\n<div style=\"height:21px\" aria-hidden=\"true\" class=\"wp-block-spacer\"><\/div>\n\n\n\n<div class=\"wp-block-buttons is-content-justification-center is-layout-flex wp-container-core-buttons-is-layout-1 wp-block-buttons-is-layout-flex\">\n<div class=\"wp-block-button is-style-outline\"><a class=\"wp-block-button__link wp-element-button\" href=\"https:\/\/jobsdata-nyforetagarcentrum.se\/ExternBooking?OfficeId=8fc03d1b-4f80-e811-a815-d89ef30d5a50&amp;_gl=1*1p23emu*_ga*MjM3MzkyMTUuMTcwODU0OTMxNg..*_ga_9RRJJK0Y4R*MTcxMjIyNjE5NC4xNy4xLjE3MTIyMjY3ODYuNTUuMC4w\" target=\"_blank\" rel=\"noreferrer noopener\">Boka r\u00e5dgivning h\u00e4r<\/a><\/div>\n<\/div>\n\n\n\n<div style=\"height:var(--wp--preset--spacing--80)\" aria-hidden=\"true\" class=\"wp-block-spacer\"><\/div>\n<\/div>\n\n\n<section  class=\"nfc-block-person_grid alignwide layout-large\">\n    <div class=\"contained\">\n        <div class=\"grid\">\n            <div class=\"person-large-card\">\n    \n    <div class=\"featured_image\">\n                    <img loading=\"lazy\" decoding=\"async\" width=\"700\" height=\"761\" src=\"https:\/\/nyforetagarcentrum.se\/jonkoping\/wp-content\/uploads\/sites\/52\/2024\/04\/nfc-sensommar-2023-Anna-700x761-1.jpg\" class=\"attachment-large size-large\" alt=\"\" srcset=\"https:\/\/nyforetagarcentrum.se\/jonkoping\/wp-content\/uploads\/sites\/52\/2024\/04\/nfc-sensommar-2023-Anna-700x761-1.jpg 700w, https:\/\/nyforetagarcentrum.se\/jonkoping\/wp-content\/uploads\/sites\/52\/2024\/04\/nfc-sensommar-2023-Anna-700x761-1-276x300.jpg 276w\" sizes=\"(max-width: 700px) 100vw, 700px\" \/>            <\/div>\n\n    <div class=\"content-wrapper\">\n        <h3>Anna Bjarnle<\/h3>\n\n                    <div class=\"excerpt\">\n                V\u00e5r rutinerade verksamhetsansvariga som st\u00e4ndigt \u00e4r nyfiken p\u00e5 nya aff\u00e4rsid\u00e9er, yogar g\u00e4rna regelbundet och \u00e4r vansinnigt segstartad p\u00e5 morgonen. Men n\u00e4r hon f\u00e5tt upp farten g\u00e5r det undan.            <\/div>\n        \n        <div class=\"links\">\n\n                            <a href=\"tel:070-733 82 02\">\n                    070-733 82 02                <\/a>\n            \n                            <a href=\"mailto:f\u00f6rnamn.efternamn(at)nyforetagarcentrum.se\">\n                    f\u00f6rnamn.efternamn(at)nyforetagarcentrum.se                <\/a>\n                    <\/div>\n        \n    <\/div>\n<\/div><div class=\"person-large-card\">\n    \n    <div class=\"featured_image\">\n                    <img loading=\"lazy\" decoding=\"async\" width=\"700\" height=\"670\" src=\"https:\/\/nyforetagarcentrum.se\/jonkoping\/wp-content\/uploads\/sites\/52\/2024\/04\/nfc-sensommar-2023-Emanuel-700x670-1.jpg\" class=\"attachment-large size-large\" alt=\"\" srcset=\"https:\/\/nyforetagarcentrum.se\/jonkoping\/wp-content\/uploads\/sites\/52\/2024\/04\/nfc-sensommar-2023-Emanuel-700x670-1.jpg 700w, https:\/\/nyforetagarcentrum.se\/jonkoping\/wp-content\/uploads\/sites\/52\/2024\/04\/nfc-sensommar-2023-Emanuel-700x670-1-300x287.jpg 300w\" sizes=\"(max-width: 700px) 100vw, 700px\" \/>            <\/div>\n\n    <div class=\"content-wrapper\">\n        <h3>Emanuel Nilsson<\/h3>\n\n                    <div class=\"excerpt\">\n                \u00c4gnar stor del av sin tid \u00e5t f\u00f6rs\u00e4ljning och har gjort det s\u00e5 l\u00e4nge han kan minnas. F\u00f6rs\u00f6ker se fram emot m\u00e5ndag och fredag lika mycket. Han n\u00f6rdar g\u00e4rna ner sig i investeringar som skapar passiva inkomster.            <\/div>\n        \n        <div class=\"links\">\n\n                            <a href=\"tel:076-884 48 27\">\n                    076-884 48 27                <\/a>\n            \n                            <a href=\"mailto:f\u00f6rnamn.efternamn(at)nyforetagarcentrum.se\">\n                    f\u00f6rnamn.efternamn(at)nyforetagarcentrum.se                <\/a>\n                    <\/div>\n        \n    <\/div>\n<\/div><div class=\"person-large-card\">\n    \n    <div class=\"featured_image\">\n                    <img loading=\"lazy\" decoding=\"async\" width=\"700\" height=\"612\" src=\"https:\/\/nyforetagarcentrum.se\/jonkoping\/wp-content\/uploads\/sites\/52\/2024\/04\/nfc-sensommar-2023-Kristian-700x612-1.jpg\" class=\"attachment-large size-large\" alt=\"\" srcset=\"https:\/\/nyforetagarcentrum.se\/jonkoping\/wp-content\/uploads\/sites\/52\/2024\/04\/nfc-sensommar-2023-Kristian-700x612-1.jpg 700w, https:\/\/nyforetagarcentrum.se\/jonkoping\/wp-content\/uploads\/sites\/52\/2024\/04\/nfc-sensommar-2023-Kristian-700x612-1-300x262.jpg 300w\" sizes=\"(max-width: 700px) 100vw, 700px\" \/>            <\/div>\n\n    <div class=\"content-wrapper\">\n        <h3>Kristian Hyttinen<\/h3>\n\n                    <div class=\"excerpt\">\n                V\u00e5r sportintresserade skidbutiks\u00e4gare, han \u00e4lskar f\u00f6rs\u00e4ljning, f\u00f6retagande och aff\u00e4rer. Det blir en och annan resa d\u00e4r han kan testa skidorna han s\u00e4ljer.            <\/div>\n        \n        <div class=\"links\">\n\n                            <a href=\"tel:073-761 73 53\">\n                    073-761 73 53                <\/a>\n            \n                            <a href=\"mailto:f\u00f6rnamn.efternamn(at)nyforetagarcentrum.se\">\n                    f\u00f6rnamn.efternamn(at)nyforetagarcentrum.se                <\/a>\n                    <\/div>\n        \n    <\/div>\n<\/div><div class=\"person-large-card\">\n    \n    <div class=\"featured_image\">\n                    <img loading=\"lazy\" decoding=\"async\" width=\"700\" height=\"786\" src=\"https:\/\/nyforetagarcentrum.se\/jonkoping\/wp-content\/uploads\/sites\/52\/2024\/04\/nfc-sensommar-2023-Pernilla-700x786-1.jpg\" class=\"attachment-large size-large\" alt=\"\" srcset=\"https:\/\/nyforetagarcentrum.se\/jonkoping\/wp-content\/uploads\/sites\/52\/2024\/04\/nfc-sensommar-2023-Pernilla-700x786-1.jpg 700w, https:\/\/nyforetagarcentrum.se\/jonkoping\/wp-content\/uploads\/sites\/52\/2024\/04\/nfc-sensommar-2023-Pernilla-700x786-1-267x300.jpg 267w\" sizes=\"(max-width: 700px) 100vw, 700px\" \/>            <\/div>\n\n    <div class=\"content-wrapper\">\n        <h3>Pernilla Bernhardsson<\/h3>\n\n                    <div class=\"excerpt\">\n                \u00c4r en n\u00e4tverkande f\u00f6reningsn\u00f6rd med stort hj\u00e4rta f\u00f6r innebandy och f\u00f6retagande. Med n\u00f6rd menas stort engagemang.            <\/div>\n        \n        <div class=\"links\">\n\n                            <a href=\"tel:076-282 71 11\">\n                    076-282 71 11                <\/a>\n            \n                            <a href=\"mailto:f\u00f6rnamn.efternamn(at)nyforetagarcentrum.se\">\n                    f\u00f6rnamn.efternamn(at)nyforetagarcentrum.se                <\/a>\n                    <\/div>\n        \n    <\/div>\n<\/div>        <\/div>\n    <\/div>\n<\/section>\n\n\n<div style=\"height:100px\" aria-hidden=\"true\" class=\"wp-block-spacer\"><\/div>\n","protected":false},"excerpt":{"rendered":"<p>V\u00e5ra r\u00e5dgivare \u00e4r sj\u00e4lva egna f\u00f6retagare, med erfarenhet av vad det inneb\u00e4r att ta steget till eget f\u00f6retag och att driva f\u00f6retag. De har ocks\u00e5 n\u00e4tverk i sina respektive hemorter, en lokal f\u00f6rankring och kan guida dig till kontakter inom n\u00e4ringslivet som du kan ha stor nytta av i ditt blivande f\u00f6retagande.<\/p>\n","protected":false},"author":1,"featured_media":0,"parent":0,"menu_order":0,"comment_status":"closed","ping_status":"closed","template":"","meta":{"footnotes":""},"acf":[],"yoast_head":"<!-- This site is optimized with the Yoast SEO plugin v22.9 - https:\/\/yoast.com\/wordpress\/plugins\/seo\/ -->\n<title>V\u00e5ra r\u00e5dgivare - J\u00f6nk\u00f6ping<\/title>\n<meta name=\"description\" content=\"V\u00e5ra r\u00e5dgivare \u00e4r egna f\u00f6retagare. Vi f\u00f6rst\u00e5r d\u00e4rf\u00f6r din situation p\u00e5 ett bra s\u00e4tt. V\u00e5ra r\u00e5dgivare har god erfarenhet av f\u00f6retagande.\" \/>\n<meta name=\"robots\" content=\"index, follow, max-snippet:-1, max-image-preview:large, max-video-preview:-1\" \/>\n<link rel=\"canonical\" href=\"https:\/\/nyforetagarcentrum.se\/jonkoping\/vara-radgivare\/\" \/>\n<meta property=\"og:locale\" content=\"sv_SE\" \/>\n<meta property=\"og:type\" content=\"article\" \/>\n<meta property=\"og:title\" content=\"V\u00e5ra r\u00e5dgivare - J\u00f6nk\u00f6ping\" \/>\n<meta property=\"og:description\" content=\"V\u00e5ra r\u00e5dgivare \u00e4r egna f\u00f6retagare. Vi f\u00f6rst\u00e5r d\u00e4rf\u00f6r din situation p\u00e5 ett bra s\u00e4tt. V\u00e5ra r\u00e5dgivare har god erfarenhet av f\u00f6retagande.\" \/>\n<meta property=\"og:url\" content=\"https:\/\/nyforetagarcentrum.se\/jonkoping\/vara-radgivare\/\" \/>\n<meta property=\"og:site_name\" content=\"J\u00f6nk\u00f6ping\" \/>\n<meta property=\"article:modified_time\" content=\"2025-10-14T07:28:39+00:00\" \/>\n<meta name=\"twitter:card\" content=\"summary_large_image\" \/>\n<meta name=\"twitter:label1\" content=\"Ber\u00e4knad l\u00e4stid\" \/>\n\t<meta name=\"twitter:data1\" content=\"1 minut\" \/>\n<script type=\"application\/ld+json\" class=\"yoast-schema-graph\">{\"@context\":\"https:\/\/schema.org\",\"@graph\":[{\"@type\":\"WebPage\",\"@id\":\"https:\/\/nyforetagarcentrum.se\/jonkoping\/vara-radgivare\/\",\"url\":\"https:\/\/nyforetagarcentrum.se\/jonkoping\/vara-radgivare\/\",\"name\":\"V\u00e5ra r\u00e5dgivare - J\u00f6nk\u00f6ping\",\"isPartOf\":{\"@id\":\"https:\/\/nyforetagarcentrum.se\/jonkoping\/#website\"},\"datePublished\":\"2024-02-29T12:59:39+00:00\",\"dateModified\":\"2025-10-14T07:28:39+00:00\",\"description\":\"V\u00e5ra r\u00e5dgivare \u00e4r egna f\u00f6retagare. Vi f\u00f6rst\u00e5r d\u00e4rf\u00f6r din situation p\u00e5 ett bra s\u00e4tt. V\u00e5ra r\u00e5dgivare har god erfarenhet av f\u00f6retagande.\",\"breadcrumb\":{\"@id\":\"https:\/\/nyforetagarcentrum.se\/jonkoping\/vara-radgivare\/#breadcrumb\"},\"inLanguage\":\"sv-SE\",\"potentialAction\":[{\"@type\":\"ReadAction\",\"target\":[\"https:\/\/nyforetagarcentrum.se\/jonkoping\/vara-radgivare\/\"]}]},{\"@type\":\"BreadcrumbList\",\"@id\":\"https:\/\/nyforetagarcentrum.se\/jonkoping\/vara-radgivare\/#breadcrumb\",\"itemListElement\":[{\"@type\":\"ListItem\",\"position\":1,\"name\":\"Hem\",\"item\":\"https:\/\/nyforetagarcentrum.se\/jonkoping\/\"},{\"@type\":\"ListItem\",\"position\":2,\"name\":\"V\u00e5ra r\u00e5dgivare\"}]},{\"@type\":\"WebSite\",\"@id\":\"https:\/\/nyforetagarcentrum.se\/jonkoping\/#website\",\"url\":\"https:\/\/nyforetagarcentrum.se\/jonkoping\/\",\"name\":\"J\u00f6nk\u00f6ping\",\"description\":\"Sveriges ledande kraft f\u00f6r fler nya livskraftiga f\u00f6retag\",\"publisher\":{\"@id\":\"https:\/\/nyforetagarcentrum.se\/jonkoping\/#organization\"},\"potentialAction\":[{\"@type\":\"SearchAction\",\"target\":{\"@type\":\"EntryPoint\",\"urlTemplate\":\"https:\/\/nyforetagarcentrum.se\/jonkoping\/?s={search_term_string}\"},\"query-input\":\"required name=search_term_string\"}],\"inLanguage\":\"sv-SE\"},{\"@type\":\"Organization\",\"@id\":\"https:\/\/nyforetagarcentrum.se\/jonkoping\/#organization\",\"name\":\"J\u00f6nk\u00f6ping\",\"url\":\"https:\/\/nyforetagarcentrum.se\/jonkoping\/\",\"logo\":{\"@type\":\"ImageObject\",\"inLanguage\":\"sv-SE\",\"@id\":\"https:\/\/nyforetagarcentrum.se\/jonkoping\/#\/schema\/logo\/image\/\",\"url\":\"https:\/\/nyforetagarcentrum.se\/jonkoping\/wp-content\/uploads\/sites\/52\/2024\/04\/Jonkoping.png\",\"contentUrl\":\"https:\/\/nyforetagarcentrum.se\/jonkoping\/wp-content\/uploads\/sites\/52\/2024\/04\/Jonkoping.png\",\"width\":1082,\"height\":542,\"caption\":\"J\u00f6nk\u00f6ping\"},\"image\":{\"@id\":\"https:\/\/nyforetagarcentrum.se\/jonkoping\/#\/schema\/logo\/image\/\"}}]}<\/script>\n<!-- \/ Yoast SEO plugin. -->","yoast_head_json":{"title":"V\u00e5ra r\u00e5dgivare - J\u00f6nk\u00f6ping","description":"V\u00e5ra r\u00e5dgivare \u00e4r egna f\u00f6retagare. Vi f\u00f6rst\u00e5r d\u00e4rf\u00f6r din situation p\u00e5 ett bra s\u00e4tt. V\u00e5ra r\u00e5dgivare har god erfarenhet av f\u00f6retagande.","robots":{"index":"index","follow":"follow","max-snippet":"max-snippet:-1","max-image-preview":"max-image-preview:large","max-video-preview":"max-video-preview:-1"},"canonical":"https:\/\/nyforetagarcentrum.se\/jonkoping\/vara-radgivare\/","og_locale":"sv_SE","og_type":"article","og_title":"V\u00e5ra r\u00e5dgivare - J\u00f6nk\u00f6ping","og_description":"V\u00e5ra r\u00e5dgivare \u00e4r egna f\u00f6retagare. Vi f\u00f6rst\u00e5r d\u00e4rf\u00f6r din situation p\u00e5 ett bra s\u00e4tt. V\u00e5ra r\u00e5dgivare har god erfarenhet av f\u00f6retagande.","og_url":"https:\/\/nyforetagarcentrum.se\/jonkoping\/vara-radgivare\/","og_site_name":"J\u00f6nk\u00f6ping","article_modified_time":"2025-10-14T07:28:39+00:00","twitter_card":"summary_large_image","twitter_misc":{"Ber\u00e4knad l\u00e4stid":"1 minut"},"schema":{"@context":"https:\/\/schema.org","@graph":[{"@type":"WebPage","@id":"https:\/\/nyforetagarcentrum.se\/jonkoping\/vara-radgivare\/","url":"https:\/\/nyforetagarcentrum.se\/jonkoping\/vara-radgivare\/","name":"V\u00e5ra r\u00e5dgivare - J\u00f6nk\u00f6ping","isPartOf":{"@id":"https:\/\/nyforetagarcentrum.se\/jonkoping\/#website"},"datePublished":"2024-02-29T12:59:39+00:00","dateModified":"2025-10-14T07:28:39+00:00","description":"V\u00e5ra r\u00e5dgivare \u00e4r egna f\u00f6retagare. Vi f\u00f6rst\u00e5r d\u00e4rf\u00f6r din situation p\u00e5 ett bra s\u00e4tt. V\u00e5ra r\u00e5dgivare har god erfarenhet av f\u00f6retagande.","breadcrumb":{"@id":"https:\/\/nyforetagarcentrum.se\/jonkoping\/vara-radgivare\/#breadcrumb"},"inLanguage":"sv-SE","potentialAction":[{"@type":"ReadAction","target":["https:\/\/nyforetagarcentrum.se\/jonkoping\/vara-radgivare\/"]}]},{"@type":"BreadcrumbList","@id":"https:\/\/nyforetagarcentrum.se\/jonkoping\/vara-radgivare\/#breadcrumb","itemListElement":[{"@type":"ListItem","position":1,"name":"Hem","item":"https:\/\/nyforetagarcentrum.se\/jonkoping\/"},{"@type":"ListItem","position":2,"name":"V\u00e5ra r\u00e5dgivare"}]},{"@type":"WebSite","@id":"https:\/\/nyforetagarcentrum.se\/jonkoping\/#website","url":"https:\/\/nyforetagarcentrum.se\/jonkoping\/","name":"J\u00f6nk\u00f6ping","description":"Sveriges ledande kraft f\u00f6r fler nya livskraftiga f\u00f6retag","publisher":{"@id":"https:\/\/nyforetagarcentrum.se\/jonkoping\/#organization"},"potentialAction":[{"@type":"SearchAction","target":{"@type":"EntryPoint","urlTemplate":"https:\/\/nyforetagarcentrum.se\/jonkoping\/?s={search_term_string}"},"query-input":"required name=search_term_string"}],"inLanguage":"sv-SE"},{"@type":"Organization","@id":"https:\/\/nyforetagarcentrum.se\/jonkoping\/#organization","name":"J\u00f6nk\u00f6ping","url":"https:\/\/nyforetagarcentrum.se\/jonkoping\/","logo":{"@type":"ImageObject","inLanguage":"sv-SE","@id":"https:\/\/nyforetagarcentrum.se\/jonkoping\/#\/schema\/logo\/image\/","url":"https:\/\/nyforetagarcentrum.se\/jonkoping\/wp-content\/uploads\/sites\/52\/2024\/04\/Jonkoping.png","contentUrl":"https:\/\/nyforetagarcentrum.se\/jonkoping\/wp-content\/uploads\/sites\/52\/2024\/04\/Jonkoping.png","width":1082,"height":542,"caption":"J\u00f6nk\u00f6ping"},"image":{"@id":"https:\/\/nyforetagarcentrum.se\/jonkoping\/#\/schema\/logo\/image\/"}}]}},"_links":{"self":[{"href":"https:\/\/nyforetagarcentrum.se\/jonkoping\/wp-json\/wp\/v2\/pages\/239"}],"collection":[{"href":"https:\/\/nyforetagarcentrum.se\/jonkoping\/wp-json\/wp\/v2\/pages"}],"about":[{"href":"https:\/\/nyforetagarcentrum.se\/jonkoping\/wp-json\/wp\/v2\/types\/page"}],"author":[{"embeddable":true,"href":"https:\/\/nyforetagarcentrum.se\/jonkoping\/wp-json\/wp\/v2\/users\/1"}],"replies":[{"embeddable":true,"href":"https:\/\/nyforetagarcentrum.se\/jonkoping\/wp-json\/wp\/v2\/comments?post=239"}],"version-history":[{"count":75,"href":"https:\/\/nyforetagarcentrum.se\/jonkoping\/wp-json\/wp\/v2\/pages\/239\/revisions"}],"predecessor-version":[{"id":2103,"href":"https:\/\/nyforetagarcentrum.se\/jonkoping\/wp-json\/wp\/v2\/pages\/239\/revisions\/2103"}],"wp:attachment":[{"href":"https:\/\/nyforetagarcentrum.se\/jonkoping\/wp-json\/wp\/v2\/media?parent=239"}],"curies":[{"name":"wp","href":"https:\/\/api.w.org\/{rel}","templated":true}]}}