{"id":161,"date":"2024-02-27T16:04:37","date_gmt":"2024-02-27T15:04:37","guid":{"rendered":"https:\/\/nyforetagarcentrum.se\/jonkoping\/?page_id=161"},"modified":"2025-10-13T15:19:47","modified_gmt":"2025-10-13T13:19:47","slug":"om-oss","status":"publish","type":"page","link":"https:\/\/nyforetagarcentrum.se\/jonkoping\/om-oss\/","title":{"rendered":"Om oss"},"content":{"rendered":"<section  class=\"nfc-block-hero alignfull\">\n\n    <video autoplay muted loop playsinline><source src=\"https:\/\/nyforetagarcentrum.se\/jonkoping\/wp-content\/uploads\/sites\/52\/2024\/06\/Bakgrundsfilm-Nfc.mp4\" type=\"video\/mp4\"><\/video>\n    <div class=\"contained\">\n        <h1 class=\"nfc-block-hero__heading\">Om oss<\/h1>\n\n            <\/div>\n<\/section>\n\n\n<div style=\"height:50px\" aria-hidden=\"true\" class=\"wp-block-spacer\"><\/div>\n\n\n<section  class=\"nfc-block-breadcrumbs alignwide\">\n    <div class=\"wrapper contained\">\n        <ol class=\"breadcrumbs\" itemscope itemtype=\"https:\/\/schema.org\/BreadcrumbList\">\n            <li itemprop=\"itemListElement\" itemscope itemtype=\"https:\/\/schema.org\/ListItem\">\n            \n\n                            <span class=\"current\" itemprop=\"name\">Hem<\/span>\n            \n            <meta itemprop=\"position\" content=\"1\" \/>\n        <\/li>\n    <\/ol>    <\/div>\n<\/section>\n\n\n<div style=\"height:51px\" aria-hidden=\"true\" class=\"wp-block-spacer\"><\/div>\n\n\n<section  class=\"nfc-block-split_screen alignwide image_alignment-left\">\n    <div class=\"wrapper\">\n        <div class=\"nfc-block-split_screen__image-wrapper\">\n            <img loading=\"lazy\" decoding=\"async\" width=\"1620\" height=\"1080\" src=\"https:\/\/nyforetagarcentrum.se\/jonkoping\/wp-content\/uploads\/sites\/52\/2025\/10\/nyforetagarcentrum-1620x1080.jpg\" class=\"attachment-landscape size-landscape\" alt=\"\" srcset=\"https:\/\/nyforetagarcentrum.se\/jonkoping\/wp-content\/uploads\/sites\/52\/2025\/10\/nyforetagarcentrum-1620x1080.jpg 1620w, https:\/\/nyforetagarcentrum.se\/jonkoping\/wp-content\/uploads\/sites\/52\/2025\/10\/nyforetagarcentrum-300x200.jpg 300w, https:\/\/nyforetagarcentrum.se\/jonkoping\/wp-content\/uploads\/sites\/52\/2025\/10\/nyforetagarcentrum-1024x683.jpg 1024w, https:\/\/nyforetagarcentrum.se\/jonkoping\/wp-content\/uploads\/sites\/52\/2025\/10\/nyforetagarcentrum-768x512.jpg 768w, https:\/\/nyforetagarcentrum.se\/jonkoping\/wp-content\/uploads\/sites\/52\/2025\/10\/nyforetagarcentrum-1536x1024.jpg 1536w, https:\/\/nyforetagarcentrum.se\/jonkoping\/wp-content\/uploads\/sites\/52\/2025\/10\/nyforetagarcentrum-2048x1365.jpg 2048w\" sizes=\"(max-width: 1620px) 100vw, 1620px\" \/>        <\/div>\n\n        <div class=\"nfc-block-split_screen__content-wrapper\">\n            <h2>V\u00e5r verksamhet<\/h2>\n<p>Starta eget f\u00f6retag? Nyf\u00f6retagarCentrum ger dig som funderar p\u00e5 att starta eget f\u00f6retag \u2013 eller redan har startat \u2013 kostnadsfri r\u00e5dgivning. Vi har erfarna r\u00e5dgivare som hj\u00e4lper dig med din aff\u00e4rsid\u00e9, fr\u00e5gor kring budget, marknadsf\u00f6ring eller vad du vill som r\u00f6r ditt f\u00f6retagande.<\/p>\n<p>N\u00e4r du har varit p\u00e5 r\u00e5dgivning hos oss kommer du att vara v\u00e4l f\u00f6rberedd f\u00f6r livet som egenf\u00f6retagare. Det enda vi kr\u00e4ver av dig \u00e4r ditt engagemang och att du tror p\u00e5 din id\u00e9.<\/p>\n<p>R\u00e5dgivningen \u00e4r helt kostnadsfri tack vare v\u00e5rt n\u00e4tverk av samarbetspartners som st\u00f6der oss, b\u00e5de med finansiella medel och med personlig expertis och engagemang.<\/p>\n\n                            <div class=\"nfc-block-split_screen__buttons\">\n                                            <a href=\"https:\/\/jobsdata-nyforetagarcentrum.se\/ExternBooking?OfficeId=8fc03d1b-4f80-e811-a815-d89ef30d5a50&amp;_gl=1*1p23emu*_ga*MjM3MzkyMTUuMTcwODU0OTMxNg..*_ga_9RRJJK0Y4R*MTcxMjIyNjE5NC4xNy4xLjE3MTIyMjY3ODYuNTUuMC4w\" class=\"button primary\">Boka r\u00e5dgvining<\/a>\n                                    <\/div>\n            \n        <\/div>\n    <\/div>\n<\/section>\n\n\n<div style=\"height:50px\" aria-hidden=\"true\" class=\"wp-block-spacer\"><\/div>\n\n\n\n<div class=\"wp-block-group alignfull has-white-background-color has-background is-layout-constrained wp-block-group-is-layout-constrained\">\n<div style=\"height:51px\" aria-hidden=\"true\" class=\"wp-block-spacer\"><\/div>\n\n\n\n<div style=\"height:51px\" aria-hidden=\"true\" class=\"wp-block-spacer\"><\/div>\n\n\n\n<div class=\"wp-block-columns alignwide is-layout-flex wp-container-core-columns-is-layout-1 wp-block-columns-is-layout-flex\">\n<div class=\"wp-block-column is-layout-flow wp-block-column-is-layout-flow\">\n<p class=\"no-margin\" style=\"font-size:100px;font-style:normal;font-weight:700\">50%<\/p>\n\n\n\n<p class=\"has-text-color has-link-color wp-elements-fb7d8adf8004e003295424446e228e82\" style=\"color:#4d4d4d\"><strong>\u00d6ver 50% \u00e4r under 35 \u00e5r och ca 40% \u00e4r utlandsf\u00f6dda.&nbsp;<\/strong><\/p>\n<\/div>\n\n\n\n<div class=\"wp-block-column is-layout-flow wp-block-column-is-layout-flow\">\n<p class=\"no-margin\" style=\"font-size:100px;font-style:normal;font-weight:700\">50\/50<\/p>\n\n\n\n<p class=\"has-text-color has-link-color wp-elements-5ec247abd2f4f666c85d3be92d239bc3\" style=\"color:#4d4d4d\">F\u00f6rdelningen mellan m\u00e4n och kvinnor i b\u00e5de bes\u00f6k och f\u00f6retagsstarter \u00e4r ungef\u00e4r 50\/50.<\/p>\n<\/div>\n\n\n\n<div class=\"wp-block-column is-layout-flow wp-block-column-is-layout-flow\">\n<p class=\"no-margin\" style=\"font-size:100px;font-style:normal;font-weight:700\">11 579<\/p>\n\n\n\n<p class=\"has-text-color has-link-color wp-elements-4facdbe2496f5b5e61a00fe224d85fdc\" style=\"color:#4d4d4d\">Fr\u00e5n starten 1991 till 2022 har Nyf\u00f6retagarCentrum i J\u00f6nk\u00f6ping haft 11 579 nybes\u00f6k och medverkat i 3 619 f\u00f6retagsstarter.<\/p>\n<\/div>\n<\/div>\n\n\n\n<div style=\"height:51px\" aria-hidden=\"true\" class=\"wp-block-spacer\"><\/div>\n\n\n\n<div class=\"wp-block-buttons alignwide is-layout-flex wp-block-buttons-is-layout-flex\"><\/div>\n\n\n\n<div style=\"height:51px\" aria-hidden=\"true\" class=\"wp-block-spacer\"><\/div>\n<\/div>\n\n\n\n<h2 class=\"wp-block-heading has-text-align-center\">\u00c4r ditt f\u00f6retag eller organisation intresserad av att st\u00f6dja Nyf\u00f6retagarCentrum J\u00f6nk\u00f6pings arbete?<\/h2>\n\n\n\n<div class=\"wp-block-group alignfull is-layout-constrained wp-block-group-is-layout-constrained\"><section  class=\"nfc-block-form aligncontent layout-small\">\n    <div class=\"contained\">\n\n        <form data-nfc-form=\"block_9e259c3aa5513b13586cde6c0d7f279d\" data-nfc-page=\"161\">\n            <label class=\"input-wrapper required\" for=\"namn\">\n    <span>Namn<\/span>\n    <input type=\"text\" name=\"namn\" id=\"namn\" placeholder=\"\" required>\n<\/label><label class=\"input-wrapper required\" for=\"foretag-eller-organisation\">\n    <span>F\u00f6retag eller organisation<\/span>\n    <input type=\"text\" name=\"foretag-eller-organisation\" id=\"foretag-eller-organisation\" placeholder=\"\" required>\n<\/label><label class=\"input-wrapper required\" for=\"e-post\">\n    <span>E-post<\/span>\n    <input type=\"text\" name=\"e-post\" id=\"e-post\" placeholder=\"\" required>\n<\/label>\n            <div class=\"input-wrapper\">\n                <button type=\"submit\" class=\"button\">Skicka<\/button>\n            <\/div>\n        <\/form>\n    <\/div>\n<\/section><\/div>\n\n\n\n<div style=\"height:100px\" aria-hidden=\"true\" class=\"wp-block-spacer\"><\/div>\n","protected":false},"excerpt":{"rendered":"<p>50% \u00d6ver 50% \u00e4r under 35 \u00e5r och ca 40% \u00e4r utlandsf\u00f6dda.&nbsp; 50\/50 F\u00f6rdelningen mellan m\u00e4n och kvinnor i b\u00e5de bes\u00f6k och f\u00f6retagsstarter \u00e4r ungef\u00e4r 50\/50. 11 579 Fr\u00e5n starten 1991 till 2022 har Nyf\u00f6retagarCentrum i J\u00f6nk\u00f6ping haft 11 579 nybes\u00f6k och medverkat i 3 619 f\u00f6retagsstarter. \u00c4r ditt f\u00f6retag eller organisation intresserad av att [&hellip;]<\/p>\n","protected":false},"author":1,"featured_media":0,"parent":0,"menu_order":0,"comment_status":"closed","ping_status":"closed","template":"","meta":{"footnotes":""},"acf":[],"yoast_head":"<!-- This site is optimized with the Yoast SEO plugin v22.9 - https:\/\/yoast.com\/wordpress\/plugins\/seo\/ -->\n<title>Om oss - J\u00f6nk\u00f6ping<\/title>\n<meta name=\"description\" content=\"Starta eget f\u00f6retag. Nyf\u00f6retagarcentrum J\u00f6nk\u00f6ping hj\u00e4lper dig med r\u00e5dgivning n\u00e4r du ska starta eget f\u00f6retag.\" \/>\n<meta name=\"robots\" content=\"index, follow, max-snippet:-1, max-image-preview:large, max-video-preview:-1\" \/>\n<link rel=\"canonical\" href=\"https:\/\/nyforetagarcentrum.se\/jonkoping\/om-oss\/\" \/>\n<meta property=\"og:locale\" content=\"sv_SE\" \/>\n<meta property=\"og:type\" content=\"article\" \/>\n<meta property=\"og:title\" content=\"Om oss - J\u00f6nk\u00f6ping\" \/>\n<meta property=\"og:description\" content=\"Starta eget f\u00f6retag. Nyf\u00f6retagarcentrum J\u00f6nk\u00f6ping hj\u00e4lper dig med r\u00e5dgivning n\u00e4r du ska starta eget f\u00f6retag.\" \/>\n<meta property=\"og:url\" content=\"https:\/\/nyforetagarcentrum.se\/jonkoping\/om-oss\/\" \/>\n<meta property=\"og:site_name\" content=\"J\u00f6nk\u00f6ping\" \/>\n<meta property=\"article:modified_time\" content=\"2025-10-13T13:19:47+00:00\" \/>\n<meta name=\"twitter:card\" content=\"summary_large_image\" \/>\n<meta name=\"twitter:label1\" content=\"Ber\u00e4knad l\u00e4stid\" \/>\n\t<meta name=\"twitter:data1\" content=\"1 minut\" \/>\n<script type=\"application\/ld+json\" class=\"yoast-schema-graph\">{\"@context\":\"https:\/\/schema.org\",\"@graph\":[{\"@type\":\"WebPage\",\"@id\":\"https:\/\/nyforetagarcentrum.se\/jonkoping\/om-oss\/\",\"url\":\"https:\/\/nyforetagarcentrum.se\/jonkoping\/om-oss\/\",\"name\":\"Om oss - J\u00f6nk\u00f6ping\",\"isPartOf\":{\"@id\":\"https:\/\/nyforetagarcentrum.se\/jonkoping\/#website\"},\"datePublished\":\"2024-02-27T15:04:37+00:00\",\"dateModified\":\"2025-10-13T13:19:47+00:00\",\"description\":\"Starta eget f\u00f6retag. Nyf\u00f6retagarcentrum J\u00f6nk\u00f6ping hj\u00e4lper dig med r\u00e5dgivning n\u00e4r du ska starta eget f\u00f6retag.\",\"breadcrumb\":{\"@id\":\"https:\/\/nyforetagarcentrum.se\/jonkoping\/om-oss\/#breadcrumb\"},\"inLanguage\":\"sv-SE\",\"potentialAction\":[{\"@type\":\"ReadAction\",\"target\":[\"https:\/\/nyforetagarcentrum.se\/jonkoping\/om-oss\/\"]}]},{\"@type\":\"BreadcrumbList\",\"@id\":\"https:\/\/nyforetagarcentrum.se\/jonkoping\/om-oss\/#breadcrumb\",\"itemListElement\":[{\"@type\":\"ListItem\",\"position\":1,\"name\":\"Hem\",\"item\":\"https:\/\/nyforetagarcentrum.se\/jonkoping\/\"},{\"@type\":\"ListItem\",\"position\":2,\"name\":\"Om oss\"}]},{\"@type\":\"WebSite\",\"@id\":\"https:\/\/nyforetagarcentrum.se\/jonkoping\/#website\",\"url\":\"https:\/\/nyforetagarcentrum.se\/jonkoping\/\",\"name\":\"J\u00f6nk\u00f6ping\",\"description\":\"Sveriges ledande kraft f\u00f6r fler nya livskraftiga f\u00f6retag\",\"publisher\":{\"@id\":\"https:\/\/nyforetagarcentrum.se\/jonkoping\/#organization\"},\"potentialAction\":[{\"@type\":\"SearchAction\",\"target\":{\"@type\":\"EntryPoint\",\"urlTemplate\":\"https:\/\/nyforetagarcentrum.se\/jonkoping\/?s={search_term_string}\"},\"query-input\":\"required name=search_term_string\"}],\"inLanguage\":\"sv-SE\"},{\"@type\":\"Organization\",\"@id\":\"https:\/\/nyforetagarcentrum.se\/jonkoping\/#organization\",\"name\":\"J\u00f6nk\u00f6ping\",\"url\":\"https:\/\/nyforetagarcentrum.se\/jonkoping\/\",\"logo\":{\"@type\":\"ImageObject\",\"inLanguage\":\"sv-SE\",\"@id\":\"https:\/\/nyforetagarcentrum.se\/jonkoping\/#\/schema\/logo\/image\/\",\"url\":\"https:\/\/nyforetagarcentrum.se\/jonkoping\/wp-content\/uploads\/sites\/52\/2024\/04\/Jonkoping.png\",\"contentUrl\":\"https:\/\/nyforetagarcentrum.se\/jonkoping\/wp-content\/uploads\/sites\/52\/2024\/04\/Jonkoping.png\",\"width\":1082,\"height\":542,\"caption\":\"J\u00f6nk\u00f6ping\"},\"image\":{\"@id\":\"https:\/\/nyforetagarcentrum.se\/jonkoping\/#\/schema\/logo\/image\/\"}}]}<\/script>\n<!-- \/ Yoast SEO plugin. -->","yoast_head_json":{"title":"Om oss - J\u00f6nk\u00f6ping","description":"Starta eget f\u00f6retag. Nyf\u00f6retagarcentrum J\u00f6nk\u00f6ping hj\u00e4lper dig med r\u00e5dgivning n\u00e4r du ska starta eget f\u00f6retag.","robots":{"index":"index","follow":"follow","max-snippet":"max-snippet:-1","max-image-preview":"max-image-preview:large","max-video-preview":"max-video-preview:-1"},"canonical":"https:\/\/nyforetagarcentrum.se\/jonkoping\/om-oss\/","og_locale":"sv_SE","og_type":"article","og_title":"Om oss - J\u00f6nk\u00f6ping","og_description":"Starta eget f\u00f6retag. Nyf\u00f6retagarcentrum J\u00f6nk\u00f6ping hj\u00e4lper dig med r\u00e5dgivning n\u00e4r du ska starta eget f\u00f6retag.","og_url":"https:\/\/nyforetagarcentrum.se\/jonkoping\/om-oss\/","og_site_name":"J\u00f6nk\u00f6ping","article_modified_time":"2025-10-13T13:19:47+00:00","twitter_card":"summary_large_image","twitter_misc":{"Ber\u00e4knad l\u00e4stid":"1 minut"},"schema":{"@context":"https:\/\/schema.org","@graph":[{"@type":"WebPage","@id":"https:\/\/nyforetagarcentrum.se\/jonkoping\/om-oss\/","url":"https:\/\/nyforetagarcentrum.se\/jonkoping\/om-oss\/","name":"Om oss - J\u00f6nk\u00f6ping","isPartOf":{"@id":"https:\/\/nyforetagarcentrum.se\/jonkoping\/#website"},"datePublished":"2024-02-27T15:04:37+00:00","dateModified":"2025-10-13T13:19:47+00:00","description":"Starta eget f\u00f6retag. Nyf\u00f6retagarcentrum J\u00f6nk\u00f6ping hj\u00e4lper dig med r\u00e5dgivning n\u00e4r du ska starta eget f\u00f6retag.","breadcrumb":{"@id":"https:\/\/nyforetagarcentrum.se\/jonkoping\/om-oss\/#breadcrumb"},"inLanguage":"sv-SE","potentialAction":[{"@type":"ReadAction","target":["https:\/\/nyforetagarcentrum.se\/jonkoping\/om-oss\/"]}]},{"@type":"BreadcrumbList","@id":"https:\/\/nyforetagarcentrum.se\/jonkoping\/om-oss\/#breadcrumb","itemListElement":[{"@type":"ListItem","position":1,"name":"Hem","item":"https:\/\/nyforetagarcentrum.se\/jonkoping\/"},{"@type":"ListItem","position":2,"name":"Om oss"}]},{"@type":"WebSite","@id":"https:\/\/nyforetagarcentrum.se\/jonkoping\/#website","url":"https:\/\/nyforetagarcentrum.se\/jonkoping\/","name":"J\u00f6nk\u00f6ping","description":"Sveriges ledande kraft f\u00f6r fler nya livskraftiga f\u00f6retag","publisher":{"@id":"https:\/\/nyforetagarcentrum.se\/jonkoping\/#organization"},"potentialAction":[{"@type":"SearchAction","target":{"@type":"EntryPoint","urlTemplate":"https:\/\/nyforetagarcentrum.se\/jonkoping\/?s={search_term_string}"},"query-input":"required name=search_term_string"}],"inLanguage":"sv-SE"},{"@type":"Organization","@id":"https:\/\/nyforetagarcentrum.se\/jonkoping\/#organization","name":"J\u00f6nk\u00f6ping","url":"https:\/\/nyforetagarcentrum.se\/jonkoping\/","logo":{"@type":"ImageObject","inLanguage":"sv-SE","@id":"https:\/\/nyforetagarcentrum.se\/jonkoping\/#\/schema\/logo\/image\/","url":"https:\/\/nyforetagarcentrum.se\/jonkoping\/wp-content\/uploads\/sites\/52\/2024\/04\/Jonkoping.png","contentUrl":"https:\/\/nyforetagarcentrum.se\/jonkoping\/wp-content\/uploads\/sites\/52\/2024\/04\/Jonkoping.png","width":1082,"height":542,"caption":"J\u00f6nk\u00f6ping"},"image":{"@id":"https:\/\/nyforetagarcentrum.se\/jonkoping\/#\/schema\/logo\/image\/"}}]}},"_links":{"self":[{"href":"https:\/\/nyforetagarcentrum.se\/jonkoping\/wp-json\/wp\/v2\/pages\/161"}],"collection":[{"href":"https:\/\/nyforetagarcentrum.se\/jonkoping\/wp-json\/wp\/v2\/pages"}],"about":[{"href":"https:\/\/nyforetagarcentrum.se\/jonkoping\/wp-json\/wp\/v2\/types\/page"}],"author":[{"embeddable":true,"href":"https:\/\/nyforetagarcentrum.se\/jonkoping\/wp-json\/wp\/v2\/users\/1"}],"replies":[{"embeddable":true,"href":"https:\/\/nyforetagarcentrum.se\/jonkoping\/wp-json\/wp\/v2\/comments?post=161"}],"version-history":[{"count":57,"href":"https:\/\/nyforetagarcentrum.se\/jonkoping\/wp-json\/wp\/v2\/pages\/161\/revisions"}],"predecessor-version":[{"id":2075,"href":"https:\/\/nyforetagarcentrum.se\/jonkoping\/wp-json\/wp\/v2\/pages\/161\/revisions\/2075"}],"wp:attachment":[{"href":"https:\/\/nyforetagarcentrum.se\/jonkoping\/wp-json\/wp\/v2\/media?parent=161"}],"curies":[{"name":"wp","href":"https:\/\/api.w.org\/{rel}","templated":true}]}}