{"id":41,"date":"2024-02-22T10:24:51","date_gmt":"2024-02-22T09:24:51","guid":{"rendered":"https:\/\/nyforetagarcentrum.se\/jarfalla\/?page_id=41"},"modified":"2025-05-26T13:43:35","modified_gmt":"2025-05-26T11:43:35","slug":"vara-samarbetspartners","status":"publish","type":"page","link":"https:\/\/nyforetagarcentrum.se\/jarfalla\/vara-samarbetspartners\/","title":{"rendered":"V\u00e5ra samarbetspartners"},"content":{"rendered":"<section  class=\"nfc-block-hero alignfull\">\n\n    <img loading=\"lazy\" decoding=\"async\" width=\"1470\" height=\"980\" src=\"https:\/\/nyforetagarcentrum.se\/jarfalla\/wp-content\/uploads\/sites\/40\/2024\/02\/Medium_JM.png\" class=\"attachment-landscape size-landscape\" alt=\"\" srcset=\"https:\/\/nyforetagarcentrum.se\/jarfalla\/wp-content\/uploads\/sites\/40\/2024\/02\/Medium_JM.png 1470w, https:\/\/nyforetagarcentrum.se\/jarfalla\/wp-content\/uploads\/sites\/40\/2024\/02\/Medium_JM-300x200.png 300w, https:\/\/nyforetagarcentrum.se\/jarfalla\/wp-content\/uploads\/sites\/40\/2024\/02\/Medium_JM-1024x683.png 1024w, https:\/\/nyforetagarcentrum.se\/jarfalla\/wp-content\/uploads\/sites\/40\/2024\/02\/Medium_JM-768x512.png 768w\" sizes=\"(max-width: 1470px) 100vw, 1470px\" \/>\n    <div class=\"contained\">\n        <h1 class=\"nfc-block-hero__heading\">V\u00e5ra samarbetspartners<\/h1>\n\n            <\/div>\n<\/section>\n\n<section  class=\"block-our-partners nfc-block-partners\">\n    <div class=\"contained\">\n            <\/div>\n<\/section>\n\n\n<div style=\"height:50px\" aria-hidden=\"true\" class=\"wp-block-spacer\"><\/div>\n\n\n<section  class=\"nfc-block-breadcrumbs\">\n    <div class=\"wrapper contained\">\n        <ol class=\"breadcrumbs\" itemscope itemtype=\"https:\/\/schema.org\/BreadcrumbList\">\n            <li itemprop=\"itemListElement\" itemscope itemtype=\"https:\/\/schema.org\/ListItem\">\n            \n\n                            <span class=\"current\" itemprop=\"name\">Hem<\/span>\n            \n            <meta itemprop=\"position\" content=\"1\" \/>\n        <\/li>\n    <\/ol>    <\/div>\n<\/section>\n\n\n<div style=\"height:51px\" aria-hidden=\"true\" class=\"wp-block-spacer\"><\/div>\n\n\n<section  class=\"block-our-partners nfc-block-partners\">\n    <div class=\"contained\">\n                                    <div class=\"partner-card\">\n                    <div class=\"logo-wrapper\">\n                        <img decoding=\"async\" src=\"https:\/\/nyforetagarcentrum.se\/jarfalla\/wp-content\/uploads\/sites\/40\/2024\/05\/Ska\u2560ermavbild-2016-08-31-kl.-16.15.08.png\" alt=\"\">\n                    <\/div>\n                    \n                                            <div class=\"h4\"><b>SAAB<\/b><\/div>\n                                                                                                                            <div class=\"item link\"><b><a href=\"https:\/\/www.saab.com\/sv\/markets\/sweden\" target=\"_blank\" > Till hemsidan<\/a><\/b><\/div>\n                                    <\/div>\n                            <div class=\"partner-card\">\n                    <div class=\"logo-wrapper\">\n                        <img decoding=\"async\" src=\"https:\/\/nyforetagarcentrum.se\/jarfalla\/wp-content\/uploads\/sites\/40\/2024\/05\/Sparbanken-Enko\u2560eping.png\" alt=\"\">\n                    <\/div>\n                    \n                                            <div class=\"h4\"><b>Sparbanken i Enk\u00f6ping<\/b><\/div>\n                                                                                                                            <div class=\"item link\"><b><a href=\"https:\/\/www.sparbankenenkoping.se\/\" target=\"_blank\" > Till hemsidan<\/a><\/b><\/div>\n                                    <\/div>\n                            <div class=\"partner-card\">\n                    <div class=\"logo-wrapper\">\n                        <img decoding=\"async\" src=\"https:\/\/nyforetagarcentrum.se\/jarfalla\/wp-content\/uploads\/sites\/40\/2024\/05\/Swedbank.jpg\" alt=\"\">\n                    <\/div>\n                    \n                                            <div class=\"h4\"><b>Swedbank<\/b><\/div>\n                                                                                                                            <div class=\"item link\"><b><a href=\"https:\/\/www.swedbank.se\/\" target=\"_blank\" > Till hemsidan<\/a><\/b><\/div>\n                                    <\/div>\n                            <div class=\"partner-card\">\n                    <div class=\"logo-wrapper\">\n                        <img decoding=\"async\" src=\"https:\/\/nyforetagarcentrum.se\/jarfalla\/wp-content\/uploads\/sites\/40\/2024\/05\/Upplands-Bro.png\" alt=\"\">\n                    <\/div>\n                    \n                                            <div class=\"h4\"><b>Upplands-Bro kommun<\/b><\/div>\n                                                                                                                            <div class=\"item link\"><b><a href=\"https:\/\/www.upplands-bro.se\/\" target=\"_blank\" > Till hemsidan<\/a><\/b><\/div>\n                                    <\/div>\n                            <div class=\"partner-card\">\n                    <div class=\"logo-wrapper\">\n                        <img decoding=\"async\" src=\"https:\/\/nyforetagarcentrum.se\/jarfalla\/wp-content\/uploads\/sites\/40\/2024\/05\/Fo\u2560eretagarna-Ja\u2560erfa\u2560ella.png\" alt=\"\">\n                    <\/div>\n                    \n                                            <div class=\"h4\"><b>F\u00f6retagarna<\/b><\/div>\n                                                                                                                            <div class=\"item link\"><b><a href=\"https:\/\/www.foretagarna.se\/\" target=\"_blank\" > Till hemsidan<\/a><\/b><\/div>\n                                    <\/div>\n                            <div class=\"partner-card\">\n                    <div class=\"logo-wrapper\">\n                        <img decoding=\"async\" src=\"https:\/\/nyforetagarcentrum.se\/jarfalla\/wp-content\/uploads\/sites\/40\/2024\/05\/Ja\u2560erfa\u2560ella.jpg\" alt=\"\">\n                    <\/div>\n                    \n                                            <div class=\"h4\"><b>J\u00e4rf\u00e4lla kommun<\/b><\/div>\n                                                                                                                            <div class=\"item link\"><b><a href=\"https:\/\/www.jarfalla.se\/\" target=\"_blank\" > Till hemsidan<\/a><\/b><\/div>\n                                    <\/div>\n                            <div class=\"partner-card\">\n                    <div class=\"logo-wrapper\">\n                        <img decoding=\"async\" src=\"https:\/\/nyforetagarcentrum.se\/jarfalla\/wp-content\/uploads\/sites\/40\/2024\/05\/Logga-Profina.png\" alt=\"\">\n                    <\/div>\n                    \n                                            <div class=\"h4\"><b>Profina<\/b><\/div>\n                                                                                                                            <div class=\"item link\"><b><a href=\"https:\/\/profina.se\/\" target=\"_blank\" > Till hemsidan<\/a><\/b><\/div>\n                                    <\/div>\n                            <div class=\"partner-card\">\n                    <div class=\"logo-wrapper\">\n                        <img decoding=\"async\" src=\"https:\/\/nyforetagarcentrum.se\/jarfalla\/wp-content\/uploads\/sites\/40\/2024\/05\/Nordea.png\" alt=\"\">\n                    <\/div>\n                    \n                                            <div class=\"h4\"><b>Nordea<\/b><\/div>\n                                                                                                                            <div class=\"item link\"><b><a href=\"https:\/\/www.nordea.se\/\" target=\"_blank\" > Till hemsidan<\/a><\/b><\/div>\n                                    <\/div>\n                            <div class=\"partner-card\">\n                    <div class=\"logo-wrapper\">\n                        <img decoding=\"async\" src=\"https:\/\/nyforetagarcentrum.se\/jarfalla\/wp-content\/uploads\/sites\/40\/2024\/05\/SEB-logga.png\" alt=\"\">\n                    <\/div>\n                    \n                                            <div class=\"h4\"><b>SEB<\/b><\/div>\n                                                                                                                            <div class=\"item link\"><b><a href=\"https:\/\/seb.se\/\" target=\"_blank\" > Till hemsidan<\/a><\/b><\/div>\n                                    <\/div>\n                            <div class=\"partner-card\">\n                    <div class=\"logo-wrapper\">\n                        <img decoding=\"async\" src=\"https:\/\/nyforetagarcentrum.se\/jarfalla\/wp-content\/uploads\/sites\/40\/2024\/05\/alc_logo.png\" alt=\"\">\n                    <\/div>\n                    \n                                            <div class=\"h4\"><b>Alc design<\/b><\/div>\n                                                                                                                    <\/div>\n                            <div class=\"partner-card\">\n                    <div class=\"logo-wrapper\">\n                        <img decoding=\"async\" src=\"https:\/\/nyforetagarcentrum.se\/jarfalla\/wp-content\/uploads\/sites\/40\/2024\/05\/st_redovisning.jpg\" alt=\"\">\n                    <\/div>\n                    \n                                            <div class=\"h4\"><b>S&#038;T Redovisning<\/b><\/div>\n                                                                                                                            <div class=\"item link\"><b><a href=\"https:\/\/www.stredovisning.se\/\" target=\"_blank\" > Till hemsidan<\/a><\/b><\/div>\n                                    <\/div>\n                        <\/div>\n<\/section>\n\n\n<div style=\"height:80px\" aria-hidden=\"true\" class=\"wp-block-spacer\"><\/div>\n","protected":false},"excerpt":{"rendered":"","protected":false},"author":1,"featured_media":0,"parent":0,"menu_order":0,"comment_status":"closed","ping_status":"closed","template":"","meta":{"footnotes":""},"acf":[],"yoast_head":"<!-- This site is optimized with the Yoast SEO plugin v22.9 - https:\/\/yoast.com\/wordpress\/plugins\/seo\/ -->\n<title>V\u00e5ra samarbetspartners - J\u00e4rf\u00e4lla<\/title>\n<meta name=\"robots\" content=\"index, follow, max-snippet:-1, max-image-preview:large, max-video-preview:-1\" \/>\n<link rel=\"canonical\" href=\"https:\/\/nyforetagarcentrum.se\/jarfalla\/vara-samarbetspartners\/\" \/>\n<meta property=\"og:locale\" content=\"sv_SE\" \/>\n<meta property=\"og:type\" content=\"article\" \/>\n<meta property=\"og:title\" content=\"V\u00e5ra samarbetspartners - J\u00e4rf\u00e4lla\" \/>\n<meta property=\"og:url\" content=\"https:\/\/nyforetagarcentrum.se\/jarfalla\/vara-samarbetspartners\/\" \/>\n<meta property=\"og:site_name\" content=\"J\u00e4rf\u00e4lla\" \/>\n<meta property=\"article:modified_time\" content=\"2025-05-26T11:43:35+00:00\" \/>\n<meta name=\"twitter:card\" content=\"summary_large_image\" \/>\n<script type=\"application\/ld+json\" class=\"yoast-schema-graph\">{\"@context\":\"https:\/\/schema.org\",\"@graph\":[{\"@type\":\"WebPage\",\"@id\":\"https:\/\/nyforetagarcentrum.se\/jarfalla\/vara-samarbetspartners\/\",\"url\":\"https:\/\/nyforetagarcentrum.se\/jarfalla\/vara-samarbetspartners\/\",\"name\":\"V\u00e5ra samarbetspartners - J\u00e4rf\u00e4lla\",\"isPartOf\":{\"@id\":\"https:\/\/nyforetagarcentrum.se\/jarfalla\/#website\"},\"datePublished\":\"2024-02-22T09:24:51+00:00\",\"dateModified\":\"2025-05-26T11:43:35+00:00\",\"breadcrumb\":{\"@id\":\"https:\/\/nyforetagarcentrum.se\/jarfalla\/vara-samarbetspartners\/#breadcrumb\"},\"inLanguage\":\"sv-SE\",\"potentialAction\":[{\"@type\":\"ReadAction\",\"target\":[\"https:\/\/nyforetagarcentrum.se\/jarfalla\/vara-samarbetspartners\/\"]}]},{\"@type\":\"BreadcrumbList\",\"@id\":\"https:\/\/nyforetagarcentrum.se\/jarfalla\/vara-samarbetspartners\/#breadcrumb\",\"itemListElement\":[{\"@type\":\"ListItem\",\"position\":1,\"name\":\"Hem\",\"item\":\"https:\/\/nyforetagarcentrum.se\/jarfalla\/\"},{\"@type\":\"ListItem\",\"position\":2,\"name\":\"V\u00e5ra samarbetspartners\"}]},{\"@type\":\"WebSite\",\"@id\":\"https:\/\/nyforetagarcentrum.se\/jarfalla\/#website\",\"url\":\"https:\/\/nyforetagarcentrum.se\/jarfalla\/\",\"name\":\"J\u00e4rf\u00e4lla\",\"description\":\"Sveriges ledande kraft f\u00f6r fler nya livskraftiga f\u00f6retag\",\"publisher\":{\"@id\":\"https:\/\/nyforetagarcentrum.se\/jarfalla\/#organization\"},\"potentialAction\":[{\"@type\":\"SearchAction\",\"target\":{\"@type\":\"EntryPoint\",\"urlTemplate\":\"https:\/\/nyforetagarcentrum.se\/jarfalla\/?s={search_term_string}\"},\"query-input\":\"required name=search_term_string\"}],\"inLanguage\":\"sv-SE\"},{\"@type\":\"Organization\",\"@id\":\"https:\/\/nyforetagarcentrum.se\/jarfalla\/#organization\",\"name\":\"J\u00e4rf\u00e4lla\",\"url\":\"https:\/\/nyforetagarcentrum.se\/jarfalla\/\",\"logo\":{\"@type\":\"ImageObject\",\"inLanguage\":\"sv-SE\",\"@id\":\"https:\/\/nyforetagarcentrum.se\/jarfalla\/#\/schema\/logo\/image\/\",\"url\":\"https:\/\/nyforetagarcentrum.se\/jarfalla\/wp-content\/uploads\/sites\/40\/2024\/04\/Jarfalla-upplands-bro-1.png\",\"contentUrl\":\"https:\/\/nyforetagarcentrum.se\/jarfalla\/wp-content\/uploads\/sites\/40\/2024\/04\/Jarfalla-upplands-bro-1.png\",\"width\":1082,\"height\":542,\"caption\":\"J\u00e4rf\u00e4lla\"},\"image\":{\"@id\":\"https:\/\/nyforetagarcentrum.se\/jarfalla\/#\/schema\/logo\/image\/\"}}]}<\/script>\n<!-- \/ Yoast SEO plugin. -->","yoast_head_json":{"title":"V\u00e5ra samarbetspartners - J\u00e4rf\u00e4lla","robots":{"index":"index","follow":"follow","max-snippet":"max-snippet:-1","max-image-preview":"max-image-preview:large","max-video-preview":"max-video-preview:-1"},"canonical":"https:\/\/nyforetagarcentrum.se\/jarfalla\/vara-samarbetspartners\/","og_locale":"sv_SE","og_type":"article","og_title":"V\u00e5ra samarbetspartners - J\u00e4rf\u00e4lla","og_url":"https:\/\/nyforetagarcentrum.se\/jarfalla\/vara-samarbetspartners\/","og_site_name":"J\u00e4rf\u00e4lla","article_modified_time":"2025-05-26T11:43:35+00:00","twitter_card":"summary_large_image","schema":{"@context":"https:\/\/schema.org","@graph":[{"@type":"WebPage","@id":"https:\/\/nyforetagarcentrum.se\/jarfalla\/vara-samarbetspartners\/","url":"https:\/\/nyforetagarcentrum.se\/jarfalla\/vara-samarbetspartners\/","name":"V\u00e5ra samarbetspartners - J\u00e4rf\u00e4lla","isPartOf":{"@id":"https:\/\/nyforetagarcentrum.se\/jarfalla\/#website"},"datePublished":"2024-02-22T09:24:51+00:00","dateModified":"2025-05-26T11:43:35+00:00","breadcrumb":{"@id":"https:\/\/nyforetagarcentrum.se\/jarfalla\/vara-samarbetspartners\/#breadcrumb"},"inLanguage":"sv-SE","potentialAction":[{"@type":"ReadAction","target":["https:\/\/nyforetagarcentrum.se\/jarfalla\/vara-samarbetspartners\/"]}]},{"@type":"BreadcrumbList","@id":"https:\/\/nyforetagarcentrum.se\/jarfalla\/vara-samarbetspartners\/#breadcrumb","itemListElement":[{"@type":"ListItem","position":1,"name":"Hem","item":"https:\/\/nyforetagarcentrum.se\/jarfalla\/"},{"@type":"ListItem","position":2,"name":"V\u00e5ra samarbetspartners"}]},{"@type":"WebSite","@id":"https:\/\/nyforetagarcentrum.se\/jarfalla\/#website","url":"https:\/\/nyforetagarcentrum.se\/jarfalla\/","name":"J\u00e4rf\u00e4lla","description":"Sveriges ledande kraft f\u00f6r fler nya livskraftiga f\u00f6retag","publisher":{"@id":"https:\/\/nyforetagarcentrum.se\/jarfalla\/#organization"},"potentialAction":[{"@type":"SearchAction","target":{"@type":"EntryPoint","urlTemplate":"https:\/\/nyforetagarcentrum.se\/jarfalla\/?s={search_term_string}"},"query-input":"required name=search_term_string"}],"inLanguage":"sv-SE"},{"@type":"Organization","@id":"https:\/\/nyforetagarcentrum.se\/jarfalla\/#organization","name":"J\u00e4rf\u00e4lla","url":"https:\/\/nyforetagarcentrum.se\/jarfalla\/","logo":{"@type":"ImageObject","inLanguage":"sv-SE","@id":"https:\/\/nyforetagarcentrum.se\/jarfalla\/#\/schema\/logo\/image\/","url":"https:\/\/nyforetagarcentrum.se\/jarfalla\/wp-content\/uploads\/sites\/40\/2024\/04\/Jarfalla-upplands-bro-1.png","contentUrl":"https:\/\/nyforetagarcentrum.se\/jarfalla\/wp-content\/uploads\/sites\/40\/2024\/04\/Jarfalla-upplands-bro-1.png","width":1082,"height":542,"caption":"J\u00e4rf\u00e4lla"},"image":{"@id":"https:\/\/nyforetagarcentrum.se\/jarfalla\/#\/schema\/logo\/image\/"}}]}},"_links":{"self":[{"href":"https:\/\/nyforetagarcentrum.se\/jarfalla\/wp-json\/wp\/v2\/pages\/41"}],"collection":[{"href":"https:\/\/nyforetagarcentrum.se\/jarfalla\/wp-json\/wp\/v2\/pages"}],"about":[{"href":"https:\/\/nyforetagarcentrum.se\/jarfalla\/wp-json\/wp\/v2\/types\/page"}],"author":[{"embeddable":true,"href":"https:\/\/nyforetagarcentrum.se\/jarfalla\/wp-json\/wp\/v2\/users\/1"}],"replies":[{"embeddable":true,"href":"https:\/\/nyforetagarcentrum.se\/jarfalla\/wp-json\/wp\/v2\/comments?post=41"}],"version-history":[{"count":34,"href":"https:\/\/nyforetagarcentrum.se\/jarfalla\/wp-json\/wp\/v2\/pages\/41\/revisions"}],"predecessor-version":[{"id":706,"href":"https:\/\/nyforetagarcentrum.se\/jarfalla\/wp-json\/wp\/v2\/pages\/41\/revisions\/706"}],"wp:attachment":[{"href":"https:\/\/nyforetagarcentrum.se\/jarfalla\/wp-json\/wp\/v2\/media?parent=41"}],"curies":[{"name":"wp","href":"https:\/\/api.w.org\/{rel}","templated":true}]}}