{"id":239,"date":"2024-02-29T13:59:39","date_gmt":"2024-02-29T12:59:39","guid":{"rendered":"https:\/\/nyforetagarcentrum.se\/jarfalla\/?page_id=239"},"modified":"2024-05-20T09:32:11","modified_gmt":"2024-05-20T07:32:11","slug":"vara-radgivare","status":"publish","type":"page","link":"https:\/\/nyforetagarcentrum.se\/jarfalla\/vara-radgivare\/","title":{"rendered":"V\u00e5ra r\u00e5dgivare"},"content":{"rendered":"<section  class=\"nfc-block-hero alignfull\">\n\n    <img loading=\"lazy\" decoding=\"async\" width=\"1476\" height=\"984\" src=\"https:\/\/nyforetagarcentrum.se\/jarfalla\/wp-content\/uploads\/sites\/40\/2024\/02\/Nyforetagare-ung-LOW.jpg\" class=\"attachment-landscape size-landscape\" alt=\"\" srcset=\"https:\/\/nyforetagarcentrum.se\/jarfalla\/wp-content\/uploads\/sites\/40\/2024\/02\/Nyforetagare-ung-LOW.jpg 1476w, https:\/\/nyforetagarcentrum.se\/jarfalla\/wp-content\/uploads\/sites\/40\/2024\/02\/Nyforetagare-ung-LOW-300x200.jpg 300w, https:\/\/nyforetagarcentrum.se\/jarfalla\/wp-content\/uploads\/sites\/40\/2024\/02\/Nyforetagare-ung-LOW-1024x683.jpg 1024w, https:\/\/nyforetagarcentrum.se\/jarfalla\/wp-content\/uploads\/sites\/40\/2024\/02\/Nyforetagare-ung-LOW-768x512.jpg 768w\" sizes=\"(max-width: 1476px) 100vw, 1476px\" \/>\n    <div class=\"contained\">\n        <h1 class=\"nfc-block-hero__heading\">V\u00e5ra r\u00e5dgivare<\/h1>\n\n            <\/div>\n<\/section>\n\n\n<div style=\"height:49px\" aria-hidden=\"true\" class=\"wp-block-spacer\"><\/div>\n\n\n<section  class=\"nfc-block-breadcrumbs\">\n    <div class=\"wrapper contained\">\n        <ol class=\"breadcrumbs\" itemscope itemtype=\"https:\/\/schema.org\/BreadcrumbList\">\n            <li itemprop=\"itemListElement\" itemscope itemtype=\"https:\/\/schema.org\/ListItem\">\n            \n\n                            <span class=\"current\" itemprop=\"name\">Hem<\/span>\n            \n            <meta itemprop=\"position\" content=\"1\" \/>\n        <\/li>\n    <\/ol>    <\/div>\n<\/section>\n\n\n<div style=\"height:100px\" aria-hidden=\"true\" class=\"wp-block-spacer\"><\/div>\n\n\n<section  class=\"nfc-block-person_grid alignwide layout-featured\">\n    <div class=\"contained\">\n        <div class=\"grid\">\n            <div class=\"person-featured-card\">\n    \n    <div class=\"featured_image\">\n                    <img loading=\"lazy\" decoding=\"async\" width=\"754\" height=\"760\" src=\"https:\/\/nyforetagarcentrum.se\/jarfalla\/wp-content\/uploads\/sites\/40\/2026\/04\/Skarmavbild-2026-04-16-kl.-10.46.38.png\" class=\"attachment-large size-large\" alt=\"\" srcset=\"https:\/\/nyforetagarcentrum.se\/jarfalla\/wp-content\/uploads\/sites\/40\/2026\/04\/Skarmavbild-2026-04-16-kl.-10.46.38.png 754w, https:\/\/nyforetagarcentrum.se\/jarfalla\/wp-content\/uploads\/sites\/40\/2026\/04\/Skarmavbild-2026-04-16-kl.-10.46.38-298x300.png 298w, https:\/\/nyforetagarcentrum.se\/jarfalla\/wp-content\/uploads\/sites\/40\/2026\/04\/Skarmavbild-2026-04-16-kl.-10.46.38-150x150.png 150w\" sizes=\"(max-width: 754px) 100vw, 754px\" \/>            <\/div>\n\n    <div class=\"content-wrapper\">\n        <h3>Christina Rosenthal<\/h3>\n\n        \n                    <div class=\"excerpt\">\n                R\u00e5dgivare<br \/>\r\nChristina driver f\u00f6retag inom tr\u00e4dg\u00e5rd \u2013 design och underh\u00e5ll. Tidigare har Christina jobbat inom dagligvaruhandeln. Egenf\u00f6retagare under 10 \u00e5r.                <br\/>\n                            <\/div>\n        \n                    <a href=\"https:\/\/jobsdata-nyforetagarcentrum.se\/ExternBooking?OfficeId=47f50f2d-3896-e811-80d7-0050568571f4\" class=\"booking-button button outlined\">Boka r\u00e5dgivning<\/a>\n            <\/div>\n<\/div><div class=\"person-featured-card\">\n    \n    <div class=\"featured_image\">\n                    <img loading=\"lazy\" decoding=\"async\" width=\"481\" height=\"607\" src=\"https:\/\/nyforetagarcentrum.se\/jarfalla\/wp-content\/uploads\/sites\/40\/2024\/05\/Johan-Stenius.jpg\" class=\"attachment-large size-large\" alt=\"\" srcset=\"https:\/\/nyforetagarcentrum.se\/jarfalla\/wp-content\/uploads\/sites\/40\/2024\/05\/Johan-Stenius.jpg 481w, https:\/\/nyforetagarcentrum.se\/jarfalla\/wp-content\/uploads\/sites\/40\/2024\/05\/Johan-Stenius-238x300.jpg 238w\" sizes=\"(max-width: 481px) 100vw, 481px\" \/>            <\/div>\n\n    <div class=\"content-wrapper\">\n        <h3>Johan Stenius<\/h3>\n\n                    <div class=\"tags\">\n                Inriktning:\n                                    <span class=\"tag small\">Generalist<\/span>\n                                    <span class=\"tag small\">KKB<\/span>\n                                    <span class=\"tag small\">Kreativa konstn\u00e4rliga branscher<\/span>\n                            <\/div>\n        \n                    <div class=\"excerpt\">\n                Verksamhetsansvarig\/VD<br \/>\r\nProducent f\u00f6r film och TV, producerar i huvudsak pedagogisk film och dokument\u00e4rfilm. Johan driver ocks\u00e5 en hemsida p\u00e5 n\u00e4tet som f\u00f6ljer upp barns l\u00e4sutveckling. Egenf\u00f6retagare sedan 30 \u00e5r.                <br\/>\n                            <\/div>\n        \n                    <a href=\"https:\/\/jobsdata-nyforetagarcentrum.se\/ExternBooking?OfficeId=47f50f2d-3896-e811-80d7-0050568571f4\" class=\"booking-button button outlined\">Boka r\u00e5dgivning<\/a>\n            <\/div>\n<\/div>        <\/div>\n    <\/div>\n<\/section>\n\n\n<div style=\"height:100px\" aria-hidden=\"true\" class=\"wp-block-spacer\"><\/div>\n","protected":false},"excerpt":{"rendered":"","protected":false},"author":1,"featured_media":0,"parent":0,"menu_order":0,"comment_status":"closed","ping_status":"closed","template":"","meta":{"footnotes":""},"acf":[],"yoast_head":"<!-- This site is optimized with the Yoast SEO plugin v22.9 - https:\/\/yoast.com\/wordpress\/plugins\/seo\/ -->\n<title>V\u00e5ra r\u00e5dgivare - J\u00e4rf\u00e4lla<\/title>\n<meta name=\"robots\" content=\"index, follow, max-snippet:-1, max-image-preview:large, max-video-preview:-1\" \/>\n<link rel=\"canonical\" href=\"https:\/\/nyforetagarcentrum.se\/jarfalla\/vara-radgivare\/\" \/>\n<meta property=\"og:locale\" content=\"sv_SE\" \/>\n<meta property=\"og:type\" content=\"article\" \/>\n<meta property=\"og:title\" content=\"V\u00e5ra r\u00e5dgivare - J\u00e4rf\u00e4lla\" \/>\n<meta property=\"og:url\" content=\"https:\/\/nyforetagarcentrum.se\/jarfalla\/vara-radgivare\/\" \/>\n<meta property=\"og:site_name\" content=\"J\u00e4rf\u00e4lla\" \/>\n<meta property=\"article:modified_time\" content=\"2024-05-20T07:32:11+00:00\" \/>\n<meta name=\"twitter:card\" content=\"summary_large_image\" \/>\n<script type=\"application\/ld+json\" class=\"yoast-schema-graph\">{\"@context\":\"https:\/\/schema.org\",\"@graph\":[{\"@type\":\"WebPage\",\"@id\":\"https:\/\/nyforetagarcentrum.se\/jarfalla\/vara-radgivare\/\",\"url\":\"https:\/\/nyforetagarcentrum.se\/jarfalla\/vara-radgivare\/\",\"name\":\"V\u00e5ra r\u00e5dgivare - J\u00e4rf\u00e4lla\",\"isPartOf\":{\"@id\":\"https:\/\/nyforetagarcentrum.se\/jarfalla\/#website\"},\"datePublished\":\"2024-02-29T12:59:39+00:00\",\"dateModified\":\"2024-05-20T07:32:11+00:00\",\"breadcrumb\":{\"@id\":\"https:\/\/nyforetagarcentrum.se\/jarfalla\/vara-radgivare\/#breadcrumb\"},\"inLanguage\":\"sv-SE\",\"potentialAction\":[{\"@type\":\"ReadAction\",\"target\":[\"https:\/\/nyforetagarcentrum.se\/jarfalla\/vara-radgivare\/\"]}]},{\"@type\":\"BreadcrumbList\",\"@id\":\"https:\/\/nyforetagarcentrum.se\/jarfalla\/vara-radgivare\/#breadcrumb\",\"itemListElement\":[{\"@type\":\"ListItem\",\"position\":1,\"name\":\"Hem\",\"item\":\"https:\/\/nyforetagarcentrum.se\/jarfalla\/\"},{\"@type\":\"ListItem\",\"position\":2,\"name\":\"V\u00e5ra r\u00e5dgivare\"}]},{\"@type\":\"WebSite\",\"@id\":\"https:\/\/nyforetagarcentrum.se\/jarfalla\/#website\",\"url\":\"https:\/\/nyforetagarcentrum.se\/jarfalla\/\",\"name\":\"J\u00e4rf\u00e4lla\",\"description\":\"Sveriges ledande kraft f\u00f6r fler nya livskraftiga f\u00f6retag\",\"publisher\":{\"@id\":\"https:\/\/nyforetagarcentrum.se\/jarfalla\/#organization\"},\"potentialAction\":[{\"@type\":\"SearchAction\",\"target\":{\"@type\":\"EntryPoint\",\"urlTemplate\":\"https:\/\/nyforetagarcentrum.se\/jarfalla\/?s={search_term_string}\"},\"query-input\":\"required name=search_term_string\"}],\"inLanguage\":\"sv-SE\"},{\"@type\":\"Organization\",\"@id\":\"https:\/\/nyforetagarcentrum.se\/jarfalla\/#organization\",\"name\":\"J\u00e4rf\u00e4lla\",\"url\":\"https:\/\/nyforetagarcentrum.se\/jarfalla\/\",\"logo\":{\"@type\":\"ImageObject\",\"inLanguage\":\"sv-SE\",\"@id\":\"https:\/\/nyforetagarcentrum.se\/jarfalla\/#\/schema\/logo\/image\/\",\"url\":\"https:\/\/nyforetagarcentrum.se\/jarfalla\/wp-content\/uploads\/sites\/40\/2024\/07\/jarfalla_bla-1.png\",\"contentUrl\":\"https:\/\/nyforetagarcentrum.se\/jarfalla\/wp-content\/uploads\/sites\/40\/2024\/07\/jarfalla_bla-1.png\",\"width\":870,\"height\":421,\"caption\":\"J\u00e4rf\u00e4lla\"},\"image\":{\"@id\":\"https:\/\/nyforetagarcentrum.se\/jarfalla\/#\/schema\/logo\/image\/\"}}]}<\/script>\n<!-- \/ Yoast SEO plugin. -->","yoast_head_json":{"title":"V\u00e5ra r\u00e5dgivare - J\u00e4rf\u00e4lla","robots":{"index":"index","follow":"follow","max-snippet":"max-snippet:-1","max-image-preview":"max-image-preview:large","max-video-preview":"max-video-preview:-1"},"canonical":"https:\/\/nyforetagarcentrum.se\/jarfalla\/vara-radgivare\/","og_locale":"sv_SE","og_type":"article","og_title":"V\u00e5ra r\u00e5dgivare - J\u00e4rf\u00e4lla","og_url":"https:\/\/nyforetagarcentrum.se\/jarfalla\/vara-radgivare\/","og_site_name":"J\u00e4rf\u00e4lla","article_modified_time":"2024-05-20T07:32:11+00:00","twitter_card":"summary_large_image","schema":{"@context":"https:\/\/schema.org","@graph":[{"@type":"WebPage","@id":"https:\/\/nyforetagarcentrum.se\/jarfalla\/vara-radgivare\/","url":"https:\/\/nyforetagarcentrum.se\/jarfalla\/vara-radgivare\/","name":"V\u00e5ra r\u00e5dgivare - J\u00e4rf\u00e4lla","isPartOf":{"@id":"https:\/\/nyforetagarcentrum.se\/jarfalla\/#website"},"datePublished":"2024-02-29T12:59:39+00:00","dateModified":"2024-05-20T07:32:11+00:00","breadcrumb":{"@id":"https:\/\/nyforetagarcentrum.se\/jarfalla\/vara-radgivare\/#breadcrumb"},"inLanguage":"sv-SE","potentialAction":[{"@type":"ReadAction","target":["https:\/\/nyforetagarcentrum.se\/jarfalla\/vara-radgivare\/"]}]},{"@type":"BreadcrumbList","@id":"https:\/\/nyforetagarcentrum.se\/jarfalla\/vara-radgivare\/#breadcrumb","itemListElement":[{"@type":"ListItem","position":1,"name":"Hem","item":"https:\/\/nyforetagarcentrum.se\/jarfalla\/"},{"@type":"ListItem","position":2,"name":"V\u00e5ra r\u00e5dgivare"}]},{"@type":"WebSite","@id":"https:\/\/nyforetagarcentrum.se\/jarfalla\/#website","url":"https:\/\/nyforetagarcentrum.se\/jarfalla\/","name":"J\u00e4rf\u00e4lla","description":"Sveriges ledande kraft f\u00f6r fler nya livskraftiga f\u00f6retag","publisher":{"@id":"https:\/\/nyforetagarcentrum.se\/jarfalla\/#organization"},"potentialAction":[{"@type":"SearchAction","target":{"@type":"EntryPoint","urlTemplate":"https:\/\/nyforetagarcentrum.se\/jarfalla\/?s={search_term_string}"},"query-input":"required name=search_term_string"}],"inLanguage":"sv-SE"},{"@type":"Organization","@id":"https:\/\/nyforetagarcentrum.se\/jarfalla\/#organization","name":"J\u00e4rf\u00e4lla","url":"https:\/\/nyforetagarcentrum.se\/jarfalla\/","logo":{"@type":"ImageObject","inLanguage":"sv-SE","@id":"https:\/\/nyforetagarcentrum.se\/jarfalla\/#\/schema\/logo\/image\/","url":"https:\/\/nyforetagarcentrum.se\/jarfalla\/wp-content\/uploads\/sites\/40\/2024\/07\/jarfalla_bla-1.png","contentUrl":"https:\/\/nyforetagarcentrum.se\/jarfalla\/wp-content\/uploads\/sites\/40\/2024\/07\/jarfalla_bla-1.png","width":870,"height":421,"caption":"J\u00e4rf\u00e4lla"},"image":{"@id":"https:\/\/nyforetagarcentrum.se\/jarfalla\/#\/schema\/logo\/image\/"}}]}},"_links":{"self":[{"href":"https:\/\/nyforetagarcentrum.se\/jarfalla\/wp-json\/wp\/v2\/pages\/239"}],"collection":[{"href":"https:\/\/nyforetagarcentrum.se\/jarfalla\/wp-json\/wp\/v2\/pages"}],"about":[{"href":"https:\/\/nyforetagarcentrum.se\/jarfalla\/wp-json\/wp\/v2\/types\/page"}],"author":[{"embeddable":true,"href":"https:\/\/nyforetagarcentrum.se\/jarfalla\/wp-json\/wp\/v2\/users\/1"}],"replies":[{"embeddable":true,"href":"https:\/\/nyforetagarcentrum.se\/jarfalla\/wp-json\/wp\/v2\/comments?post=239"}],"version-history":[{"count":5,"href":"https:\/\/nyforetagarcentrum.se\/jarfalla\/wp-json\/wp\/v2\/pages\/239\/revisions"}],"predecessor-version":[{"id":454,"href":"https:\/\/nyforetagarcentrum.se\/jarfalla\/wp-json\/wp\/v2\/pages\/239\/revisions\/454"}],"wp:attachment":[{"href":"https:\/\/nyforetagarcentrum.se\/jarfalla\/wp-json\/wp\/v2\/media?parent=239"}],"curies":[{"name":"wp","href":"https:\/\/api.w.org\/{rel}","templated":true}]}}