{"id":164,"date":"2024-02-27T16:05:17","date_gmt":"2024-02-27T15:05:17","guid":{"rendered":"https:\/\/nyforetagarcentrum.se\/jarfalla\/?page_id=164"},"modified":"2024-03-12T14:11:34","modified_gmt":"2024-03-12T13:11:34","slug":"var-styrelse","status":"publish","type":"page","link":"https:\/\/nyforetagarcentrum.se\/jarfalla\/var-styrelse\/","title":{"rendered":"V\u00e5r styrelse"},"content":{"rendered":"<section  class=\"nfc-block-hero alignfull\">\n\n    <img loading=\"lazy\" decoding=\"async\" width=\"1476\" height=\"984\" src=\"https:\/\/nyforetagarcentrum.se\/jarfalla\/wp-content\/uploads\/sites\/40\/2024\/02\/Nyforetagare-kultur-LOW.jpg\" class=\"attachment-landscape size-landscape\" alt=\"\" srcset=\"https:\/\/nyforetagarcentrum.se\/jarfalla\/wp-content\/uploads\/sites\/40\/2024\/02\/Nyforetagare-kultur-LOW.jpg 1476w, https:\/\/nyforetagarcentrum.se\/jarfalla\/wp-content\/uploads\/sites\/40\/2024\/02\/Nyforetagare-kultur-LOW-300x200.jpg 300w, https:\/\/nyforetagarcentrum.se\/jarfalla\/wp-content\/uploads\/sites\/40\/2024\/02\/Nyforetagare-kultur-LOW-1024x683.jpg 1024w, https:\/\/nyforetagarcentrum.se\/jarfalla\/wp-content\/uploads\/sites\/40\/2024\/02\/Nyforetagare-kultur-LOW-768x512.jpg 768w\" sizes=\"(max-width: 1476px) 100vw, 1476px\" \/>\n    <div class=\"contained\">\n        <h1 class=\"nfc-block-hero__heading\">V\u00e5r styrelse<\/h1>\n\n            <\/div>\n<\/section>\n\n\n<div style=\"height:50px\" aria-hidden=\"true\" class=\"wp-block-spacer\"><\/div>\n\n\n<section  class=\"nfc-block-breadcrumbs\">\n    <div class=\"wrapper contained\">\n        <ol class=\"breadcrumbs\" itemscope itemtype=\"https:\/\/schema.org\/BreadcrumbList\">\n            <li itemprop=\"itemListElement\" itemscope itemtype=\"https:\/\/schema.org\/ListItem\">\n            \n\n                            <span class=\"current\" itemprop=\"name\">Hem<\/span>\n            \n            <meta itemprop=\"position\" content=\"1\" \/>\n        <\/li>\n    <\/ol>    <\/div>\n<\/section>\n\n<section  class=\"nfc-block-person_grid alignwide layout-large-no-image\">\n    <div class=\"contained\">\n        <div class=\"grid\">\n            <div class=\"person-large-card\">\n    <div class=\"content-wrapper\">\n        <h3>Christina Erenvidh<\/h3>\n\n                    <div class=\"excerpt\">\n                Ordf\u00f6rande            <\/div>\n        \n        \n        <div class=\"links\">\n\n            \n                    <\/div>\n        \n    <\/div>\n<\/div><div class=\"person-large-card\">\n    <div class=\"content-wrapper\">\n        <h3>Maria Pallinder<\/h3>\n\n                    <div class=\"excerpt\">\n                Sparbanken Enk\u00f6ping            <\/div>\n        \n        \n        <div class=\"links\">\n\n            \n                    <\/div>\n        \n    <\/div>\n<\/div><div class=\"person-large-card\">\n    <div class=\"content-wrapper\">\n        <h3>Emil Almberg<\/h3>\n\n                    <div class=\"excerpt\">\n                Ordf\u00f6rande F\u00f6retagarna Upplands-Bro            <\/div>\n        \n        \n        <div class=\"links\">\n\n            \n                    <\/div>\n        \n    <\/div>\n<\/div><div class=\"person-large-card\">\n    <div class=\"content-wrapper\">\n        <h3>Beatrice Porschage<\/h3>\n\n                    <div class=\"excerpt\">\n                tf N\u00e4ringslivschef, Upplands-Bro kommun            <\/div>\n        \n        \n        <div class=\"links\">\n\n            \n                    <\/div>\n        \n    <\/div>\n<\/div><div class=\"person-large-card\">\n    <div class=\"content-wrapper\">\n        <h3>Leif Nyr\u00e9n<\/h3>\n\n                    <div class=\"excerpt\">\n                N\u00e4ringslivsdirekt\u00f6r, J\u00e4rf\u00e4lla kommun            <\/div>\n        \n        \n        <div class=\"links\">\n\n            \n                    <\/div>\n        \n    <\/div>\n<\/div><div class=\"person-large-card\">\n    <div class=\"content-wrapper\">\n        <h3>Lena Pramer<\/h3>\n\n                    <div class=\"excerpt\">\n                Ordf\u00f6rande och ordf\u00f6rande F\u00f6retagarna J\u00e4rf\u00e4lla            <\/div>\n        \n        \n        <div class=\"links\">\n\n            \n                    <\/div>\n        \n    <\/div>\n<\/div>        <\/div>\n    <\/div>\n<\/section>\n\n\n<div style=\"height:100px\" aria-hidden=\"true\" class=\"wp-block-spacer\"><\/div>\n","protected":false},"excerpt":{"rendered":"","protected":false},"author":1,"featured_media":0,"parent":0,"menu_order":0,"comment_status":"closed","ping_status":"closed","template":"","meta":{"footnotes":""},"acf":[],"yoast_head":"<!-- This site is optimized with the Yoast SEO plugin v22.9 - https:\/\/yoast.com\/wordpress\/plugins\/seo\/ -->\n<title>V\u00e5r styrelse - J\u00e4rf\u00e4lla<\/title>\n<meta name=\"robots\" content=\"index, follow, max-snippet:-1, max-image-preview:large, max-video-preview:-1\" \/>\n<link rel=\"canonical\" href=\"https:\/\/nyforetagarcentrum.se\/jarfalla\/var-styrelse\/\" \/>\n<meta property=\"og:locale\" content=\"sv_SE\" \/>\n<meta property=\"og:type\" content=\"article\" \/>\n<meta property=\"og:title\" content=\"V\u00e5r styrelse - J\u00e4rf\u00e4lla\" \/>\n<meta property=\"og:url\" content=\"https:\/\/nyforetagarcentrum.se\/jarfalla\/var-styrelse\/\" \/>\n<meta property=\"og:site_name\" content=\"J\u00e4rf\u00e4lla\" \/>\n<meta property=\"article:modified_time\" content=\"2024-03-12T13:11:34+00:00\" \/>\n<meta name=\"twitter:card\" content=\"summary_large_image\" \/>\n<script type=\"application\/ld+json\" class=\"yoast-schema-graph\">{\"@context\":\"https:\/\/schema.org\",\"@graph\":[{\"@type\":\"WebPage\",\"@id\":\"https:\/\/nyforetagarcentrum.se\/jarfalla\/var-styrelse\/\",\"url\":\"https:\/\/nyforetagarcentrum.se\/jarfalla\/var-styrelse\/\",\"name\":\"V\u00e5r styrelse - J\u00e4rf\u00e4lla\",\"isPartOf\":{\"@id\":\"https:\/\/nyforetagarcentrum.se\/jarfalla\/#website\"},\"datePublished\":\"2024-02-27T15:05:17+00:00\",\"dateModified\":\"2024-03-12T13:11:34+00:00\",\"breadcrumb\":{\"@id\":\"https:\/\/nyforetagarcentrum.se\/jarfalla\/var-styrelse\/#breadcrumb\"},\"inLanguage\":\"sv-SE\",\"potentialAction\":[{\"@type\":\"ReadAction\",\"target\":[\"https:\/\/nyforetagarcentrum.se\/jarfalla\/var-styrelse\/\"]}]},{\"@type\":\"BreadcrumbList\",\"@id\":\"https:\/\/nyforetagarcentrum.se\/jarfalla\/var-styrelse\/#breadcrumb\",\"itemListElement\":[{\"@type\":\"ListItem\",\"position\":1,\"name\":\"Hem\",\"item\":\"https:\/\/nyforetagarcentrum.se\/jarfalla\/\"},{\"@type\":\"ListItem\",\"position\":2,\"name\":\"V\u00e5r styrelse\"}]},{\"@type\":\"WebSite\",\"@id\":\"https:\/\/nyforetagarcentrum.se\/jarfalla\/#website\",\"url\":\"https:\/\/nyforetagarcentrum.se\/jarfalla\/\",\"name\":\"J\u00e4rf\u00e4lla\",\"description\":\"Sveriges ledande kraft f\u00f6r fler nya livskraftiga f\u00f6retag\",\"publisher\":{\"@id\":\"https:\/\/nyforetagarcentrum.se\/jarfalla\/#organization\"},\"potentialAction\":[{\"@type\":\"SearchAction\",\"target\":{\"@type\":\"EntryPoint\",\"urlTemplate\":\"https:\/\/nyforetagarcentrum.se\/jarfalla\/?s={search_term_string}\"},\"query-input\":\"required name=search_term_string\"}],\"inLanguage\":\"sv-SE\"},{\"@type\":\"Organization\",\"@id\":\"https:\/\/nyforetagarcentrum.se\/jarfalla\/#organization\",\"name\":\"J\u00e4rf\u00e4lla\",\"url\":\"https:\/\/nyforetagarcentrum.se\/jarfalla\/\",\"logo\":{\"@type\":\"ImageObject\",\"inLanguage\":\"sv-SE\",\"@id\":\"https:\/\/nyforetagarcentrum.se\/jarfalla\/#\/schema\/logo\/image\/\",\"url\":\"https:\/\/nyforetagarcentrum.se\/jarfalla\/wp-content\/uploads\/sites\/40\/2024\/04\/Jarfalla-upplands-bro-1.png\",\"contentUrl\":\"https:\/\/nyforetagarcentrum.se\/jarfalla\/wp-content\/uploads\/sites\/40\/2024\/04\/Jarfalla-upplands-bro-1.png\",\"width\":1082,\"height\":542,\"caption\":\"J\u00e4rf\u00e4lla\"},\"image\":{\"@id\":\"https:\/\/nyforetagarcentrum.se\/jarfalla\/#\/schema\/logo\/image\/\"}}]}<\/script>\n<!-- \/ Yoast SEO plugin. -->","yoast_head_json":{"title":"V\u00e5r styrelse - J\u00e4rf\u00e4lla","robots":{"index":"index","follow":"follow","max-snippet":"max-snippet:-1","max-image-preview":"max-image-preview:large","max-video-preview":"max-video-preview:-1"},"canonical":"https:\/\/nyforetagarcentrum.se\/jarfalla\/var-styrelse\/","og_locale":"sv_SE","og_type":"article","og_title":"V\u00e5r styrelse - J\u00e4rf\u00e4lla","og_url":"https:\/\/nyforetagarcentrum.se\/jarfalla\/var-styrelse\/","og_site_name":"J\u00e4rf\u00e4lla","article_modified_time":"2024-03-12T13:11:34+00:00","twitter_card":"summary_large_image","schema":{"@context":"https:\/\/schema.org","@graph":[{"@type":"WebPage","@id":"https:\/\/nyforetagarcentrum.se\/jarfalla\/var-styrelse\/","url":"https:\/\/nyforetagarcentrum.se\/jarfalla\/var-styrelse\/","name":"V\u00e5r styrelse - J\u00e4rf\u00e4lla","isPartOf":{"@id":"https:\/\/nyforetagarcentrum.se\/jarfalla\/#website"},"datePublished":"2024-02-27T15:05:17+00:00","dateModified":"2024-03-12T13:11:34+00:00","breadcrumb":{"@id":"https:\/\/nyforetagarcentrum.se\/jarfalla\/var-styrelse\/#breadcrumb"},"inLanguage":"sv-SE","potentialAction":[{"@type":"ReadAction","target":["https:\/\/nyforetagarcentrum.se\/jarfalla\/var-styrelse\/"]}]},{"@type":"BreadcrumbList","@id":"https:\/\/nyforetagarcentrum.se\/jarfalla\/var-styrelse\/#breadcrumb","itemListElement":[{"@type":"ListItem","position":1,"name":"Hem","item":"https:\/\/nyforetagarcentrum.se\/jarfalla\/"},{"@type":"ListItem","position":2,"name":"V\u00e5r styrelse"}]},{"@type":"WebSite","@id":"https:\/\/nyforetagarcentrum.se\/jarfalla\/#website","url":"https:\/\/nyforetagarcentrum.se\/jarfalla\/","name":"J\u00e4rf\u00e4lla","description":"Sveriges ledande kraft f\u00f6r fler nya livskraftiga f\u00f6retag","publisher":{"@id":"https:\/\/nyforetagarcentrum.se\/jarfalla\/#organization"},"potentialAction":[{"@type":"SearchAction","target":{"@type":"EntryPoint","urlTemplate":"https:\/\/nyforetagarcentrum.se\/jarfalla\/?s={search_term_string}"},"query-input":"required name=search_term_string"}],"inLanguage":"sv-SE"},{"@type":"Organization","@id":"https:\/\/nyforetagarcentrum.se\/jarfalla\/#organization","name":"J\u00e4rf\u00e4lla","url":"https:\/\/nyforetagarcentrum.se\/jarfalla\/","logo":{"@type":"ImageObject","inLanguage":"sv-SE","@id":"https:\/\/nyforetagarcentrum.se\/jarfalla\/#\/schema\/logo\/image\/","url":"https:\/\/nyforetagarcentrum.se\/jarfalla\/wp-content\/uploads\/sites\/40\/2024\/04\/Jarfalla-upplands-bro-1.png","contentUrl":"https:\/\/nyforetagarcentrum.se\/jarfalla\/wp-content\/uploads\/sites\/40\/2024\/04\/Jarfalla-upplands-bro-1.png","width":1082,"height":542,"caption":"J\u00e4rf\u00e4lla"},"image":{"@id":"https:\/\/nyforetagarcentrum.se\/jarfalla\/#\/schema\/logo\/image\/"}}]}},"_links":{"self":[{"href":"https:\/\/nyforetagarcentrum.se\/jarfalla\/wp-json\/wp\/v2\/pages\/164"}],"collection":[{"href":"https:\/\/nyforetagarcentrum.se\/jarfalla\/wp-json\/wp\/v2\/pages"}],"about":[{"href":"https:\/\/nyforetagarcentrum.se\/jarfalla\/wp-json\/wp\/v2\/types\/page"}],"author":[{"embeddable":true,"href":"https:\/\/nyforetagarcentrum.se\/jarfalla\/wp-json\/wp\/v2\/users\/1"}],"replies":[{"embeddable":true,"href":"https:\/\/nyforetagarcentrum.se\/jarfalla\/wp-json\/wp\/v2\/comments?post=164"}],"version-history":[{"count":14,"href":"https:\/\/nyforetagarcentrum.se\/jarfalla\/wp-json\/wp\/v2\/pages\/164\/revisions"}],"predecessor-version":[{"id":320,"href":"https:\/\/nyforetagarcentrum.se\/jarfalla\/wp-json\/wp\/v2\/pages\/164\/revisions\/320"}],"wp:attachment":[{"href":"https:\/\/nyforetagarcentrum.se\/jarfalla\/wp-json\/wp\/v2\/media?parent=164"}],"curies":[{"name":"wp","href":"https:\/\/api.w.org\/{rel}","templated":true}]}}