{"id":909,"date":"2025-04-30T08:57:08","date_gmt":"2025-04-30T06:57:08","guid":{"rendered":"https:\/\/nyforetagarcentrum.se\/jamtland\/?page_id=909"},"modified":"2025-05-12T13:19:00","modified_gmt":"2025-05-12T11:19:00","slug":"arsstamma","status":"publish","type":"page","link":"https:\/\/nyforetagarcentrum.se\/jamtland\/om-oss\/arsstamma\/","title":{"rendered":"\u00c5rsst\u00e4mma 2025"},"content":{"rendered":"\n<div style=\"height:133px\" aria-hidden=\"true\" class=\"wp-block-spacer\"><\/div>\n\n\n\n<div class=\"wp-block-group is-layout-constrained wp-block-group-is-layout-constrained\">\n<h1 class=\"wp-block-heading\">\u00c5rsst\u00e4mma 2025<\/h1>\n\n\n\n<h3 class=\"wp-block-heading\">H\u00e4r presenteras underlag inf\u00f6r \u00e5rsst\u00e4mman.<\/h3>\n\n\n\n<div style=\"height:41px\" aria-hidden=\"true\" class=\"wp-block-spacer\"><\/div>\n\n\n\n<ul>\n<li><a href=\"https:\/\/nyforetagarcentrum.se\/jamtland\/wp-content\/uploads\/sites\/34\/2025\/04\/2025-Foredragningslista-arsstamma-.pdf\">F\u00f6redragningslista f\u00f6r \u00e5rsst\u00e4mma 2025<\/a><\/li>\n\n\n\n<li><a href=\"https:\/\/nyforetagarcentrum.se\/jamtland\/wp-content\/uploads\/sites\/34\/2025\/05\/AR-NyforetagarCentrum-Jamtland-Harjedalen-240101-241231-receipt-ry1gu.pdf\">\u00c5rsredovisning 2024<\/a><\/li>\n\n\n\n<li><a href=\"https:\/\/nyforetagarcentrum.se\/jamtland\/wp-content\/uploads\/sites\/34\/2025\/05\/Revisionsberattelse-2024-receipt-rznf5-1.pdf\">Revisionsber\u00e4ttelse 2024<\/a><\/li>\n\n\n\n<li><a href=\"https:\/\/nyforetagarcentrum.se\/jamtland\/wp-content\/uploads\/sites\/34\/2025\/05\/Valberedningens-forslag-till-arsstamman-2025.pdf\">Valberedningens f\u00f6rslag till st\u00e4mman<\/a><\/li>\n<\/ul>\n<\/div>\n\n\n\n<div style=\"height:100px\" aria-hidden=\"true\" class=\"wp-block-spacer\"><\/div>\n\n\n\n<figure class=\"wp-block-image aligncenter size-full is-resized\"><img loading=\"lazy\" decoding=\"async\" width=\"206\" height=\"206\" src=\"https:\/\/nyforetagarcentrum.se\/jamtland\/wp-content\/uploads\/sites\/34\/2025\/04\/349062851_282132327577610_4522098201507217898_n.jpg\" alt=\"\" class=\"wp-image-910\" style=\"width:492px;height:auto\" srcset=\"https:\/\/nyforetagarcentrum.se\/jamtland\/wp-content\/uploads\/sites\/34\/2025\/04\/349062851_282132327577610_4522098201507217898_n.jpg 206w, https:\/\/nyforetagarcentrum.se\/jamtland\/wp-content\/uploads\/sites\/34\/2025\/04\/349062851_282132327577610_4522098201507217898_n-150x150.jpg 150w\" sizes=\"(max-width: 206px) 100vw, 206px\" \/><\/figure>\n\n\n\n<div style=\"height:100px\" aria-hidden=\"true\" class=\"wp-block-spacer\"><\/div>\n","protected":false},"excerpt":{"rendered":"<p>\u00c5rsst\u00e4mma 2025 H\u00e4r presenteras underlag inf\u00f6r \u00e5rsst\u00e4mman.<\/p>\n","protected":false},"author":31,"featured_media":910,"parent":161,"menu_order":0,"comment_status":"closed","ping_status":"closed","template":"","meta":{"footnotes":""},"acf":[],"yoast_head":"<!-- This site is optimized with the Yoast SEO plugin v22.9 - https:\/\/yoast.com\/wordpress\/plugins\/seo\/ -->\n<title>\u00c5rsst\u00e4mma 2025 - J\u00e4mtland<\/title>\n<meta name=\"description\" content=\"H\u00e4r presenteras underlag inf\u00f6r \u00e5rsst\u00e4mman.\" \/>\n<meta name=\"robots\" content=\"index, follow, max-snippet:-1, max-image-preview:large, max-video-preview:-1\" \/>\n<link rel=\"canonical\" href=\"https:\/\/nyforetagarcentrum.se\/jamtland\/om-oss\/arsstamma\/\" \/>\n<meta property=\"og:locale\" content=\"sv_SE\" \/>\n<meta property=\"og:type\" content=\"article\" \/>\n<meta property=\"og:title\" content=\"\u00c5rsst\u00e4mma 2025 - J\u00e4mtland\" \/>\n<meta property=\"og:description\" content=\"H\u00e4r presenteras underlag inf\u00f6r \u00e5rsst\u00e4mman.\" \/>\n<meta property=\"og:url\" content=\"https:\/\/nyforetagarcentrum.se\/jamtland\/om-oss\/arsstamma\/\" \/>\n<meta property=\"og:site_name\" content=\"J\u00e4mtland\" \/>\n<meta property=\"article:modified_time\" content=\"2025-05-12T11:19:00+00:00\" \/>\n<meta property=\"og:image\" content=\"https:\/\/nyforetagarcentrum.se\/jamtland\/wp-content\/uploads\/sites\/34\/2025\/04\/349062851_282132327577610_4522098201507217898_n.jpg\" \/>\n\t<meta property=\"og:image:width\" content=\"206\" \/>\n\t<meta property=\"og:image:height\" content=\"206\" \/>\n\t<meta property=\"og:image:type\" content=\"image\/jpeg\" \/>\n<meta name=\"twitter:card\" content=\"summary_large_image\" \/>\n<meta name=\"twitter:label1\" content=\"Ber\u00e4knad l\u00e4stid\" \/>\n\t<meta name=\"twitter:data1\" content=\"1 minut\" \/>\n<script type=\"application\/ld+json\" class=\"yoast-schema-graph\">{\"@context\":\"https:\/\/schema.org\",\"@graph\":[{\"@type\":\"WebPage\",\"@id\":\"https:\/\/nyforetagarcentrum.se\/jamtland\/om-oss\/arsstamma\/\",\"url\":\"https:\/\/nyforetagarcentrum.se\/jamtland\/om-oss\/arsstamma\/\",\"name\":\"\u00c5rsst\u00e4mma 2025 - J\u00e4mtland\",\"isPartOf\":{\"@id\":\"https:\/\/nyforetagarcentrum.se\/jamtland\/#website\"},\"primaryImageOfPage\":{\"@id\":\"https:\/\/nyforetagarcentrum.se\/jamtland\/om-oss\/arsstamma\/#primaryimage\"},\"image\":{\"@id\":\"https:\/\/nyforetagarcentrum.se\/jamtland\/om-oss\/arsstamma\/#primaryimage\"},\"thumbnailUrl\":\"https:\/\/nyforetagarcentrum.se\/jamtland\/wp-content\/uploads\/sites\/34\/2025\/04\/349062851_282132327577610_4522098201507217898_n.jpg\",\"datePublished\":\"2025-04-30T06:57:08+00:00\",\"dateModified\":\"2025-05-12T11:19:00+00:00\",\"description\":\"H\u00e4r presenteras underlag inf\u00f6r \u00e5rsst\u00e4mman.\",\"breadcrumb\":{\"@id\":\"https:\/\/nyforetagarcentrum.se\/jamtland\/om-oss\/arsstamma\/#breadcrumb\"},\"inLanguage\":\"sv-SE\",\"potentialAction\":[{\"@type\":\"ReadAction\",\"target\":[\"https:\/\/nyforetagarcentrum.se\/jamtland\/om-oss\/arsstamma\/\"]}]},{\"@type\":\"ImageObject\",\"inLanguage\":\"sv-SE\",\"@id\":\"https:\/\/nyforetagarcentrum.se\/jamtland\/om-oss\/arsstamma\/#primaryimage\",\"url\":\"https:\/\/nyforetagarcentrum.se\/jamtland\/wp-content\/uploads\/sites\/34\/2025\/04\/349062851_282132327577610_4522098201507217898_n.jpg\",\"contentUrl\":\"https:\/\/nyforetagarcentrum.se\/jamtland\/wp-content\/uploads\/sites\/34\/2025\/04\/349062851_282132327577610_4522098201507217898_n.jpg\",\"width\":206,\"height\":206},{\"@type\":\"BreadcrumbList\",\"@id\":\"https:\/\/nyforetagarcentrum.se\/jamtland\/om-oss\/arsstamma\/#breadcrumb\",\"itemListElement\":[{\"@type\":\"ListItem\",\"position\":1,\"name\":\"Hem\",\"item\":\"https:\/\/nyforetagarcentrum.se\/jamtland\/\"},{\"@type\":\"ListItem\",\"position\":2,\"name\":\"Om oss\",\"item\":\"https:\/\/nyforetagarcentrum.se\/jamtland\/om-oss\/\"},{\"@type\":\"ListItem\",\"position\":3,\"name\":\"\u00c5rsst\u00e4mma 2025\"}]},{\"@type\":\"WebSite\",\"@id\":\"https:\/\/nyforetagarcentrum.se\/jamtland\/#website\",\"url\":\"https:\/\/nyforetagarcentrum.se\/jamtland\/\",\"name\":\"J\u00e4mtland\",\"description\":\"Sveriges ledande kraft f\u00f6r fler nya livskraftiga f\u00f6retag\",\"publisher\":{\"@id\":\"https:\/\/nyforetagarcentrum.se\/jamtland\/#organization\"},\"potentialAction\":[{\"@type\":\"SearchAction\",\"target\":{\"@type\":\"EntryPoint\",\"urlTemplate\":\"https:\/\/nyforetagarcentrum.se\/jamtland\/?s={search_term_string}\"},\"query-input\":\"required name=search_term_string\"}],\"inLanguage\":\"sv-SE\"},{\"@type\":\"Organization\",\"@id\":\"https:\/\/nyforetagarcentrum.se\/jamtland\/#organization\",\"name\":\"J\u00e4mtland\",\"url\":\"https:\/\/nyforetagarcentrum.se\/jamtland\/\",\"logo\":{\"@type\":\"ImageObject\",\"inLanguage\":\"sv-SE\",\"@id\":\"https:\/\/nyforetagarcentrum.se\/jamtland\/#\/schema\/logo\/image\/\",\"url\":\"https:\/\/nyforetagarcentrum.se\/jamtland\/wp-content\/uploads\/sites\/34\/2024\/07\/jamtland_bla-1.png\",\"contentUrl\":\"https:\/\/nyforetagarcentrum.se\/jamtland\/wp-content\/uploads\/sites\/34\/2024\/07\/jamtland_bla-1.png\",\"width\":870,\"height\":421,\"caption\":\"J\u00e4mtland\"},\"image\":{\"@id\":\"https:\/\/nyforetagarcentrum.se\/jamtland\/#\/schema\/logo\/image\/\"}}]}<\/script>\n<!-- \/ Yoast SEO plugin. -->","yoast_head_json":{"title":"\u00c5rsst\u00e4mma 2025 - J\u00e4mtland","description":"H\u00e4r presenteras underlag inf\u00f6r \u00e5rsst\u00e4mman.","robots":{"index":"index","follow":"follow","max-snippet":"max-snippet:-1","max-image-preview":"max-image-preview:large","max-video-preview":"max-video-preview:-1"},"canonical":"https:\/\/nyforetagarcentrum.se\/jamtland\/om-oss\/arsstamma\/","og_locale":"sv_SE","og_type":"article","og_title":"\u00c5rsst\u00e4mma 2025 - J\u00e4mtland","og_description":"H\u00e4r presenteras underlag inf\u00f6r \u00e5rsst\u00e4mman.","og_url":"https:\/\/nyforetagarcentrum.se\/jamtland\/om-oss\/arsstamma\/","og_site_name":"J\u00e4mtland","article_modified_time":"2025-05-12T11:19:00+00:00","og_image":[{"width":206,"height":206,"url":"https:\/\/nyforetagarcentrum.se\/jamtland\/wp-content\/uploads\/sites\/34\/2025\/04\/349062851_282132327577610_4522098201507217898_n.jpg","type":"image\/jpeg"}],"twitter_card":"summary_large_image","twitter_misc":{"Ber\u00e4knad l\u00e4stid":"1 minut"},"schema":{"@context":"https:\/\/schema.org","@graph":[{"@type":"WebPage","@id":"https:\/\/nyforetagarcentrum.se\/jamtland\/om-oss\/arsstamma\/","url":"https:\/\/nyforetagarcentrum.se\/jamtland\/om-oss\/arsstamma\/","name":"\u00c5rsst\u00e4mma 2025 - J\u00e4mtland","isPartOf":{"@id":"https:\/\/nyforetagarcentrum.se\/jamtland\/#website"},"primaryImageOfPage":{"@id":"https:\/\/nyforetagarcentrum.se\/jamtland\/om-oss\/arsstamma\/#primaryimage"},"image":{"@id":"https:\/\/nyforetagarcentrum.se\/jamtland\/om-oss\/arsstamma\/#primaryimage"},"thumbnailUrl":"https:\/\/nyforetagarcentrum.se\/jamtland\/wp-content\/uploads\/sites\/34\/2025\/04\/349062851_282132327577610_4522098201507217898_n.jpg","datePublished":"2025-04-30T06:57:08+00:00","dateModified":"2025-05-12T11:19:00+00:00","description":"H\u00e4r presenteras underlag inf\u00f6r \u00e5rsst\u00e4mman.","breadcrumb":{"@id":"https:\/\/nyforetagarcentrum.se\/jamtland\/om-oss\/arsstamma\/#breadcrumb"},"inLanguage":"sv-SE","potentialAction":[{"@type":"ReadAction","target":["https:\/\/nyforetagarcentrum.se\/jamtland\/om-oss\/arsstamma\/"]}]},{"@type":"ImageObject","inLanguage":"sv-SE","@id":"https:\/\/nyforetagarcentrum.se\/jamtland\/om-oss\/arsstamma\/#primaryimage","url":"https:\/\/nyforetagarcentrum.se\/jamtland\/wp-content\/uploads\/sites\/34\/2025\/04\/349062851_282132327577610_4522098201507217898_n.jpg","contentUrl":"https:\/\/nyforetagarcentrum.se\/jamtland\/wp-content\/uploads\/sites\/34\/2025\/04\/349062851_282132327577610_4522098201507217898_n.jpg","width":206,"height":206},{"@type":"BreadcrumbList","@id":"https:\/\/nyforetagarcentrum.se\/jamtland\/om-oss\/arsstamma\/#breadcrumb","itemListElement":[{"@type":"ListItem","position":1,"name":"Hem","item":"https:\/\/nyforetagarcentrum.se\/jamtland\/"},{"@type":"ListItem","position":2,"name":"Om oss","item":"https:\/\/nyforetagarcentrum.se\/jamtland\/om-oss\/"},{"@type":"ListItem","position":3,"name":"\u00c5rsst\u00e4mma 2025"}]},{"@type":"WebSite","@id":"https:\/\/nyforetagarcentrum.se\/jamtland\/#website","url":"https:\/\/nyforetagarcentrum.se\/jamtland\/","name":"J\u00e4mtland","description":"Sveriges ledande kraft f\u00f6r fler nya livskraftiga f\u00f6retag","publisher":{"@id":"https:\/\/nyforetagarcentrum.se\/jamtland\/#organization"},"potentialAction":[{"@type":"SearchAction","target":{"@type":"EntryPoint","urlTemplate":"https:\/\/nyforetagarcentrum.se\/jamtland\/?s={search_term_string}"},"query-input":"required name=search_term_string"}],"inLanguage":"sv-SE"},{"@type":"Organization","@id":"https:\/\/nyforetagarcentrum.se\/jamtland\/#organization","name":"J\u00e4mtland","url":"https:\/\/nyforetagarcentrum.se\/jamtland\/","logo":{"@type":"ImageObject","inLanguage":"sv-SE","@id":"https:\/\/nyforetagarcentrum.se\/jamtland\/#\/schema\/logo\/image\/","url":"https:\/\/nyforetagarcentrum.se\/jamtland\/wp-content\/uploads\/sites\/34\/2024\/07\/jamtland_bla-1.png","contentUrl":"https:\/\/nyforetagarcentrum.se\/jamtland\/wp-content\/uploads\/sites\/34\/2024\/07\/jamtland_bla-1.png","width":870,"height":421,"caption":"J\u00e4mtland"},"image":{"@id":"https:\/\/nyforetagarcentrum.se\/jamtland\/#\/schema\/logo\/image\/"}}]}},"_links":{"self":[{"href":"https:\/\/nyforetagarcentrum.se\/jamtland\/wp-json\/wp\/v2\/pages\/909"}],"collection":[{"href":"https:\/\/nyforetagarcentrum.se\/jamtland\/wp-json\/wp\/v2\/pages"}],"about":[{"href":"https:\/\/nyforetagarcentrum.se\/jamtland\/wp-json\/wp\/v2\/types\/page"}],"author":[{"embeddable":true,"href":"https:\/\/nyforetagarcentrum.se\/jamtland\/wp-json\/wp\/v2\/users\/31"}],"replies":[{"embeddable":true,"href":"https:\/\/nyforetagarcentrum.se\/jamtland\/wp-json\/wp\/v2\/comments?post=909"}],"version-history":[{"count":14,"href":"https:\/\/nyforetagarcentrum.se\/jamtland\/wp-json\/wp\/v2\/pages\/909\/revisions"}],"predecessor-version":[{"id":936,"href":"https:\/\/nyforetagarcentrum.se\/jamtland\/wp-json\/wp\/v2\/pages\/909\/revisions\/936"}],"up":[{"embeddable":true,"href":"https:\/\/nyforetagarcentrum.se\/jamtland\/wp-json\/wp\/v2\/pages\/161"}],"wp:featuredmedia":[{"embeddable":true,"href":"https:\/\/nyforetagarcentrum.se\/jamtland\/wp-json\/wp\/v2\/media\/910"}],"wp:attachment":[{"href":"https:\/\/nyforetagarcentrum.se\/jamtland\/wp-json\/wp\/v2\/media?parent=909"}],"curies":[{"name":"wp","href":"https:\/\/api.w.org\/{rel}","templated":true}]}}