{"id":470,"date":"2024-04-23T15:15:54","date_gmt":"2024-04-23T13:15:54","guid":{"rendered":"https:\/\/nyforetagarcentrum.se\/jamtland\/?page_id=470"},"modified":"2026-02-23T12:13:19","modified_gmt":"2026-02-23T11:13:19","slug":"vi-soker-radgivare","status":"publish","type":"page","link":"https:\/\/nyforetagarcentrum.se\/jamtland\/vi-soker-radgivare\/","title":{"rendered":"Vi s\u00f6ker r\u00e5dgivare!"},"content":{"rendered":"<section  class=\"nfc-block-breadcrumbs alignwide\">\n    <div class=\"wrapper contained\">\n        <ol class=\"breadcrumbs\" itemscope itemtype=\"https:\/\/schema.org\/BreadcrumbList\">\n            <li itemprop=\"itemListElement\" itemscope itemtype=\"https:\/\/schema.org\/ListItem\">\n            \n\n                            <span class=\"current\" itemprop=\"name\">Hem<\/span>\n            \n            <meta itemprop=\"position\" content=\"1\" \/>\n        <\/li>\n    <\/ol>    <\/div>\n<\/section>\n\n\n<div style=\"height:20px\" aria-hidden=\"true\" class=\"wp-block-spacer\"><\/div>\n\n\n<section  class=\"nfc-block-split_screen alignwide image_alignment-left\">\n    <div class=\"wrapper\">\n        <div class=\"nfc-block-split_screen__image-wrapper\">\n            <img loading=\"lazy\" decoding=\"async\" width=\"1476\" height=\"984\" src=\"https:\/\/nyforetagarcentrum.se\/jamtland\/wp-content\/uploads\/sites\/34\/2024\/02\/Nyforetagare-kultur-LOW.jpg\" class=\"attachment-landscape size-landscape\" alt=\"\" srcset=\"https:\/\/nyforetagarcentrum.se\/jamtland\/wp-content\/uploads\/sites\/34\/2024\/02\/Nyforetagare-kultur-LOW.jpg 1476w, https:\/\/nyforetagarcentrum.se\/jamtland\/wp-content\/uploads\/sites\/34\/2024\/02\/Nyforetagare-kultur-LOW-300x200.jpg 300w, https:\/\/nyforetagarcentrum.se\/jamtland\/wp-content\/uploads\/sites\/34\/2024\/02\/Nyforetagare-kultur-LOW-1024x683.jpg 1024w, https:\/\/nyforetagarcentrum.se\/jamtland\/wp-content\/uploads\/sites\/34\/2024\/02\/Nyforetagare-kultur-LOW-768x512.jpg 768w\" sizes=\"(max-width: 1476px) 100vw, 1476px\" \/>        <\/div>\n\n        <div class=\"nfc-block-split_screen__content-wrapper\">\n            <h1><strong>Vi s\u00f6ker r\u00e5dgivare!<\/strong><\/h1>\n<p><strong>Nyf\u00f6retagarCentrum J\u00e4mtland\/H\u00e4rjedalen erbjuder kostnadsfri, konfidentiell och personlig r\u00e5dgivning till alla som vill starta eget f\u00f6retag i v\u00e5rt l\u00e4n. Vi m\u00f6jligg\u00f6r att fler nya, livskraftiga f\u00f6retag bildas som i sin tur bidrar till samh\u00e4llets utveckling. Nu s\u00f6ker vi dig som brinner f\u00f6r f\u00f6retagande och vill g\u00f6ra en stark insats f\u00f6r ett levande n\u00e4ringsliv i H\u00e4rjedalen.<\/strong><\/p>\n<p><strong>Vi s\u00f6ker r\u00e5dgivare i H\u00e4rjedalens kommun<br \/>\n<\/strong>V\u00e5r vision \u00e4r att Nyf\u00f6retagarCentrum ska utvecklas och ha verksamhet i J\u00e4mtlands alla kommuner.<\/p>\n<p>K\u00e4rnan i v\u00e5r verksamhet \u00e4r personlig r\u00e5dgivning, via fysiska och digitala m\u00f6ten, till blivande och nystartade f\u00f6retagare. Du f\u00f6rv\u00e4ntas vara sj\u00e4lvg\u00e5ende d\u00e5 du sj\u00e4lv ansvarar f\u00f6r att l\u00e4gga upp tider f\u00f6r bokning, genomf\u00f6ra r\u00e5dgivningar och informationstr\u00e4ffar om v\u00e5r verksamhet.<\/p>\n<p>Idag \u00e4r ca 75% av v\u00e5r verksamhet digitala m\u00f6te, telefon eller mejl. Alla v\u00e5ra r\u00e5dgivare kan d\u00e4rigenom ha m\u00f6ten \u00f6ver hela l\u00e4net. Det vi s\u00f6ker nu \u00e4r en r\u00e5dgivare med geografisk bas i H\u00e4rjedalens kommun, som kan ta fysiska m\u00f6ten p\u00e5 plats men som \u00e4ven kan vara med i v\u00e5r digitala r\u00e5dgivning \u00f6ver hela l\u00e4net.<\/p>\n<p><strong>Din profil<br \/>\n<\/strong>F\u00f6r att trivas och lyckas med uppdraget b\u00f6r du vara en drivande person med stort engagemang. Du ska ha ett coachande arbetss\u00e4tt och m\u00f6ter m\u00e4nniskor p\u00e5 ett bra och professionellt s\u00e4tt. Det \u00e4r viktigt att du har erfarenhet av f\u00f6retagande genom att du drivit eget f\u00f6retag eller haft andra roller med tydlig f\u00f6retagarkoppling. V\u00e5r r\u00f6da tr\u00e5d \u00e4r att man skriver en aff\u00e4rsplan och g\u00f6r en budget.<\/p>\n<p>Som Nyf\u00f6retagarCentrums ansikte ut\u00e5t i regionen \u00e4r det viktigt att du har en god kommunikativ f\u00f6rm\u00e5ga och att du trivs med en ut\u00e5triktad roll. Vi tror att du \u00e4r en person med genuint intresse f\u00f6r aff\u00e4rsutveckling och f\u00f6rs\u00e4ljning samt att du har ett stort n\u00e4tverk inom n\u00e4ringslivet.<\/p>\n<p>Uppdraget \u00e4r p\u00e5 konsultbasis och uppskattad omfattning \u00e4r ca 100 timmar\/\u00e5r.<\/p>\n<p>Du har eget f\u00f6retag idag och bor\/verkar i H\u00e4rjedalens kommun.<\/p>\n\n            \n        <\/div>\n    <\/div>\n<\/section>\n\n\n<div style=\"height:50px\" aria-hidden=\"true\" class=\"wp-block-spacer\"><\/div>\n\n\n\n<div class=\"wp-block-columns is-layout-flex wp-container-core-columns-is-layout-1 wp-block-columns-is-layout-flex\">\n<div class=\"wp-block-column is-layout-flow wp-block-column-is-layout-flow\">\n<h2 class=\"wp-block-heading\">Fr\u00e5gor?<\/h2>\n\n\n\n<p>Vid eventuella fr\u00e5gor h\u00f6r av dig till Olle Martinelle via:<\/p>\n\n\n\n<p>E-post: <a href=\"mailto:olle.martinelle@nyforetagarcentrum.se\">olle.martinelle@nyforetagarcentrum.se<\/a><\/p>\n\n\n\n<p>Telefon: 070-538 34 53<\/p>\n<\/div>\n\n\n\n<div class=\"wp-block-column is-layout-flow wp-block-column-is-layout-flow\">\n<h2 class=\"wp-block-heading\">Ans\u00f6kan<\/h2>\n\n\n\n<p>Vi till\u00e4mpar l\u00f6pande urval och vill d\u00e4rf\u00f6r ha din ans\u00f6kan snarast m\u00f6jligt. Ans\u00f6k genom att mejla till:&nbsp;<a href=\"mailto:olle.martinelle@nyforetagarcentrum.se\">olle.martinelle@nyforetagarcentrum.se<\/a><\/p>\n<\/div>\n<\/div>\n\n\n\n<div style=\"height:20px\" aria-hidden=\"true\" class=\"wp-block-spacer\"><\/div>\n","protected":false},"excerpt":{"rendered":"<p>Fr\u00e5gor? Vid eventuella fr\u00e5gor h\u00f6r av dig till Olle Martinelle via: E-post: olle.martinelle@nyforetagarcentrum.se Telefon: 070-538 34 53 Ans\u00f6kan Vi till\u00e4mpar l\u00f6pande urval och vill d\u00e4rf\u00f6r ha din ans\u00f6kan snarast m\u00f6jligt. Ans\u00f6k genom att mejla till:&nbsp;olle.martinelle@nyforetagarcentrum.se<\/p>\n","protected":false},"author":31,"featured_media":0,"parent":0,"menu_order":0,"comment_status":"closed","ping_status":"closed","template":"","meta":{"footnotes":""},"acf":[],"yoast_head":"<!-- This site is optimized with the Yoast SEO plugin v22.9 - https:\/\/yoast.com\/wordpress\/plugins\/seo\/ -->\n<title>Vi s\u00f6ker r\u00e5dgivare! - J\u00e4mtland<\/title>\n<meta name=\"robots\" content=\"index, follow, max-snippet:-1, max-image-preview:large, max-video-preview:-1\" \/>\n<link rel=\"canonical\" href=\"https:\/\/nyforetagarcentrum.se\/jamtland\/vi-soker-radgivare\/\" \/>\n<meta property=\"og:locale\" content=\"sv_SE\" \/>\n<meta property=\"og:type\" content=\"article\" \/>\n<meta property=\"og:title\" content=\"Vi s\u00f6ker r\u00e5dgivare! - J\u00e4mtland\" \/>\n<meta property=\"og:description\" content=\"Fr\u00e5gor? Vid eventuella fr\u00e5gor h\u00f6r av dig till Olle Martinelle via: E-post: olle.martinelle@nyforetagarcentrum.se Telefon: 070-538 34 53 Ans\u00f6kan Vi till\u00e4mpar l\u00f6pande urval och vill d\u00e4rf\u00f6r ha din ans\u00f6kan snarast m\u00f6jligt. Ans\u00f6k genom att mejla till:&nbsp;olle.martinelle@nyforetagarcentrum.se\" \/>\n<meta property=\"og:url\" content=\"https:\/\/nyforetagarcentrum.se\/jamtland\/vi-soker-radgivare\/\" \/>\n<meta property=\"og:site_name\" content=\"J\u00e4mtland\" \/>\n<meta property=\"article:modified_time\" content=\"2026-02-23T11:13:19+00:00\" \/>\n<meta name=\"twitter:card\" content=\"summary_large_image\" \/>\n<meta name=\"twitter:label1\" content=\"Ber\u00e4knad l\u00e4stid\" \/>\n\t<meta name=\"twitter:data1\" content=\"1 minut\" \/>\n<script type=\"application\/ld+json\" class=\"yoast-schema-graph\">{\"@context\":\"https:\/\/schema.org\",\"@graph\":[{\"@type\":\"WebPage\",\"@id\":\"https:\/\/nyforetagarcentrum.se\/jamtland\/vi-soker-radgivare\/\",\"url\":\"https:\/\/nyforetagarcentrum.se\/jamtland\/vi-soker-radgivare\/\",\"name\":\"Vi s\u00f6ker r\u00e5dgivare! - J\u00e4mtland\",\"isPartOf\":{\"@id\":\"https:\/\/nyforetagarcentrum.se\/jamtland\/#website\"},\"datePublished\":\"2024-04-23T13:15:54+00:00\",\"dateModified\":\"2026-02-23T11:13:19+00:00\",\"breadcrumb\":{\"@id\":\"https:\/\/nyforetagarcentrum.se\/jamtland\/vi-soker-radgivare\/#breadcrumb\"},\"inLanguage\":\"sv-SE\",\"potentialAction\":[{\"@type\":\"ReadAction\",\"target\":[\"https:\/\/nyforetagarcentrum.se\/jamtland\/vi-soker-radgivare\/\"]}]},{\"@type\":\"BreadcrumbList\",\"@id\":\"https:\/\/nyforetagarcentrum.se\/jamtland\/vi-soker-radgivare\/#breadcrumb\",\"itemListElement\":[{\"@type\":\"ListItem\",\"position\":1,\"name\":\"Hem\",\"item\":\"https:\/\/nyforetagarcentrum.se\/jamtland\/\"},{\"@type\":\"ListItem\",\"position\":2,\"name\":\"Vi s\u00f6ker r\u00e5dgivare!\"}]},{\"@type\":\"WebSite\",\"@id\":\"https:\/\/nyforetagarcentrum.se\/jamtland\/#website\",\"url\":\"https:\/\/nyforetagarcentrum.se\/jamtland\/\",\"name\":\"J\u00e4mtland\",\"description\":\"Sveriges ledande kraft f\u00f6r fler nya livskraftiga f\u00f6retag\",\"publisher\":{\"@id\":\"https:\/\/nyforetagarcentrum.se\/jamtland\/#organization\"},\"potentialAction\":[{\"@type\":\"SearchAction\",\"target\":{\"@type\":\"EntryPoint\",\"urlTemplate\":\"https:\/\/nyforetagarcentrum.se\/jamtland\/?s={search_term_string}\"},\"query-input\":\"required name=search_term_string\"}],\"inLanguage\":\"sv-SE\"},{\"@type\":\"Organization\",\"@id\":\"https:\/\/nyforetagarcentrum.se\/jamtland\/#organization\",\"name\":\"J\u00e4mtland\",\"url\":\"https:\/\/nyforetagarcentrum.se\/jamtland\/\",\"logo\":{\"@type\":\"ImageObject\",\"inLanguage\":\"sv-SE\",\"@id\":\"https:\/\/nyforetagarcentrum.se\/jamtland\/#\/schema\/logo\/image\/\",\"url\":\"https:\/\/nyforetagarcentrum.se\/jamtland\/wp-content\/uploads\/sites\/34\/2024\/04\/Jamtland-harjedalen.png\",\"contentUrl\":\"https:\/\/nyforetagarcentrum.se\/jamtland\/wp-content\/uploads\/sites\/34\/2024\/04\/Jamtland-harjedalen.png\",\"width\":1082,\"height\":542,\"caption\":\"J\u00e4mtland\"},\"image\":{\"@id\":\"https:\/\/nyforetagarcentrum.se\/jamtland\/#\/schema\/logo\/image\/\"}}]}<\/script>\n<!-- \/ Yoast SEO plugin. -->","yoast_head_json":{"title":"Vi s\u00f6ker r\u00e5dgivare! - J\u00e4mtland","robots":{"index":"index","follow":"follow","max-snippet":"max-snippet:-1","max-image-preview":"max-image-preview:large","max-video-preview":"max-video-preview:-1"},"canonical":"https:\/\/nyforetagarcentrum.se\/jamtland\/vi-soker-radgivare\/","og_locale":"sv_SE","og_type":"article","og_title":"Vi s\u00f6ker r\u00e5dgivare! - J\u00e4mtland","og_description":"Fr\u00e5gor? Vid eventuella fr\u00e5gor h\u00f6r av dig till Olle Martinelle via: E-post: olle.martinelle@nyforetagarcentrum.se Telefon: 070-538 34 53 Ans\u00f6kan Vi till\u00e4mpar l\u00f6pande urval och vill d\u00e4rf\u00f6r ha din ans\u00f6kan snarast m\u00f6jligt. Ans\u00f6k genom att mejla till:&nbsp;olle.martinelle@nyforetagarcentrum.se","og_url":"https:\/\/nyforetagarcentrum.se\/jamtland\/vi-soker-radgivare\/","og_site_name":"J\u00e4mtland","article_modified_time":"2026-02-23T11:13:19+00:00","twitter_card":"summary_large_image","twitter_misc":{"Ber\u00e4knad l\u00e4stid":"1 minut"},"schema":{"@context":"https:\/\/schema.org","@graph":[{"@type":"WebPage","@id":"https:\/\/nyforetagarcentrum.se\/jamtland\/vi-soker-radgivare\/","url":"https:\/\/nyforetagarcentrum.se\/jamtland\/vi-soker-radgivare\/","name":"Vi s\u00f6ker r\u00e5dgivare! - J\u00e4mtland","isPartOf":{"@id":"https:\/\/nyforetagarcentrum.se\/jamtland\/#website"},"datePublished":"2024-04-23T13:15:54+00:00","dateModified":"2026-02-23T11:13:19+00:00","breadcrumb":{"@id":"https:\/\/nyforetagarcentrum.se\/jamtland\/vi-soker-radgivare\/#breadcrumb"},"inLanguage":"sv-SE","potentialAction":[{"@type":"ReadAction","target":["https:\/\/nyforetagarcentrum.se\/jamtland\/vi-soker-radgivare\/"]}]},{"@type":"BreadcrumbList","@id":"https:\/\/nyforetagarcentrum.se\/jamtland\/vi-soker-radgivare\/#breadcrumb","itemListElement":[{"@type":"ListItem","position":1,"name":"Hem","item":"https:\/\/nyforetagarcentrum.se\/jamtland\/"},{"@type":"ListItem","position":2,"name":"Vi s\u00f6ker r\u00e5dgivare!"}]},{"@type":"WebSite","@id":"https:\/\/nyforetagarcentrum.se\/jamtland\/#website","url":"https:\/\/nyforetagarcentrum.se\/jamtland\/","name":"J\u00e4mtland","description":"Sveriges ledande kraft f\u00f6r fler nya livskraftiga f\u00f6retag","publisher":{"@id":"https:\/\/nyforetagarcentrum.se\/jamtland\/#organization"},"potentialAction":[{"@type":"SearchAction","target":{"@type":"EntryPoint","urlTemplate":"https:\/\/nyforetagarcentrum.se\/jamtland\/?s={search_term_string}"},"query-input":"required name=search_term_string"}],"inLanguage":"sv-SE"},{"@type":"Organization","@id":"https:\/\/nyforetagarcentrum.se\/jamtland\/#organization","name":"J\u00e4mtland","url":"https:\/\/nyforetagarcentrum.se\/jamtland\/","logo":{"@type":"ImageObject","inLanguage":"sv-SE","@id":"https:\/\/nyforetagarcentrum.se\/jamtland\/#\/schema\/logo\/image\/","url":"https:\/\/nyforetagarcentrum.se\/jamtland\/wp-content\/uploads\/sites\/34\/2024\/04\/Jamtland-harjedalen.png","contentUrl":"https:\/\/nyforetagarcentrum.se\/jamtland\/wp-content\/uploads\/sites\/34\/2024\/04\/Jamtland-harjedalen.png","width":1082,"height":542,"caption":"J\u00e4mtland"},"image":{"@id":"https:\/\/nyforetagarcentrum.se\/jamtland\/#\/schema\/logo\/image\/"}}]}},"_links":{"self":[{"href":"https:\/\/nyforetagarcentrum.se\/jamtland\/wp-json\/wp\/v2\/pages\/470"}],"collection":[{"href":"https:\/\/nyforetagarcentrum.se\/jamtland\/wp-json\/wp\/v2\/pages"}],"about":[{"href":"https:\/\/nyforetagarcentrum.se\/jamtland\/wp-json\/wp\/v2\/types\/page"}],"author":[{"embeddable":true,"href":"https:\/\/nyforetagarcentrum.se\/jamtland\/wp-json\/wp\/v2\/users\/31"}],"replies":[{"embeddable":true,"href":"https:\/\/nyforetagarcentrum.se\/jamtland\/wp-json\/wp\/v2\/comments?post=470"}],"version-history":[{"count":17,"href":"https:\/\/nyforetagarcentrum.se\/jamtland\/wp-json\/wp\/v2\/pages\/470\/revisions"}],"predecessor-version":[{"id":1115,"href":"https:\/\/nyforetagarcentrum.se\/jamtland\/wp-json\/wp\/v2\/pages\/470\/revisions\/1115"}],"wp:attachment":[{"href":"https:\/\/nyforetagarcentrum.se\/jamtland\/wp-json\/wp\/v2\/media?parent=470"}],"curies":[{"name":"wp","href":"https:\/\/api.w.org\/{rel}","templated":true}]}}