{"id":458,"date":"2024-04-23T15:05:11","date_gmt":"2024-04-23T13:05:11","guid":{"rendered":"https:\/\/nyforetagarcentrum.se\/jamtland\/?page_id=458"},"modified":"2025-11-14T11:02:16","modified_gmt":"2025-11-14T10:02:16","slug":"arets-nyforetagare","status":"publish","type":"page","link":"https:\/\/nyforetagarcentrum.se\/jamtland\/arets-nyforetagare\/","title":{"rendered":"\u00c5rets Nyf\u00f6retagare"},"content":{"rendered":"<section  class=\"nfc-block-breadcrumbs alignwide\">\n    <div class=\"wrapper contained\">\n        <ol class=\"breadcrumbs\" itemscope itemtype=\"https:\/\/schema.org\/BreadcrumbList\">\n            <li itemprop=\"itemListElement\" itemscope itemtype=\"https:\/\/schema.org\/ListItem\">\n            \n\n                            <span class=\"current\" itemprop=\"name\">Hem<\/span>\n            \n            <meta itemprop=\"position\" content=\"1\" \/>\n        <\/li>\n    <\/ol>    <\/div>\n<\/section>\n\n\n<div style=\"height:31px\" aria-hidden=\"true\" class=\"wp-block-spacer\"><\/div>\n\n\n\n<h2 class=\"wp-block-heading\"><strong>\u00c5rets Nyf\u00f6retagare<\/strong> J\u00e4mtland H\u00e4rjedalen<\/h2>\n\n\n\n<div style=\"height:31px\" aria-hidden=\"true\" class=\"wp-block-spacer\"><\/div>\n\n\n\n<div class=\"wp-block-columns is-layout-flex wp-container-core-columns-is-layout-1 wp-block-columns-is-layout-flex\">\n<div class=\"wp-block-column is-layout-flow wp-block-column-is-layout-flow\" style=\"flex-basis:33.33%\">\n<figure class=\"wp-block-image size-large is-resized\"><img loading=\"lazy\" decoding=\"async\" width=\"1024\" height=\"735\" src=\"https:\/\/nyforetagarcentrum.se\/jamtland\/wp-content\/uploads\/sites\/34\/2025\/11\/J-djurklinik-1024x735.jpeg\" alt=\"\" class=\"wp-image-1039\" style=\"width:264px;height:auto\" srcset=\"https:\/\/nyforetagarcentrum.se\/jamtland\/wp-content\/uploads\/sites\/34\/2025\/11\/J-djurklinik-1024x735.jpeg 1024w, https:\/\/nyforetagarcentrum.se\/jamtland\/wp-content\/uploads\/sites\/34\/2025\/11\/J-djurklinik-300x215.jpeg 300w, https:\/\/nyforetagarcentrum.se\/jamtland\/wp-content\/uploads\/sites\/34\/2025\/11\/J-djurklinik-768x551.jpeg 768w, https:\/\/nyforetagarcentrum.se\/jamtland\/wp-content\/uploads\/sites\/34\/2025\/11\/J-djurklinik.jpeg 1406w\" sizes=\"(max-width: 1024px) 100vw, 1024px\" \/><\/figure>\n<\/div>\n\n\n\n<div class=\"wp-block-column is-layout-flow wp-block-column-is-layout-flow\" style=\"flex-basis:66.66%\">\n<h2 class=\"wp-block-heading\">\u00c5rets Nyf\u00f6retagare 2025<\/h2>\n\n\n\n<p>\u00c5rets Nyf\u00f6retagare 2025 \u00e4r Michaela Jansson, Sofia Johansson, Erik K\u00f4ersner, \u00c5sa Vilson, Helena Kyle och Ludvig Roos, J\u00e4mtlands Djurklinik AB<\/p>\n\n\n\n<p>\u00c5rets nyf\u00f6retagare \u00e4r en grupp arbetskamrater som tagit saken i egna h\u00e4nder. I en bransch under f\u00f6r\u00e4ndring har man velat skapa n\u00e5got man sj\u00e4lva tror p\u00e5 f\u00f6r personal och kunder. Med lokal f\u00f6rankring, unik kompetens och personligt bem\u00f6tande vill man s\u00e4kra kvalificerad djursjukv\u00e5rd i regionen.<\/p>\n<\/div>\n<\/div>\n\n\n\n<div class=\"wp-block-columns is-layout-flex wp-container-core-columns-is-layout-2 wp-block-columns-is-layout-flex\">\n<div class=\"wp-block-column is-layout-flow wp-block-column-is-layout-flow\" style=\"flex-basis:33.33%\">\n<figure class=\"wp-block-image size-full is-resized\"><img loading=\"lazy\" decoding=\"async\" width=\"283\" height=\"374\" src=\"https:\/\/nyforetagarcentrum.se\/jamtland\/wp-content\/uploads\/sites\/34\/2024\/11\/Skarmavbild-2024-10-18-kl.-09.37.45-kopia.jpg\" alt=\"\" class=\"wp-image-843\" style=\"width:228px;height:auto\" srcset=\"https:\/\/nyforetagarcentrum.se\/jamtland\/wp-content\/uploads\/sites\/34\/2024\/11\/Skarmavbild-2024-10-18-kl.-09.37.45-kopia.jpg 283w, https:\/\/nyforetagarcentrum.se\/jamtland\/wp-content\/uploads\/sites\/34\/2024\/11\/Skarmavbild-2024-10-18-kl.-09.37.45-kopia-227x300.jpg 227w\" sizes=\"(max-width: 283px) 100vw, 283px\" \/><\/figure>\n<\/div>\n\n\n\n<div class=\"wp-block-column is-layout-flow wp-block-column-is-layout-flow\" style=\"flex-basis:66.66%\">\n<h2 class=\"wp-block-heading\">\u00c5rets Nyf\u00f6retagare 2024<\/h2>\n\n\n\n<p>\u00c5rets Nyf\u00f6retagare 2024 \u00e4r Anders Gr\u00e4nnsj\u00f6, Gr\u00e4nnsj\u00f6 VVS.<\/p>\n\n\n\n<p>\u00c5rets nyf\u00f6retagare \u00e4r ett lysande exempel p\u00e5 entrepren\u00f6rsanda och beslutsamhet. Med sina 12 \u00e5rs erfarenhet i VVS-branschen tog han steget att flytta med sin familj till J\u00e4mtland och starta ett eget f\u00f6retag under 2023, utan att ha n\u00e5gra lokala kontakter. Genom sitt \u00f6dmjuka, sociala och drivna s\u00e4tt har Anders inte bara byggt upp ett framg\u00e5ngsrikt f\u00f6retag fr\u00e5n grunden, utan ocks\u00e5 skapat ett starkt n\u00e4tverk och en framtidstro f\u00f6r sin verksamhet.<\/p>\n<\/div>\n<\/div>\n\n\n\n<div class=\"wp-block-columns is-layout-flex wp-container-core-columns-is-layout-3 wp-block-columns-is-layout-flex\">\n<div class=\"wp-block-column is-layout-flow wp-block-column-is-layout-flow\" style=\"flex-basis:30%\">\n<figure class=\"wp-block-image alignfull size-full\"><img loading=\"lazy\" decoding=\"async\" width=\"283\" height=\"272\" src=\"https:\/\/nyforetagarcentrum.se\/jamtland\/wp-content\/uploads\/sites\/34\/2024\/04\/Josefin-och-Erik.png\" alt=\"\" class=\"wp-image-374\" \/><\/figure>\n<\/div>\n\n\n\n<div class=\"wp-block-column is-layout-flow wp-block-column-is-layout-flow\">\n<h2 class=\"wp-block-heading\">\u00c5rets Nyf\u00f6retagare 2023<\/h2>\n\n\n\n<p>\u00c5rets Nyf\u00f6retagare 2023 \u00e4r Josefin Olofsson och Erik Palmqvist, Byggtj\u00e4nst Hoting.<\/p>\n\n\n\n<p>\u00c5rets nyf\u00f6retagare \u00e4r tv\u00e5 unga v\u00e4nner som har visat ett enast\u00e5ende engagemang och mod genom att ta sig an den utmanande uppgiften att f\u00f6rv\u00e4rva och driva f\u00f6retag i sin hembygd. Utan f\u00f6retagarerfarenhet i en konservativ bransch har man med entrepren\u00f6rsdriv och energi drivit ett f\u00f6r\u00e4ndringsarbete fr\u00e5n dag 1. Genom att digitalisera och s\u00e4tta personalen i fokus har man skapat ett h\u00e5llbart och l\u00f6nsamt f\u00f6retag.<\/p>\n<\/div>\n<\/div>\n\n\n\n<div class=\"wp-block-columns is-layout-flex wp-container-core-columns-is-layout-4 wp-block-columns-is-layout-flex\">\n<div class=\"wp-block-column is-layout-flow wp-block-column-is-layout-flow\" style=\"flex-basis:30%\">\n<figure class=\"wp-block-image alignfull size-full\"><img loading=\"lazy\" decoding=\"async\" width=\"600\" height=\"600\" src=\"https:\/\/nyforetagarcentrum.se\/jamtland\/wp-content\/uploads\/sites\/34\/2024\/04\/Anton.png\" alt=\"\" class=\"wp-image-459\" srcset=\"https:\/\/nyforetagarcentrum.se\/jamtland\/wp-content\/uploads\/sites\/34\/2024\/04\/Anton.png 600w, https:\/\/nyforetagarcentrum.se\/jamtland\/wp-content\/uploads\/sites\/34\/2024\/04\/Anton-300x300.png 300w, https:\/\/nyforetagarcentrum.se\/jamtland\/wp-content\/uploads\/sites\/34\/2024\/04\/Anton-150x150.png 150w\" sizes=\"(max-width: 600px) 100vw, 600px\" \/><\/figure>\n<\/div>\n\n\n\n<div class=\"wp-block-column is-layout-flow wp-block-column-is-layout-flow\">\n<h2 class=\"wp-block-heading\">\u00c5rets Nyf\u00f6retagare 2022<\/h2>\n\n\n\n<p>\u00c5rets Nyf\u00f6retagare 2022 \u00e4r Anton S\u00e4wstr\u00f6m, S\u00e4wstr\u00f6m Consulting.<\/p>\n\n\n\n<p>Priset g\u00e5r till en person som v\u00e5gar sticka ut hakan, g\u00e5r p\u00e5 ok\u00e4nd mark och som sp\u00e4nner b\u00e5gen h\u00f6gt. Det finns en stor potential och f\u00f6retaget har tidigt skaffat sig en internationell kundbas, aff\u00e4rsid\u00e9n ligger&nbsp;r\u00e4tt i tiden och f\u00f6retaget \u00e4r en del av den digitala transformationen som p\u00e5g\u00e5r. Med aff\u00e4rsid\u00e9n att hj\u00e4lpa f\u00f6retag att s\u00e4lja via Amazon startade Anton sitt f\u00f6retag i november 2020.&nbsp;Efter att ha kommit ig\u00e5ng med n\u00e5gra kunder hittade han kollegor i branschen och slog sig ihop med&nbsp;dem, nu driver de Amazonbyr\u00e5n Amzello ihop.<\/p>\n<\/div>\n<\/div>\n\n\n\n<div class=\"wp-block-columns is-layout-flex wp-container-core-columns-is-layout-5 wp-block-columns-is-layout-flex\">\n<div class=\"wp-block-column is-layout-flow wp-block-column-is-layout-flow\" style=\"flex-basis:30%\">\n<figure class=\"wp-block-image alignfull size-full\"><img loading=\"lazy\" decoding=\"async\" width=\"528\" height=\"480\" src=\"https:\/\/nyforetagarcentrum.se\/jamtland\/wp-content\/uploads\/sites\/34\/2024\/04\/Elin.jpeg\" alt=\"\" class=\"wp-image-460\" srcset=\"https:\/\/nyforetagarcentrum.se\/jamtland\/wp-content\/uploads\/sites\/34\/2024\/04\/Elin.jpeg 528w, https:\/\/nyforetagarcentrum.se\/jamtland\/wp-content\/uploads\/sites\/34\/2024\/04\/Elin-300x273.jpeg 300w\" sizes=\"(max-width: 528px) 100vw, 528px\" \/><\/figure>\n<\/div>\n\n\n\n<div class=\"wp-block-column is-layout-flow wp-block-column-is-layout-flow\">\n<h2 class=\"wp-block-heading\">\u00c5rets Nyf\u00f6retagare 2021<\/h2>\n\n\n\n<p>\u00c5rets Nyf\u00f6retagare 2021 \u00e4r Elin Engstr\u00f6m, E Engstr\u00f6m Bygg &amp; Entreprenad. <\/p>\n\n\n\n<p><\/p>\n<\/div>\n<\/div>\n\n\n\n<div class=\"wp-block-columns is-layout-flex wp-container-core-columns-is-layout-6 wp-block-columns-is-layout-flex\">\n<div class=\"wp-block-column is-layout-flow wp-block-column-is-layout-flow\" style=\"flex-basis:30%\">\n<figure class=\"wp-block-image alignfull size-full\"><img loading=\"lazy\" decoding=\"async\" width=\"500\" height=\"400\" src=\"https:\/\/nyforetagarcentrum.se\/jamtland\/wp-content\/uploads\/sites\/34\/2024\/04\/2.jpg\" alt=\"\" class=\"wp-image-461\" srcset=\"https:\/\/nyforetagarcentrum.se\/jamtland\/wp-content\/uploads\/sites\/34\/2024\/04\/2.jpg 500w, https:\/\/nyforetagarcentrum.se\/jamtland\/wp-content\/uploads\/sites\/34\/2024\/04\/2-300x240.jpg 300w\" sizes=\"(max-width: 500px) 100vw, 500px\" \/><\/figure>\n<\/div>\n\n\n\n<div class=\"wp-block-column is-layout-flow wp-block-column-is-layout-flow\">\n<h2 class=\"wp-block-heading\">\u00c5rets Nyf\u00f6retagare 2020<\/h2>\n\n\n\n<p>\u00c5rets nyf\u00f6retagare 2020 \u00e4r NC Welding, med Niclas Granl\u00f6f och Christian Hedstr\u00f6m. <\/p>\n\n\n\n<p>Niclas och Christian \u00e4r v\u00e4lutbildade licenssvetsare med flera \u00e5rs yrkeserfarenhet. N\u00e4r de fick m\u00f6jlighet att starta eget och utf\u00f6ra arbeten som kr\u00e4ver h\u00f6g kvalitet, har de skapat ett v\u00e4xande f\u00f6retag inom ett tekniskt specialomr\u00e5de.<\/p>\n\n\n\n<p><\/p>\n\n\n\n<p><\/p>\n<\/div>\n<\/div>\n","protected":false},"excerpt":{"rendered":"<p>\u00c5rets Nyf\u00f6retagare J\u00e4mtland H\u00e4rjedalen \u00c5rets Nyf\u00f6retagare 2025 \u00c5rets Nyf\u00f6retagare 2025 \u00e4r Michaela Jansson, Sofia Johansson, Erik K\u00f4ersner, \u00c5sa Vilson, Helena Kyle och Ludvig Roos, J\u00e4mtlands Djurklinik AB \u00c5rets nyf\u00f6retagare \u00e4r en grupp arbetskamrater som tagit saken i egna h\u00e4nder. I en bransch under f\u00f6r\u00e4ndring har man velat skapa n\u00e5got man sj\u00e4lva tror p\u00e5 f\u00f6r personal [&hellip;]<\/p>\n","protected":false},"author":31,"featured_media":0,"parent":0,"menu_order":0,"comment_status":"closed","ping_status":"closed","template":"","meta":{"footnotes":""},"acf":[],"yoast_head":"<!-- This site is optimized with the Yoast SEO plugin v22.9 - https:\/\/yoast.com\/wordpress\/plugins\/seo\/ -->\n<title>\u00c5rets Nyf\u00f6retagare - J\u00e4mtland<\/title>\n<meta name=\"robots\" content=\"index, follow, max-snippet:-1, max-image-preview:large, max-video-preview:-1\" \/>\n<link rel=\"canonical\" href=\"https:\/\/nyforetagarcentrum.se\/jamtland\/arets-nyforetagare\/\" \/>\n<meta property=\"og:locale\" content=\"sv_SE\" \/>\n<meta property=\"og:type\" content=\"article\" \/>\n<meta property=\"og:title\" content=\"\u00c5rets Nyf\u00f6retagare - J\u00e4mtland\" \/>\n<meta property=\"og:description\" content=\"\u00c5rets Nyf\u00f6retagare J\u00e4mtland H\u00e4rjedalen \u00c5rets Nyf\u00f6retagare 2025 \u00c5rets Nyf\u00f6retagare 2025 \u00e4r Michaela Jansson, Sofia Johansson, Erik K\u00f4ersner, \u00c5sa Vilson, Helena Kyle och Ludvig Roos, J\u00e4mtlands Djurklinik AB \u00c5rets nyf\u00f6retagare \u00e4r en grupp arbetskamrater som tagit saken i egna h\u00e4nder. I en bransch under f\u00f6r\u00e4ndring har man velat skapa n\u00e5got man sj\u00e4lva tror p\u00e5 f\u00f6r personal [&hellip;]\" \/>\n<meta property=\"og:url\" content=\"https:\/\/nyforetagarcentrum.se\/jamtland\/arets-nyforetagare\/\" \/>\n<meta property=\"og:site_name\" content=\"J\u00e4mtland\" \/>\n<meta property=\"article:modified_time\" content=\"2025-11-14T10:02:16+00:00\" \/>\n<meta property=\"og:image\" content=\"https:\/\/nyforetagarcentrum.se\/jamtland\/wp-content\/uploads\/sites\/34\/2025\/11\/J-djurklinik-1024x735.jpeg\" \/>\n<meta name=\"twitter:card\" content=\"summary_large_image\" \/>\n<meta name=\"twitter:label1\" content=\"Ber\u00e4knad l\u00e4stid\" \/>\n\t<meta name=\"twitter:data1\" content=\"4 minuter\" \/>\n<script type=\"application\/ld+json\" class=\"yoast-schema-graph\">{\"@context\":\"https:\/\/schema.org\",\"@graph\":[{\"@type\":\"WebPage\",\"@id\":\"https:\/\/nyforetagarcentrum.se\/jamtland\/arets-nyforetagare\/\",\"url\":\"https:\/\/nyforetagarcentrum.se\/jamtland\/arets-nyforetagare\/\",\"name\":\"\u00c5rets Nyf\u00f6retagare - J\u00e4mtland\",\"isPartOf\":{\"@id\":\"https:\/\/nyforetagarcentrum.se\/jamtland\/#website\"},\"primaryImageOfPage\":{\"@id\":\"https:\/\/nyforetagarcentrum.se\/jamtland\/arets-nyforetagare\/#primaryimage\"},\"image\":{\"@id\":\"https:\/\/nyforetagarcentrum.se\/jamtland\/arets-nyforetagare\/#primaryimage\"},\"thumbnailUrl\":\"https:\/\/nyforetagarcentrum.se\/jamtland\/wp-content\/uploads\/sites\/34\/2025\/11\/J-djurklinik-1024x735.jpeg\",\"datePublished\":\"2024-04-23T13:05:11+00:00\",\"dateModified\":\"2025-11-14T10:02:16+00:00\",\"breadcrumb\":{\"@id\":\"https:\/\/nyforetagarcentrum.se\/jamtland\/arets-nyforetagare\/#breadcrumb\"},\"inLanguage\":\"sv-SE\",\"potentialAction\":[{\"@type\":\"ReadAction\",\"target\":[\"https:\/\/nyforetagarcentrum.se\/jamtland\/arets-nyforetagare\/\"]}]},{\"@type\":\"ImageObject\",\"inLanguage\":\"sv-SE\",\"@id\":\"https:\/\/nyforetagarcentrum.se\/jamtland\/arets-nyforetagare\/#primaryimage\",\"url\":\"https:\/\/nyforetagarcentrum.se\/jamtland\/wp-content\/uploads\/sites\/34\/2025\/11\/J-djurklinik.jpeg\",\"contentUrl\":\"https:\/\/nyforetagarcentrum.se\/jamtland\/wp-content\/uploads\/sites\/34\/2025\/11\/J-djurklinik.jpeg\",\"width\":1406,\"height\":1009},{\"@type\":\"BreadcrumbList\",\"@id\":\"https:\/\/nyforetagarcentrum.se\/jamtland\/arets-nyforetagare\/#breadcrumb\",\"itemListElement\":[{\"@type\":\"ListItem\",\"position\":1,\"name\":\"Hem\",\"item\":\"https:\/\/nyforetagarcentrum.se\/jamtland\/\"},{\"@type\":\"ListItem\",\"position\":2,\"name\":\"\u00c5rets Nyf\u00f6retagare\"}]},{\"@type\":\"WebSite\",\"@id\":\"https:\/\/nyforetagarcentrum.se\/jamtland\/#website\",\"url\":\"https:\/\/nyforetagarcentrum.se\/jamtland\/\",\"name\":\"J\u00e4mtland\",\"description\":\"Sveriges ledande kraft f\u00f6r fler nya livskraftiga f\u00f6retag\",\"publisher\":{\"@id\":\"https:\/\/nyforetagarcentrum.se\/jamtland\/#organization\"},\"potentialAction\":[{\"@type\":\"SearchAction\",\"target\":{\"@type\":\"EntryPoint\",\"urlTemplate\":\"https:\/\/nyforetagarcentrum.se\/jamtland\/?s={search_term_string}\"},\"query-input\":\"required name=search_term_string\"}],\"inLanguage\":\"sv-SE\"},{\"@type\":\"Organization\",\"@id\":\"https:\/\/nyforetagarcentrum.se\/jamtland\/#organization\",\"name\":\"J\u00e4mtland\",\"url\":\"https:\/\/nyforetagarcentrum.se\/jamtland\/\",\"logo\":{\"@type\":\"ImageObject\",\"inLanguage\":\"sv-SE\",\"@id\":\"https:\/\/nyforetagarcentrum.se\/jamtland\/#\/schema\/logo\/image\/\",\"url\":\"https:\/\/nyforetagarcentrum.se\/jamtland\/wp-content\/uploads\/sites\/34\/2024\/07\/jamtland_bla-1.png\",\"contentUrl\":\"https:\/\/nyforetagarcentrum.se\/jamtland\/wp-content\/uploads\/sites\/34\/2024\/07\/jamtland_bla-1.png\",\"width\":870,\"height\":421,\"caption\":\"J\u00e4mtland\"},\"image\":{\"@id\":\"https:\/\/nyforetagarcentrum.se\/jamtland\/#\/schema\/logo\/image\/\"}}]}<\/script>\n<!-- \/ Yoast SEO plugin. -->","yoast_head_json":{"title":"\u00c5rets Nyf\u00f6retagare - J\u00e4mtland","robots":{"index":"index","follow":"follow","max-snippet":"max-snippet:-1","max-image-preview":"max-image-preview:large","max-video-preview":"max-video-preview:-1"},"canonical":"https:\/\/nyforetagarcentrum.se\/jamtland\/arets-nyforetagare\/","og_locale":"sv_SE","og_type":"article","og_title":"\u00c5rets Nyf\u00f6retagare - J\u00e4mtland","og_description":"\u00c5rets Nyf\u00f6retagare J\u00e4mtland H\u00e4rjedalen \u00c5rets Nyf\u00f6retagare 2025 \u00c5rets Nyf\u00f6retagare 2025 \u00e4r Michaela Jansson, Sofia Johansson, Erik K\u00f4ersner, \u00c5sa Vilson, Helena Kyle och Ludvig Roos, J\u00e4mtlands Djurklinik AB \u00c5rets nyf\u00f6retagare \u00e4r en grupp arbetskamrater som tagit saken i egna h\u00e4nder. I en bransch under f\u00f6r\u00e4ndring har man velat skapa n\u00e5got man sj\u00e4lva tror p\u00e5 f\u00f6r personal [&hellip;]","og_url":"https:\/\/nyforetagarcentrum.se\/jamtland\/arets-nyforetagare\/","og_site_name":"J\u00e4mtland","article_modified_time":"2025-11-14T10:02:16+00:00","og_image":[{"url":"https:\/\/nyforetagarcentrum.se\/jamtland\/wp-content\/uploads\/sites\/34\/2025\/11\/J-djurklinik-1024x735.jpeg"}],"twitter_card":"summary_large_image","twitter_misc":{"Ber\u00e4knad l\u00e4stid":"4 minuter"},"schema":{"@context":"https:\/\/schema.org","@graph":[{"@type":"WebPage","@id":"https:\/\/nyforetagarcentrum.se\/jamtland\/arets-nyforetagare\/","url":"https:\/\/nyforetagarcentrum.se\/jamtland\/arets-nyforetagare\/","name":"\u00c5rets Nyf\u00f6retagare - J\u00e4mtland","isPartOf":{"@id":"https:\/\/nyforetagarcentrum.se\/jamtland\/#website"},"primaryImageOfPage":{"@id":"https:\/\/nyforetagarcentrum.se\/jamtland\/arets-nyforetagare\/#primaryimage"},"image":{"@id":"https:\/\/nyforetagarcentrum.se\/jamtland\/arets-nyforetagare\/#primaryimage"},"thumbnailUrl":"https:\/\/nyforetagarcentrum.se\/jamtland\/wp-content\/uploads\/sites\/34\/2025\/11\/J-djurklinik-1024x735.jpeg","datePublished":"2024-04-23T13:05:11+00:00","dateModified":"2025-11-14T10:02:16+00:00","breadcrumb":{"@id":"https:\/\/nyforetagarcentrum.se\/jamtland\/arets-nyforetagare\/#breadcrumb"},"inLanguage":"sv-SE","potentialAction":[{"@type":"ReadAction","target":["https:\/\/nyforetagarcentrum.se\/jamtland\/arets-nyforetagare\/"]}]},{"@type":"ImageObject","inLanguage":"sv-SE","@id":"https:\/\/nyforetagarcentrum.se\/jamtland\/arets-nyforetagare\/#primaryimage","url":"https:\/\/nyforetagarcentrum.se\/jamtland\/wp-content\/uploads\/sites\/34\/2025\/11\/J-djurklinik.jpeg","contentUrl":"https:\/\/nyforetagarcentrum.se\/jamtland\/wp-content\/uploads\/sites\/34\/2025\/11\/J-djurklinik.jpeg","width":1406,"height":1009},{"@type":"BreadcrumbList","@id":"https:\/\/nyforetagarcentrum.se\/jamtland\/arets-nyforetagare\/#breadcrumb","itemListElement":[{"@type":"ListItem","position":1,"name":"Hem","item":"https:\/\/nyforetagarcentrum.se\/jamtland\/"},{"@type":"ListItem","position":2,"name":"\u00c5rets Nyf\u00f6retagare"}]},{"@type":"WebSite","@id":"https:\/\/nyforetagarcentrum.se\/jamtland\/#website","url":"https:\/\/nyforetagarcentrum.se\/jamtland\/","name":"J\u00e4mtland","description":"Sveriges ledande kraft f\u00f6r fler nya livskraftiga f\u00f6retag","publisher":{"@id":"https:\/\/nyforetagarcentrum.se\/jamtland\/#organization"},"potentialAction":[{"@type":"SearchAction","target":{"@type":"EntryPoint","urlTemplate":"https:\/\/nyforetagarcentrum.se\/jamtland\/?s={search_term_string}"},"query-input":"required name=search_term_string"}],"inLanguage":"sv-SE"},{"@type":"Organization","@id":"https:\/\/nyforetagarcentrum.se\/jamtland\/#organization","name":"J\u00e4mtland","url":"https:\/\/nyforetagarcentrum.se\/jamtland\/","logo":{"@type":"ImageObject","inLanguage":"sv-SE","@id":"https:\/\/nyforetagarcentrum.se\/jamtland\/#\/schema\/logo\/image\/","url":"https:\/\/nyforetagarcentrum.se\/jamtland\/wp-content\/uploads\/sites\/34\/2024\/07\/jamtland_bla-1.png","contentUrl":"https:\/\/nyforetagarcentrum.se\/jamtland\/wp-content\/uploads\/sites\/34\/2024\/07\/jamtland_bla-1.png","width":870,"height":421,"caption":"J\u00e4mtland"},"image":{"@id":"https:\/\/nyforetagarcentrum.se\/jamtland\/#\/schema\/logo\/image\/"}}]}},"_links":{"self":[{"href":"https:\/\/nyforetagarcentrum.se\/jamtland\/wp-json\/wp\/v2\/pages\/458"}],"collection":[{"href":"https:\/\/nyforetagarcentrum.se\/jamtland\/wp-json\/wp\/v2\/pages"}],"about":[{"href":"https:\/\/nyforetagarcentrum.se\/jamtland\/wp-json\/wp\/v2\/types\/page"}],"author":[{"embeddable":true,"href":"https:\/\/nyforetagarcentrum.se\/jamtland\/wp-json\/wp\/v2\/users\/31"}],"replies":[{"embeddable":true,"href":"https:\/\/nyforetagarcentrum.se\/jamtland\/wp-json\/wp\/v2\/comments?post=458"}],"version-history":[{"count":16,"href":"https:\/\/nyforetagarcentrum.se\/jamtland\/wp-json\/wp\/v2\/pages\/458\/revisions"}],"predecessor-version":[{"id":1041,"href":"https:\/\/nyforetagarcentrum.se\/jamtland\/wp-json\/wp\/v2\/pages\/458\/revisions\/1041"}],"wp:attachment":[{"href":"https:\/\/nyforetagarcentrum.se\/jamtland\/wp-json\/wp\/v2\/media?parent=458"}],"curies":[{"name":"wp","href":"https:\/\/api.w.org\/{rel}","templated":true}]}}