{"id":384,"date":"2024-04-23T13:48:27","date_gmt":"2024-04-23T11:48:27","guid":{"rendered":"https:\/\/nyforetagarcentrum.se\/jamtland\/?page_id=384"},"modified":"2026-02-18T10:12:11","modified_gmt":"2026-02-18T09:12:11","slug":"starta-eget-traffar","status":"publish","type":"page","link":"https:\/\/nyforetagarcentrum.se\/jamtland\/starta-eget-traffar\/","title":{"rendered":"Starta-eget-tr\u00e4ffar"},"content":{"rendered":"<section  class=\"nfc-block-breadcrumbs alignwide\">\n    <div class=\"wrapper contained\">\n        <ol class=\"breadcrumbs\" itemscope itemtype=\"https:\/\/schema.org\/BreadcrumbList\">\n            <li itemprop=\"itemListElement\" itemscope itemtype=\"https:\/\/schema.org\/ListItem\">\n            \n\n                            <span class=\"current\" itemprop=\"name\">Hem<\/span>\n            \n            <meta itemprop=\"position\" content=\"1\" \/>\n        <\/li>\n    <\/ol>    <\/div>\n<\/section>\n\n\n<div style=\"height:20px\" aria-hidden=\"true\" class=\"wp-block-spacer\"><\/div>\n\n\n<section  class=\"nfc-block-split_screen alignwide image_alignment-left\">\n    <div class=\"wrapper\">\n        <div class=\"nfc-block-split_screen__image-wrapper\">\n            <img loading=\"lazy\" decoding=\"async\" width=\"1470\" height=\"980\" src=\"https:\/\/nyforetagarcentrum.se\/jamtland\/wp-content\/uploads\/sites\/34\/2024\/02\/Allman-bild-1.png\" class=\"attachment-landscape size-landscape\" alt=\"\" srcset=\"https:\/\/nyforetagarcentrum.se\/jamtland\/wp-content\/uploads\/sites\/34\/2024\/02\/Allman-bild-1.png 1470w, https:\/\/nyforetagarcentrum.se\/jamtland\/wp-content\/uploads\/sites\/34\/2024\/02\/Allman-bild-1-300x200.png 300w, https:\/\/nyforetagarcentrum.se\/jamtland\/wp-content\/uploads\/sites\/34\/2024\/02\/Allman-bild-1-1024x683.png 1024w, https:\/\/nyforetagarcentrum.se\/jamtland\/wp-content\/uploads\/sites\/34\/2024\/02\/Allman-bild-1-768x512.png 768w\" sizes=\"(max-width: 1470px) 100vw, 1470px\" \/>        <\/div>\n\n        <div class=\"nfc-block-split_screen__content-wrapper\">\n            <h2>V\u00e4lkommen till v\u00e5ra Starta-eget-tr\u00e4ffar!<\/h2>\n<p>Starta Eget tr\u00e4ffarna \u00e4r en introduktion i:<\/p>\n<ul>\n<li>hur man g\u00e5r fr\u00e5n f\u00f6retagsid\u00e9 till f\u00f6retagsstart, \u201dTrappan till eget f\u00f6retag\u201d<\/li>\n<li>hur man skriver en aff\u00e4rsplan och g\u00f6r en budget<br \/>\n\u00e4ven intro till affarsplanen.com, Nyf\u00f6retagarCentrums gratis web-tj\u00e4nst<\/li>\n<li>f\u00f6retagsformer, enskild firma eller aktiebolag vad g\u00e4ller<\/li>\n<li>vad beh\u00f6ver man ta st\u00e4llning till f\u00f6r att registrera ett f\u00f6retag<\/li>\n<li>skatt, moms, bokf\u00f6ring<\/li>\n<li>vad man kan f\u00e5 hj\u00e4lp med av sin kommun, tomter, bygglov, tillst\u00e5nd, anm\u00e4lningsplikt, etc.<\/li>\n<li>Arbetsf\u00f6rmedlingens \u201dSt\u00f6d till start av n\u00e4ringsverksamhet\u201d, Starta eget bidraget<\/li>\n<li>Almis gratis seminarier med f\u00f6rdjupade kunskaper<\/li>\n<\/ul>\n\n            \n        <\/div>\n    <\/div>\n<\/section>\n\n\n<p><\/p>\n\n\n\n<div style=\"height:20px\" aria-hidden=\"true\" class=\"wp-block-spacer\"><\/div>\n\n\n\n<div style=\"height:30px\" aria-hidden=\"true\" class=\"wp-block-spacer\"><\/div>\n\n\n\n<div class=\"wp-block-columns alignwide is-layout-flex wp-container-core-columns-is-layout-1 wp-block-columns-is-layout-flex\">\n<div class=\"wp-block-column is-layout-flow wp-block-column-is-layout-flow\">\n<p><strong><strong><strong>14 januari<\/strong><\/strong><\/strong><br>Kl. 15.00-17.00<br>Gunnar Karlsson, 070-328 00 38<br>Plats: Akademigatan 3, \u00d6stersund<\/p>\n<\/div>\n\n\n\n<div class=\"wp-block-column is-layout-flow wp-block-column-is-layout-flow\">\n<p><strong><strong>27 januari<\/strong><\/strong><br>Kl. 18.00-20.00<br>Ing-Marie Jirhed, 070-280 10 21<br>Plats: Digitalt<\/p>\n<\/div>\n\n\n\n<div class=\"wp-block-column is-layout-flow wp-block-column-is-layout-flow\">\n<p><strong><strong><strong>11 februari<\/strong><\/strong><\/strong><br>Kl. 18.00-20.00<br>Catarina Espmark, 070-341 52 48<br>Plats: Digitalt<\/p>\n<\/div>\n\n\n\n<div class=\"wp-block-column is-layout-flow wp-block-column-is-layout-flow\">\n<p><strong><strong><strong>25 februari<\/strong><\/strong><\/strong><br>Kl. 18.00-20.00<br>Linda Nordvall, 070-255 88 89<br>Plats: Digitalt<\/p>\n<\/div>\n<\/div>\n\n\n\n<div class=\"wp-block-columns alignwide is-layout-flex wp-container-core-columns-is-layout-2 wp-block-columns-is-layout-flex\">\n<div class=\"wp-block-column is-layout-flow wp-block-column-is-layout-flow\">\n<p><strong><strong><strong>11 mars<\/strong><\/strong><\/strong><br>Kl. 18.00-20.00<br>Linda Nordvall, 070-255 88 89<br>Plats: Digitalt<\/p>\n<\/div>\n\n\n\n<div class=\"wp-block-column is-layout-flow wp-block-column-is-layout-flow\">\n<p><strong><strong><strong>25 mars<\/strong><\/strong><\/strong><br>Kl. 18.00-20.00<br>Catarina Espmark, 070-341 52 48<br>Plats: Digitalt<\/p>\n<\/div>\n\n\n\n<div class=\"wp-block-column is-layout-flow wp-block-column-is-layout-flow\">\n<p><strong><strong><strong>8 april<\/strong><\/strong><\/strong><br>Kl. 18.00-20.00<br>Gunnar Karlsson, 070-328 00 38<br>Plats: Akademigatan 3, \u00d6stersund<\/p>\n<\/div>\n\n\n\n<div class=\"wp-block-column is-layout-flow wp-block-column-is-layout-flow\">\n<p><strong><strong><strong>21 april<\/strong><\/strong><\/strong><br>Kl. 18.00-20.00<br>Ing-Marie Jirhed, 070-280 10 21<br>Plats: Digitalt<\/p>\n<\/div>\n<\/div>\n\n\n\n<div class=\"wp-block-columns alignwide is-layout-flex wp-container-core-columns-is-layout-3 wp-block-columns-is-layout-flex\">\n<div class=\"wp-block-column is-layout-flow wp-block-column-is-layout-flow\">\n<p><strong><strong><strong>6 maj<\/strong><\/strong><\/strong><br>Kl. 18.00-20.00<br>Linda Nordvall, 070-255 88 89<br>Plats: Digitalt<\/p>\n<\/div>\n\n\n\n<div class=\"wp-block-column is-layout-flow wp-block-column-is-layout-flow\">\n<p><strong><strong><strong>20 maj<\/strong><\/strong><\/strong><br>Kl. 18.00-20.00<br>Catarina Espmark, 070-341 52 48<br>Plats: Digitalt<\/p>\n<\/div>\n\n\n\n<div class=\"wp-block-column is-layout-flow wp-block-column-is-layout-flow\">\n<p><strong><strong><strong>2 juni<\/strong><\/strong><\/strong><br>Kl. 18.00-20.00<br>Ing-Marie Jirhed, 070-280 10 21<br>Plats: Digitalt<\/p>\n<\/div>\n\n\n\n<div class=\"wp-block-column is-layout-flow wp-block-column-is-layout-flow\">\n<p><strong><strong><strong>17 juni<\/strong><\/strong><\/strong><br>Kl. 18.00-20.00<br>Catarina Espmark, 070-341 52 48<br>Plats: Digitalt<\/p>\n<\/div>\n<\/div>\n\n\n\n<div style=\"height:10px\" aria-hidden=\"true\" class=\"wp-block-spacer\"><\/div>\n\n\n\n<div class=\"wp-block-buttons alignwide is-layout-flex wp-block-buttons-is-layout-flex\">\n<div class=\"wp-block-button\"><a class=\"wp-block-button__link wp-element-button\" href=\"https:\/\/jobsdata-nyforetagarcentrum.se\/ExternBooking?OfficeId=15fdc502-3996-e811-80d7-0050568571f4&amp;_gl=1*1w11iwm*_ga*MTM0Mzc4NDU2NS4xNzEzNzY5MjU2*_ga_9RRJJK0Y4R*MTcxMzk1MDcxMy42LjEuMTcxMzk1NDM5NS41OC4wLjA.\" target=\"_blank\" rel=\"noreferrer noopener\">Boka f\u00f6rsta g\u00e5ngen h\u00e4r!<\/a><\/div>\n<\/div>\n\n\n\n<div style=\"height:40px\" aria-hidden=\"true\" class=\"wp-block-spacer\"><\/div>\n","protected":false},"excerpt":{"rendered":"<p>14 januariKl. 15.00-17.00Gunnar Karlsson, 070-328 00 38Plats: Akademigatan 3, \u00d6stersund 27 januariKl. 18.00-20.00Ing-Marie Jirhed, 070-280 10 21Plats: Digitalt 11 februariKl. 18.00-20.00Catarina Espmark, 070-341 52 48Plats: Digitalt 25 februariKl. 18.00-20.00Linda Nordvall, 070-255 88 89Plats: Digitalt 11 marsKl. 18.00-20.00Linda Nordvall, 070-255 88 89Plats: Digitalt 25 marsKl. 18.00-20.00Catarina Espmark, 070-341 52 48Plats: Digitalt 8 aprilKl. 18.00-20.00Gunnar Karlsson, 070-328 [&hellip;]<\/p>\n","protected":false},"author":31,"featured_media":0,"parent":0,"menu_order":0,"comment_status":"closed","ping_status":"closed","template":"","meta":{"footnotes":""},"acf":[],"yoast_head":"<!-- This site is optimized with the Yoast SEO plugin v22.9 - https:\/\/yoast.com\/wordpress\/plugins\/seo\/ -->\n<title>Starta-eget-tr\u00e4ffar - J\u00e4mtland<\/title>\n<meta name=\"robots\" content=\"index, follow, max-snippet:-1, max-image-preview:large, max-video-preview:-1\" \/>\n<link rel=\"canonical\" href=\"https:\/\/nyforetagarcentrum.se\/jamtland\/starta-eget-traffar\/\" \/>\n<meta property=\"og:locale\" content=\"sv_SE\" \/>\n<meta property=\"og:type\" content=\"article\" \/>\n<meta property=\"og:title\" content=\"Starta-eget-tr\u00e4ffar - J\u00e4mtland\" \/>\n<meta property=\"og:description\" content=\"14 januariKl. 15.00-17.00Gunnar Karlsson, 070-328 00 38Plats: Akademigatan 3, \u00d6stersund 27 januariKl. 18.00-20.00Ing-Marie Jirhed, 070-280 10 21Plats: Digitalt 11 februariKl. 18.00-20.00Catarina Espmark, 070-341 52 48Plats: Digitalt 25 februariKl. 18.00-20.00Linda Nordvall, 070-255 88 89Plats: Digitalt 11 marsKl. 18.00-20.00Linda Nordvall, 070-255 88 89Plats: Digitalt 25 marsKl. 18.00-20.00Catarina Espmark, 070-341 52 48Plats: Digitalt 8 aprilKl. 18.00-20.00Gunnar Karlsson, 070-328 [&hellip;]\" \/>\n<meta property=\"og:url\" content=\"https:\/\/nyforetagarcentrum.se\/jamtland\/starta-eget-traffar\/\" \/>\n<meta property=\"og:site_name\" content=\"J\u00e4mtland\" \/>\n<meta property=\"article:modified_time\" content=\"2026-02-18T09:12:11+00:00\" \/>\n<meta name=\"twitter:card\" content=\"summary_large_image\" \/>\n<meta name=\"twitter:label1\" content=\"Ber\u00e4knad l\u00e4stid\" \/>\n\t<meta name=\"twitter:data1\" content=\"1 minut\" \/>\n<script type=\"application\/ld+json\" class=\"yoast-schema-graph\">{\"@context\":\"https:\/\/schema.org\",\"@graph\":[{\"@type\":\"WebPage\",\"@id\":\"https:\/\/nyforetagarcentrum.se\/jamtland\/starta-eget-traffar\/\",\"url\":\"https:\/\/nyforetagarcentrum.se\/jamtland\/starta-eget-traffar\/\",\"name\":\"Starta-eget-tr\u00e4ffar - J\u00e4mtland\",\"isPartOf\":{\"@id\":\"https:\/\/nyforetagarcentrum.se\/jamtland\/#website\"},\"datePublished\":\"2024-04-23T11:48:27+00:00\",\"dateModified\":\"2026-02-18T09:12:11+00:00\",\"breadcrumb\":{\"@id\":\"https:\/\/nyforetagarcentrum.se\/jamtland\/starta-eget-traffar\/#breadcrumb\"},\"inLanguage\":\"sv-SE\",\"potentialAction\":[{\"@type\":\"ReadAction\",\"target\":[\"https:\/\/nyforetagarcentrum.se\/jamtland\/starta-eget-traffar\/\"]}]},{\"@type\":\"BreadcrumbList\",\"@id\":\"https:\/\/nyforetagarcentrum.se\/jamtland\/starta-eget-traffar\/#breadcrumb\",\"itemListElement\":[{\"@type\":\"ListItem\",\"position\":1,\"name\":\"Hem\",\"item\":\"https:\/\/nyforetagarcentrum.se\/jamtland\/\"},{\"@type\":\"ListItem\",\"position\":2,\"name\":\"Starta-eget-tr\u00e4ffar\"}]},{\"@type\":\"WebSite\",\"@id\":\"https:\/\/nyforetagarcentrum.se\/jamtland\/#website\",\"url\":\"https:\/\/nyforetagarcentrum.se\/jamtland\/\",\"name\":\"J\u00e4mtland\",\"description\":\"Sveriges ledande kraft f\u00f6r fler nya livskraftiga f\u00f6retag\",\"publisher\":{\"@id\":\"https:\/\/nyforetagarcentrum.se\/jamtland\/#organization\"},\"potentialAction\":[{\"@type\":\"SearchAction\",\"target\":{\"@type\":\"EntryPoint\",\"urlTemplate\":\"https:\/\/nyforetagarcentrum.se\/jamtland\/?s={search_term_string}\"},\"query-input\":\"required name=search_term_string\"}],\"inLanguage\":\"sv-SE\"},{\"@type\":\"Organization\",\"@id\":\"https:\/\/nyforetagarcentrum.se\/jamtland\/#organization\",\"name\":\"J\u00e4mtland\",\"url\":\"https:\/\/nyforetagarcentrum.se\/jamtland\/\",\"logo\":{\"@type\":\"ImageObject\",\"inLanguage\":\"sv-SE\",\"@id\":\"https:\/\/nyforetagarcentrum.se\/jamtland\/#\/schema\/logo\/image\/\",\"url\":\"https:\/\/nyforetagarcentrum.se\/jamtland\/wp-content\/uploads\/sites\/34\/2024\/04\/Jamtland-harjedalen.png\",\"contentUrl\":\"https:\/\/nyforetagarcentrum.se\/jamtland\/wp-content\/uploads\/sites\/34\/2024\/04\/Jamtland-harjedalen.png\",\"width\":1082,\"height\":542,\"caption\":\"J\u00e4mtland\"},\"image\":{\"@id\":\"https:\/\/nyforetagarcentrum.se\/jamtland\/#\/schema\/logo\/image\/\"}}]}<\/script>\n<!-- \/ Yoast SEO plugin. -->","yoast_head_json":{"title":"Starta-eget-tr\u00e4ffar - J\u00e4mtland","robots":{"index":"index","follow":"follow","max-snippet":"max-snippet:-1","max-image-preview":"max-image-preview:large","max-video-preview":"max-video-preview:-1"},"canonical":"https:\/\/nyforetagarcentrum.se\/jamtland\/starta-eget-traffar\/","og_locale":"sv_SE","og_type":"article","og_title":"Starta-eget-tr\u00e4ffar - J\u00e4mtland","og_description":"14 januariKl. 15.00-17.00Gunnar Karlsson, 070-328 00 38Plats: Akademigatan 3, \u00d6stersund 27 januariKl. 18.00-20.00Ing-Marie Jirhed, 070-280 10 21Plats: Digitalt 11 februariKl. 18.00-20.00Catarina Espmark, 070-341 52 48Plats: Digitalt 25 februariKl. 18.00-20.00Linda Nordvall, 070-255 88 89Plats: Digitalt 11 marsKl. 18.00-20.00Linda Nordvall, 070-255 88 89Plats: Digitalt 25 marsKl. 18.00-20.00Catarina Espmark, 070-341 52 48Plats: Digitalt 8 aprilKl. 18.00-20.00Gunnar Karlsson, 070-328 [&hellip;]","og_url":"https:\/\/nyforetagarcentrum.se\/jamtland\/starta-eget-traffar\/","og_site_name":"J\u00e4mtland","article_modified_time":"2026-02-18T09:12:11+00:00","twitter_card":"summary_large_image","twitter_misc":{"Ber\u00e4knad l\u00e4stid":"1 minut"},"schema":{"@context":"https:\/\/schema.org","@graph":[{"@type":"WebPage","@id":"https:\/\/nyforetagarcentrum.se\/jamtland\/starta-eget-traffar\/","url":"https:\/\/nyforetagarcentrum.se\/jamtland\/starta-eget-traffar\/","name":"Starta-eget-tr\u00e4ffar - J\u00e4mtland","isPartOf":{"@id":"https:\/\/nyforetagarcentrum.se\/jamtland\/#website"},"datePublished":"2024-04-23T11:48:27+00:00","dateModified":"2026-02-18T09:12:11+00:00","breadcrumb":{"@id":"https:\/\/nyforetagarcentrum.se\/jamtland\/starta-eget-traffar\/#breadcrumb"},"inLanguage":"sv-SE","potentialAction":[{"@type":"ReadAction","target":["https:\/\/nyforetagarcentrum.se\/jamtland\/starta-eget-traffar\/"]}]},{"@type":"BreadcrumbList","@id":"https:\/\/nyforetagarcentrum.se\/jamtland\/starta-eget-traffar\/#breadcrumb","itemListElement":[{"@type":"ListItem","position":1,"name":"Hem","item":"https:\/\/nyforetagarcentrum.se\/jamtland\/"},{"@type":"ListItem","position":2,"name":"Starta-eget-tr\u00e4ffar"}]},{"@type":"WebSite","@id":"https:\/\/nyforetagarcentrum.se\/jamtland\/#website","url":"https:\/\/nyforetagarcentrum.se\/jamtland\/","name":"J\u00e4mtland","description":"Sveriges ledande kraft f\u00f6r fler nya livskraftiga f\u00f6retag","publisher":{"@id":"https:\/\/nyforetagarcentrum.se\/jamtland\/#organization"},"potentialAction":[{"@type":"SearchAction","target":{"@type":"EntryPoint","urlTemplate":"https:\/\/nyforetagarcentrum.se\/jamtland\/?s={search_term_string}"},"query-input":"required name=search_term_string"}],"inLanguage":"sv-SE"},{"@type":"Organization","@id":"https:\/\/nyforetagarcentrum.se\/jamtland\/#organization","name":"J\u00e4mtland","url":"https:\/\/nyforetagarcentrum.se\/jamtland\/","logo":{"@type":"ImageObject","inLanguage":"sv-SE","@id":"https:\/\/nyforetagarcentrum.se\/jamtland\/#\/schema\/logo\/image\/","url":"https:\/\/nyforetagarcentrum.se\/jamtland\/wp-content\/uploads\/sites\/34\/2024\/04\/Jamtland-harjedalen.png","contentUrl":"https:\/\/nyforetagarcentrum.se\/jamtland\/wp-content\/uploads\/sites\/34\/2024\/04\/Jamtland-harjedalen.png","width":1082,"height":542,"caption":"J\u00e4mtland"},"image":{"@id":"https:\/\/nyforetagarcentrum.se\/jamtland\/#\/schema\/logo\/image\/"}}]}},"_links":{"self":[{"href":"https:\/\/nyforetagarcentrum.se\/jamtland\/wp-json\/wp\/v2\/pages\/384"}],"collection":[{"href":"https:\/\/nyforetagarcentrum.se\/jamtland\/wp-json\/wp\/v2\/pages"}],"about":[{"href":"https:\/\/nyforetagarcentrum.se\/jamtland\/wp-json\/wp\/v2\/types\/page"}],"author":[{"embeddable":true,"href":"https:\/\/nyforetagarcentrum.se\/jamtland\/wp-json\/wp\/v2\/users\/31"}],"replies":[{"embeddable":true,"href":"https:\/\/nyforetagarcentrum.se\/jamtland\/wp-json\/wp\/v2\/comments?post=384"}],"version-history":[{"count":45,"href":"https:\/\/nyforetagarcentrum.se\/jamtland\/wp-json\/wp\/v2\/pages\/384\/revisions"}],"predecessor-version":[{"id":1105,"href":"https:\/\/nyforetagarcentrum.se\/jamtland\/wp-json\/wp\/v2\/pages\/384\/revisions\/1105"}],"wp:attachment":[{"href":"https:\/\/nyforetagarcentrum.se\/jamtland\/wp-json\/wp\/v2\/media?parent=384"}],"curies":[{"name":"wp","href":"https:\/\/api.w.org\/{rel}","templated":true}]}}