{"id":239,"date":"2024-02-29T13:59:39","date_gmt":"2024-02-29T12:59:39","guid":{"rendered":"https:\/\/nyforetagarcentrum.se\/jamtland\/?page_id=239"},"modified":"2026-02-20T09:44:39","modified_gmt":"2026-02-20T08:44:39","slug":"vara-radgivare","status":"publish","type":"page","link":"https:\/\/nyforetagarcentrum.se\/jamtland\/vara-radgivare\/","title":{"rendered":"V\u00e5ra r\u00e5dgivare"},"content":{"rendered":"<section  class=\"nfc-block-breadcrumbs alignwide\">\n    <div class=\"wrapper contained\">\n        <ol class=\"breadcrumbs\" itemscope itemtype=\"https:\/\/schema.org\/BreadcrumbList\">\n            <li itemprop=\"itemListElement\" itemscope itemtype=\"https:\/\/schema.org\/ListItem\">\n            \n\n                            <span class=\"current\" itemprop=\"name\">Hem<\/span>\n            \n            <meta itemprop=\"position\" content=\"1\" \/>\n        <\/li>\n    <\/ol>    <\/div>\n<\/section>\n\n\n<div style=\"height:20px\" aria-hidden=\"true\" class=\"wp-block-spacer\"><\/div>\n\n\n\n<div style=\"height:20px\" aria-hidden=\"true\" class=\"wp-block-spacer\"><\/div>\n\n\n\n<div class=\"wp-block-columns has-white-background-color has-background is-layout-flex wp-container-core-columns-is-layout-1 wp-block-columns-is-layout-flex\">\n<div class=\"wp-block-column is-layout-flow wp-block-column-is-layout-flow\" style=\"flex-basis:30%\">\n<div style=\"height:30px\" aria-hidden=\"true\" class=\"wp-block-spacer\"><\/div>\n\n\n\n<figure class=\"wp-block-image size-full\"><img loading=\"lazy\" decoding=\"async\" width=\"200\" height=\"265\" src=\"https:\/\/nyforetagarcentrum.se\/jamtland\/wp-content\/uploads\/sites\/34\/2024\/04\/nyf2119_radgivare-8_lagis.jpg\" alt=\"\" class=\"wp-image-407\" \/><\/figure>\n\n\n\n<figure class=\"wp-block-image size-full is-resized\"><img loading=\"lazy\" decoding=\"async\" width=\"287\" height=\"164\" src=\"https:\/\/nyforetagarcentrum.se\/jamtland\/wp-content\/uploads\/sites\/34\/2024\/04\/diplomerad_CatarinaEspmark.jpg\" alt=\"\" class=\"wp-image-416\" style=\"width:150px\" \/><\/figure>\n<\/div>\n\n\n\n<div class=\"wp-block-column is-layout-flow wp-block-column-is-layout-flow\">\n<div style=\"height:10px\" aria-hidden=\"true\" class=\"wp-block-spacer\"><\/div>\n\n\n\n<h3 class=\"wp-block-heading\">Str\u00f6msund och \u00d6stersund<\/h3>\n\n\n\n<h3 class=\"wp-block-heading has-large-font-size\">Catarina Espmark<\/h3>\n\n\n\n<p><strong>Bra p\u00e5 att hj\u00e4lpa till med:<br><\/strong>&#8211; Vrida och v\u00e4nda p\u00e5 aff\u00e4rsid\u00e9n<br>&#8211; Skriva aff\u00e4rsplan<br>&#8211; Ekonomiska prognoser<br>&#8211; Se nya m\u00f6jligheter och inspirera<br>&#8211; Kontakter och n\u00e4tverk<\/p>\n\n\n\n<p><strong>Yrkes- och branschkunskap:<br><\/strong>&#8211; Egen f\u00f6retagare<br>&#8211; Utveckling<br>&#8211; Controller<br>&#8211; Styrning och ledning<br><\/p>\n\n\n\n<p>Telefon: 070-341 52 48<\/p>\n\n\n\n<div class=\"wp-block-buttons is-layout-flex wp-block-buttons-is-layout-flex\">\n<div class=\"wp-block-button\"><a class=\"wp-block-button__link wp-element-button\" href=\"mailto:catarina.espmark@nyforetagarcentrum.se\">E-post<\/a><\/div>\n<\/div>\n\n\n\n<p><\/p>\n<\/div>\n<\/div>\n\n\n\n<div class=\"wp-block-columns has-white-background-color has-background is-layout-flex wp-container-core-columns-is-layout-2 wp-block-columns-is-layout-flex\">\n<div class=\"wp-block-column is-layout-flow wp-block-column-is-layout-flow\" style=\"flex-basis:30%\">\n<div style=\"height:30px\" aria-hidden=\"true\" class=\"wp-block-spacer\"><\/div>\n\n\n\n<figure class=\"wp-block-image size-full\"><img loading=\"lazy\" decoding=\"async\" width=\"225\" height=\"320\" src=\"https:\/\/nyforetagarcentrum.se\/jamtland\/wp-content\/uploads\/sites\/34\/2024\/02\/Ingmarie.jpeg\" alt=\"\" class=\"wp-image-371\" srcset=\"https:\/\/nyforetagarcentrum.se\/jamtland\/wp-content\/uploads\/sites\/34\/2024\/02\/Ingmarie.jpeg 225w, https:\/\/nyforetagarcentrum.se\/jamtland\/wp-content\/uploads\/sites\/34\/2024\/02\/Ingmarie-211x300.jpeg 211w\" sizes=\"(max-width: 225px) 100vw, 225px\" \/><\/figure>\n\n\n\n<figure class=\"wp-block-image size-full is-resized\"><img loading=\"lazy\" decoding=\"async\" width=\"286\" height=\"164\" src=\"https:\/\/nyforetagarcentrum.se\/jamtland\/wp-content\/uploads\/sites\/34\/2026\/02\/Unknown.png\" alt=\"\" class=\"wp-image-1108\" style=\"width:150px\" \/><\/figure>\n<\/div>\n\n\n\n<div class=\"wp-block-column is-layout-flow wp-block-column-is-layout-flow\">\n<div style=\"height:10px\" aria-hidden=\"true\" class=\"wp-block-spacer\"><\/div>\n\n\n\n<h3 class=\"wp-block-heading\">Krokom<\/h3>\n\n\n\n<h3 class=\"wp-block-heading has-large-font-size\">Ing-Marie Jirhed<\/h3>\n\n\n\n<p><strong>Bra p\u00e5 att hj\u00e4lpa till med:<br><\/strong>&#8211; Aff\u00e4rsid\u00e9 och aff\u00e4rsplan<br>&#8211; Marknad och f\u00f6rs\u00e4ljning<br>&#8211; Kontakter och n\u00e4tverk<\/p>\n\n\n\n<p><strong>Yrkes- och branschkunskap:<br><\/strong>&#8211; Eget f\u00f6retagande b\u00e5de enskilt och tillsammans med andra.<br>&#8211; Turism<br>&#8211; Utbildning och konsult verksamhet<br>&#8211; Gr\u00f6na n\u00e4ringar<br>&#8211; Projektledning<\/p>\n\n\n\n<p>Telefon: 070-280 10 21<\/p>\n\n\n\n<div class=\"wp-block-buttons is-layout-flex wp-block-buttons-is-layout-flex\">\n<div class=\"wp-block-button\"><a class=\"wp-block-button__link wp-element-button\" href=\"mailto:ing-marie.jirhed@nyforetagarcentrum.se\">E-post<\/a><\/div>\n<\/div>\n\n\n\n<p><\/p>\n<\/div>\n<\/div>\n\n\n\n<div class=\"wp-block-columns has-white-background-color has-background is-layout-flex wp-container-core-columns-is-layout-3 wp-block-columns-is-layout-flex\">\n<div class=\"wp-block-column is-layout-flow wp-block-column-is-layout-flow\" style=\"flex-basis:30%\">\n<div style=\"height:30px\" aria-hidden=\"true\" class=\"wp-block-spacer\"><\/div>\n\n\n\n<figure class=\"wp-block-image size-full\"><img loading=\"lazy\" decoding=\"async\" width=\"200\" height=\"265\" src=\"https:\/\/nyforetagarcentrum.se\/jamtland\/wp-content\/uploads\/sites\/34\/2024\/04\/nyf2119_radgivare-33_lagis.jpg\" alt=\"\" class=\"wp-image-406\" \/><\/figure>\n\n\n\n<figure class=\"wp-block-image size-full is-resized\"><img loading=\"lazy\" decoding=\"async\" width=\"287\" height=\"164\" src=\"https:\/\/nyforetagarcentrum.se\/jamtland\/wp-content\/uploads\/sites\/34\/2024\/04\/gunnar.karlsson.jpg\" alt=\"\" class=\"wp-image-596\" style=\"width:150px\" \/><\/figure>\n<\/div>\n\n\n\n<div class=\"wp-block-column is-layout-flow wp-block-column-is-layout-flow\">\n<div style=\"height:10px\" aria-hidden=\"true\" class=\"wp-block-spacer\"><\/div>\n\n\n\n<h3 class=\"wp-block-heading\">\u00d6stersund<\/h3>\n\n\n\n<h3 class=\"wp-block-heading has-large-font-size\">Gunnar Karlsson<\/h3>\n\n\n\n<p><strong>Bra p\u00e5 att hj\u00e4lpa till med:<br><\/strong>&#8211; Redovisningsfr\u00e5gor<br>&#8211; Bolagsbildningar \/bolags\u00f6verl\u00e5telser<br>&#8211; V\u00e4rderingar<br>&#8211; M\u00f6jligheter och risker i f\u00f6retagandet<\/p>\n\n\n\n<p><strong>Yrkes- och branschkunskap:<br><\/strong>&#8211; Internrevisor<br>&#8211; Controller\/ekonomichef<br>&#8211; Auktoriserad revisor<br>&#8211; Egenf\u00f6retagare inom ekonomikonsultbranschen<\/p>\n\n\n\n<p>Telefon: 070-328 00 38<\/p>\n\n\n\n<div class=\"wp-block-buttons is-layout-flex wp-block-buttons-is-layout-flex\">\n<div class=\"wp-block-button\"><a class=\"wp-block-button__link wp-element-button\" href=\"mailto:gunnar.karlsson@nyforetagarcentrum.se\">E-post<\/a><\/div>\n<\/div>\n\n\n\n<p><\/p>\n<\/div>\n<\/div>\n\n\n\n<div class=\"wp-block-columns has-white-background-color has-background is-layout-flex wp-container-core-columns-is-layout-4 wp-block-columns-is-layout-flex\">\n<div class=\"wp-block-column is-layout-flow wp-block-column-is-layout-flow\" style=\"flex-basis:30%\">\n<div style=\"height:33px\" aria-hidden=\"true\" class=\"wp-block-spacer\"><\/div>\n\n\n\n<figure class=\"wp-block-image size-large\"><img loading=\"lazy\" decoding=\"async\" width=\"1024\" height=\"1013\" src=\"https:\/\/nyforetagarcentrum.se\/jamtland\/wp-content\/uploads\/sites\/34\/2025\/07\/Linda-1024x1013.jpg\" alt=\"\" class=\"wp-image-971\" srcset=\"https:\/\/nyforetagarcentrum.se\/jamtland\/wp-content\/uploads\/sites\/34\/2025\/07\/Linda-1024x1013.jpg 1024w, https:\/\/nyforetagarcentrum.se\/jamtland\/wp-content\/uploads\/sites\/34\/2025\/07\/Linda-300x297.jpg 300w, https:\/\/nyforetagarcentrum.se\/jamtland\/wp-content\/uploads\/sites\/34\/2025\/07\/Linda-768x760.jpg 768w, https:\/\/nyforetagarcentrum.se\/jamtland\/wp-content\/uploads\/sites\/34\/2025\/07\/Linda-1536x1519.jpg 1536w, https:\/\/nyforetagarcentrum.se\/jamtland\/wp-content\/uploads\/sites\/34\/2025\/07\/Linda-2048x2026.jpg 2048w, https:\/\/nyforetagarcentrum.se\/jamtland\/wp-content\/uploads\/sites\/34\/2025\/07\/Linda-1092x1080.jpg 1092w\" sizes=\"(max-width: 1024px) 100vw, 1024px\" \/><\/figure>\n\n\n\n<figure class=\"wp-block-image size-full is-resized\"><img loading=\"lazy\" decoding=\"async\" width=\"286\" height=\"164\" src=\"https:\/\/nyforetagarcentrum.se\/jamtland\/wp-content\/uploads\/sites\/34\/2025\/07\/Linda-Nordvall_diplomerad_mall.psd_.png\" alt=\"\" class=\"wp-image-976\" style=\"width:150px\" \/><\/figure>\n<\/div>\n\n\n\n<div class=\"wp-block-column is-layout-flow wp-block-column-is-layout-flow\">\n<div style=\"height:10px\" aria-hidden=\"true\" class=\"wp-block-spacer\"><\/div>\n\n\n\n<h3 class=\"wp-block-heading\">Ragunda<\/h3>\n\n\n\n<h1 class=\"wp-block-heading\">Linda Nordvall<\/h1>\n\n\n\n<p><strong>Bra p\u00e5 att hj\u00e4lpa till med:<br><\/strong>&#8211; Redovisningsfr\u00e5gor<\/p>\n\n\n\n<p><strong>Yrkes- och branschkunskap:<br><\/strong>&#8211; Controller\/ekonomichef<br>&#8211; Egenf\u00f6retagare inom ekonomikonsultbranschen<\/p>\n\n\n\n<p>Telefon: 070-255 88 89<\/p>\n\n\n\n<div class=\"wp-block-buttons is-layout-flex wp-block-buttons-is-layout-flex\">\n<div class=\"wp-block-button\"><a class=\"wp-block-button__link wp-element-button\" href=\"mailto:linda.nordvall@nyforetagarcentrum.se\">E-post<\/a><\/div>\n<\/div>\n\n\n\n<p><\/p>\n<\/div>\n<\/div>\n\n\n\n<div class=\"wp-block-columns has-white-background-color has-background is-layout-flex wp-container-core-columns-is-layout-5 wp-block-columns-is-layout-flex\">\n<div class=\"wp-block-column is-layout-flow wp-block-column-is-layout-flow\" style=\"flex-basis:30%\">\n<div style=\"height:32px\" aria-hidden=\"true\" class=\"wp-block-spacer\"><\/div>\n\n\n\n<figure class=\"wp-block-image size-full\"><img loading=\"lazy\" decoding=\"async\" width=\"200\" height=\"265\" src=\"https:\/\/nyforetagarcentrum.se\/jamtland\/wp-content\/uploads\/sites\/34\/2024\/04\/nyf2119_radgivare-24_lagis.jpg\" alt=\"\" class=\"wp-image-405\" \/><\/figure>\n\n\n\n<figure class=\"wp-block-image size-full is-resized\"><img loading=\"lazy\" decoding=\"async\" width=\"287\" height=\"164\" src=\"https:\/\/nyforetagarcentrum.se\/jamtland\/wp-content\/uploads\/sites\/34\/2024\/04\/olle.martinelle.jpg\" alt=\"\" class=\"wp-image-595\" style=\"width:150px\" \/><\/figure>\n<\/div>\n\n\n\n<div class=\"wp-block-column is-layout-flow wp-block-column-is-layout-flow\">\n<div style=\"height:10px\" aria-hidden=\"true\" class=\"wp-block-spacer\"><\/div>\n\n\n\n<h3 class=\"wp-block-heading\">Berg och Br\u00e4cke<\/h3>\n\n\n\n<p><strong>Verksamhetsansvarig<\/strong><\/p>\n\n\n\n<h3 class=\"wp-block-heading has-large-font-size\">Olle Martinelle<\/h3>\n\n\n\n<p><strong>Bra p\u00e5 att hj\u00e4lpa till med:<br><\/strong>&#8211; F\u00f6retags\u00f6verl\u00e5telser<\/p>\n\n\n\n<p><strong>Yrkes- och branschkunskap:<br><\/strong>&#8211; Chefsbefattningar<br>&#8211; Egenf\u00f6retagare<br>&#8211; Fordon<br>&#8211; IT<\/p>\n\n\n\n<p>Telefon: 070-538 34 53<\/p>\n\n\n\n<div class=\"wp-block-buttons is-layout-flex wp-block-buttons-is-layout-flex\">\n<div class=\"wp-block-button\"><a class=\"wp-block-button__link wp-element-button\" href=\"mailto:olle.martinelle@nyforetagarcentrum.se\">E-post<\/a><\/div>\n<\/div>\n\n\n\n<p><\/p>\n<\/div>\n<\/div>\n\n\n\n<div class=\"wp-block-columns has-white-background-color has-background is-layout-flex wp-container-core-columns-is-layout-6 wp-block-columns-is-layout-flex\">\n<div class=\"wp-block-column is-layout-flow wp-block-column-is-layout-flow\" style=\"flex-basis:30%\">\n<div style=\"height:33px\" aria-hidden=\"true\" class=\"wp-block-spacer\"><\/div>\n\n\n\n<figure class=\"wp-block-image size-full\"><img loading=\"lazy\" decoding=\"async\" width=\"720\" height=\"638\" src=\"https:\/\/nyforetagarcentrum.se\/jamtland\/wp-content\/uploads\/sites\/34\/2026\/01\/Starta-Eget_NyforetagarCentrum.png\" alt=\"\" class=\"wp-image-1081\" srcset=\"https:\/\/nyforetagarcentrum.se\/jamtland\/wp-content\/uploads\/sites\/34\/2026\/01\/Starta-Eget_NyforetagarCentrum.png 720w, https:\/\/nyforetagarcentrum.se\/jamtland\/wp-content\/uploads\/sites\/34\/2026\/01\/Starta-Eget_NyforetagarCentrum-300x266.png 300w\" sizes=\"(max-width: 720px) 100vw, 720px\" \/><\/figure>\n<\/div>\n\n\n\n<div class=\"wp-block-column is-layout-flow wp-block-column-is-layout-flow\">\n<h3 class=\"wp-block-heading\">H\u00e4rjedalen<\/h3>\n\n\n\n<h3 class=\"wp-block-heading has-large-font-size\">NN<\/h3>\n\n\n\n<p><strong>Bra p\u00e5 att hj\u00e4lpa till med:<br><\/strong>&#8211; Se nya m\u00f6jligheter<br>&#8211; Personal- och ledarskapsfr\u00e5gor<br>&#8211; Aff\u00e4rsid\u00e9n och aff\u00e4rsplan<\/p>\n\n\n\n<p><strong>Yrkes- och branschkunskap:<br><\/strong>&#8211; Ledarskap<br><br><\/p>\n\n\n\n<p>Telefon: 070-xx<\/p>\n\n\n\n<div class=\"wp-block-buttons is-layout-flex wp-block-buttons-is-layout-flex\">\n<div class=\"wp-block-button\"><a class=\"wp-block-button__link wp-element-button\" href=\"mailto:jamtland@nyforetagarcentrum.se\">E-post<\/a><\/div>\n<\/div>\n<\/div>\n<\/div>\n\n\n\n<div style=\"height:100px\" aria-hidden=\"true\" class=\"wp-block-spacer\"><\/div>\n","protected":false},"excerpt":{"rendered":"<p>Str\u00f6msund och \u00d6stersund Catarina Espmark Bra p\u00e5 att hj\u00e4lpa till med:&#8211; Vrida och v\u00e4nda p\u00e5 aff\u00e4rsid\u00e9n&#8211; Skriva aff\u00e4rsplan&#8211; Ekonomiska prognoser&#8211; Se nya m\u00f6jligheter och inspirera&#8211; Kontakter och n\u00e4tverk Yrkes- och branschkunskap:&#8211; Egen f\u00f6retagare&#8211; Utveckling&#8211; Controller&#8211; Styrning och ledning Telefon: 070-341 52 48 Krokom Ing-Marie Jirhed Bra p\u00e5 att hj\u00e4lpa till med:&#8211; Aff\u00e4rsid\u00e9 och aff\u00e4rsplan&#8211; Marknad [&hellip;]<\/p>\n","protected":false},"author":1,"featured_media":0,"parent":0,"menu_order":0,"comment_status":"closed","ping_status":"closed","template":"","meta":{"footnotes":""},"acf":[],"yoast_head":"<!-- This site is optimized with the Yoast SEO plugin v22.9 - https:\/\/yoast.com\/wordpress\/plugins\/seo\/ -->\n<title>V\u00e5ra r\u00e5dgivare - J\u00e4mtland<\/title>\n<meta name=\"robots\" content=\"index, follow, max-snippet:-1, max-image-preview:large, max-video-preview:-1\" \/>\n<link rel=\"canonical\" href=\"https:\/\/nyforetagarcentrum.se\/jamtland\/vara-radgivare\/\" \/>\n<meta property=\"og:locale\" content=\"sv_SE\" \/>\n<meta property=\"og:type\" content=\"article\" \/>\n<meta property=\"og:title\" content=\"V\u00e5ra r\u00e5dgivare - J\u00e4mtland\" \/>\n<meta property=\"og:description\" content=\"Str\u00f6msund och \u00d6stersund Catarina Espmark Bra p\u00e5 att hj\u00e4lpa till med:&#8211; Vrida och v\u00e4nda p\u00e5 aff\u00e4rsid\u00e9n&#8211; Skriva aff\u00e4rsplan&#8211; Ekonomiska prognoser&#8211; Se nya m\u00f6jligheter och inspirera&#8211; Kontakter och n\u00e4tverk Yrkes- och branschkunskap:&#8211; Egen f\u00f6retagare&#8211; Utveckling&#8211; Controller&#8211; Styrning och ledning Telefon: 070-341 52 48 Krokom Ing-Marie Jirhed Bra p\u00e5 att hj\u00e4lpa till med:&#8211; Aff\u00e4rsid\u00e9 och aff\u00e4rsplan&#8211; Marknad [&hellip;]\" \/>\n<meta property=\"og:url\" content=\"https:\/\/nyforetagarcentrum.se\/jamtland\/vara-radgivare\/\" \/>\n<meta property=\"og:site_name\" content=\"J\u00e4mtland\" \/>\n<meta property=\"article:modified_time\" content=\"2026-02-20T08:44:39+00:00\" \/>\n<meta property=\"og:image\" content=\"https:\/\/nyforetagarcentrum.se\/jamtland\/wp-content\/uploads\/sites\/34\/2024\/04\/nyf2119_radgivare-8_lagis.jpg\" \/>\n<meta name=\"twitter:card\" content=\"summary_large_image\" \/>\n<meta name=\"twitter:label1\" content=\"Ber\u00e4knad l\u00e4stid\" \/>\n\t<meta name=\"twitter:data1\" content=\"4 minuter\" \/>\n<script type=\"application\/ld+json\" class=\"yoast-schema-graph\">{\"@context\":\"https:\/\/schema.org\",\"@graph\":[{\"@type\":\"WebPage\",\"@id\":\"https:\/\/nyforetagarcentrum.se\/jamtland\/vara-radgivare\/\",\"url\":\"https:\/\/nyforetagarcentrum.se\/jamtland\/vara-radgivare\/\",\"name\":\"V\u00e5ra r\u00e5dgivare - J\u00e4mtland\",\"isPartOf\":{\"@id\":\"https:\/\/nyforetagarcentrum.se\/jamtland\/#website\"},\"primaryImageOfPage\":{\"@id\":\"https:\/\/nyforetagarcentrum.se\/jamtland\/vara-radgivare\/#primaryimage\"},\"image\":{\"@id\":\"https:\/\/nyforetagarcentrum.se\/jamtland\/vara-radgivare\/#primaryimage\"},\"thumbnailUrl\":\"https:\/\/nyforetagarcentrum.se\/jamtland\/wp-content\/uploads\/sites\/34\/2024\/04\/nyf2119_radgivare-8_lagis.jpg\",\"datePublished\":\"2024-02-29T12:59:39+00:00\",\"dateModified\":\"2026-02-20T08:44:39+00:00\",\"breadcrumb\":{\"@id\":\"https:\/\/nyforetagarcentrum.se\/jamtland\/vara-radgivare\/#breadcrumb\"},\"inLanguage\":\"sv-SE\",\"potentialAction\":[{\"@type\":\"ReadAction\",\"target\":[\"https:\/\/nyforetagarcentrum.se\/jamtland\/vara-radgivare\/\"]}]},{\"@type\":\"ImageObject\",\"inLanguage\":\"sv-SE\",\"@id\":\"https:\/\/nyforetagarcentrum.se\/jamtland\/vara-radgivare\/#primaryimage\",\"url\":\"https:\/\/nyforetagarcentrum.se\/jamtland\/wp-content\/uploads\/sites\/34\/2024\/04\/nyf2119_radgivare-8_lagis.jpg\",\"contentUrl\":\"https:\/\/nyforetagarcentrum.se\/jamtland\/wp-content\/uploads\/sites\/34\/2024\/04\/nyf2119_radgivare-8_lagis.jpg\",\"width\":200,\"height\":265},{\"@type\":\"BreadcrumbList\",\"@id\":\"https:\/\/nyforetagarcentrum.se\/jamtland\/vara-radgivare\/#breadcrumb\",\"itemListElement\":[{\"@type\":\"ListItem\",\"position\":1,\"name\":\"Hem\",\"item\":\"https:\/\/nyforetagarcentrum.se\/jamtland\/\"},{\"@type\":\"ListItem\",\"position\":2,\"name\":\"V\u00e5ra r\u00e5dgivare\"}]},{\"@type\":\"WebSite\",\"@id\":\"https:\/\/nyforetagarcentrum.se\/jamtland\/#website\",\"url\":\"https:\/\/nyforetagarcentrum.se\/jamtland\/\",\"name\":\"J\u00e4mtland\",\"description\":\"Sveriges ledande kraft f\u00f6r fler nya livskraftiga f\u00f6retag\",\"publisher\":{\"@id\":\"https:\/\/nyforetagarcentrum.se\/jamtland\/#organization\"},\"potentialAction\":[{\"@type\":\"SearchAction\",\"target\":{\"@type\":\"EntryPoint\",\"urlTemplate\":\"https:\/\/nyforetagarcentrum.se\/jamtland\/?s={search_term_string}\"},\"query-input\":\"required name=search_term_string\"}],\"inLanguage\":\"sv-SE\"},{\"@type\":\"Organization\",\"@id\":\"https:\/\/nyforetagarcentrum.se\/jamtland\/#organization\",\"name\":\"J\u00e4mtland\",\"url\":\"https:\/\/nyforetagarcentrum.se\/jamtland\/\",\"logo\":{\"@type\":\"ImageObject\",\"inLanguage\":\"sv-SE\",\"@id\":\"https:\/\/nyforetagarcentrum.se\/jamtland\/#\/schema\/logo\/image\/\",\"url\":\"https:\/\/nyforetagarcentrum.se\/jamtland\/wp-content\/uploads\/sites\/34\/2024\/04\/Jamtland-harjedalen.png\",\"contentUrl\":\"https:\/\/nyforetagarcentrum.se\/jamtland\/wp-content\/uploads\/sites\/34\/2024\/04\/Jamtland-harjedalen.png\",\"width\":1082,\"height\":542,\"caption\":\"J\u00e4mtland\"},\"image\":{\"@id\":\"https:\/\/nyforetagarcentrum.se\/jamtland\/#\/schema\/logo\/image\/\"}}]}<\/script>\n<!-- \/ Yoast SEO plugin. -->","yoast_head_json":{"title":"V\u00e5ra r\u00e5dgivare - J\u00e4mtland","robots":{"index":"index","follow":"follow","max-snippet":"max-snippet:-1","max-image-preview":"max-image-preview:large","max-video-preview":"max-video-preview:-1"},"canonical":"https:\/\/nyforetagarcentrum.se\/jamtland\/vara-radgivare\/","og_locale":"sv_SE","og_type":"article","og_title":"V\u00e5ra r\u00e5dgivare - J\u00e4mtland","og_description":"Str\u00f6msund och \u00d6stersund Catarina Espmark Bra p\u00e5 att hj\u00e4lpa till med:&#8211; Vrida och v\u00e4nda p\u00e5 aff\u00e4rsid\u00e9n&#8211; Skriva aff\u00e4rsplan&#8211; Ekonomiska prognoser&#8211; Se nya m\u00f6jligheter och inspirera&#8211; Kontakter och n\u00e4tverk Yrkes- och branschkunskap:&#8211; Egen f\u00f6retagare&#8211; Utveckling&#8211; Controller&#8211; Styrning och ledning Telefon: 070-341 52 48 Krokom Ing-Marie Jirhed Bra p\u00e5 att hj\u00e4lpa till med:&#8211; Aff\u00e4rsid\u00e9 och aff\u00e4rsplan&#8211; Marknad [&hellip;]","og_url":"https:\/\/nyforetagarcentrum.se\/jamtland\/vara-radgivare\/","og_site_name":"J\u00e4mtland","article_modified_time":"2026-02-20T08:44:39+00:00","og_image":[{"url":"https:\/\/nyforetagarcentrum.se\/jamtland\/wp-content\/uploads\/sites\/34\/2024\/04\/nyf2119_radgivare-8_lagis.jpg"}],"twitter_card":"summary_large_image","twitter_misc":{"Ber\u00e4knad l\u00e4stid":"4 minuter"},"schema":{"@context":"https:\/\/schema.org","@graph":[{"@type":"WebPage","@id":"https:\/\/nyforetagarcentrum.se\/jamtland\/vara-radgivare\/","url":"https:\/\/nyforetagarcentrum.se\/jamtland\/vara-radgivare\/","name":"V\u00e5ra r\u00e5dgivare - J\u00e4mtland","isPartOf":{"@id":"https:\/\/nyforetagarcentrum.se\/jamtland\/#website"},"primaryImageOfPage":{"@id":"https:\/\/nyforetagarcentrum.se\/jamtland\/vara-radgivare\/#primaryimage"},"image":{"@id":"https:\/\/nyforetagarcentrum.se\/jamtland\/vara-radgivare\/#primaryimage"},"thumbnailUrl":"https:\/\/nyforetagarcentrum.se\/jamtland\/wp-content\/uploads\/sites\/34\/2024\/04\/nyf2119_radgivare-8_lagis.jpg","datePublished":"2024-02-29T12:59:39+00:00","dateModified":"2026-02-20T08:44:39+00:00","breadcrumb":{"@id":"https:\/\/nyforetagarcentrum.se\/jamtland\/vara-radgivare\/#breadcrumb"},"inLanguage":"sv-SE","potentialAction":[{"@type":"ReadAction","target":["https:\/\/nyforetagarcentrum.se\/jamtland\/vara-radgivare\/"]}]},{"@type":"ImageObject","inLanguage":"sv-SE","@id":"https:\/\/nyforetagarcentrum.se\/jamtland\/vara-radgivare\/#primaryimage","url":"https:\/\/nyforetagarcentrum.se\/jamtland\/wp-content\/uploads\/sites\/34\/2024\/04\/nyf2119_radgivare-8_lagis.jpg","contentUrl":"https:\/\/nyforetagarcentrum.se\/jamtland\/wp-content\/uploads\/sites\/34\/2024\/04\/nyf2119_radgivare-8_lagis.jpg","width":200,"height":265},{"@type":"BreadcrumbList","@id":"https:\/\/nyforetagarcentrum.se\/jamtland\/vara-radgivare\/#breadcrumb","itemListElement":[{"@type":"ListItem","position":1,"name":"Hem","item":"https:\/\/nyforetagarcentrum.se\/jamtland\/"},{"@type":"ListItem","position":2,"name":"V\u00e5ra r\u00e5dgivare"}]},{"@type":"WebSite","@id":"https:\/\/nyforetagarcentrum.se\/jamtland\/#website","url":"https:\/\/nyforetagarcentrum.se\/jamtland\/","name":"J\u00e4mtland","description":"Sveriges ledande kraft f\u00f6r fler nya livskraftiga f\u00f6retag","publisher":{"@id":"https:\/\/nyforetagarcentrum.se\/jamtland\/#organization"},"potentialAction":[{"@type":"SearchAction","target":{"@type":"EntryPoint","urlTemplate":"https:\/\/nyforetagarcentrum.se\/jamtland\/?s={search_term_string}"},"query-input":"required name=search_term_string"}],"inLanguage":"sv-SE"},{"@type":"Organization","@id":"https:\/\/nyforetagarcentrum.se\/jamtland\/#organization","name":"J\u00e4mtland","url":"https:\/\/nyforetagarcentrum.se\/jamtland\/","logo":{"@type":"ImageObject","inLanguage":"sv-SE","@id":"https:\/\/nyforetagarcentrum.se\/jamtland\/#\/schema\/logo\/image\/","url":"https:\/\/nyforetagarcentrum.se\/jamtland\/wp-content\/uploads\/sites\/34\/2024\/04\/Jamtland-harjedalen.png","contentUrl":"https:\/\/nyforetagarcentrum.se\/jamtland\/wp-content\/uploads\/sites\/34\/2024\/04\/Jamtland-harjedalen.png","width":1082,"height":542,"caption":"J\u00e4mtland"},"image":{"@id":"https:\/\/nyforetagarcentrum.se\/jamtland\/#\/schema\/logo\/image\/"}}]}},"_links":{"self":[{"href":"https:\/\/nyforetagarcentrum.se\/jamtland\/wp-json\/wp\/v2\/pages\/239"}],"collection":[{"href":"https:\/\/nyforetagarcentrum.se\/jamtland\/wp-json\/wp\/v2\/pages"}],"about":[{"href":"https:\/\/nyforetagarcentrum.se\/jamtland\/wp-json\/wp\/v2\/types\/page"}],"author":[{"embeddable":true,"href":"https:\/\/nyforetagarcentrum.se\/jamtland\/wp-json\/wp\/v2\/users\/1"}],"replies":[{"embeddable":true,"href":"https:\/\/nyforetagarcentrum.se\/jamtland\/wp-json\/wp\/v2\/comments?post=239"}],"version-history":[{"count":35,"href":"https:\/\/nyforetagarcentrum.se\/jamtland\/wp-json\/wp\/v2\/pages\/239\/revisions"}],"predecessor-version":[{"id":1111,"href":"https:\/\/nyforetagarcentrum.se\/jamtland\/wp-json\/wp\/v2\/pages\/239\/revisions\/1111"}],"wp:attachment":[{"href":"https:\/\/nyforetagarcentrum.se\/jamtland\/wp-json\/wp\/v2\/media?parent=239"}],"curies":[{"name":"wp","href":"https:\/\/api.w.org\/{rel}","templated":true}]}}