{"id":169,"date":"2024-02-27T16:06:59","date_gmt":"2024-02-27T15:06:59","guid":{"rendered":"https:\/\/nyforetagarcentrum.se\/jamtland\/?page_id=169"},"modified":"2024-11-21T12:46:43","modified_gmt":"2024-11-21T11:46:43","slug":"kontakt","status":"publish","type":"page","link":"https:\/\/nyforetagarcentrum.se\/jamtland\/kontakt\/","title":{"rendered":"Kontakt"},"content":{"rendered":"<section  class=\"nfc-block-breadcrumbs alignwide\">\n    <div class=\"wrapper contained\">\n        <ol class=\"breadcrumbs\" itemscope itemtype=\"https:\/\/schema.org\/BreadcrumbList\">\n            <li itemprop=\"itemListElement\" itemscope itemtype=\"https:\/\/schema.org\/ListItem\">\n            \n\n                            <span class=\"current\" itemprop=\"name\">Hem<\/span>\n            \n            <meta itemprop=\"position\" content=\"1\" \/>\n        <\/li>\n    <\/ol>    <\/div>\n<\/section>\n\n\n<div style=\"height:20px\" aria-hidden=\"true\" class=\"wp-block-spacer\"><\/div>\n\n\n<section  class=\"nfc-block-split_screen alignwide image_alignment-left\">\n    <div class=\"wrapper\">\n        <div class=\"nfc-block-split_screen__image-wrapper\">\n            <img loading=\"lazy\" decoding=\"async\" width=\"1000\" height=\"500\" src=\"https:\/\/nyforetagarcentrum.se\/jamtland\/wp-content\/uploads\/sites\/34\/2024\/04\/Radgivning.jpg\" class=\"attachment-landscape size-landscape\" alt=\"\" srcset=\"https:\/\/nyforetagarcentrum.se\/jamtland\/wp-content\/uploads\/sites\/34\/2024\/04\/Radgivning.jpg 1000w, https:\/\/nyforetagarcentrum.se\/jamtland\/wp-content\/uploads\/sites\/34\/2024\/04\/Radgivning-300x150.jpg 300w, https:\/\/nyforetagarcentrum.se\/jamtland\/wp-content\/uploads\/sites\/34\/2024\/04\/Radgivning-768x384.jpg 768w\" sizes=\"(max-width: 1000px) 100vw, 1000px\" \/>        <\/div>\n\n        <div class=\"nfc-block-split_screen__content-wrapper\">\n            <h2>Kontakt<\/h2>\n<p>\u00c4r du intresserad av att\u00a0<strong>boka r\u00e5dgivning<\/strong> g\u00f6r du det l\u00e4ttast direkt online, via knapparna nedan.<\/p>\n<p>Har du andra fr\u00e5gor kan du kontakta oss via formul\u00e4ret nedan, eller ta kontakt direkt med <a href=\"https:\/\/nyforetagarcentrum.se\/jamtland\/vara-radgivare\/\">v\u00e5ra r\u00e5dgivare<\/a> via e-post eller telefon.<\/p>\n<p><strong>Nyf\u00f6retagarCentrum J\u00e4mtland<\/strong><br \/>\nBes\u00f6ksadress: Akademigatan 3, \u00d6stersund<br \/>\nPostadress: Akademigatan 3, 831 40 \u00d6stersund<\/p>\n<p><strong>Verk\u00adsam\u00adhets\u00adan\u00adsva\u00adrig:<\/strong><br \/>\nOlle Martinelle<br \/>\n070-538 34 53<br \/>\n<a href=\"mailto:jamtland@nyforetagarcentrum.se\">jamtland@nyforetagarcentrum.se<\/a><\/p>\n\n                            <div class=\"nfc-block-split_screen__buttons\">\n                                            <a href=\"https:\/\/jobsdata-nyforetagarcentrum.se\/ExternBooking?OfficeId=15fdc502-3996-e811-80d7-0050568571f4&amp;_gl=1*11a6f4f*_ga*MTM0Mzc4NDU2NS4xNzEzNzY5MjU2*_ga_9RRJJK0Y4R*MTcxMzk1MDcxMy42LjEuMTcxMzk1MzIzMi42MC4wLjA.\" class=\"button primary\">Boka r\u00e5dgivning f\u00f6rsta g\u00e5ngen<\/a>\n                                            <a href=\"https:\/\/jobsdata-nyforetagarcentrum.se\/InternBooking?OfficeId=15fdc502-3996-e811-80d7-0050568571f4&amp;_gl=1*pp05bd*_ga*MTM0Mzc4NDU2NS4xNzEzNzY5MjU2*_ga_9RRJJK0Y4R*MTcxMzk1MDcxMy42LjEuMTcxMzk1MzA4My42MC4wLjA.\" class=\"button outlined\">Boka r\u00e5dgivning med kod<\/a>\n                                    <\/div>\n            \n        <\/div>\n    <\/div>\n<\/section>\n\n\n<div style=\"height:50px\" aria-hidden=\"true\" class=\"wp-block-spacer\"><\/div>\n\n\n\n<div style=\"height:50px\" aria-hidden=\"true\" class=\"wp-block-spacer\"><\/div>\n\n\n\n<div class=\"wp-block-group alignwide is-layout-constrained wp-block-group-is-layout-constrained\">\n<div class=\"wp-block-columns is-layout-flex wp-container-core-columns-is-layout-1 wp-block-columns-is-layout-flex\">\n<div class=\"wp-block-column is-vertically-aligned-center is-layout-flow wp-block-column-is-layout-flow\" style=\"flex-basis:100%\"><section  class=\"nfc-block-form alignwide layout-small\">\n    <div class=\"contained\">\n\n        <form data-nfc-form=\"block_61c610a578235de08c04b0fe5e471dbd\" data-nfc-page=\"169\">\n            <label class=\"input-wrapper required\" for=\"namn-och-efternamn\">\n    <span>Namn och Efternamn<\/span>\n    <input type=\"text\" name=\"namn-och-efternamn\" id=\"namn-och-efternamn\" placeholder=\"Ditt namn\" required>\n<\/label><label class=\"input-wrapper required\" for=\"e-post\">\n    <span>E-post<\/span>\n    <input type=\"text\" name=\"e-post\" id=\"e-post\" placeholder=\"Din e-postadress\" required>\n<\/label><label class=\"input-wrapper\" for=\"telefonnummer\">\n    <span>Telefonnummer<\/span>\n    <input type=\"number\" name=\"telefonnummer\" id=\"telefonnummer\" placeholder=\"Ditt telefonnummer\" >\n<\/label><label class=\"input-wrapper required\" for=\"kommun\">\n    <span>Kommun<\/span>\n    <input type=\"text\" name=\"kommun\" id=\"kommun\" placeholder=\"Din kommun\" required>\n<\/label><label class=\"input-wrapper required\" for=\"meddelande\">\n    <span>Meddelande<\/span>\n    <textarea type=\"text\" name=\"meddelande\" id=\"meddelande\" placeholder=\"Skriv ditt meddelande h\u00e4r\" required rows=\"6\"><\/textarea>\n<\/label>\n            <div class=\"input-wrapper\">\n                <button type=\"submit\" class=\"button\">Skicka<\/button>\n            <\/div>\n        <\/form>\n    <\/div>\n<\/section><\/div>\n<\/div>\n<\/div>\n\n\n\n<div style=\"height:100px\" aria-hidden=\"true\" class=\"wp-block-spacer\"><\/div>\n","protected":false},"excerpt":{"rendered":"","protected":false},"author":1,"featured_media":0,"parent":0,"menu_order":0,"comment_status":"closed","ping_status":"closed","template":"","meta":{"footnotes":""},"acf":[],"yoast_head":"<!-- This site is optimized with the Yoast SEO plugin v22.9 - https:\/\/yoast.com\/wordpress\/plugins\/seo\/ -->\n<title>Kontakt - J\u00e4mtland<\/title>\n<meta name=\"robots\" content=\"index, follow, max-snippet:-1, max-image-preview:large, max-video-preview:-1\" \/>\n<link rel=\"canonical\" href=\"https:\/\/nyforetagarcentrum.se\/jamtland\/kontakt\/\" \/>\n<meta property=\"og:locale\" content=\"sv_SE\" \/>\n<meta property=\"og:type\" content=\"article\" \/>\n<meta property=\"og:title\" content=\"Kontakt - J\u00e4mtland\" \/>\n<meta property=\"og:url\" content=\"https:\/\/nyforetagarcentrum.se\/jamtland\/kontakt\/\" \/>\n<meta property=\"og:site_name\" content=\"J\u00e4mtland\" \/>\n<meta property=\"article:modified_time\" content=\"2024-11-21T11:46:43+00:00\" \/>\n<meta name=\"twitter:card\" content=\"summary_large_image\" \/>\n<script type=\"application\/ld+json\" class=\"yoast-schema-graph\">{\"@context\":\"https:\/\/schema.org\",\"@graph\":[{\"@type\":\"WebPage\",\"@id\":\"https:\/\/nyforetagarcentrum.se\/jamtland\/kontakt\/\",\"url\":\"https:\/\/nyforetagarcentrum.se\/jamtland\/kontakt\/\",\"name\":\"Kontakt - J\u00e4mtland\",\"isPartOf\":{\"@id\":\"https:\/\/nyforetagarcentrum.se\/jamtland\/#website\"},\"datePublished\":\"2024-02-27T15:06:59+00:00\",\"dateModified\":\"2024-11-21T11:46:43+00:00\",\"breadcrumb\":{\"@id\":\"https:\/\/nyforetagarcentrum.se\/jamtland\/kontakt\/#breadcrumb\"},\"inLanguage\":\"sv-SE\",\"potentialAction\":[{\"@type\":\"ReadAction\",\"target\":[\"https:\/\/nyforetagarcentrum.se\/jamtland\/kontakt\/\"]}]},{\"@type\":\"BreadcrumbList\",\"@id\":\"https:\/\/nyforetagarcentrum.se\/jamtland\/kontakt\/#breadcrumb\",\"itemListElement\":[{\"@type\":\"ListItem\",\"position\":1,\"name\":\"Hem\",\"item\":\"https:\/\/nyforetagarcentrum.se\/jamtland\/\"},{\"@type\":\"ListItem\",\"position\":2,\"name\":\"Kontakt\"}]},{\"@type\":\"WebSite\",\"@id\":\"https:\/\/nyforetagarcentrum.se\/jamtland\/#website\",\"url\":\"https:\/\/nyforetagarcentrum.se\/jamtland\/\",\"name\":\"J\u00e4mtland\",\"description\":\"Sveriges ledande kraft f\u00f6r fler nya livskraftiga f\u00f6retag\",\"publisher\":{\"@id\":\"https:\/\/nyforetagarcentrum.se\/jamtland\/#organization\"},\"potentialAction\":[{\"@type\":\"SearchAction\",\"target\":{\"@type\":\"EntryPoint\",\"urlTemplate\":\"https:\/\/nyforetagarcentrum.se\/jamtland\/?s={search_term_string}\"},\"query-input\":\"required name=search_term_string\"}],\"inLanguage\":\"sv-SE\"},{\"@type\":\"Organization\",\"@id\":\"https:\/\/nyforetagarcentrum.se\/jamtland\/#organization\",\"name\":\"J\u00e4mtland\",\"url\":\"https:\/\/nyforetagarcentrum.se\/jamtland\/\",\"logo\":{\"@type\":\"ImageObject\",\"inLanguage\":\"sv-SE\",\"@id\":\"https:\/\/nyforetagarcentrum.se\/jamtland\/#\/schema\/logo\/image\/\",\"url\":\"https:\/\/nyforetagarcentrum.se\/jamtland\/wp-content\/uploads\/sites\/34\/2024\/04\/Jamtland-harjedalen.png\",\"contentUrl\":\"https:\/\/nyforetagarcentrum.se\/jamtland\/wp-content\/uploads\/sites\/34\/2024\/04\/Jamtland-harjedalen.png\",\"width\":1082,\"height\":542,\"caption\":\"J\u00e4mtland\"},\"image\":{\"@id\":\"https:\/\/nyforetagarcentrum.se\/jamtland\/#\/schema\/logo\/image\/\"}}]}<\/script>\n<!-- \/ Yoast SEO plugin. -->","yoast_head_json":{"title":"Kontakt - J\u00e4mtland","robots":{"index":"index","follow":"follow","max-snippet":"max-snippet:-1","max-image-preview":"max-image-preview:large","max-video-preview":"max-video-preview:-1"},"canonical":"https:\/\/nyforetagarcentrum.se\/jamtland\/kontakt\/","og_locale":"sv_SE","og_type":"article","og_title":"Kontakt - J\u00e4mtland","og_url":"https:\/\/nyforetagarcentrum.se\/jamtland\/kontakt\/","og_site_name":"J\u00e4mtland","article_modified_time":"2024-11-21T11:46:43+00:00","twitter_card":"summary_large_image","schema":{"@context":"https:\/\/schema.org","@graph":[{"@type":"WebPage","@id":"https:\/\/nyforetagarcentrum.se\/jamtland\/kontakt\/","url":"https:\/\/nyforetagarcentrum.se\/jamtland\/kontakt\/","name":"Kontakt - J\u00e4mtland","isPartOf":{"@id":"https:\/\/nyforetagarcentrum.se\/jamtland\/#website"},"datePublished":"2024-02-27T15:06:59+00:00","dateModified":"2024-11-21T11:46:43+00:00","breadcrumb":{"@id":"https:\/\/nyforetagarcentrum.se\/jamtland\/kontakt\/#breadcrumb"},"inLanguage":"sv-SE","potentialAction":[{"@type":"ReadAction","target":["https:\/\/nyforetagarcentrum.se\/jamtland\/kontakt\/"]}]},{"@type":"BreadcrumbList","@id":"https:\/\/nyforetagarcentrum.se\/jamtland\/kontakt\/#breadcrumb","itemListElement":[{"@type":"ListItem","position":1,"name":"Hem","item":"https:\/\/nyforetagarcentrum.se\/jamtland\/"},{"@type":"ListItem","position":2,"name":"Kontakt"}]},{"@type":"WebSite","@id":"https:\/\/nyforetagarcentrum.se\/jamtland\/#website","url":"https:\/\/nyforetagarcentrum.se\/jamtland\/","name":"J\u00e4mtland","description":"Sveriges ledande kraft f\u00f6r fler nya livskraftiga f\u00f6retag","publisher":{"@id":"https:\/\/nyforetagarcentrum.se\/jamtland\/#organization"},"potentialAction":[{"@type":"SearchAction","target":{"@type":"EntryPoint","urlTemplate":"https:\/\/nyforetagarcentrum.se\/jamtland\/?s={search_term_string}"},"query-input":"required name=search_term_string"}],"inLanguage":"sv-SE"},{"@type":"Organization","@id":"https:\/\/nyforetagarcentrum.se\/jamtland\/#organization","name":"J\u00e4mtland","url":"https:\/\/nyforetagarcentrum.se\/jamtland\/","logo":{"@type":"ImageObject","inLanguage":"sv-SE","@id":"https:\/\/nyforetagarcentrum.se\/jamtland\/#\/schema\/logo\/image\/","url":"https:\/\/nyforetagarcentrum.se\/jamtland\/wp-content\/uploads\/sites\/34\/2024\/04\/Jamtland-harjedalen.png","contentUrl":"https:\/\/nyforetagarcentrum.se\/jamtland\/wp-content\/uploads\/sites\/34\/2024\/04\/Jamtland-harjedalen.png","width":1082,"height":542,"caption":"J\u00e4mtland"},"image":{"@id":"https:\/\/nyforetagarcentrum.se\/jamtland\/#\/schema\/logo\/image\/"}}]}},"_links":{"self":[{"href":"https:\/\/nyforetagarcentrum.se\/jamtland\/wp-json\/wp\/v2\/pages\/169"}],"collection":[{"href":"https:\/\/nyforetagarcentrum.se\/jamtland\/wp-json\/wp\/v2\/pages"}],"about":[{"href":"https:\/\/nyforetagarcentrum.se\/jamtland\/wp-json\/wp\/v2\/types\/page"}],"author":[{"embeddable":true,"href":"https:\/\/nyforetagarcentrum.se\/jamtland\/wp-json\/wp\/v2\/users\/1"}],"replies":[{"embeddable":true,"href":"https:\/\/nyforetagarcentrum.se\/jamtland\/wp-json\/wp\/v2\/comments?post=169"}],"version-history":[{"count":27,"href":"https:\/\/nyforetagarcentrum.se\/jamtland\/wp-json\/wp\/v2\/pages\/169\/revisions"}],"predecessor-version":[{"id":858,"href":"https:\/\/nyforetagarcentrum.se\/jamtland\/wp-json\/wp\/v2\/pages\/169\/revisions\/858"}],"wp:attachment":[{"href":"https:\/\/nyforetagarcentrum.se\/jamtland\/wp-json\/wp\/v2\/media?parent=169"}],"curies":[{"name":"wp","href":"https:\/\/api.w.org\/{rel}","templated":true}]}}