{"id":164,"date":"2024-02-27T16:05:17","date_gmt":"2024-02-27T15:05:17","guid":{"rendered":"https:\/\/nyforetagarcentrum.se\/jamtland\/?page_id=164"},"modified":"2024-06-17T16:23:28","modified_gmt":"2024-06-17T14:23:28","slug":"var-styrelse","status":"publish","type":"page","link":"https:\/\/nyforetagarcentrum.se\/jamtland\/var-styrelse\/","title":{"rendered":"V\u00e5r styrelse"},"content":{"rendered":"\n<div style=\"height:50px\" aria-hidden=\"true\" class=\"wp-block-spacer\"><\/div>\n\n\n<section  class=\"nfc-block-breadcrumbs alignwide\">\n    <div class=\"wrapper contained\">\n        <ol class=\"breadcrumbs\" itemscope itemtype=\"https:\/\/schema.org\/BreadcrumbList\">\n            <li itemprop=\"itemListElement\" itemscope itemtype=\"https:\/\/schema.org\/ListItem\">\n            \n\n                            <span class=\"current\" itemprop=\"name\">Hem<\/span>\n            \n            <meta itemprop=\"position\" content=\"1\" \/>\n        <\/li>\n    <\/ol>    <\/div>\n<\/section>\n\n\n<div style=\"height:20px\" aria-hidden=\"true\" class=\"wp-block-spacer\"><\/div>\n\n\n<section  class=\"nfc-block-person_grid alignwide layout-large-no-image\">\n    <div class=\"contained\">\n        <div class=\"grid\">\n                    <\/div>\n    <\/div>\n<\/section>\n\n\n<p><strong>Ordf\u00f6rande<br><\/strong>Marie Sj\u00f6lin<br>Torsta<br><a href=\"mailto:marie.sjolin@torsta.se\">marie.sjolin@torsta.se<\/a><\/p>\n\n\n\n<p><strong>Vice ordf\u00f6rande<br><\/strong>M\u00e5rten Aureskog<br>L\u00e4nsf\u00f6rs\u00e4kringar<br><a href=\"mailto:marten.areskoug@lfz.se\" target=\"_blank\" rel=\"noreferrer noopener\">marten.areskoug@lfz.se<\/a><\/p>\n\n\n\n<p><strong>Ledam\u00f6ter<br><\/strong>Sara M\u00e5nsson<br>UngF\u00f6retagsamhet<br><a class=\"\" href=\"mailto:sara.mansson@ungforetagsamhet.se\" target=\"_blank\" rel=\"noreferrer noopener\">sara.mansson@ungforetagsamhet.se<\/a><\/p>\n\n\n\n<p>Daniel Eurenius<br>AB M\u00e4rlingen\/Tillv\u00e4xtkassan i Tr\u00e5ngsviken<br><a class=\"\" href=\"mailto:daniel.eurenius@gmail.com\">daniel.eurenius@gmail.com<\/a><\/p>\n\n\n\n<p>J\u00f6rgen Olsson<br><a href=\"mailto:olsson.jorgen@gmail.com\">olsson.jorgen@gmail.com<\/a><\/p>\n\n\n\n<p>Annika Lindstr\u00f6m<br>Politiker (C), Ragunda<br><a href=\"mailto:annika.lindstrom@politiker.ragunda.se\">annika.lindstrom@politiker.ragunda.se<\/a><\/p>\n\n\n\n<p>Jerker Bexelius<br>Gaaltije<br><a href=\"mailto:jerker@gaaltije.se\">jerker@gaaltije.se<\/a><\/p>\n\n\n\n<p>Mats Petterson<br>Swedbank<br><a href=\"mailto:mats.pettersson@swedbank.se\">mats.pettersson@swedbank.se<\/a><\/p>\n\n\n\n<p><strong>Adjungerad<br><\/strong>Olle Martinelle<br>Nyf\u00f6retagarcentrum<br><a href=\"mailto:olle.martinelle@nyforetagarcentrum.se\">olle.martinelle@nyforetagarcentrum.se<\/a><\/p>\n\n\n\n<p><strong>Auktoriserad revisor<br><\/strong>Daniel Hellstr\u00f6m<br>Hellstr\u00f6m &amp; Hjelm<br><a href=\"mailto:daniel.hellstrom@hhrevision.se\">daniel.hellstrom@hhrevision.se<\/a><\/p>\n\n\n\n<div style=\"height:100px\" aria-hidden=\"true\" class=\"wp-block-spacer\"><\/div>\n","protected":false},"excerpt":{"rendered":"<p>Ordf\u00f6randeMarie Sj\u00f6linTorstamarie.sjolin@torsta.se Vice ordf\u00f6randeM\u00e5rten AureskogL\u00e4nsf\u00f6rs\u00e4kringarmarten.areskoug@lfz.se Ledam\u00f6terSara M\u00e5nssonUngF\u00f6retagsamhetsara.mansson@ungforetagsamhet.se Daniel EureniusAB M\u00e4rlingen\/Tillv\u00e4xtkassan i Tr\u00e5ngsvikendaniel.eurenius@gmail.com J\u00f6rgen Olssonolsson.jorgen@gmail.com Annika Lindstr\u00f6mPolitiker (C), Ragundaannika.lindstrom@politiker.ragunda.se Jerker BexeliusGaaltijejerker@gaaltije.se Mats PettersonSwedbankmats.pettersson@swedbank.se AdjungeradOlle MartinelleNyf\u00f6retagarcentrumolle.martinelle@nyforetagarcentrum.se Auktoriserad revisorDaniel Hellstr\u00f6mHellstr\u00f6m &amp; Hjelmdaniel.hellstrom@hhrevision.se<\/p>\n","protected":false},"author":1,"featured_media":0,"parent":0,"menu_order":0,"comment_status":"closed","ping_status":"closed","template":"","meta":{"footnotes":""},"acf":[],"yoast_head":"<!-- This site is optimized with the Yoast SEO plugin v22.9 - https:\/\/yoast.com\/wordpress\/plugins\/seo\/ -->\n<title>V\u00e5r styrelse - J\u00e4mtland<\/title>\n<meta name=\"robots\" content=\"index, follow, max-snippet:-1, max-image-preview:large, max-video-preview:-1\" \/>\n<link rel=\"canonical\" href=\"https:\/\/nyforetagarcentrum.se\/jamtland\/var-styrelse\/\" \/>\n<meta property=\"og:locale\" content=\"sv_SE\" \/>\n<meta property=\"og:type\" content=\"article\" \/>\n<meta property=\"og:title\" content=\"V\u00e5r styrelse - J\u00e4mtland\" \/>\n<meta property=\"og:description\" content=\"Ordf\u00f6randeMarie Sj\u00f6linTorstamarie.sjolin@torsta.se Vice ordf\u00f6randeM\u00e5rten AureskogL\u00e4nsf\u00f6rs\u00e4kringarmarten.areskoug@lfz.se Ledam\u00f6terSara M\u00e5nssonUngF\u00f6retagsamhetsara.mansson@ungforetagsamhet.se Daniel EureniusAB M\u00e4rlingen\/Tillv\u00e4xtkassan i Tr\u00e5ngsvikendaniel.eurenius@gmail.com J\u00f6rgen Olssonolsson.jorgen@gmail.com Annika Lindstr\u00f6mPolitiker (C), Ragundaannika.lindstrom@politiker.ragunda.se Jerker BexeliusGaaltijejerker@gaaltije.se Mats PettersonSwedbankmats.pettersson@swedbank.se AdjungeradOlle MartinelleNyf\u00f6retagarcentrumolle.martinelle@nyforetagarcentrum.se Auktoriserad revisorDaniel Hellstr\u00f6mHellstr\u00f6m &amp; Hjelmdaniel.hellstrom@hhrevision.se\" \/>\n<meta property=\"og:url\" content=\"https:\/\/nyforetagarcentrum.se\/jamtland\/var-styrelse\/\" \/>\n<meta property=\"og:site_name\" content=\"J\u00e4mtland\" \/>\n<meta property=\"article:modified_time\" content=\"2024-06-17T14:23:28+00:00\" \/>\n<meta name=\"twitter:card\" content=\"summary_large_image\" \/>\n<meta name=\"twitter:label1\" content=\"Ber\u00e4knad l\u00e4stid\" \/>\n\t<meta name=\"twitter:data1\" content=\"1 minut\" \/>\n<script type=\"application\/ld+json\" class=\"yoast-schema-graph\">{\"@context\":\"https:\/\/schema.org\",\"@graph\":[{\"@type\":\"WebPage\",\"@id\":\"https:\/\/nyforetagarcentrum.se\/jamtland\/var-styrelse\/\",\"url\":\"https:\/\/nyforetagarcentrum.se\/jamtland\/var-styrelse\/\",\"name\":\"V\u00e5r styrelse - J\u00e4mtland\",\"isPartOf\":{\"@id\":\"https:\/\/nyforetagarcentrum.se\/jamtland\/#website\"},\"datePublished\":\"2024-02-27T15:05:17+00:00\",\"dateModified\":\"2024-06-17T14:23:28+00:00\",\"breadcrumb\":{\"@id\":\"https:\/\/nyforetagarcentrum.se\/jamtland\/var-styrelse\/#breadcrumb\"},\"inLanguage\":\"sv-SE\",\"potentialAction\":[{\"@type\":\"ReadAction\",\"target\":[\"https:\/\/nyforetagarcentrum.se\/jamtland\/var-styrelse\/\"]}]},{\"@type\":\"BreadcrumbList\",\"@id\":\"https:\/\/nyforetagarcentrum.se\/jamtland\/var-styrelse\/#breadcrumb\",\"itemListElement\":[{\"@type\":\"ListItem\",\"position\":1,\"name\":\"Hem\",\"item\":\"https:\/\/nyforetagarcentrum.se\/jamtland\/\"},{\"@type\":\"ListItem\",\"position\":2,\"name\":\"V\u00e5r styrelse\"}]},{\"@type\":\"WebSite\",\"@id\":\"https:\/\/nyforetagarcentrum.se\/jamtland\/#website\",\"url\":\"https:\/\/nyforetagarcentrum.se\/jamtland\/\",\"name\":\"J\u00e4mtland\",\"description\":\"Sveriges ledande kraft f\u00f6r fler nya livskraftiga f\u00f6retag\",\"publisher\":{\"@id\":\"https:\/\/nyforetagarcentrum.se\/jamtland\/#organization\"},\"potentialAction\":[{\"@type\":\"SearchAction\",\"target\":{\"@type\":\"EntryPoint\",\"urlTemplate\":\"https:\/\/nyforetagarcentrum.se\/jamtland\/?s={search_term_string}\"},\"query-input\":\"required name=search_term_string\"}],\"inLanguage\":\"sv-SE\"},{\"@type\":\"Organization\",\"@id\":\"https:\/\/nyforetagarcentrum.se\/jamtland\/#organization\",\"name\":\"J\u00e4mtland\",\"url\":\"https:\/\/nyforetagarcentrum.se\/jamtland\/\",\"logo\":{\"@type\":\"ImageObject\",\"inLanguage\":\"sv-SE\",\"@id\":\"https:\/\/nyforetagarcentrum.se\/jamtland\/#\/schema\/logo\/image\/\",\"url\":\"https:\/\/nyforetagarcentrum.se\/jamtland\/wp-content\/uploads\/sites\/34\/2024\/04\/Jamtland-harjedalen.png\",\"contentUrl\":\"https:\/\/nyforetagarcentrum.se\/jamtland\/wp-content\/uploads\/sites\/34\/2024\/04\/Jamtland-harjedalen.png\",\"width\":1082,\"height\":542,\"caption\":\"J\u00e4mtland\"},\"image\":{\"@id\":\"https:\/\/nyforetagarcentrum.se\/jamtland\/#\/schema\/logo\/image\/\"}}]}<\/script>\n<!-- \/ Yoast SEO plugin. -->","yoast_head_json":{"title":"V\u00e5r styrelse - J\u00e4mtland","robots":{"index":"index","follow":"follow","max-snippet":"max-snippet:-1","max-image-preview":"max-image-preview:large","max-video-preview":"max-video-preview:-1"},"canonical":"https:\/\/nyforetagarcentrum.se\/jamtland\/var-styrelse\/","og_locale":"sv_SE","og_type":"article","og_title":"V\u00e5r styrelse - J\u00e4mtland","og_description":"Ordf\u00f6randeMarie Sj\u00f6linTorstamarie.sjolin@torsta.se Vice ordf\u00f6randeM\u00e5rten AureskogL\u00e4nsf\u00f6rs\u00e4kringarmarten.areskoug@lfz.se Ledam\u00f6terSara M\u00e5nssonUngF\u00f6retagsamhetsara.mansson@ungforetagsamhet.se Daniel EureniusAB M\u00e4rlingen\/Tillv\u00e4xtkassan i Tr\u00e5ngsvikendaniel.eurenius@gmail.com J\u00f6rgen Olssonolsson.jorgen@gmail.com Annika Lindstr\u00f6mPolitiker (C), Ragundaannika.lindstrom@politiker.ragunda.se Jerker BexeliusGaaltijejerker@gaaltije.se Mats PettersonSwedbankmats.pettersson@swedbank.se AdjungeradOlle MartinelleNyf\u00f6retagarcentrumolle.martinelle@nyforetagarcentrum.se Auktoriserad revisorDaniel Hellstr\u00f6mHellstr\u00f6m &amp; Hjelmdaniel.hellstrom@hhrevision.se","og_url":"https:\/\/nyforetagarcentrum.se\/jamtland\/var-styrelse\/","og_site_name":"J\u00e4mtland","article_modified_time":"2024-06-17T14:23:28+00:00","twitter_card":"summary_large_image","twitter_misc":{"Ber\u00e4knad l\u00e4stid":"1 minut"},"schema":{"@context":"https:\/\/schema.org","@graph":[{"@type":"WebPage","@id":"https:\/\/nyforetagarcentrum.se\/jamtland\/var-styrelse\/","url":"https:\/\/nyforetagarcentrum.se\/jamtland\/var-styrelse\/","name":"V\u00e5r styrelse - J\u00e4mtland","isPartOf":{"@id":"https:\/\/nyforetagarcentrum.se\/jamtland\/#website"},"datePublished":"2024-02-27T15:05:17+00:00","dateModified":"2024-06-17T14:23:28+00:00","breadcrumb":{"@id":"https:\/\/nyforetagarcentrum.se\/jamtland\/var-styrelse\/#breadcrumb"},"inLanguage":"sv-SE","potentialAction":[{"@type":"ReadAction","target":["https:\/\/nyforetagarcentrum.se\/jamtland\/var-styrelse\/"]}]},{"@type":"BreadcrumbList","@id":"https:\/\/nyforetagarcentrum.se\/jamtland\/var-styrelse\/#breadcrumb","itemListElement":[{"@type":"ListItem","position":1,"name":"Hem","item":"https:\/\/nyforetagarcentrum.se\/jamtland\/"},{"@type":"ListItem","position":2,"name":"V\u00e5r styrelse"}]},{"@type":"WebSite","@id":"https:\/\/nyforetagarcentrum.se\/jamtland\/#website","url":"https:\/\/nyforetagarcentrum.se\/jamtland\/","name":"J\u00e4mtland","description":"Sveriges ledande kraft f\u00f6r fler nya livskraftiga f\u00f6retag","publisher":{"@id":"https:\/\/nyforetagarcentrum.se\/jamtland\/#organization"},"potentialAction":[{"@type":"SearchAction","target":{"@type":"EntryPoint","urlTemplate":"https:\/\/nyforetagarcentrum.se\/jamtland\/?s={search_term_string}"},"query-input":"required name=search_term_string"}],"inLanguage":"sv-SE"},{"@type":"Organization","@id":"https:\/\/nyforetagarcentrum.se\/jamtland\/#organization","name":"J\u00e4mtland","url":"https:\/\/nyforetagarcentrum.se\/jamtland\/","logo":{"@type":"ImageObject","inLanguage":"sv-SE","@id":"https:\/\/nyforetagarcentrum.se\/jamtland\/#\/schema\/logo\/image\/","url":"https:\/\/nyforetagarcentrum.se\/jamtland\/wp-content\/uploads\/sites\/34\/2024\/04\/Jamtland-harjedalen.png","contentUrl":"https:\/\/nyforetagarcentrum.se\/jamtland\/wp-content\/uploads\/sites\/34\/2024\/04\/Jamtland-harjedalen.png","width":1082,"height":542,"caption":"J\u00e4mtland"},"image":{"@id":"https:\/\/nyforetagarcentrum.se\/jamtland\/#\/schema\/logo\/image\/"}}]}},"_links":{"self":[{"href":"https:\/\/nyforetagarcentrum.se\/jamtland\/wp-json\/wp\/v2\/pages\/164"}],"collection":[{"href":"https:\/\/nyforetagarcentrum.se\/jamtland\/wp-json\/wp\/v2\/pages"}],"about":[{"href":"https:\/\/nyforetagarcentrum.se\/jamtland\/wp-json\/wp\/v2\/types\/page"}],"author":[{"embeddable":true,"href":"https:\/\/nyforetagarcentrum.se\/jamtland\/wp-json\/wp\/v2\/users\/1"}],"replies":[{"embeddable":true,"href":"https:\/\/nyforetagarcentrum.se\/jamtland\/wp-json\/wp\/v2\/comments?post=164"}],"version-history":[{"count":23,"href":"https:\/\/nyforetagarcentrum.se\/jamtland\/wp-json\/wp\/v2\/pages\/164\/revisions"}],"predecessor-version":[{"id":815,"href":"https:\/\/nyforetagarcentrum.se\/jamtland\/wp-json\/wp\/v2\/pages\/164\/revisions\/815"}],"wp:attachment":[{"href":"https:\/\/nyforetagarcentrum.se\/jamtland\/wp-json\/wp\/v2\/media?parent=164"}],"curies":[{"name":"wp","href":"https:\/\/api.w.org\/{rel}","templated":true}]}}