{"id":1089,"date":"2026-01-19T12:44:26","date_gmt":"2026-01-19T11:44:26","guid":{"rendered":"https:\/\/nyforetagarcentrum.se\/jamtland\/?page_id=1089"},"modified":"2026-01-19T13:26:52","modified_gmt":"2026-01-19T12:26:52","slug":"gdpr","status":"publish","type":"page","link":"https:\/\/nyforetagarcentrum.se\/jamtland\/gdpr\/","title":{"rendered":"GDPR"},"content":{"rendered":"\n<p><\/p>\n\n\n\n<p><\/p>\n\n\n<section  class=\"nfc-block-breadcrumbs\">\n    <div class=\"wrapper contained\">\n        <ol class=\"breadcrumbs\" itemscope itemtype=\"https:\/\/schema.org\/BreadcrumbList\">\n            <li itemprop=\"itemListElement\" itemscope itemtype=\"https:\/\/schema.org\/ListItem\">\n            \n\n                            <span class=\"current\" itemprop=\"name\">Hem<\/span>\n            \n            <meta itemprop=\"position\" content=\"1\" \/>\n        <\/li>\n    <\/ol>    <\/div>\n<\/section>\n\n\n<div style=\"height:193px\" aria-hidden=\"true\" class=\"wp-block-spacer\"><\/div>\n\n\n\n<p><strong>GDPR<\/strong><\/p>\n\n\n\n<p><strong>Varf\u00f6r dina personuppgifter \u00e4r n\u00f6dv\u00e4ndiga<\/strong><\/p>\n\n\n\n<p>Personer ges support i samband med start av eget f\u00f6retag och i anslutning d\u00e4refter genom Nyf\u00f6retagarCentrums verksamhet med information, r\u00e5dgivning, utbildningsinsatser och mentorinsatser (mentorprogram).<br><\/p>\n\n\n\n<p>Personuppgifterna \u00e4r n\u00f6dv\u00e4ndiga f\u00f6r att Nyf\u00f6retagarCentrum ska kunna kommunicera med dig och tillst\u00e4lla dig information om verksamheten och\/eller Nyhetsbrev.<\/p>\n\n\n\n<p>Personuppgifterna \u00e4r n\u00f6dv\u00e4ndiga f\u00f6r att Nyf\u00f6retagarCentrums partners eller myndigheter ska kunna kommunicera med dig och\/eller genom Nyf\u00f6retagarCentrum tillst\u00e4lla dig information och erbjudanden.<\/p>\n\n\n\n<p>Personuppgifterna \u00e4r n\u00f6dv\u00e4ndiga f\u00f6r att uppfylla Nyf\u00f6retagarCentrums avtalsm\u00e4ssiga intressen som finns gentemot Nyf\u00f6retagarCentrums partners.<\/p>\n\n\n\n<p>Personuppgifterna \u00e4r n\u00f6dv\u00e4ndiga f\u00f6r att tillgodose Nyf\u00f6retagarCentrums intressen och m\u00f6jligheter att f\u00f6lja och utv\u00e4rdera Nyf\u00f6retagarCentrums insatser samt s\u00e4rskilda projektinsatser.<\/p>\n\n\n\n<p>Personuppgifterna \u00e4r n\u00f6dv\u00e4ndiga f\u00f6r att uppfylla myndigheters och revisorers krav p\u00e5 att f\u00f6lja eller kontrollera Nyf\u00f6retagarCentrums verksamhet.<\/p>\n\n\n\n<p>Genom att du bokar dig f\u00f6r r\u00e5dgivningsinsatser eller anm\u00e4ler dig till utbildningsinsatser informationsm\u00f6ten, n\u00e4tverkstr\u00e4ffar eller mentorinsatser (mentorprogram) vid Nyf\u00f6retagarCentrum samtycker du till att dina personuppgifter registreras och anv\u00e4nds av Nyf\u00f6retagarCentrum.<\/p>\n\n\n\n<p>Personuppgifterna \u00e4r n\u00f6dv\u00e4ndiga f\u00f6r att tillgodose Nyf\u00f6retagarCentrums och Nyf\u00f6retagarCentrums partners, revisorers och myndigheters ber\u00e4ttigadeintresse av att f\u00f6lja och kontrollera Nyf\u00f6retagarCentrums verksamhet.<\/p>\n\n\n\n<p>Personuppgifterna \u00e4r \u00e4ven n\u00f6dv\u00e4ndiga f\u00f6r att information och\/eller erbjudanden ska kunna tillst\u00e4llas dig fr\u00e5n Nyf\u00f6retagarCentrum, Nyf\u00f6retagarCentrums partners och myndigheter.<\/p>\n\n\n\n<p>I samband med din bokning f\u00f6r r\u00e5dgivning hos Nyf\u00f6retagarCentrum eller anm\u00e4lan till Informationsm\u00f6ten, utbildningsinsatser och eller mentorinsatser (mentorprogram) registreras dina personuppgifter f\u00f6r uppf\u00f6ljning genom enk\u00e4ter eller uppf\u00f6ljning p\u00e5 annat s\u00e4tt fr\u00e5n Nyf\u00f6retagarCentrum.<\/p>\n\n\n\n<p>Personuppgifterna \u00e4r n\u00f6dv\u00e4ndiga f\u00f6r Nyf\u00f6retagarCentrum f\u00f6r att kunna s\u00e4kerst\u00e4lla att de insatser som g\u00f6rs av Nyf\u00f6retagarCentrum har effekt.<\/p>\n\n\n\n<p>Avidentifierad statistik kan \u00e4ven komma att tillst\u00e4llas Nyf\u00f6retagarCentrums partners och myndigheter f\u00f6r att uppfylla Nyf\u00f6retagarCentrums f\u00f6rpliktelser gentemot Nyf\u00f6retagarCentrums partners och myndigheter.<\/p>\n\n\n\n<p><strong>Vidarebefordran av personuppgifter<\/strong><\/p>\n\n\n\n<p>Samverkan sker med Nyf\u00f6retagarCentrums partners (myndigheter, institutioner, organisationer och f\u00f6retag) d\u00e4r information, unders\u00f6kningar, nyhetsbrev, inbjudningar och erbjudanden kan komma att s\u00e4ndas till dig. Nyf\u00f6retagarCentrum Sverige anv\u00e4nder \u00e4ven olika leverant\u00f6rers produkter och tj\u00e4nster f\u00f6r v\u00e5r IT-infrastruktur. Detta inneb\u00e4r att dessa leverant\u00f6rer \u00e4ven kan komma att behandla dina personuppgifter. Dock \u00e4r leverant\u00f6rerna personuppgiftsbitr\u00e4den till oss och f\u00e5r bara behandla dina personuppgifter i enlighet med v\u00e5ra instruktioner.<\/p>\n\n\n\n<p><strong>Lagring<\/strong><\/p>\n\n\n\n<p>De uppgifter som lagras \u00e4r relevanta f\u00f6r Nyf\u00f6retagarCentrum f\u00f6r att kunna f\u00f6lja och utv\u00e4rdera p\u00e5g\u00e5ende och avslutade informationsinsatser, r\u00e5dgivningsinsatser, utbildningsinsatser, och\/eller mentorinsatser (mentorprogram).<\/p>\n\n\n\n<p>D\u00e5 Nyf\u00f6retagarCentrum har ett ber\u00e4ttigat intresse av att sammanst\u00e4lla fler\u00e5rig statistik kring nyf\u00f6retagandet och s\u00e4kerst\u00e4lla att de insatser som g\u00f6rs av Nyf\u00f6retagarCentrum har effekt lagras personuppgifterna under ett flertal \u00e5r och \u00f6ver fyra konjunkturcykler (vanligen \u00e4r konjunkturcykel mellan tre-\u00e5tta \u00e5r l\u00e5ng). \u00c4ven myndigheter och Nyf\u00f6retagarCentrums partners har mot bakgrund av avtalsf\u00f6rpliktelser och myndighetsbeslut intresse av att f\u00f6lja s\u00e5dan statistik som sammanst\u00e4lls.<\/p>\n\n\n\n<p><strong>R\u00e4tt till \u00e5terkallande<\/strong><\/p>\n\n\n\n<p>Du har r\u00e4tt att n\u00e4r som helst \u00e5terkalla ditt samtycke till personuppgiftsbehandlingen. Om du \u00e5terkallar ditt samtycke kommer Nyf\u00f6retagarCentrum att upph\u00f6ra med den behandling av personuppgifter f\u00f6r vilken du l\u00e4mnat ditt samtycke, och radera de personuppgifter som behandlats.<\/p>\n\n\n\n<p><strong>R\u00e4tt till tillg\u00e5ng<\/strong><\/p>\n\n\n\n<p>Du har r\u00e4tt att f\u00e5 information om vilka personuppgifter som Nyf\u00f6retagarCentrum har om dig samt hur vi behandlar dessa uppgifter. Du har ocks\u00e5 r\u00e4tt att f\u00e5 en kopia av denna information.<\/p>\n\n\n\n<p><strong>R\u00e4tt till r\u00e4ttelse och radering<\/strong><\/p>\n\n\n\n<p>Du har r\u00e4tt att f\u00e5 felaktiga personuppgifter som Nyf\u00f6retagarCentrum har om dig r\u00e4ttade och kompletterade. Du har \u00e4ven r\u00e4tt att f\u00e5 dina personuppgifter raderade som Nyf\u00f6retagarCentrum har om dig, om de inte l\u00e4ngre \u00e4r n\u00f6dv\u00e4ndiga f\u00f6r det \u00e4ndam\u00e5l de insamlades f\u00f6r.<\/p>\n\n\n\n<p><strong>Kontakt<\/strong><\/p>\n\n\n\n<p>Du \u00e4r alltid v\u00e4lkommen att kontakta Nyf\u00f6retagarCentrum och Nyf\u00f6retagarCentrum J\u00e4mtland H\u00e4rjedalen:<br>Vid kontakt ang\u00e5ende dina personuppgifter och hanteringen kring dessa kontakta;<\/p>\n\n\n\n<p><em>Nyf\u00f6retagarCentrum J\u00e4mtland H\u00e4rjedalen<br>Akademigatan 3<br>\u00d6stersund<br><\/em><a href=\"mailto:jamtland@nyforetagarcentrum.se\"><em>jamtland@nyforetagarcentrum.se<\/em><\/a><\/p>\n\n\n\n<div style=\"height:100px\" aria-hidden=\"true\" class=\"wp-block-spacer\"><\/div>\n","protected":false},"excerpt":{"rendered":"<p>GDPR Varf\u00f6r dina personuppgifter \u00e4r n\u00f6dv\u00e4ndiga Personer ges support i samband med start av eget f\u00f6retag och i anslutning d\u00e4refter genom Nyf\u00f6retagarCentrums verksamhet med information, r\u00e5dgivning, utbildningsinsatser och mentorinsatser (mentorprogram). Personuppgifterna \u00e4r n\u00f6dv\u00e4ndiga f\u00f6r att Nyf\u00f6retagarCentrum ska kunna kommunicera med dig och tillst\u00e4lla dig information om verksamheten och\/eller Nyhetsbrev. Personuppgifterna \u00e4r n\u00f6dv\u00e4ndiga f\u00f6r att Nyf\u00f6retagarCentrums [&hellip;]<\/p>\n","protected":false},"author":31,"featured_media":0,"parent":0,"menu_order":0,"comment_status":"closed","ping_status":"closed","template":"","meta":{"footnotes":""},"acf":[],"yoast_head":"<!-- This site is optimized with the Yoast SEO plugin v22.9 - https:\/\/yoast.com\/wordpress\/plugins\/seo\/ -->\n<title>GDPR - J\u00e4mtland<\/title>\n<meta name=\"robots\" content=\"index, follow, max-snippet:-1, max-image-preview:large, max-video-preview:-1\" \/>\n<link rel=\"canonical\" href=\"https:\/\/nyforetagarcentrum.se\/jamtland\/gdpr\/\" \/>\n<meta property=\"og:locale\" content=\"sv_SE\" \/>\n<meta property=\"og:type\" content=\"article\" \/>\n<meta property=\"og:title\" content=\"GDPR - J\u00e4mtland\" \/>\n<meta property=\"og:description\" content=\"GDPR Varf\u00f6r dina personuppgifter \u00e4r n\u00f6dv\u00e4ndiga Personer ges support i samband med start av eget f\u00f6retag och i anslutning d\u00e4refter genom Nyf\u00f6retagarCentrums verksamhet med information, r\u00e5dgivning, utbildningsinsatser och mentorinsatser (mentorprogram). Personuppgifterna \u00e4r n\u00f6dv\u00e4ndiga f\u00f6r att Nyf\u00f6retagarCentrum ska kunna kommunicera med dig och tillst\u00e4lla dig information om verksamheten och\/eller Nyhetsbrev. Personuppgifterna \u00e4r n\u00f6dv\u00e4ndiga f\u00f6r att Nyf\u00f6retagarCentrums [&hellip;]\" \/>\n<meta property=\"og:url\" content=\"https:\/\/nyforetagarcentrum.se\/jamtland\/gdpr\/\" \/>\n<meta property=\"og:site_name\" content=\"J\u00e4mtland\" \/>\n<meta property=\"article:modified_time\" content=\"2026-01-19T12:26:52+00:00\" \/>\n<meta name=\"twitter:card\" content=\"summary_large_image\" \/>\n<meta name=\"twitter:label1\" content=\"Ber\u00e4knad l\u00e4stid\" \/>\n\t<meta name=\"twitter:data1\" content=\"3 minuter\" \/>\n<script type=\"application\/ld+json\" class=\"yoast-schema-graph\">{\"@context\":\"https:\/\/schema.org\",\"@graph\":[{\"@type\":\"WebPage\",\"@id\":\"https:\/\/nyforetagarcentrum.se\/jamtland\/gdpr\/\",\"url\":\"https:\/\/nyforetagarcentrum.se\/jamtland\/gdpr\/\",\"name\":\"GDPR - J\u00e4mtland\",\"isPartOf\":{\"@id\":\"https:\/\/nyforetagarcentrum.se\/jamtland\/#website\"},\"datePublished\":\"2026-01-19T11:44:26+00:00\",\"dateModified\":\"2026-01-19T12:26:52+00:00\",\"breadcrumb\":{\"@id\":\"https:\/\/nyforetagarcentrum.se\/jamtland\/gdpr\/#breadcrumb\"},\"inLanguage\":\"sv-SE\",\"potentialAction\":[{\"@type\":\"ReadAction\",\"target\":[\"https:\/\/nyforetagarcentrum.se\/jamtland\/gdpr\/\"]}]},{\"@type\":\"BreadcrumbList\",\"@id\":\"https:\/\/nyforetagarcentrum.se\/jamtland\/gdpr\/#breadcrumb\",\"itemListElement\":[{\"@type\":\"ListItem\",\"position\":1,\"name\":\"Hem\",\"item\":\"https:\/\/nyforetagarcentrum.se\/jamtland\/\"},{\"@type\":\"ListItem\",\"position\":2,\"name\":\"GDPR\"}]},{\"@type\":\"WebSite\",\"@id\":\"https:\/\/nyforetagarcentrum.se\/jamtland\/#website\",\"url\":\"https:\/\/nyforetagarcentrum.se\/jamtland\/\",\"name\":\"J\u00e4mtland\",\"description\":\"Sveriges ledande kraft f\u00f6r fler nya livskraftiga f\u00f6retag\",\"publisher\":{\"@id\":\"https:\/\/nyforetagarcentrum.se\/jamtland\/#organization\"},\"potentialAction\":[{\"@type\":\"SearchAction\",\"target\":{\"@type\":\"EntryPoint\",\"urlTemplate\":\"https:\/\/nyforetagarcentrum.se\/jamtland\/?s={search_term_string}\"},\"query-input\":\"required name=search_term_string\"}],\"inLanguage\":\"sv-SE\"},{\"@type\":\"Organization\",\"@id\":\"https:\/\/nyforetagarcentrum.se\/jamtland\/#organization\",\"name\":\"J\u00e4mtland\",\"url\":\"https:\/\/nyforetagarcentrum.se\/jamtland\/\",\"logo\":{\"@type\":\"ImageObject\",\"inLanguage\":\"sv-SE\",\"@id\":\"https:\/\/nyforetagarcentrum.se\/jamtland\/#\/schema\/logo\/image\/\",\"url\":\"https:\/\/nyforetagarcentrum.se\/jamtland\/wp-content\/uploads\/sites\/34\/2024\/04\/Jamtland-harjedalen.png\",\"contentUrl\":\"https:\/\/nyforetagarcentrum.se\/jamtland\/wp-content\/uploads\/sites\/34\/2024\/04\/Jamtland-harjedalen.png\",\"width\":1082,\"height\":542,\"caption\":\"J\u00e4mtland\"},\"image\":{\"@id\":\"https:\/\/nyforetagarcentrum.se\/jamtland\/#\/schema\/logo\/image\/\"}}]}<\/script>\n<!-- \/ Yoast SEO plugin. -->","yoast_head_json":{"title":"GDPR - J\u00e4mtland","robots":{"index":"index","follow":"follow","max-snippet":"max-snippet:-1","max-image-preview":"max-image-preview:large","max-video-preview":"max-video-preview:-1"},"canonical":"https:\/\/nyforetagarcentrum.se\/jamtland\/gdpr\/","og_locale":"sv_SE","og_type":"article","og_title":"GDPR - J\u00e4mtland","og_description":"GDPR Varf\u00f6r dina personuppgifter \u00e4r n\u00f6dv\u00e4ndiga Personer ges support i samband med start av eget f\u00f6retag och i anslutning d\u00e4refter genom Nyf\u00f6retagarCentrums verksamhet med information, r\u00e5dgivning, utbildningsinsatser och mentorinsatser (mentorprogram). Personuppgifterna \u00e4r n\u00f6dv\u00e4ndiga f\u00f6r att Nyf\u00f6retagarCentrum ska kunna kommunicera med dig och tillst\u00e4lla dig information om verksamheten och\/eller Nyhetsbrev. Personuppgifterna \u00e4r n\u00f6dv\u00e4ndiga f\u00f6r att Nyf\u00f6retagarCentrums [&hellip;]","og_url":"https:\/\/nyforetagarcentrum.se\/jamtland\/gdpr\/","og_site_name":"J\u00e4mtland","article_modified_time":"2026-01-19T12:26:52+00:00","twitter_card":"summary_large_image","twitter_misc":{"Ber\u00e4knad l\u00e4stid":"3 minuter"},"schema":{"@context":"https:\/\/schema.org","@graph":[{"@type":"WebPage","@id":"https:\/\/nyforetagarcentrum.se\/jamtland\/gdpr\/","url":"https:\/\/nyforetagarcentrum.se\/jamtland\/gdpr\/","name":"GDPR - J\u00e4mtland","isPartOf":{"@id":"https:\/\/nyforetagarcentrum.se\/jamtland\/#website"},"datePublished":"2026-01-19T11:44:26+00:00","dateModified":"2026-01-19T12:26:52+00:00","breadcrumb":{"@id":"https:\/\/nyforetagarcentrum.se\/jamtland\/gdpr\/#breadcrumb"},"inLanguage":"sv-SE","potentialAction":[{"@type":"ReadAction","target":["https:\/\/nyforetagarcentrum.se\/jamtland\/gdpr\/"]}]},{"@type":"BreadcrumbList","@id":"https:\/\/nyforetagarcentrum.se\/jamtland\/gdpr\/#breadcrumb","itemListElement":[{"@type":"ListItem","position":1,"name":"Hem","item":"https:\/\/nyforetagarcentrum.se\/jamtland\/"},{"@type":"ListItem","position":2,"name":"GDPR"}]},{"@type":"WebSite","@id":"https:\/\/nyforetagarcentrum.se\/jamtland\/#website","url":"https:\/\/nyforetagarcentrum.se\/jamtland\/","name":"J\u00e4mtland","description":"Sveriges ledande kraft f\u00f6r fler nya livskraftiga f\u00f6retag","publisher":{"@id":"https:\/\/nyforetagarcentrum.se\/jamtland\/#organization"},"potentialAction":[{"@type":"SearchAction","target":{"@type":"EntryPoint","urlTemplate":"https:\/\/nyforetagarcentrum.se\/jamtland\/?s={search_term_string}"},"query-input":"required name=search_term_string"}],"inLanguage":"sv-SE"},{"@type":"Organization","@id":"https:\/\/nyforetagarcentrum.se\/jamtland\/#organization","name":"J\u00e4mtland","url":"https:\/\/nyforetagarcentrum.se\/jamtland\/","logo":{"@type":"ImageObject","inLanguage":"sv-SE","@id":"https:\/\/nyforetagarcentrum.se\/jamtland\/#\/schema\/logo\/image\/","url":"https:\/\/nyforetagarcentrum.se\/jamtland\/wp-content\/uploads\/sites\/34\/2024\/04\/Jamtland-harjedalen.png","contentUrl":"https:\/\/nyforetagarcentrum.se\/jamtland\/wp-content\/uploads\/sites\/34\/2024\/04\/Jamtland-harjedalen.png","width":1082,"height":542,"caption":"J\u00e4mtland"},"image":{"@id":"https:\/\/nyforetagarcentrum.se\/jamtland\/#\/schema\/logo\/image\/"}}]}},"_links":{"self":[{"href":"https:\/\/nyforetagarcentrum.se\/jamtland\/wp-json\/wp\/v2\/pages\/1089"}],"collection":[{"href":"https:\/\/nyforetagarcentrum.se\/jamtland\/wp-json\/wp\/v2\/pages"}],"about":[{"href":"https:\/\/nyforetagarcentrum.se\/jamtland\/wp-json\/wp\/v2\/types\/page"}],"author":[{"embeddable":true,"href":"https:\/\/nyforetagarcentrum.se\/jamtland\/wp-json\/wp\/v2\/users\/31"}],"replies":[{"embeddable":true,"href":"https:\/\/nyforetagarcentrum.se\/jamtland\/wp-json\/wp\/v2\/comments?post=1089"}],"version-history":[{"count":5,"href":"https:\/\/nyforetagarcentrum.se\/jamtland\/wp-json\/wp\/v2\/pages\/1089\/revisions"}],"predecessor-version":[{"id":1097,"href":"https:\/\/nyforetagarcentrum.se\/jamtland\/wp-json\/wp\/v2\/pages\/1089\/revisions\/1097"}],"wp:attachment":[{"href":"https:\/\/nyforetagarcentrum.se\/jamtland\/wp-json\/wp\/v2\/media?parent=1089"}],"curies":[{"name":"wp","href":"https:\/\/api.w.org\/{rel}","templated":true}]}}