{"id":1063,"date":"2026-01-05T14:08:16","date_gmt":"2026-01-05T13:08:16","guid":{"rendered":"https:\/\/nyforetagarcentrum.se\/jamtland\/?page_id=1063"},"modified":"2026-04-13T14:52:47","modified_gmt":"2026-04-13T12:52:47","slug":"projekt-smaforetagarlyftet","status":"publish","type":"page","link":"https:\/\/nyforetagarcentrum.se\/jamtland\/startsida\/projekt-smaforetagarlyftet\/","title":{"rendered":"Projekt Sm\u00e5f\u00f6retagarlyftet"},"content":{"rendered":"\n<figure class=\"wp-block-image size-large\"><img loading=\"lazy\" decoding=\"async\" width=\"1024\" height=\"576\" src=\"https:\/\/nyforetagarcentrum.se\/jamtland\/wp-content\/uploads\/sites\/34\/2026\/04\/Smaforetagarlyftet_header-1024x576.png\" alt=\"\" class=\"wp-image-1168\" srcset=\"https:\/\/nyforetagarcentrum.se\/jamtland\/wp-content\/uploads\/sites\/34\/2026\/04\/Smaforetagarlyftet_header-1024x576.png 1024w, https:\/\/nyforetagarcentrum.se\/jamtland\/wp-content\/uploads\/sites\/34\/2026\/04\/Smaforetagarlyftet_header-300x169.png 300w, https:\/\/nyforetagarcentrum.se\/jamtland\/wp-content\/uploads\/sites\/34\/2026\/04\/Smaforetagarlyftet_header-768x432.png 768w, https:\/\/nyforetagarcentrum.se\/jamtland\/wp-content\/uploads\/sites\/34\/2026\/04\/Smaforetagarlyftet_header-1536x864.png 1536w, https:\/\/nyforetagarcentrum.se\/jamtland\/wp-content\/uploads\/sites\/34\/2026\/04\/Smaforetagarlyftet_header-2048x1151.png 2048w, https:\/\/nyforetagarcentrum.se\/jamtland\/wp-content\/uploads\/sites\/34\/2026\/04\/Smaforetagarlyftet_header-1920x1080.png 1920w\" sizes=\"(max-width: 1024px) 100vw, 1024px\" \/><\/figure>\n\n\n<section  class=\"nfc-block-breadcrumbs\">\n    <div class=\"wrapper contained\">\n        <ol class=\"breadcrumbs\" itemscope itemtype=\"https:\/\/schema.org\/BreadcrumbList\">\n            <li itemprop=\"itemListElement\" itemscope itemtype=\"https:\/\/schema.org\/ListItem\">\n            \n\n                            <span class=\"current\" itemprop=\"name\">Hem<\/span>\n            \n            <meta itemprop=\"position\" content=\"1\" \/>\n        <\/li>\n    <\/ol>    <\/div>\n<\/section>\n\n\n<div style=\"height:75px\" aria-hidden=\"true\" class=\"wp-block-spacer\"><\/div>\n\n\n\n<h1 class=\"wp-block-heading\">Projekt: Sm\u00e5f\u00f6retagarlyftet <\/h1>\n\n\n\n<div style=\"height:40px\" aria-hidden=\"true\" class=\"wp-block-spacer\"><\/div>\n\n\n\n<div class=\"wp-block-columns is-layout-flex wp-container-core-columns-is-layout-1 wp-block-columns-is-layout-flex\">\n<div class=\"wp-block-column is-layout-constrained wp-block-column-is-layout-constrained\">\n<h3 class=\"wp-block-heading\">\u00c4r det h\u00e4r f\u00f6r dig?<\/h3>\n\n\n\n<p>Sm\u00e5f\u00f6retagarlyftet v\u00e4nder sig till dig som:<\/p>\n\n\n\n<ul>\n<li>Har nyligen startat f\u00f6retag, eller <\/li>\n\n\n\n<li>Driver ett solo- eller mikrof\u00f6retag med upp till 3 anst\u00e4llda<\/li>\n<\/ul>\n\n\n\n<p>Oavsett hur l\u00e4nge du varit ig\u00e5ng vill vi st\u00f6tta dig i n\u00e4sta steg.<\/p>\n<\/div>\n\n\n\n<div class=\"wp-block-column is-layout-flow wp-block-column-is-layout-flow\">\n<h3 class=\"wp-block-heading\">Vad f\u00e5r du?<\/h3>\n\n\n\n<p>Digitala och fysiska seminarier och workshops inom bl.a:<\/p>\n\n\n\n<ul>\n<li>Ekonomi &amp; bokf\u00f6ring<\/li>\n\n\n\n<li>Digitalisering &amp; AI <\/li>\n\n\n\n<li>Marknadsf\u00f6ring &amp; varum\u00e4rke <\/li>\n\n\n\n<li>F\u00f6rs\u00e4ljning &amp; n\u00e4tverkande<\/li>\n\n\n\n<li>Ledarskap &amp; juridik <\/li>\n<\/ul>\n<\/div>\n\n\n\n<div class=\"wp-block-column is-layout-flow wp-block-column-is-layout-flow\">\n<h3 class=\"wp-block-heading\">Vad \u00e4r m\u00e5let?<\/h3>\n\n\n\n<ul>\n<li>\u00d6kad kunskap och inspiration<\/li>\n\n\n\n<li>St\u00f6rre trygghet i f\u00f6retagarrollen<\/li>\n\n\n\n<li>Konkreta verktyg f\u00f6r att utvecklas och v\u00e4xa<\/li>\n<\/ul>\n\n\n\n<p>Tillsammans st\u00e4rker vi sm\u00e5f\u00f6retag i hela J\u00e4mtland och H\u00e4rjedalen.<\/p>\n<\/div>\n<\/div>\n\n\n\n<div style=\"height:40px\" aria-hidden=\"true\" class=\"wp-block-spacer\"><\/div>\n\n\n\n<h2 class=\"wp-block-heading\">Anm\u00e4l ditt intresse  <\/h2>\n\n\n\n<p>Vill du utveckla ditt f\u00f6retag, st\u00e4rka din kompetens och bygga v\u00e4rdefulla n\u00e4tverk i J\u00e4mtland\/H\u00e4rjedalen?<\/p>\n\n\n\n<p><strong>Sm\u00e5f\u00f6retagarlyftet<\/strong>\u00a0v\u00e4nder sig till dig som har ett nystartat f\u00f6retag eller ett befintligt f\u00f6retag med 0-3 anst\u00e4llda.\u00a0<br><\/p>\n\n\n\n<div class=\"wp-block-buttons is-layout-flex wp-block-buttons-is-layout-flex\">\n<div class=\"wp-block-button is-style-fill\"><a class=\"wp-block-button__link has-background wp-element-button\" href=\"https:\/\/docs.google.com\/forms\/d\/e\/1FAIpQLSfCp8_ZmLBH4iXAfnOBtzqVnaV7twywVYcWodNqJWbtWW1vBA\/viewform?usp=header\" style=\"background:linear-gradient(135deg,rgb(33,122,77) 0%,rgb(145,197,88) 99%)\">Anm\u00e4l dig h\u00e4r<\/a><\/div>\n<\/div>\n\n\n\n<div style=\"height:40px\" aria-hidden=\"true\" class=\"wp-block-spacer\"><\/div>\n\n\n\n<p>Syftet med projektet \u00e4r att kartl\u00e4gga och analysera vilka behov solo- och mikrof\u00f6retag, samt ny startade f\u00f6retag har f\u00f6r att&nbsp;kunna utvecklas och v\u00e4xa i sin f\u00f6retagarresa. Genom att f\u00e5 en djupare f\u00f6rst\u00e5else f\u00f6r deras utmaningar, behov av tj\u00e4nster och st\u00f6d, kan vi identifiera luckor i det nuvarande st\u00f6dsystemet och skr\u00e4ddarsy insatser genom aktiviteter s\u00e5som workshops och seminarium.&nbsp;<\/p>\n\n\n\n<p>Vid projektets slut har den aktuella m\u00e5lgruppen f\u00e5tt st\u00e4rkt f\u00f6rm\u00e5ga att v\u00e4xa h\u00e5llbart genom att deras behov har kartlagts och omsatts till kvalitativa insatser. Detta i form av seminarier, workshops och aktiviteter som gett dem nya verktyg, kunskap och n\u00e4tverk f\u00f6r att utveckla sina verksamheter.&nbsp;<\/p>\n\n\n\n<div style=\"height:40px\" aria-hidden=\"true\" class=\"wp-block-spacer\"><\/div>\n\n\n\n<p>F\u00f6r mer information kontakta: <\/p>\n\n\n\n<div class=\"wp-block-columns is-layout-flex wp-container-core-columns-is-layout-2 wp-block-columns-is-layout-flex\">\n<div class=\"wp-block-column is-layout-flow wp-block-column-is-layout-flow\">\n<h4 class=\"wp-block-heading\">Projektledare<\/h4>\n\n\n\n<p>Olle Martinelle <br>070-538 34 53 <\/p>\n\n\n\n<div class=\"wp-block-buttons is-layout-flex wp-block-buttons-is-layout-flex\">\n<div class=\"wp-block-button\"><a class=\"wp-block-button__link has-background wp-element-button\" href=\"mailto:olle.martinelle@nyfortagarcentrum.se\" style=\"background:linear-gradient(135deg,rgb(33,122,77) 0%,rgb(145,197,88) 100%)\" target=\"_blank\" rel=\"noreferrer noopener\">Skicka e-post<\/a><\/div>\n<\/div>\n<\/div>\n\n\n\n<div class=\"wp-block-column is-layout-flow wp-block-column-is-layout-flow\">\n<h4 class=\"wp-block-heading\">Projektmedarbetare<\/h4>\n\n\n\n<p>Catarina Espmark <br>070-341 52 48 <\/p>\n\n\n\n<div class=\"wp-block-buttons is-layout-flex wp-block-buttons-is-layout-flex\">\n<div class=\"wp-block-button\"><a class=\"wp-block-button__link has-background wp-element-button\" href=\"mailto:catarina.espmark@nyforetagarcentrum.se\" style=\"background:linear-gradient(135deg,rgb(33,122,77) 0%,rgb(145,197,88) 100%)\">Skicka e-post<\/a><\/div>\n<\/div>\n<\/div>\n<\/div>\n\n\n\n<div style=\"height:73px\" aria-hidden=\"true\" class=\"wp-block-spacer\"><\/div>\n\n\n\n<div class=\"wp-block-columns is-layout-flex wp-container-core-columns-is-layout-3 wp-block-columns-is-layout-flex\">\n<div class=\"wp-block-column is-layout-flow wp-block-column-is-layout-flow\">\n<figure class=\"wp-block-image size-full is-resized\"><img loading=\"lazy\" decoding=\"async\" width=\"506\" height=\"258\" src=\"https:\/\/nyforetagarcentrum.se\/jamtland\/wp-content\/uploads\/sites\/34\/2026\/01\/Regionen2.png\" alt=\"\" class=\"wp-image-1065\" style=\"width:235px;height:auto\" srcset=\"https:\/\/nyforetagarcentrum.se\/jamtland\/wp-content\/uploads\/sites\/34\/2026\/01\/Regionen2.png 506w, https:\/\/nyforetagarcentrum.se\/jamtland\/wp-content\/uploads\/sites\/34\/2026\/01\/Regionen2-300x153.png 300w\" sizes=\"(max-width: 506px) 100vw, 506px\" \/><\/figure>\n<\/div>\n\n\n\n<div class=\"wp-block-column is-vertically-aligned-center is-layout-flow wp-block-column-is-layout-flow\">\n<figure class=\"wp-block-image size-full\"><img loading=\"lazy\" decoding=\"async\" width=\"1000\" height=\"200\" src=\"https:\/\/nyforetagarcentrum.se\/jamtland\/wp-content\/uploads\/sites\/34\/2026\/03\/BlaGul_1000x200.png\" alt=\"\" class=\"wp-image-1132\" srcset=\"https:\/\/nyforetagarcentrum.se\/jamtland\/wp-content\/uploads\/sites\/34\/2026\/03\/BlaGul_1000x200.png 1000w, https:\/\/nyforetagarcentrum.se\/jamtland\/wp-content\/uploads\/sites\/34\/2026\/03\/BlaGul_1000x200-300x60.png 300w, https:\/\/nyforetagarcentrum.se\/jamtland\/wp-content\/uploads\/sites\/34\/2026\/03\/BlaGul_1000x200-768x154.png 768w\" sizes=\"(max-width: 1000px) 100vw, 1000px\" \/><\/figure>\n<\/div>\n<\/div>\n\n\n\n<p><\/p>\n","protected":false},"excerpt":{"rendered":"<p>Projekt: Sm\u00e5f\u00f6retagarlyftet \u00c4r det h\u00e4r f\u00f6r dig? Sm\u00e5f\u00f6retagarlyftet v\u00e4nder sig till dig som: Oavsett hur l\u00e4nge du varit ig\u00e5ng vill vi st\u00f6tta dig i n\u00e4sta steg. Vad f\u00e5r du? Digitala och fysiska seminarier och workshops inom bl.a: Vad \u00e4r m\u00e5let? Tillsammans st\u00e4rker vi sm\u00e5f\u00f6retag i hela J\u00e4mtland och H\u00e4rjedalen. Anm\u00e4l ditt intresse Vill du utveckla [&hellip;]<\/p>\n","protected":false},"author":31,"featured_media":0,"parent":6,"menu_order":0,"comment_status":"closed","ping_status":"closed","template":"","meta":{"footnotes":""},"acf":[],"yoast_head":"<!-- This site is optimized with the Yoast SEO plugin v22.9 - https:\/\/yoast.com\/wordpress\/plugins\/seo\/ -->\n<title>Projekt Sm\u00e5f\u00f6retagarlyftet - J\u00e4mtland<\/title>\n<meta name=\"robots\" content=\"index, follow, max-snippet:-1, max-image-preview:large, max-video-preview:-1\" \/>\n<link rel=\"canonical\" href=\"https:\/\/nyforetagarcentrum.se\/jamtland\/startsida\/projekt-smaforetagarlyftet\/\" \/>\n<meta property=\"og:locale\" content=\"sv_SE\" \/>\n<meta property=\"og:type\" content=\"article\" \/>\n<meta property=\"og:title\" content=\"Projekt Sm\u00e5f\u00f6retagarlyftet - J\u00e4mtland\" \/>\n<meta property=\"og:description\" content=\"Projekt: Sm\u00e5f\u00f6retagarlyftet \u00c4r det h\u00e4r f\u00f6r dig? Sm\u00e5f\u00f6retagarlyftet v\u00e4nder sig till dig som: Oavsett hur l\u00e4nge du varit ig\u00e5ng vill vi st\u00f6tta dig i n\u00e4sta steg. Vad f\u00e5r du? Digitala och fysiska seminarier och workshops inom bl.a: Vad \u00e4r m\u00e5let? Tillsammans st\u00e4rker vi sm\u00e5f\u00f6retag i hela J\u00e4mtland och H\u00e4rjedalen. Anm\u00e4l ditt intresse Vill du utveckla [&hellip;]\" \/>\n<meta property=\"og:url\" content=\"https:\/\/nyforetagarcentrum.se\/jamtland\/startsida\/projekt-smaforetagarlyftet\/\" \/>\n<meta property=\"og:site_name\" content=\"J\u00e4mtland\" \/>\n<meta property=\"article:modified_time\" content=\"2026-04-13T12:52:47+00:00\" \/>\n<meta property=\"og:image\" content=\"https:\/\/nyforetagarcentrum.se\/jamtland\/wp-content\/uploads\/sites\/34\/2026\/04\/Smaforetagarlyftet_header-1024x576.png\" \/>\n<meta name=\"twitter:card\" content=\"summary_large_image\" \/>\n<meta name=\"twitter:label1\" content=\"Ber\u00e4knad l\u00e4stid\" \/>\n\t<meta name=\"twitter:data1\" content=\"2 minuter\" \/>\n<script type=\"application\/ld+json\" class=\"yoast-schema-graph\">{\"@context\":\"https:\/\/schema.org\",\"@graph\":[{\"@type\":\"WebPage\",\"@id\":\"https:\/\/nyforetagarcentrum.se\/jamtland\/startsida\/projekt-smaforetagarlyftet\/\",\"url\":\"https:\/\/nyforetagarcentrum.se\/jamtland\/startsida\/projekt-smaforetagarlyftet\/\",\"name\":\"Projekt Sm\u00e5f\u00f6retagarlyftet - J\u00e4mtland\",\"isPartOf\":{\"@id\":\"https:\/\/nyforetagarcentrum.se\/jamtland\/#website\"},\"primaryImageOfPage\":{\"@id\":\"https:\/\/nyforetagarcentrum.se\/jamtland\/startsida\/projekt-smaforetagarlyftet\/#primaryimage\"},\"image\":{\"@id\":\"https:\/\/nyforetagarcentrum.se\/jamtland\/startsida\/projekt-smaforetagarlyftet\/#primaryimage\"},\"thumbnailUrl\":\"https:\/\/nyforetagarcentrum.se\/jamtland\/wp-content\/uploads\/sites\/34\/2026\/04\/Smaforetagarlyftet_header-1024x576.png\",\"datePublished\":\"2026-01-05T13:08:16+00:00\",\"dateModified\":\"2026-04-13T12:52:47+00:00\",\"breadcrumb\":{\"@id\":\"https:\/\/nyforetagarcentrum.se\/jamtland\/startsida\/projekt-smaforetagarlyftet\/#breadcrumb\"},\"inLanguage\":\"sv-SE\",\"potentialAction\":[{\"@type\":\"ReadAction\",\"target\":[\"https:\/\/nyforetagarcentrum.se\/jamtland\/startsida\/projekt-smaforetagarlyftet\/\"]}]},{\"@type\":\"ImageObject\",\"inLanguage\":\"sv-SE\",\"@id\":\"https:\/\/nyforetagarcentrum.se\/jamtland\/startsida\/projekt-smaforetagarlyftet\/#primaryimage\",\"url\":\"https:\/\/nyforetagarcentrum.se\/jamtland\/wp-content\/uploads\/sites\/34\/2026\/04\/Smaforetagarlyftet_header.png\",\"contentUrl\":\"https:\/\/nyforetagarcentrum.se\/jamtland\/wp-content\/uploads\/sites\/34\/2026\/04\/Smaforetagarlyftet_header.png\",\"width\":2732,\"height\":1536},{\"@type\":\"BreadcrumbList\",\"@id\":\"https:\/\/nyforetagarcentrum.se\/jamtland\/startsida\/projekt-smaforetagarlyftet\/#breadcrumb\",\"itemListElement\":[{\"@type\":\"ListItem\",\"position\":1,\"name\":\"Hem\",\"item\":\"https:\/\/nyforetagarcentrum.se\/jamtland\/\"},{\"@type\":\"ListItem\",\"position\":2,\"name\":\"Startsida\",\"item\":\"https:\/\/nyforetagarcentrum.se\/jamtland\/\"},{\"@type\":\"ListItem\",\"position\":3,\"name\":\"Projekt Sm\u00e5f\u00f6retagarlyftet\"}]},{\"@type\":\"WebSite\",\"@id\":\"https:\/\/nyforetagarcentrum.se\/jamtland\/#website\",\"url\":\"https:\/\/nyforetagarcentrum.se\/jamtland\/\",\"name\":\"J\u00e4mtland\",\"description\":\"Sveriges ledande kraft f\u00f6r fler nya livskraftiga f\u00f6retag\",\"publisher\":{\"@id\":\"https:\/\/nyforetagarcentrum.se\/jamtland\/#organization\"},\"potentialAction\":[{\"@type\":\"SearchAction\",\"target\":{\"@type\":\"EntryPoint\",\"urlTemplate\":\"https:\/\/nyforetagarcentrum.se\/jamtland\/?s={search_term_string}\"},\"query-input\":\"required name=search_term_string\"}],\"inLanguage\":\"sv-SE\"},{\"@type\":\"Organization\",\"@id\":\"https:\/\/nyforetagarcentrum.se\/jamtland\/#organization\",\"name\":\"J\u00e4mtland\",\"url\":\"https:\/\/nyforetagarcentrum.se\/jamtland\/\",\"logo\":{\"@type\":\"ImageObject\",\"inLanguage\":\"sv-SE\",\"@id\":\"https:\/\/nyforetagarcentrum.se\/jamtland\/#\/schema\/logo\/image\/\",\"url\":\"https:\/\/nyforetagarcentrum.se\/jamtland\/wp-content\/uploads\/sites\/34\/2024\/04\/Jamtland-harjedalen.png\",\"contentUrl\":\"https:\/\/nyforetagarcentrum.se\/jamtland\/wp-content\/uploads\/sites\/34\/2024\/04\/Jamtland-harjedalen.png\",\"width\":1082,\"height\":542,\"caption\":\"J\u00e4mtland\"},\"image\":{\"@id\":\"https:\/\/nyforetagarcentrum.se\/jamtland\/#\/schema\/logo\/image\/\"}}]}<\/script>\n<!-- \/ Yoast SEO plugin. -->","yoast_head_json":{"title":"Projekt Sm\u00e5f\u00f6retagarlyftet - J\u00e4mtland","robots":{"index":"index","follow":"follow","max-snippet":"max-snippet:-1","max-image-preview":"max-image-preview:large","max-video-preview":"max-video-preview:-1"},"canonical":"https:\/\/nyforetagarcentrum.se\/jamtland\/startsida\/projekt-smaforetagarlyftet\/","og_locale":"sv_SE","og_type":"article","og_title":"Projekt Sm\u00e5f\u00f6retagarlyftet - J\u00e4mtland","og_description":"Projekt: Sm\u00e5f\u00f6retagarlyftet \u00c4r det h\u00e4r f\u00f6r dig? Sm\u00e5f\u00f6retagarlyftet v\u00e4nder sig till dig som: Oavsett hur l\u00e4nge du varit ig\u00e5ng vill vi st\u00f6tta dig i n\u00e4sta steg. Vad f\u00e5r du? Digitala och fysiska seminarier och workshops inom bl.a: Vad \u00e4r m\u00e5let? Tillsammans st\u00e4rker vi sm\u00e5f\u00f6retag i hela J\u00e4mtland och H\u00e4rjedalen. Anm\u00e4l ditt intresse Vill du utveckla [&hellip;]","og_url":"https:\/\/nyforetagarcentrum.se\/jamtland\/startsida\/projekt-smaforetagarlyftet\/","og_site_name":"J\u00e4mtland","article_modified_time":"2026-04-13T12:52:47+00:00","og_image":[{"url":"https:\/\/nyforetagarcentrum.se\/jamtland\/wp-content\/uploads\/sites\/34\/2026\/04\/Smaforetagarlyftet_header-1024x576.png"}],"twitter_card":"summary_large_image","twitter_misc":{"Ber\u00e4knad l\u00e4stid":"2 minuter"},"schema":{"@context":"https:\/\/schema.org","@graph":[{"@type":"WebPage","@id":"https:\/\/nyforetagarcentrum.se\/jamtland\/startsida\/projekt-smaforetagarlyftet\/","url":"https:\/\/nyforetagarcentrum.se\/jamtland\/startsida\/projekt-smaforetagarlyftet\/","name":"Projekt Sm\u00e5f\u00f6retagarlyftet - J\u00e4mtland","isPartOf":{"@id":"https:\/\/nyforetagarcentrum.se\/jamtland\/#website"},"primaryImageOfPage":{"@id":"https:\/\/nyforetagarcentrum.se\/jamtland\/startsida\/projekt-smaforetagarlyftet\/#primaryimage"},"image":{"@id":"https:\/\/nyforetagarcentrum.se\/jamtland\/startsida\/projekt-smaforetagarlyftet\/#primaryimage"},"thumbnailUrl":"https:\/\/nyforetagarcentrum.se\/jamtland\/wp-content\/uploads\/sites\/34\/2026\/04\/Smaforetagarlyftet_header-1024x576.png","datePublished":"2026-01-05T13:08:16+00:00","dateModified":"2026-04-13T12:52:47+00:00","breadcrumb":{"@id":"https:\/\/nyforetagarcentrum.se\/jamtland\/startsida\/projekt-smaforetagarlyftet\/#breadcrumb"},"inLanguage":"sv-SE","potentialAction":[{"@type":"ReadAction","target":["https:\/\/nyforetagarcentrum.se\/jamtland\/startsida\/projekt-smaforetagarlyftet\/"]}]},{"@type":"ImageObject","inLanguage":"sv-SE","@id":"https:\/\/nyforetagarcentrum.se\/jamtland\/startsida\/projekt-smaforetagarlyftet\/#primaryimage","url":"https:\/\/nyforetagarcentrum.se\/jamtland\/wp-content\/uploads\/sites\/34\/2026\/04\/Smaforetagarlyftet_header.png","contentUrl":"https:\/\/nyforetagarcentrum.se\/jamtland\/wp-content\/uploads\/sites\/34\/2026\/04\/Smaforetagarlyftet_header.png","width":2732,"height":1536},{"@type":"BreadcrumbList","@id":"https:\/\/nyforetagarcentrum.se\/jamtland\/startsida\/projekt-smaforetagarlyftet\/#breadcrumb","itemListElement":[{"@type":"ListItem","position":1,"name":"Hem","item":"https:\/\/nyforetagarcentrum.se\/jamtland\/"},{"@type":"ListItem","position":2,"name":"Startsida","item":"https:\/\/nyforetagarcentrum.se\/jamtland\/"},{"@type":"ListItem","position":3,"name":"Projekt Sm\u00e5f\u00f6retagarlyftet"}]},{"@type":"WebSite","@id":"https:\/\/nyforetagarcentrum.se\/jamtland\/#website","url":"https:\/\/nyforetagarcentrum.se\/jamtland\/","name":"J\u00e4mtland","description":"Sveriges ledande kraft f\u00f6r fler nya livskraftiga f\u00f6retag","publisher":{"@id":"https:\/\/nyforetagarcentrum.se\/jamtland\/#organization"},"potentialAction":[{"@type":"SearchAction","target":{"@type":"EntryPoint","urlTemplate":"https:\/\/nyforetagarcentrum.se\/jamtland\/?s={search_term_string}"},"query-input":"required name=search_term_string"}],"inLanguage":"sv-SE"},{"@type":"Organization","@id":"https:\/\/nyforetagarcentrum.se\/jamtland\/#organization","name":"J\u00e4mtland","url":"https:\/\/nyforetagarcentrum.se\/jamtland\/","logo":{"@type":"ImageObject","inLanguage":"sv-SE","@id":"https:\/\/nyforetagarcentrum.se\/jamtland\/#\/schema\/logo\/image\/","url":"https:\/\/nyforetagarcentrum.se\/jamtland\/wp-content\/uploads\/sites\/34\/2024\/04\/Jamtland-harjedalen.png","contentUrl":"https:\/\/nyforetagarcentrum.se\/jamtland\/wp-content\/uploads\/sites\/34\/2024\/04\/Jamtland-harjedalen.png","width":1082,"height":542,"caption":"J\u00e4mtland"},"image":{"@id":"https:\/\/nyforetagarcentrum.se\/jamtland\/#\/schema\/logo\/image\/"}}]}},"_links":{"self":[{"href":"https:\/\/nyforetagarcentrum.se\/jamtland\/wp-json\/wp\/v2\/pages\/1063"}],"collection":[{"href":"https:\/\/nyforetagarcentrum.se\/jamtland\/wp-json\/wp\/v2\/pages"}],"about":[{"href":"https:\/\/nyforetagarcentrum.se\/jamtland\/wp-json\/wp\/v2\/types\/page"}],"author":[{"embeddable":true,"href":"https:\/\/nyforetagarcentrum.se\/jamtland\/wp-json\/wp\/v2\/users\/31"}],"replies":[{"embeddable":true,"href":"https:\/\/nyforetagarcentrum.se\/jamtland\/wp-json\/wp\/v2\/comments?post=1063"}],"version-history":[{"count":22,"href":"https:\/\/nyforetagarcentrum.se\/jamtland\/wp-json\/wp\/v2\/pages\/1063\/revisions"}],"predecessor-version":[{"id":1170,"href":"https:\/\/nyforetagarcentrum.se\/jamtland\/wp-json\/wp\/v2\/pages\/1063\/revisions\/1170"}],"up":[{"embeddable":true,"href":"https:\/\/nyforetagarcentrum.se\/jamtland\/wp-json\/wp\/v2\/pages\/6"}],"wp:attachment":[{"href":"https:\/\/nyforetagarcentrum.se\/jamtland\/wp-json\/wp\/v2\/media?parent=1063"}],"curies":[{"name":"wp","href":"https:\/\/api.w.org\/{rel}","templated":true}]}}