{"id":540,"date":"2024-05-16T13:27:30","date_gmt":"2024-05-16T11:27:30","guid":{"rendered":"https:\/\/nyforetagarcentrum.se\/hassleholm\/?page_id=540"},"modified":"2024-11-01T11:41:29","modified_gmt":"2024-11-01T10:41:29","slug":"arabiska","status":"publish","type":"page","link":"https:\/\/nyforetagarcentrum.se\/hassleholm\/arabiska\/","title":{"rendered":"Arabiska"},"content":{"rendered":"\n<p><\/p>\n\n\n\n<p><\/p>\n\n\n\n<h2 class=\"wp-block-heading has-text-align-right\"><strong><bdo lang=\"ar\" dir=\"rtl\">\u0646\u062d\u0646 \u0646\u0642\u062f\u0645 \u0646\u0635\u064a\u062d\u0629 \u0645\u062c\u0627\u0646\u064a\u0629 \u0644\u0643\u0644 \u0645\u0646 \u064a\u0631\u063a\u0628 \u0641\u064a \u0628\u062f\u0621 \u0645\u0634\u0631\u0648\u0639\u0647 \u0627\u0644\u062e\u0627\u0635<\/bdo><\/strong><\/h2>\n\n\n\n<p class=\"has-text-align-right\">.<bdo lang=\"ar\" dir=\"rtl\">\u064a\u0645\u0643\u0646\u0643 \u0627\u062e\u062a\u064a\u0627\u0631 \u0646\u0648\u0639 \u0627\u0644\u0627\u062c\u062a\u0645\u0627\u0639 \u0627\u0644\u0630\u064a \u064a\u0646\u0627\u0633\u0628\u0643\u060c \u0633\u0648\u0627\u0621 \u0643\u0646\u062a \u0639\u0645\u064a\u0644\u0627\u064b \u062c\u062f\u064a\u062f\u0627\u064b \u0623\u0648 \u0633\u0628\u0642 \u0644\u0643 \u0627\u0644\u0627\u0634\u062a\u0631\u0627\u0643 \u0645\u0639\u0646\u0627\u060c \u062d\u064a\u062b \u064a\u0645\u0643\u0646\u0643 \u062d\u062c\u0632 \u0645\u0648\u0639\u062f \u0622\u062e\u0631 \u0628\u0633\u0647\u0648\u0644\u0629<\/bdo><\/p>\n\n\n\n<p class=\"has-text-align-right\">.\u064a\u0645\u0643\u0646\u0643 \u062d\u062c\u0632 \u0627\u0644\u0627\u062c\u062a\u0645\u0627\u0639\u0627\u062a \u0628\u0637\u0631\u064a\u0642\u0629 \u062a\u0646\u0627\u0633\u0628\u0643 \u0639\u0628\u0631 \u0627\u0644\u0625\u0646\u062a\u0631\u0646\u062a\u060c \u0645\u0646 \u062e\u0644\u0627\u0644 \u0627\u062e\u062a\u064a\u0627\u0631 \u0627\u062c\u062a\u0645\u0627\u0639 \u0634\u062e\u0635\u064a \u0623\u0648 \u0639\u0628\u0631 \u0627\u0644\u0625\u0646\u062a\u0631\u0646\u062a<\/p>\n\n\n\n<p><\/p>\n\n\n\n<div class=\"wp-block-group is-layout-constrained wp-block-group-is-layout-constrained\">\n<p class=\"has-text-align-right\"><strong>\u0645\u0647\u0645\u062a\u0646\u0627<\/strong> \u0647\u064a \u0645\u0633\u0627\u0639\u062f\u062a\u0643 \u0641\u064a \u0645\u0648\u0627\u062c\u0647\u0629 \u062c\u0645\u064a\u0639 \u0627\u0644\u062a\u062d\u062f\u064a\u0627\u062a \u0627\u0644\u062a\u064a \u0642\u062f \u062a\u0648\u0627\u062c\u0647\u0643\u060c \u0645\u062b\u0644 \u0627\u0644\u0642\u0648\u0627\u0639\u062f \u0627\u0644\u0636\u0631\u064a\u0628\u064a\u0629\u060c \u062a\u0637\u0648\u064a\u0631 \u0646\u0645\u0627\u0630\u062c \u0627\u0644\u0623\u0639\u0645\u0627\u0644\u060c \u062e\u0637\u0637 \u0627\u0644\u0645\u0634\u0627\u0631\u064a\u0639\u060c \u0634\u0631\u0627\u0621 \u0627\u0644\u0634\u0631\u0643\u0627\u062a\u060c \u0623\u0648 \u0623\u064a \u0645\u0633\u0623\u0644\u0629 \u0623\u062e\u0631\u0649 \u0627\u062d\u062c\u0632 \u0645\u0648\u0639\u062f\u064b\u0627 \u0645\u0639\u0646\u0627\u060c \u0648\u0633\u0646\u0633\u0627\u0639\u062f\u0643 \u0641\u064a \u0627\u062a\u062e\u0627\u0630 \u0627\u0644\u062e\u0637\u0648\u0627\u062a \u0627\u0644\u0644\u0627\u0632\u0645\u0629 \u0644\u0636\u0645\u0627\u0646 \u0646\u062c\u0627\u062d \u0645\u0634\u0631\u0648\u0639\u0643<\/p>\n<\/div>\n\n\n\n<p><\/p>\n\n\n\n<div class=\"wp-block-group is-layout-constrained wp-block-group-is-layout-constrained\">\n<p class=\"has-text-align-right\"><strong>\u0645\u0644\u0627\u062d\u0638\u0629:<\/strong> \u0644\u0642\u062f \u0642\u0645\u0646\u0627 \u0628\u062a\u062d\u062f\u064a\u062b \u0646\u0638\u0627\u0645 \u0627\u0644\u062d\u062c\u0632\u060c \u0644\u0630\u0644\u0643 \u0644\u0646 \u064a\u0639\u0645\u0644 \u0627\u0644\u0631\u0645\u0632 \u0627\u0644\u0642\u062f\u064a\u0645 \u0639\u0646\u062f \u062d\u062c\u0632 \u0645\u0648\u0639\u062f \u0622\u062e\u0631. \u0627\u0636\u063a\u0637 \u0639\u0644\u0649 \u062e\u064a\u0627\u0631 &#8221;\u0646\u0633\u064a\u062a \u0643\u0644\u0645\u0629 \u0627\u0644\u0645\u0631\u0648\u0631&#8221; \u0648\u0633\u062a\u062a\u0644\u0642\u0649 \u0643\u0644\u0645\u0629 \u0645\u0631\u0648\u0631 \u062c\u062f\u064a\u062f\u0629 \u0639\u0628\u0631 \u0628\u0631\u064a\u062f\u0643 \u0627\u0644\u0625\u0644\u0643\u062a\u0631\u0648\u0646\u064a<\/p>\n\n\n\n<p><\/p>\n<\/div>\n\n\n\n<p class=\"has-text-align-right\">hassleholm@nyforetagarcentrum.se :<strong>\u0644\u0644\u0645\u0633\u0627\u0639\u062f\u0629:<\/strong> \u0625\u0630\u0627 \u0648\u0627\u062c\u0647\u062a \u0623\u064a \u0645\u0634\u0643\u0644\u0629 \u0641\u064a \u062a\u0633\u062c\u064a\u0644 \u0627\u0644\u062f\u062e\u0648\u0644\u060c \u064a\u0631\u062c\u0649 \u0627\u0644\u062a\u0648\u0627\u0635\u0644 \u0645\u0639\u0646\u0627 \u0639\u0628\u0631 \u0627\u0644\u0628\u0631\u064a\u062f \u0627\u0644\u0625\u0644\u0643\u062a\u0631\u0648\u0646\u064a<\/p>\n\n\n\n<div class=\"wp-block-buttons is-content-justification-right is-layout-flex wp-container-core-buttons-is-layout-1 wp-block-buttons-is-layout-flex\">\n<div class=\"wp-block-button\"><a class=\"wp-block-button__link has-text-align-right wp-element-button\" href=\"https:\/\/jobsdata-nyforetagarcentrum.se\/ExternBooking?OfficeId=7da1c2f5-3796-e811-80d7-0050568571f4\">\u0627\u062d\u062c\u0632 \u0627\u0633\u062a\u0634\u0627\u0631\u0629 \u0645\u062c\u0627\u0646\u064a\u0629 \u0647\u0646\u0627<\/a><\/div>\n<\/div>\n\n\n\n<figure class=\"wp-block-image size-large\"><img loading=\"lazy\" decoding=\"async\" width=\"1024\" height=\"751\" src=\"https:\/\/nyforetagarcentrum.se\/hassleholm\/wp-content\/uploads\/sites\/31\/2024\/02\/Nyforetagare-ung-kvinna-2-LOW-1024x751.jpg\" alt=\"\" class=\"wp-image-203\" srcset=\"https:\/\/nyforetagarcentrum.se\/hassleholm\/wp-content\/uploads\/sites\/31\/2024\/02\/Nyforetagare-ung-kvinna-2-LOW-1024x751.jpg 1024w, https:\/\/nyforetagarcentrum.se\/hassleholm\/wp-content\/uploads\/sites\/31\/2024\/02\/Nyforetagare-ung-kvinna-2-LOW-300x220.jpg 300w, https:\/\/nyforetagarcentrum.se\/hassleholm\/wp-content\/uploads\/sites\/31\/2024\/02\/Nyforetagare-ung-kvinna-2-LOW-768x564.jpg 768w, https:\/\/nyforetagarcentrum.se\/hassleholm\/wp-content\/uploads\/sites\/31\/2024\/02\/Nyforetagare-ung-kvinna-2-LOW-1472x1080.jpg 1472w, https:\/\/nyforetagarcentrum.se\/hassleholm\/wp-content\/uploads\/sites\/31\/2024\/02\/Nyforetagare-ung-kvinna-2-LOW.jpg 1476w\" sizes=\"(max-width: 1024px) 100vw, 1024px\" \/><\/figure>\n","protected":false},"excerpt":{"rendered":"<p>\u0646\u062d\u0646 \u0646\u0642\u062f\u0645 \u0646\u0635\u064a\u062d\u0629 \u0645\u062c\u0627\u0646\u064a\u0629 \u0644\u0643\u0644 \u0645\u0646 \u064a\u0631\u063a\u0628 \u0641\u064a \u0628\u062f\u0621 \u0645\u0634\u0631\u0648\u0639\u0647 \u0627\u0644\u062e\u0627\u0635 .\u064a\u0645\u0643\u0646\u0643 \u0627\u062e\u062a\u064a\u0627\u0631 \u0646\u0648\u0639 \u0627\u0644\u0627\u062c\u062a\u0645\u0627\u0639 \u0627\u0644\u0630\u064a \u064a\u0646\u0627\u0633\u0628\u0643\u060c \u0633\u0648\u0627\u0621 \u0643\u0646\u062a \u0639\u0645\u064a\u0644\u0627\u064b \u062c\u062f\u064a\u062f\u0627\u064b \u0623\u0648 \u0633\u0628\u0642 \u0644\u0643 \u0627\u0644\u0627\u0634\u062a\u0631\u0627\u0643 \u0645\u0639\u0646\u0627\u060c \u062d\u064a\u062b \u064a\u0645\u0643\u0646\u0643 \u062d\u062c\u0632 \u0645\u0648\u0639\u062f \u0622\u062e\u0631 \u0628\u0633\u0647\u0648\u0644\u0629 .\u064a\u0645\u0643\u0646\u0643 \u062d\u062c\u0632 \u0627\u0644\u0627\u062c\u062a\u0645\u0627\u0639\u0627\u062a \u0628\u0637\u0631\u064a\u0642\u0629 \u062a\u0646\u0627\u0633\u0628\u0643 \u0639\u0628\u0631 \u0627\u0644\u0625\u0646\u062a\u0631\u0646\u062a\u060c \u0645\u0646 \u062e\u0644\u0627\u0644 \u0627\u062e\u062a\u064a\u0627\u0631 \u0627\u062c\u062a\u0645\u0627\u0639 \u0634\u062e\u0635\u064a \u0623\u0648 \u0639\u0628\u0631 \u0627\u0644\u0625\u0646\u062a\u0631\u0646\u062a \u0645\u0647\u0645\u062a\u0646\u0627 \u0647\u064a \u0645\u0633\u0627\u0639\u062f\u062a\u0643 \u0641\u064a \u0645\u0648\u0627\u062c\u0647\u0629 \u062c\u0645\u064a\u0639 \u0627\u0644\u062a\u062d\u062f\u064a\u0627\u062a \u0627\u0644\u062a\u064a [&hellip;]<\/p>\n","protected":false},"author":30,"featured_media":206,"parent":0,"menu_order":0,"comment_status":"closed","ping_status":"closed","template":"","meta":{"footnotes":""},"acf":[],"yoast_head":"<!-- This site is optimized with the Yoast SEO plugin v22.9 - https:\/\/yoast.com\/wordpress\/plugins\/seo\/ -->\n<title>Arabiska - H\u00e4ssleholm<\/title>\n<meta name=\"robots\" content=\"index, follow, max-snippet:-1, max-image-preview:large, max-video-preview:-1\" \/>\n<link rel=\"canonical\" href=\"https:\/\/nyforetagarcentrum.se\/hassleholm\/arabiska\/\" \/>\n<meta property=\"og:locale\" content=\"sv_SE\" \/>\n<meta property=\"og:type\" content=\"article\" \/>\n<meta property=\"og:title\" content=\"Arabiska - H\u00e4ssleholm\" \/>\n<meta property=\"og:description\" content=\"\u0646\u062d\u0646 \u0646\u0642\u062f\u0645 \u0646\u0635\u064a\u062d\u0629 \u0645\u062c\u0627\u0646\u064a\u0629 \u0644\u0643\u0644 \u0645\u0646 \u064a\u0631\u063a\u0628 \u0641\u064a \u0628\u062f\u0621 \u0645\u0634\u0631\u0648\u0639\u0647 \u0627\u0644\u062e\u0627\u0635 .\u064a\u0645\u0643\u0646\u0643 \u0627\u062e\u062a\u064a\u0627\u0631 \u0646\u0648\u0639 \u0627\u0644\u0627\u062c\u062a\u0645\u0627\u0639 \u0627\u0644\u0630\u064a \u064a\u0646\u0627\u0633\u0628\u0643\u060c \u0633\u0648\u0627\u0621 \u0643\u0646\u062a \u0639\u0645\u064a\u0644\u0627\u064b \u062c\u062f\u064a\u062f\u0627\u064b \u0623\u0648 \u0633\u0628\u0642 \u0644\u0643 \u0627\u0644\u0627\u0634\u062a\u0631\u0627\u0643 \u0645\u0639\u0646\u0627\u060c \u062d\u064a\u062b \u064a\u0645\u0643\u0646\u0643 \u062d\u062c\u0632 \u0645\u0648\u0639\u062f \u0622\u062e\u0631 \u0628\u0633\u0647\u0648\u0644\u0629 .\u064a\u0645\u0643\u0646\u0643 \u062d\u062c\u0632 \u0627\u0644\u0627\u062c\u062a\u0645\u0627\u0639\u0627\u062a \u0628\u0637\u0631\u064a\u0642\u0629 \u062a\u0646\u0627\u0633\u0628\u0643 \u0639\u0628\u0631 \u0627\u0644\u0625\u0646\u062a\u0631\u0646\u062a\u060c \u0645\u0646 \u062e\u0644\u0627\u0644 \u0627\u062e\u062a\u064a\u0627\u0631 \u0627\u062c\u062a\u0645\u0627\u0639 \u0634\u062e\u0635\u064a \u0623\u0648 \u0639\u0628\u0631 \u0627\u0644\u0625\u0646\u062a\u0631\u0646\u062a \u0645\u0647\u0645\u062a\u0646\u0627 \u0647\u064a \u0645\u0633\u0627\u0639\u062f\u062a\u0643 \u0641\u064a \u0645\u0648\u0627\u062c\u0647\u0629 \u062c\u0645\u064a\u0639 \u0627\u0644\u062a\u062d\u062f\u064a\u0627\u062a \u0627\u0644\u062a\u064a [&hellip;]\" \/>\n<meta property=\"og:url\" content=\"https:\/\/nyforetagarcentrum.se\/hassleholm\/arabiska\/\" \/>\n<meta property=\"og:site_name\" content=\"H\u00e4ssleholm\" \/>\n<meta property=\"article:modified_time\" content=\"2024-11-01T10:41:29+00:00\" \/>\n<meta property=\"og:image\" content=\"https:\/\/nyforetagarcentrum.se\/hassleholm\/wp-content\/uploads\/sites\/31\/2024\/02\/Nyforetagare-ung-LOW.jpg\" \/>\n\t<meta property=\"og:image:width\" content=\"1476\" \/>\n\t<meta property=\"og:image:height\" content=\"984\" \/>\n\t<meta property=\"og:image:type\" content=\"image\/jpeg\" \/>\n<meta name=\"twitter:card\" content=\"summary_large_image\" \/>\n<meta name=\"twitter:label1\" content=\"Ber\u00e4knad l\u00e4stid\" \/>\n\t<meta name=\"twitter:data1\" content=\"2 minuter\" \/>\n<script type=\"application\/ld+json\" class=\"yoast-schema-graph\">{\"@context\":\"https:\/\/schema.org\",\"@graph\":[{\"@type\":\"WebPage\",\"@id\":\"https:\/\/nyforetagarcentrum.se\/hassleholm\/arabiska\/\",\"url\":\"https:\/\/nyforetagarcentrum.se\/hassleholm\/arabiska\/\",\"name\":\"Arabiska - H\u00e4ssleholm\",\"isPartOf\":{\"@id\":\"https:\/\/nyforetagarcentrum.se\/hassleholm\/#website\"},\"primaryImageOfPage\":{\"@id\":\"https:\/\/nyforetagarcentrum.se\/hassleholm\/arabiska\/#primaryimage\"},\"image\":{\"@id\":\"https:\/\/nyforetagarcentrum.se\/hassleholm\/arabiska\/#primaryimage\"},\"thumbnailUrl\":\"https:\/\/nyforetagarcentrum.se\/hassleholm\/wp-content\/uploads\/sites\/31\/2024\/02\/Nyforetagare-ung-LOW.jpg\",\"datePublished\":\"2024-05-16T11:27:30+00:00\",\"dateModified\":\"2024-11-01T10:41:29+00:00\",\"breadcrumb\":{\"@id\":\"https:\/\/nyforetagarcentrum.se\/hassleholm\/arabiska\/#breadcrumb\"},\"inLanguage\":\"sv-SE\",\"potentialAction\":[{\"@type\":\"ReadAction\",\"target\":[\"https:\/\/nyforetagarcentrum.se\/hassleholm\/arabiska\/\"]}]},{\"@type\":\"ImageObject\",\"inLanguage\":\"sv-SE\",\"@id\":\"https:\/\/nyforetagarcentrum.se\/hassleholm\/arabiska\/#primaryimage\",\"url\":\"https:\/\/nyforetagarcentrum.se\/hassleholm\/wp-content\/uploads\/sites\/31\/2024\/02\/Nyforetagare-ung-LOW.jpg\",\"contentUrl\":\"https:\/\/nyforetagarcentrum.se\/hassleholm\/wp-content\/uploads\/sites\/31\/2024\/02\/Nyforetagare-ung-LOW.jpg\",\"width\":1476,\"height\":984,\"caption\":\"Kvinna\"},{\"@type\":\"BreadcrumbList\",\"@id\":\"https:\/\/nyforetagarcentrum.se\/hassleholm\/arabiska\/#breadcrumb\",\"itemListElement\":[{\"@type\":\"ListItem\",\"position\":1,\"name\":\"Hem\",\"item\":\"https:\/\/nyforetagarcentrum.se\/hassleholm\/\"},{\"@type\":\"ListItem\",\"position\":2,\"name\":\"Arabiska\"}]},{\"@type\":\"WebSite\",\"@id\":\"https:\/\/nyforetagarcentrum.se\/hassleholm\/#website\",\"url\":\"https:\/\/nyforetagarcentrum.se\/hassleholm\/\",\"name\":\"H\u00e4ssleholm\",\"description\":\"Sveriges ledande kraft f\u00f6r fler nya livskraftiga f\u00f6retag\",\"publisher\":{\"@id\":\"https:\/\/nyforetagarcentrum.se\/hassleholm\/#organization\"},\"potentialAction\":[{\"@type\":\"SearchAction\",\"target\":{\"@type\":\"EntryPoint\",\"urlTemplate\":\"https:\/\/nyforetagarcentrum.se\/hassleholm\/?s={search_term_string}\"},\"query-input\":\"required name=search_term_string\"}],\"inLanguage\":\"sv-SE\"},{\"@type\":\"Organization\",\"@id\":\"https:\/\/nyforetagarcentrum.se\/hassleholm\/#organization\",\"name\":\"H\u00e4ssleholm\",\"url\":\"https:\/\/nyforetagarcentrum.se\/hassleholm\/\",\"logo\":{\"@type\":\"ImageObject\",\"inLanguage\":\"sv-SE\",\"@id\":\"https:\/\/nyforetagarcentrum.se\/hassleholm\/#\/schema\/logo\/image\/\",\"url\":\"https:\/\/nyforetagarcentrum.se\/hassleholm\/wp-content\/uploads\/sites\/31\/2024\/07\/hassleholm_bla.png\",\"contentUrl\":\"https:\/\/nyforetagarcentrum.se\/hassleholm\/wp-content\/uploads\/sites\/31\/2024\/07\/hassleholm_bla.png\",\"width\":870,\"height\":355,\"caption\":\"H\u00e4ssleholm\"},\"image\":{\"@id\":\"https:\/\/nyforetagarcentrum.se\/hassleholm\/#\/schema\/logo\/image\/\"}}]}<\/script>\n<!-- \/ Yoast SEO plugin. -->","yoast_head_json":{"title":"Arabiska - H\u00e4ssleholm","robots":{"index":"index","follow":"follow","max-snippet":"max-snippet:-1","max-image-preview":"max-image-preview:large","max-video-preview":"max-video-preview:-1"},"canonical":"https:\/\/nyforetagarcentrum.se\/hassleholm\/arabiska\/","og_locale":"sv_SE","og_type":"article","og_title":"Arabiska - H\u00e4ssleholm","og_description":"\u0646\u062d\u0646 \u0646\u0642\u062f\u0645 \u0646\u0635\u064a\u062d\u0629 \u0645\u062c\u0627\u0646\u064a\u0629 \u0644\u0643\u0644 \u0645\u0646 \u064a\u0631\u063a\u0628 \u0641\u064a \u0628\u062f\u0621 \u0645\u0634\u0631\u0648\u0639\u0647 \u0627\u0644\u062e\u0627\u0635 .\u064a\u0645\u0643\u0646\u0643 \u0627\u062e\u062a\u064a\u0627\u0631 \u0646\u0648\u0639 \u0627\u0644\u0627\u062c\u062a\u0645\u0627\u0639 \u0627\u0644\u0630\u064a \u064a\u0646\u0627\u0633\u0628\u0643\u060c \u0633\u0648\u0627\u0621 \u0643\u0646\u062a \u0639\u0645\u064a\u0644\u0627\u064b \u062c\u062f\u064a\u062f\u0627\u064b \u0623\u0648 \u0633\u0628\u0642 \u0644\u0643 \u0627\u0644\u0627\u0634\u062a\u0631\u0627\u0643 \u0645\u0639\u0646\u0627\u060c \u062d\u064a\u062b \u064a\u0645\u0643\u0646\u0643 \u062d\u062c\u0632 \u0645\u0648\u0639\u062f \u0622\u062e\u0631 \u0628\u0633\u0647\u0648\u0644\u0629 .\u064a\u0645\u0643\u0646\u0643 \u062d\u062c\u0632 \u0627\u0644\u0627\u062c\u062a\u0645\u0627\u0639\u0627\u062a \u0628\u0637\u0631\u064a\u0642\u0629 \u062a\u0646\u0627\u0633\u0628\u0643 \u0639\u0628\u0631 \u0627\u0644\u0625\u0646\u062a\u0631\u0646\u062a\u060c \u0645\u0646 \u062e\u0644\u0627\u0644 \u0627\u062e\u062a\u064a\u0627\u0631 \u0627\u062c\u062a\u0645\u0627\u0639 \u0634\u062e\u0635\u064a \u0623\u0648 \u0639\u0628\u0631 \u0627\u0644\u0625\u0646\u062a\u0631\u0646\u062a \u0645\u0647\u0645\u062a\u0646\u0627 \u0647\u064a \u0645\u0633\u0627\u0639\u062f\u062a\u0643 \u0641\u064a \u0645\u0648\u0627\u062c\u0647\u0629 \u062c\u0645\u064a\u0639 \u0627\u0644\u062a\u062d\u062f\u064a\u0627\u062a \u0627\u0644\u062a\u064a [&hellip;]","og_url":"https:\/\/nyforetagarcentrum.se\/hassleholm\/arabiska\/","og_site_name":"H\u00e4ssleholm","article_modified_time":"2024-11-01T10:41:29+00:00","og_image":[{"width":1476,"height":984,"url":"https:\/\/nyforetagarcentrum.se\/hassleholm\/wp-content\/uploads\/sites\/31\/2024\/02\/Nyforetagare-ung-LOW.jpg","type":"image\/jpeg"}],"twitter_card":"summary_large_image","twitter_misc":{"Ber\u00e4knad l\u00e4stid":"2 minuter"},"schema":{"@context":"https:\/\/schema.org","@graph":[{"@type":"WebPage","@id":"https:\/\/nyforetagarcentrum.se\/hassleholm\/arabiska\/","url":"https:\/\/nyforetagarcentrum.se\/hassleholm\/arabiska\/","name":"Arabiska - H\u00e4ssleholm","isPartOf":{"@id":"https:\/\/nyforetagarcentrum.se\/hassleholm\/#website"},"primaryImageOfPage":{"@id":"https:\/\/nyforetagarcentrum.se\/hassleholm\/arabiska\/#primaryimage"},"image":{"@id":"https:\/\/nyforetagarcentrum.se\/hassleholm\/arabiska\/#primaryimage"},"thumbnailUrl":"https:\/\/nyforetagarcentrum.se\/hassleholm\/wp-content\/uploads\/sites\/31\/2024\/02\/Nyforetagare-ung-LOW.jpg","datePublished":"2024-05-16T11:27:30+00:00","dateModified":"2024-11-01T10:41:29+00:00","breadcrumb":{"@id":"https:\/\/nyforetagarcentrum.se\/hassleholm\/arabiska\/#breadcrumb"},"inLanguage":"sv-SE","potentialAction":[{"@type":"ReadAction","target":["https:\/\/nyforetagarcentrum.se\/hassleholm\/arabiska\/"]}]},{"@type":"ImageObject","inLanguage":"sv-SE","@id":"https:\/\/nyforetagarcentrum.se\/hassleholm\/arabiska\/#primaryimage","url":"https:\/\/nyforetagarcentrum.se\/hassleholm\/wp-content\/uploads\/sites\/31\/2024\/02\/Nyforetagare-ung-LOW.jpg","contentUrl":"https:\/\/nyforetagarcentrum.se\/hassleholm\/wp-content\/uploads\/sites\/31\/2024\/02\/Nyforetagare-ung-LOW.jpg","width":1476,"height":984,"caption":"Kvinna"},{"@type":"BreadcrumbList","@id":"https:\/\/nyforetagarcentrum.se\/hassleholm\/arabiska\/#breadcrumb","itemListElement":[{"@type":"ListItem","position":1,"name":"Hem","item":"https:\/\/nyforetagarcentrum.se\/hassleholm\/"},{"@type":"ListItem","position":2,"name":"Arabiska"}]},{"@type":"WebSite","@id":"https:\/\/nyforetagarcentrum.se\/hassleholm\/#website","url":"https:\/\/nyforetagarcentrum.se\/hassleholm\/","name":"H\u00e4ssleholm","description":"Sveriges ledande kraft f\u00f6r fler nya livskraftiga f\u00f6retag","publisher":{"@id":"https:\/\/nyforetagarcentrum.se\/hassleholm\/#organization"},"potentialAction":[{"@type":"SearchAction","target":{"@type":"EntryPoint","urlTemplate":"https:\/\/nyforetagarcentrum.se\/hassleholm\/?s={search_term_string}"},"query-input":"required name=search_term_string"}],"inLanguage":"sv-SE"},{"@type":"Organization","@id":"https:\/\/nyforetagarcentrum.se\/hassleholm\/#organization","name":"H\u00e4ssleholm","url":"https:\/\/nyforetagarcentrum.se\/hassleholm\/","logo":{"@type":"ImageObject","inLanguage":"sv-SE","@id":"https:\/\/nyforetagarcentrum.se\/hassleholm\/#\/schema\/logo\/image\/","url":"https:\/\/nyforetagarcentrum.se\/hassleholm\/wp-content\/uploads\/sites\/31\/2024\/07\/hassleholm_bla.png","contentUrl":"https:\/\/nyforetagarcentrum.se\/hassleholm\/wp-content\/uploads\/sites\/31\/2024\/07\/hassleholm_bla.png","width":870,"height":355,"caption":"H\u00e4ssleholm"},"image":{"@id":"https:\/\/nyforetagarcentrum.se\/hassleholm\/#\/schema\/logo\/image\/"}}]}},"_links":{"self":[{"href":"https:\/\/nyforetagarcentrum.se\/hassleholm\/wp-json\/wp\/v2\/pages\/540"}],"collection":[{"href":"https:\/\/nyforetagarcentrum.se\/hassleholm\/wp-json\/wp\/v2\/pages"}],"about":[{"href":"https:\/\/nyforetagarcentrum.se\/hassleholm\/wp-json\/wp\/v2\/types\/page"}],"author":[{"embeddable":true,"href":"https:\/\/nyforetagarcentrum.se\/hassleholm\/wp-json\/wp\/v2\/users\/30"}],"replies":[{"embeddable":true,"href":"https:\/\/nyforetagarcentrum.se\/hassleholm\/wp-json\/wp\/v2\/comments?post=540"}],"version-history":[{"count":14,"href":"https:\/\/nyforetagarcentrum.se\/hassleholm\/wp-json\/wp\/v2\/pages\/540\/revisions"}],"predecessor-version":[{"id":650,"href":"https:\/\/nyforetagarcentrum.se\/hassleholm\/wp-json\/wp\/v2\/pages\/540\/revisions\/650"}],"wp:featuredmedia":[{"embeddable":true,"href":"https:\/\/nyforetagarcentrum.se\/hassleholm\/wp-json\/wp\/v2\/media\/206"}],"wp:attachment":[{"href":"https:\/\/nyforetagarcentrum.se\/hassleholm\/wp-json\/wp\/v2\/media?parent=540"}],"curies":[{"name":"wp","href":"https:\/\/api.w.org\/{rel}","templated":true}]}}