{"id":164,"date":"2024-02-27T16:05:17","date_gmt":"2024-02-27T15:05:17","guid":{"rendered":"https:\/\/nyforetagarcentrum.se\/hassleholm\/?page_id=164"},"modified":"2024-06-05T09:58:03","modified_gmt":"2024-06-05T07:58:03","slug":"var-styrelse","status":"publish","type":"page","link":"https:\/\/nyforetagarcentrum.se\/hassleholm\/var-styrelse\/","title":{"rendered":"V\u00e5r styrelse"},"content":{"rendered":"<section  class=\"nfc-block-hero alignfull\">\n\n    <img loading=\"lazy\" decoding=\"async\" width=\"1476\" height=\"984\" src=\"https:\/\/nyforetagarcentrum.se\/hassleholm\/wp-content\/uploads\/sites\/31\/2024\/02\/Nyforetagare-kultur-LOW.jpg\" class=\"attachment-landscape size-landscape\" alt=\"\" srcset=\"https:\/\/nyforetagarcentrum.se\/hassleholm\/wp-content\/uploads\/sites\/31\/2024\/02\/Nyforetagare-kultur-LOW.jpg 1476w, https:\/\/nyforetagarcentrum.se\/hassleholm\/wp-content\/uploads\/sites\/31\/2024\/02\/Nyforetagare-kultur-LOW-300x200.jpg 300w, https:\/\/nyforetagarcentrum.se\/hassleholm\/wp-content\/uploads\/sites\/31\/2024\/02\/Nyforetagare-kultur-LOW-1024x683.jpg 1024w, https:\/\/nyforetagarcentrum.se\/hassleholm\/wp-content\/uploads\/sites\/31\/2024\/02\/Nyforetagare-kultur-LOW-768x512.jpg 768w\" sizes=\"(max-width: 1476px) 100vw, 1476px\" \/>\n    <div class=\"contained\">\n        <h1 class=\"nfc-block-hero__heading\">V\u00e5r styrelse<\/h1>\n\n            <\/div>\n<\/section>\n\n\n<div style=\"height:50px\" aria-hidden=\"true\" class=\"wp-block-spacer\"><\/div>\n\n\n<section  class=\"nfc-block-breadcrumbs\">\n    <div class=\"wrapper contained\">\n        <ol class=\"breadcrumbs\" itemscope itemtype=\"https:\/\/schema.org\/BreadcrumbList\">\n            <li itemprop=\"itemListElement\" itemscope itemtype=\"https:\/\/schema.org\/ListItem\">\n            \n\n                            <span class=\"current\" itemprop=\"name\">Hem<\/span>\n            \n            <meta itemprop=\"position\" content=\"1\" \/>\n        <\/li>\n    <\/ol>    <\/div>\n<\/section>\n\n\n<div style=\"height:100px\" aria-hidden=\"true\" class=\"wp-block-spacer\"><\/div>\n\n\n<section  class=\"nfc-block-person_grid alignwide layout-small\">\n    <div class=\"contained\">\n        <div class=\"grid\">\n            <div class=\"person-card\">\n    \n            <div class=\"featured_image\">\n            <img loading=\"lazy\" decoding=\"async\" width=\"150\" height=\"150\" src=\"https:\/\/nyforetagarcentrum.se\/hassleholm\/wp-content\/uploads\/sites\/31\/2025\/04\/Amir_Marusic-4129-1-150x150.jpg\" class=\"attachment-thumbnail size-thumbnail\" alt=\"\" \/>        <\/div>\n    \n    <div class=\"content-wrapper\">\n        <div class=\"top\">\n                    <\/div>\n        \n        <h3>Amir Marusic<\/h3>\n\n        <div class=\"excerpt\">\n            Styrelseledamot<br \/>\r\nNyf\u00f6retagarcentrum H\u00e4ssleholm<br \/>\r\nSparbanken Sk\u00e5ne        <\/div>\n\n        <div class=\"links\">\n            \n                    <\/div>\n        \n    <\/div>\n<\/div><div class=\"person-card\">\n    \n            <div class=\"featured_image\">\n            <img loading=\"lazy\" decoding=\"async\" width=\"150\" height=\"150\" src=\"https:\/\/nyforetagarcentrum.se\/hassleholm\/wp-content\/uploads\/sites\/31\/2025\/04\/Ia-150x150.webp\" class=\"attachment-thumbnail size-thumbnail\" alt=\"\" \/>        <\/div>\n    \n    <div class=\"content-wrapper\">\n        <div class=\"top\">\n                    <\/div>\n        \n        <h3>Ia Bj\u00f6rklund<\/h3>\n\n        <div class=\"excerpt\">\n            Styrelseledamot<br \/>\r\nNyf\u00f6retagarcentrum H\u00e4ssleholm<br \/>\r\nVD Iris Blommor        <\/div>\n\n        <div class=\"links\">\n            \n                    <\/div>\n        \n    <\/div>\n<\/div><div class=\"person-card\">\n    \n            <div class=\"featured_image\">\n            <img loading=\"lazy\" decoding=\"async\" width=\"150\" height=\"150\" src=\"https:\/\/nyforetagarcentrum.se\/hassleholm\/wp-content\/uploads\/sites\/31\/2024\/05\/Jesper-Lund-Rantzer_BKB_narbild-150x150.jpg\" class=\"attachment-thumbnail size-thumbnail\" alt=\"\" \/>        <\/div>\n    \n    <div class=\"content-wrapper\">\n        <div class=\"top\">\n                    <\/div>\n        \n        <h3>Jesper Rantzer<\/h3>\n\n        <div class=\"excerpt\">\n            Styrelseledamot<br \/>\r\nNyf\u00f6retagarcentrum H\u00e4ssleholm<br \/>\r\nVD Brandkonsultbyr\u00e5n AB        <\/div>\n\n        <div class=\"links\">\n            \n                    <\/div>\n        \n    <\/div>\n<\/div><div class=\"person-card\">\n    \n            <div class=\"featured_image\">\n            <img loading=\"lazy\" decoding=\"async\" width=\"150\" height=\"150\" src=\"https:\/\/nyforetagarcentrum.se\/hassleholm\/wp-content\/uploads\/sites\/31\/2024\/05\/1517542779490-150x150.jpeg\" class=\"attachment-thumbnail size-thumbnail\" alt=\"\" srcset=\"https:\/\/nyforetagarcentrum.se\/hassleholm\/wp-content\/uploads\/sites\/31\/2024\/05\/1517542779490-150x150.jpeg 150w, https:\/\/nyforetagarcentrum.se\/hassleholm\/wp-content\/uploads\/sites\/31\/2024\/05\/1517542779490.jpeg 200w\" sizes=\"(max-width: 150px) 100vw, 150px\" \/>        <\/div>\n    \n    <div class=\"content-wrapper\">\n        <div class=\"top\">\n                    <\/div>\n        \n        <h3>Stefan Larsson<\/h3>\n\n        <div class=\"excerpt\">\n            Styrelseledamot<br \/>\r\nNyf\u00f6retagarcentrum H\u00e4ssleholm<br \/>\r\nN\u00e4ringslivschef H\u00e4ssleholms kommun        <\/div>\n\n        <div class=\"links\">\n            \n                    <\/div>\n        \n    <\/div>\n<\/div><div class=\"person-card\">\n    \n            <div class=\"featured_image\">\n            <img loading=\"lazy\" decoding=\"async\" width=\"150\" height=\"150\" src=\"https:\/\/nyforetagarcentrum.se\/hassleholm\/wp-content\/uploads\/sites\/31\/2024\/05\/1709149100502-150x150.jpeg\" class=\"attachment-thumbnail size-thumbnail\" alt=\"\" srcset=\"https:\/\/nyforetagarcentrum.se\/hassleholm\/wp-content\/uploads\/sites\/31\/2024\/05\/1709149100502-150x150.jpeg 150w, https:\/\/nyforetagarcentrum.se\/hassleholm\/wp-content\/uploads\/sites\/31\/2024\/05\/1709149100502.jpeg 200w\" sizes=\"(max-width: 150px) 100vw, 150px\" \/>        <\/div>\n    \n    <div class=\"content-wrapper\">\n        <div class=\"top\">\n                    <\/div>\n        \n        <h3>Pia Af Klinteberg<\/h3>\n\n        <div class=\"excerpt\">\n            Styrelseledamot <br \/>\r\nNyf\u00f6retagarcentrum H\u00e4ssleholm<br \/>\r\nVD Jape AB<br \/>\r\n        <\/div>\n\n        <div class=\"links\">\n            \n                    <\/div>\n        \n    <\/div>\n<\/div><div class=\"person-card\">\n    \n            <div class=\"featured_image\">\n            <img loading=\"lazy\" decoding=\"async\" width=\"150\" height=\"150\" src=\"https:\/\/nyforetagarcentrum.se\/hassleholm\/wp-content\/uploads\/sites\/31\/2024\/05\/1696279820314-150x150.jpeg\" class=\"attachment-thumbnail size-thumbnail\" alt=\"\" srcset=\"https:\/\/nyforetagarcentrum.se\/hassleholm\/wp-content\/uploads\/sites\/31\/2024\/05\/1696279820314-150x150.jpeg 150w, https:\/\/nyforetagarcentrum.se\/hassleholm\/wp-content\/uploads\/sites\/31\/2024\/05\/1696279820314.jpeg 200w\" sizes=\"(max-width: 150px) 100vw, 150px\" \/>        <\/div>\n    \n    <div class=\"content-wrapper\">\n        <div class=\"top\">\n                    <\/div>\n        \n        <h3>Bj\u00f6rn Paulson<\/h3>\n\n        <div class=\"excerpt\">\n            Ordf\u00f6rande <br \/>\r\nNyf\u00f6retagarcentrum H\u00e4ssleholm<br \/>\r\nF\u00f6retagare Svenska hem <br \/>\r\n        <\/div>\n\n        <div class=\"links\">\n            \n                            <a href=\"mailto:bjorn.paulson@svenskahem.se\">\n                    MAIL: bjorn.paulson@svenskahem.se                <\/a>\n                    <\/div>\n        \n    <\/div>\n<\/div><div class=\"person-card\">\n    \n            <div class=\"featured_image\">\n            <img loading=\"lazy\" decoding=\"async\" width=\"70\" height=\"70\" src=\"https:\/\/nyforetagarcentrum.se\/hassleholm\/wp-content\/uploads\/sites\/31\/2024\/05\/b09-jessica-selin.jpg\" class=\"attachment-thumbnail size-thumbnail\" alt=\"\" \/>        <\/div>\n    \n    <div class=\"content-wrapper\">\n        <div class=\"top\">\n                    <\/div>\n        \n        <h3>Jessika Selin<\/h3>\n\n        <div class=\"excerpt\">\n            Vice Ordf\u00f6rande <br \/>\r\nNyf\u00f6retagarcentrum H\u00e4ssleholm<br \/>\r\nL\u00e4nsf\u00f6rs\u00e4kringar        <\/div>\n\n        <div class=\"links\">\n            \n                    <\/div>\n        \n    <\/div>\n<\/div><div class=\"person-card\">\n    \n            <div class=\"featured_image\">\n            <img loading=\"lazy\" decoding=\"async\" width=\"150\" height=\"150\" src=\"https:\/\/nyforetagarcentrum.se\/hassleholm\/wp-content\/uploads\/sites\/31\/2024\/05\/stefan-1-150x150.jpg\" class=\"attachment-thumbnail size-thumbnail\" alt=\"\" \/>        <\/div>\n    \n    <div class=\"content-wrapper\">\n        <div class=\"top\">\n                    <\/div>\n        \n        <h3>Stefan Sigesg\u00e5rd<\/h3>\n\n        <div class=\"excerpt\">\n            Styrelseledamot<br \/>\r\nNyf\u00f6retagarcentrum H\u00e4ssleholm<br \/>\r\nVD Reformhus AB        <\/div>\n\n        <div class=\"links\">\n            \n                    <\/div>\n        \n    <\/div>\n<\/div>        <\/div>\n    <\/div>\n<\/section>","protected":false},"excerpt":{"rendered":"","protected":false},"author":1,"featured_media":0,"parent":0,"menu_order":0,"comment_status":"closed","ping_status":"closed","template":"","meta":{"footnotes":""},"acf":[],"yoast_head":"<!-- This site is optimized with the Yoast SEO plugin v22.9 - https:\/\/yoast.com\/wordpress\/plugins\/seo\/ -->\n<title>V\u00e5r styrelse - H\u00e4ssleholm<\/title>\n<meta name=\"robots\" content=\"index, follow, max-snippet:-1, max-image-preview:large, max-video-preview:-1\" \/>\n<link rel=\"canonical\" href=\"https:\/\/nyforetagarcentrum.se\/hassleholm\/var-styrelse\/\" \/>\n<meta property=\"og:locale\" content=\"sv_SE\" \/>\n<meta property=\"og:type\" content=\"article\" \/>\n<meta property=\"og:title\" content=\"V\u00e5r styrelse - H\u00e4ssleholm\" \/>\n<meta property=\"og:url\" content=\"https:\/\/nyforetagarcentrum.se\/hassleholm\/var-styrelse\/\" \/>\n<meta property=\"og:site_name\" content=\"H\u00e4ssleholm\" \/>\n<meta property=\"article:modified_time\" content=\"2024-06-05T07:58:03+00:00\" \/>\n<meta name=\"twitter:card\" content=\"summary_large_image\" \/>\n<script type=\"application\/ld+json\" class=\"yoast-schema-graph\">{\"@context\":\"https:\/\/schema.org\",\"@graph\":[{\"@type\":\"WebPage\",\"@id\":\"https:\/\/nyforetagarcentrum.se\/hassleholm\/var-styrelse\/\",\"url\":\"https:\/\/nyforetagarcentrum.se\/hassleholm\/var-styrelse\/\",\"name\":\"V\u00e5r styrelse - H\u00e4ssleholm\",\"isPartOf\":{\"@id\":\"https:\/\/nyforetagarcentrum.se\/hassleholm\/#website\"},\"datePublished\":\"2024-02-27T15:05:17+00:00\",\"dateModified\":\"2024-06-05T07:58:03+00:00\",\"breadcrumb\":{\"@id\":\"https:\/\/nyforetagarcentrum.se\/hassleholm\/var-styrelse\/#breadcrumb\"},\"inLanguage\":\"sv-SE\",\"potentialAction\":[{\"@type\":\"ReadAction\",\"target\":[\"https:\/\/nyforetagarcentrum.se\/hassleholm\/var-styrelse\/\"]}]},{\"@type\":\"BreadcrumbList\",\"@id\":\"https:\/\/nyforetagarcentrum.se\/hassleholm\/var-styrelse\/#breadcrumb\",\"itemListElement\":[{\"@type\":\"ListItem\",\"position\":1,\"name\":\"Hem\",\"item\":\"https:\/\/nyforetagarcentrum.se\/hassleholm\/\"},{\"@type\":\"ListItem\",\"position\":2,\"name\":\"V\u00e5r styrelse\"}]},{\"@type\":\"WebSite\",\"@id\":\"https:\/\/nyforetagarcentrum.se\/hassleholm\/#website\",\"url\":\"https:\/\/nyforetagarcentrum.se\/hassleholm\/\",\"name\":\"H\u00e4ssleholm\",\"description\":\"Sveriges ledande kraft f\u00f6r fler nya livskraftiga f\u00f6retag\",\"publisher\":{\"@id\":\"https:\/\/nyforetagarcentrum.se\/hassleholm\/#organization\"},\"potentialAction\":[{\"@type\":\"SearchAction\",\"target\":{\"@type\":\"EntryPoint\",\"urlTemplate\":\"https:\/\/nyforetagarcentrum.se\/hassleholm\/?s={search_term_string}\"},\"query-input\":\"required name=search_term_string\"}],\"inLanguage\":\"sv-SE\"},{\"@type\":\"Organization\",\"@id\":\"https:\/\/nyforetagarcentrum.se\/hassleholm\/#organization\",\"name\":\"H\u00e4ssleholm\",\"url\":\"https:\/\/nyforetagarcentrum.se\/hassleholm\/\",\"logo\":{\"@type\":\"ImageObject\",\"inLanguage\":\"sv-SE\",\"@id\":\"https:\/\/nyforetagarcentrum.se\/hassleholm\/#\/schema\/logo\/image\/\",\"url\":\"https:\/\/nyforetagarcentrum.se\/hassleholm\/wp-content\/uploads\/sites\/31\/2024\/04\/Hassleholm.png\",\"contentUrl\":\"https:\/\/nyforetagarcentrum.se\/hassleholm\/wp-content\/uploads\/sites\/31\/2024\/04\/Hassleholm.png\",\"width\":1082,\"height\":542,\"caption\":\"H\u00e4ssleholm\"},\"image\":{\"@id\":\"https:\/\/nyforetagarcentrum.se\/hassleholm\/#\/schema\/logo\/image\/\"}}]}<\/script>\n<!-- \/ Yoast SEO plugin. -->","yoast_head_json":{"title":"V\u00e5r styrelse - H\u00e4ssleholm","robots":{"index":"index","follow":"follow","max-snippet":"max-snippet:-1","max-image-preview":"max-image-preview:large","max-video-preview":"max-video-preview:-1"},"canonical":"https:\/\/nyforetagarcentrum.se\/hassleholm\/var-styrelse\/","og_locale":"sv_SE","og_type":"article","og_title":"V\u00e5r styrelse - H\u00e4ssleholm","og_url":"https:\/\/nyforetagarcentrum.se\/hassleholm\/var-styrelse\/","og_site_name":"H\u00e4ssleholm","article_modified_time":"2024-06-05T07:58:03+00:00","twitter_card":"summary_large_image","schema":{"@context":"https:\/\/schema.org","@graph":[{"@type":"WebPage","@id":"https:\/\/nyforetagarcentrum.se\/hassleholm\/var-styrelse\/","url":"https:\/\/nyforetagarcentrum.se\/hassleholm\/var-styrelse\/","name":"V\u00e5r styrelse - H\u00e4ssleholm","isPartOf":{"@id":"https:\/\/nyforetagarcentrum.se\/hassleholm\/#website"},"datePublished":"2024-02-27T15:05:17+00:00","dateModified":"2024-06-05T07:58:03+00:00","breadcrumb":{"@id":"https:\/\/nyforetagarcentrum.se\/hassleholm\/var-styrelse\/#breadcrumb"},"inLanguage":"sv-SE","potentialAction":[{"@type":"ReadAction","target":["https:\/\/nyforetagarcentrum.se\/hassleholm\/var-styrelse\/"]}]},{"@type":"BreadcrumbList","@id":"https:\/\/nyforetagarcentrum.se\/hassleholm\/var-styrelse\/#breadcrumb","itemListElement":[{"@type":"ListItem","position":1,"name":"Hem","item":"https:\/\/nyforetagarcentrum.se\/hassleholm\/"},{"@type":"ListItem","position":2,"name":"V\u00e5r styrelse"}]},{"@type":"WebSite","@id":"https:\/\/nyforetagarcentrum.se\/hassleholm\/#website","url":"https:\/\/nyforetagarcentrum.se\/hassleholm\/","name":"H\u00e4ssleholm","description":"Sveriges ledande kraft f\u00f6r fler nya livskraftiga f\u00f6retag","publisher":{"@id":"https:\/\/nyforetagarcentrum.se\/hassleholm\/#organization"},"potentialAction":[{"@type":"SearchAction","target":{"@type":"EntryPoint","urlTemplate":"https:\/\/nyforetagarcentrum.se\/hassleholm\/?s={search_term_string}"},"query-input":"required name=search_term_string"}],"inLanguage":"sv-SE"},{"@type":"Organization","@id":"https:\/\/nyforetagarcentrum.se\/hassleholm\/#organization","name":"H\u00e4ssleholm","url":"https:\/\/nyforetagarcentrum.se\/hassleholm\/","logo":{"@type":"ImageObject","inLanguage":"sv-SE","@id":"https:\/\/nyforetagarcentrum.se\/hassleholm\/#\/schema\/logo\/image\/","url":"https:\/\/nyforetagarcentrum.se\/hassleholm\/wp-content\/uploads\/sites\/31\/2024\/04\/Hassleholm.png","contentUrl":"https:\/\/nyforetagarcentrum.se\/hassleholm\/wp-content\/uploads\/sites\/31\/2024\/04\/Hassleholm.png","width":1082,"height":542,"caption":"H\u00e4ssleholm"},"image":{"@id":"https:\/\/nyforetagarcentrum.se\/hassleholm\/#\/schema\/logo\/image\/"}}]}},"_links":{"self":[{"href":"https:\/\/nyforetagarcentrum.se\/hassleholm\/wp-json\/wp\/v2\/pages\/164"}],"collection":[{"href":"https:\/\/nyforetagarcentrum.se\/hassleholm\/wp-json\/wp\/v2\/pages"}],"about":[{"href":"https:\/\/nyforetagarcentrum.se\/hassleholm\/wp-json\/wp\/v2\/types\/page"}],"author":[{"embeddable":true,"href":"https:\/\/nyforetagarcentrum.se\/hassleholm\/wp-json\/wp\/v2\/users\/1"}],"replies":[{"embeddable":true,"href":"https:\/\/nyforetagarcentrum.se\/hassleholm\/wp-json\/wp\/v2\/comments?post=164"}],"version-history":[{"count":22,"href":"https:\/\/nyforetagarcentrum.se\/hassleholm\/wp-json\/wp\/v2\/pages\/164\/revisions"}],"predecessor-version":[{"id":613,"href":"https:\/\/nyforetagarcentrum.se\/hassleholm\/wp-json\/wp\/v2\/pages\/164\/revisions\/613"}],"wp:attachment":[{"href":"https:\/\/nyforetagarcentrum.se\/hassleholm\/wp-json\/wp\/v2\/media?parent=164"}],"curies":[{"name":"wp","href":"https:\/\/api.w.org\/{rel}","templated":true}]}}