{"id":161,"date":"2024-02-27T16:04:37","date_gmt":"2024-02-27T15:04:37","guid":{"rendered":"https:\/\/nyforetagarcentrum.se\/hassleholm\/?page_id=161"},"modified":"2025-06-02T13:39:10","modified_gmt":"2025-06-02T11:39:10","slug":"om-oss","status":"publish","type":"page","link":"https:\/\/nyforetagarcentrum.se\/hassleholm\/om-oss\/","title":{"rendered":"Om oss"},"content":{"rendered":"\n<div style=\"height:50px\" aria-hidden=\"true\" class=\"wp-block-spacer\"><\/div>\n\n\n<section  class=\"nfc-block-breadcrumbs\">\n    <div class=\"wrapper contained\">\n        <ol class=\"breadcrumbs\" itemscope itemtype=\"https:\/\/schema.org\/BreadcrumbList\">\n            <li itemprop=\"itemListElement\" itemscope itemtype=\"https:\/\/schema.org\/ListItem\">\n            \n\n                            <span class=\"current\" itemprop=\"name\">Hem<\/span>\n            \n            <meta itemprop=\"position\" content=\"1\" \/>\n        <\/li>\n    <\/ol>    <\/div>\n<\/section>\n\n<section  class=\"nfc-block-split_screen alignwide image_alignment-left\">\n    <div class=\"wrapper\">\n        <div class=\"nfc-block-split_screen__image-wrapper\">\n            <img loading=\"lazy\" decoding=\"async\" width=\"1469\" height=\"981\" src=\"https:\/\/nyforetagarcentrum.se\/hassleholm\/wp-content\/uploads\/sites\/31\/2024\/02\/4083b98ac6a43f162142a286decbc08f.png\" class=\"attachment-landscape size-landscape\" alt=\"\" srcset=\"https:\/\/nyforetagarcentrum.se\/hassleholm\/wp-content\/uploads\/sites\/31\/2024\/02\/4083b98ac6a43f162142a286decbc08f.png 1469w, https:\/\/nyforetagarcentrum.se\/hassleholm\/wp-content\/uploads\/sites\/31\/2024\/02\/4083b98ac6a43f162142a286decbc08f-300x200.png 300w, https:\/\/nyforetagarcentrum.se\/hassleholm\/wp-content\/uploads\/sites\/31\/2024\/02\/4083b98ac6a43f162142a286decbc08f-1024x684.png 1024w, https:\/\/nyforetagarcentrum.se\/hassleholm\/wp-content\/uploads\/sites\/31\/2024\/02\/4083b98ac6a43f162142a286decbc08f-768x513.png 768w\" sizes=\"(max-width: 1469px) 100vw, 1469px\" \/>        <\/div>\n\n        <div class=\"nfc-block-split_screen__content-wrapper\">\n            <h2>V\u00e5r verksamhet<\/h2>\n<p style=\"font-weight: 400\">Nyf\u00f6retagarcentrum H\u00e4ssleholms verksamhet finansieras av privata f\u00f6retag samt av kommunen. Det \u00e4r detta n\u00e4tverk av f\u00f6retag, deras st\u00f6d och engagemang som g\u00f6r att vi kan ge kostnadsfri r\u00e5dgivning till nya f\u00f6retagare &#8211; s\u00e5 att fler f\u00f6retag \u00f6verlever, v\u00e4xer och blir l\u00f6nsamma!<\/p>\n<p style=\"font-weight: 400\">V\u00e5ra partner vet att jobb skapas av f\u00f6retag och att ju fler f\u00f6retag som m\u00e5r bra p\u00e5 en ort, desto b\u00e4ttre g\u00e5r det f\u00f6r b\u00e5de orten och det egna f\u00f6retaget &#8211; eftersom det finns st\u00f6rre k\u00f6pkraft och att fler m\u00e4nniskor g\u00f6r nyttiga saker.<\/p>\n<ul style=\"font-weight: 400\">\n<li>Under 2024 har vi hj\u00e4lpt 33 f\u00f6retag att starta i H\u00e4ssleholm.<\/li>\n<li>Med h\u00e4nsyn tagen till \u00f6verlevnadsgrad skapar dessa p\u00e5 tre \u00e5rs sikt ca 100 arbetstillf\u00e4llen<\/li>\n<li>F\u00f6retagen bidrar p\u00e5 tre \u00e5r med mer \u00e4n 2 milj i samh\u00e4llsint\u00e4kter.<\/li>\n<li>Utan r\u00e5dgivning \u00f6verlever bara 68% av alla nya f\u00f6retag. Av de som varit hos oss \u00f6verlever 83 % efter tre \u00e5r, och \u00e4r i genomsnitt 12 % mer l\u00f6nsamma.<\/li>\n<li>En tredjedel av v\u00e5ra bes\u00f6kare \u00e4r kvinnor och ca 24% kommer fr\u00e5n n\u00e5got annat land \u00e4n Sverige.<\/li>\n<\/ul>\n<p style=\"font-weight: 400\">Nyttan med verksamheten i termer av samh\u00e4llsv\u00e4rde, tillv\u00e4xt, j\u00e4mlikhet och integration \u00e4r som du f\u00f6rst\u00e5r mycket stor och f\u00f6r m\u00e5nga av v\u00e5ra samarbetspartner \u00e4r det ocks\u00e5\u00a0 en medveten satsning i deras CSR-arbete f\u00f6r ett h\u00e5llbart samh\u00e4lle.<\/p>\n\n                            <div class=\"nfc-block-split_screen__buttons\">\n                                            <a href=\"vara-samarbetspartners\/\" class=\"button outlined\">V\u00e5ra samarbetspartners<\/a>\n                                    <\/div>\n            \n        <\/div>\n    <\/div>\n<\/section>\n\n\n<div style=\"height:51px\" aria-hidden=\"true\" class=\"wp-block-spacer\"><\/div>\n\n\n\n<div style=\"height:50px\" aria-hidden=\"true\" class=\"wp-block-spacer\"><\/div>\n\n\n\n<div style=\"height:50px\" aria-hidden=\"true\" class=\"wp-block-spacer\"><\/div>\n\n\n\n<h2 class=\"wp-block-heading has-text-align-center\">\u00c4r ditt f\u00f6retag eller organisation intresserad av att st\u00f6dja Nyf\u00f6retagarCentrum H\u00e4ssleholms arbete?<\/h2>\n\n\n\n<div class=\"wp-block-group alignfull is-layout-constrained wp-block-group-is-layout-constrained\"><section  class=\"nfc-block-form aligncontent layout-small\">\n    <div class=\"contained\">\n\n        <form data-nfc-form=\"block_c5d0da393fdf2887e21d1ee4773c1b32\" data-nfc-page=\"161\">\n            <label class=\"input-wrapper\" for=\"namn\">\n    <span>Namn<\/span>\n    <input type=\"text\" name=\"namn\" id=\"namn\" placeholder=\"\" >\n<\/label><label class=\"input-wrapper\" for=\"foretag-eller-organisation\">\n    <span>F\u00f6retag eller organisation<\/span>\n    <input type=\"text\" name=\"foretag-eller-organisation\" id=\"foretag-eller-organisation\" placeholder=\"\" >\n<\/label><label class=\"input-wrapper\" for=\"e-post\">\n    <span>E-post<\/span>\n    <input type=\"text\" name=\"e-post\" id=\"e-post\" placeholder=\"\" >\n<\/label>\n            <div class=\"input-wrapper\">\n                <button type=\"submit\" class=\"button\">Skicka<\/button>\n            <\/div>\n        <\/form>\n    <\/div>\n<\/section><\/div>\n\n\n\n<div style=\"height:100px\" aria-hidden=\"true\" class=\"wp-block-spacer\"><\/div>\n","protected":false},"excerpt":{"rendered":"<p>\u00c4r ditt f\u00f6retag eller organisation intresserad av att st\u00f6dja Nyf\u00f6retagarCentrum H\u00e4ssleholms arbete?<\/p>\n","protected":false},"author":1,"featured_media":0,"parent":0,"menu_order":0,"comment_status":"closed","ping_status":"closed","template":"","meta":{"footnotes":""},"acf":[],"yoast_head":"<!-- This site is optimized with the Yoast SEO plugin v22.9 - https:\/\/yoast.com\/wordpress\/plugins\/seo\/ -->\n<title>Om oss - H\u00e4ssleholm<\/title>\n<meta name=\"robots\" content=\"index, follow, max-snippet:-1, max-image-preview:large, max-video-preview:-1\" \/>\n<link rel=\"canonical\" href=\"https:\/\/nyforetagarcentrum.se\/hassleholm\/om-oss\/\" \/>\n<meta property=\"og:locale\" content=\"sv_SE\" \/>\n<meta property=\"og:type\" content=\"article\" \/>\n<meta property=\"og:title\" content=\"Om oss - H\u00e4ssleholm\" \/>\n<meta property=\"og:description\" content=\"\u00c4r ditt f\u00f6retag eller organisation intresserad av att st\u00f6dja Nyf\u00f6retagarCentrum H\u00e4ssleholms arbete?\" \/>\n<meta property=\"og:url\" content=\"https:\/\/nyforetagarcentrum.se\/hassleholm\/om-oss\/\" \/>\n<meta property=\"og:site_name\" content=\"H\u00e4ssleholm\" \/>\n<meta property=\"article:modified_time\" content=\"2025-06-02T11:39:10+00:00\" \/>\n<meta name=\"twitter:card\" content=\"summary_large_image\" \/>\n<meta name=\"twitter:label1\" content=\"Ber\u00e4knad l\u00e4stid\" \/>\n\t<meta name=\"twitter:data1\" content=\"1 minut\" \/>\n<script type=\"application\/ld+json\" class=\"yoast-schema-graph\">{\"@context\":\"https:\/\/schema.org\",\"@graph\":[{\"@type\":\"WebPage\",\"@id\":\"https:\/\/nyforetagarcentrum.se\/hassleholm\/om-oss\/\",\"url\":\"https:\/\/nyforetagarcentrum.se\/hassleholm\/om-oss\/\",\"name\":\"Om oss - H\u00e4ssleholm\",\"isPartOf\":{\"@id\":\"https:\/\/nyforetagarcentrum.se\/hassleholm\/#website\"},\"datePublished\":\"2024-02-27T15:04:37+00:00\",\"dateModified\":\"2025-06-02T11:39:10+00:00\",\"breadcrumb\":{\"@id\":\"https:\/\/nyforetagarcentrum.se\/hassleholm\/om-oss\/#breadcrumb\"},\"inLanguage\":\"sv-SE\",\"potentialAction\":[{\"@type\":\"ReadAction\",\"target\":[\"https:\/\/nyforetagarcentrum.se\/hassleholm\/om-oss\/\"]}]},{\"@type\":\"BreadcrumbList\",\"@id\":\"https:\/\/nyforetagarcentrum.se\/hassleholm\/om-oss\/#breadcrumb\",\"itemListElement\":[{\"@type\":\"ListItem\",\"position\":1,\"name\":\"Hem\",\"item\":\"https:\/\/nyforetagarcentrum.se\/hassleholm\/\"},{\"@type\":\"ListItem\",\"position\":2,\"name\":\"Om oss\"}]},{\"@type\":\"WebSite\",\"@id\":\"https:\/\/nyforetagarcentrum.se\/hassleholm\/#website\",\"url\":\"https:\/\/nyforetagarcentrum.se\/hassleholm\/\",\"name\":\"H\u00e4ssleholm\",\"description\":\"Sveriges ledande kraft f\u00f6r fler nya livskraftiga f\u00f6retag\",\"publisher\":{\"@id\":\"https:\/\/nyforetagarcentrum.se\/hassleholm\/#organization\"},\"potentialAction\":[{\"@type\":\"SearchAction\",\"target\":{\"@type\":\"EntryPoint\",\"urlTemplate\":\"https:\/\/nyforetagarcentrum.se\/hassleholm\/?s={search_term_string}\"},\"query-input\":\"required name=search_term_string\"}],\"inLanguage\":\"sv-SE\"},{\"@type\":\"Organization\",\"@id\":\"https:\/\/nyforetagarcentrum.se\/hassleholm\/#organization\",\"name\":\"H\u00e4ssleholm\",\"url\":\"https:\/\/nyforetagarcentrum.se\/hassleholm\/\",\"logo\":{\"@type\":\"ImageObject\",\"inLanguage\":\"sv-SE\",\"@id\":\"https:\/\/nyforetagarcentrum.se\/hassleholm\/#\/schema\/logo\/image\/\",\"url\":\"https:\/\/nyforetagarcentrum.se\/hassleholm\/wp-content\/uploads\/sites\/31\/2024\/04\/Hassleholm.png\",\"contentUrl\":\"https:\/\/nyforetagarcentrum.se\/hassleholm\/wp-content\/uploads\/sites\/31\/2024\/04\/Hassleholm.png\",\"width\":1082,\"height\":542,\"caption\":\"H\u00e4ssleholm\"},\"image\":{\"@id\":\"https:\/\/nyforetagarcentrum.se\/hassleholm\/#\/schema\/logo\/image\/\"}}]}<\/script>\n<!-- \/ Yoast SEO plugin. -->","yoast_head_json":{"title":"Om oss - H\u00e4ssleholm","robots":{"index":"index","follow":"follow","max-snippet":"max-snippet:-1","max-image-preview":"max-image-preview:large","max-video-preview":"max-video-preview:-1"},"canonical":"https:\/\/nyforetagarcentrum.se\/hassleholm\/om-oss\/","og_locale":"sv_SE","og_type":"article","og_title":"Om oss - H\u00e4ssleholm","og_description":"\u00c4r ditt f\u00f6retag eller organisation intresserad av att st\u00f6dja Nyf\u00f6retagarCentrum H\u00e4ssleholms arbete?","og_url":"https:\/\/nyforetagarcentrum.se\/hassleholm\/om-oss\/","og_site_name":"H\u00e4ssleholm","article_modified_time":"2025-06-02T11:39:10+00:00","twitter_card":"summary_large_image","twitter_misc":{"Ber\u00e4knad l\u00e4stid":"1 minut"},"schema":{"@context":"https:\/\/schema.org","@graph":[{"@type":"WebPage","@id":"https:\/\/nyforetagarcentrum.se\/hassleholm\/om-oss\/","url":"https:\/\/nyforetagarcentrum.se\/hassleholm\/om-oss\/","name":"Om oss - H\u00e4ssleholm","isPartOf":{"@id":"https:\/\/nyforetagarcentrum.se\/hassleholm\/#website"},"datePublished":"2024-02-27T15:04:37+00:00","dateModified":"2025-06-02T11:39:10+00:00","breadcrumb":{"@id":"https:\/\/nyforetagarcentrum.se\/hassleholm\/om-oss\/#breadcrumb"},"inLanguage":"sv-SE","potentialAction":[{"@type":"ReadAction","target":["https:\/\/nyforetagarcentrum.se\/hassleholm\/om-oss\/"]}]},{"@type":"BreadcrumbList","@id":"https:\/\/nyforetagarcentrum.se\/hassleholm\/om-oss\/#breadcrumb","itemListElement":[{"@type":"ListItem","position":1,"name":"Hem","item":"https:\/\/nyforetagarcentrum.se\/hassleholm\/"},{"@type":"ListItem","position":2,"name":"Om oss"}]},{"@type":"WebSite","@id":"https:\/\/nyforetagarcentrum.se\/hassleholm\/#website","url":"https:\/\/nyforetagarcentrum.se\/hassleholm\/","name":"H\u00e4ssleholm","description":"Sveriges ledande kraft f\u00f6r fler nya livskraftiga f\u00f6retag","publisher":{"@id":"https:\/\/nyforetagarcentrum.se\/hassleholm\/#organization"},"potentialAction":[{"@type":"SearchAction","target":{"@type":"EntryPoint","urlTemplate":"https:\/\/nyforetagarcentrum.se\/hassleholm\/?s={search_term_string}"},"query-input":"required name=search_term_string"}],"inLanguage":"sv-SE"},{"@type":"Organization","@id":"https:\/\/nyforetagarcentrum.se\/hassleholm\/#organization","name":"H\u00e4ssleholm","url":"https:\/\/nyforetagarcentrum.se\/hassleholm\/","logo":{"@type":"ImageObject","inLanguage":"sv-SE","@id":"https:\/\/nyforetagarcentrum.se\/hassleholm\/#\/schema\/logo\/image\/","url":"https:\/\/nyforetagarcentrum.se\/hassleholm\/wp-content\/uploads\/sites\/31\/2024\/04\/Hassleholm.png","contentUrl":"https:\/\/nyforetagarcentrum.se\/hassleholm\/wp-content\/uploads\/sites\/31\/2024\/04\/Hassleholm.png","width":1082,"height":542,"caption":"H\u00e4ssleholm"},"image":{"@id":"https:\/\/nyforetagarcentrum.se\/hassleholm\/#\/schema\/logo\/image\/"}}]}},"_links":{"self":[{"href":"https:\/\/nyforetagarcentrum.se\/hassleholm\/wp-json\/wp\/v2\/pages\/161"}],"collection":[{"href":"https:\/\/nyforetagarcentrum.se\/hassleholm\/wp-json\/wp\/v2\/pages"}],"about":[{"href":"https:\/\/nyforetagarcentrum.se\/hassleholm\/wp-json\/wp\/v2\/types\/page"}],"author":[{"embeddable":true,"href":"https:\/\/nyforetagarcentrum.se\/hassleholm\/wp-json\/wp\/v2\/users\/1"}],"replies":[{"embeddable":true,"href":"https:\/\/nyforetagarcentrum.se\/hassleholm\/wp-json\/wp\/v2\/comments?post=161"}],"version-history":[{"count":28,"href":"https:\/\/nyforetagarcentrum.se\/hassleholm\/wp-json\/wp\/v2\/pages\/161\/revisions"}],"predecessor-version":[{"id":716,"href":"https:\/\/nyforetagarcentrum.se\/hassleholm\/wp-json\/wp\/v2\/pages\/161\/revisions\/716"}],"wp:attachment":[{"href":"https:\/\/nyforetagarcentrum.se\/hassleholm\/wp-json\/wp\/v2\/media?parent=161"}],"curies":[{"name":"wp","href":"https:\/\/api.w.org\/{rel}","templated":true}]}}