{"id":48,"date":"2024-02-22T10:29:05","date_gmt":"2024-02-22T09:29:05","guid":{"rendered":"https:\/\/nyforetagarcentrum.se\/harryda\/?page_id=48"},"modified":"2026-01-29T12:56:09","modified_gmt":"2026-01-29T11:56:09","slug":"erbjudanden","status":"publish","type":"page","link":"https:\/\/nyforetagarcentrum.se\/harryda\/erbjudanden\/","title":{"rendered":"Erbjudanden"},"content":{"rendered":"<section  class=\"nfc-block-hero alignfull\">\n\n    <img loading=\"lazy\" decoding=\"async\" width=\"1512\" height=\"745\" src=\"https:\/\/nyforetagarcentrum.se\/harryda\/wp-content\/uploads\/sites\/72\/2024\/02\/Topp-banner-2.png\" class=\"attachment-landscape size-landscape\" alt=\"\" srcset=\"https:\/\/nyforetagarcentrum.se\/harryda\/wp-content\/uploads\/sites\/72\/2024\/02\/Topp-banner-2.png 1512w, https:\/\/nyforetagarcentrum.se\/harryda\/wp-content\/uploads\/sites\/72\/2024\/02\/Topp-banner-2-300x148.png 300w, https:\/\/nyforetagarcentrum.se\/harryda\/wp-content\/uploads\/sites\/72\/2024\/02\/Topp-banner-2-1024x505.png 1024w, https:\/\/nyforetagarcentrum.se\/harryda\/wp-content\/uploads\/sites\/72\/2024\/02\/Topp-banner-2-768x378.png 768w\" sizes=\"(max-width: 1512px) 100vw, 1512px\" \/>\n    <div class=\"contained\">\n        <h1 class=\"nfc-block-hero__heading\">V\u00e5rt erbjudande till dig<\/h1>\n\n            <\/div>\n<\/section>\n\n\n<div style=\"height:50px\" aria-hidden=\"true\" class=\"wp-block-spacer\"><\/div>\n\n\n<section  class=\"nfc-block-breadcrumbs alignwide\">\n    <div class=\"wrapper contained\">\n        <ol class=\"breadcrumbs\" itemscope itemtype=\"https:\/\/schema.org\/BreadcrumbList\">\n            <li itemprop=\"itemListElement\" itemscope itemtype=\"https:\/\/schema.org\/ListItem\">\n            \n\n                            <span class=\"current\" itemprop=\"name\">Hem<\/span>\n            \n            <meta itemprop=\"position\" content=\"1\" \/>\n        <\/li>\n    <\/ol>    <\/div>\n<\/section>\n\n\n<h2 class=\"wp-block-heading alignwide has-x-large-font-size\">Ta del av exklusiva erbjudanden<\/h2>\n\n\n<section  class=\"nfc-block-offer_grid alignwide layout-small\">\n    <div class=\"contained\">\n\n        <div class=\"filter-row\">\n            \n                            <button id=\"local-offers-button\">\n                    Lokala partners\n                <\/button>\n                <button id=\"national-offers-button\" class=\"outlined\">\n                    Nationella partners\n                <\/button>\n                    <\/div>\n\n        <div class=\"grid\" id=\"offers-grid\">\n                    <\/div>\n    <\/div>\n<\/section>\n\n\n<div style=\"height:80px\" aria-hidden=\"true\" class=\"wp-block-spacer\"><\/div>\n\n\n<section  class=\"nfc-block-split_screen alignwide image_alignment-left\">\n    <div class=\"wrapper\">\n        <div class=\"nfc-block-split_screen__image-wrapper\">\n            <img loading=\"lazy\" decoding=\"async\" width=\"768\" height=\"512\" src=\"https:\/\/nyforetagarcentrum.se\/harryda\/wp-content\/uploads\/sites\/72\/2026\/01\/Nyforetagare-ung-LOW-768x512-1.jpg\" class=\"attachment-landscape size-landscape\" alt=\"\" srcset=\"https:\/\/nyforetagarcentrum.se\/harryda\/wp-content\/uploads\/sites\/72\/2026\/01\/Nyforetagare-ung-LOW-768x512-1.jpg 768w, https:\/\/nyforetagarcentrum.se\/harryda\/wp-content\/uploads\/sites\/72\/2026\/01\/Nyforetagare-ung-LOW-768x512-1-300x200.jpg 300w\" sizes=\"(max-width: 768px) 100vw, 768px\" \/>        <\/div>\n\n        <div class=\"nfc-block-split_screen__content-wrapper\">\n            <h3><img loading=\"lazy\" decoding=\"async\" class=\"attachment-medium size-medium aligncenter\" src=\"https:\/\/nyforetagarcentrum.se\/goteborgsregionen\/wp-content\/uploads\/sites\/45\/2025\/10\/vimentis-300x277.png\" alt=\"\" width=\"300\" height=\"277\" \/><\/h3>\n<h3>Vimentis Group AB \u00e4r ett G\u00f6teborgsbaserat f\u00f6retag som tillhandah\u00e5ller marknadens modernaste s\u00e4ljutbildningar f\u00f6r f\u00f6retagare<\/h3>\n<div class=\"content\">\n<p>Som ny strategisk partner hj\u00e4lper Vimentis, under ledning av Michel Laporte Godorn, Nyf\u00f6retagarCentrum att utrusta f\u00f6retagare med bepr\u00f6vade s\u00e4ljstrategier och strukturer som skapar tillv\u00e4xt och h\u00e5llbarhet. Genom livewebinarier f\u00e5r du direkt tillg\u00e5ng till handfasta verktyg \u2013 gratis f\u00f6r medlemmar inom G\u00f6teborgsregionen.<\/p>\n<p><strong>Erbjudande:<\/strong><br \/>\nDelta p\u00e5 v\u00e5ra kommande livewebinarier \u2013 kostnadsfritt f\u00f6r dig som \u00e4r kopplad till Nyf\u00f6retagarCentrum.<\/p>\n<\/div>\n\n                            <div class=\"nfc-block-split_screen__buttons\">\n                                            <a href=\"https:\/\/ghl.thesalesdojo.se\/webbinarie\" class=\"button primary\">L\u00e4s mer<\/a>\n                                    <\/div>\n            \n        <\/div>\n    <\/div>\n<\/section>","protected":false},"excerpt":{"rendered":"<p>Ta del av exklusiva erbjudanden<\/p>\n","protected":false},"author":1,"featured_media":0,"parent":0,"menu_order":0,"comment_status":"closed","ping_status":"closed","template":"","meta":{"footnotes":""},"acf":[],"yoast_head":"<!-- This site is optimized with the Yoast SEO plugin v22.9 - https:\/\/yoast.com\/wordpress\/plugins\/seo\/ -->\n<title>Erbjudanden - H\u00e4rryda<\/title>\n<meta name=\"description\" content=\"H\u00e4r hittar du Nyf\u00f6retagarcentrum H\u00e4rrydas exklusiva erbjudanden fr\u00e5n lokala samarbetspartners. F\u00f6r dig som \u00e4r nyf\u00f6retagare.\" \/>\n<meta name=\"robots\" content=\"index, follow, max-snippet:-1, max-image-preview:large, max-video-preview:-1\" \/>\n<link rel=\"canonical\" href=\"https:\/\/nyforetagarcentrum.se\/harryda\/erbjudanden\/\" \/>\n<meta property=\"og:locale\" content=\"sv_SE\" \/>\n<meta property=\"og:type\" content=\"article\" \/>\n<meta property=\"og:title\" content=\"Erbjudanden - H\u00e4rryda\" \/>\n<meta property=\"og:description\" content=\"H\u00e4r hittar du Nyf\u00f6retagarcentrum H\u00e4rrydas exklusiva erbjudanden fr\u00e5n lokala samarbetspartners. F\u00f6r dig som \u00e4r nyf\u00f6retagare.\" \/>\n<meta property=\"og:url\" content=\"https:\/\/nyforetagarcentrum.se\/harryda\/erbjudanden\/\" \/>\n<meta property=\"og:site_name\" content=\"H\u00e4rryda\" \/>\n<meta property=\"article:modified_time\" content=\"2026-01-29T11:56:09+00:00\" \/>\n<meta name=\"twitter:card\" content=\"summary_large_image\" \/>\n<meta name=\"twitter:label1\" content=\"Ber\u00e4knad l\u00e4stid\" \/>\n\t<meta name=\"twitter:data1\" content=\"1 minut\" \/>\n<script type=\"application\/ld+json\" class=\"yoast-schema-graph\">{\"@context\":\"https:\/\/schema.org\",\"@graph\":[{\"@type\":\"WebPage\",\"@id\":\"https:\/\/nyforetagarcentrum.se\/harryda\/erbjudanden\/\",\"url\":\"https:\/\/nyforetagarcentrum.se\/harryda\/erbjudanden\/\",\"name\":\"Erbjudanden - H\u00e4rryda\",\"isPartOf\":{\"@id\":\"https:\/\/nyforetagarcentrum.se\/harryda\/#website\"},\"datePublished\":\"2024-02-22T09:29:05+00:00\",\"dateModified\":\"2026-01-29T11:56:09+00:00\",\"description\":\"H\u00e4r hittar du Nyf\u00f6retagarcentrum H\u00e4rrydas exklusiva erbjudanden fr\u00e5n lokala samarbetspartners. F\u00f6r dig som \u00e4r nyf\u00f6retagare.\",\"breadcrumb\":{\"@id\":\"https:\/\/nyforetagarcentrum.se\/harryda\/erbjudanden\/#breadcrumb\"},\"inLanguage\":\"sv-SE\",\"potentialAction\":[{\"@type\":\"ReadAction\",\"target\":[\"https:\/\/nyforetagarcentrum.se\/harryda\/erbjudanden\/\"]}]},{\"@type\":\"BreadcrumbList\",\"@id\":\"https:\/\/nyforetagarcentrum.se\/harryda\/erbjudanden\/#breadcrumb\",\"itemListElement\":[{\"@type\":\"ListItem\",\"position\":1,\"name\":\"Hem\",\"item\":\"https:\/\/nyforetagarcentrum.se\/harryda\/\"},{\"@type\":\"ListItem\",\"position\":2,\"name\":\"Erbjudanden\"}]},{\"@type\":\"WebSite\",\"@id\":\"https:\/\/nyforetagarcentrum.se\/harryda\/#website\",\"url\":\"https:\/\/nyforetagarcentrum.se\/harryda\/\",\"name\":\"H\u00e4rryda\",\"description\":\"Sveriges ledande kraft f\u00f6r fler nya livskraftiga f\u00f6retag\",\"publisher\":{\"@id\":\"https:\/\/nyforetagarcentrum.se\/harryda\/#organization\"},\"potentialAction\":[{\"@type\":\"SearchAction\",\"target\":{\"@type\":\"EntryPoint\",\"urlTemplate\":\"https:\/\/nyforetagarcentrum.se\/harryda\/?s={search_term_string}\"},\"query-input\":\"required name=search_term_string\"}],\"inLanguage\":\"sv-SE\"},{\"@type\":\"Organization\",\"@id\":\"https:\/\/nyforetagarcentrum.se\/harryda\/#organization\",\"name\":\"H\u00e4rryda\",\"url\":\"https:\/\/nyforetagarcentrum.se\/harryda\/\",\"logo\":{\"@type\":\"ImageObject\",\"inLanguage\":\"sv-SE\",\"@id\":\"https:\/\/nyforetagarcentrum.se\/harryda\/#\/schema\/logo\/image\/\",\"url\":\"https:\/\/nyforetagarcentrum.se\/harryda\/wp-content\/uploads\/sites\/72\/2024\/07\/harryda_bla.png\",\"contentUrl\":\"https:\/\/nyforetagarcentrum.se\/harryda\/wp-content\/uploads\/sites\/72\/2024\/07\/harryda_bla.png\",\"width\":870,\"height\":355,\"caption\":\"H\u00e4rryda\"},\"image\":{\"@id\":\"https:\/\/nyforetagarcentrum.se\/harryda\/#\/schema\/logo\/image\/\"}}]}<\/script>\n<!-- \/ Yoast SEO plugin. -->","yoast_head_json":{"title":"Erbjudanden - H\u00e4rryda","description":"H\u00e4r hittar du Nyf\u00f6retagarcentrum H\u00e4rrydas exklusiva erbjudanden fr\u00e5n lokala samarbetspartners. F\u00f6r dig som \u00e4r nyf\u00f6retagare.","robots":{"index":"index","follow":"follow","max-snippet":"max-snippet:-1","max-image-preview":"max-image-preview:large","max-video-preview":"max-video-preview:-1"},"canonical":"https:\/\/nyforetagarcentrum.se\/harryda\/erbjudanden\/","og_locale":"sv_SE","og_type":"article","og_title":"Erbjudanden - H\u00e4rryda","og_description":"H\u00e4r hittar du Nyf\u00f6retagarcentrum H\u00e4rrydas exklusiva erbjudanden fr\u00e5n lokala samarbetspartners. F\u00f6r dig som \u00e4r nyf\u00f6retagare.","og_url":"https:\/\/nyforetagarcentrum.se\/harryda\/erbjudanden\/","og_site_name":"H\u00e4rryda","article_modified_time":"2026-01-29T11:56:09+00:00","twitter_card":"summary_large_image","twitter_misc":{"Ber\u00e4knad l\u00e4stid":"1 minut"},"schema":{"@context":"https:\/\/schema.org","@graph":[{"@type":"WebPage","@id":"https:\/\/nyforetagarcentrum.se\/harryda\/erbjudanden\/","url":"https:\/\/nyforetagarcentrum.se\/harryda\/erbjudanden\/","name":"Erbjudanden - H\u00e4rryda","isPartOf":{"@id":"https:\/\/nyforetagarcentrum.se\/harryda\/#website"},"datePublished":"2024-02-22T09:29:05+00:00","dateModified":"2026-01-29T11:56:09+00:00","description":"H\u00e4r hittar du Nyf\u00f6retagarcentrum H\u00e4rrydas exklusiva erbjudanden fr\u00e5n lokala samarbetspartners. F\u00f6r dig som \u00e4r nyf\u00f6retagare.","breadcrumb":{"@id":"https:\/\/nyforetagarcentrum.se\/harryda\/erbjudanden\/#breadcrumb"},"inLanguage":"sv-SE","potentialAction":[{"@type":"ReadAction","target":["https:\/\/nyforetagarcentrum.se\/harryda\/erbjudanden\/"]}]},{"@type":"BreadcrumbList","@id":"https:\/\/nyforetagarcentrum.se\/harryda\/erbjudanden\/#breadcrumb","itemListElement":[{"@type":"ListItem","position":1,"name":"Hem","item":"https:\/\/nyforetagarcentrum.se\/harryda\/"},{"@type":"ListItem","position":2,"name":"Erbjudanden"}]},{"@type":"WebSite","@id":"https:\/\/nyforetagarcentrum.se\/harryda\/#website","url":"https:\/\/nyforetagarcentrum.se\/harryda\/","name":"H\u00e4rryda","description":"Sveriges ledande kraft f\u00f6r fler nya livskraftiga f\u00f6retag","publisher":{"@id":"https:\/\/nyforetagarcentrum.se\/harryda\/#organization"},"potentialAction":[{"@type":"SearchAction","target":{"@type":"EntryPoint","urlTemplate":"https:\/\/nyforetagarcentrum.se\/harryda\/?s={search_term_string}"},"query-input":"required name=search_term_string"}],"inLanguage":"sv-SE"},{"@type":"Organization","@id":"https:\/\/nyforetagarcentrum.se\/harryda\/#organization","name":"H\u00e4rryda","url":"https:\/\/nyforetagarcentrum.se\/harryda\/","logo":{"@type":"ImageObject","inLanguage":"sv-SE","@id":"https:\/\/nyforetagarcentrum.se\/harryda\/#\/schema\/logo\/image\/","url":"https:\/\/nyforetagarcentrum.se\/harryda\/wp-content\/uploads\/sites\/72\/2024\/07\/harryda_bla.png","contentUrl":"https:\/\/nyforetagarcentrum.se\/harryda\/wp-content\/uploads\/sites\/72\/2024\/07\/harryda_bla.png","width":870,"height":355,"caption":"H\u00e4rryda"},"image":{"@id":"https:\/\/nyforetagarcentrum.se\/harryda\/#\/schema\/logo\/image\/"}}]}},"_links":{"self":[{"href":"https:\/\/nyforetagarcentrum.se\/harryda\/wp-json\/wp\/v2\/pages\/48"}],"collection":[{"href":"https:\/\/nyforetagarcentrum.se\/harryda\/wp-json\/wp\/v2\/pages"}],"about":[{"href":"https:\/\/nyforetagarcentrum.se\/harryda\/wp-json\/wp\/v2\/types\/page"}],"author":[{"embeddable":true,"href":"https:\/\/nyforetagarcentrum.se\/harryda\/wp-json\/wp\/v2\/users\/1"}],"replies":[{"embeddable":true,"href":"https:\/\/nyforetagarcentrum.se\/harryda\/wp-json\/wp\/v2\/comments?post=48"}],"version-history":[{"count":22,"href":"https:\/\/nyforetagarcentrum.se\/harryda\/wp-json\/wp\/v2\/pages\/48\/revisions"}],"predecessor-version":[{"id":2148,"href":"https:\/\/nyforetagarcentrum.se\/harryda\/wp-json\/wp\/v2\/pages\/48\/revisions\/2148"}],"wp:attachment":[{"href":"https:\/\/nyforetagarcentrum.se\/harryda\/wp-json\/wp\/v2\/media?parent=48"}],"curies":[{"name":"wp","href":"https:\/\/api.w.org\/{rel}","templated":true}]}}