{"id":164,"date":"2024-02-27T16:05:17","date_gmt":"2024-02-27T15:05:17","guid":{"rendered":"https:\/\/nyforetagarcentrum.se\/harryda\/?page_id=164"},"modified":"2024-10-07T11:45:48","modified_gmt":"2024-10-07T09:45:48","slug":"var-styrelse","status":"publish","type":"page","link":"https:\/\/nyforetagarcentrum.se\/harryda\/var-styrelse\/","title":{"rendered":"V\u00e5r styrelse"},"content":{"rendered":"<section  class=\"nfc-block-hero alignfull\">\n\n    <img loading=\"lazy\" decoding=\"async\" width=\"1475\" height=\"1080\" src=\"https:\/\/nyforetagarcentrum.se\/harryda\/wp-content\/uploads\/sites\/72\/2024\/02\/Nyforetagare-natverk-grupp-LOW.jpg\" class=\"attachment-landscape size-landscape\" alt=\"\" srcset=\"https:\/\/nyforetagarcentrum.se\/harryda\/wp-content\/uploads\/sites\/72\/2024\/02\/Nyforetagare-natverk-grupp-LOW.jpg 1476w, https:\/\/nyforetagarcentrum.se\/harryda\/wp-content\/uploads\/sites\/72\/2024\/02\/Nyforetagare-natverk-grupp-LOW-300x220.jpg 300w, https:\/\/nyforetagarcentrum.se\/harryda\/wp-content\/uploads\/sites\/72\/2024\/02\/Nyforetagare-natverk-grupp-LOW-1024x750.jpg 1024w, https:\/\/nyforetagarcentrum.se\/harryda\/wp-content\/uploads\/sites\/72\/2024\/02\/Nyforetagare-natverk-grupp-LOW-768x562.jpg 768w\" sizes=\"(max-width: 1475px) 100vw, 1475px\" \/>\n    <div class=\"contained\">\n        <h1 class=\"nfc-block-hero__heading\">V\u00e5r styrelse<\/h1>\n\n            <\/div>\n<\/section>\n\n\n<div style=\"height:50px\" aria-hidden=\"true\" class=\"wp-block-spacer\"><\/div>\n\n\n<section  class=\"nfc-block-breadcrumbs alignwide\">\n    <div class=\"wrapper contained\">\n        <ol class=\"breadcrumbs\" itemscope itemtype=\"https:\/\/schema.org\/BreadcrumbList\">\n            <li itemprop=\"itemListElement\" itemscope itemtype=\"https:\/\/schema.org\/ListItem\">\n            \n\n                            <span class=\"current\" itemprop=\"name\">Hem<\/span>\n            \n            <meta itemprop=\"position\" content=\"1\" \/>\n        <\/li>\n    <\/ol>    <\/div>\n<\/section>\n\n<section  class=\"nfc-block-person_grid alignwide layout-large\">\n    <div class=\"contained\">\n        <div class=\"grid\">\n            <div class=\"person-large-card\">\n    \n    <div class=\"featured_image\">\n                    <img loading=\"lazy\" decoding=\"async\" width=\"622\" height=\"578\" src=\"https:\/\/nyforetagarcentrum.se\/harryda\/wp-content\/uploads\/sites\/72\/2024\/04\/Louise-Florell-X.jpg\" class=\"attachment-large size-large\" alt=\"\" srcset=\"https:\/\/nyforetagarcentrum.se\/harryda\/wp-content\/uploads\/sites\/72\/2024\/04\/Louise-Florell-X.jpg 622w, https:\/\/nyforetagarcentrum.se\/harryda\/wp-content\/uploads\/sites\/72\/2024\/04\/Louise-Florell-X-300x279.jpg 300w\" sizes=\"(max-width: 622px) 100vw, 622px\" \/>            <\/div>\n\n    <div class=\"content-wrapper\">\n        <h3>Louise Florell<\/h3>\n\n                    <div class=\"excerpt\">\n                Styrelseordf\u00f6rande<br \/>\r\nEnwell G\u00f6teborg            <\/div>\n        \n        <div class=\"links\">\n\n                            <a href=\"tel:031-338 41 48\">\n                    031-338 41 48                <\/a>\n            \n                            <a href=\"mailto:louise.florell@efvab.se\">\n                    louise.florell@efvab.se                <\/a>\n                    <\/div>\n        \n    <\/div>\n<\/div><div class=\"person-large-card\">\n    \n    <div class=\"featured_image\">\n                    <img loading=\"lazy\" decoding=\"async\" width=\"599\" height=\"587\" src=\"https:\/\/nyforetagarcentrum.se\/harryda\/wp-content\/uploads\/sites\/72\/2025\/09\/Jan-Erik-Nylander-X.jpg\" class=\"attachment-large size-large\" alt=\"\" srcset=\"https:\/\/nyforetagarcentrum.se\/harryda\/wp-content\/uploads\/sites\/72\/2025\/09\/Jan-Erik-Nylander-X.jpg 599w, https:\/\/nyforetagarcentrum.se\/harryda\/wp-content\/uploads\/sites\/72\/2025\/09\/Jan-Erik-Nylander-X-300x294.jpg 300w\" sizes=\"(max-width: 599px) 100vw, 599px\" \/>            <\/div>\n\n    <div class=\"content-wrapper\">\n        <h3>Jan-Erik Nylander<\/h3>\n\n                    <div class=\"excerpt\">\n                Ledamot<br \/>\r\nServi Consult AB            <\/div>\n        \n        <div class=\"links\">\n\n                            <a href=\"tel:070-527 95 95\">\n                    070-527 95 95                <\/a>\n            \n                            <a href=\"mailto:jan-erik@serviconsulting.se\">\n                    jan-erik@serviconsulting.se                <\/a>\n                    <\/div>\n        \n    <\/div>\n<\/div><div class=\"person-large-card\">\n    \n    <div class=\"featured_image\">\n                    <img loading=\"lazy\" decoding=\"async\" width=\"618\" height=\"572\" src=\"https:\/\/nyforetagarcentrum.se\/harryda\/wp-content\/uploads\/sites\/72\/2024\/04\/Helena-Alterby-Nordstrom-X.jpg\" class=\"attachment-large size-large\" alt=\"\" srcset=\"https:\/\/nyforetagarcentrum.se\/harryda\/wp-content\/uploads\/sites\/72\/2024\/04\/Helena-Alterby-Nordstrom-X.jpg 618w, https:\/\/nyforetagarcentrum.se\/harryda\/wp-content\/uploads\/sites\/72\/2024\/04\/Helena-Alterby-Nordstrom-X-300x278.jpg 300w\" sizes=\"(max-width: 618px) 100vw, 618px\" \/>            <\/div>\n\n    <div class=\"content-wrapper\">\n        <h3>Helena Alterby Nordstr\u00f6m<\/h3>\n\n                    <div class=\"excerpt\">\n                Ledamot<br \/>\r\nN\u00e4ringslivschef H\u00e4rryda Kommun            <\/div>\n        \n        <div class=\"links\">\n\n                            <a href=\"tel:031-724 87 76\">\n                    031-724 87 76                <\/a>\n            \n                            <a href=\"mailto:helena.a.nordstrom@harryda.se\">\n                    helena.a.nordstrom@harryda.se                <\/a>\n                    <\/div>\n        \n    <\/div>\n<\/div><div class=\"person-large-card\">\n    \n    <div class=\"featured_image\">\n                    <img loading=\"lazy\" decoding=\"async\" width=\"620\" height=\"590\" src=\"https:\/\/nyforetagarcentrum.se\/harryda\/wp-content\/uploads\/sites\/72\/2024\/04\/Carl-Edvardsson-X.jpg\" class=\"attachment-large size-large\" alt=\"\" srcset=\"https:\/\/nyforetagarcentrum.se\/harryda\/wp-content\/uploads\/sites\/72\/2024\/04\/Carl-Edvardsson-X.jpg 620w, https:\/\/nyforetagarcentrum.se\/harryda\/wp-content\/uploads\/sites\/72\/2024\/04\/Carl-Edvardsson-X-300x285.jpg 300w\" sizes=\"(max-width: 620px) 100vw, 620px\" \/>            <\/div>\n\n    <div class=\"content-wrapper\">\n        <h3>Carl Edvardsson<\/h3>\n\n                    <div class=\"excerpt\">\n                Ledamot<br \/>\r\nLudvig &amp; Co            <\/div>\n        \n        <div class=\"links\">\n\n                            <a href=\"tel:031-778 32 51\">\n                    031-778 32 51                <\/a>\n            \n                            <a href=\"mailto:carl.edvardsson@ludvig.se\">\n                    carl.edvardsson@ludvig.se                <\/a>\n                    <\/div>\n        \n    <\/div>\n<\/div><div class=\"person-large-card\">\n    \n    <div class=\"featured_image\">\n                    <img loading=\"lazy\" decoding=\"async\" width=\"632\" height=\"584\" src=\"https:\/\/nyforetagarcentrum.se\/harryda\/wp-content\/uploads\/sites\/72\/2024\/04\/Sari-Hasslinger-X.jpg\" class=\"attachment-large size-large\" alt=\"\" srcset=\"https:\/\/nyforetagarcentrum.se\/harryda\/wp-content\/uploads\/sites\/72\/2024\/04\/Sari-Hasslinger-X.jpg 632w, https:\/\/nyforetagarcentrum.se\/harryda\/wp-content\/uploads\/sites\/72\/2024\/04\/Sari-Hasslinger-X-300x277.jpg 300w\" sizes=\"(max-width: 632px) 100vw, 632px\" \/>            <\/div>\n\n    <div class=\"content-wrapper\">\n        <h3>Sari Hasslinger<\/h3>\n\n                    <div class=\"excerpt\">\n                Ledamot<br \/>\r\nF\u00f6retagschef p\u00e5 Swedbank AB<br \/>\r\n            <\/div>\n        \n        <div class=\"links\">\n\n            \n                            <a href=\"mailto:sari.hasslinger@swedbank.se\">\n                    sari.hasslinger@swedbank.se                <\/a>\n                    <\/div>\n        \n    <\/div>\n<\/div><div class=\"person-large-card\">\n    \n    <div class=\"featured_image\">\n                    <img loading=\"lazy\" decoding=\"async\" width=\"613\" height=\"584\" src=\"https:\/\/nyforetagarcentrum.se\/harryda\/wp-content\/uploads\/sites\/72\/2024\/04\/Fredrik-Larsson-X.jpg\" class=\"attachment-large size-large\" alt=\"\" srcset=\"https:\/\/nyforetagarcentrum.se\/harryda\/wp-content\/uploads\/sites\/72\/2024\/04\/Fredrik-Larsson-X.jpg 613w, https:\/\/nyforetagarcentrum.se\/harryda\/wp-content\/uploads\/sites\/72\/2024\/04\/Fredrik-Larsson-X-300x286.jpg 300w\" sizes=\"(max-width: 613px) 100vw, 613px\" \/>            <\/div>\n\n    <div class=\"content-wrapper\">\n        <h3>Fredrik Larsson<\/h3>\n\n                    <div class=\"excerpt\">\n                Ledamot<br \/>\r\nManagement Consult            <\/div>\n        \n        <div class=\"links\">\n\n                            <a href=\"tel:076-820 79 50\">\n                    076-820 79 50                <\/a>\n            \n                            <a href=\"mailto:fredrikpixbo@gmail.com\">\n                    fredrikpixbo@gmail.com                <\/a>\n                    <\/div>\n        \n    <\/div>\n<\/div><div class=\"person-large-card\">\n    \n    <div class=\"featured_image\">\n                    <img loading=\"lazy\" decoding=\"async\" width=\"516\" height=\"819\" src=\"https:\/\/nyforetagarcentrum.se\/harryda\/wp-content\/uploads\/sites\/72\/2024\/04\/Roberto-Citraro-XX.jpg\" class=\"attachment-large size-large\" alt=\"\" srcset=\"https:\/\/nyforetagarcentrum.se\/harryda\/wp-content\/uploads\/sites\/72\/2024\/04\/Roberto-Citraro-XX.jpg 516w, https:\/\/nyforetagarcentrum.se\/harryda\/wp-content\/uploads\/sites\/72\/2024\/04\/Roberto-Citraro-XX-189x300.jpg 189w\" sizes=\"(max-width: 516px) 100vw, 516px\" \/>            <\/div>\n\n    <div class=\"content-wrapper\">\n        <h3>Roberto Citraro<\/h3>\n\n                    <div class=\"excerpt\">\n                Ledamot<br \/>\r\nSEB            <\/div>\n        \n        <div class=\"links\">\n\n                            <a href=\"tel:031-62 15 14\">\n                    031-62 15 14                <\/a>\n            \n                            <a href=\"mailto:roberto.citraro@seb.se\">\n                    roberto.citraro@seb.se                <\/a>\n                    <\/div>\n        \n    <\/div>\n<\/div><div class=\"person-large-card\">\n    \n    <div class=\"featured_image\">\n                    <img loading=\"lazy\" decoding=\"async\" width=\"543\" height=\"515\" src=\"https:\/\/nyforetagarcentrum.se\/harryda\/wp-content\/uploads\/sites\/72\/2024\/04\/Robert-Olsson-X.jpg\" class=\"attachment-large size-large\" alt=\"\" srcset=\"https:\/\/nyforetagarcentrum.se\/harryda\/wp-content\/uploads\/sites\/72\/2024\/04\/Robert-Olsson-X.jpg 543w, https:\/\/nyforetagarcentrum.se\/harryda\/wp-content\/uploads\/sites\/72\/2024\/04\/Robert-Olsson-X-300x285.jpg 300w\" sizes=\"(max-width: 543px) 100vw, 543px\" \/>            <\/div>\n\n    <div class=\"content-wrapper\">\n        <h3>Robert Olsson<\/h3>\n\n                    <div class=\"excerpt\">\n                Ledamot<br \/>\r\nFrontside Electronics AB            <\/div>\n        \n        <div class=\"links\">\n\n                            <a href=\"tel:070-760 12 00\">\n                    070-760 12 00                <\/a>\n            \n                            <a href=\"mailto:robert.olsson@frontside.se\">\n                    robert.olsson@frontside.se                <\/a>\n                    <\/div>\n        \n    <\/div>\n<\/div>        <\/div>\n    <\/div>\n<\/section>\n\n\n<div style=\"height:100px\" aria-hidden=\"true\" class=\"wp-block-spacer\"><\/div>\n","protected":false},"excerpt":{"rendered":"","protected":false},"author":1,"featured_media":0,"parent":0,"menu_order":0,"comment_status":"closed","ping_status":"closed","template":"","meta":{"footnotes":""},"acf":[],"yoast_head":"<!-- This site is optimized with the Yoast SEO plugin v22.9 - https:\/\/yoast.com\/wordpress\/plugins\/seo\/ -->\n<title>V\u00e5r styrelse - H\u00e4rryda<\/title>\n<meta name=\"description\" content=\"L\u00e4s om vilka vi som sitter i styrelsen f\u00f6r Nyf\u00f6retagarcentrum H\u00e4rryda \u00e4r samt vilka roller vi har i n\u00e4ringslivet.\" \/>\n<meta name=\"robots\" content=\"index, follow, max-snippet:-1, max-image-preview:large, max-video-preview:-1\" \/>\n<link rel=\"canonical\" href=\"https:\/\/nyforetagarcentrum.se\/harryda\/var-styrelse\/\" \/>\n<meta property=\"og:locale\" content=\"sv_SE\" \/>\n<meta property=\"og:type\" content=\"article\" \/>\n<meta property=\"og:title\" content=\"V\u00e5r styrelse - H\u00e4rryda\" \/>\n<meta property=\"og:description\" content=\"L\u00e4s om vilka vi som sitter i styrelsen f\u00f6r Nyf\u00f6retagarcentrum H\u00e4rryda \u00e4r samt vilka roller vi har i n\u00e4ringslivet.\" \/>\n<meta property=\"og:url\" content=\"https:\/\/nyforetagarcentrum.se\/harryda\/var-styrelse\/\" \/>\n<meta property=\"og:site_name\" content=\"H\u00e4rryda\" \/>\n<meta property=\"article:modified_time\" content=\"2024-10-07T09:45:48+00:00\" \/>\n<meta name=\"twitter:card\" content=\"summary_large_image\" \/>\n<script type=\"application\/ld+json\" class=\"yoast-schema-graph\">{\"@context\":\"https:\/\/schema.org\",\"@graph\":[{\"@type\":\"WebPage\",\"@id\":\"https:\/\/nyforetagarcentrum.se\/harryda\/var-styrelse\/\",\"url\":\"https:\/\/nyforetagarcentrum.se\/harryda\/var-styrelse\/\",\"name\":\"V\u00e5r styrelse - H\u00e4rryda\",\"isPartOf\":{\"@id\":\"https:\/\/nyforetagarcentrum.se\/harryda\/#website\"},\"datePublished\":\"2024-02-27T15:05:17+00:00\",\"dateModified\":\"2024-10-07T09:45:48+00:00\",\"description\":\"L\u00e4s om vilka vi som sitter i styrelsen f\u00f6r Nyf\u00f6retagarcentrum H\u00e4rryda \u00e4r samt vilka roller vi har i n\u00e4ringslivet.\",\"breadcrumb\":{\"@id\":\"https:\/\/nyforetagarcentrum.se\/harryda\/var-styrelse\/#breadcrumb\"},\"inLanguage\":\"sv-SE\",\"potentialAction\":[{\"@type\":\"ReadAction\",\"target\":[\"https:\/\/nyforetagarcentrum.se\/harryda\/var-styrelse\/\"]}]},{\"@type\":\"BreadcrumbList\",\"@id\":\"https:\/\/nyforetagarcentrum.se\/harryda\/var-styrelse\/#breadcrumb\",\"itemListElement\":[{\"@type\":\"ListItem\",\"position\":1,\"name\":\"Hem\",\"item\":\"https:\/\/nyforetagarcentrum.se\/harryda\/\"},{\"@type\":\"ListItem\",\"position\":2,\"name\":\"V\u00e5r styrelse\"}]},{\"@type\":\"WebSite\",\"@id\":\"https:\/\/nyforetagarcentrum.se\/harryda\/#website\",\"url\":\"https:\/\/nyforetagarcentrum.se\/harryda\/\",\"name\":\"H\u00e4rryda\",\"description\":\"Sveriges ledande kraft f\u00f6r fler nya livskraftiga f\u00f6retag\",\"publisher\":{\"@id\":\"https:\/\/nyforetagarcentrum.se\/harryda\/#organization\"},\"potentialAction\":[{\"@type\":\"SearchAction\",\"target\":{\"@type\":\"EntryPoint\",\"urlTemplate\":\"https:\/\/nyforetagarcentrum.se\/harryda\/?s={search_term_string}\"},\"query-input\":\"required name=search_term_string\"}],\"inLanguage\":\"sv-SE\"},{\"@type\":\"Organization\",\"@id\":\"https:\/\/nyforetagarcentrum.se\/harryda\/#organization\",\"name\":\"H\u00e4rryda\",\"url\":\"https:\/\/nyforetagarcentrum.se\/harryda\/\",\"logo\":{\"@type\":\"ImageObject\",\"inLanguage\":\"sv-SE\",\"@id\":\"https:\/\/nyforetagarcentrum.se\/harryda\/#\/schema\/logo\/image\/\",\"url\":\"https:\/\/nyforetagarcentrum.se\/harryda\/wp-content\/uploads\/sites\/72\/2024\/07\/harryda_bla.png\",\"contentUrl\":\"https:\/\/nyforetagarcentrum.se\/harryda\/wp-content\/uploads\/sites\/72\/2024\/07\/harryda_bla.png\",\"width\":870,\"height\":355,\"caption\":\"H\u00e4rryda\"},\"image\":{\"@id\":\"https:\/\/nyforetagarcentrum.se\/harryda\/#\/schema\/logo\/image\/\"}}]}<\/script>\n<!-- \/ Yoast SEO plugin. -->","yoast_head_json":{"title":"V\u00e5r styrelse - H\u00e4rryda","description":"L\u00e4s om vilka vi som sitter i styrelsen f\u00f6r Nyf\u00f6retagarcentrum H\u00e4rryda \u00e4r samt vilka roller vi har i n\u00e4ringslivet.","robots":{"index":"index","follow":"follow","max-snippet":"max-snippet:-1","max-image-preview":"max-image-preview:large","max-video-preview":"max-video-preview:-1"},"canonical":"https:\/\/nyforetagarcentrum.se\/harryda\/var-styrelse\/","og_locale":"sv_SE","og_type":"article","og_title":"V\u00e5r styrelse - H\u00e4rryda","og_description":"L\u00e4s om vilka vi som sitter i styrelsen f\u00f6r Nyf\u00f6retagarcentrum H\u00e4rryda \u00e4r samt vilka roller vi har i n\u00e4ringslivet.","og_url":"https:\/\/nyforetagarcentrum.se\/harryda\/var-styrelse\/","og_site_name":"H\u00e4rryda","article_modified_time":"2024-10-07T09:45:48+00:00","twitter_card":"summary_large_image","schema":{"@context":"https:\/\/schema.org","@graph":[{"@type":"WebPage","@id":"https:\/\/nyforetagarcentrum.se\/harryda\/var-styrelse\/","url":"https:\/\/nyforetagarcentrum.se\/harryda\/var-styrelse\/","name":"V\u00e5r styrelse - H\u00e4rryda","isPartOf":{"@id":"https:\/\/nyforetagarcentrum.se\/harryda\/#website"},"datePublished":"2024-02-27T15:05:17+00:00","dateModified":"2024-10-07T09:45:48+00:00","description":"L\u00e4s om vilka vi som sitter i styrelsen f\u00f6r Nyf\u00f6retagarcentrum H\u00e4rryda \u00e4r samt vilka roller vi har i n\u00e4ringslivet.","breadcrumb":{"@id":"https:\/\/nyforetagarcentrum.se\/harryda\/var-styrelse\/#breadcrumb"},"inLanguage":"sv-SE","potentialAction":[{"@type":"ReadAction","target":["https:\/\/nyforetagarcentrum.se\/harryda\/var-styrelse\/"]}]},{"@type":"BreadcrumbList","@id":"https:\/\/nyforetagarcentrum.se\/harryda\/var-styrelse\/#breadcrumb","itemListElement":[{"@type":"ListItem","position":1,"name":"Hem","item":"https:\/\/nyforetagarcentrum.se\/harryda\/"},{"@type":"ListItem","position":2,"name":"V\u00e5r styrelse"}]},{"@type":"WebSite","@id":"https:\/\/nyforetagarcentrum.se\/harryda\/#website","url":"https:\/\/nyforetagarcentrum.se\/harryda\/","name":"H\u00e4rryda","description":"Sveriges ledande kraft f\u00f6r fler nya livskraftiga f\u00f6retag","publisher":{"@id":"https:\/\/nyforetagarcentrum.se\/harryda\/#organization"},"potentialAction":[{"@type":"SearchAction","target":{"@type":"EntryPoint","urlTemplate":"https:\/\/nyforetagarcentrum.se\/harryda\/?s={search_term_string}"},"query-input":"required name=search_term_string"}],"inLanguage":"sv-SE"},{"@type":"Organization","@id":"https:\/\/nyforetagarcentrum.se\/harryda\/#organization","name":"H\u00e4rryda","url":"https:\/\/nyforetagarcentrum.se\/harryda\/","logo":{"@type":"ImageObject","inLanguage":"sv-SE","@id":"https:\/\/nyforetagarcentrum.se\/harryda\/#\/schema\/logo\/image\/","url":"https:\/\/nyforetagarcentrum.se\/harryda\/wp-content\/uploads\/sites\/72\/2024\/07\/harryda_bla.png","contentUrl":"https:\/\/nyforetagarcentrum.se\/harryda\/wp-content\/uploads\/sites\/72\/2024\/07\/harryda_bla.png","width":870,"height":355,"caption":"H\u00e4rryda"},"image":{"@id":"https:\/\/nyforetagarcentrum.se\/harryda\/#\/schema\/logo\/image\/"}}]}},"_links":{"self":[{"href":"https:\/\/nyforetagarcentrum.se\/harryda\/wp-json\/wp\/v2\/pages\/164"}],"collection":[{"href":"https:\/\/nyforetagarcentrum.se\/harryda\/wp-json\/wp\/v2\/pages"}],"about":[{"href":"https:\/\/nyforetagarcentrum.se\/harryda\/wp-json\/wp\/v2\/types\/page"}],"author":[{"embeddable":true,"href":"https:\/\/nyforetagarcentrum.se\/harryda\/wp-json\/wp\/v2\/users\/1"}],"replies":[{"embeddable":true,"href":"https:\/\/nyforetagarcentrum.se\/harryda\/wp-json\/wp\/v2\/comments?post=164"}],"version-history":[{"count":32,"href":"https:\/\/nyforetagarcentrum.se\/harryda\/wp-json\/wp\/v2\/pages\/164\/revisions"}],"predecessor-version":[{"id":1961,"href":"https:\/\/nyforetagarcentrum.se\/harryda\/wp-json\/wp\/v2\/pages\/164\/revisions\/1961"}],"wp:attachment":[{"href":"https:\/\/nyforetagarcentrum.se\/harryda\/wp-json\/wp\/v2\/media?parent=164"}],"curies":[{"name":"wp","href":"https:\/\/api.w.org\/{rel}","templated":true}]}}