{"id":922,"date":"2025-11-14T15:27:38","date_gmt":"2025-11-14T14:27:38","guid":{"rendered":"https:\/\/nyforetagarcentrum.se\/haninge\/?page_id=922"},"modified":"2025-11-17T11:58:13","modified_gmt":"2025-11-17T10:58:13","slug":"partnerskap","status":"publish","type":"page","link":"https:\/\/nyforetagarcentrum.se\/haninge\/partnerskap\/","title":{"rendered":"Partnerskap"},"content":{"rendered":"<section  class=\"nfc-block-hero alignfull\">\n\n    <img loading=\"lazy\" decoding=\"async\" width=\"1476\" height=\"984\" src=\"https:\/\/nyforetagarcentrum.se\/haninge\/wp-content\/uploads\/sites\/46\/2024\/02\/Natverk-seminarium-LOW.jpg\" class=\"attachment-landscape size-landscape\" alt=\"\" srcset=\"https:\/\/nyforetagarcentrum.se\/haninge\/wp-content\/uploads\/sites\/46\/2024\/02\/Natverk-seminarium-LOW.jpg 1476w, https:\/\/nyforetagarcentrum.se\/haninge\/wp-content\/uploads\/sites\/46\/2024\/02\/Natverk-seminarium-LOW-300x200.jpg 300w, https:\/\/nyforetagarcentrum.se\/haninge\/wp-content\/uploads\/sites\/46\/2024\/02\/Natverk-seminarium-LOW-1024x683.jpg 1024w, https:\/\/nyforetagarcentrum.se\/haninge\/wp-content\/uploads\/sites\/46\/2024\/02\/Natverk-seminarium-LOW-768x512.jpg 768w\" sizes=\"(max-width: 1476px) 100vw, 1476px\" \/>\n    <div class=\"contained\">\n        <h1 class=\"nfc-block-hero__heading\">St\u00f6tta det lokala nyf\u00f6retagandet<\/h1>\n\n            <\/div>\n<\/section>\n\n\n<div style=\"height:50px\" aria-hidden=\"true\" class=\"wp-block-spacer\"><\/div>\n\n\n<section  class=\"nfc-block-breadcrumbs\">\n    <div class=\"wrapper contained\">\n        <ol class=\"breadcrumbs\" itemscope itemtype=\"https:\/\/schema.org\/BreadcrumbList\">\n            <li itemprop=\"itemListElement\" itemscope itemtype=\"https:\/\/schema.org\/ListItem\">\n            \n\n                            <span class=\"current\" itemprop=\"name\">Hem<\/span>\n            \n            <meta itemprop=\"position\" content=\"1\" \/>\n        <\/li>\n    <\/ol>    <\/div>\n<\/section>\n\n\n<div style=\"height:50px\" aria-hidden=\"true\" class=\"wp-block-spacer\"><\/div>\n\n\n<section  class=\"nfc-block-split_screen alignwide image_alignment-left\">\n    <div class=\"wrapper\">\n        <div class=\"nfc-block-split_screen__image-wrapper\">\n            <img loading=\"lazy\" decoding=\"async\" width=\"1080\" height=\"1080\" src=\"https:\/\/nyforetagarcentrum.se\/haninge\/wp-content\/uploads\/sites\/46\/2025\/11\/micheile-henderson-lZ_4nPFKcV8-unsplash_2-1080x1080.jpg\" class=\"attachment-landscape size-landscape\" alt=\"\" srcset=\"https:\/\/nyforetagarcentrum.se\/haninge\/wp-content\/uploads\/sites\/46\/2025\/11\/micheile-henderson-lZ_4nPFKcV8-unsplash_2-1080x1080.jpg 1080w, https:\/\/nyforetagarcentrum.se\/haninge\/wp-content\/uploads\/sites\/46\/2025\/11\/micheile-henderson-lZ_4nPFKcV8-unsplash_2-300x300.jpg 300w, https:\/\/nyforetagarcentrum.se\/haninge\/wp-content\/uploads\/sites\/46\/2025\/11\/micheile-henderson-lZ_4nPFKcV8-unsplash_2-1024x1024.jpg 1024w, https:\/\/nyforetagarcentrum.se\/haninge\/wp-content\/uploads\/sites\/46\/2025\/11\/micheile-henderson-lZ_4nPFKcV8-unsplash_2-150x150.jpg 150w, https:\/\/nyforetagarcentrum.se\/haninge\/wp-content\/uploads\/sites\/46\/2025\/11\/micheile-henderson-lZ_4nPFKcV8-unsplash_2-768x768.jpg 768w, https:\/\/nyforetagarcentrum.se\/haninge\/wp-content\/uploads\/sites\/46\/2025\/11\/micheile-henderson-lZ_4nPFKcV8-unsplash_2.jpg 1500w\" sizes=\"(max-width: 1080px) 100vw, 1080px\" \/>        <\/div>\n\n        <div class=\"nfc-block-split_screen__content-wrapper\">\n            <h2>Bli en del av oss<\/h2>\n<p><b>Vill du bli en del av ett n\u00e4tverk d\u00e4r samh\u00e4llsnytta, entrepren\u00f6rskap och lokal tillv\u00e4xt g\u00e5r hand i hand?<\/b><\/p>\n<p><b><i><\/i><\/b>I Nyn\u00e4shamn och Haninge finns m\u00e5nga m\u00e4nniskor med id\u00e9er och dr\u00f6mmar om att driva eget. Vissa har redan startat men uppt\u00e4ckt hur mycket det \u00e4r att h\u00e5lla koll p\u00e5 \u2013 andra st\u00e5r i b\u00f6rjan av sin resa. En del st\u00e5r utanf\u00f6r arbetsmarknaden, \u00e4r nyanl\u00e4nda eller unga vuxna som ser f\u00f6retagande som en v\u00e4g till sj\u00e4lvf\u00f6rs\u00f6rjning.<\/p>\n<p>Hos oss f\u00e5r alla kostnadsfri, konfidentiell och professionell r\u00e5dgivning. Vi hj\u00e4lper till med utformningen av aff\u00e4rsid\u00e9n, bygga aff\u00e4rsmodellen och skapa en h\u00e5llbar aff\u00e4rsplan. Vi v\u00e4gleder ocks\u00e5 kring praktiska f\u00f6retagarfr\u00e5gor som val av f\u00f6retagsform och att g\u00f6ra sin startbudget, alltid med individen i fokus.<\/p>\n<p><strong>Som samarbetspartner till Nyf\u00f6retagarCentrum Nyn\u00e4shamn Haninge bidrar du till att:<\/strong><br \/>\n\u2022 Fler m\u00e4nniskor f\u00e5r m\u00f6jlighet att g\u00e5 fr\u00e5n id\u00e9 till f\u00f6retag<br \/>\n\u2022 Lokala arbetstillf\u00e4llen skapas d\u00e4r de verkligen beh\u00f6vs<br \/>\n\u2022 M\u00e4nniskor f\u00e5r verktyg till ekonomisk sj\u00e4lvst\u00e4ndighet<br \/>\n\u2022 Det lokala n\u00e4ringslivet blir mer h\u00e5llbart och inkluderande<\/p>\n<p>Som samarbetspartner till oss f\u00e5r du inte bara vara med och fr\u00e4mja lokalt Entrepren\u00f6rskap \u2013 du blir ocks\u00e5 synlig i v\u00e5r kommunikation och st\u00e4rker din profil som en akt\u00f6r som g\u00f6r verklig skillnad.<\/p>\n<p><b>Tillsammans kan vi inspirera, utveckla och uppfylla m\u00e4nniskors dr\u00f6mmar!<\/b><\/p>\n\n                            <div class=\"nfc-block-split_screen__buttons\">\n                                            <a href=\"https:\/\/nyforetagarcentrum.se\/haninge\/wp-content\/uploads\/sites\/46\/2025\/11\/Partnerprogram_2025_Nynashamn_Haninge_komprimerad.pdf\" class=\"button primary\">L\u00e4s mer h\u00e4r!<\/a>\n                                            <a href=\"https:\/\/nyforetagarcentrum.se\/haninge\/wp-content\/uploads\/sites\/46\/2025\/11\/Partner_NFCNynashamnHaninge_2025.pdf\" class=\"button outlined\">Presentation<\/a>\n                                    <\/div>\n            \n        <\/div>\n    <\/div>\n<\/section>\n\n\n<div style=\"height:50px\" aria-hidden=\"true\" class=\"wp-block-spacer\"><\/div>\n\n\n\n<h2 class=\"wp-block-heading has-text-align-center\">\u00c4r ditt f\u00f6retag eller organisation intresserad av att st\u00f6tta Nyf\u00f6retagarCentrum Nyn\u00e4shamn Haninges arbete?<\/h2>\n\n\n\n<div class=\"wp-block-group alignfull is-layout-constrained wp-block-group-is-layout-constrained\"><section  class=\"nfc-block-form aligncontent layout-small\">\n    <div class=\"contained\">\n\n        <form data-nfc-form=\"block_f7841b29d76ff0d6db03c61c70e43b6a\" data-nfc-page=\"922\">\n            <label class=\"input-wrapper\" for=\"namn\">\n    <span>Namn<\/span>\n    <input type=\"text\" name=\"namn\" id=\"namn\" placeholder=\"\" >\n<\/label><label class=\"input-wrapper\" for=\"foretag-eller-organisation\">\n    <span>F\u00f6retag eller organisation<\/span>\n    <input type=\"text\" name=\"foretag-eller-organisation\" id=\"foretag-eller-organisation\" placeholder=\"\" >\n<\/label><label class=\"input-wrapper\" for=\"e-post\">\n    <span>E-post<\/span>\n    <input type=\"text\" name=\"e-post\" id=\"e-post\" placeholder=\"\" >\n<\/label>\n            <div class=\"input-wrapper\">\n                <button type=\"submit\" class=\"button\">Skicka<\/button>\n            <\/div>\n        <\/form>\n    <\/div>\n<\/section><\/div>\n\n\n\n<div style=\"height:100px\" aria-hidden=\"true\" class=\"wp-block-spacer\"><\/div>\n","protected":false},"excerpt":{"rendered":"<p>\u00c4r ditt f\u00f6retag eller organisation intresserad av att st\u00f6tta Nyf\u00f6retagarCentrum Nyn\u00e4shamn Haninges arbete?<\/p>\n","protected":false},"author":47,"featured_media":0,"parent":0,"menu_order":0,"comment_status":"closed","ping_status":"closed","template":"","meta":{"footnotes":""},"acf":[],"yoast_head":"<!-- This site is optimized with the Yoast SEO plugin v22.9 - https:\/\/yoast.com\/wordpress\/plugins\/seo\/ -->\n<title>Partnerskap - Nyn\u00e4shamn Haninge<\/title>\n<meta name=\"description\" content=\"Samarbeta med Nyf\u00f6retagarCentrum Nyn\u00e4shamn Haninge och st\u00f6tta nyf\u00f6retagandet. L\u00e4s mer om hur du kan bidra.\" \/>\n<meta name=\"robots\" content=\"index, follow, max-snippet:-1, max-image-preview:large, max-video-preview:-1\" \/>\n<link rel=\"canonical\" href=\"https:\/\/nyforetagarcentrum.se\/haninge\/partnerskap\/\" \/>\n<meta property=\"og:locale\" content=\"sv_SE\" \/>\n<meta property=\"og:type\" content=\"article\" \/>\n<meta property=\"og:title\" content=\"Partnerskap - Nyn\u00e4shamn Haninge\" \/>\n<meta property=\"og:description\" content=\"Samarbeta med Nyf\u00f6retagarCentrum Nyn\u00e4shamn Haninge och st\u00f6tta nyf\u00f6retagandet. L\u00e4s mer om hur du kan bidra.\" \/>\n<meta property=\"og:url\" content=\"https:\/\/nyforetagarcentrum.se\/haninge\/partnerskap\/\" \/>\n<meta property=\"og:site_name\" content=\"Nyn\u00e4shamn Haninge\" \/>\n<meta property=\"article:modified_time\" content=\"2025-11-17T10:58:13+00:00\" \/>\n<meta name=\"twitter:card\" content=\"summary_large_image\" \/>\n<meta name=\"twitter:label1\" content=\"Ber\u00e4knad l\u00e4stid\" \/>\n\t<meta name=\"twitter:data1\" content=\"1 minut\" \/>\n<script type=\"application\/ld+json\" class=\"yoast-schema-graph\">{\"@context\":\"https:\/\/schema.org\",\"@graph\":[{\"@type\":\"WebPage\",\"@id\":\"https:\/\/nyforetagarcentrum.se\/haninge\/partnerskap\/\",\"url\":\"https:\/\/nyforetagarcentrum.se\/haninge\/partnerskap\/\",\"name\":\"Partnerskap - Nyn\u00e4shamn Haninge\",\"isPartOf\":{\"@id\":\"https:\/\/nyforetagarcentrum.se\/haninge\/#website\"},\"datePublished\":\"2025-11-14T14:27:38+00:00\",\"dateModified\":\"2025-11-17T10:58:13+00:00\",\"description\":\"Samarbeta med Nyf\u00f6retagarCentrum Nyn\u00e4shamn Haninge och st\u00f6tta nyf\u00f6retagandet. L\u00e4s mer om hur du kan bidra.\",\"breadcrumb\":{\"@id\":\"https:\/\/nyforetagarcentrum.se\/haninge\/partnerskap\/#breadcrumb\"},\"inLanguage\":\"sv-SE\",\"potentialAction\":[{\"@type\":\"ReadAction\",\"target\":[\"https:\/\/nyforetagarcentrum.se\/haninge\/partnerskap\/\"]}]},{\"@type\":\"BreadcrumbList\",\"@id\":\"https:\/\/nyforetagarcentrum.se\/haninge\/partnerskap\/#breadcrumb\",\"itemListElement\":[{\"@type\":\"ListItem\",\"position\":1,\"name\":\"Hem\",\"item\":\"https:\/\/nyforetagarcentrum.se\/haninge\/\"},{\"@type\":\"ListItem\",\"position\":2,\"name\":\"Partnerskap\"}]},{\"@type\":\"WebSite\",\"@id\":\"https:\/\/nyforetagarcentrum.se\/haninge\/#website\",\"url\":\"https:\/\/nyforetagarcentrum.se\/haninge\/\",\"name\":\"Nyn\u00e4shamn Haninge\",\"description\":\"Sveriges ledande kraft f\u00f6r fler nya livskraftiga f\u00f6retag\",\"publisher\":{\"@id\":\"https:\/\/nyforetagarcentrum.se\/haninge\/#organization\"},\"potentialAction\":[{\"@type\":\"SearchAction\",\"target\":{\"@type\":\"EntryPoint\",\"urlTemplate\":\"https:\/\/nyforetagarcentrum.se\/haninge\/?s={search_term_string}\"},\"query-input\":\"required name=search_term_string\"}],\"inLanguage\":\"sv-SE\"},{\"@type\":\"Organization\",\"@id\":\"https:\/\/nyforetagarcentrum.se\/haninge\/#organization\",\"name\":\"Nyn\u00e4shamn Haninge\",\"url\":\"https:\/\/nyforetagarcentrum.se\/haninge\/\",\"logo\":{\"@type\":\"ImageObject\",\"inLanguage\":\"sv-SE\",\"@id\":\"https:\/\/nyforetagarcentrum.se\/haninge\/#\/schema\/logo\/image\/\",\"url\":\"https:\/\/nyforetagarcentrum.se\/haninge\/wp-content\/uploads\/sites\/46\/2024\/04\/Nynashamn-haninge-1.png\",\"contentUrl\":\"https:\/\/nyforetagarcentrum.se\/haninge\/wp-content\/uploads\/sites\/46\/2024\/04\/Nynashamn-haninge-1.png\",\"width\":1082,\"height\":542,\"caption\":\"Nyn\u00e4shamn Haninge\"},\"image\":{\"@id\":\"https:\/\/nyforetagarcentrum.se\/haninge\/#\/schema\/logo\/image\/\"}}]}<\/script>\n<!-- \/ Yoast SEO plugin. -->","yoast_head_json":{"title":"Partnerskap - Nyn\u00e4shamn Haninge","description":"Samarbeta med Nyf\u00f6retagarCentrum Nyn\u00e4shamn Haninge och st\u00f6tta nyf\u00f6retagandet. L\u00e4s mer om hur du kan bidra.","robots":{"index":"index","follow":"follow","max-snippet":"max-snippet:-1","max-image-preview":"max-image-preview:large","max-video-preview":"max-video-preview:-1"},"canonical":"https:\/\/nyforetagarcentrum.se\/haninge\/partnerskap\/","og_locale":"sv_SE","og_type":"article","og_title":"Partnerskap - Nyn\u00e4shamn Haninge","og_description":"Samarbeta med Nyf\u00f6retagarCentrum Nyn\u00e4shamn Haninge och st\u00f6tta nyf\u00f6retagandet. L\u00e4s mer om hur du kan bidra.","og_url":"https:\/\/nyforetagarcentrum.se\/haninge\/partnerskap\/","og_site_name":"Nyn\u00e4shamn Haninge","article_modified_time":"2025-11-17T10:58:13+00:00","twitter_card":"summary_large_image","twitter_misc":{"Ber\u00e4knad l\u00e4stid":"1 minut"},"schema":{"@context":"https:\/\/schema.org","@graph":[{"@type":"WebPage","@id":"https:\/\/nyforetagarcentrum.se\/haninge\/partnerskap\/","url":"https:\/\/nyforetagarcentrum.se\/haninge\/partnerskap\/","name":"Partnerskap - Nyn\u00e4shamn Haninge","isPartOf":{"@id":"https:\/\/nyforetagarcentrum.se\/haninge\/#website"},"datePublished":"2025-11-14T14:27:38+00:00","dateModified":"2025-11-17T10:58:13+00:00","description":"Samarbeta med Nyf\u00f6retagarCentrum Nyn\u00e4shamn Haninge och st\u00f6tta nyf\u00f6retagandet. L\u00e4s mer om hur du kan bidra.","breadcrumb":{"@id":"https:\/\/nyforetagarcentrum.se\/haninge\/partnerskap\/#breadcrumb"},"inLanguage":"sv-SE","potentialAction":[{"@type":"ReadAction","target":["https:\/\/nyforetagarcentrum.se\/haninge\/partnerskap\/"]}]},{"@type":"BreadcrumbList","@id":"https:\/\/nyforetagarcentrum.se\/haninge\/partnerskap\/#breadcrumb","itemListElement":[{"@type":"ListItem","position":1,"name":"Hem","item":"https:\/\/nyforetagarcentrum.se\/haninge\/"},{"@type":"ListItem","position":2,"name":"Partnerskap"}]},{"@type":"WebSite","@id":"https:\/\/nyforetagarcentrum.se\/haninge\/#website","url":"https:\/\/nyforetagarcentrum.se\/haninge\/","name":"Nyn\u00e4shamn Haninge","description":"Sveriges ledande kraft f\u00f6r fler nya livskraftiga f\u00f6retag","publisher":{"@id":"https:\/\/nyforetagarcentrum.se\/haninge\/#organization"},"potentialAction":[{"@type":"SearchAction","target":{"@type":"EntryPoint","urlTemplate":"https:\/\/nyforetagarcentrum.se\/haninge\/?s={search_term_string}"},"query-input":"required name=search_term_string"}],"inLanguage":"sv-SE"},{"@type":"Organization","@id":"https:\/\/nyforetagarcentrum.se\/haninge\/#organization","name":"Nyn\u00e4shamn Haninge","url":"https:\/\/nyforetagarcentrum.se\/haninge\/","logo":{"@type":"ImageObject","inLanguage":"sv-SE","@id":"https:\/\/nyforetagarcentrum.se\/haninge\/#\/schema\/logo\/image\/","url":"https:\/\/nyforetagarcentrum.se\/haninge\/wp-content\/uploads\/sites\/46\/2024\/04\/Nynashamn-haninge-1.png","contentUrl":"https:\/\/nyforetagarcentrum.se\/haninge\/wp-content\/uploads\/sites\/46\/2024\/04\/Nynashamn-haninge-1.png","width":1082,"height":542,"caption":"Nyn\u00e4shamn Haninge"},"image":{"@id":"https:\/\/nyforetagarcentrum.se\/haninge\/#\/schema\/logo\/image\/"}}]}},"_links":{"self":[{"href":"https:\/\/nyforetagarcentrum.se\/haninge\/wp-json\/wp\/v2\/pages\/922"}],"collection":[{"href":"https:\/\/nyforetagarcentrum.se\/haninge\/wp-json\/wp\/v2\/pages"}],"about":[{"href":"https:\/\/nyforetagarcentrum.se\/haninge\/wp-json\/wp\/v2\/types\/page"}],"author":[{"embeddable":true,"href":"https:\/\/nyforetagarcentrum.se\/haninge\/wp-json\/wp\/v2\/users\/47"}],"replies":[{"embeddable":true,"href":"https:\/\/nyforetagarcentrum.se\/haninge\/wp-json\/wp\/v2\/comments?post=922"}],"version-history":[{"count":20,"href":"https:\/\/nyforetagarcentrum.se\/haninge\/wp-json\/wp\/v2\/pages\/922\/revisions"}],"predecessor-version":[{"id":953,"href":"https:\/\/nyforetagarcentrum.se\/haninge\/wp-json\/wp\/v2\/pages\/922\/revisions\/953"}],"wp:attachment":[{"href":"https:\/\/nyforetagarcentrum.se\/haninge\/wp-json\/wp\/v2\/media?parent=922"}],"curies":[{"name":"wp","href":"https:\/\/api.w.org\/{rel}","templated":true}]}}