{"id":41,"date":"2024-02-22T10:24:51","date_gmt":"2024-02-22T09:24:51","guid":{"rendered":"https:\/\/nyforetagarcentrum.se\/haninge\/?page_id=41"},"modified":"2025-11-14T15:58:21","modified_gmt":"2025-11-14T14:58:21","slug":"vara-samarbetspartners","status":"publish","type":"page","link":"https:\/\/nyforetagarcentrum.se\/haninge\/vara-samarbetspartners\/","title":{"rendered":"V\u00e5ra samarbetspartners"},"content":{"rendered":"<section  class=\"nfc-block-hero alignfull\">\n\n    <img loading=\"lazy\" decoding=\"async\" width=\"1470\" height=\"980\" src=\"https:\/\/nyforetagarcentrum.se\/haninge\/wp-content\/uploads\/sites\/46\/2024\/02\/Medium_JM.png\" class=\"attachment-landscape size-landscape\" alt=\"\" srcset=\"https:\/\/nyforetagarcentrum.se\/haninge\/wp-content\/uploads\/sites\/46\/2024\/02\/Medium_JM.png 1470w, https:\/\/nyforetagarcentrum.se\/haninge\/wp-content\/uploads\/sites\/46\/2024\/02\/Medium_JM-300x200.png 300w, https:\/\/nyforetagarcentrum.se\/haninge\/wp-content\/uploads\/sites\/46\/2024\/02\/Medium_JM-1024x683.png 1024w, https:\/\/nyforetagarcentrum.se\/haninge\/wp-content\/uploads\/sites\/46\/2024\/02\/Medium_JM-768x512.png 768w\" sizes=\"(max-width: 1470px) 100vw, 1470px\" \/>\n    <div class=\"contained\">\n        <h1 class=\"nfc-block-hero__heading\">V\u00e5ra samarbetspartners<\/h1>\n\n            <\/div>\n<\/section>\n\n<section  class=\"block-our-partners nfc-block-partners\">\n    <div class=\"contained\">\n            <\/div>\n<\/section>\n\n\n<div style=\"height:50px\" aria-hidden=\"true\" class=\"wp-block-spacer\"><\/div>\n\n\n<section  class=\"nfc-block-breadcrumbs\">\n    <div class=\"wrapper contained\">\n        <ol class=\"breadcrumbs\" itemscope itemtype=\"https:\/\/schema.org\/BreadcrumbList\">\n            <li itemprop=\"itemListElement\" itemscope itemtype=\"https:\/\/schema.org\/ListItem\">\n            \n\n                            <span class=\"current\" itemprop=\"name\">Hem<\/span>\n            \n            <meta itemprop=\"position\" content=\"1\" \/>\n        <\/li>\n    <\/ol>    <\/div>\n<\/section>\n\n\n<div style=\"height:50px\" aria-hidden=\"true\" class=\"wp-block-spacer\"><\/div>\n\n\n<section  class=\"block-our-partners nfc-block-partners\">\n    <div class=\"contained\">\n                                    <div class=\"partner-card\">\n                    <div class=\"logo-wrapper\">\n                        <img decoding=\"async\" src=\"https:\/\/nyforetagarcentrum.se\/haninge\/wp-content\/uploads\/sites\/46\/2024\/04\/Logotypen-RGB-med-svart-text-200h652b.jpg\" alt=\"\">\n                    <\/div>\n                    \n                                            <div class=\"h4\"><b>Nyn\u00e4shamns kommun<\/b><\/div>\n                                                                <p class=\"description\">Det ska vara l\u00e4tt att starta, driva och utveckla f\u00f6retag i Nyn\u00e4shamns kommun. D\u00e4rf\u00f6r finns F\u00f6retagslotsen &#8211; en kostnadsfri service som g\u00f6r det enkelt f\u00f6r dig som f\u00f6retagare i dina kontakter med kommunen. V\u00e4lkommen att kontakta oss!<\/p>\n                                                                                    <div class=\"item\"><b>MAIL:<\/b><b>foretagslots@nynashamn.se <\/b><\/div>\n                                                                <div class=\"item link\"><b><a href=\"https:\/\/nynashamn.se\/4.553838ea17305720c32cc6e.html\" target=\"_blank\" > Webbsida<\/a><\/b><\/div>\n                                    <\/div>\n                            <div class=\"partner-card\">\n                    <div class=\"logo-wrapper\">\n                        <img decoding=\"async\" src=\"https:\/\/nyforetagarcentrum.se\/haninge\/wp-content\/uploads\/sites\/46\/2024\/04\/Haninge-kommun-e1714415792681.jpeg\" alt=\"\">\n                    <\/div>\n                    \n                                            <div class=\"h4\"><b>Haninge kommun<\/b><\/div>\n                                                                <p class=\"description\">Med Nyf\u00f6retagarCentrum som partner vill Haninge kommun ge dig som nyf\u00f6retagare den b\u00e4sta starten att komma\r\nig\u00e5ng med ditt f\u00f6retagande. Entrepren\u00f6rskap och utveckling av det lokala n\u00e4ringslivet \u00e4r viktigt f\u00f6r kommunen.\r\nH\u00f6r g\u00e4rna av dig om vi kan hj\u00e4lpa till med n\u00e5got i ditt nya f\u00f6retagande som till exempel tillst\u00e5nd f\u00f6r livsmedelshantering,\r\ninformation om upphandling eller hur kommunala processer fungerar.<\/p>\n                                                                                    <div class=\"item\"><b>MAIL:<\/b><b>naringsliv@haninge.se <\/b><\/div>\n                                                                <div class=\"item link\"><b><a href=\"https:\/\/www.haninge.se\/foretagare--jobb\/foretagslots\/\" target=\"_blank\" > Webbsida<\/a><\/b><\/div>\n                                    <\/div>\n                            <div class=\"partner-card\">\n                    <div class=\"logo-wrapper\">\n                        <img decoding=\"async\" src=\"https:\/\/nyforetagarcentrum.se\/haninge\/wp-content\/uploads\/sites\/46\/2024\/04\/SEB_k_45mm150dpi-e1714415901232.jpg\" alt=\"\">\n                    <\/div>\n                    \n                                            <div class=\"h4\"><b>SEB Farsta<\/b><\/div>\n                                                                                    <div class=\"item\"><b>Kontaktperson:<\/b><b>M\u00e5rten Pransg\u00e5rd<\/b><\/div>\n                                                                <div class=\"item\"><b>MAIL:<\/b><b>marten.pransgard@seb.se <\/b><\/div>\n                                                                <div class=\"item link\"><b><a href=\"https:\/\/seb.se\/foretag\" target=\"_blank\" > Webbsida<\/a><\/b><\/div>\n                                    <\/div>\n                            <div class=\"partner-card\">\n                    <div class=\"logo-wrapper\">\n                        <img decoding=\"async\" src=\"https:\/\/nyforetagarcentrum.se\/haninge\/wp-content\/uploads\/sites\/46\/2025\/03\/nynashamns_redovisningsbyra_rgb.jpg\" alt=\"\">\n                    <\/div>\n                    \n                                            <div class=\"h4\"><b>Nyn\u00e4shamns redovisningsbyr\u00e5<\/b><\/div>\n                                                                <p class=\"description\">P\u00e5 v\u00e5r redovisningsbyr\u00e5 \u00e4r vi mer \u00e4n bara ett team &#8211; vi \u00e4r din trygghet. Med engagemang och passion f\u00f6r det vi g\u00f6r, skapar vi skr\u00e4ddarsydda l\u00f6sningar som frig\u00f6r dig s\u00e5 att du kan fokusera p\u00e5 det du \u00e4lskar mest.\r\nVi erbjuder ett brett utbud av redovisningstj\u00e4nster som \u00e4r helt anpassade efter varje kunds unika behov. En del kunder sk\u00f6ter vi helheten \u00e5t, en del kunder g\u00f6r vi bara enstaka uppdrag \u00e5t. Som kund avg\u00f6r du helt och h\u00e5llet vad du vill ha v\u00e5r hj\u00e4lp till.<\/p>\n                                                                <div class=\"item\"><b>Kontaktperson:<\/b><b>Linda Hansson<\/b><\/div>\n                                                                <div class=\"item\"><b>MAIL:<\/b><b>linda@nynasredovisning.se <\/b><\/div>\n                                                                <div class=\"item link\"><b><a href=\"https:\/\/nynasredovisning.se\" target=\"_blank\" > Webbsida<\/a><\/b><\/div>\n                                    <\/div>\n                            <div class=\"partner-card\">\n                    <div class=\"logo-wrapper\">\n                        <img decoding=\"async\" src=\"https:\/\/nyforetagarcentrum.se\/haninge\/wp-content\/uploads\/sites\/46\/2024\/04\/handelsbanken.png\" alt=\"\">\n                    <\/div>\n                    \n                                            <div class=\"h4\"><b>Handelsbanken Nyn\u00e4shamn<\/b><\/div>\n                                                                <p class=\"description\">Vi hj\u00e4lper dig f\u00e5 koll p\u00e5 s\u00e5v\u00e4l din egen som f\u00f6retagets ekonomi och m\u00e5nar alltid om ditt b\u00e4sta. Mejla eller ring oss f\u00f6r att boka en tid. \r\n\r\nHos oss f\u00e5r du goda r\u00e5d om bland annat bol\u00e5n och allt som h\u00f6r d\u00e4rtill, din f\u00f6rm\u00f6genhet, ditt f\u00f6retags ekonomi och l\u00f6sningar f\u00f6r tj\u00e4nstepension. <\/p>\n                                                                <div class=\"item\"><b>Kontaktperson:<\/b><b>Erik Johansson<\/b><\/div>\n                                                                <div class=\"item\"><b>MAIL:<\/b><b>nynashamn@handelsbanken.se <\/b><\/div>\n                                                                <div class=\"item link\"><b><a href=\"https:\/\/www.handelsbanken.se\/sv\/hitta-bankkontor\/nynashamn\" target=\"_blank\" > Webbsida<\/a><\/b><\/div>\n                                    <\/div>\n                            <div class=\"partner-card\">\n                    <div class=\"logo-wrapper\">\n                        <img decoding=\"async\" src=\"https:\/\/nyforetagarcentrum.se\/haninge\/wp-content\/uploads\/sites\/46\/2024\/04\/handelsbanken.png\" alt=\"\">\n                    <\/div>\n                    \n                                            <div class=\"h4\"><b>Handelsbanken Haninge<\/b><\/div>\n                                                                <p class=\"description\">Vi hj\u00e4lper dig f\u00e5 koll p\u00e5 s\u00e5v\u00e4l din egen som f\u00f6retagets ekonomi och m\u00e5nar alltid om ditt b\u00e4sta. Mejla eller ring oss f\u00f6r att boka en tid. \r\n\r\nHos oss f\u00e5r du goda r\u00e5d om bland annat bol\u00e5n och allt som h\u00f6r d\u00e4rtill, din f\u00f6rm\u00f6genhet, ditt f\u00f6retags ekonomi och l\u00f6sningar f\u00f6r tj\u00e4nstepension. <\/p>\n                                                                <div class=\"item\"><b>Kontaktperson:<\/b><b>Maria Sj\u00f6stedt<\/b><\/div>\n                                                                <div class=\"item\"><b>MAIL:<\/b><b>haninge@handelsbanken.se <\/b><\/div>\n                                                                <div class=\"item link\"><b><a href=\"https:\/\/www.handelsbanken.se\/sv\/hitta-bankkontor\/haninge\" target=\"_blank\" > Webbsida<\/a><\/b><\/div>\n                                    <\/div>\n                            <div class=\"partner-card\">\n                    <div class=\"logo-wrapper\">\n                        <img decoding=\"async\" src=\"https:\/\/nyforetagarcentrum.se\/haninge\/wp-content\/uploads\/sites\/46\/2024\/04\/Hjerta.jpg\" alt=\"\">\n                    <\/div>\n                    \n                                            <div class=\"h4\"><b>Hjerta S\u00f6dert\u00f6rn<\/b><\/div>\n                                                                <p class=\"description\">Hjerta hj\u00e4lper dig som f\u00f6retagare att f\u00e5 b\u00e4ttre koll p\u00e5 dina f\u00f6rs\u00e4kringar. Vi hj\u00e4lper dig att se \u00f6ver\r\nditt f\u00f6rs\u00e4kringsbehov, upphandla f\u00f6rs\u00e4kringsavtal och navigera genom f\u00f6rs\u00e4kringsdjungeln \u2013 allt f\u00f6r\r\natt du ska f\u00e5 mer tid f\u00f6r din k\u00e4rnverksamhet.<\/p>\n                                                                <div class=\"item\"><b>Kontaktperson:<\/b><b>Johan Hagman<\/b><\/div>\n                                                                <div class=\"item\"><b>MAIL:<\/b><b>johan.hagman@hjerta.se <\/b><\/div>\n                                                                <div class=\"item link\"><b><a href=\"https:\/\/nyforetagarcentrum.se\/haninge\/wp-content\/uploads\/sites\/46\/2024\/04\/Hjerta_flyer.pdf\" target=\"_blank\" > Webbsida<\/a><\/b><\/div>\n                                    <\/div>\n                            <div class=\"partner-card\">\n                    <div class=\"logo-wrapper\">\n                        <img decoding=\"async\" src=\"https:\/\/nyforetagarcentrum.se\/haninge\/wp-content\/uploads\/sites\/46\/2024\/04\/GoEasy-by-Easy-Accounting-525x175px-2.png\" alt=\"\">\n                    <\/div>\n                    \n                                            <div class=\"h4\"><b>GoEasy<\/b><\/div>\n                                                                <p class=\"description\">Enkelt, smart och digitalt f\u00f6retagande med fasta priser fr\u00e5n 695kr per m\u00e5nad!\r\nGoEasy ger dig automatiserad bokf\u00f6ring genom enkla, smarta och digitala verktyg f\u00f6r:\r\nKundfakturering \u2013 L\u00f6ner \u2013 Leverant\u00f6rsfakturor \u2013 Betalningar \u2013 Kvittohantering \u2013 Rapportering\r\nGenom v\u00e5rt samarbete med Nyf\u00f6retagarCentrum f\u00e5r du 50% Rabatt i 3 m\u00e5nader p\u00e5 GoEasy. Du f\u00e5r \u00e4ven 50% rabatt p\u00e5 startkostnaden. Du f\u00e5r \u00e4ven en bonus i form av en gratis r\u00e5dgivningstimma att nyttja under dina 3 f\u00f6rsta m\u00e5nader som kund hos oss (v\u00e4rde 1.500kr).<\/p>\n                                                                                    <div class=\"item\"><b>MAIL:<\/b><b>hej@goeasy.nu <\/b><\/div>\n                                                                <div class=\"item link\"><b><a href=\"https:\/\/goeasy.nu\" target=\"_blank\" > Webbsida<\/a><\/b><\/div>\n                                    <\/div>\n                            <div class=\"partner-card\">\n                    <div class=\"logo-wrapper\">\n                        <img decoding=\"async\" src=\"https:\/\/nyforetagarcentrum.se\/haninge\/wp-content\/uploads\/sites\/46\/2024\/04\/Foretagarna_logo_black.jpg\" alt=\"\">\n                    <\/div>\n                    \n                                            <div class=\"h4\"><b>F\u00f6retagarna Haninge<\/b><\/div>\n                                                                <p class=\"description\">V\u00e4lkommen till din lokala F\u00f6retagarna-f\u00f6rening!\r\nVi ing\u00e5r i Sveriges st\u00f6rsta organisation f\u00f6r f\u00f6retagare med 60 000 medlemmar.\r\n\r\nVi vill skapa b\u00e4ttre f\u00f6ruts\u00e4ttningar f\u00f6r dig att starta, driva, utveckla och \u00e4ga f\u00f6retag och det g\u00f6r vi genom politisk p\u00e5verkan och v\u00e5ra v\u00e4rdefulla f\u00f6rm\u00e5ner.\r\nSom medlem i F\u00f6retagarna f\u00e5r tillg\u00e5ng till v\u00e5ra n\u00e4tverkstr\u00e4ffar i hela Sverige, juridisk r\u00e5dgivning, rabatter p\u00e5 f\u00f6rs\u00e4kringar, IKEA, bilar och drivmedel m.m.\r\n\r\nAlla f\u00f6retagare \u00e4r v\u00e4lkomna p\u00e5 v\u00e5ra n\u00e4tverkstr\u00e4ffar \u00e4ven icke medlemmar.\r\n\r\nKontakta Ricardo f\u00f6r mer information om v\u00e5rt medlemskap eller s\u00f6k upp v\u00e5r sida F\u00f6retagarna Haninge p\u00e5 Facebook f\u00f6r information om v\u00e5ra kommande event!\r\n\r\nHoppas vi ses snart!\r\n<\/p>\n                                                                <div class=\"item\"><b>Kontaktperson:<\/b><b>Ricardo Paredes<\/b><\/div>\n                                                                <div class=\"item\"><b>MAIL:<\/b><b>ricardo.paredes@foretagarna.se <\/b><\/div>\n                                                                <div class=\"item link\"><b><a href=\"https:\/\/www.foretagarna.se\/foreningar\/haninge\/\" target=\"\" > Webbsida<\/a><\/b><\/div>\n                                    <\/div>\n                            <div class=\"partner-card\">\n                    <div class=\"logo-wrapper\">\n                        <img decoding=\"async\" src=\"https:\/\/nyforetagarcentrum.se\/haninge\/wp-content\/uploads\/sites\/46\/2025\/06\/spiris-visma-primary-logo-black-rgb-1-2048x572-1.png\" alt=\"\">\n                    <\/div>\n                    \n                                            <div class=\"h4\"><b>Spiris Visma<\/b><\/div>\n                                                                <p class=\"description\">Ekonomiplattformen f\u00f6r dig som vill slippa kr\u00e5nglig administration\r\nHar du inte startat eget \u00e4n och vill komma ig\u00e5ng nu, nu, nu? Du f\u00e5r ett lagerbolag (ett f\u00e4rdigt aktiebolag) gratis n\u00e4r du blir kund hos oss. Har du redan startat ditt f\u00f6retag? Genom Nyf\u00f6retagarCentrum f\u00e5r du halva priset f\u00f6rsta \u00e5ret p\u00e5 Spiris bokf\u00f6ring &amp; fakturering.<\/p>\n                                                                                                        <div class=\"item link\"><b><a href=\"https:\/\/www.spiris.se\/partner\/nyforetagarcentrum\" target=\"_blank\" > Webbsida<\/a><\/b><\/div>\n                                    <\/div>\n                        <\/div>\n<\/section>\n\n\n<div style=\"height:80px\" aria-hidden=\"true\" class=\"wp-block-spacer\"><\/div>\n","protected":false},"excerpt":{"rendered":"","protected":false},"author":1,"featured_media":0,"parent":0,"menu_order":0,"comment_status":"closed","ping_status":"closed","template":"","meta":{"footnotes":""},"acf":[],"yoast_head":"<!-- This site is optimized with the Yoast SEO plugin v22.9 - https:\/\/yoast.com\/wordpress\/plugins\/seo\/ -->\n<title>V\u00e5ra samarbetspartners - Nyn\u00e4shamn Haninge<\/title>\n<meta name=\"robots\" content=\"index, follow, max-snippet:-1, max-image-preview:large, max-video-preview:-1\" \/>\n<link rel=\"canonical\" href=\"https:\/\/nyforetagarcentrum.se\/haninge\/vara-samarbetspartners\/\" \/>\n<meta property=\"og:locale\" content=\"sv_SE\" \/>\n<meta property=\"og:type\" content=\"article\" \/>\n<meta property=\"og:title\" content=\"V\u00e5ra samarbetspartners - Nyn\u00e4shamn Haninge\" \/>\n<meta property=\"og:url\" content=\"https:\/\/nyforetagarcentrum.se\/haninge\/vara-samarbetspartners\/\" \/>\n<meta property=\"og:site_name\" content=\"Nyn\u00e4shamn Haninge\" \/>\n<meta property=\"article:modified_time\" content=\"2025-11-14T14:58:21+00:00\" \/>\n<meta name=\"twitter:card\" content=\"summary_large_image\" \/>\n<script type=\"application\/ld+json\" class=\"yoast-schema-graph\">{\"@context\":\"https:\/\/schema.org\",\"@graph\":[{\"@type\":\"WebPage\",\"@id\":\"https:\/\/nyforetagarcentrum.se\/haninge\/vara-samarbetspartners\/\",\"url\":\"https:\/\/nyforetagarcentrum.se\/haninge\/vara-samarbetspartners\/\",\"name\":\"V\u00e5ra samarbetspartners - Nyn\u00e4shamn Haninge\",\"isPartOf\":{\"@id\":\"https:\/\/nyforetagarcentrum.se\/haninge\/#website\"},\"datePublished\":\"2024-02-22T09:24:51+00:00\",\"dateModified\":\"2025-11-14T14:58:21+00:00\",\"breadcrumb\":{\"@id\":\"https:\/\/nyforetagarcentrum.se\/haninge\/vara-samarbetspartners\/#breadcrumb\"},\"inLanguage\":\"sv-SE\",\"potentialAction\":[{\"@type\":\"ReadAction\",\"target\":[\"https:\/\/nyforetagarcentrum.se\/haninge\/vara-samarbetspartners\/\"]}]},{\"@type\":\"BreadcrumbList\",\"@id\":\"https:\/\/nyforetagarcentrum.se\/haninge\/vara-samarbetspartners\/#breadcrumb\",\"itemListElement\":[{\"@type\":\"ListItem\",\"position\":1,\"name\":\"Hem\",\"item\":\"https:\/\/nyforetagarcentrum.se\/haninge\/\"},{\"@type\":\"ListItem\",\"position\":2,\"name\":\"V\u00e5ra samarbetspartners\"}]},{\"@type\":\"WebSite\",\"@id\":\"https:\/\/nyforetagarcentrum.se\/haninge\/#website\",\"url\":\"https:\/\/nyforetagarcentrum.se\/haninge\/\",\"name\":\"Nyn\u00e4shamn Haninge\",\"description\":\"Sveriges ledande kraft f\u00f6r fler nya livskraftiga f\u00f6retag\",\"publisher\":{\"@id\":\"https:\/\/nyforetagarcentrum.se\/haninge\/#organization\"},\"potentialAction\":[{\"@type\":\"SearchAction\",\"target\":{\"@type\":\"EntryPoint\",\"urlTemplate\":\"https:\/\/nyforetagarcentrum.se\/haninge\/?s={search_term_string}\"},\"query-input\":\"required name=search_term_string\"}],\"inLanguage\":\"sv-SE\"},{\"@type\":\"Organization\",\"@id\":\"https:\/\/nyforetagarcentrum.se\/haninge\/#organization\",\"name\":\"Nyn\u00e4shamn Haninge\",\"url\":\"https:\/\/nyforetagarcentrum.se\/haninge\/\",\"logo\":{\"@type\":\"ImageObject\",\"inLanguage\":\"sv-SE\",\"@id\":\"https:\/\/nyforetagarcentrum.se\/haninge\/#\/schema\/logo\/image\/\",\"url\":\"https:\/\/nyforetagarcentrum.se\/haninge\/wp-content\/uploads\/sites\/46\/2024\/04\/Nynashamn-haninge-1.png\",\"contentUrl\":\"https:\/\/nyforetagarcentrum.se\/haninge\/wp-content\/uploads\/sites\/46\/2024\/04\/Nynashamn-haninge-1.png\",\"width\":1082,\"height\":542,\"caption\":\"Nyn\u00e4shamn Haninge\"},\"image\":{\"@id\":\"https:\/\/nyforetagarcentrum.se\/haninge\/#\/schema\/logo\/image\/\"}}]}<\/script>\n<!-- \/ Yoast SEO plugin. -->","yoast_head_json":{"title":"V\u00e5ra samarbetspartners - Nyn\u00e4shamn Haninge","robots":{"index":"index","follow":"follow","max-snippet":"max-snippet:-1","max-image-preview":"max-image-preview:large","max-video-preview":"max-video-preview:-1"},"canonical":"https:\/\/nyforetagarcentrum.se\/haninge\/vara-samarbetspartners\/","og_locale":"sv_SE","og_type":"article","og_title":"V\u00e5ra samarbetspartners - Nyn\u00e4shamn Haninge","og_url":"https:\/\/nyforetagarcentrum.se\/haninge\/vara-samarbetspartners\/","og_site_name":"Nyn\u00e4shamn Haninge","article_modified_time":"2025-11-14T14:58:21+00:00","twitter_card":"summary_large_image","schema":{"@context":"https:\/\/schema.org","@graph":[{"@type":"WebPage","@id":"https:\/\/nyforetagarcentrum.se\/haninge\/vara-samarbetspartners\/","url":"https:\/\/nyforetagarcentrum.se\/haninge\/vara-samarbetspartners\/","name":"V\u00e5ra samarbetspartners - Nyn\u00e4shamn Haninge","isPartOf":{"@id":"https:\/\/nyforetagarcentrum.se\/haninge\/#website"},"datePublished":"2024-02-22T09:24:51+00:00","dateModified":"2025-11-14T14:58:21+00:00","breadcrumb":{"@id":"https:\/\/nyforetagarcentrum.se\/haninge\/vara-samarbetspartners\/#breadcrumb"},"inLanguage":"sv-SE","potentialAction":[{"@type":"ReadAction","target":["https:\/\/nyforetagarcentrum.se\/haninge\/vara-samarbetspartners\/"]}]},{"@type":"BreadcrumbList","@id":"https:\/\/nyforetagarcentrum.se\/haninge\/vara-samarbetspartners\/#breadcrumb","itemListElement":[{"@type":"ListItem","position":1,"name":"Hem","item":"https:\/\/nyforetagarcentrum.se\/haninge\/"},{"@type":"ListItem","position":2,"name":"V\u00e5ra samarbetspartners"}]},{"@type":"WebSite","@id":"https:\/\/nyforetagarcentrum.se\/haninge\/#website","url":"https:\/\/nyforetagarcentrum.se\/haninge\/","name":"Nyn\u00e4shamn Haninge","description":"Sveriges ledande kraft f\u00f6r fler nya livskraftiga f\u00f6retag","publisher":{"@id":"https:\/\/nyforetagarcentrum.se\/haninge\/#organization"},"potentialAction":[{"@type":"SearchAction","target":{"@type":"EntryPoint","urlTemplate":"https:\/\/nyforetagarcentrum.se\/haninge\/?s={search_term_string}"},"query-input":"required name=search_term_string"}],"inLanguage":"sv-SE"},{"@type":"Organization","@id":"https:\/\/nyforetagarcentrum.se\/haninge\/#organization","name":"Nyn\u00e4shamn Haninge","url":"https:\/\/nyforetagarcentrum.se\/haninge\/","logo":{"@type":"ImageObject","inLanguage":"sv-SE","@id":"https:\/\/nyforetagarcentrum.se\/haninge\/#\/schema\/logo\/image\/","url":"https:\/\/nyforetagarcentrum.se\/haninge\/wp-content\/uploads\/sites\/46\/2024\/04\/Nynashamn-haninge-1.png","contentUrl":"https:\/\/nyforetagarcentrum.se\/haninge\/wp-content\/uploads\/sites\/46\/2024\/04\/Nynashamn-haninge-1.png","width":1082,"height":542,"caption":"Nyn\u00e4shamn Haninge"},"image":{"@id":"https:\/\/nyforetagarcentrum.se\/haninge\/#\/schema\/logo\/image\/"}}]}},"_links":{"self":[{"href":"https:\/\/nyforetagarcentrum.se\/haninge\/wp-json\/wp\/v2\/pages\/41"}],"collection":[{"href":"https:\/\/nyforetagarcentrum.se\/haninge\/wp-json\/wp\/v2\/pages"}],"about":[{"href":"https:\/\/nyforetagarcentrum.se\/haninge\/wp-json\/wp\/v2\/types\/page"}],"author":[{"embeddable":true,"href":"https:\/\/nyforetagarcentrum.se\/haninge\/wp-json\/wp\/v2\/users\/1"}],"replies":[{"embeddable":true,"href":"https:\/\/nyforetagarcentrum.se\/haninge\/wp-json\/wp\/v2\/comments?post=41"}],"version-history":[{"count":43,"href":"https:\/\/nyforetagarcentrum.se\/haninge\/wp-json\/wp\/v2\/pages\/41\/revisions"}],"predecessor-version":[{"id":947,"href":"https:\/\/nyforetagarcentrum.se\/haninge\/wp-json\/wp\/v2\/pages\/41\/revisions\/947"}],"wp:attachment":[{"href":"https:\/\/nyforetagarcentrum.se\/haninge\/wp-json\/wp\/v2\/media?parent=41"}],"curies":[{"name":"wp","href":"https:\/\/api.w.org\/{rel}","templated":true}]}}