{"id":239,"date":"2024-02-29T13:59:39","date_gmt":"2024-02-29T12:59:39","guid":{"rendered":"https:\/\/nyforetagarcentrum.se\/haninge\/?page_id=239"},"modified":"2025-11-17T11:42:30","modified_gmt":"2025-11-17T10:42:30","slug":"vara-radgivare","status":"publish","type":"page","link":"https:\/\/nyforetagarcentrum.se\/haninge\/vara-radgivare\/","title":{"rendered":"V\u00e5ra r\u00e5dgivare"},"content":{"rendered":"<section  class=\"nfc-block-hero alignfull\">\n\n    <img loading=\"lazy\" decoding=\"async\" width=\"1476\" height=\"984\" src=\"https:\/\/nyforetagarcentrum.se\/haninge\/wp-content\/uploads\/sites\/46\/2024\/02\/Nyforetagare-ung-LOW.jpg\" class=\"attachment-landscape size-landscape\" alt=\"\" srcset=\"https:\/\/nyforetagarcentrum.se\/haninge\/wp-content\/uploads\/sites\/46\/2024\/02\/Nyforetagare-ung-LOW.jpg 1476w, https:\/\/nyforetagarcentrum.se\/haninge\/wp-content\/uploads\/sites\/46\/2024\/02\/Nyforetagare-ung-LOW-300x200.jpg 300w, https:\/\/nyforetagarcentrum.se\/haninge\/wp-content\/uploads\/sites\/46\/2024\/02\/Nyforetagare-ung-LOW-1024x683.jpg 1024w, https:\/\/nyforetagarcentrum.se\/haninge\/wp-content\/uploads\/sites\/46\/2024\/02\/Nyforetagare-ung-LOW-768x512.jpg 768w\" sizes=\"(max-width: 1476px) 100vw, 1476px\" \/>\n    <div class=\"contained\">\n        <h1 class=\"nfc-block-hero__heading\">V\u00e5ra r\u00e5dgivare<\/h1>\n\n            <\/div>\n<\/section>\n\n\n<div style=\"height:50px\" aria-hidden=\"true\" class=\"wp-block-spacer\"><\/div>\n\n\n<section  class=\"nfc-block-breadcrumbs\">\n    <div class=\"wrapper contained\">\n        <ol class=\"breadcrumbs\" itemscope itemtype=\"https:\/\/schema.org\/BreadcrumbList\">\n            <li itemprop=\"itemListElement\" itemscope itemtype=\"https:\/\/schema.org\/ListItem\">\n            \n\n                            <span class=\"current\" itemprop=\"name\">Hem<\/span>\n            \n            <meta itemprop=\"position\" content=\"1\" \/>\n        <\/li>\n    <\/ol>    <\/div>\n<\/section>\n\n\n<div style=\"height:50px\" aria-hidden=\"true\" class=\"wp-block-spacer\"><\/div>\n\n\n<section  class=\"nfc-block-person_grid alignwide layout-small\">\n    <div class=\"contained\">\n        <div class=\"grid\">\n            <div class=\"person-card\">\n    \n            <div class=\"featured_image\">\n            <img loading=\"lazy\" decoding=\"async\" width=\"150\" height=\"150\" src=\"https:\/\/nyforetagarcentrum.se\/haninge\/wp-content\/uploads\/sites\/46\/2024\/04\/Dalal_Nasr-150x150.jpg\" class=\"attachment-thumbnail size-thumbnail\" alt=\"\" srcset=\"https:\/\/nyforetagarcentrum.se\/haninge\/wp-content\/uploads\/sites\/46\/2024\/04\/Dalal_Nasr-150x150.jpg 150w, https:\/\/nyforetagarcentrum.se\/haninge\/wp-content\/uploads\/sites\/46\/2024\/04\/Dalal_Nasr.jpg 210w\" sizes=\"(max-width: 150px) 100vw, 150px\" \/>        <\/div>\n    \n    <div class=\"content-wrapper\">\n        <div class=\"top\">\n                    <\/div>\n        \n        <h3>Dalal Nasr<\/h3>\n\n        <div class=\"excerpt\">\n            Dalal Nasr \u00e4r utbildad ekonom som har erfarenhet inom bank och finans, f\u00f6retagsr\u00e5dgivning samt aff\u00e4rsutveckling. Hon \u00e4r sj\u00e4lv egen f\u00f6retagare och brinner f\u00f6r etableringen av nya livskraftiga f\u00f6retag. Dalal hj\u00e4lper g\u00e4rna med bland annat budget och ekonomifr\u00e5gor och talar flytande arabiska och franska.        <\/div>\n\n        <div class=\"links\">\n            \n                            <a href=\"mailto:dalal.nasr@nyforetagarcentrum.se\">\n                    MAIL: dalal.nasr@nyforetagarcentrum.se                <\/a>\n                    <\/div>\n        \n    <\/div>\n<\/div><div class=\"person-card\">\n    \n            <div class=\"featured_image\">\n            <img loading=\"lazy\" decoding=\"async\" width=\"150\" height=\"150\" src=\"https:\/\/nyforetagarcentrum.se\/haninge\/wp-content\/uploads\/sites\/46\/2024\/04\/tomas_stens-150x150.jpg\" class=\"attachment-thumbnail size-thumbnail\" alt=\"\" srcset=\"https:\/\/nyforetagarcentrum.se\/haninge\/wp-content\/uploads\/sites\/46\/2024\/04\/tomas_stens-150x150.jpg 150w, https:\/\/nyforetagarcentrum.se\/haninge\/wp-content\/uploads\/sites\/46\/2024\/04\/tomas_stens-300x300.jpg 300w, https:\/\/nyforetagarcentrum.se\/haninge\/wp-content\/uploads\/sites\/46\/2024\/04\/tomas_stens-1024x1024.jpg 1024w, https:\/\/nyforetagarcentrum.se\/haninge\/wp-content\/uploads\/sites\/46\/2024\/04\/tomas_stens-768x768.jpg 768w, https:\/\/nyforetagarcentrum.se\/haninge\/wp-content\/uploads\/sites\/46\/2024\/04\/tomas_stens-1536x1536.jpg 1536w, https:\/\/nyforetagarcentrum.se\/haninge\/wp-content\/uploads\/sites\/46\/2024\/04\/tomas_stens-2048x2048.jpg 2048w, https:\/\/nyforetagarcentrum.se\/haninge\/wp-content\/uploads\/sites\/46\/2024\/04\/tomas_stens-1080x1080.jpg 1080w\" sizes=\"(max-width: 150px) 100vw, 150px\" \/>        <\/div>\n    \n    <div class=\"content-wrapper\">\n        <div class=\"top\">\n                    <\/div>\n        \n        <h3>Tomas Stens<\/h3>\n\n        <div class=\"excerpt\">\n            Tomas Stens \u00e4r utbildad civilekonom och ekonomil\u00e4rare med erfarenhet av ledarskap b\u00e5de i offentliga och privata organisationer. Han har stort intresse f\u00f6r entrepren\u00f6rskap, aff\u00e4rsutveckling och \u00e4r sj\u00e4lv egen f\u00f6retagare. Tomas hj\u00e4lper g\u00e4rna med generella ekonomifr\u00e5gor, marknadsf\u00f6ring och aff\u00e4rsutveckling och talar engelska och finska.        <\/div>\n\n        <div class=\"links\">\n            \n                            <a href=\"mailto:tomas.stens@nyforetagarcentrum.se\">\n                    MAIL: tomas.stens@nyforetagarcentrum.se                <\/a>\n                    <\/div>\n        \n    <\/div>\n<\/div><div class=\"person-card\">\n    \n            <div class=\"featured_image\">\n            <img loading=\"lazy\" decoding=\"async\" width=\"150\" height=\"150\" src=\"https:\/\/nyforetagarcentrum.se\/haninge\/wp-content\/uploads\/sites\/46\/2024\/02\/Josefin_Hildinge-150x150.jpg\" class=\"attachment-thumbnail size-thumbnail\" alt=\"\" \/>        <\/div>\n    \n    <div class=\"content-wrapper\">\n        <div class=\"top\">\n                    <\/div>\n        \n        <h3>Josefin Hildinge<\/h3>\n\n        <div class=\"excerpt\">\n            Josefin Hildinge har i 15 \u00e5r arbetat som projektledare p\u00e5 Nyf\u00f6retagarCentrum Sverige med mentorprogrammet, m\u00e4ssan Eget F\u00f6retag och kampanjer och har ett brett n\u00e4tverk inom n\u00e4ringsliv, organisationer och myndigheter. Josefin \u00e4r utbildad civilekonom med inriktning p\u00e5 entrepren\u00f6rskap.<br \/>\r\n<br \/>\r\n        <\/div>\n\n        <div class=\"links\">\n            \n                            <a href=\"mailto:josefin.hildinge@nyforetagarcentrum.se\">\n                    MAIL: josefin.hildinge@nyforetagarcentrum.se                <\/a>\n                    <\/div>\n        \n    <\/div>\n<\/div>        <\/div>\n    <\/div>\n<\/section>\n\n\n<div style=\"height:100px\" aria-hidden=\"true\" class=\"wp-block-spacer\"><\/div>\n","protected":false},"excerpt":{"rendered":"","protected":false},"author":1,"featured_media":0,"parent":0,"menu_order":0,"comment_status":"closed","ping_status":"closed","template":"","meta":{"footnotes":""},"acf":[],"yoast_head":"<!-- This site is optimized with the Yoast SEO plugin v22.9 - https:\/\/yoast.com\/wordpress\/plugins\/seo\/ -->\n<title>V\u00e5ra r\u00e5dgivare - Nyn\u00e4shamn Haninge<\/title>\n<meta name=\"robots\" content=\"index, follow, max-snippet:-1, max-image-preview:large, max-video-preview:-1\" \/>\n<link rel=\"canonical\" href=\"https:\/\/nyforetagarcentrum.se\/haninge\/vara-radgivare\/\" \/>\n<meta property=\"og:locale\" content=\"sv_SE\" \/>\n<meta property=\"og:type\" content=\"article\" \/>\n<meta property=\"og:title\" content=\"V\u00e5ra r\u00e5dgivare - Nyn\u00e4shamn Haninge\" \/>\n<meta property=\"og:url\" content=\"https:\/\/nyforetagarcentrum.se\/haninge\/vara-radgivare\/\" \/>\n<meta property=\"og:site_name\" content=\"Nyn\u00e4shamn Haninge\" \/>\n<meta property=\"article:modified_time\" content=\"2025-11-17T10:42:30+00:00\" \/>\n<meta name=\"twitter:card\" content=\"summary_large_image\" \/>\n<script type=\"application\/ld+json\" class=\"yoast-schema-graph\">{\"@context\":\"https:\/\/schema.org\",\"@graph\":[{\"@type\":\"WebPage\",\"@id\":\"https:\/\/nyforetagarcentrum.se\/haninge\/vara-radgivare\/\",\"url\":\"https:\/\/nyforetagarcentrum.se\/haninge\/vara-radgivare\/\",\"name\":\"V\u00e5ra r\u00e5dgivare - Nyn\u00e4shamn Haninge\",\"isPartOf\":{\"@id\":\"https:\/\/nyforetagarcentrum.se\/haninge\/#website\"},\"datePublished\":\"2024-02-29T12:59:39+00:00\",\"dateModified\":\"2025-11-17T10:42:30+00:00\",\"breadcrumb\":{\"@id\":\"https:\/\/nyforetagarcentrum.se\/haninge\/vara-radgivare\/#breadcrumb\"},\"inLanguage\":\"sv-SE\",\"potentialAction\":[{\"@type\":\"ReadAction\",\"target\":[\"https:\/\/nyforetagarcentrum.se\/haninge\/vara-radgivare\/\"]}]},{\"@type\":\"BreadcrumbList\",\"@id\":\"https:\/\/nyforetagarcentrum.se\/haninge\/vara-radgivare\/#breadcrumb\",\"itemListElement\":[{\"@type\":\"ListItem\",\"position\":1,\"name\":\"Hem\",\"item\":\"https:\/\/nyforetagarcentrum.se\/haninge\/\"},{\"@type\":\"ListItem\",\"position\":2,\"name\":\"V\u00e5ra r\u00e5dgivare\"}]},{\"@type\":\"WebSite\",\"@id\":\"https:\/\/nyforetagarcentrum.se\/haninge\/#website\",\"url\":\"https:\/\/nyforetagarcentrum.se\/haninge\/\",\"name\":\"Nyn\u00e4shamn Haninge\",\"description\":\"Sveriges ledande kraft f\u00f6r fler nya livskraftiga f\u00f6retag\",\"publisher\":{\"@id\":\"https:\/\/nyforetagarcentrum.se\/haninge\/#organization\"},\"potentialAction\":[{\"@type\":\"SearchAction\",\"target\":{\"@type\":\"EntryPoint\",\"urlTemplate\":\"https:\/\/nyforetagarcentrum.se\/haninge\/?s={search_term_string}\"},\"query-input\":\"required name=search_term_string\"}],\"inLanguage\":\"sv-SE\"},{\"@type\":\"Organization\",\"@id\":\"https:\/\/nyforetagarcentrum.se\/haninge\/#organization\",\"name\":\"Nyn\u00e4shamn Haninge\",\"url\":\"https:\/\/nyforetagarcentrum.se\/haninge\/\",\"logo\":{\"@type\":\"ImageObject\",\"inLanguage\":\"sv-SE\",\"@id\":\"https:\/\/nyforetagarcentrum.se\/haninge\/#\/schema\/logo\/image\/\",\"url\":\"https:\/\/nyforetagarcentrum.se\/haninge\/wp-content\/uploads\/sites\/46\/2024\/04\/Nynashamn-haninge-1.png\",\"contentUrl\":\"https:\/\/nyforetagarcentrum.se\/haninge\/wp-content\/uploads\/sites\/46\/2024\/04\/Nynashamn-haninge-1.png\",\"width\":1082,\"height\":542,\"caption\":\"Nyn\u00e4shamn Haninge\"},\"image\":{\"@id\":\"https:\/\/nyforetagarcentrum.se\/haninge\/#\/schema\/logo\/image\/\"}}]}<\/script>\n<!-- \/ Yoast SEO plugin. -->","yoast_head_json":{"title":"V\u00e5ra r\u00e5dgivare - Nyn\u00e4shamn Haninge","robots":{"index":"index","follow":"follow","max-snippet":"max-snippet:-1","max-image-preview":"max-image-preview:large","max-video-preview":"max-video-preview:-1"},"canonical":"https:\/\/nyforetagarcentrum.se\/haninge\/vara-radgivare\/","og_locale":"sv_SE","og_type":"article","og_title":"V\u00e5ra r\u00e5dgivare - Nyn\u00e4shamn Haninge","og_url":"https:\/\/nyforetagarcentrum.se\/haninge\/vara-radgivare\/","og_site_name":"Nyn\u00e4shamn Haninge","article_modified_time":"2025-11-17T10:42:30+00:00","twitter_card":"summary_large_image","schema":{"@context":"https:\/\/schema.org","@graph":[{"@type":"WebPage","@id":"https:\/\/nyforetagarcentrum.se\/haninge\/vara-radgivare\/","url":"https:\/\/nyforetagarcentrum.se\/haninge\/vara-radgivare\/","name":"V\u00e5ra r\u00e5dgivare - Nyn\u00e4shamn Haninge","isPartOf":{"@id":"https:\/\/nyforetagarcentrum.se\/haninge\/#website"},"datePublished":"2024-02-29T12:59:39+00:00","dateModified":"2025-11-17T10:42:30+00:00","breadcrumb":{"@id":"https:\/\/nyforetagarcentrum.se\/haninge\/vara-radgivare\/#breadcrumb"},"inLanguage":"sv-SE","potentialAction":[{"@type":"ReadAction","target":["https:\/\/nyforetagarcentrum.se\/haninge\/vara-radgivare\/"]}]},{"@type":"BreadcrumbList","@id":"https:\/\/nyforetagarcentrum.se\/haninge\/vara-radgivare\/#breadcrumb","itemListElement":[{"@type":"ListItem","position":1,"name":"Hem","item":"https:\/\/nyforetagarcentrum.se\/haninge\/"},{"@type":"ListItem","position":2,"name":"V\u00e5ra r\u00e5dgivare"}]},{"@type":"WebSite","@id":"https:\/\/nyforetagarcentrum.se\/haninge\/#website","url":"https:\/\/nyforetagarcentrum.se\/haninge\/","name":"Nyn\u00e4shamn Haninge","description":"Sveriges ledande kraft f\u00f6r fler nya livskraftiga f\u00f6retag","publisher":{"@id":"https:\/\/nyforetagarcentrum.se\/haninge\/#organization"},"potentialAction":[{"@type":"SearchAction","target":{"@type":"EntryPoint","urlTemplate":"https:\/\/nyforetagarcentrum.se\/haninge\/?s={search_term_string}"},"query-input":"required name=search_term_string"}],"inLanguage":"sv-SE"},{"@type":"Organization","@id":"https:\/\/nyforetagarcentrum.se\/haninge\/#organization","name":"Nyn\u00e4shamn Haninge","url":"https:\/\/nyforetagarcentrum.se\/haninge\/","logo":{"@type":"ImageObject","inLanguage":"sv-SE","@id":"https:\/\/nyforetagarcentrum.se\/haninge\/#\/schema\/logo\/image\/","url":"https:\/\/nyforetagarcentrum.se\/haninge\/wp-content\/uploads\/sites\/46\/2024\/04\/Nynashamn-haninge-1.png","contentUrl":"https:\/\/nyforetagarcentrum.se\/haninge\/wp-content\/uploads\/sites\/46\/2024\/04\/Nynashamn-haninge-1.png","width":1082,"height":542,"caption":"Nyn\u00e4shamn Haninge"},"image":{"@id":"https:\/\/nyforetagarcentrum.se\/haninge\/#\/schema\/logo\/image\/"}}]}},"_links":{"self":[{"href":"https:\/\/nyforetagarcentrum.se\/haninge\/wp-json\/wp\/v2\/pages\/239"}],"collection":[{"href":"https:\/\/nyforetagarcentrum.se\/haninge\/wp-json\/wp\/v2\/pages"}],"about":[{"href":"https:\/\/nyforetagarcentrum.se\/haninge\/wp-json\/wp\/v2\/types\/page"}],"author":[{"embeddable":true,"href":"https:\/\/nyforetagarcentrum.se\/haninge\/wp-json\/wp\/v2\/users\/1"}],"replies":[{"embeddable":true,"href":"https:\/\/nyforetagarcentrum.se\/haninge\/wp-json\/wp\/v2\/comments?post=239"}],"version-history":[{"count":10,"href":"https:\/\/nyforetagarcentrum.se\/haninge\/wp-json\/wp\/v2\/pages\/239\/revisions"}],"predecessor-version":[{"id":946,"href":"https:\/\/nyforetagarcentrum.se\/haninge\/wp-json\/wp\/v2\/pages\/239\/revisions\/946"}],"wp:attachment":[{"href":"https:\/\/nyforetagarcentrum.se\/haninge\/wp-json\/wp\/v2\/media?parent=239"}],"curies":[{"name":"wp","href":"https:\/\/api.w.org\/{rel}","templated":true}]}}