{"id":161,"date":"2024-02-27T16:04:37","date_gmt":"2024-02-27T15:04:37","guid":{"rendered":"https:\/\/nyforetagarcentrum.se\/haninge\/?page_id=161"},"modified":"2026-03-03T13:31:33","modified_gmt":"2026-03-03T12:31:33","slug":"om-oss","status":"publish","type":"page","link":"https:\/\/nyforetagarcentrum.se\/haninge\/om-oss\/","title":{"rendered":"Om oss"},"content":{"rendered":"<section  class=\"nfc-block-hero alignfull\">\n\n    <img loading=\"lazy\" decoding=\"async\" width=\"714\" height=\"622\" src=\"https:\/\/nyforetagarcentrum.se\/haninge\/wp-content\/uploads\/sites\/46\/2024\/02\/ySLeov8m_8.png\" class=\"attachment-landscape size-landscape\" alt=\"\" srcset=\"https:\/\/nyforetagarcentrum.se\/haninge\/wp-content\/uploads\/sites\/46\/2024\/02\/ySLeov8m_8.png 714w, https:\/\/nyforetagarcentrum.se\/haninge\/wp-content\/uploads\/sites\/46\/2024\/02\/ySLeov8m_8-300x261.png 300w\" sizes=\"(max-width: 714px) 100vw, 714px\" \/>\n    <div class=\"contained\">\n        <h1 class=\"nfc-block-hero__heading\">Om oss<\/h1>\n\n            <\/div>\n<\/section>\n\n\n<div style=\"height:50px\" aria-hidden=\"true\" class=\"wp-block-spacer\"><\/div>\n\n\n<section  class=\"nfc-block-breadcrumbs\">\n    <div class=\"wrapper contained\">\n        <ol class=\"breadcrumbs\" itemscope itemtype=\"https:\/\/schema.org\/BreadcrumbList\">\n            <li itemprop=\"itemListElement\" itemscope itemtype=\"https:\/\/schema.org\/ListItem\">\n            \n\n                            <span class=\"current\" itemprop=\"name\">Hem<\/span>\n            \n            <meta itemprop=\"position\" content=\"1\" \/>\n        <\/li>\n    <\/ol>    <\/div>\n<\/section>\n\n\n<div style=\"height:50px\" aria-hidden=\"true\" class=\"wp-block-spacer\"><\/div>\n\n\n<section  class=\"nfc-block-split_screen alignwide image_alignment-left\">\n    <div class=\"wrapper\">\n        <div class=\"nfc-block-split_screen__image-wrapper\">\n            <img loading=\"lazy\" decoding=\"async\" width=\"1469\" height=\"981\" src=\"https:\/\/nyforetagarcentrum.se\/haninge\/wp-content\/uploads\/sites\/46\/2024\/02\/4083b98ac6a43f162142a286decbc08f.png\" class=\"attachment-landscape size-landscape\" alt=\"\" srcset=\"https:\/\/nyforetagarcentrum.se\/haninge\/wp-content\/uploads\/sites\/46\/2024\/02\/4083b98ac6a43f162142a286decbc08f.png 1469w, https:\/\/nyforetagarcentrum.se\/haninge\/wp-content\/uploads\/sites\/46\/2024\/02\/4083b98ac6a43f162142a286decbc08f-300x200.png 300w, https:\/\/nyforetagarcentrum.se\/haninge\/wp-content\/uploads\/sites\/46\/2024\/02\/4083b98ac6a43f162142a286decbc08f-1024x684.png 1024w, https:\/\/nyforetagarcentrum.se\/haninge\/wp-content\/uploads\/sites\/46\/2024\/02\/4083b98ac6a43f162142a286decbc08f-768x513.png 768w\" sizes=\"(max-width: 1469px) 100vw, 1469px\" \/>        <\/div>\n\n        <div class=\"nfc-block-split_screen__content-wrapper\">\n            <h2>V\u00e5r verksamhet<\/h2>\n<p>Nyf\u00f6retagarCentrum Nyn\u00e4shamn Haninge ger dig som funderar p\u00e5 att starta eget f\u00f6retag \u2013 eller redan har startat \u2013 kostnadsfri r\u00e5dgivning. Vi har erfarna diplomerade r\u00e5dgivare som hj\u00e4lper dig med din aff\u00e4rsid\u00e9, fr\u00e5gor kring budget, marknadsf\u00f6ring eller vad du vill som r\u00f6r ditt f\u00f6retagande.<\/p>\n<p>N\u00e4r du har varit p\u00e5 r\u00e5dgivning hos oss kommer du att vara v\u00e4l f\u00f6rberedd f\u00f6r livet som egenf\u00f6retagare. Det enda vi kr\u00e4ver av dig \u00e4r ditt engagemang och att du tror p\u00e5 din id\u00e9.<\/p>\n<p>R\u00e5dgivningen \u00e4r helt kostnadsfri tack vare v\u00e5rt n\u00e4tverk av samarbetspartners som st\u00f6der oss, b\u00e5de finansiellt och med personlig expertis och engagemang.<\/p>\n<p>Har du en f\u00f6retagsid\u00e9 &#8211; h\u00f6r av dig till oss redan idag!<\/p>\n\n                            <div class=\"nfc-block-split_screen__buttons\">\n                                            <a href=\"vara-samarbetspartners\/\" class=\"button primary\">V\u00e5ra samarbetspartners<\/a>\n                                    <\/div>\n            \n        <\/div>\n    <\/div>\n<\/section>\n\n\n<div style=\"height:50px\" aria-hidden=\"true\" class=\"wp-block-spacer\"><\/div>\n\n\n\n<div class=\"wp-block-group alignfull has-white-background-color has-background is-layout-constrained wp-block-group-is-layout-constrained\">\n<div style=\"height:51px\" aria-hidden=\"true\" class=\"wp-block-spacer\"><\/div>\n\n\n<section  class=\"nfc-block-quote contained alignfull\">\n    <div class=\"wrapper contained\">\n        <p class=\"quote h2\">Det \u00e4r m\u00e5nga som b\u00e4r p\u00e5 goda id\u00e9er och dr\u00f6mmer om att starta eget. V\u00e5rt m\u00e5l \u00e4r att kunna hj\u00e4lpa fler att f\u00f6rverkliga sin aff\u00e4rsid\u00e9 till ett livskraftigt f\u00f6retag.<\/p>\n        <div class=\"author\">\n            <div class=\"avatar\">\n                <img loading=\"lazy\" decoding=\"async\" width=\"150\" height=\"150\" src=\"https:\/\/nyforetagarcentrum.se\/haninge\/wp-content\/uploads\/sites\/46\/2024\/02\/cropped-NFC_CMYK_2010_logo-150x150.png\" class=\"attachment-thumbnail size-thumbnail\" alt=\"\" srcset=\"https:\/\/nyforetagarcentrum.se\/haninge\/wp-content\/uploads\/sites\/46\/2024\/02\/cropped-NFC_CMYK_2010_logo-150x150.png 150w, https:\/\/nyforetagarcentrum.se\/haninge\/wp-content\/uploads\/sites\/46\/2024\/02\/cropped-NFC_CMYK_2010_logo-300x300.png 300w, https:\/\/nyforetagarcentrum.se\/haninge\/wp-content\/uploads\/sites\/46\/2024\/02\/cropped-NFC_CMYK_2010_logo.png 512w\" sizes=\"(max-width: 150px) 100vw, 150px\" \/>            <\/div>\n            <div class=\"text\">\n                <p class=\"name\">Josefin Hildinge, verksamhetsansvarig<\/p>\n                <p class=\"subtitle\">Nyf\u00f6retagarCentrum Nyn\u00e4shamn Haninge<\/p>\n            <\/div>\n        <\/div>\n    <\/div>\n<\/section>\n\n\n<div style=\"height:51px\" aria-hidden=\"true\" class=\"wp-block-spacer\"><\/div>\n\n\n\n<div class=\"wp-block-columns alignwide is-layout-flex wp-container-core-columns-is-layout-1 wp-block-columns-is-layout-flex\">\n<div class=\"wp-block-column is-layout-flow wp-block-column-is-layout-flow\">\n<p class=\"no-margin\" style=\"font-size:100px;font-style:normal;font-weight:700\">225<\/p>\n\n\n\n<p class=\"has-text-color has-link-color wp-elements-42d8fd71f43136868d749a22a0c6db8a\" style=\"color:#4d4d4d\">Under 2025 genomf\u00f6rde vi 225 r\u00e5dgivningar (202 under 2024).<\/p>\n<\/div>\n\n\n\n<div class=\"wp-block-column is-layout-flow wp-block-column-is-layout-flow\">\n<p class=\"no-margin\" style=\"font-size:100px;font-style:normal;font-weight:700\">149<\/p>\n\n\n\n<p class=\"has-text-color has-link-color wp-elements-f863ce7fcd1ee277fa67f306d1b4faf1\" style=\"color:#4d4d4d\">De r\u00e5dgivningar som genomf\u00f6rdes 2025 ber\u00f6rde 149 olika aff\u00e4rsid\u00e9er (128 under 2024).<\/p>\n<\/div>\n\n\n\n<div class=\"wp-block-column is-layout-flow wp-block-column-is-layout-flow\">\n<p class=\"no-margin\" style=\"font-size:100px;font-style:normal;font-weight:700\">97<\/p>\n\n\n\n<p class=\"has-text-color has-link-color wp-elements-c2bbb3edf2ec752107fb37b95d0d9d2c\" style=\"color:#4d4d4d\">Under 2025 bidrog v\u00e5r verksamhet till 97 olika f\u00f6retagsstarter (71 under 2024).<\/p>\n<\/div>\n<\/div>\n\n\n\n<div style=\"height:51px\" aria-hidden=\"true\" class=\"wp-block-spacer\"><\/div>\n<\/div>\n\n\n\n<div style=\"height:50px\" aria-hidden=\"true\" class=\"wp-block-spacer\"><\/div>\n\n\n\n<h2 class=\"wp-block-heading has-text-align-center\">\u00c4r ditt f\u00f6retag eller organisation intresserad av att st\u00f6tta Nyf\u00f6retagarCentrum Nyn\u00e4shamn Haninges arbete?<\/h2>\n\n\n\n<div class=\"wp-block-group alignfull is-layout-constrained wp-block-group-is-layout-constrained\"><section  class=\"nfc-block-form aligncontent layout-small\">\n    <div class=\"contained\">\n\n        <form data-nfc-form=\"block_84f086999862d30ded06df3d68353f27\" data-nfc-page=\"161\">\n            <label class=\"input-wrapper\" for=\"namn\">\n    <span>Namn<\/span>\n    <input type=\"text\" name=\"namn\" id=\"namn\" placeholder=\"\" >\n<\/label><label class=\"input-wrapper\" for=\"foretag-eller-organisation\">\n    <span>F\u00f6retag eller organisation<\/span>\n    <input type=\"text\" name=\"foretag-eller-organisation\" id=\"foretag-eller-organisation\" placeholder=\"\" >\n<\/label><label class=\"input-wrapper\" for=\"e-post\">\n    <span>E-post<\/span>\n    <input type=\"text\" name=\"e-post\" id=\"e-post\" placeholder=\"\" >\n<\/label>\n            <div class=\"input-wrapper\">\n                <button type=\"submit\" class=\"button\">Skicka<\/button>\n            <\/div>\n        <\/form>\n    <\/div>\n<\/section><\/div>\n\n\n\n<div style=\"height:100px\" aria-hidden=\"true\" class=\"wp-block-spacer\"><\/div>\n","protected":false},"excerpt":{"rendered":"<p>225 Under 2025 genomf\u00f6rde vi 225 r\u00e5dgivningar (202 under 2024). 149 De r\u00e5dgivningar som genomf\u00f6rdes 2025 ber\u00f6rde 149 olika aff\u00e4rsid\u00e9er (128 under 2024). 97 Under 2025 bidrog v\u00e5r verksamhet till 97 olika f\u00f6retagsstarter (71 under 2024). \u00c4r ditt f\u00f6retag eller organisation intresserad av att st\u00f6tta Nyf\u00f6retagarCentrum Nyn\u00e4shamn Haninges arbete?<\/p>\n","protected":false},"author":1,"featured_media":0,"parent":0,"menu_order":0,"comment_status":"closed","ping_status":"closed","template":"","meta":{"footnotes":""},"acf":[],"yoast_head":"<!-- This site is optimized with the Yoast SEO plugin v22.9 - https:\/\/yoast.com\/wordpress\/plugins\/seo\/ -->\n<title>Om oss - Nyn\u00e4shamn Haninge<\/title>\n<meta name=\"robots\" content=\"index, follow, max-snippet:-1, max-image-preview:large, max-video-preview:-1\" \/>\n<link rel=\"canonical\" href=\"https:\/\/nyforetagarcentrum.se\/haninge\/om-oss\/\" \/>\n<meta property=\"og:locale\" content=\"sv_SE\" \/>\n<meta property=\"og:type\" content=\"article\" \/>\n<meta property=\"og:title\" content=\"Om oss - Nyn\u00e4shamn Haninge\" \/>\n<meta property=\"og:description\" content=\"225 Under 2025 genomf\u00f6rde vi 225 r\u00e5dgivningar (202 under 2024). 149 De r\u00e5dgivningar som genomf\u00f6rdes 2025 ber\u00f6rde 149 olika aff\u00e4rsid\u00e9er (128 under 2024). 97 Under 2025 bidrog v\u00e5r verksamhet till 97 olika f\u00f6retagsstarter (71 under 2024). \u00c4r ditt f\u00f6retag eller organisation intresserad av att st\u00f6tta Nyf\u00f6retagarCentrum Nyn\u00e4shamn Haninges arbete?\" \/>\n<meta property=\"og:url\" content=\"https:\/\/nyforetagarcentrum.se\/haninge\/om-oss\/\" \/>\n<meta property=\"og:site_name\" content=\"Nyn\u00e4shamn Haninge\" \/>\n<meta property=\"article:modified_time\" content=\"2026-03-03T12:31:33+00:00\" \/>\n<meta name=\"twitter:card\" content=\"summary_large_image\" \/>\n<meta name=\"twitter:label1\" content=\"Ber\u00e4knad l\u00e4stid\" \/>\n\t<meta name=\"twitter:data1\" content=\"1 minut\" \/>\n<script type=\"application\/ld+json\" class=\"yoast-schema-graph\">{\"@context\":\"https:\/\/schema.org\",\"@graph\":[{\"@type\":\"WebPage\",\"@id\":\"https:\/\/nyforetagarcentrum.se\/haninge\/om-oss\/\",\"url\":\"https:\/\/nyforetagarcentrum.se\/haninge\/om-oss\/\",\"name\":\"Om oss - Nyn\u00e4shamn Haninge\",\"isPartOf\":{\"@id\":\"https:\/\/nyforetagarcentrum.se\/haninge\/#website\"},\"datePublished\":\"2024-02-27T15:04:37+00:00\",\"dateModified\":\"2026-03-03T12:31:33+00:00\",\"breadcrumb\":{\"@id\":\"https:\/\/nyforetagarcentrum.se\/haninge\/om-oss\/#breadcrumb\"},\"inLanguage\":\"sv-SE\",\"potentialAction\":[{\"@type\":\"ReadAction\",\"target\":[\"https:\/\/nyforetagarcentrum.se\/haninge\/om-oss\/\"]}]},{\"@type\":\"BreadcrumbList\",\"@id\":\"https:\/\/nyforetagarcentrum.se\/haninge\/om-oss\/#breadcrumb\",\"itemListElement\":[{\"@type\":\"ListItem\",\"position\":1,\"name\":\"Hem\",\"item\":\"https:\/\/nyforetagarcentrum.se\/haninge\/\"},{\"@type\":\"ListItem\",\"position\":2,\"name\":\"Om oss\"}]},{\"@type\":\"WebSite\",\"@id\":\"https:\/\/nyforetagarcentrum.se\/haninge\/#website\",\"url\":\"https:\/\/nyforetagarcentrum.se\/haninge\/\",\"name\":\"Nyn\u00e4shamn Haninge\",\"description\":\"Sveriges ledande kraft f\u00f6r fler nya livskraftiga f\u00f6retag\",\"publisher\":{\"@id\":\"https:\/\/nyforetagarcentrum.se\/haninge\/#organization\"},\"potentialAction\":[{\"@type\":\"SearchAction\",\"target\":{\"@type\":\"EntryPoint\",\"urlTemplate\":\"https:\/\/nyforetagarcentrum.se\/haninge\/?s={search_term_string}\"},\"query-input\":\"required name=search_term_string\"}],\"inLanguage\":\"sv-SE\"},{\"@type\":\"Organization\",\"@id\":\"https:\/\/nyforetagarcentrum.se\/haninge\/#organization\",\"name\":\"Nyn\u00e4shamn Haninge\",\"url\":\"https:\/\/nyforetagarcentrum.se\/haninge\/\",\"logo\":{\"@type\":\"ImageObject\",\"inLanguage\":\"sv-SE\",\"@id\":\"https:\/\/nyforetagarcentrum.se\/haninge\/#\/schema\/logo\/image\/\",\"url\":\"https:\/\/nyforetagarcentrum.se\/haninge\/wp-content\/uploads\/sites\/46\/2024\/04\/Nynashamn-haninge-1.png\",\"contentUrl\":\"https:\/\/nyforetagarcentrum.se\/haninge\/wp-content\/uploads\/sites\/46\/2024\/04\/Nynashamn-haninge-1.png\",\"width\":1082,\"height\":542,\"caption\":\"Nyn\u00e4shamn Haninge\"},\"image\":{\"@id\":\"https:\/\/nyforetagarcentrum.se\/haninge\/#\/schema\/logo\/image\/\"}}]}<\/script>\n<!-- \/ Yoast SEO plugin. -->","yoast_head_json":{"title":"Om oss - Nyn\u00e4shamn Haninge","robots":{"index":"index","follow":"follow","max-snippet":"max-snippet:-1","max-image-preview":"max-image-preview:large","max-video-preview":"max-video-preview:-1"},"canonical":"https:\/\/nyforetagarcentrum.se\/haninge\/om-oss\/","og_locale":"sv_SE","og_type":"article","og_title":"Om oss - Nyn\u00e4shamn Haninge","og_description":"225 Under 2025 genomf\u00f6rde vi 225 r\u00e5dgivningar (202 under 2024). 149 De r\u00e5dgivningar som genomf\u00f6rdes 2025 ber\u00f6rde 149 olika aff\u00e4rsid\u00e9er (128 under 2024). 97 Under 2025 bidrog v\u00e5r verksamhet till 97 olika f\u00f6retagsstarter (71 under 2024). \u00c4r ditt f\u00f6retag eller organisation intresserad av att st\u00f6tta Nyf\u00f6retagarCentrum Nyn\u00e4shamn Haninges arbete?","og_url":"https:\/\/nyforetagarcentrum.se\/haninge\/om-oss\/","og_site_name":"Nyn\u00e4shamn Haninge","article_modified_time":"2026-03-03T12:31:33+00:00","twitter_card":"summary_large_image","twitter_misc":{"Ber\u00e4knad l\u00e4stid":"1 minut"},"schema":{"@context":"https:\/\/schema.org","@graph":[{"@type":"WebPage","@id":"https:\/\/nyforetagarcentrum.se\/haninge\/om-oss\/","url":"https:\/\/nyforetagarcentrum.se\/haninge\/om-oss\/","name":"Om oss - Nyn\u00e4shamn Haninge","isPartOf":{"@id":"https:\/\/nyforetagarcentrum.se\/haninge\/#website"},"datePublished":"2024-02-27T15:04:37+00:00","dateModified":"2026-03-03T12:31:33+00:00","breadcrumb":{"@id":"https:\/\/nyforetagarcentrum.se\/haninge\/om-oss\/#breadcrumb"},"inLanguage":"sv-SE","potentialAction":[{"@type":"ReadAction","target":["https:\/\/nyforetagarcentrum.se\/haninge\/om-oss\/"]}]},{"@type":"BreadcrumbList","@id":"https:\/\/nyforetagarcentrum.se\/haninge\/om-oss\/#breadcrumb","itemListElement":[{"@type":"ListItem","position":1,"name":"Hem","item":"https:\/\/nyforetagarcentrum.se\/haninge\/"},{"@type":"ListItem","position":2,"name":"Om oss"}]},{"@type":"WebSite","@id":"https:\/\/nyforetagarcentrum.se\/haninge\/#website","url":"https:\/\/nyforetagarcentrum.se\/haninge\/","name":"Nyn\u00e4shamn Haninge","description":"Sveriges ledande kraft f\u00f6r fler nya livskraftiga f\u00f6retag","publisher":{"@id":"https:\/\/nyforetagarcentrum.se\/haninge\/#organization"},"potentialAction":[{"@type":"SearchAction","target":{"@type":"EntryPoint","urlTemplate":"https:\/\/nyforetagarcentrum.se\/haninge\/?s={search_term_string}"},"query-input":"required name=search_term_string"}],"inLanguage":"sv-SE"},{"@type":"Organization","@id":"https:\/\/nyforetagarcentrum.se\/haninge\/#organization","name":"Nyn\u00e4shamn Haninge","url":"https:\/\/nyforetagarcentrum.se\/haninge\/","logo":{"@type":"ImageObject","inLanguage":"sv-SE","@id":"https:\/\/nyforetagarcentrum.se\/haninge\/#\/schema\/logo\/image\/","url":"https:\/\/nyforetagarcentrum.se\/haninge\/wp-content\/uploads\/sites\/46\/2024\/04\/Nynashamn-haninge-1.png","contentUrl":"https:\/\/nyforetagarcentrum.se\/haninge\/wp-content\/uploads\/sites\/46\/2024\/04\/Nynashamn-haninge-1.png","width":1082,"height":542,"caption":"Nyn\u00e4shamn Haninge"},"image":{"@id":"https:\/\/nyforetagarcentrum.se\/haninge\/#\/schema\/logo\/image\/"}}]}},"_links":{"self":[{"href":"https:\/\/nyforetagarcentrum.se\/haninge\/wp-json\/wp\/v2\/pages\/161"}],"collection":[{"href":"https:\/\/nyforetagarcentrum.se\/haninge\/wp-json\/wp\/v2\/pages"}],"about":[{"href":"https:\/\/nyforetagarcentrum.se\/haninge\/wp-json\/wp\/v2\/types\/page"}],"author":[{"embeddable":true,"href":"https:\/\/nyforetagarcentrum.se\/haninge\/wp-json\/wp\/v2\/users\/1"}],"replies":[{"embeddable":true,"href":"https:\/\/nyforetagarcentrum.se\/haninge\/wp-json\/wp\/v2\/comments?post=161"}],"version-history":[{"count":29,"href":"https:\/\/nyforetagarcentrum.se\/haninge\/wp-json\/wp\/v2\/pages\/161\/revisions"}],"predecessor-version":[{"id":1020,"href":"https:\/\/nyforetagarcentrum.se\/haninge\/wp-json\/wp\/v2\/pages\/161\/revisions\/1020"}],"wp:attachment":[{"href":"https:\/\/nyforetagarcentrum.se\/haninge\/wp-json\/wp\/v2\/media?parent=161"}],"curies":[{"name":"wp","href":"https:\/\/api.w.org\/{rel}","templated":true}]}}