{"id":128,"date":"2024-02-22T11:27:10","date_gmt":"2024-02-22T10:27:10","guid":{"rendered":"https:\/\/nyforetagarcentrum.se\/haninge\/?page_id=128"},"modified":"2026-03-03T13:24:31","modified_gmt":"2026-03-03T12:24:31","slug":"mentor","status":"publish","type":"page","link":"https:\/\/nyforetagarcentrum.se\/haninge\/mentor\/","title":{"rendered":"Mentor"},"content":{"rendered":"<section  class=\"nfc-block-breadcrumbs alignwide\">\n    <div class=\"wrapper contained\">\n        <ol class=\"breadcrumbs\" itemscope itemtype=\"https:\/\/schema.org\/BreadcrumbList\">\n            <li itemprop=\"itemListElement\" itemscope itemtype=\"https:\/\/schema.org\/ListItem\">\n            \n\n                            <span class=\"current\" itemprop=\"name\">Hem<\/span>\n            \n            <meta itemprop=\"position\" content=\"1\" \/>\n        <\/li>\n    <\/ol>    <\/div>\n<\/section>\n\n\n<div style=\"height:var(--wp--preset--spacing--50)\" aria-hidden=\"true\" class=\"wp-block-spacer\"><\/div>\n\n\n<section  class=\"nfc-block-split_screen alignwide image_alignment-right\">\n    <div class=\"wrapper\">\n        <div class=\"nfc-block-split_screen__image-wrapper\">\n            <img loading=\"lazy\" decoding=\"async\" width=\"720\" height=\"1080\" src=\"https:\/\/nyforetagarcentrum.se\/haninge\/wp-content\/uploads\/sites\/46\/2024\/04\/jason-goodman-LpiRngoH8sY-unsplash-720x1080.jpg\" class=\"attachment-landscape size-landscape\" alt=\"\" srcset=\"https:\/\/nyforetagarcentrum.se\/haninge\/wp-content\/uploads\/sites\/46\/2024\/04\/jason-goodman-LpiRngoH8sY-unsplash-720x1080.jpg 720w, https:\/\/nyforetagarcentrum.se\/haninge\/wp-content\/uploads\/sites\/46\/2024\/04\/jason-goodman-LpiRngoH8sY-unsplash-200x300.jpg 200w, https:\/\/nyforetagarcentrum.se\/haninge\/wp-content\/uploads\/sites\/46\/2024\/04\/jason-goodman-LpiRngoH8sY-unsplash-683x1024.jpg 683w, https:\/\/nyforetagarcentrum.se\/haninge\/wp-content\/uploads\/sites\/46\/2024\/04\/jason-goodman-LpiRngoH8sY-unsplash-768x1152.jpg 768w, https:\/\/nyforetagarcentrum.se\/haninge\/wp-content\/uploads\/sites\/46\/2024\/04\/jason-goodman-LpiRngoH8sY-unsplash-1024x1536.jpg 1024w, https:\/\/nyforetagarcentrum.se\/haninge\/wp-content\/uploads\/sites\/46\/2024\/04\/jason-goodman-LpiRngoH8sY-unsplash-1365x2048.jpg 1365w, https:\/\/nyforetagarcentrum.se\/haninge\/wp-content\/uploads\/sites\/46\/2024\/04\/jason-goodman-LpiRngoH8sY-unsplash-scaled.jpg 1707w\" sizes=\"(max-width: 720px) 100vw, 720px\" \/>        <\/div>\n\n        <div class=\"nfc-block-split_screen__content-wrapper\">\n            <h1>\u00c4r du intresserad av att delta i v\u00e5rt mentorprogram?<\/h1>\n<div>\n<p>Livet som ny f\u00f6retagare \u00e4r inte l\u00e4tt, det \u00e4r m\u00e5nga utmaningar och problem man st\u00e4lls inf\u00f6r. Med <b>st\u00f6d och support<\/b>\u00a0av en mentor, en\u00a0<b>oberoende och erfaren<\/b>\u00a0f\u00f6retagare, underl\u00e4ttas starten enormt.<\/p>\n<p>Nyf\u00f6retagarCentrums mentorer arbetar\u00a0<b>ideellt<\/b>\u00a0och erbjuder adepterna sina\u00a0<b>erfarenheter och kunskaper<\/b>\u00a0likv\u00e4l som sina\u00a0<b>n\u00e4tverk<\/b>. Under 12 m\u00e5nader har man m\u00f6jlighet att\u00a0<b>kostnadsfritt<\/b>\u00a0f\u00e5: n\u00e5gon att\u00a0<b>bolla med<\/b>\u00a0och utmana id\u00e9er, hj\u00e4lpen att hitta de l\u00e4mpligaste l\u00f6sningarna och komma till beslut, utveckling av\u00a0<b>kommunikation<\/b>\u00a0och\u00a0<b>n\u00e4tverkande\u00a0<\/b>men framf\u00f6r allt\u2026. n\u00e5gon som utan baktankar <b>st\u00f6ttar, motiverar<\/b>\u00a0och hj\u00e4lper till att\u00a0<b>h\u00e5lla fokus<\/b>\u00a0fram\u00e5t.<\/p>\n<\/div>\n\n                            <div class=\"nfc-block-split_screen__buttons\">\n                                            <a href=\"https:\/\/nyforetagarcentrum.se\/haninge\/mentor\/mentor-eget-foretag\/\" class=\"button primary\">L\u00e4s mer och hur du ans\u00f6ker h\u00e4r<\/a>\n                                    <\/div>\n            \n        <\/div>\n    <\/div>\n<\/section>\n\n\n<div style=\"height:54px\" aria-hidden=\"true\" class=\"wp-block-spacer\"><\/div>\n\n\n\n<div class=\"wp-block-group alignfull has-background is-layout-constrained wp-block-group-is-layout-constrained\" style=\"background-color:#f2e1d7\">\n<div style=\"height:100px\" aria-hidden=\"true\" class=\"wp-block-spacer\"><\/div>\n\n\n\n<h2 class=\"wp-block-heading has-text-align-center has-large-font-size\">Mentor Eget F\u00f6retag<\/h2>\n\n\n\n<div class=\"wp-block-group is-layout-constrained wp-block-group-is-layout-constrained\">\n<p>Vi deltar i det nationella programmet&nbsp;<strong>Mentor Eget F\u00f6retag<\/strong>, ett program som drivs av v\u00e5r moderorganisation Nyf\u00f6retagarcentrum Sverige. Programmet inneb\u00e4r att en nyf\u00f6retagare kostnadsfritt f\u00e5r tillg\u00e5ng till en mentor, som bidrar med sina erfarenheter och sitt n\u00e4tverk p\u00e5 ideell basis under ett \u00e5r. P\u00e5 s\u00e5 s\u00e4tt f\u00e5r man en b\u00e4ttre f\u00f6retagsstart och m\u00f6jlighet till l\u00f6nsamhet och framg\u00e5ng.<\/p>\n\n\n\n<p>Vi p\u00e5 Nyf\u00f6retagarCentrum Nyn\u00e4shamn Haninge har ett begr\u00e4nsat antal platser i programmet. Alla som vill medverka kan tyv\u00e4rr inte f\u00e5 en egen mentor, men vi g\u00f6r allt vad vi kan f\u00f6r alla som anm\u00e4ler sig.&nbsp;Det l\u00f6nar sig att s\u00f6ka! Ett krav \u00e4r att du ska ha varit p\u00e5 r\u00e5dgivning hos oss, skrivit din aff\u00e4rsplan och kommit ig\u00e5ng med din verksamhet.<\/p>\n\n\n\n<p>Senast den 16 september 2026 vill vi ha din ans\u00f6kan inf\u00f6r h\u00f6stens program!<\/p>\n\n\n\n<p>Vill du:<\/p>\n\n\n\n<ul>\n<li>f\u00e5 b\u00e4ttre \u00f6verblick \u00f6ver ditt f\u00f6retagande<\/li>\n\n\n\n<li>att ditt f\u00f6retag ska utvecklas stabilare och snabbare \u00e4n du klarar p\u00e5 egen hand<\/li>\n\n\n\n<li>hitta alternativa v\u00e4gar fram\u00e5t<\/li>\n\n\n\n<li>f\u00e5 tillg\u00e5ng till en erfaren persons kunskaper och n\u00e4tverk<\/li>\n\n\n\n<li>bygga ett n\u00e4tverk av m\u00e4nniskor i samma situation som du<\/li>\n\n\n\n<li>utmanas i din egen personliga utveckling som f\u00f6retagare<\/li>\n<\/ul>\n\n\n\n<p>D\u00e5 kan v\u00e5rt mentorprogram vara n\u00e5got f\u00f6r dig! \u00c4r du beredd att arbeta med dessa fr\u00e5gor kan vi lova dig ett roligt och sp\u00e4nnande \u00e5r!<\/p>\n<\/div>\n\n\n\n<div style=\"height:100px\" aria-hidden=\"true\" class=\"wp-block-spacer\"><\/div>\n<\/div>\n\n\n\n<h2 class=\"wp-block-heading alignwide has-x-large-font-size\">Mentorhandledare hos Nyf\u00f6retagarCentrum Nyn\u00e4shamn Haninge<\/h2>\n\n\n<section  class=\"nfc-block-person_grid alignwide layout-small\">\n    <div class=\"contained\">\n        <div class=\"grid\">\n            <div class=\"person-card\">\n    \n            <div class=\"featured_image\">\n            <img loading=\"lazy\" decoding=\"async\" width=\"150\" height=\"150\" src=\"https:\/\/nyforetagarcentrum.se\/haninge\/wp-content\/uploads\/sites\/46\/2024\/02\/Josefin_Hildinge-150x150.jpg\" class=\"attachment-thumbnail size-thumbnail\" alt=\"\" \/>        <\/div>\n    \n    <div class=\"content-wrapper\">\n        <div class=\"top\">\n                    <\/div>\n        \n        <h3>Josefin Hildinge<\/h3>\n\n        <div class=\"excerpt\">\n            Programansvarig        <\/div>\n\n        <div class=\"links\">\n                            <a href=\"tel:010-151 11 20\">\n                    Telefon: 010-151 11 20                <\/a>\n            \n                            <a href=\"mailto:josefin.hildinge@nyforetagarcentrum.se\">\n                    MAIL: josefin.hildinge@nyforetagarcentrum.se                <\/a>\n                    <\/div>\n        \n    <\/div>\n<\/div>        <\/div>\n    <\/div>\n<\/section>\n\n\n<div style=\"height:100px\" aria-hidden=\"true\" class=\"wp-block-spacer\"><\/div>\n","protected":false},"excerpt":{"rendered":"<p>Mentor Eget F\u00f6retag Vi deltar i det nationella programmet&nbsp;Mentor Eget F\u00f6retag, ett program som drivs av v\u00e5r moderorganisation Nyf\u00f6retagarcentrum Sverige. Programmet inneb\u00e4r att en nyf\u00f6retagare kostnadsfritt f\u00e5r tillg\u00e5ng till en mentor, som bidrar med sina erfarenheter och sitt n\u00e4tverk p\u00e5 ideell basis under ett \u00e5r. P\u00e5 s\u00e5 s\u00e4tt f\u00e5r man en b\u00e4ttre f\u00f6retagsstart och m\u00f6jlighet [&hellip;]<\/p>\n","protected":false},"author":1,"featured_media":0,"parent":0,"menu_order":0,"comment_status":"closed","ping_status":"closed","template":"","meta":{"footnotes":""},"acf":[],"yoast_head":"<!-- This site is optimized with the Yoast SEO plugin v22.9 - https:\/\/yoast.com\/wordpress\/plugins\/seo\/ -->\n<title>Mentor - Nyn\u00e4shamn Haninge<\/title>\n<meta name=\"robots\" content=\"index, follow, max-snippet:-1, max-image-preview:large, max-video-preview:-1\" \/>\n<link rel=\"canonical\" href=\"https:\/\/nyforetagarcentrum.se\/haninge\/mentor\/\" \/>\n<meta property=\"og:locale\" content=\"sv_SE\" \/>\n<meta property=\"og:type\" content=\"article\" \/>\n<meta property=\"og:title\" content=\"Mentor - Nyn\u00e4shamn Haninge\" \/>\n<meta property=\"og:description\" content=\"Mentor Eget F\u00f6retag Vi deltar i det nationella programmet&nbsp;Mentor Eget F\u00f6retag, ett program som drivs av v\u00e5r moderorganisation Nyf\u00f6retagarcentrum Sverige. Programmet inneb\u00e4r att en nyf\u00f6retagare kostnadsfritt f\u00e5r tillg\u00e5ng till en mentor, som bidrar med sina erfarenheter och sitt n\u00e4tverk p\u00e5 ideell basis under ett \u00e5r. P\u00e5 s\u00e5 s\u00e4tt f\u00e5r man en b\u00e4ttre f\u00f6retagsstart och m\u00f6jlighet [&hellip;]\" \/>\n<meta property=\"og:url\" content=\"https:\/\/nyforetagarcentrum.se\/haninge\/mentor\/\" \/>\n<meta property=\"og:site_name\" content=\"Nyn\u00e4shamn Haninge\" \/>\n<meta property=\"article:modified_time\" content=\"2026-03-03T12:24:31+00:00\" \/>\n<meta name=\"twitter:card\" content=\"summary_large_image\" \/>\n<meta name=\"twitter:label1\" content=\"Ber\u00e4knad l\u00e4stid\" \/>\n\t<meta name=\"twitter:data1\" content=\"2 minuter\" \/>\n<script type=\"application\/ld+json\" class=\"yoast-schema-graph\">{\"@context\":\"https:\/\/schema.org\",\"@graph\":[{\"@type\":\"WebPage\",\"@id\":\"https:\/\/nyforetagarcentrum.se\/haninge\/mentor\/\",\"url\":\"https:\/\/nyforetagarcentrum.se\/haninge\/mentor\/\",\"name\":\"Mentor - Nyn\u00e4shamn Haninge\",\"isPartOf\":{\"@id\":\"https:\/\/nyforetagarcentrum.se\/haninge\/#website\"},\"datePublished\":\"2024-02-22T10:27:10+00:00\",\"dateModified\":\"2026-03-03T12:24:31+00:00\",\"breadcrumb\":{\"@id\":\"https:\/\/nyforetagarcentrum.se\/haninge\/mentor\/#breadcrumb\"},\"inLanguage\":\"sv-SE\",\"potentialAction\":[{\"@type\":\"ReadAction\",\"target\":[\"https:\/\/nyforetagarcentrum.se\/haninge\/mentor\/\"]}]},{\"@type\":\"BreadcrumbList\",\"@id\":\"https:\/\/nyforetagarcentrum.se\/haninge\/mentor\/#breadcrumb\",\"itemListElement\":[{\"@type\":\"ListItem\",\"position\":1,\"name\":\"Hem\",\"item\":\"https:\/\/nyforetagarcentrum.se\/haninge\/\"},{\"@type\":\"ListItem\",\"position\":2,\"name\":\"Mentor\"}]},{\"@type\":\"WebSite\",\"@id\":\"https:\/\/nyforetagarcentrum.se\/haninge\/#website\",\"url\":\"https:\/\/nyforetagarcentrum.se\/haninge\/\",\"name\":\"Nyn\u00e4shamn Haninge\",\"description\":\"Sveriges ledande kraft f\u00f6r fler nya livskraftiga f\u00f6retag\",\"publisher\":{\"@id\":\"https:\/\/nyforetagarcentrum.se\/haninge\/#organization\"},\"potentialAction\":[{\"@type\":\"SearchAction\",\"target\":{\"@type\":\"EntryPoint\",\"urlTemplate\":\"https:\/\/nyforetagarcentrum.se\/haninge\/?s={search_term_string}\"},\"query-input\":\"required name=search_term_string\"}],\"inLanguage\":\"sv-SE\"},{\"@type\":\"Organization\",\"@id\":\"https:\/\/nyforetagarcentrum.se\/haninge\/#organization\",\"name\":\"Nyn\u00e4shamn Haninge\",\"url\":\"https:\/\/nyforetagarcentrum.se\/haninge\/\",\"logo\":{\"@type\":\"ImageObject\",\"inLanguage\":\"sv-SE\",\"@id\":\"https:\/\/nyforetagarcentrum.se\/haninge\/#\/schema\/logo\/image\/\",\"url\":\"https:\/\/nyforetagarcentrum.se\/haninge\/wp-content\/uploads\/sites\/46\/2024\/04\/Nynashamn-haninge-1.png\",\"contentUrl\":\"https:\/\/nyforetagarcentrum.se\/haninge\/wp-content\/uploads\/sites\/46\/2024\/04\/Nynashamn-haninge-1.png\",\"width\":1082,\"height\":542,\"caption\":\"Nyn\u00e4shamn Haninge\"},\"image\":{\"@id\":\"https:\/\/nyforetagarcentrum.se\/haninge\/#\/schema\/logo\/image\/\"}}]}<\/script>\n<!-- \/ Yoast SEO plugin. -->","yoast_head_json":{"title":"Mentor - Nyn\u00e4shamn Haninge","robots":{"index":"index","follow":"follow","max-snippet":"max-snippet:-1","max-image-preview":"max-image-preview:large","max-video-preview":"max-video-preview:-1"},"canonical":"https:\/\/nyforetagarcentrum.se\/haninge\/mentor\/","og_locale":"sv_SE","og_type":"article","og_title":"Mentor - Nyn\u00e4shamn Haninge","og_description":"Mentor Eget F\u00f6retag Vi deltar i det nationella programmet&nbsp;Mentor Eget F\u00f6retag, ett program som drivs av v\u00e5r moderorganisation Nyf\u00f6retagarcentrum Sverige. Programmet inneb\u00e4r att en nyf\u00f6retagare kostnadsfritt f\u00e5r tillg\u00e5ng till en mentor, som bidrar med sina erfarenheter och sitt n\u00e4tverk p\u00e5 ideell basis under ett \u00e5r. P\u00e5 s\u00e5 s\u00e4tt f\u00e5r man en b\u00e4ttre f\u00f6retagsstart och m\u00f6jlighet [&hellip;]","og_url":"https:\/\/nyforetagarcentrum.se\/haninge\/mentor\/","og_site_name":"Nyn\u00e4shamn Haninge","article_modified_time":"2026-03-03T12:24:31+00:00","twitter_card":"summary_large_image","twitter_misc":{"Ber\u00e4knad l\u00e4stid":"2 minuter"},"schema":{"@context":"https:\/\/schema.org","@graph":[{"@type":"WebPage","@id":"https:\/\/nyforetagarcentrum.se\/haninge\/mentor\/","url":"https:\/\/nyforetagarcentrum.se\/haninge\/mentor\/","name":"Mentor - Nyn\u00e4shamn Haninge","isPartOf":{"@id":"https:\/\/nyforetagarcentrum.se\/haninge\/#website"},"datePublished":"2024-02-22T10:27:10+00:00","dateModified":"2026-03-03T12:24:31+00:00","breadcrumb":{"@id":"https:\/\/nyforetagarcentrum.se\/haninge\/mentor\/#breadcrumb"},"inLanguage":"sv-SE","potentialAction":[{"@type":"ReadAction","target":["https:\/\/nyforetagarcentrum.se\/haninge\/mentor\/"]}]},{"@type":"BreadcrumbList","@id":"https:\/\/nyforetagarcentrum.se\/haninge\/mentor\/#breadcrumb","itemListElement":[{"@type":"ListItem","position":1,"name":"Hem","item":"https:\/\/nyforetagarcentrum.se\/haninge\/"},{"@type":"ListItem","position":2,"name":"Mentor"}]},{"@type":"WebSite","@id":"https:\/\/nyforetagarcentrum.se\/haninge\/#website","url":"https:\/\/nyforetagarcentrum.se\/haninge\/","name":"Nyn\u00e4shamn Haninge","description":"Sveriges ledande kraft f\u00f6r fler nya livskraftiga f\u00f6retag","publisher":{"@id":"https:\/\/nyforetagarcentrum.se\/haninge\/#organization"},"potentialAction":[{"@type":"SearchAction","target":{"@type":"EntryPoint","urlTemplate":"https:\/\/nyforetagarcentrum.se\/haninge\/?s={search_term_string}"},"query-input":"required name=search_term_string"}],"inLanguage":"sv-SE"},{"@type":"Organization","@id":"https:\/\/nyforetagarcentrum.se\/haninge\/#organization","name":"Nyn\u00e4shamn Haninge","url":"https:\/\/nyforetagarcentrum.se\/haninge\/","logo":{"@type":"ImageObject","inLanguage":"sv-SE","@id":"https:\/\/nyforetagarcentrum.se\/haninge\/#\/schema\/logo\/image\/","url":"https:\/\/nyforetagarcentrum.se\/haninge\/wp-content\/uploads\/sites\/46\/2024\/04\/Nynashamn-haninge-1.png","contentUrl":"https:\/\/nyforetagarcentrum.se\/haninge\/wp-content\/uploads\/sites\/46\/2024\/04\/Nynashamn-haninge-1.png","width":1082,"height":542,"caption":"Nyn\u00e4shamn Haninge"},"image":{"@id":"https:\/\/nyforetagarcentrum.se\/haninge\/#\/schema\/logo\/image\/"}}]}},"_links":{"self":[{"href":"https:\/\/nyforetagarcentrum.se\/haninge\/wp-json\/wp\/v2\/pages\/128"}],"collection":[{"href":"https:\/\/nyforetagarcentrum.se\/haninge\/wp-json\/wp\/v2\/pages"}],"about":[{"href":"https:\/\/nyforetagarcentrum.se\/haninge\/wp-json\/wp\/v2\/types\/page"}],"author":[{"embeddable":true,"href":"https:\/\/nyforetagarcentrum.se\/haninge\/wp-json\/wp\/v2\/users\/1"}],"replies":[{"embeddable":true,"href":"https:\/\/nyforetagarcentrum.se\/haninge\/wp-json\/wp\/v2\/comments?post=128"}],"version-history":[{"count":35,"href":"https:\/\/nyforetagarcentrum.se\/haninge\/wp-json\/wp\/v2\/pages\/128\/revisions"}],"predecessor-version":[{"id":1017,"href":"https:\/\/nyforetagarcentrum.se\/haninge\/wp-json\/wp\/v2\/pages\/128\/revisions\/1017"}],"wp:attachment":[{"href":"https:\/\/nyforetagarcentrum.se\/haninge\/wp-json\/wp\/v2\/media?parent=128"}],"curies":[{"name":"wp","href":"https:\/\/api.w.org\/{rel}","templated":true}]}}