{"id":239,"date":"2024-02-29T13:59:39","date_gmt":"2024-02-29T12:59:39","guid":{"rendered":"https:\/\/nyforetagarcentrum.se\/halsingland\/?page_id=239"},"modified":"2024-09-27T15:09:54","modified_gmt":"2024-09-27T13:09:54","slug":"vara-radgivare","status":"publish","type":"page","link":"https:\/\/nyforetagarcentrum.se\/halsingland\/vara-radgivare\/","title":{"rendered":"V\u00e5ra r\u00e5dgivare"},"content":{"rendered":"<section  class=\"nfc-block-hero alignfull\">\n\n    <img loading=\"lazy\" decoding=\"async\" width=\"1476\" height=\"984\" src=\"https:\/\/nyforetagarcentrum.se\/halsingland\/wp-content\/uploads\/sites\/61\/2024\/02\/Nyforetagare-ung-LOW.jpg\" class=\"attachment-landscape size-landscape\" alt=\"\" srcset=\"https:\/\/nyforetagarcentrum.se\/halsingland\/wp-content\/uploads\/sites\/61\/2024\/02\/Nyforetagare-ung-LOW.jpg 1476w, https:\/\/nyforetagarcentrum.se\/halsingland\/wp-content\/uploads\/sites\/61\/2024\/02\/Nyforetagare-ung-LOW-300x200.jpg 300w, https:\/\/nyforetagarcentrum.se\/halsingland\/wp-content\/uploads\/sites\/61\/2024\/02\/Nyforetagare-ung-LOW-1024x683.jpg 1024w, https:\/\/nyforetagarcentrum.se\/halsingland\/wp-content\/uploads\/sites\/61\/2024\/02\/Nyforetagare-ung-LOW-768x512.jpg 768w\" sizes=\"(max-width: 1476px) 100vw, 1476px\" \/>\n    <div class=\"contained\">\n        <h1 class=\"nfc-block-hero__heading\">V\u00e5ra r\u00e5dgivare<\/h1>\n\n            <\/div>\n<\/section>\n\n\n<div style=\"height:0px\" aria-hidden=\"true\" class=\"wp-block-spacer\"><\/div>\n\n\n\n<div style=\"height:100px\" aria-hidden=\"true\" class=\"wp-block-spacer\"><\/div>\n\n\n<section  class=\"nfc-block-breadcrumbs alignwide\">\n    <div class=\"wrapper contained\">\n        <ol class=\"breadcrumbs\" itemscope itemtype=\"https:\/\/schema.org\/BreadcrumbList\">\n            <li itemprop=\"itemListElement\" itemscope itemtype=\"https:\/\/schema.org\/ListItem\">\n            \n\n                            <span class=\"current\" itemprop=\"name\">Hem<\/span>\n            \n            <meta itemprop=\"position\" content=\"1\" \/>\n        <\/li>\n    <\/ol>    <\/div>\n<\/section>\n\n\n<div class=\"wp-block-group alignfull is-layout-constrained wp-block-group-is-layout-constrained\">\n<p class=\"has-text-align-center\">V\u00e5ra r\u00e5dgivare \u00e4r sj\u00e4lva egna f\u00f6retagare, med erfarenhet av vad det inneb\u00e4r att ta steget till eget f\u00f6retag och att driva f\u00f6retag. De har ocks\u00e5 n\u00e4tverk i sina respektive hemorter, en lokal f\u00f6rankring och kan guida dig till kontakter inom n\u00e4ringslivet som du kan ha stor nytta av i ditt blivande f\u00f6retagande.<\/p>\n\n\n\n<div style=\"height:21px\" aria-hidden=\"true\" class=\"wp-block-spacer\"><\/div>\n\n\n\n<div class=\"wp-block-buttons is-content-justification-center is-layout-flex wp-container-core-buttons-is-layout-1 wp-block-buttons-is-layout-flex\">\n<div class=\"wp-block-button is-style-outline\"><a class=\"wp-block-button__link wp-element-button\" href=\"https:\/\/jobsdata-nyforetagarcentrum.se\/ExternBooking?OfficeId=d8994b61-3696-e811-80d7-0050568571f4&amp;_gl=1*1hrgina*_ga*MjM3MzkyMTUuMTcwODU0OTMxNg..*_ga_9RRJJK0Y4R*MTcxMzc4NzY2MS4xOC4xLjE3MTM3OTE1NTEuNTkuMC4w\" target=\"_blank\" rel=\"noreferrer noopener\">Boka r\u00e5dgivning h\u00e4r<\/a><\/div>\n<\/div>\n\n\n\n<div style=\"height:33px\" aria-hidden=\"true\" class=\"wp-block-spacer\"><\/div>\n<\/div>\n\n\n<section  class=\"nfc-block-person_grid alignwide layout-large\">\n    <div class=\"contained\">\n        <div class=\"grid\">\n            <div class=\"person-large-card\">\n    \n    <div class=\"featured_image\">\n                    <img loading=\"lazy\" decoding=\"async\" width=\"888\" height=\"888\" src=\"https:\/\/nyforetagarcentrum.se\/halsingland\/wp-content\/uploads\/sites\/61\/2024\/08\/Patrik.jpg\" class=\"attachment-large size-large\" alt=\"\" srcset=\"https:\/\/nyforetagarcentrum.se\/halsingland\/wp-content\/uploads\/sites\/61\/2024\/08\/Patrik.jpg 888w, https:\/\/nyforetagarcentrum.se\/halsingland\/wp-content\/uploads\/sites\/61\/2024\/08\/Patrik-300x300.jpg 300w, https:\/\/nyforetagarcentrum.se\/halsingland\/wp-content\/uploads\/sites\/61\/2024\/08\/Patrik-150x150.jpg 150w, https:\/\/nyforetagarcentrum.se\/halsingland\/wp-content\/uploads\/sites\/61\/2024\/08\/Patrik-768x768.jpg 768w\" sizes=\"(max-width: 888px) 100vw, 888px\" \/>            <\/div>\n\n    <div class=\"content-wrapper\">\n        <h3>Patrik \u00c5vestrand<\/h3>\n\n                    <div class=\"excerpt\">\n                R\u00e5dgivare<br \/>\r\nNordanstig<br \/>\r\n            <\/div>\n        \n        <div class=\"links\">\n\n                            <a href=\"tel:070-204 32 27\">\n                    070-204 32 27                <\/a>\n            \n                            <a href=\"mailto:patrik.avestrand@nyforetagarcentrum.se\">\n                    patrik.avestrand@nyforetagarcentrum.se                <\/a>\n                    <\/div>\n        \n    <\/div>\n<\/div><div class=\"person-large-card\">\n    \n    <div class=\"featured_image\">\n                    <img loading=\"lazy\" decoding=\"async\" width=\"800\" height=\"951\" src=\"https:\/\/nyforetagarcentrum.se\/halsingland\/wp-content\/uploads\/sites\/61\/2024\/08\/Helena_Torstensson-1-1292x1536-1.jpg\" class=\"attachment-large size-large\" alt=\"\" srcset=\"https:\/\/nyforetagarcentrum.se\/halsingland\/wp-content\/uploads\/sites\/61\/2024\/08\/Helena_Torstensson-1-1292x1536-1.jpg 800w, https:\/\/nyforetagarcentrum.se\/halsingland\/wp-content\/uploads\/sites\/61\/2024\/08\/Helena_Torstensson-1-1292x1536-1-252x300.jpg 252w, https:\/\/nyforetagarcentrum.se\/halsingland\/wp-content\/uploads\/sites\/61\/2024\/08\/Helena_Torstensson-1-1292x1536-1-768x913.jpg 768w\" sizes=\"(max-width: 800px) 100vw, 800px\" \/>            <\/div>\n\n    <div class=\"content-wrapper\">\n        <h3>Helena Torstensson<\/h3>\n\n                    <div class=\"excerpt\">\n                R\u00e5dgivare<br \/>\r\nHudiksvall \/ S\u00f6derhamn<br \/>\r\n            <\/div>\n        \n        <div class=\"links\">\n\n                            <a href=\"tel:070-643 77 90\">\n                    070-643 77 90                <\/a>\n            \n                            <a href=\"mailto:helena.torstensson@nyforetagarcentrum.se\">\n                    helena.torstensson@nyforetagarcentrum.se                <\/a>\n                    <\/div>\n        \n    <\/div>\n<\/div><div class=\"person-large-card\">\n    \n    <div class=\"featured_image\">\n                    <img loading=\"lazy\" decoding=\"async\" width=\"700\" height=\"769\" src=\"https:\/\/nyforetagarcentrum.se\/halsingland\/wp-content\/uploads\/sites\/61\/2024\/04\/Agnetha-700x769-1-2.jpg\" class=\"attachment-large size-large\" alt=\"\" srcset=\"https:\/\/nyforetagarcentrum.se\/halsingland\/wp-content\/uploads\/sites\/61\/2024\/04\/Agnetha-700x769-1-2.jpg 700w, https:\/\/nyforetagarcentrum.se\/halsingland\/wp-content\/uploads\/sites\/61\/2024\/04\/Agnetha-700x769-1-2-273x300.jpg 273w\" sizes=\"(max-width: 700px) 100vw, 700px\" \/>            <\/div>\n\n    <div class=\"content-wrapper\">\n        <h3>Agnetha P\u00e5hlin<\/h3>\n\n                    <div class=\"excerpt\">\n                R\u00e5dgivare<br \/>\r\nHudiksvall \/ Nordanstig<br \/>\r\n<br \/>\r\n<br \/>\r\n            <\/div>\n        \n        <div class=\"links\">\n\n                            <a href=\"tel:070-666 27 41\">\n                    070-666 27 41                <\/a>\n            \n                            <a href=\"mailto:info@agnethapahlin.se\">\n                    info@agnethapahlin.se                <\/a>\n                    <\/div>\n        \n    <\/div>\n<\/div><div class=\"person-large-card\">\n    \n    <div class=\"featured_image\">\n                    <img loading=\"lazy\" decoding=\"async\" width=\"543\" height=\"669\" src=\"https:\/\/nyforetagarcentrum.se\/halsingland\/wp-content\/uploads\/sites\/61\/2024\/04\/Kerstin-700x700-1-3.jpg\" class=\"attachment-large size-large\" alt=\"\" srcset=\"https:\/\/nyforetagarcentrum.se\/halsingland\/wp-content\/uploads\/sites\/61\/2024\/04\/Kerstin-700x700-1-3.jpg 543w, https:\/\/nyforetagarcentrum.se\/halsingland\/wp-content\/uploads\/sites\/61\/2024\/04\/Kerstin-700x700-1-3-243x300.jpg 243w\" sizes=\"(max-width: 543px) 100vw, 543px\" \/>            <\/div>\n\n    <div class=\"content-wrapper\">\n        <h3>Kerstin Eriksson Vestling<\/h3>\n\n                    <div class=\"excerpt\">\n                R\u00e5dgivare<br \/>\r\nS\u00f6derhamn<br \/>\r\n<br \/>\r\n<br \/>\r\n            <\/div>\n        \n        <div class=\"links\">\n\n                            <a href=\"tel:070-551 80 81\">\n                    070-551 80 81                <\/a>\n            \n                            <a href=\"mailto:kerstin@cityconsult.se\">\n                    kerstin@cityconsult.se                <\/a>\n                    <\/div>\n        \n    <\/div>\n<\/div>        <\/div>\n    <\/div>\n<\/section>\n\n\n<div style=\"height:100px\" aria-hidden=\"true\" class=\"wp-block-spacer\"><\/div>\n","protected":false},"excerpt":{"rendered":"<p>V\u00e5ra r\u00e5dgivare \u00e4r sj\u00e4lva egna f\u00f6retagare, med erfarenhet av vad det inneb\u00e4r att ta steget till eget f\u00f6retag och att driva f\u00f6retag. De har ocks\u00e5 n\u00e4tverk i sina respektive hemorter, en lokal f\u00f6rankring och kan guida dig till kontakter inom n\u00e4ringslivet som du kan ha stor nytta av i ditt blivande f\u00f6retagande.<\/p>\n","protected":false},"author":1,"featured_media":0,"parent":0,"menu_order":0,"comment_status":"closed","ping_status":"closed","template":"","meta":{"footnotes":""},"acf":[],"yoast_head":"<!-- This site is optimized with the Yoast SEO plugin v22.9 - https:\/\/yoast.com\/wordpress\/plugins\/seo\/ -->\n<title>V\u00e5ra r\u00e5dgivare | NFC H\u00e4lsingland<\/title>\n<meta name=\"description\" content=\"F\u00e5 kostnadsfri och personlig r\u00e5dgivning fr\u00e5n experter som hj\u00e4lper dig att starta och utveckla ditt f\u00f6retag!\" \/>\n<meta name=\"robots\" content=\"index, follow, max-snippet:-1, max-image-preview:large, max-video-preview:-1\" \/>\n<link rel=\"canonical\" href=\"https:\/\/nyforetagarcentrum.se\/halsingland\/vara-radgivare\/\" \/>\n<meta property=\"og:locale\" content=\"sv_SE\" \/>\n<meta property=\"og:type\" content=\"article\" \/>\n<meta property=\"og:title\" content=\"V\u00e5ra r\u00e5dgivare | NFC H\u00e4lsingland\" \/>\n<meta property=\"og:description\" content=\"F\u00e5 kostnadsfri och personlig r\u00e5dgivning fr\u00e5n experter som hj\u00e4lper dig att starta och utveckla ditt f\u00f6retag!\" \/>\n<meta property=\"og:url\" content=\"https:\/\/nyforetagarcentrum.se\/halsingland\/vara-radgivare\/\" \/>\n<meta property=\"og:site_name\" content=\"H\u00e4lsingland\" \/>\n<meta property=\"article:modified_time\" content=\"2024-09-27T13:09:54+00:00\" \/>\n<meta name=\"twitter:card\" content=\"summary_large_image\" \/>\n<meta name=\"twitter:label1\" content=\"Ber\u00e4knad l\u00e4stid\" \/>\n\t<meta name=\"twitter:data1\" content=\"1 minut\" \/>\n<script type=\"application\/ld+json\" class=\"yoast-schema-graph\">{\"@context\":\"https:\/\/schema.org\",\"@graph\":[{\"@type\":\"WebPage\",\"@id\":\"https:\/\/nyforetagarcentrum.se\/halsingland\/vara-radgivare\/\",\"url\":\"https:\/\/nyforetagarcentrum.se\/halsingland\/vara-radgivare\/\",\"name\":\"V\u00e5ra r\u00e5dgivare | NFC H\u00e4lsingland\",\"isPartOf\":{\"@id\":\"https:\/\/nyforetagarcentrum.se\/halsingland\/#website\"},\"datePublished\":\"2024-02-29T12:59:39+00:00\",\"dateModified\":\"2024-09-27T13:09:54+00:00\",\"description\":\"F\u00e5 kostnadsfri och personlig r\u00e5dgivning fr\u00e5n experter som hj\u00e4lper dig att starta och utveckla ditt f\u00f6retag!\",\"breadcrumb\":{\"@id\":\"https:\/\/nyforetagarcentrum.se\/halsingland\/vara-radgivare\/#breadcrumb\"},\"inLanguage\":\"sv-SE\",\"potentialAction\":[{\"@type\":\"ReadAction\",\"target\":[\"https:\/\/nyforetagarcentrum.se\/halsingland\/vara-radgivare\/\"]}]},{\"@type\":\"BreadcrumbList\",\"@id\":\"https:\/\/nyforetagarcentrum.se\/halsingland\/vara-radgivare\/#breadcrumb\",\"itemListElement\":[{\"@type\":\"ListItem\",\"position\":1,\"name\":\"Hem\",\"item\":\"https:\/\/nyforetagarcentrum.se\/halsingland\/\"},{\"@type\":\"ListItem\",\"position\":2,\"name\":\"V\u00e5ra r\u00e5dgivare\"}]},{\"@type\":\"WebSite\",\"@id\":\"https:\/\/nyforetagarcentrum.se\/halsingland\/#website\",\"url\":\"https:\/\/nyforetagarcentrum.se\/halsingland\/\",\"name\":\"H\u00e4lsingland\",\"description\":\"Sveriges ledande kraft f\u00f6r fler nya livskraftiga f\u00f6retag\",\"publisher\":{\"@id\":\"https:\/\/nyforetagarcentrum.se\/halsingland\/#organization\"},\"potentialAction\":[{\"@type\":\"SearchAction\",\"target\":{\"@type\":\"EntryPoint\",\"urlTemplate\":\"https:\/\/nyforetagarcentrum.se\/halsingland\/?s={search_term_string}\"},\"query-input\":\"required name=search_term_string\"}],\"inLanguage\":\"sv-SE\"},{\"@type\":\"Organization\",\"@id\":\"https:\/\/nyforetagarcentrum.se\/halsingland\/#organization\",\"name\":\"H\u00e4lsingland\",\"url\":\"https:\/\/nyforetagarcentrum.se\/halsingland\/\",\"logo\":{\"@type\":\"ImageObject\",\"inLanguage\":\"sv-SE\",\"@id\":\"https:\/\/nyforetagarcentrum.se\/halsingland\/#\/schema\/logo\/image\/\",\"url\":\"https:\/\/nyforetagarcentrum.se\/halsingland\/wp-content\/uploads\/sites\/61\/2024\/04\/Halsingland.png\",\"contentUrl\":\"https:\/\/nyforetagarcentrum.se\/halsingland\/wp-content\/uploads\/sites\/61\/2024\/04\/Halsingland.png\",\"width\":1082,\"height\":542,\"caption\":\"H\u00e4lsingland\"},\"image\":{\"@id\":\"https:\/\/nyforetagarcentrum.se\/halsingland\/#\/schema\/logo\/image\/\"}}]}<\/script>\n<!-- \/ Yoast SEO plugin. -->","yoast_head_json":{"title":"V\u00e5ra r\u00e5dgivare | NFC H\u00e4lsingland","description":"F\u00e5 kostnadsfri och personlig r\u00e5dgivning fr\u00e5n experter som hj\u00e4lper dig att starta och utveckla ditt f\u00f6retag!","robots":{"index":"index","follow":"follow","max-snippet":"max-snippet:-1","max-image-preview":"max-image-preview:large","max-video-preview":"max-video-preview:-1"},"canonical":"https:\/\/nyforetagarcentrum.se\/halsingland\/vara-radgivare\/","og_locale":"sv_SE","og_type":"article","og_title":"V\u00e5ra r\u00e5dgivare | NFC H\u00e4lsingland","og_description":"F\u00e5 kostnadsfri och personlig r\u00e5dgivning fr\u00e5n experter som hj\u00e4lper dig att starta och utveckla ditt f\u00f6retag!","og_url":"https:\/\/nyforetagarcentrum.se\/halsingland\/vara-radgivare\/","og_site_name":"H\u00e4lsingland","article_modified_time":"2024-09-27T13:09:54+00:00","twitter_card":"summary_large_image","twitter_misc":{"Ber\u00e4knad l\u00e4stid":"1 minut"},"schema":{"@context":"https:\/\/schema.org","@graph":[{"@type":"WebPage","@id":"https:\/\/nyforetagarcentrum.se\/halsingland\/vara-radgivare\/","url":"https:\/\/nyforetagarcentrum.se\/halsingland\/vara-radgivare\/","name":"V\u00e5ra r\u00e5dgivare | NFC H\u00e4lsingland","isPartOf":{"@id":"https:\/\/nyforetagarcentrum.se\/halsingland\/#website"},"datePublished":"2024-02-29T12:59:39+00:00","dateModified":"2024-09-27T13:09:54+00:00","description":"F\u00e5 kostnadsfri och personlig r\u00e5dgivning fr\u00e5n experter som hj\u00e4lper dig att starta och utveckla ditt f\u00f6retag!","breadcrumb":{"@id":"https:\/\/nyforetagarcentrum.se\/halsingland\/vara-radgivare\/#breadcrumb"},"inLanguage":"sv-SE","potentialAction":[{"@type":"ReadAction","target":["https:\/\/nyforetagarcentrum.se\/halsingland\/vara-radgivare\/"]}]},{"@type":"BreadcrumbList","@id":"https:\/\/nyforetagarcentrum.se\/halsingland\/vara-radgivare\/#breadcrumb","itemListElement":[{"@type":"ListItem","position":1,"name":"Hem","item":"https:\/\/nyforetagarcentrum.se\/halsingland\/"},{"@type":"ListItem","position":2,"name":"V\u00e5ra r\u00e5dgivare"}]},{"@type":"WebSite","@id":"https:\/\/nyforetagarcentrum.se\/halsingland\/#website","url":"https:\/\/nyforetagarcentrum.se\/halsingland\/","name":"H\u00e4lsingland","description":"Sveriges ledande kraft f\u00f6r fler nya livskraftiga f\u00f6retag","publisher":{"@id":"https:\/\/nyforetagarcentrum.se\/halsingland\/#organization"},"potentialAction":[{"@type":"SearchAction","target":{"@type":"EntryPoint","urlTemplate":"https:\/\/nyforetagarcentrum.se\/halsingland\/?s={search_term_string}"},"query-input":"required name=search_term_string"}],"inLanguage":"sv-SE"},{"@type":"Organization","@id":"https:\/\/nyforetagarcentrum.se\/halsingland\/#organization","name":"H\u00e4lsingland","url":"https:\/\/nyforetagarcentrum.se\/halsingland\/","logo":{"@type":"ImageObject","inLanguage":"sv-SE","@id":"https:\/\/nyforetagarcentrum.se\/halsingland\/#\/schema\/logo\/image\/","url":"https:\/\/nyforetagarcentrum.se\/halsingland\/wp-content\/uploads\/sites\/61\/2024\/04\/Halsingland.png","contentUrl":"https:\/\/nyforetagarcentrum.se\/halsingland\/wp-content\/uploads\/sites\/61\/2024\/04\/Halsingland.png","width":1082,"height":542,"caption":"H\u00e4lsingland"},"image":{"@id":"https:\/\/nyforetagarcentrum.se\/halsingland\/#\/schema\/logo\/image\/"}}]}},"_links":{"self":[{"href":"https:\/\/nyforetagarcentrum.se\/halsingland\/wp-json\/wp\/v2\/pages\/239"}],"collection":[{"href":"https:\/\/nyforetagarcentrum.se\/halsingland\/wp-json\/wp\/v2\/pages"}],"about":[{"href":"https:\/\/nyforetagarcentrum.se\/halsingland\/wp-json\/wp\/v2\/types\/page"}],"author":[{"embeddable":true,"href":"https:\/\/nyforetagarcentrum.se\/halsingland\/wp-json\/wp\/v2\/users\/1"}],"replies":[{"embeddable":true,"href":"https:\/\/nyforetagarcentrum.se\/halsingland\/wp-json\/wp\/v2\/comments?post=239"}],"version-history":[{"count":9,"href":"https:\/\/nyforetagarcentrum.se\/halsingland\/wp-json\/wp\/v2\/pages\/239\/revisions"}],"predecessor-version":[{"id":560,"href":"https:\/\/nyforetagarcentrum.se\/halsingland\/wp-json\/wp\/v2\/pages\/239\/revisions\/560"}],"wp:attachment":[{"href":"https:\/\/nyforetagarcentrum.se\/halsingland\/wp-json\/wp\/v2\/media?parent=239"}],"curies":[{"name":"wp","href":"https:\/\/api.w.org\/{rel}","templated":true}]}}