{"id":48,"date":"2024-02-22T10:29:05","date_gmt":"2024-02-22T09:29:05","guid":{"rendered":"https:\/\/nyforetagarcentrum.se\/halland\/?page_id=48"},"modified":"2025-05-22T10:30:16","modified_gmt":"2025-05-22T08:30:16","slug":"erbjudanden","status":"publish","type":"page","link":"https:\/\/nyforetagarcentrum.se\/halland\/erbjudanden\/","title":{"rendered":"Erbjudanden"},"content":{"rendered":"<section  class=\"nfc-block-hero alignfull\">\n\n    <img loading=\"lazy\" decoding=\"async\" width=\"1512\" height=\"745\" src=\"https:\/\/nyforetagarcentrum.se\/halland\/wp-content\/uploads\/sites\/96\/2024\/02\/Topp-banner-2.png\" class=\"attachment-landscape size-landscape\" alt=\"\" srcset=\"https:\/\/nyforetagarcentrum.se\/halland\/wp-content\/uploads\/sites\/96\/2024\/02\/Topp-banner-2.png 1512w, https:\/\/nyforetagarcentrum.se\/halland\/wp-content\/uploads\/sites\/96\/2024\/02\/Topp-banner-2-300x148.png 300w, https:\/\/nyforetagarcentrum.se\/halland\/wp-content\/uploads\/sites\/96\/2024\/02\/Topp-banner-2-1024x505.png 1024w, https:\/\/nyforetagarcentrum.se\/halland\/wp-content\/uploads\/sites\/96\/2024\/02\/Topp-banner-2-768x378.png 768w\" sizes=\"(max-width: 1512px) 100vw, 1512px\" \/>\n    <div class=\"contained\">\n        <h1 class=\"nfc-block-hero__heading\">V\u00e5ra erbjudanden till dig som \u00e4r f\u00f6retagare<\/h1>\n\n            <\/div>\n<\/section>\n\n\n<div style=\"height:50px\" aria-hidden=\"true\" class=\"wp-block-spacer\"><\/div>\n\n\n<section  class=\"nfc-block-breadcrumbs\">\n    <div class=\"wrapper contained\">\n        <ol class=\"breadcrumbs\" itemscope itemtype=\"https:\/\/schema.org\/BreadcrumbList\">\n            <li itemprop=\"itemListElement\" itemscope itemtype=\"https:\/\/schema.org\/ListItem\">\n            \n\n                            <span class=\"current\" itemprop=\"name\">Hem<\/span>\n            \n            <meta itemprop=\"position\" content=\"1\" \/>\n        <\/li>\n    <\/ol>    <\/div>\n<\/section>\n\n\n<h2 class=\"wp-block-heading alignwide has-x-large-font-size\">Ta del av exklusiva erbjudanden<\/h2>\n\n\n<section  class=\"nfc-block-offer_grid alignwide layout-small\">\n    <div class=\"contained\">\n\n        <div class=\"filter-row\">\n                            <select name=\"offers-category\" id=\"offers-category\" class=\"styled\">\n                    <option value=\"\">Alla kategorier<\/option>\n                                            <option value=\"bank\">Bank (2)<\/option>\n                                            <option value=\"bokforing\">Bokf\u00f6ring (1)<\/option>\n                                            <option value=\"bokforingssystem\">Bokf\u00f6ringssystem (1)<\/option>\n                                            <option value=\"ekonomi\">Ekonomi (1)<\/option>\n                                            <option value=\"foretagsforsakring\">F\u00f6retagsf\u00f6rs\u00e4kring (1)<\/option>\n                                    <\/select>\n            \n                            <button id=\"local-offers-button\">\n                    Lokala partners\n                <\/button>\n                <button id=\"national-offers-button\" class=\"outlined\">\n                    Nationella partners\n                <\/button>\n                    <\/div>\n\n        <div class=\"grid\" id=\"offers-grid\">\n            <div class=\"offer-card\">\n\n    <div class=\"gallery-wrapper\">\n                    <div class=\"selected-media\">\n                                    <img loading=\"lazy\" decoding=\"async\" width=\"1024\" height=\"683\" src=\"https:\/\/nyforetagarcentrum.se\/halland\/wp-content\/uploads\/sites\/96\/2024\/02\/ff0c142f817a811d1f53e3e824c71240-1024x683.png\" class=\"attachment-large size-large\" alt=\"\" srcset=\"https:\/\/nyforetagarcentrum.se\/halland\/wp-content\/uploads\/sites\/96\/2024\/02\/ff0c142f817a811d1f53e3e824c71240-1024x683.png 1024w, https:\/\/nyforetagarcentrum.se\/halland\/wp-content\/uploads\/sites\/96\/2024\/02\/ff0c142f817a811d1f53e3e824c71240-300x200.png 300w, https:\/\/nyforetagarcentrum.se\/halland\/wp-content\/uploads\/sites\/96\/2024\/02\/ff0c142f817a811d1f53e3e824c71240-768x512.png 768w, https:\/\/nyforetagarcentrum.se\/halland\/wp-content\/uploads\/sites\/96\/2024\/02\/ff0c142f817a811d1f53e3e824c71240.png 1470w\" sizes=\"(max-width: 1024px) 100vw, 1024px\" \/>                            <\/div>\n        \n            <\/div>\n\n\n    <div class=\"content-wrapper\">\n        \n        <h3>L\u00e4nsf\u00f6rs\u00e4kringar &#8211; Banktj\u00e4nster &amp; F\u00f6retagsf\u00f6rs\u00e4kring<\/h3>\n\n                    <div class=\"spacer s\"><\/div>\n            <div class=\"categories\">\n                                    <div class=\"tag small\">Bank<\/div>\n                                    <div class=\"tag small\">F\u00f6retagsf\u00f6rs\u00e4kring<\/div>\n                            <\/div>\n        \n        <div class=\"content\">\n            <p><a href=\"https:\/\/www.lansforsakringar.se\/halland\/foretag\/om-oss\/erbjudanden\/foretagskund-halland\/foretagskund-halland\/\" target=\"_blank\" rel=\"noopener\"><img loading=\"lazy\" decoding=\"async\" class=\"alignnone wp-image-388 size-full\" src=\"https:\/\/nyforetagarcentrum.se\/halland\/wp-content\/uploads\/sites\/96\/2024\/05\/8.png\" alt=\"\" width=\"300\" height=\"94\" \/><\/a><br \/>\n<strong>Baspaket bank &#8211; endast 1 200 kronor<\/strong><br \/>\nN\u00e4r du startar f\u00f6retag beh\u00f6ver du betaltj\u00e4nster, bankkonto, bankgiro och bankkort. Hos L\u00e4nsf\u00f6rs\u00e4kringar Halland kan du f\u00e5 allt f\u00f6r bara 1 200 kronor per \u00e5r.<\/p>\n<div>\n<p class=\"card-title mb-05 mt-1 link-hover-underline\"><strong><span class=\"link-no-underline text-navy\">6 m\u00e5nader f\u00f6rs\u00e4kring f\u00f6r bara 1 000 kronor <\/span><\/strong><br \/>\nDu beh\u00f6ver en f\u00f6retagsf\u00f6rs\u00e4kring! Med L\u00e4nsf\u00f6rs\u00e4kringars Starta f\u00f6retagsf\u00f6rs\u00e4kring f\u00e5r du 6 m\u00e5naders trygghet f\u00f6r bara 1 000 kronor. Efter det f\u00f6rsta halv\u00e5ret hj\u00e4lper de dig att anpassa f\u00f6rs\u00e4kringen efter ditt f\u00f6retags behov.<\/p>\n<\/div>\n        <\/div>\n\n                    <a href=\"https:\/\/www.lansforsakringar.se\/halland\/foretag\/om-oss\/erbjudanden\/foretagskund-halland\/foretagskund-halland\/\" class=\"offer-button button outlined\" target=\"_blank\">\n                L\u00e4nsf\u00f6rs\u00e4kringar Halland                                    <div class=\"icon icon-external\"><\/div>\n                            <\/a>\n            <\/div>\n<\/div><div class=\"offer-card\">\n\n    <div class=\"gallery-wrapper\">\n                    <div class=\"selected-media\">\n                                    <img loading=\"lazy\" decoding=\"async\" width=\"1024\" height=\"683\" src=\"https:\/\/nyforetagarcentrum.se\/halland\/wp-content\/uploads\/sites\/96\/2024\/02\/Nyforetagare-kultur-LOW-1024x683.jpg\" class=\"attachment-large size-large\" alt=\"\" srcset=\"https:\/\/nyforetagarcentrum.se\/halland\/wp-content\/uploads\/sites\/96\/2024\/02\/Nyforetagare-kultur-LOW-1024x683.jpg 1024w, https:\/\/nyforetagarcentrum.se\/halland\/wp-content\/uploads\/sites\/96\/2024\/02\/Nyforetagare-kultur-LOW-300x200.jpg 300w, https:\/\/nyforetagarcentrum.se\/halland\/wp-content\/uploads\/sites\/96\/2024\/02\/Nyforetagare-kultur-LOW-768x512.jpg 768w, https:\/\/nyforetagarcentrum.se\/halland\/wp-content\/uploads\/sites\/96\/2024\/02\/Nyforetagare-kultur-LOW.jpg 1476w\" sizes=\"(max-width: 1024px) 100vw, 1024px\" \/>                            <\/div>\n        \n            <\/div>\n\n\n    <div class=\"content-wrapper\">\n        \n        <h3>Falkenbergs Sparbank &#8211; En lokal bank f\u00f6r dig som f\u00f6retagare<\/h3>\n\n                    <div class=\"spacer s\"><\/div>\n            <div class=\"categories\">\n                                    <div class=\"tag small\">Bank<\/div>\n                            <\/div>\n        \n        <div class=\"content\">\n            <p><img loading=\"lazy\" decoding=\"async\" class=\"alignnone wp-image-394\" src=\"https:\/\/nyforetagarcentrum.se\/halland\/wp-content\/uploads\/sites\/96\/2024\/05\/14.png\" alt=\"\" width=\"262\" height=\"82\" \/><\/p>\n<p>Falkenbergs Sparbank \u00e4r en lokal bank med engagemang och kunskap om den lokala marknaden.<\/p>\n<p>De kan hj\u00e4lpa dig med alltifr\u00e5n pension, bankkonto, betalningsl\u00f6sningar och andra banktj\u00e4nster.<\/p>\n<p>L\u00e4s mer om deras erbjudanden till f\u00f6retag!<\/p>\n        <\/div>\n\n                    <a href=\"https:\/\/www.falkenbergssparbank.se\/foretag\/bli-kund.html\" class=\"offer-button button outlined\" target=\"_blank\">\n                BLI KUND                                    <div class=\"icon icon-external\"><\/div>\n                            <\/a>\n            <\/div>\n<\/div><div class=\"offer-card\">\n\n    <div class=\"gallery-wrapper\">\n                    <div class=\"selected-media\">\n                                    <img loading=\"lazy\" decoding=\"async\" width=\"1024\" height=\"751\" src=\"https:\/\/nyforetagarcentrum.se\/halland\/wp-content\/uploads\/sites\/96\/2024\/02\/Nyforetagare-ung-kvinna-2-LOW-1024x751.jpg\" class=\"attachment-large size-large\" alt=\"\" srcset=\"https:\/\/nyforetagarcentrum.se\/halland\/wp-content\/uploads\/sites\/96\/2024\/02\/Nyforetagare-ung-kvinna-2-LOW-1024x751.jpg 1024w, https:\/\/nyforetagarcentrum.se\/halland\/wp-content\/uploads\/sites\/96\/2024\/02\/Nyforetagare-ung-kvinna-2-LOW-300x220.jpg 300w, https:\/\/nyforetagarcentrum.se\/halland\/wp-content\/uploads\/sites\/96\/2024\/02\/Nyforetagare-ung-kvinna-2-LOW-768x564.jpg 768w, https:\/\/nyforetagarcentrum.se\/halland\/wp-content\/uploads\/sites\/96\/2024\/02\/Nyforetagare-ung-kvinna-2-LOW-1472x1080.jpg 1472w, https:\/\/nyforetagarcentrum.se\/halland\/wp-content\/uploads\/sites\/96\/2024\/02\/Nyforetagare-ung-kvinna-2-LOW.jpg 1476w\" sizes=\"(max-width: 1024px) 100vw, 1024px\" \/>                            <\/div>\n        \n            <\/div>\n\n\n    <div class=\"content-wrapper\">\n        \n        <h3>Ludvig &amp; Co<\/h3>\n\n                    <div class=\"spacer s\"><\/div>\n            <div class=\"categories\">\n                                    <div class=\"tag small\">Bokf\u00f6ring<\/div>\n                                    <div class=\"tag small\">Bokf\u00f6ringssystem<\/div>\n                                    <div class=\"tag small\">Ekonomi<\/div>\n                            <\/div>\n        \n        <div class=\"content\">\n            <p><img loading=\"lazy\" decoding=\"async\" class=\"alignnone size-full wp-image-385\" src=\"https:\/\/nyforetagarcentrum.se\/halland\/wp-content\/uploads\/sites\/96\/2024\/05\/5.png\" alt=\"\" width=\"300\" height=\"94\" \/><\/p>\n<p>Tr\u00e4ffa Ludvig &amp; Co och f\u00e5 r\u00e5d kring ekonomi, bokf\u00f6ring och bokf\u00f6ringssystem.<\/p>\n<p>Ludvig &amp; Co \u00e4r Sveriges st\u00f6rsta konsultbyr\u00e5 f\u00f6r sm\u00e5f\u00f6retagare. De kan hj\u00e4lpa dig med redovisning, bokslut, l\u00f6neadministration, aff\u00e4rsutveckling och s\u00e5 mycket mer.<\/p>\n<p><strong>Boka en kostnadsfri r\u00e5dgivning p\u00e5 ditt lokala kontor!<\/strong><br \/>\nTa kontakt med Josefine Str\u00f6mberg f\u00f6r mer information och boka m\u00f6te.<\/p>\n<p><strong>Josefine Str\u00f6mberg<\/strong><br \/>\nEmail: josefine.stromberg@ludvig.se<br \/>\nTel. 035-182 929<\/p>\n        <\/div>\n\n                    <a href=\"https:\/\/www.ludvig.se\" class=\"offer-button button outlined\" target=\"_blank\">\n                Ludvig &amp; Co                                    <div class=\"icon icon-external\"><\/div>\n                            <\/a>\n            <\/div>\n<\/div>        <\/div>\n    <\/div>\n<\/section>\n\n\n<div style=\"height:80px\" aria-hidden=\"true\" class=\"wp-block-spacer\"><\/div>\n","protected":false},"excerpt":{"rendered":"<p>Ta del av exklusiva erbjudanden<\/p>\n","protected":false},"author":1,"featured_media":0,"parent":0,"menu_order":0,"comment_status":"closed","ping_status":"closed","template":"","meta":{"footnotes":""},"acf":[],"yoast_head":"<!-- This site is optimized with the Yoast SEO plugin v22.9 - https:\/\/yoast.com\/wordpress\/plugins\/seo\/ -->\n<title>Erbjudanden - Halland<\/title>\n<meta name=\"robots\" content=\"index, follow, max-snippet:-1, max-image-preview:large, max-video-preview:-1\" \/>\n<link rel=\"canonical\" href=\"https:\/\/nyforetagarcentrum.se\/halland\/erbjudanden\/\" \/>\n<meta property=\"og:locale\" content=\"sv_SE\" \/>\n<meta property=\"og:type\" content=\"article\" \/>\n<meta property=\"og:title\" content=\"Erbjudanden - Halland\" \/>\n<meta property=\"og:description\" content=\"Ta del av exklusiva erbjudanden\" \/>\n<meta property=\"og:url\" content=\"https:\/\/nyforetagarcentrum.se\/halland\/erbjudanden\/\" \/>\n<meta property=\"og:site_name\" content=\"Halland\" \/>\n<meta property=\"article:modified_time\" content=\"2025-05-22T08:30:16+00:00\" \/>\n<meta name=\"twitter:card\" content=\"summary_large_image\" \/>\n<meta name=\"twitter:label1\" content=\"Ber\u00e4knad l\u00e4stid\" \/>\n\t<meta name=\"twitter:data1\" content=\"1 minut\" \/>\n<script type=\"application\/ld+json\" class=\"yoast-schema-graph\">{\"@context\":\"https:\/\/schema.org\",\"@graph\":[{\"@type\":\"WebPage\",\"@id\":\"https:\/\/nyforetagarcentrum.se\/halland\/erbjudanden\/\",\"url\":\"https:\/\/nyforetagarcentrum.se\/halland\/erbjudanden\/\",\"name\":\"Erbjudanden - Halland\",\"isPartOf\":{\"@id\":\"https:\/\/nyforetagarcentrum.se\/halland\/#website\"},\"datePublished\":\"2024-02-22T09:29:05+00:00\",\"dateModified\":\"2025-05-22T08:30:16+00:00\",\"breadcrumb\":{\"@id\":\"https:\/\/nyforetagarcentrum.se\/halland\/erbjudanden\/#breadcrumb\"},\"inLanguage\":\"sv-SE\",\"potentialAction\":[{\"@type\":\"ReadAction\",\"target\":[\"https:\/\/nyforetagarcentrum.se\/halland\/erbjudanden\/\"]}]},{\"@type\":\"BreadcrumbList\",\"@id\":\"https:\/\/nyforetagarcentrum.se\/halland\/erbjudanden\/#breadcrumb\",\"itemListElement\":[{\"@type\":\"ListItem\",\"position\":1,\"name\":\"Hem\",\"item\":\"https:\/\/nyforetagarcentrum.se\/halland\/\"},{\"@type\":\"ListItem\",\"position\":2,\"name\":\"Erbjudanden\"}]},{\"@type\":\"WebSite\",\"@id\":\"https:\/\/nyforetagarcentrum.se\/halland\/#website\",\"url\":\"https:\/\/nyforetagarcentrum.se\/halland\/\",\"name\":\"Halland\",\"description\":\"Sveriges ledande kraft f\u00f6r fler nya livskraftiga f\u00f6retag\",\"publisher\":{\"@id\":\"https:\/\/nyforetagarcentrum.se\/halland\/#organization\"},\"potentialAction\":[{\"@type\":\"SearchAction\",\"target\":{\"@type\":\"EntryPoint\",\"urlTemplate\":\"https:\/\/nyforetagarcentrum.se\/halland\/?s={search_term_string}\"},\"query-input\":\"required name=search_term_string\"}],\"inLanguage\":\"sv-SE\"},{\"@type\":\"Organization\",\"@id\":\"https:\/\/nyforetagarcentrum.se\/halland\/#organization\",\"name\":\"Halland\",\"url\":\"https:\/\/nyforetagarcentrum.se\/halland\/\",\"logo\":{\"@type\":\"ImageObject\",\"inLanguage\":\"sv-SE\",\"@id\":\"https:\/\/nyforetagarcentrum.se\/halland\/#\/schema\/logo\/image\/\",\"url\":\"https:\/\/nyforetagarcentrum.se\/halland\/wp-content\/uploads\/sites\/96\/2024\/05\/Halland.png\",\"contentUrl\":\"https:\/\/nyforetagarcentrum.se\/halland\/wp-content\/uploads\/sites\/96\/2024\/05\/Halland.png\",\"width\":1082,\"height\":542,\"caption\":\"Halland\"},\"image\":{\"@id\":\"https:\/\/nyforetagarcentrum.se\/halland\/#\/schema\/logo\/image\/\"}}]}<\/script>\n<!-- \/ Yoast SEO plugin. -->","yoast_head_json":{"title":"Erbjudanden - Halland","robots":{"index":"index","follow":"follow","max-snippet":"max-snippet:-1","max-image-preview":"max-image-preview:large","max-video-preview":"max-video-preview:-1"},"canonical":"https:\/\/nyforetagarcentrum.se\/halland\/erbjudanden\/","og_locale":"sv_SE","og_type":"article","og_title":"Erbjudanden - Halland","og_description":"Ta del av exklusiva erbjudanden","og_url":"https:\/\/nyforetagarcentrum.se\/halland\/erbjudanden\/","og_site_name":"Halland","article_modified_time":"2025-05-22T08:30:16+00:00","twitter_card":"summary_large_image","twitter_misc":{"Ber\u00e4knad l\u00e4stid":"1 minut"},"schema":{"@context":"https:\/\/schema.org","@graph":[{"@type":"WebPage","@id":"https:\/\/nyforetagarcentrum.se\/halland\/erbjudanden\/","url":"https:\/\/nyforetagarcentrum.se\/halland\/erbjudanden\/","name":"Erbjudanden - Halland","isPartOf":{"@id":"https:\/\/nyforetagarcentrum.se\/halland\/#website"},"datePublished":"2024-02-22T09:29:05+00:00","dateModified":"2025-05-22T08:30:16+00:00","breadcrumb":{"@id":"https:\/\/nyforetagarcentrum.se\/halland\/erbjudanden\/#breadcrumb"},"inLanguage":"sv-SE","potentialAction":[{"@type":"ReadAction","target":["https:\/\/nyforetagarcentrum.se\/halland\/erbjudanden\/"]}]},{"@type":"BreadcrumbList","@id":"https:\/\/nyforetagarcentrum.se\/halland\/erbjudanden\/#breadcrumb","itemListElement":[{"@type":"ListItem","position":1,"name":"Hem","item":"https:\/\/nyforetagarcentrum.se\/halland\/"},{"@type":"ListItem","position":2,"name":"Erbjudanden"}]},{"@type":"WebSite","@id":"https:\/\/nyforetagarcentrum.se\/halland\/#website","url":"https:\/\/nyforetagarcentrum.se\/halland\/","name":"Halland","description":"Sveriges ledande kraft f\u00f6r fler nya livskraftiga f\u00f6retag","publisher":{"@id":"https:\/\/nyforetagarcentrum.se\/halland\/#organization"},"potentialAction":[{"@type":"SearchAction","target":{"@type":"EntryPoint","urlTemplate":"https:\/\/nyforetagarcentrum.se\/halland\/?s={search_term_string}"},"query-input":"required name=search_term_string"}],"inLanguage":"sv-SE"},{"@type":"Organization","@id":"https:\/\/nyforetagarcentrum.se\/halland\/#organization","name":"Halland","url":"https:\/\/nyforetagarcentrum.se\/halland\/","logo":{"@type":"ImageObject","inLanguage":"sv-SE","@id":"https:\/\/nyforetagarcentrum.se\/halland\/#\/schema\/logo\/image\/","url":"https:\/\/nyforetagarcentrum.se\/halland\/wp-content\/uploads\/sites\/96\/2024\/05\/Halland.png","contentUrl":"https:\/\/nyforetagarcentrum.se\/halland\/wp-content\/uploads\/sites\/96\/2024\/05\/Halland.png","width":1082,"height":542,"caption":"Halland"},"image":{"@id":"https:\/\/nyforetagarcentrum.se\/halland\/#\/schema\/logo\/image\/"}}]}},"_links":{"self":[{"href":"https:\/\/nyforetagarcentrum.se\/halland\/wp-json\/wp\/v2\/pages\/48"}],"collection":[{"href":"https:\/\/nyforetagarcentrum.se\/halland\/wp-json\/wp\/v2\/pages"}],"about":[{"href":"https:\/\/nyforetagarcentrum.se\/halland\/wp-json\/wp\/v2\/types\/page"}],"author":[{"embeddable":true,"href":"https:\/\/nyforetagarcentrum.se\/halland\/wp-json\/wp\/v2\/users\/1"}],"replies":[{"embeddable":true,"href":"https:\/\/nyforetagarcentrum.se\/halland\/wp-json\/wp\/v2\/comments?post=48"}],"version-history":[{"count":10,"href":"https:\/\/nyforetagarcentrum.se\/halland\/wp-json\/wp\/v2\/pages\/48\/revisions"}],"predecessor-version":[{"id":677,"href":"https:\/\/nyforetagarcentrum.se\/halland\/wp-json\/wp\/v2\/pages\/48\/revisions\/677"}],"wp:attachment":[{"href":"https:\/\/nyforetagarcentrum.se\/halland\/wp-json\/wp\/v2\/media?parent=48"}],"curies":[{"name":"wp","href":"https:\/\/api.w.org\/{rel}","templated":true}]}}