{"id":239,"date":"2024-02-29T13:59:39","date_gmt":"2024-02-29T12:59:39","guid":{"rendered":"https:\/\/nyforetagarcentrum.se\/halland\/?page_id=239"},"modified":"2024-06-04T15:44:21","modified_gmt":"2024-06-04T13:44:21","slug":"vara-radgivare","status":"publish","type":"page","link":"https:\/\/nyforetagarcentrum.se\/halland\/vara-radgivare\/","title":{"rendered":"V\u00e5ra r\u00e5dgivare"},"content":{"rendered":"<section  class=\"nfc-block-hero alignfull\">\n\n    <img loading=\"lazy\" decoding=\"async\" width=\"1476\" height=\"984\" src=\"https:\/\/nyforetagarcentrum.se\/halland\/wp-content\/uploads\/sites\/96\/2024\/02\/Nyforetagare-ung-LOW.jpg\" class=\"attachment-landscape size-landscape\" alt=\"\" srcset=\"https:\/\/nyforetagarcentrum.se\/halland\/wp-content\/uploads\/sites\/96\/2024\/02\/Nyforetagare-ung-LOW.jpg 1476w, https:\/\/nyforetagarcentrum.se\/halland\/wp-content\/uploads\/sites\/96\/2024\/02\/Nyforetagare-ung-LOW-300x200.jpg 300w, https:\/\/nyforetagarcentrum.se\/halland\/wp-content\/uploads\/sites\/96\/2024\/02\/Nyforetagare-ung-LOW-1024x683.jpg 1024w, https:\/\/nyforetagarcentrum.se\/halland\/wp-content\/uploads\/sites\/96\/2024\/02\/Nyforetagare-ung-LOW-768x512.jpg 768w\" sizes=\"(max-width: 1476px) 100vw, 1476px\" \/>\n    <div class=\"contained\">\n        <h1 class=\"nfc-block-hero__heading\">V\u00e5ra r\u00e5dgivare<\/h1>\n\n            <\/div>\n<\/section>\n\n\n<div style=\"height:49px\" aria-hidden=\"true\" class=\"wp-block-spacer\"><\/div>\n\n\n<section  class=\"nfc-block-breadcrumbs\">\n    <div class=\"wrapper contained\">\n        <ol class=\"breadcrumbs\" itemscope itemtype=\"https:\/\/schema.org\/BreadcrumbList\">\n            <li itemprop=\"itemListElement\" itemscope itemtype=\"https:\/\/schema.org\/ListItem\">\n            \n\n                            <span class=\"current\" itemprop=\"name\">Hem<\/span>\n            \n            <meta itemprop=\"position\" content=\"1\" \/>\n        <\/li>\n    <\/ol>    <\/div>\n<\/section>\n\n\n<div style=\"height:100px\" aria-hidden=\"true\" class=\"wp-block-spacer\"><\/div>\n\n\n\n<h2 class=\"wp-block-heading\">V\u00e5ra r\u00e5dgivare<\/h2>\n\n\n\n<p>V\u00e5ra r\u00e5dgivare har alla ett djupt engagemang kring f\u00f6retagande, entrepren\u00f6rsskap som brinner f\u00f6r att m\u00f6ta, st\u00f6dja och st\u00e4rka entrepren\u00f6rer. Alla v\u00e5ra r\u00e5dgivare har minst en kandidatexamen och har l\u00e5ng erfarenhet som f\u00f6retagare. <\/p>\n\n\n\n<p>F\u00f6r att s\u00e4kerst\u00e4lla v\u00e5r kvalitet g\u00e5r alla en introduktionsutbildning och blir d\u00e4refter Diplomerade F\u00f6retagsr\u00e5dgivare. <\/p>\n\n\n<section  class=\"nfc-block-person_grid alignwide layout-large\">\n    <div class=\"contained\">\n        <div class=\"grid\">\n            <div class=\"person-large-card\">\n    \n    <div class=\"featured_image\">\n                    <img loading=\"lazy\" decoding=\"async\" width=\"1024\" height=\"1024\" src=\"https:\/\/nyforetagarcentrum.se\/halland\/wp-content\/uploads\/sites\/96\/2024\/02\/1-1-1024x1024.png\" class=\"attachment-large size-large\" alt=\"\" srcset=\"https:\/\/nyforetagarcentrum.se\/halland\/wp-content\/uploads\/sites\/96\/2024\/02\/1-1-1024x1024.png 1024w, https:\/\/nyforetagarcentrum.se\/halland\/wp-content\/uploads\/sites\/96\/2024\/02\/1-1-300x300.png 300w, https:\/\/nyforetagarcentrum.se\/halland\/wp-content\/uploads\/sites\/96\/2024\/02\/1-1-150x150.png 150w, https:\/\/nyforetagarcentrum.se\/halland\/wp-content\/uploads\/sites\/96\/2024\/02\/1-1-768x768.png 768w, https:\/\/nyforetagarcentrum.se\/halland\/wp-content\/uploads\/sites\/96\/2024\/02\/1-1-1536x1536.png 1536w, https:\/\/nyforetagarcentrum.se\/halland\/wp-content\/uploads\/sites\/96\/2024\/02\/1-1-1080x1080.png 1080w, https:\/\/nyforetagarcentrum.se\/halland\/wp-content\/uploads\/sites\/96\/2024\/02\/1-1.png 2048w\" sizes=\"(max-width: 1024px) 100vw, 1024px\" \/>            <\/div>\n\n    <div class=\"content-wrapper\">\n        <h3>Anu Majkvist<\/h3>\n\n                    <div class=\"excerpt\">\n                Som f\u00f6retagare vet jag hur sv\u00e5r en uppstartsresa kan vara. Jag har erfarenhet av omr\u00e5den s\u00e5som rekrytering, personal, aff\u00e4rsutveckling och utbildning. Jag brinner f\u00f6r entrepren\u00f6rskap, f\u00f6retagande och aff\u00e4rsmannaskap.<br \/>\r\n<br \/>\r\n<br \/>\r\nMina specialistkunskaper \u00e4r:<br \/>\r\n&#8211; Starta och driva f\u00f6retag <br \/>\r\n&#8211; Personal &amp; HR<br \/>\r\n&#8211; Aff\u00e4rsutveckling. <br \/>\r\n&#8211; Budget och aff\u00e4rsekonomi<br \/>\r\n<br \/>\r\nVart kan du tr\u00e4ffa mig? <br \/>\r\nJag \u00e4r r\u00e5dgivare i Varberg och Kungsbacka. <br \/>\r\nDu kan \u00e4ven boka in mig f\u00f6r digital r\u00e5dgivning.<br \/>\r\n<br \/>\r\nVarf\u00f6r valde jag att bli r\u00e5dgivare?<br \/>\r\nSom r\u00e5dgivare \u00e4r jag en liten kugge i entrepren\u00f6rens uppstartsresa. Jag vet att varje entrepren\u00f6r kan beh\u00f6va en r\u00e5dgivare, ett bollplank att prata med. Jag tycker det \u00e4r fantastiskt att f\u00e5 vara med p\u00e5 deras resa till framg\u00e5ng!<br \/>\r\n<br \/>\r\nVilka spr\u00e5k?<br \/>\r\nBokar man tid med mig kan man f\u00e5 r\u00e5dgivning p\u00e5 svenska och engelska.            <\/div>\n        \n        <div class=\"links\">\n\n                            <a href=\"tel:070-9201233\">\n                    070-9201233                <\/a>\n            \n                            <a href=\"mailto:anu.majkvist@nyforetagarcentrum.se\">\n                    anu.majkvist@nyforetagarcentrum.se                <\/a>\n                    <\/div>\n        \n    <\/div>\n<\/div><div class=\"person-large-card\">\n    \n    <div class=\"featured_image\">\n                    <img loading=\"lazy\" decoding=\"async\" width=\"1024\" height=\"1024\" src=\"https:\/\/nyforetagarcentrum.se\/halland\/wp-content\/uploads\/sites\/96\/2024\/02\/2-1-1024x1024.png\" class=\"attachment-large size-large\" alt=\"\" srcset=\"https:\/\/nyforetagarcentrum.se\/halland\/wp-content\/uploads\/sites\/96\/2024\/02\/2-1-1024x1024.png 1024w, https:\/\/nyforetagarcentrum.se\/halland\/wp-content\/uploads\/sites\/96\/2024\/02\/2-1-300x300.png 300w, https:\/\/nyforetagarcentrum.se\/halland\/wp-content\/uploads\/sites\/96\/2024\/02\/2-1-150x150.png 150w, https:\/\/nyforetagarcentrum.se\/halland\/wp-content\/uploads\/sites\/96\/2024\/02\/2-1-768x768.png 768w, https:\/\/nyforetagarcentrum.se\/halland\/wp-content\/uploads\/sites\/96\/2024\/02\/2-1-1536x1536.png 1536w, https:\/\/nyforetagarcentrum.se\/halland\/wp-content\/uploads\/sites\/96\/2024\/02\/2-1-1080x1080.png 1080w, https:\/\/nyforetagarcentrum.se\/halland\/wp-content\/uploads\/sites\/96\/2024\/02\/2-1.png 2048w\" sizes=\"(max-width: 1024px) 100vw, 1024px\" \/>            <\/div>\n\n    <div class=\"content-wrapper\">\n        <h3>Lena Brantberg<\/h3>\n\n                    <div class=\"excerpt\">\n                Jag har varit f\u00f6retagare under m\u00e5nga \u00e5r och jag har erfarenhet av omr\u00e5den som rekrytering, personal, aff\u00e4rsutveckling och m\u00e4nniskor i f\u00f6r\u00e4ndring. Jag har ett genuint intresse och brinner f\u00f6r entrepren\u00f6rskap och f\u00f6retagande. <br \/>\r\n<br \/>\r\n<br \/>\r\nMina specialistkunskaper \u00e4r:<br \/>\r\n&#8211; Starta och driva f\u00f6retag<br \/>\r\n&#8211; Personal<br \/>\r\n&#8211; Rekrytering. <br \/>\r\n<br \/>\r\nVart kan du tr\u00e4ffa mig? <br \/>\r\nJag \u00e4r r\u00e5dgivare i Laholm. <br \/>\r\nDu kan \u00e4ven boka in mig f\u00f6r digital r\u00e5dgivning.<br \/>\r\n<br \/>\r\nVarf\u00f6r valde jag att bli r\u00e5dgivare? <br \/>\r\nVarje r\u00e5dgivning inneb\u00e4r m\u00f6ten med nya entrepren\u00f6rer och nya aff\u00e4rsid\u00e9er. Det \u00e4r alltid lika sp\u00e4nnande att f\u00e5 vara en liten kugge p\u00e5 v\u00e4gen mot f\u00f6rverkligade dr\u00f6mmar. <br \/>\r\n<br \/>\r\nVilka spr\u00e5k? <br \/>\r\nBokar man tid med mig kan man f\u00e5 r\u00e5dgivning p\u00e5 svenska och engelska.<br \/>\r\n            <\/div>\n        \n        <div class=\"links\">\n\n                            <a href=\"tel:070-3508909\">\n                    070-3508909                <\/a>\n            \n                            <a href=\"mailto:lena.brantberg@nyforetagarcentrum.se\">\n                    lena.brantberg@nyforetagarcentrum.se                <\/a>\n                    <\/div>\n        \n    <\/div>\n<\/div><div class=\"person-large-card\">\n    \n    <div class=\"featured_image\">\n                    <img loading=\"lazy\" decoding=\"async\" width=\"1024\" height=\"1024\" src=\"https:\/\/nyforetagarcentrum.se\/halland\/wp-content\/uploads\/sites\/96\/2024\/02\/3-1-1024x1024.png\" class=\"attachment-large size-large\" alt=\"\" srcset=\"https:\/\/nyforetagarcentrum.se\/halland\/wp-content\/uploads\/sites\/96\/2024\/02\/3-1-1024x1024.png 1024w, https:\/\/nyforetagarcentrum.se\/halland\/wp-content\/uploads\/sites\/96\/2024\/02\/3-1-300x300.png 300w, https:\/\/nyforetagarcentrum.se\/halland\/wp-content\/uploads\/sites\/96\/2024\/02\/3-1-150x150.png 150w, https:\/\/nyforetagarcentrum.se\/halland\/wp-content\/uploads\/sites\/96\/2024\/02\/3-1-768x768.png 768w, https:\/\/nyforetagarcentrum.se\/halland\/wp-content\/uploads\/sites\/96\/2024\/02\/3-1-1536x1536.png 1536w, https:\/\/nyforetagarcentrum.se\/halland\/wp-content\/uploads\/sites\/96\/2024\/02\/3-1-1080x1080.png 1080w, https:\/\/nyforetagarcentrum.se\/halland\/wp-content\/uploads\/sites\/96\/2024\/02\/3-1.png 2048w\" sizes=\"(max-width: 1024px) 100vw, 1024px\" \/>            <\/div>\n\n    <div class=\"content-wrapper\">\n        <h3>Carolina Landh<\/h3>\n\n                    <div class=\"excerpt\">\n                Jag \u00e4r utbildad civilekonom och Professionell Coach enligt ICF. Jag startade mitt f\u00f6rsta f\u00f6retag f\u00f6r 11 \u00e5r sedan och driver idag f\u00f6retag inom aff\u00e4rsutveckling, ledarskap, coaching, webbutveckling och digital marknadsf\u00f6ring. <br \/>\r\nBrinner f\u00f6r ledarskapsutveckling, marknadsf\u00f6ring, entrepren\u00f6rsskap och kommunikation och anv\u00e4nder ofta r\u00e5dgivning i kombination med ett coachande f\u00f6rh\u00e5llningss\u00e4tt.  <br \/>\r\n<br \/>\r\nMina specialistomr\u00e5den \u00e4r: <br \/>\r\n&#8211; Aff\u00e4rsplanering &amp; aff\u00e4rsutveckling<br \/>\r\n&#8211; Digital Marknadsf\u00f6ring &amp; hemsidor<br \/>\r\n&#8211; Budget<br \/>\r\n&#8211; Ledarskap &amp; personlig utveckling<br \/>\r\n<br \/>\r\nVart kan du tr\u00e4ffa mig? <br \/>\r\nJag \u00e4r r\u00e5dgivare i Halmstad, Falkenberg och Hylte. <br \/>\r\nDu kan \u00e4ven boka in mig f\u00f6r digital r\u00e5dgivning.<br \/>\r\n<br \/>\r\nVarf\u00f6r valde jag att bli r\u00e5dgivare? <br \/>\r\nJag \u00e4lskar att m\u00f6ta nya entrepren\u00f6rer och nya aff\u00e4rsid\u00e9er. Det \u00e4r s\u00e5 fantastiskt givande att f\u00e5 vara med p\u00e5 en entrepren\u00f6rsresa och ett stort privilegium att f\u00e5 bidra med den kunskap och erfarenhet jag har. Framf\u00f6r allt s\u00e5 f\u00e5r jag s\u00e5 mycket energi tillbaka fr\u00e5n de entrepren\u00f6rer jag tr\u00e4ffar. Det finns en s\u00e5dan kraft i att m\u00e4nniskor vill skapa n\u00e5got och f\u00f6rverkliga sina egna dr\u00f6mmar. Att se entrepren\u00f6ren v\u00e4xa b\u00e5de som person, i sitt f\u00f6retag och i sitt ledarskap \u00e4r ocks\u00e5 n\u00e5got som verkligen inspirerar mig!<br \/>\r\n<br \/>\r\nVilka spr\u00e5k? <br \/>\r\nBokar man tid med mig kan man f\u00e5 r\u00e5dgivning p\u00e5 svenska och engelska.<br \/>\r\n<br \/>\r\n            <\/div>\n        \n        <div class=\"links\">\n\n                            <a href=\"tel:0738-553336\">\n                    0738-553336                <\/a>\n            \n                            <a href=\"mailto:carolina.landh@nyforetagarcentrum.se\">\n                    carolina.landh@nyforetagarcentrum.se                <\/a>\n                    <\/div>\n        \n    <\/div>\n<\/div>        <\/div>\n    <\/div>\n<\/section>\n\n\n<div style=\"height:100px\" aria-hidden=\"true\" class=\"wp-block-spacer\"><\/div>\n","protected":false},"excerpt":{"rendered":"<p>V\u00e5ra r\u00e5dgivare V\u00e5ra r\u00e5dgivare har alla ett djupt engagemang kring f\u00f6retagande, entrepren\u00f6rsskap som brinner f\u00f6r att m\u00f6ta, st\u00f6dja och st\u00e4rka entrepren\u00f6rer. Alla v\u00e5ra r\u00e5dgivare har minst en kandidatexamen och har l\u00e5ng erfarenhet som f\u00f6retagare. F\u00f6r att s\u00e4kerst\u00e4lla v\u00e5r kvalitet g\u00e5r alla en introduktionsutbildning och blir d\u00e4refter Diplomerade F\u00f6retagsr\u00e5dgivare.<\/p>\n","protected":false},"author":1,"featured_media":0,"parent":0,"menu_order":0,"comment_status":"closed","ping_status":"closed","template":"","meta":{"footnotes":""},"acf":[],"yoast_head":"<!-- This site is optimized with the Yoast SEO plugin v22.9 - https:\/\/yoast.com\/wordpress\/plugins\/seo\/ -->\n<title>V\u00e5ra r\u00e5dgivare - Halland<\/title>\n<meta name=\"description\" content=\"V\u00e5ra r\u00e5dgivare brinner f\u00f6r f\u00f6retagande och entrepren\u00f6rsskap och \u00e4r experter inom bl a aff\u00e4rsplanering, aff\u00e4rsutveckling, budget och marknad.\" \/>\n<meta name=\"robots\" content=\"index, follow, max-snippet:-1, max-image-preview:large, max-video-preview:-1\" \/>\n<link rel=\"canonical\" href=\"https:\/\/nyforetagarcentrum.se\/halland\/vara-radgivare\/\" \/>\n<meta property=\"og:locale\" content=\"sv_SE\" \/>\n<meta property=\"og:type\" content=\"article\" \/>\n<meta property=\"og:title\" content=\"V\u00e5ra r\u00e5dgivare - Halland\" \/>\n<meta property=\"og:description\" content=\"V\u00e5ra r\u00e5dgivare brinner f\u00f6r f\u00f6retagande och entrepren\u00f6rsskap och \u00e4r experter inom bl a aff\u00e4rsplanering, aff\u00e4rsutveckling, budget och marknad.\" \/>\n<meta property=\"og:url\" content=\"https:\/\/nyforetagarcentrum.se\/halland\/vara-radgivare\/\" \/>\n<meta property=\"og:site_name\" content=\"Halland\" \/>\n<meta property=\"article:modified_time\" content=\"2024-06-04T13:44:21+00:00\" \/>\n<meta name=\"twitter:card\" content=\"summary_large_image\" \/>\n<meta name=\"twitter:label1\" content=\"Ber\u00e4knad l\u00e4stid\" \/>\n\t<meta name=\"twitter:data1\" content=\"1 minut\" \/>\n<script type=\"application\/ld+json\" class=\"yoast-schema-graph\">{\"@context\":\"https:\/\/schema.org\",\"@graph\":[{\"@type\":\"WebPage\",\"@id\":\"https:\/\/nyforetagarcentrum.se\/halland\/vara-radgivare\/\",\"url\":\"https:\/\/nyforetagarcentrum.se\/halland\/vara-radgivare\/\",\"name\":\"V\u00e5ra r\u00e5dgivare - Halland\",\"isPartOf\":{\"@id\":\"https:\/\/nyforetagarcentrum.se\/halland\/#website\"},\"datePublished\":\"2024-02-29T12:59:39+00:00\",\"dateModified\":\"2024-06-04T13:44:21+00:00\",\"description\":\"V\u00e5ra r\u00e5dgivare brinner f\u00f6r f\u00f6retagande och entrepren\u00f6rsskap och \u00e4r experter inom bl a aff\u00e4rsplanering, aff\u00e4rsutveckling, budget och marknad.\",\"breadcrumb\":{\"@id\":\"https:\/\/nyforetagarcentrum.se\/halland\/vara-radgivare\/#breadcrumb\"},\"inLanguage\":\"sv-SE\",\"potentialAction\":[{\"@type\":\"ReadAction\",\"target\":[\"https:\/\/nyforetagarcentrum.se\/halland\/vara-radgivare\/\"]}]},{\"@type\":\"BreadcrumbList\",\"@id\":\"https:\/\/nyforetagarcentrum.se\/halland\/vara-radgivare\/#breadcrumb\",\"itemListElement\":[{\"@type\":\"ListItem\",\"position\":1,\"name\":\"Hem\",\"item\":\"https:\/\/nyforetagarcentrum.se\/halland\/\"},{\"@type\":\"ListItem\",\"position\":2,\"name\":\"V\u00e5ra r\u00e5dgivare\"}]},{\"@type\":\"WebSite\",\"@id\":\"https:\/\/nyforetagarcentrum.se\/halland\/#website\",\"url\":\"https:\/\/nyforetagarcentrum.se\/halland\/\",\"name\":\"Halland\",\"description\":\"Sveriges ledande kraft f\u00f6r fler nya livskraftiga f\u00f6retag\",\"publisher\":{\"@id\":\"https:\/\/nyforetagarcentrum.se\/halland\/#organization\"},\"potentialAction\":[{\"@type\":\"SearchAction\",\"target\":{\"@type\":\"EntryPoint\",\"urlTemplate\":\"https:\/\/nyforetagarcentrum.se\/halland\/?s={search_term_string}\"},\"query-input\":\"required name=search_term_string\"}],\"inLanguage\":\"sv-SE\"},{\"@type\":\"Organization\",\"@id\":\"https:\/\/nyforetagarcentrum.se\/halland\/#organization\",\"name\":\"Halland\",\"url\":\"https:\/\/nyforetagarcentrum.se\/halland\/\",\"logo\":{\"@type\":\"ImageObject\",\"inLanguage\":\"sv-SE\",\"@id\":\"https:\/\/nyforetagarcentrum.se\/halland\/#\/schema\/logo\/image\/\",\"url\":\"https:\/\/nyforetagarcentrum.se\/halland\/wp-content\/uploads\/sites\/96\/2024\/05\/Halland.png\",\"contentUrl\":\"https:\/\/nyforetagarcentrum.se\/halland\/wp-content\/uploads\/sites\/96\/2024\/05\/Halland.png\",\"width\":1082,\"height\":542,\"caption\":\"Halland\"},\"image\":{\"@id\":\"https:\/\/nyforetagarcentrum.se\/halland\/#\/schema\/logo\/image\/\"}}]}<\/script>\n<!-- \/ Yoast SEO plugin. -->","yoast_head_json":{"title":"V\u00e5ra r\u00e5dgivare - Halland","description":"V\u00e5ra r\u00e5dgivare brinner f\u00f6r f\u00f6retagande och entrepren\u00f6rsskap och \u00e4r experter inom bl a aff\u00e4rsplanering, aff\u00e4rsutveckling, budget och marknad.","robots":{"index":"index","follow":"follow","max-snippet":"max-snippet:-1","max-image-preview":"max-image-preview:large","max-video-preview":"max-video-preview:-1"},"canonical":"https:\/\/nyforetagarcentrum.se\/halland\/vara-radgivare\/","og_locale":"sv_SE","og_type":"article","og_title":"V\u00e5ra r\u00e5dgivare - Halland","og_description":"V\u00e5ra r\u00e5dgivare brinner f\u00f6r f\u00f6retagande och entrepren\u00f6rsskap och \u00e4r experter inom bl a aff\u00e4rsplanering, aff\u00e4rsutveckling, budget och marknad.","og_url":"https:\/\/nyforetagarcentrum.se\/halland\/vara-radgivare\/","og_site_name":"Halland","article_modified_time":"2024-06-04T13:44:21+00:00","twitter_card":"summary_large_image","twitter_misc":{"Ber\u00e4knad l\u00e4stid":"1 minut"},"schema":{"@context":"https:\/\/schema.org","@graph":[{"@type":"WebPage","@id":"https:\/\/nyforetagarcentrum.se\/halland\/vara-radgivare\/","url":"https:\/\/nyforetagarcentrum.se\/halland\/vara-radgivare\/","name":"V\u00e5ra r\u00e5dgivare - Halland","isPartOf":{"@id":"https:\/\/nyforetagarcentrum.se\/halland\/#website"},"datePublished":"2024-02-29T12:59:39+00:00","dateModified":"2024-06-04T13:44:21+00:00","description":"V\u00e5ra r\u00e5dgivare brinner f\u00f6r f\u00f6retagande och entrepren\u00f6rsskap och \u00e4r experter inom bl a aff\u00e4rsplanering, aff\u00e4rsutveckling, budget och marknad.","breadcrumb":{"@id":"https:\/\/nyforetagarcentrum.se\/halland\/vara-radgivare\/#breadcrumb"},"inLanguage":"sv-SE","potentialAction":[{"@type":"ReadAction","target":["https:\/\/nyforetagarcentrum.se\/halland\/vara-radgivare\/"]}]},{"@type":"BreadcrumbList","@id":"https:\/\/nyforetagarcentrum.se\/halland\/vara-radgivare\/#breadcrumb","itemListElement":[{"@type":"ListItem","position":1,"name":"Hem","item":"https:\/\/nyforetagarcentrum.se\/halland\/"},{"@type":"ListItem","position":2,"name":"V\u00e5ra r\u00e5dgivare"}]},{"@type":"WebSite","@id":"https:\/\/nyforetagarcentrum.se\/halland\/#website","url":"https:\/\/nyforetagarcentrum.se\/halland\/","name":"Halland","description":"Sveriges ledande kraft f\u00f6r fler nya livskraftiga f\u00f6retag","publisher":{"@id":"https:\/\/nyforetagarcentrum.se\/halland\/#organization"},"potentialAction":[{"@type":"SearchAction","target":{"@type":"EntryPoint","urlTemplate":"https:\/\/nyforetagarcentrum.se\/halland\/?s={search_term_string}"},"query-input":"required name=search_term_string"}],"inLanguage":"sv-SE"},{"@type":"Organization","@id":"https:\/\/nyforetagarcentrum.se\/halland\/#organization","name":"Halland","url":"https:\/\/nyforetagarcentrum.se\/halland\/","logo":{"@type":"ImageObject","inLanguage":"sv-SE","@id":"https:\/\/nyforetagarcentrum.se\/halland\/#\/schema\/logo\/image\/","url":"https:\/\/nyforetagarcentrum.se\/halland\/wp-content\/uploads\/sites\/96\/2024\/05\/Halland.png","contentUrl":"https:\/\/nyforetagarcentrum.se\/halland\/wp-content\/uploads\/sites\/96\/2024\/05\/Halland.png","width":1082,"height":542,"caption":"Halland"},"image":{"@id":"https:\/\/nyforetagarcentrum.se\/halland\/#\/schema\/logo\/image\/"}}]}},"_links":{"self":[{"href":"https:\/\/nyforetagarcentrum.se\/halland\/wp-json\/wp\/v2\/pages\/239"}],"collection":[{"href":"https:\/\/nyforetagarcentrum.se\/halland\/wp-json\/wp\/v2\/pages"}],"about":[{"href":"https:\/\/nyforetagarcentrum.se\/halland\/wp-json\/wp\/v2\/types\/page"}],"author":[{"embeddable":true,"href":"https:\/\/nyforetagarcentrum.se\/halland\/wp-json\/wp\/v2\/users\/1"}],"replies":[{"embeddable":true,"href":"https:\/\/nyforetagarcentrum.se\/halland\/wp-json\/wp\/v2\/comments?post=239"}],"version-history":[{"count":9,"href":"https:\/\/nyforetagarcentrum.se\/halland\/wp-json\/wp\/v2\/pages\/239\/revisions"}],"predecessor-version":[{"id":659,"href":"https:\/\/nyforetagarcentrum.se\/halland\/wp-json\/wp\/v2\/pages\/239\/revisions\/659"}],"wp:attachment":[{"href":"https:\/\/nyforetagarcentrum.se\/halland\/wp-json\/wp\/v2\/media?parent=239"}],"curies":[{"name":"wp","href":"https:\/\/api.w.org\/{rel}","templated":true}]}}