{"id":164,"date":"2024-02-27T16:05:17","date_gmt":"2024-02-27T15:05:17","guid":{"rendered":"https:\/\/nyforetagarcentrum.se\/halland\/?page_id=164"},"modified":"2024-06-04T15:40:32","modified_gmt":"2024-06-04T13:40:32","slug":"var-styrelse","status":"publish","type":"page","link":"https:\/\/nyforetagarcentrum.se\/halland\/var-styrelse\/","title":{"rendered":"V\u00e5r styrelse"},"content":{"rendered":"<section  class=\"nfc-block-hero alignfull\">\n\n    <img loading=\"lazy\" decoding=\"async\" width=\"1476\" height=\"984\" src=\"https:\/\/nyforetagarcentrum.se\/halland\/wp-content\/uploads\/sites\/96\/2024\/02\/Nyforetagare-kultur-LOW.jpg\" class=\"attachment-landscape size-landscape\" alt=\"\" srcset=\"https:\/\/nyforetagarcentrum.se\/halland\/wp-content\/uploads\/sites\/96\/2024\/02\/Nyforetagare-kultur-LOW.jpg 1476w, https:\/\/nyforetagarcentrum.se\/halland\/wp-content\/uploads\/sites\/96\/2024\/02\/Nyforetagare-kultur-LOW-300x200.jpg 300w, https:\/\/nyforetagarcentrum.se\/halland\/wp-content\/uploads\/sites\/96\/2024\/02\/Nyforetagare-kultur-LOW-1024x683.jpg 1024w, https:\/\/nyforetagarcentrum.se\/halland\/wp-content\/uploads\/sites\/96\/2024\/02\/Nyforetagare-kultur-LOW-768x512.jpg 768w\" sizes=\"(max-width: 1476px) 100vw, 1476px\" \/>\n    <div class=\"contained\">\n        <h1 class=\"nfc-block-hero__heading\">V\u00e5r styrelse<\/h1>\n\n            <\/div>\n<\/section>\n\n\n<div style=\"height:50px\" aria-hidden=\"true\" class=\"wp-block-spacer\"><\/div>\n\n\n<section  class=\"nfc-block-breadcrumbs\">\n    <div class=\"wrapper contained\">\n        <ol class=\"breadcrumbs\" itemscope itemtype=\"https:\/\/schema.org\/BreadcrumbList\">\n            <li itemprop=\"itemListElement\" itemscope itemtype=\"https:\/\/schema.org\/ListItem\">\n            \n\n                            <span class=\"current\" itemprop=\"name\">Hem<\/span>\n            \n            <meta itemprop=\"position\" content=\"1\" \/>\n        <\/li>\n    <\/ol>    <\/div>\n<\/section>\n\n\n<h2 class=\"wp-block-heading\">V\u00c5R STYRELSE<\/h2>\n\n\n\n<p>V\u00e5r styrelse \u00e4r v\u00e4ldigt engagerad i fr\u00e5gor som st\u00e4rker Hallands n\u00e4ringsliv. <\/p>\n\n\n\n<p>Styrelsen best\u00e5r av representanter fr\u00e5n flera av v\u00e5ra partners, men ocks\u00e5 andra som \u00e4r mycket engagerade i nyf\u00f6retagande, f\u00f6retagande och vill st\u00e4rka f\u00f6retagandet i Halland.<\/p>\n\n\n<section  class=\"nfc-block-person_grid alignwide layout-large-no-image\">\n    <div class=\"contained\">\n        <div class=\"grid\">\n            <div class=\"person-large-card\">\n    <div class=\"content-wrapper\">\n        <h3>Rolf Fridh<\/h3>\n\n                    <div class=\"excerpt\">\n                Wohlins Fryshus Logistik AB            <\/div>\n        \n        \n        <div class=\"links\">\n\n            \n                    <\/div>\n        \n    <\/div>\n<\/div><div class=\"person-large-card\">\n    <div class=\"content-wrapper\">\n        <h3>Oscar Jonasson<\/h3>\n\n                    <div class=\"excerpt\">\n                EMTV AB            <\/div>\n        \n        \n        <div class=\"links\">\n\n            \n                    <\/div>\n        \n    <\/div>\n<\/div><div class=\"person-large-card\">\n    <div class=\"content-wrapper\">\n        <h3>Sara Johansson<\/h3>\n\n                    <div class=\"excerpt\">\n                L\u00e4nsf\u00f6rs\u00e4kringar Halland AB            <\/div>\n        \n        \n        <div class=\"links\">\n\n            \n                    <\/div>\n        \n    <\/div>\n<\/div><div class=\"person-large-card\">\n    <div class=\"content-wrapper\">\n        <h3>Jan-Ove Bengtsson<\/h3>\n\n                    <div class=\"excerpt\">\n                LR Revision AB              <\/div>\n        \n        \n        <div class=\"links\">\n\n            \n                    <\/div>\n        \n    <\/div>\n<\/div><div class=\"person-large-card\">\n    <div class=\"content-wrapper\">\n        <h3>Josefine Str\u00f6mberg<\/h3>\n\n                    <div class=\"excerpt\">\n                Ludvig &amp; Co            <\/div>\n        \n        \n        <div class=\"links\">\n\n            \n                    <\/div>\n        \n    <\/div>\n<\/div><div class=\"person-large-card\">\n    <div class=\"content-wrapper\">\n        <h3>Sandra Johannesson<\/h3>\n\n                    <div class=\"excerpt\">\n                High Five Halmstad<br \/>\r\n            <\/div>\n        \n        \n        <div class=\"links\">\n\n            \n                    <\/div>\n        \n    <\/div>\n<\/div><div class=\"person-large-card\">\n    <div class=\"content-wrapper\">\n        <h3>Linn\u00e9a Pettersson<\/h3>\n\n                    <div class=\"excerpt\">\n                Butik Paletti  <br \/>\r\nF\u00f6retagarna Hylte            <\/div>\n        \n        \n        <div class=\"links\">\n\n            \n                    <\/div>\n        \n    <\/div>\n<\/div><div class=\"person-large-card\">\n    <div class=\"content-wrapper\">\n        <h3>Morgan Gripson<\/h3>\n\n                    <div class=\"excerpt\">\n                Ordf\u00f6rande Nyf\u00f6retagarCentrum Halland<br \/>\r\nWeSpace AB<br \/>\r\n            <\/div>\n        \n        \n        <div class=\"links\">\n\n                            <a href=\"tel:070-2309664\">\n                    070-2309664                <\/a>\n            \n                            <a href=\"mailto:morgan@wespace.se\">\n                    morgan@wespace.se                <\/a>\n                    <\/div>\n        \n    <\/div>\n<\/div>        <\/div>\n    <\/div>\n<\/section>\n\n\n<div style=\"height:100px\" aria-hidden=\"true\" class=\"wp-block-spacer\"><\/div>\n","protected":false},"excerpt":{"rendered":"<p>V\u00c5R STYRELSE V\u00e5r styrelse \u00e4r v\u00e4ldigt engagerad i fr\u00e5gor som st\u00e4rker Hallands n\u00e4ringsliv. Styrelsen best\u00e5r av representanter fr\u00e5n flera av v\u00e5ra partners, men ocks\u00e5 andra som \u00e4r mycket engagerade i nyf\u00f6retagande, f\u00f6retagande och vill st\u00e4rka f\u00f6retagandet i Halland.<\/p>\n","protected":false},"author":1,"featured_media":0,"parent":0,"menu_order":0,"comment_status":"closed","ping_status":"closed","template":"","meta":{"footnotes":""},"acf":[],"yoast_head":"<!-- This site is optimized with the Yoast SEO plugin v22.9 - https:\/\/yoast.com\/wordpress\/plugins\/seo\/ -->\n<title>V\u00e5r styrelse - Halland<\/title>\n<meta name=\"description\" content=\"Nyf\u00f6retagarCentrum Halland \u00e4r en stiftelse, d\u00e4r v\u00e5r styrelse \u00e4r mycket engagerade i att st\u00e4rka Hallands n\u00e4ringsliv och \u00f6ka nyf\u00f6retagandet.\" \/>\n<meta name=\"robots\" content=\"index, follow, max-snippet:-1, max-image-preview:large, max-video-preview:-1\" \/>\n<link rel=\"canonical\" href=\"https:\/\/nyforetagarcentrum.se\/halland\/var-styrelse\/\" \/>\n<meta property=\"og:locale\" content=\"sv_SE\" \/>\n<meta property=\"og:type\" content=\"article\" \/>\n<meta property=\"og:title\" content=\"V\u00e5r styrelse - Halland\" \/>\n<meta property=\"og:description\" content=\"Nyf\u00f6retagarCentrum Halland \u00e4r en stiftelse, d\u00e4r v\u00e5r styrelse \u00e4r mycket engagerade i att st\u00e4rka Hallands n\u00e4ringsliv och \u00f6ka nyf\u00f6retagandet.\" \/>\n<meta property=\"og:url\" content=\"https:\/\/nyforetagarcentrum.se\/halland\/var-styrelse\/\" \/>\n<meta property=\"og:site_name\" content=\"Halland\" \/>\n<meta property=\"article:modified_time\" content=\"2024-06-04T13:40:32+00:00\" \/>\n<meta name=\"twitter:card\" content=\"summary_large_image\" \/>\n<meta name=\"twitter:label1\" content=\"Ber\u00e4knad l\u00e4stid\" \/>\n\t<meta name=\"twitter:data1\" content=\"1 minut\" \/>\n<script type=\"application\/ld+json\" class=\"yoast-schema-graph\">{\"@context\":\"https:\/\/schema.org\",\"@graph\":[{\"@type\":\"WebPage\",\"@id\":\"https:\/\/nyforetagarcentrum.se\/halland\/var-styrelse\/\",\"url\":\"https:\/\/nyforetagarcentrum.se\/halland\/var-styrelse\/\",\"name\":\"V\u00e5r styrelse - Halland\",\"isPartOf\":{\"@id\":\"https:\/\/nyforetagarcentrum.se\/halland\/#website\"},\"datePublished\":\"2024-02-27T15:05:17+00:00\",\"dateModified\":\"2024-06-04T13:40:32+00:00\",\"description\":\"Nyf\u00f6retagarCentrum Halland \u00e4r en stiftelse, d\u00e4r v\u00e5r styrelse \u00e4r mycket engagerade i att st\u00e4rka Hallands n\u00e4ringsliv och \u00f6ka nyf\u00f6retagandet.\",\"breadcrumb\":{\"@id\":\"https:\/\/nyforetagarcentrum.se\/halland\/var-styrelse\/#breadcrumb\"},\"inLanguage\":\"sv-SE\",\"potentialAction\":[{\"@type\":\"ReadAction\",\"target\":[\"https:\/\/nyforetagarcentrum.se\/halland\/var-styrelse\/\"]}]},{\"@type\":\"BreadcrumbList\",\"@id\":\"https:\/\/nyforetagarcentrum.se\/halland\/var-styrelse\/#breadcrumb\",\"itemListElement\":[{\"@type\":\"ListItem\",\"position\":1,\"name\":\"Hem\",\"item\":\"https:\/\/nyforetagarcentrum.se\/halland\/\"},{\"@type\":\"ListItem\",\"position\":2,\"name\":\"V\u00e5r styrelse\"}]},{\"@type\":\"WebSite\",\"@id\":\"https:\/\/nyforetagarcentrum.se\/halland\/#website\",\"url\":\"https:\/\/nyforetagarcentrum.se\/halland\/\",\"name\":\"Halland\",\"description\":\"Sveriges ledande kraft f\u00f6r fler nya livskraftiga f\u00f6retag\",\"publisher\":{\"@id\":\"https:\/\/nyforetagarcentrum.se\/halland\/#organization\"},\"potentialAction\":[{\"@type\":\"SearchAction\",\"target\":{\"@type\":\"EntryPoint\",\"urlTemplate\":\"https:\/\/nyforetagarcentrum.se\/halland\/?s={search_term_string}\"},\"query-input\":\"required name=search_term_string\"}],\"inLanguage\":\"sv-SE\"},{\"@type\":\"Organization\",\"@id\":\"https:\/\/nyforetagarcentrum.se\/halland\/#organization\",\"name\":\"Halland\",\"url\":\"https:\/\/nyforetagarcentrum.se\/halland\/\",\"logo\":{\"@type\":\"ImageObject\",\"inLanguage\":\"sv-SE\",\"@id\":\"https:\/\/nyforetagarcentrum.se\/halland\/#\/schema\/logo\/image\/\",\"url\":\"https:\/\/nyforetagarcentrum.se\/halland\/wp-content\/uploads\/sites\/96\/2024\/05\/Halland.png\",\"contentUrl\":\"https:\/\/nyforetagarcentrum.se\/halland\/wp-content\/uploads\/sites\/96\/2024\/05\/Halland.png\",\"width\":1082,\"height\":542,\"caption\":\"Halland\"},\"image\":{\"@id\":\"https:\/\/nyforetagarcentrum.se\/halland\/#\/schema\/logo\/image\/\"}}]}<\/script>\n<!-- \/ Yoast SEO plugin. -->","yoast_head_json":{"title":"V\u00e5r styrelse - Halland","description":"Nyf\u00f6retagarCentrum Halland \u00e4r en stiftelse, d\u00e4r v\u00e5r styrelse \u00e4r mycket engagerade i att st\u00e4rka Hallands n\u00e4ringsliv och \u00f6ka nyf\u00f6retagandet.","robots":{"index":"index","follow":"follow","max-snippet":"max-snippet:-1","max-image-preview":"max-image-preview:large","max-video-preview":"max-video-preview:-1"},"canonical":"https:\/\/nyforetagarcentrum.se\/halland\/var-styrelse\/","og_locale":"sv_SE","og_type":"article","og_title":"V\u00e5r styrelse - Halland","og_description":"Nyf\u00f6retagarCentrum Halland \u00e4r en stiftelse, d\u00e4r v\u00e5r styrelse \u00e4r mycket engagerade i att st\u00e4rka Hallands n\u00e4ringsliv och \u00f6ka nyf\u00f6retagandet.","og_url":"https:\/\/nyforetagarcentrum.se\/halland\/var-styrelse\/","og_site_name":"Halland","article_modified_time":"2024-06-04T13:40:32+00:00","twitter_card":"summary_large_image","twitter_misc":{"Ber\u00e4knad l\u00e4stid":"1 minut"},"schema":{"@context":"https:\/\/schema.org","@graph":[{"@type":"WebPage","@id":"https:\/\/nyforetagarcentrum.se\/halland\/var-styrelse\/","url":"https:\/\/nyforetagarcentrum.se\/halland\/var-styrelse\/","name":"V\u00e5r styrelse - Halland","isPartOf":{"@id":"https:\/\/nyforetagarcentrum.se\/halland\/#website"},"datePublished":"2024-02-27T15:05:17+00:00","dateModified":"2024-06-04T13:40:32+00:00","description":"Nyf\u00f6retagarCentrum Halland \u00e4r en stiftelse, d\u00e4r v\u00e5r styrelse \u00e4r mycket engagerade i att st\u00e4rka Hallands n\u00e4ringsliv och \u00f6ka nyf\u00f6retagandet.","breadcrumb":{"@id":"https:\/\/nyforetagarcentrum.se\/halland\/var-styrelse\/#breadcrumb"},"inLanguage":"sv-SE","potentialAction":[{"@type":"ReadAction","target":["https:\/\/nyforetagarcentrum.se\/halland\/var-styrelse\/"]}]},{"@type":"BreadcrumbList","@id":"https:\/\/nyforetagarcentrum.se\/halland\/var-styrelse\/#breadcrumb","itemListElement":[{"@type":"ListItem","position":1,"name":"Hem","item":"https:\/\/nyforetagarcentrum.se\/halland\/"},{"@type":"ListItem","position":2,"name":"V\u00e5r styrelse"}]},{"@type":"WebSite","@id":"https:\/\/nyforetagarcentrum.se\/halland\/#website","url":"https:\/\/nyforetagarcentrum.se\/halland\/","name":"Halland","description":"Sveriges ledande kraft f\u00f6r fler nya livskraftiga f\u00f6retag","publisher":{"@id":"https:\/\/nyforetagarcentrum.se\/halland\/#organization"},"potentialAction":[{"@type":"SearchAction","target":{"@type":"EntryPoint","urlTemplate":"https:\/\/nyforetagarcentrum.se\/halland\/?s={search_term_string}"},"query-input":"required name=search_term_string"}],"inLanguage":"sv-SE"},{"@type":"Organization","@id":"https:\/\/nyforetagarcentrum.se\/halland\/#organization","name":"Halland","url":"https:\/\/nyforetagarcentrum.se\/halland\/","logo":{"@type":"ImageObject","inLanguage":"sv-SE","@id":"https:\/\/nyforetagarcentrum.se\/halland\/#\/schema\/logo\/image\/","url":"https:\/\/nyforetagarcentrum.se\/halland\/wp-content\/uploads\/sites\/96\/2024\/05\/Halland.png","contentUrl":"https:\/\/nyforetagarcentrum.se\/halland\/wp-content\/uploads\/sites\/96\/2024\/05\/Halland.png","width":1082,"height":542,"caption":"Halland"},"image":{"@id":"https:\/\/nyforetagarcentrum.se\/halland\/#\/schema\/logo\/image\/"}}]}},"_links":{"self":[{"href":"https:\/\/nyforetagarcentrum.se\/halland\/wp-json\/wp\/v2\/pages\/164"}],"collection":[{"href":"https:\/\/nyforetagarcentrum.se\/halland\/wp-json\/wp\/v2\/pages"}],"about":[{"href":"https:\/\/nyforetagarcentrum.se\/halland\/wp-json\/wp\/v2\/types\/page"}],"author":[{"embeddable":true,"href":"https:\/\/nyforetagarcentrum.se\/halland\/wp-json\/wp\/v2\/users\/1"}],"replies":[{"embeddable":true,"href":"https:\/\/nyforetagarcentrum.se\/halland\/wp-json\/wp\/v2\/comments?post=164"}],"version-history":[{"count":15,"href":"https:\/\/nyforetagarcentrum.se\/halland\/wp-json\/wp\/v2\/pages\/164\/revisions"}],"predecessor-version":[{"id":629,"href":"https:\/\/nyforetagarcentrum.se\/halland\/wp-json\/wp\/v2\/pages\/164\/revisions\/629"}],"wp:attachment":[{"href":"https:\/\/nyforetagarcentrum.se\/halland\/wp-json\/wp\/v2\/media?parent=164"}],"curies":[{"name":"wp","href":"https:\/\/api.w.org\/{rel}","templated":true}]}}