{"id":161,"date":"2024-02-27T16:04:37","date_gmt":"2024-02-27T15:04:37","guid":{"rendered":"https:\/\/nyforetagarcentrum.se\/halland\/?page_id=161"},"modified":"2024-06-04T16:19:47","modified_gmt":"2024-06-04T14:19:47","slug":"om-oss","status":"publish","type":"page","link":"https:\/\/nyforetagarcentrum.se\/halland\/om-oss\/","title":{"rendered":"Om oss"},"content":{"rendered":"<section  class=\"nfc-block-hero alignfull\">\n\n    <img loading=\"lazy\" decoding=\"async\" width=\"714\" height=\"622\" src=\"https:\/\/nyforetagarcentrum.se\/halland\/wp-content\/uploads\/sites\/96\/2024\/02\/ySLeov8m_8.png\" class=\"attachment-landscape size-landscape\" alt=\"\" srcset=\"https:\/\/nyforetagarcentrum.se\/halland\/wp-content\/uploads\/sites\/96\/2024\/02\/ySLeov8m_8.png 714w, https:\/\/nyforetagarcentrum.se\/halland\/wp-content\/uploads\/sites\/96\/2024\/02\/ySLeov8m_8-300x261.png 300w\" sizes=\"(max-width: 714px) 100vw, 714px\" \/>\n    <div class=\"contained\">\n        <h1 class=\"nfc-block-hero__heading\">Om oss<\/h1>\n\n            <\/div>\n<\/section>\n\n\n<div style=\"height:50px\" aria-hidden=\"true\" class=\"wp-block-spacer\"><\/div>\n\n\n<section  class=\"nfc-block-breadcrumbs\">\n    <div class=\"wrapper contained\">\n        <ol class=\"breadcrumbs\" itemscope itemtype=\"https:\/\/schema.org\/BreadcrumbList\">\n            <li itemprop=\"itemListElement\" itemscope itemtype=\"https:\/\/schema.org\/ListItem\">\n            \n\n                            <span class=\"current\" itemprop=\"name\">Hem<\/span>\n            \n            <meta itemprop=\"position\" content=\"1\" \/>\n        <\/li>\n    <\/ol>    <\/div>\n<\/section>\n\n\n<div style=\"height:51px\" aria-hidden=\"true\" class=\"wp-block-spacer\"><\/div>\n\n\n<section  class=\"nfc-block-split_screen alignwide image_alignment-left\">\n    <div class=\"wrapper\">\n        <div class=\"nfc-block-split_screen__image-wrapper\">\n            <img loading=\"lazy\" decoding=\"async\" width=\"1469\" height=\"981\" src=\"https:\/\/nyforetagarcentrum.se\/halland\/wp-content\/uploads\/sites\/96\/2024\/02\/4083b98ac6a43f162142a286decbc08f.png\" class=\"attachment-landscape size-landscape\" alt=\"\" srcset=\"https:\/\/nyforetagarcentrum.se\/halland\/wp-content\/uploads\/sites\/96\/2024\/02\/4083b98ac6a43f162142a286decbc08f.png 1469w, https:\/\/nyforetagarcentrum.se\/halland\/wp-content\/uploads\/sites\/96\/2024\/02\/4083b98ac6a43f162142a286decbc08f-300x200.png 300w, https:\/\/nyforetagarcentrum.se\/halland\/wp-content\/uploads\/sites\/96\/2024\/02\/4083b98ac6a43f162142a286decbc08f-1024x684.png 1024w, https:\/\/nyforetagarcentrum.se\/halland\/wp-content\/uploads\/sites\/96\/2024\/02\/4083b98ac6a43f162142a286decbc08f-768x513.png 768w\" sizes=\"(max-width: 1469px) 100vw, 1469px\" \/>        <\/div>\n\n        <div class=\"nfc-block-split_screen__content-wrapper\">\n            <h2>V\u00e5r verksamhet<\/h2>\n<p>Nyf\u00f6retagarCentrum Halland \u00e4r en stiftelse som sedan 1993 har arbetat med att hj\u00e4lpa m\u00e4nniskor omvandla sina id\u00e9er till f\u00f6retag. Vi ger dig kostnadsfri, personlig och konfidentiell r\u00e5dgivning till dig som ska starta f\u00f6retag.<\/p>\n<p>R\u00e5dgivningen \u00e4r helt kostnadsfri tack vare v\u00e5rt n\u00e4tverk av samarbetspartners och de Hall\u00e4ndska Kommunerna som st\u00f6der oss, b\u00e5de med finansiella medel och med personlig expertis och engagemang.<\/p>\n<p>Till oss kan du v\u00e4nda dig med alla dina fr\u00e5gor kring f\u00f6retagande och vad du beh\u00f6ver f\u00f6r att starta eget.<\/p>\n<p>V\u00e5ra r\u00e5dgivare \u00e4r mycket erfarna och med bred och djup kompetens inom f\u00f6retagande och entrepren\u00f6rsskap. De kan hj\u00e4lpa dig med bl a aff\u00e4rsplanering, budgetering, aff\u00e4rsutveckling, priss\u00e4ttning, marknad och f\u00f6rs\u00e4ljning.<\/p>\n\n                            <div class=\"nfc-block-split_screen__buttons\">\n                                            <a href=\"https:\/\/nyforetagarcentrum.se\/halland\/vara-samarbetspartners\/\" class=\"button primary\">V\u00e5ra samarbetspartners<\/a>\n                                            <a href=\"https:\/\/nyforetagarcentrum.se\/halland\/vara-radgivare\/\" class=\"button outlined\">V\u00e5ra R\u00e5dgivare<\/a>\n                                    <\/div>\n            \n        <\/div>\n    <\/div>\n<\/section>\n\n\n<div style=\"height:50px\" aria-hidden=\"true\" class=\"wp-block-spacer\"><\/div>\n\n\n\n<h2 class=\"wp-block-heading\">TA STEGET TILL EGET<\/h2>\n\n\n\n<p>Har du en id\u00e9? Skulle du vilja starta f\u00f6retag, men saknar id\u00e9? Har du precis startat eget? Eller ska du starta f\u00f6retag? Oavsett \u00e4r du varmt v\u00e4lkommen att boka r\u00e5dgivning hos oss! <\/p>\n\n\n\n<p>Klicka p\u00e5 l\u00e4nken f\u00f6r att boka r\u00e5dgivning med oss! Det \u00e4r kostnadsfritt och konfidentiellt.<\/p>\n\n\n\n<p><\/p>\n\n\n\n<div class=\"wp-block-buttons is-layout-flex wp-block-buttons-is-layout-flex\">\n<div class=\"wp-block-button\"><a class=\"wp-block-button__link wp-element-button\" href=\"https:\/\/jobsdata-nyforetagarcentrum.se\/ExternBooking?OfficeId=67bb1a77-3596-e811-80d7-0050568571f4\">BOKA R\u00c5DGIVNING<\/a><\/div>\n<\/div>\n\n\n\n<div class=\"wp-block-group alignfull has-white-background-color has-background is-layout-constrained wp-block-group-is-layout-constrained\">\n<div style=\"height:51px\" aria-hidden=\"true\" class=\"wp-block-spacer\"><\/div>\n\n\n\n<div style=\"height:51px\" aria-hidden=\"true\" class=\"wp-block-spacer\"><\/div>\n\n\n\n<div class=\"wp-block-columns alignwide is-layout-flex wp-container-core-columns-is-layout-1 wp-block-columns-is-layout-flex\">\n<div class=\"wp-block-column is-layout-flow wp-block-column-is-layout-flow\">\n<p class=\"no-margin\" style=\"font-size:100px;font-style:normal;font-weight:700\">90,3%<\/p>\n\n\n\n<p class=\"has-text-color has-link-color wp-elements-81c719842722983ed42c4a5136e89451\" style=\"color:#4d4d4d\">Vi har mycket h\u00f6g kundn\u00f6jdhet, med 90,3% n\u00f6jda kunder.<\/p>\n<\/div>\n\n\n\n<div class=\"wp-block-column is-layout-flow wp-block-column-is-layout-flow\">\n<p class=\"no-margin\" style=\"font-size:100px;font-style:normal;font-weight:700\">264<\/p>\n\n\n\n<p class=\"has-text-color has-link-color wp-elements-72aa48cee83134aad3ac7faf591cb9c2\" style=\"color:#4d4d4d\">F\u00f6rra \u00e5ret (2023) hj\u00e4lpte vi 264 st entrepren\u00f6rer med personlig r\u00e5dgivning<\/p>\n<\/div>\n\n\n\n<div class=\"wp-block-column is-layout-flow wp-block-column-is-layout-flow\">\n<p class=\"no-margin\" style=\"font-size:100px;font-style:normal;font-weight:700\">436<\/p>\n\n\n\n<p class=\"has-text-color has-link-color wp-elements-8b23aef66193e7afc00e7baa459074d6\" style=\"color:#4d4d4d\">Vi genomf\u00f6rde 436 r\u00e5dgivningar runtom i Halland<\/p>\n<\/div>\n<\/div>\n\n\n\n<div style=\"height:51px\" aria-hidden=\"true\" class=\"wp-block-spacer\"><\/div>\n\n\n\n<div class=\"wp-block-buttons alignwide is-layout-flex wp-block-buttons-is-layout-flex\">\n<div class=\"wp-block-button is-style-outline\"><a class=\"wp-block-button__link wp-element-button\">V\u00e5ra resultat<\/a><\/div>\n<\/div>\n\n\n\n<div style=\"height:51px\" aria-hidden=\"true\" class=\"wp-block-spacer\"><\/div>\n<\/div>\n\n\n\n<div style=\"height:50px\" aria-hidden=\"true\" class=\"wp-block-spacer\"><\/div>\n\n\n\n<h2 class=\"wp-block-heading has-text-align-center\">\u00c4r ditt f\u00f6retag eller organisation intresserad av att st\u00f6da Nyf\u00f6retagarCentrum Hallands arbete?<\/h2>\n\n\n\n<div class=\"wp-block-group alignfull is-layout-constrained wp-block-group-is-layout-constrained\"><section  class=\"nfc-block-form aligncontent layout-small\">\n    <div class=\"contained\">\n\n        <form data-nfc-form=\"block_427148e8a4fa20329fe9947ae13829d7\" data-nfc-page=\"161\">\n            <label class=\"input-wrapper\" for=\"namn\">\n    <span>Namn<\/span>\n    <input type=\"text\" name=\"namn\" id=\"namn\" placeholder=\"\" >\n<\/label><label class=\"input-wrapper\" for=\"foretag-eller-organisation\">\n    <span>F\u00f6retag eller organisation<\/span>\n    <input type=\"text\" name=\"foretag-eller-organisation\" id=\"foretag-eller-organisation\" placeholder=\"\" >\n<\/label><label class=\"input-wrapper\" for=\"e-post\">\n    <span>E-post<\/span>\n    <input type=\"text\" name=\"e-post\" id=\"e-post\" placeholder=\"\" >\n<\/label>\n            <div class=\"input-wrapper\">\n                <button type=\"submit\" class=\"button\">Skicka<\/button>\n            <\/div>\n        <\/form>\n    <\/div>\n<\/section><\/div>\n\n\n\n<div style=\"height:100px\" aria-hidden=\"true\" class=\"wp-block-spacer\"><\/div>\n","protected":false},"excerpt":{"rendered":"<p>TA STEGET TILL EGET Har du en id\u00e9? Skulle du vilja starta f\u00f6retag, men saknar id\u00e9? Har du precis startat eget? Eller ska du starta f\u00f6retag? Oavsett \u00e4r du varmt v\u00e4lkommen att boka r\u00e5dgivning hos oss! Klicka p\u00e5 l\u00e4nken f\u00f6r att boka r\u00e5dgivning med oss! Det \u00e4r kostnadsfritt och konfidentiellt. 90,3% Vi har mycket h\u00f6g [&hellip;]<\/p>\n","protected":false},"author":1,"featured_media":0,"parent":0,"menu_order":0,"comment_status":"closed","ping_status":"closed","template":"","meta":{"footnotes":""},"acf":[],"yoast_head":"<!-- This site is optimized with the Yoast SEO plugin v22.9 - https:\/\/yoast.com\/wordpress\/plugins\/seo\/ -->\n<title>Om oss - Halland<\/title>\n<meta name=\"description\" content=\"Nyf\u00f6retagarCentrum Halland \u00e4r en stiftelse som sedan 1993 har arbetat med att hj\u00e4lpa m\u00e4nniskor omvandla sina id\u00e9er till f\u00f6retag.\" \/>\n<meta name=\"robots\" content=\"index, follow, max-snippet:-1, max-image-preview:large, max-video-preview:-1\" \/>\n<link rel=\"canonical\" href=\"https:\/\/nyforetagarcentrum.se\/halland\/om-oss\/\" \/>\n<meta property=\"og:locale\" content=\"sv_SE\" \/>\n<meta property=\"og:type\" content=\"article\" \/>\n<meta property=\"og:title\" content=\"Om oss - Halland\" \/>\n<meta property=\"og:description\" content=\"Nyf\u00f6retagarCentrum Halland \u00e4r en stiftelse som sedan 1993 har arbetat med att hj\u00e4lpa m\u00e4nniskor omvandla sina id\u00e9er till f\u00f6retag.\" \/>\n<meta property=\"og:url\" content=\"https:\/\/nyforetagarcentrum.se\/halland\/om-oss\/\" \/>\n<meta property=\"og:site_name\" content=\"Halland\" \/>\n<meta property=\"article:modified_time\" content=\"2024-06-04T14:19:47+00:00\" \/>\n<meta name=\"twitter:card\" content=\"summary_large_image\" \/>\n<meta name=\"twitter:label1\" content=\"Ber\u00e4knad l\u00e4stid\" \/>\n\t<meta name=\"twitter:data1\" content=\"1 minut\" \/>\n<script type=\"application\/ld+json\" class=\"yoast-schema-graph\">{\"@context\":\"https:\/\/schema.org\",\"@graph\":[{\"@type\":\"WebPage\",\"@id\":\"https:\/\/nyforetagarcentrum.se\/halland\/om-oss\/\",\"url\":\"https:\/\/nyforetagarcentrum.se\/halland\/om-oss\/\",\"name\":\"Om oss - Halland\",\"isPartOf\":{\"@id\":\"https:\/\/nyforetagarcentrum.se\/halland\/#website\"},\"datePublished\":\"2024-02-27T15:04:37+00:00\",\"dateModified\":\"2024-06-04T14:19:47+00:00\",\"description\":\"Nyf\u00f6retagarCentrum Halland \u00e4r en stiftelse som sedan 1993 har arbetat med att hj\u00e4lpa m\u00e4nniskor omvandla sina id\u00e9er till f\u00f6retag.\",\"breadcrumb\":{\"@id\":\"https:\/\/nyforetagarcentrum.se\/halland\/om-oss\/#breadcrumb\"},\"inLanguage\":\"sv-SE\",\"potentialAction\":[{\"@type\":\"ReadAction\",\"target\":[\"https:\/\/nyforetagarcentrum.se\/halland\/om-oss\/\"]}]},{\"@type\":\"BreadcrumbList\",\"@id\":\"https:\/\/nyforetagarcentrum.se\/halland\/om-oss\/#breadcrumb\",\"itemListElement\":[{\"@type\":\"ListItem\",\"position\":1,\"name\":\"Hem\",\"item\":\"https:\/\/nyforetagarcentrum.se\/halland\/\"},{\"@type\":\"ListItem\",\"position\":2,\"name\":\"Om oss\"}]},{\"@type\":\"WebSite\",\"@id\":\"https:\/\/nyforetagarcentrum.se\/halland\/#website\",\"url\":\"https:\/\/nyforetagarcentrum.se\/halland\/\",\"name\":\"Halland\",\"description\":\"Sveriges ledande kraft f\u00f6r fler nya livskraftiga f\u00f6retag\",\"publisher\":{\"@id\":\"https:\/\/nyforetagarcentrum.se\/halland\/#organization\"},\"potentialAction\":[{\"@type\":\"SearchAction\",\"target\":{\"@type\":\"EntryPoint\",\"urlTemplate\":\"https:\/\/nyforetagarcentrum.se\/halland\/?s={search_term_string}\"},\"query-input\":\"required name=search_term_string\"}],\"inLanguage\":\"sv-SE\"},{\"@type\":\"Organization\",\"@id\":\"https:\/\/nyforetagarcentrum.se\/halland\/#organization\",\"name\":\"Halland\",\"url\":\"https:\/\/nyforetagarcentrum.se\/halland\/\",\"logo\":{\"@type\":\"ImageObject\",\"inLanguage\":\"sv-SE\",\"@id\":\"https:\/\/nyforetagarcentrum.se\/halland\/#\/schema\/logo\/image\/\",\"url\":\"https:\/\/nyforetagarcentrum.se\/halland\/wp-content\/uploads\/sites\/96\/2024\/05\/Halland.png\",\"contentUrl\":\"https:\/\/nyforetagarcentrum.se\/halland\/wp-content\/uploads\/sites\/96\/2024\/05\/Halland.png\",\"width\":1082,\"height\":542,\"caption\":\"Halland\"},\"image\":{\"@id\":\"https:\/\/nyforetagarcentrum.se\/halland\/#\/schema\/logo\/image\/\"}}]}<\/script>\n<!-- \/ Yoast SEO plugin. -->","yoast_head_json":{"title":"Om oss - Halland","description":"Nyf\u00f6retagarCentrum Halland \u00e4r en stiftelse som sedan 1993 har arbetat med att hj\u00e4lpa m\u00e4nniskor omvandla sina id\u00e9er till f\u00f6retag.","robots":{"index":"index","follow":"follow","max-snippet":"max-snippet:-1","max-image-preview":"max-image-preview:large","max-video-preview":"max-video-preview:-1"},"canonical":"https:\/\/nyforetagarcentrum.se\/halland\/om-oss\/","og_locale":"sv_SE","og_type":"article","og_title":"Om oss - Halland","og_description":"Nyf\u00f6retagarCentrum Halland \u00e4r en stiftelse som sedan 1993 har arbetat med att hj\u00e4lpa m\u00e4nniskor omvandla sina id\u00e9er till f\u00f6retag.","og_url":"https:\/\/nyforetagarcentrum.se\/halland\/om-oss\/","og_site_name":"Halland","article_modified_time":"2024-06-04T14:19:47+00:00","twitter_card":"summary_large_image","twitter_misc":{"Ber\u00e4knad l\u00e4stid":"1 minut"},"schema":{"@context":"https:\/\/schema.org","@graph":[{"@type":"WebPage","@id":"https:\/\/nyforetagarcentrum.se\/halland\/om-oss\/","url":"https:\/\/nyforetagarcentrum.se\/halland\/om-oss\/","name":"Om oss - Halland","isPartOf":{"@id":"https:\/\/nyforetagarcentrum.se\/halland\/#website"},"datePublished":"2024-02-27T15:04:37+00:00","dateModified":"2024-06-04T14:19:47+00:00","description":"Nyf\u00f6retagarCentrum Halland \u00e4r en stiftelse som sedan 1993 har arbetat med att hj\u00e4lpa m\u00e4nniskor omvandla sina id\u00e9er till f\u00f6retag.","breadcrumb":{"@id":"https:\/\/nyforetagarcentrum.se\/halland\/om-oss\/#breadcrumb"},"inLanguage":"sv-SE","potentialAction":[{"@type":"ReadAction","target":["https:\/\/nyforetagarcentrum.se\/halland\/om-oss\/"]}]},{"@type":"BreadcrumbList","@id":"https:\/\/nyforetagarcentrum.se\/halland\/om-oss\/#breadcrumb","itemListElement":[{"@type":"ListItem","position":1,"name":"Hem","item":"https:\/\/nyforetagarcentrum.se\/halland\/"},{"@type":"ListItem","position":2,"name":"Om oss"}]},{"@type":"WebSite","@id":"https:\/\/nyforetagarcentrum.se\/halland\/#website","url":"https:\/\/nyforetagarcentrum.se\/halland\/","name":"Halland","description":"Sveriges ledande kraft f\u00f6r fler nya livskraftiga f\u00f6retag","publisher":{"@id":"https:\/\/nyforetagarcentrum.se\/halland\/#organization"},"potentialAction":[{"@type":"SearchAction","target":{"@type":"EntryPoint","urlTemplate":"https:\/\/nyforetagarcentrum.se\/halland\/?s={search_term_string}"},"query-input":"required name=search_term_string"}],"inLanguage":"sv-SE"},{"@type":"Organization","@id":"https:\/\/nyforetagarcentrum.se\/halland\/#organization","name":"Halland","url":"https:\/\/nyforetagarcentrum.se\/halland\/","logo":{"@type":"ImageObject","inLanguage":"sv-SE","@id":"https:\/\/nyforetagarcentrum.se\/halland\/#\/schema\/logo\/image\/","url":"https:\/\/nyforetagarcentrum.se\/halland\/wp-content\/uploads\/sites\/96\/2024\/05\/Halland.png","contentUrl":"https:\/\/nyforetagarcentrum.se\/halland\/wp-content\/uploads\/sites\/96\/2024\/05\/Halland.png","width":1082,"height":542,"caption":"Halland"},"image":{"@id":"https:\/\/nyforetagarcentrum.se\/halland\/#\/schema\/logo\/image\/"}}]}},"_links":{"self":[{"href":"https:\/\/nyforetagarcentrum.se\/halland\/wp-json\/wp\/v2\/pages\/161"}],"collection":[{"href":"https:\/\/nyforetagarcentrum.se\/halland\/wp-json\/wp\/v2\/pages"}],"about":[{"href":"https:\/\/nyforetagarcentrum.se\/halland\/wp-json\/wp\/v2\/types\/page"}],"author":[{"embeddable":true,"href":"https:\/\/nyforetagarcentrum.se\/halland\/wp-json\/wp\/v2\/users\/1"}],"replies":[{"embeddable":true,"href":"https:\/\/nyforetagarcentrum.se\/halland\/wp-json\/wp\/v2\/comments?post=161"}],"version-history":[{"count":25,"href":"https:\/\/nyforetagarcentrum.se\/halland\/wp-json\/wp\/v2\/pages\/161\/revisions"}],"predecessor-version":[{"id":642,"href":"https:\/\/nyforetagarcentrum.se\/halland\/wp-json\/wp\/v2\/pages\/161\/revisions\/642"}],"wp:attachment":[{"href":"https:\/\/nyforetagarcentrum.se\/halland\/wp-json\/wp\/v2\/media?parent=161"}],"curies":[{"name":"wp","href":"https:\/\/api.w.org\/{rel}","templated":true}]}}