{"id":128,"date":"2024-02-22T11:27:10","date_gmt":"2024-02-22T10:27:10","guid":{"rendered":"https:\/\/nyforetagarcentrum.se\/halland\/?page_id=128"},"modified":"2024-05-23T18:30:16","modified_gmt":"2024-05-23T16:30:16","slug":"mentor","status":"publish","type":"page","link":"https:\/\/nyforetagarcentrum.se\/halland\/mentor\/","title":{"rendered":"Mentor"},"content":{"rendered":"<section  class=\"nfc-block-breadcrumbs alignwide\">\n    <div class=\"wrapper contained\">\n        <ol class=\"breadcrumbs\" itemscope itemtype=\"https:\/\/schema.org\/BreadcrumbList\">\n            <li itemprop=\"itemListElement\" itemscope itemtype=\"https:\/\/schema.org\/ListItem\">\n            \n\n                            <span class=\"current\" itemprop=\"name\">Hem<\/span>\n            \n            <meta itemprop=\"position\" content=\"1\" \/>\n        <\/li>\n    <\/ol>    <\/div>\n<\/section>\n\n\n<div style=\"height:var(--wp--preset--spacing--50)\" aria-hidden=\"true\" class=\"wp-block-spacer\"><\/div>\n\n\n<section  class=\"nfc-block-split_screen alignwide image_alignment-left\">\n    <div class=\"wrapper\">\n        <div class=\"nfc-block-split_screen__image-wrapper\">\n            <img loading=\"lazy\" decoding=\"async\" width=\"1470\" height=\"980\" src=\"https:\/\/nyforetagarcentrum.se\/halland\/wp-content\/uploads\/sites\/96\/2024\/02\/ff0c142f817a811d1f53e3e824c71240.png\" class=\"attachment-landscape size-landscape\" alt=\"\" srcset=\"https:\/\/nyforetagarcentrum.se\/halland\/wp-content\/uploads\/sites\/96\/2024\/02\/ff0c142f817a811d1f53e3e824c71240.png 1470w, https:\/\/nyforetagarcentrum.se\/halland\/wp-content\/uploads\/sites\/96\/2024\/02\/ff0c142f817a811d1f53e3e824c71240-300x200.png 300w, https:\/\/nyforetagarcentrum.se\/halland\/wp-content\/uploads\/sites\/96\/2024\/02\/ff0c142f817a811d1f53e3e824c71240-1024x683.png 1024w, https:\/\/nyforetagarcentrum.se\/halland\/wp-content\/uploads\/sites\/96\/2024\/02\/ff0c142f817a811d1f53e3e824c71240-768x512.png 768w\" sizes=\"(max-width: 1470px) 100vw, 1470px\" \/>        <\/div>\n\n        <div class=\"nfc-block-split_screen__content-wrapper\">\n            <h1>\u00c4r du intresserad av att delta i v\u00e5rt mentorsprogram?<\/h1>\n<div>\n<p>Livet som ny f\u00f6retagare \u00e4r inte l\u00e4tt, det \u00e4r m\u00e5nga utmaningar och problem man st\u00e4lls inf\u00f6r. Med\u00a0<b>st\u00f6d och support<\/b>\u00a0av en mentor, en\u00a0<b>oberoende och erfaren<\/b>\u00a0f\u00f6retagare, underl\u00e4ttas starten enormt.<\/p>\n<p>Nyf\u00f6retagarCentrum Hallands mentorer arbetar\u00a0<b>ideellt<\/b>\u00a0och erbjuder adepterna sina\u00a0<b>erfarenheter och kunskaper<\/b>\u00a0likv\u00e4l som sina\u00a0<b>n\u00e4tverk<\/b>. Under 12 m\u00e5nader har du m\u00f6jlighet att\u00a0<b>kostnadsfritt<\/b>\u00a0f\u00e5: n\u00e5gon att\u00a0<b>bolla med<\/b>\u00a0och utmana id\u00e9er, hj\u00e4lpen att hitta de l\u00e4mpligaste l\u00f6sningarna och komma till beslut, utveckling av\u00a0<b>kommunikation<\/b>\u00a0och\u00a0<b>n\u00e4tverkande\u00a0<\/b>men framf\u00f6r allt\u2026. n\u00e5gon som utan baktankar <b>st\u00f6ttar, motiverar<\/b>\u00a0och hj\u00e4lper till att\u00a0<b>h\u00e5lla fokus<\/b>\u00a0fram\u00e5t.<\/p>\n<h3>Hur ser processen ut?<\/h3>\n<p>Du ans\u00f6ker f\u00f6rst om att g\u00e5 med i v\u00e5rt mentorsprogram. Det g\u00f6r du enklast genom att anm\u00e4la dig i formul\u00e4ret nedan. Vi har antagningar under hela \u00e5ret, men vi har bara en uppstart och den sker i oktober varje \u00e5r.<\/p>\n<p>Inf\u00f6r matchningen kommer du att bli kontaktad av v\u00e5r mentorshandledare Lena Brantberg. D\u00e5 kan du beh\u00f6va svara p\u00e5 lite fr\u00e5gor, som g\u00f6r att matchningen och urvalet till mentorsprogrammet blir s\u00e5 bra som m\u00f6jligt.<\/p>\n<h3>Vad kr\u00e4vs av mig som adept?<\/h3>\n<p>Att ing\u00e5 i mentorsprogrammet inneb\u00e4r att du f\u00f6rbinder dig till att aktivt delta i ett program som syftar till att hj\u00e4lpa dig att utveckla dig sj\u00e4lv och ditt f\u00f6retag.<\/p>\n<p>Du beh\u00f6ver d\u00e4rf\u00f6r st\u00e4lla dig n\u00e5gra fr\u00e5gor innan du anm\u00e4ler dig:<\/p>\n<ul>\n<li><strong>Har jag den TID som mentorsprogrammet kr\u00e4ver?<\/strong> F\u00f6r att du ska f\u00e5 ut maximalt av programmet ska du ha tid att genomf\u00f6ra de aktiviteter och uppgifter som du och din mentor tar upp p\u00e5 era tr\u00e4ffar. Du beh\u00f6ver ocks\u00e5 ha tid att vara med p\u00e5 mentorstr\u00e4ffar och andra tr\u00e4ffar inom mentorsprogrammet.<\/li>\n<li><strong>Kan jag DRIVA min egen process?<\/strong> I v\u00e5rt mentorsprogram kr\u00e4vs att det \u00e4r du som adept som driver processen fram\u00e5t. Det \u00e4r ocks\u00e5 ditt ansvar att boka in m\u00f6ten med mentors och att ta dig till dessa m\u00f6ten. Det \u00e4r d\u00e4rf\u00f6r viktigt att du kan driva p\u00e5 processen p\u00e5 egen hand.<\/li>\n<li><strong>\u00c4r jag i r\u00e4tt fas i mitt f\u00f6retagande?<\/strong> Vi vet att det \u00e4r tufft i b\u00f6rjan och det \u00e4r just d\u00e4rf\u00f6r ett mentorsprogram kan vara bra! Men det kr\u00e4vs naturligtvis att du \u00e4r i r\u00e4tt fas i ditt f\u00f6retag &#8211; och i livet &#8211; och att du k\u00e4nner att du har kraft, energi och fokus f\u00f6r att delta i programmet.<\/li>\n<\/ul>\n<p>\u00c4r du os\u00e4ker? Kontakta oss g\u00e4rna s\u00e5 hj\u00e4lper vi dig!<\/p>\n<p>&nbsp;<\/p>\n<\/div>\n\n                            <div class=\"nfc-block-split_screen__buttons\">\n                                            <a href=\"https:\/\/forms.gle\/4PF5V96tcSUx22s48\" class=\"button primary\">L\u00e4s mer och anm\u00e4l dig h\u00e4r<\/a>\n                                            <a href=\"\/kontakt\" class=\"button outlined\">Kontakta oss h\u00e4r! <\/a>\n                                    <\/div>\n            \n        <\/div>\n    <\/div>\n<\/section>\n\n\n<div style=\"height:54px\" aria-hidden=\"true\" class=\"wp-block-spacer\"><\/div>\n\n\n<section  class=\"nfc-block-text_cards alignwide show_numbers\">\n    <div class=\"wrapper contained\">\n                    <div class=\"text-card\">\n                <div class=\"text-card__content\">\n                    <h3 class=\"heading\" data-number=\"1\">Boka tid f\u00f6r r\u00e5dgivning<\/h3>\n\n                                            <div class=\"description\">Grunden f\u00f6r mentorskapet \u00e4r att man f\u00e5tt kostnadsfri r\u00e5dgivning hos Nyf\u00f6retagarCentrum. <br \/>\r\nI r\u00e5dgivningen l\u00e4r v\u00e5ra r\u00e5dgivare k\u00e4nna dig och ditt f\u00f6retags behov och utmaningar. <br \/>\r\nBoka in dig p\u00e5 r\u00e5dgivning direkt hos en r\u00e5dgivare.<\/div>\n                    \n                                            <a href=\"https:\/\/jobsdata-nyforetagarcentrum.se\/ExternBooking?OfficeId=67bb1a77-3596-e811-80d7-0050568571f4\" class=\"button primary\">Boka r\u00e5dgivning h\u00e4r!<\/a>\n                    \n                <\/div>\n            <\/div>\n                    <div class=\"text-card\">\n                <div class=\"text-card__content\">\n                    <h3 class=\"heading\" data-number=\"2\">Matchning med mentor<\/h3>\n\n                                            <div class=\"description\">Matchningen utg\u00e5r fr\u00e5n adepten och adeptf\u00f6retagets behov men eftersom mentorskap bygger p\u00e5 f\u00f6rtroende och tillit s\u00e5 tar man \u00e4ven h\u00e4nsyn till personlighet. Utifr\u00e5n detta s\u00f6ker man efter en passande mentor som har r\u00e4tt kombination av kunskaper, erfarenheter och kompetenser som kan hj\u00e4lpa till att utveckla adepten.<br \/>\r\nVi matchar inte i samma bransch eftersom mentorskapet handlar om oberoende objektiva insikter.<br \/>\r\n<br \/>\r\nObservera att det finns ett begr\u00e4nsat antal platser varje \u00e5r s\u00e5 man \u00e4r inte garanterad en plats! <\/div>\n                    \n                                            <a href=\"https:\/\/forms.gle\/4PF5V96tcSUx22s48\" class=\"button outlined\">Anm\u00e4l dig idag! <\/a>\n                    \n                <\/div>\n            <\/div>\n                    <div class=\"text-card\">\n                <div class=\"text-card__content\">\n                    <h3 class=\"heading\" data-number=\"3\">Programmet startar<\/h3>\n\n                                            <div class=\"description\">Programmet startar varje h\u00f6st. Under sommaren och efter semestern p\u00e5b\u00f6rjas matchningen av adepter och mentorer. <br \/>\r\n<br \/>\r\nProgrammet \u00e4r kostnadsfritt och p\u00e5g\u00e5r i tolv m\u00e5nader. Under \u00e5ret s\u00e5  m\u00f6ts mentorparen ungef\u00e4r en g\u00e5ng\/ m\u00e5nad, 2 &#8211; 4h. Sj\u00e4lvklart kan det bli fler tr\u00e4ffar men grunden \u00e4r en g\u00e5ng per m\u00e5nad. <br \/>\r\n<br \/>\r\nParallellt bjuds paren in till n\u00e4tverkstr\u00e4ffar d\u00e4r de f\u00e5r m\u00f6ta andra adepter och mentorer.<br \/>\r\n<\/div>\n                    \n                                            <a href=\"https:\/\/forms.gle\/4PF5V96tcSUx22s48\" class=\"button white\">Anm\u00e4l dig idag! <\/a>\n                    \n                <\/div>\n            <\/div>\n            <\/div>\n<\/section>\n\n\n<div style=\"height:100px\" aria-hidden=\"true\" class=\"wp-block-spacer\"><\/div>\n\n\n\n<div class=\"wp-block-group alignfull has-background is-layout-constrained wp-block-group-is-layout-constrained\" style=\"background-color:#f2e1d7\">\n<div style=\"height:100px\" aria-hidden=\"true\" class=\"wp-block-spacer\"><\/div>\n\n\n\n<h2 class=\"wp-block-heading has-text-align-center has-large-font-size\">Skriv en kort titel om ert lokala mentorprogram<\/h2>\n\n\n\n<p class=\"has-text-align-center\">Fyll p\u00e5 med material om det lokala Nyf\u00f6retagarCentrumets mentorsprogram.<\/p>\n\n\n\n<div style=\"height:200px\" aria-hidden=\"true\" class=\"wp-block-spacer\"><\/div>\n<\/div>\n\n\n\n<div style=\"height:100px\" aria-hidden=\"true\" class=\"wp-block-spacer\"><\/div>\n\n\n<section  class=\"nfc-block-featured_cards alignwide\">\n    <div class=\"wrapper contained\">\n                    <a href='\/successtory' class=\"featured-card\">\n                <div class=\"featured-card__image\">\n                                            <img loading=\"lazy\" decoding=\"async\" width=\"1472\" height=\"1080\" src=\"https:\/\/nyforetagarcentrum.se\/halland\/wp-content\/uploads\/sites\/96\/2024\/02\/Nyforetagare-ung-kvinna-2-LOW-1472x1080.jpg\" class=\"attachment-landscape size-landscape\" alt=\"\" srcset=\"https:\/\/nyforetagarcentrum.se\/halland\/wp-content\/uploads\/sites\/96\/2024\/02\/Nyforetagare-ung-kvinna-2-LOW-1472x1080.jpg 1472w, https:\/\/nyforetagarcentrum.se\/halland\/wp-content\/uploads\/sites\/96\/2024\/02\/Nyforetagare-ung-kvinna-2-LOW-300x220.jpg 300w, https:\/\/nyforetagarcentrum.se\/halland\/wp-content\/uploads\/sites\/96\/2024\/02\/Nyforetagare-ung-kvinna-2-LOW-1024x751.jpg 1024w, https:\/\/nyforetagarcentrum.se\/halland\/wp-content\/uploads\/sites\/96\/2024\/02\/Nyforetagare-ung-kvinna-2-LOW-768x564.jpg 768w, https:\/\/nyforetagarcentrum.se\/halland\/wp-content\/uploads\/sites\/96\/2024\/02\/Nyforetagare-ung-kvinna-2-LOW.jpg 1476w\" sizes=\"(max-width: 1472px) 100vw, 1472px\" \/>                                    \n                <\/div>\n                <div class=\"featured-card__content\">\n                                            <div class=\"tag\">Mentorsprogram<\/div>\n                                        \n                    <h2 class=\"title\">Person 1 deltog i v\u00e5rt mentorsprogram<\/h2>\n\n                                            <div class=\"description\">Lyft g\u00e4rna fram n\u00e5gra som har g\u00e5tt i mentorsprogrammet via er och visa vilka framg\u00e5ngar de har gjort.<\/div>\n                    \n                                            <div class=\"link-row\">\n                            L\u00e4s mer                            <div class=\"icon icon-external\"><\/div>\n                    <\/div>\n                                    <\/div>\n            <\/a>\n                    <a href='\/successtory' class=\"featured-card\">\n                <div class=\"featured-card__image\">\n                                            <img loading=\"lazy\" decoding=\"async\" width=\"1476\" height=\"992\" src=\"https:\/\/nyforetagarcentrum.se\/halland\/wp-content\/uploads\/sites\/96\/2024\/02\/Nyforetagare-LOW.jpg\" class=\"attachment-landscape size-landscape\" alt=\"\" srcset=\"https:\/\/nyforetagarcentrum.se\/halland\/wp-content\/uploads\/sites\/96\/2024\/02\/Nyforetagare-LOW.jpg 1476w, https:\/\/nyforetagarcentrum.se\/halland\/wp-content\/uploads\/sites\/96\/2024\/02\/Nyforetagare-LOW-300x202.jpg 300w, https:\/\/nyforetagarcentrum.se\/halland\/wp-content\/uploads\/sites\/96\/2024\/02\/Nyforetagare-LOW-1024x688.jpg 1024w, https:\/\/nyforetagarcentrum.se\/halland\/wp-content\/uploads\/sites\/96\/2024\/02\/Nyforetagare-LOW-768x516.jpg 768w\" sizes=\"(max-width: 1476px) 100vw, 1476px\" \/>                                    \n                <\/div>\n                <div class=\"featured-card__content\">\n                                            <div class=\"tag\">Mentorsprogrammet<\/div>\n                                        \n                    <h2 class=\"title\">Person 2<\/h2>\n\n                    \n                                            <div class=\"link-row\">\n                            L\u00e4s mer                            <div class=\"icon icon-external\"><\/div>\n                    <\/div>\n                                    <\/div>\n            <\/a>\n                    <div  class=\"featured-card\">\n                <div class=\"featured-card__image\">\n                                            <img loading=\"lazy\" decoding=\"async\" width=\"925\" height=\"752\" src=\"https:\/\/nyforetagarcentrum.se\/halland\/wp-content\/uploads\/sites\/96\/2024\/02\/Skarmbild-2023-09-26-152547.png\" class=\"attachment-landscape size-landscape\" alt=\"\" srcset=\"https:\/\/nyforetagarcentrum.se\/halland\/wp-content\/uploads\/sites\/96\/2024\/02\/Skarmbild-2023-09-26-152547.png 925w, https:\/\/nyforetagarcentrum.se\/halland\/wp-content\/uploads\/sites\/96\/2024\/02\/Skarmbild-2023-09-26-152547-300x244.png 300w, https:\/\/nyforetagarcentrum.se\/halland\/wp-content\/uploads\/sites\/96\/2024\/02\/Skarmbild-2023-09-26-152547-768x624.png 768w\" sizes=\"(max-width: 925px) 100vw, 925px\" \/>                                    \n                <\/div>\n                <div class=\"featured-card__content\">\n                                            <div class=\"tag\">Ungt f\u00f6retagande<\/div>\n                                        \n                    <h2 class=\"title\">Person 3<\/h2>\n\n                    \n                                            <div class=\"link-row\">\n                            L\u00e4s mer                            <div class=\"icon icon-external\"><\/div>\n                    <\/div>\n                                    <\/div>\n            <\/div>\n            <\/div>\n<\/section>\n\n\n<h2 class=\"wp-block-heading alignwide has-x-large-font-size\">Mentorhandledare hos Nyf\u00f6retagarCentrum Halland<\/h2>\n\n\n<section  class=\"nfc-block-person_grid alignwide layout-small\">\n    <div class=\"contained\">\n        <div class=\"grid\">\n            <div class=\"person-card\">\n    \n            <div class=\"featured_image\">\n            <img loading=\"lazy\" decoding=\"async\" width=\"150\" height=\"150\" src=\"https:\/\/nyforetagarcentrum.se\/halland\/wp-content\/uploads\/sites\/96\/2024\/02\/2-1-150x150.png\" class=\"attachment-thumbnail size-thumbnail\" alt=\"\" srcset=\"https:\/\/nyforetagarcentrum.se\/halland\/wp-content\/uploads\/sites\/96\/2024\/02\/2-1-150x150.png 150w, https:\/\/nyforetagarcentrum.se\/halland\/wp-content\/uploads\/sites\/96\/2024\/02\/2-1-300x300.png 300w, https:\/\/nyforetagarcentrum.se\/halland\/wp-content\/uploads\/sites\/96\/2024\/02\/2-1-1024x1024.png 1024w, https:\/\/nyforetagarcentrum.se\/halland\/wp-content\/uploads\/sites\/96\/2024\/02\/2-1-768x768.png 768w, https:\/\/nyforetagarcentrum.se\/halland\/wp-content\/uploads\/sites\/96\/2024\/02\/2-1-1536x1536.png 1536w, https:\/\/nyforetagarcentrum.se\/halland\/wp-content\/uploads\/sites\/96\/2024\/02\/2-1-1080x1080.png 1080w, https:\/\/nyforetagarcentrum.se\/halland\/wp-content\/uploads\/sites\/96\/2024\/02\/2-1.png 2048w\" sizes=\"(max-width: 150px) 100vw, 150px\" \/>        <\/div>\n    \n    <div class=\"content-wrapper\">\n        <div class=\"top\">\n                    <\/div>\n        \n        <h3>Lena Brantberg<\/h3>\n\n        <div class=\"excerpt\">\n            Programansvarig        <\/div>\n\n        <div class=\"links\">\n                            <a href=\"tel:070-350 89 09\">\n                    Telefon: 070-350 89 09                <\/a>\n            \n                            <a href=\"mailto:lena.brantberg@nyforetagarcentrum.se\">\n                    MAIL: lena.brantberg@nyforetagarcentrum.se                <\/a>\n                    <\/div>\n        \n    <\/div>\n<\/div>        <\/div>\n    <\/div>\n<\/section>\n\n\n<div style=\"height:100px\" aria-hidden=\"true\" class=\"wp-block-spacer\"><\/div>\n","protected":false},"excerpt":{"rendered":"<p>Skriv en kort titel om ert lokala mentorprogram Fyll p\u00e5 med material om det lokala Nyf\u00f6retagarCentrumets mentorsprogram. Mentorhandledare hos Nyf\u00f6retagarCentrum Halland<\/p>\n","protected":false},"author":1,"featured_media":0,"parent":0,"menu_order":0,"comment_status":"closed","ping_status":"closed","template":"","meta":{"footnotes":""},"acf":[],"yoast_head":"<!-- This site is optimized with the Yoast SEO plugin v22.9 - https:\/\/yoast.com\/wordpress\/plugins\/seo\/ -->\n<title>Mentor - Halland<\/title>\n<meta name=\"robots\" content=\"index, follow, max-snippet:-1, max-image-preview:large, max-video-preview:-1\" \/>\n<link rel=\"canonical\" href=\"https:\/\/nyforetagarcentrum.se\/halland\/mentor\/\" \/>\n<meta property=\"og:locale\" content=\"sv_SE\" \/>\n<meta property=\"og:type\" content=\"article\" \/>\n<meta property=\"og:title\" content=\"Mentor - Halland\" \/>\n<meta property=\"og:description\" content=\"Skriv en kort titel om ert lokala mentorprogram Fyll p\u00e5 med material om det lokala Nyf\u00f6retagarCentrumets mentorsprogram. Mentorhandledare hos Nyf\u00f6retagarCentrum Halland\" \/>\n<meta property=\"og:url\" content=\"https:\/\/nyforetagarcentrum.se\/halland\/mentor\/\" \/>\n<meta property=\"og:site_name\" content=\"Halland\" \/>\n<meta property=\"article:modified_time\" content=\"2024-05-23T16:30:16+00:00\" \/>\n<meta name=\"twitter:card\" content=\"summary_large_image\" \/>\n<script type=\"application\/ld+json\" class=\"yoast-schema-graph\">{\"@context\":\"https:\/\/schema.org\",\"@graph\":[{\"@type\":\"WebPage\",\"@id\":\"https:\/\/nyforetagarcentrum.se\/halland\/mentor\/\",\"url\":\"https:\/\/nyforetagarcentrum.se\/halland\/mentor\/\",\"name\":\"Mentor - Halland\",\"isPartOf\":{\"@id\":\"https:\/\/nyforetagarcentrum.se\/halland\/#website\"},\"datePublished\":\"2024-02-22T10:27:10+00:00\",\"dateModified\":\"2024-05-23T16:30:16+00:00\",\"breadcrumb\":{\"@id\":\"https:\/\/nyforetagarcentrum.se\/halland\/mentor\/#breadcrumb\"},\"inLanguage\":\"sv-SE\",\"potentialAction\":[{\"@type\":\"ReadAction\",\"target\":[\"https:\/\/nyforetagarcentrum.se\/halland\/mentor\/\"]}]},{\"@type\":\"BreadcrumbList\",\"@id\":\"https:\/\/nyforetagarcentrum.se\/halland\/mentor\/#breadcrumb\",\"itemListElement\":[{\"@type\":\"ListItem\",\"position\":1,\"name\":\"Hem\",\"item\":\"https:\/\/nyforetagarcentrum.se\/halland\/\"},{\"@type\":\"ListItem\",\"position\":2,\"name\":\"Mentor\"}]},{\"@type\":\"WebSite\",\"@id\":\"https:\/\/nyforetagarcentrum.se\/halland\/#website\",\"url\":\"https:\/\/nyforetagarcentrum.se\/halland\/\",\"name\":\"Halland\",\"description\":\"Sveriges ledande kraft f\u00f6r fler nya livskraftiga f\u00f6retag\",\"publisher\":{\"@id\":\"https:\/\/nyforetagarcentrum.se\/halland\/#organization\"},\"potentialAction\":[{\"@type\":\"SearchAction\",\"target\":{\"@type\":\"EntryPoint\",\"urlTemplate\":\"https:\/\/nyforetagarcentrum.se\/halland\/?s={search_term_string}\"},\"query-input\":\"required name=search_term_string\"}],\"inLanguage\":\"sv-SE\"},{\"@type\":\"Organization\",\"@id\":\"https:\/\/nyforetagarcentrum.se\/halland\/#organization\",\"name\":\"Halland\",\"url\":\"https:\/\/nyforetagarcentrum.se\/halland\/\",\"logo\":{\"@type\":\"ImageObject\",\"inLanguage\":\"sv-SE\",\"@id\":\"https:\/\/nyforetagarcentrum.se\/halland\/#\/schema\/logo\/image\/\",\"url\":\"https:\/\/nyforetagarcentrum.se\/halland\/wp-content\/uploads\/sites\/96\/2024\/05\/Halland.png\",\"contentUrl\":\"https:\/\/nyforetagarcentrum.se\/halland\/wp-content\/uploads\/sites\/96\/2024\/05\/Halland.png\",\"width\":1082,\"height\":542,\"caption\":\"Halland\"},\"image\":{\"@id\":\"https:\/\/nyforetagarcentrum.se\/halland\/#\/schema\/logo\/image\/\"}}]}<\/script>\n<!-- \/ Yoast SEO plugin. -->","yoast_head_json":{"title":"Mentor - Halland","robots":{"index":"index","follow":"follow","max-snippet":"max-snippet:-1","max-image-preview":"max-image-preview:large","max-video-preview":"max-video-preview:-1"},"canonical":"https:\/\/nyforetagarcentrum.se\/halland\/mentor\/","og_locale":"sv_SE","og_type":"article","og_title":"Mentor - Halland","og_description":"Skriv en kort titel om ert lokala mentorprogram Fyll p\u00e5 med material om det lokala Nyf\u00f6retagarCentrumets mentorsprogram. Mentorhandledare hos Nyf\u00f6retagarCentrum Halland","og_url":"https:\/\/nyforetagarcentrum.se\/halland\/mentor\/","og_site_name":"Halland","article_modified_time":"2024-05-23T16:30:16+00:00","twitter_card":"summary_large_image","schema":{"@context":"https:\/\/schema.org","@graph":[{"@type":"WebPage","@id":"https:\/\/nyforetagarcentrum.se\/halland\/mentor\/","url":"https:\/\/nyforetagarcentrum.se\/halland\/mentor\/","name":"Mentor - Halland","isPartOf":{"@id":"https:\/\/nyforetagarcentrum.se\/halland\/#website"},"datePublished":"2024-02-22T10:27:10+00:00","dateModified":"2024-05-23T16:30:16+00:00","breadcrumb":{"@id":"https:\/\/nyforetagarcentrum.se\/halland\/mentor\/#breadcrumb"},"inLanguage":"sv-SE","potentialAction":[{"@type":"ReadAction","target":["https:\/\/nyforetagarcentrum.se\/halland\/mentor\/"]}]},{"@type":"BreadcrumbList","@id":"https:\/\/nyforetagarcentrum.se\/halland\/mentor\/#breadcrumb","itemListElement":[{"@type":"ListItem","position":1,"name":"Hem","item":"https:\/\/nyforetagarcentrum.se\/halland\/"},{"@type":"ListItem","position":2,"name":"Mentor"}]},{"@type":"WebSite","@id":"https:\/\/nyforetagarcentrum.se\/halland\/#website","url":"https:\/\/nyforetagarcentrum.se\/halland\/","name":"Halland","description":"Sveriges ledande kraft f\u00f6r fler nya livskraftiga f\u00f6retag","publisher":{"@id":"https:\/\/nyforetagarcentrum.se\/halland\/#organization"},"potentialAction":[{"@type":"SearchAction","target":{"@type":"EntryPoint","urlTemplate":"https:\/\/nyforetagarcentrum.se\/halland\/?s={search_term_string}"},"query-input":"required name=search_term_string"}],"inLanguage":"sv-SE"},{"@type":"Organization","@id":"https:\/\/nyforetagarcentrum.se\/halland\/#organization","name":"Halland","url":"https:\/\/nyforetagarcentrum.se\/halland\/","logo":{"@type":"ImageObject","inLanguage":"sv-SE","@id":"https:\/\/nyforetagarcentrum.se\/halland\/#\/schema\/logo\/image\/","url":"https:\/\/nyforetagarcentrum.se\/halland\/wp-content\/uploads\/sites\/96\/2024\/05\/Halland.png","contentUrl":"https:\/\/nyforetagarcentrum.se\/halland\/wp-content\/uploads\/sites\/96\/2024\/05\/Halland.png","width":1082,"height":542,"caption":"Halland"},"image":{"@id":"https:\/\/nyforetagarcentrum.se\/halland\/#\/schema\/logo\/image\/"}}]}},"_links":{"self":[{"href":"https:\/\/nyforetagarcentrum.se\/halland\/wp-json\/wp\/v2\/pages\/128"}],"collection":[{"href":"https:\/\/nyforetagarcentrum.se\/halland\/wp-json\/wp\/v2\/pages"}],"about":[{"href":"https:\/\/nyforetagarcentrum.se\/halland\/wp-json\/wp\/v2\/types\/page"}],"author":[{"embeddable":true,"href":"https:\/\/nyforetagarcentrum.se\/halland\/wp-json\/wp\/v2\/users\/1"}],"replies":[{"embeddable":true,"href":"https:\/\/nyforetagarcentrum.se\/halland\/wp-json\/wp\/v2\/comments?post=128"}],"version-history":[{"count":32,"href":"https:\/\/nyforetagarcentrum.se\/halland\/wp-json\/wp\/v2\/pages\/128\/revisions"}],"predecessor-version":[{"id":520,"href":"https:\/\/nyforetagarcentrum.se\/halland\/wp-json\/wp\/v2\/pages\/128\/revisions\/520"}],"wp:attachment":[{"href":"https:\/\/nyforetagarcentrum.se\/halland\/wp-json\/wp\/v2\/media?parent=128"}],"curies":[{"name":"wp","href":"https:\/\/api.w.org\/{rel}","templated":true}]}}