{"id":128,"date":"2024-02-22T11:27:10","date_gmt":"2024-02-22T10:27:10","guid":{"rendered":"https:\/\/nyforetagarcentrum.se\/goteborgsregionen\/?page_id=128"},"modified":"2025-06-10T11:10:43","modified_gmt":"2025-06-10T09:10:43","slug":"mentor","status":"publish","type":"page","link":"https:\/\/nyforetagarcentrum.se\/goteborgsregionen\/mentor\/","title":{"rendered":"Mentor"},"content":{"rendered":"<section  class=\"nfc-block-breadcrumbs alignwide\">\n    <div class=\"wrapper contained\">\n        <ol class=\"breadcrumbs\" itemscope itemtype=\"https:\/\/schema.org\/BreadcrumbList\">\n            <li itemprop=\"itemListElement\" itemscope itemtype=\"https:\/\/schema.org\/ListItem\">\n            \n\n                            <span class=\"current\" itemprop=\"name\">Hem<\/span>\n            \n            <meta itemprop=\"position\" content=\"1\" \/>\n        <\/li>\n    <\/ol>    <\/div>\n<\/section>\n\n\n<div style=\"height:var(--wp--preset--spacing--50)\" aria-hidden=\"true\" class=\"wp-block-spacer\"><\/div>\n\n\n<section  class=\"nfc-block-split_screen alignwide image_alignment-left\">\n    <div class=\"wrapper\">\n        <div class=\"nfc-block-split_screen__image-wrapper\">\n            <img loading=\"lazy\" decoding=\"async\" width=\"1470\" height=\"980\" src=\"https:\/\/nyforetagarcentrum.se\/goteborgsregionen\/wp-content\/uploads\/sites\/45\/2024\/02\/ff0c142f817a811d1f53e3e824c71240.png\" class=\"attachment-landscape size-landscape\" alt=\"\" srcset=\"https:\/\/nyforetagarcentrum.se\/goteborgsregionen\/wp-content\/uploads\/sites\/45\/2024\/02\/ff0c142f817a811d1f53e3e824c71240.png 1470w, https:\/\/nyforetagarcentrum.se\/goteborgsregionen\/wp-content\/uploads\/sites\/45\/2024\/02\/ff0c142f817a811d1f53e3e824c71240-300x200.png 300w, https:\/\/nyforetagarcentrum.se\/goteborgsregionen\/wp-content\/uploads\/sites\/45\/2024\/02\/ff0c142f817a811d1f53e3e824c71240-1024x683.png 1024w, https:\/\/nyforetagarcentrum.se\/goteborgsregionen\/wp-content\/uploads\/sites\/45\/2024\/02\/ff0c142f817a811d1f53e3e824c71240-768x512.png 768w\" sizes=\"(max-width: 1470px) 100vw, 1470px\" \/>        <\/div>\n\n        <div class=\"nfc-block-split_screen__content-wrapper\">\n            <h1>\u00c4r du intresserad av att delta i v\u00e5rt mentorsprogram?<\/h1>\n<div>\n<p>Det mycket efterfr\u00e5gade och uppskattade mentorprogrammet hos oss p\u00e5 Nyf\u00f6retagarCentrum G\u00f6teborgsregionen inneb\u00e4r att du som nyf\u00f6retagare kostnadsfritt under ett \u00e5rs tid f\u00e5r tillg\u00e5ng till en mentor. Mentorn bidrar med sina erfarenheter och sitt n\u00e4tverk p\u00e5 ideell basis, vilket underl\u00e4ttar f\u00f6retagsstarten och fr\u00e4mjar l\u00f6nsamhet och framg\u00e5ng i f\u00f6retaget!<\/p>\n<p>Mentorprogrammet \u00e4r ett komplement till v\u00e5r ordinarie r\u00e5dgivning. F\u00f6r att delta i programmet m\u00e5ste du ha en b\u00e4rkraftig aff\u00e4rsid\u00e9 med potential att bli ett livskraftigt och l\u00f6nsamt f\u00f6retag. Sj\u00e4lva mentorprogrammet \u00e4r nationellt och drivs i samarbete med Tillv\u00e4xtverket.<\/p>\n<p>Mentorerna \u00e4r noga utvalda fr\u00e5n n\u00e4ringslivet i G\u00f6teborg och har oftast l\u00e5ng erfarenhet av f\u00f6retagande och aff\u00e4rsutveckling. Under mentor\u00e5ret kommer vi att arrangera flera n\u00e4tverkstr\u00e4ffar d\u00e4r vi minglar, knyter nya kontakter, har inspirationsf\u00f6rel\u00e4sningar och deltar i andra aktiviteter.<\/p>\n<p>Antalet platser i mentorprogrammet \u00e4r begr\u00e4nsat.<\/p>\n<p>V\u00e5rt senaste mentorprogram startade i december 2024 och str\u00e4cker sig \u00f6ver ett \u00e5r.<\/p>\n<p><strong>F\u00f6r intresseanm\u00e4lan till v\u00e5rt n\u00e4sta mentorprogram, med prelimin\u00e4r start i november 2025, kontakta mentorhandledarna<\/strong>:<br \/>\n<u><a href=\"mailto:kristina.ford@nyforetagarcentrum.se\">kristina.ford@nyforetagarcentrum.se<\/a><\/u>\u00a0eller\u00a0<u><a href=\"mailto:asa.bengtsson@nyforetagarcentrum.se\">asa.bengtsson@nyforetagarcentrum.se.\u00a0<\/a><\/u><\/p>\n<p>F\u00f6r mer information l\u00e4s g\u00e4rna p\u00e5\u00a0<a href=\"http:\/\/www.mentoregetforetag.se\/\">http:\/\/www.mentoregetforetag.se<\/a><\/p>\n<p>&nbsp;<\/p>\n<\/div>\n\n                            <div class=\"nfc-block-split_screen__buttons\">\n                                            <a href=\"\/mentor\" class=\"button primary\">L\u00e4s mer och anm\u00e4l dig h\u00e4r<\/a>\n                                    <\/div>\n            \n        <\/div>\n    <\/div>\n<\/section>\n\n\n<div style=\"height:54px\" aria-hidden=\"true\" class=\"wp-block-spacer\"><\/div>\n\n\n\n<div class=\"wp-block-group alignfull has-background is-layout-constrained wp-block-group-is-layout-constrained\" style=\"background-color:#f2e1d7\">\n<div style=\"height:200px\" aria-hidden=\"true\" class=\"wp-block-spacer\"><\/div>\n\n\n\n<h2 class=\"wp-block-heading has-text-align-center has-large-font-size\">Skriv en kort titel om ert lokala mentorprogram<\/h2>\n\n\n\n<p class=\"has-text-align-center\">Fyll p\u00e5 med material om det lokala Nyf\u00f6retagarCentrumets mentorsprogram.<\/p>\n\n\n\n<div style=\"height:200px\" aria-hidden=\"true\" class=\"wp-block-spacer\"><\/div>\n<\/div>\n\n\n\n<div style=\"height:100px\" aria-hidden=\"true\" class=\"wp-block-spacer\"><\/div>\n\n\n<section  class=\"nfc-block-featured_cards alignwide\">\n    <div class=\"wrapper contained\">\n                    <a href='\/successtory' class=\"featured-card\">\n                <div class=\"featured-card__image\">\n                                            <img loading=\"lazy\" decoding=\"async\" width=\"1472\" height=\"1080\" src=\"https:\/\/nyforetagarcentrum.se\/goteborgsregionen\/wp-content\/uploads\/sites\/45\/2024\/02\/Nyforetagare-ung-kvinna-2-LOW-1472x1080.jpg\" class=\"attachment-landscape size-landscape\" alt=\"\" srcset=\"https:\/\/nyforetagarcentrum.se\/goteborgsregionen\/wp-content\/uploads\/sites\/45\/2024\/02\/Nyforetagare-ung-kvinna-2-LOW-1472x1080.jpg 1472w, https:\/\/nyforetagarcentrum.se\/goteborgsregionen\/wp-content\/uploads\/sites\/45\/2024\/02\/Nyforetagare-ung-kvinna-2-LOW-300x220.jpg 300w, https:\/\/nyforetagarcentrum.se\/goteborgsregionen\/wp-content\/uploads\/sites\/45\/2024\/02\/Nyforetagare-ung-kvinna-2-LOW-1024x751.jpg 1024w, https:\/\/nyforetagarcentrum.se\/goteborgsregionen\/wp-content\/uploads\/sites\/45\/2024\/02\/Nyforetagare-ung-kvinna-2-LOW-768x564.jpg 768w, https:\/\/nyforetagarcentrum.se\/goteborgsregionen\/wp-content\/uploads\/sites\/45\/2024\/02\/Nyforetagare-ung-kvinna-2-LOW.jpg 1476w\" sizes=\"(max-width: 1472px) 100vw, 1472px\" \/>                                    \n                <\/div>\n                <div class=\"featured-card__content\">\n                                            <div class=\"tag\">Mentorsprogram<\/div>\n                                        \n                    <h2 class=\"title\">Person 1 deltog i v\u00e5rt mentorsprogram<\/h2>\n\n                                            <div class=\"description\">Lyft g\u00e4rna fram n\u00e5gra som har g\u00e5tt i mentorsprogrammet via er och visa vilka framg\u00e5ngar de har gjort.<\/div>\n                    \n                                            <div class=\"link-row\">\n                            L\u00e4s mer                            <div class=\"icon icon-external\"><\/div>\n                    <\/div>\n                                    <\/div>\n            <\/a>\n                    <a href='\/successtory' class=\"featured-card\">\n                <div class=\"featured-card__image\">\n                                            <img loading=\"lazy\" decoding=\"async\" width=\"1476\" height=\"992\" src=\"https:\/\/nyforetagarcentrum.se\/goteborgsregionen\/wp-content\/uploads\/sites\/45\/2024\/02\/Nyforetagare-LOW.jpg\" class=\"attachment-landscape size-landscape\" alt=\"\" srcset=\"https:\/\/nyforetagarcentrum.se\/goteborgsregionen\/wp-content\/uploads\/sites\/45\/2024\/02\/Nyforetagare-LOW.jpg 1476w, https:\/\/nyforetagarcentrum.se\/goteborgsregionen\/wp-content\/uploads\/sites\/45\/2024\/02\/Nyforetagare-LOW-300x202.jpg 300w, https:\/\/nyforetagarcentrum.se\/goteborgsregionen\/wp-content\/uploads\/sites\/45\/2024\/02\/Nyforetagare-LOW-1024x688.jpg 1024w, https:\/\/nyforetagarcentrum.se\/goteborgsregionen\/wp-content\/uploads\/sites\/45\/2024\/02\/Nyforetagare-LOW-768x516.jpg 768w\" sizes=\"(max-width: 1476px) 100vw, 1476px\" \/>                                    \n                <\/div>\n                <div class=\"featured-card__content\">\n                                            <div class=\"tag\">Mentorsprogrammet<\/div>\n                                        \n                    <h2 class=\"title\">Person 2<\/h2>\n\n                    \n                                            <div class=\"link-row\">\n                            L\u00e4s mer                            <div class=\"icon icon-external\"><\/div>\n                    <\/div>\n                                    <\/div>\n            <\/a>\n                    <div  class=\"featured-card\">\n                <div class=\"featured-card__image\">\n                                            <img loading=\"lazy\" decoding=\"async\" width=\"925\" height=\"752\" src=\"https:\/\/nyforetagarcentrum.se\/goteborgsregionen\/wp-content\/uploads\/sites\/45\/2024\/02\/Skarmbild-2023-09-26-152547.png\" class=\"attachment-landscape size-landscape\" alt=\"\" srcset=\"https:\/\/nyforetagarcentrum.se\/goteborgsregionen\/wp-content\/uploads\/sites\/45\/2024\/02\/Skarmbild-2023-09-26-152547.png 925w, https:\/\/nyforetagarcentrum.se\/goteborgsregionen\/wp-content\/uploads\/sites\/45\/2024\/02\/Skarmbild-2023-09-26-152547-300x244.png 300w, https:\/\/nyforetagarcentrum.se\/goteborgsregionen\/wp-content\/uploads\/sites\/45\/2024\/02\/Skarmbild-2023-09-26-152547-768x624.png 768w\" sizes=\"(max-width: 925px) 100vw, 925px\" \/>                                    \n                <\/div>\n                <div class=\"featured-card__content\">\n                                            <div class=\"tag\">Ungt f\u00f6retagande<\/div>\n                                        \n                    <h2 class=\"title\">Person 3<\/h2>\n\n                    \n                                            <div class=\"link-row\">\n                            L\u00e4s mer                            <div class=\"icon icon-external\"><\/div>\n                    <\/div>\n                                    <\/div>\n            <\/div>\n            <\/div>\n<\/section>\n\n\n<h2 class=\"wp-block-heading alignwide has-x-large-font-size\">Mentorhandledare hos Nyf\u00f6retagarCentrum G\u00f6teborgsregionen<\/h2>\n\n\n<section  class=\"nfc-block-person_grid alignwide layout-featured\">\n    <div class=\"contained\">\n        <div class=\"grid\">\n            <div class=\"person-featured-card\">\n    \n    <div class=\"featured_image\">\n                    <img loading=\"lazy\" decoding=\"async\" width=\"295\" height=\"298\" src=\"https:\/\/nyforetagarcentrum.se\/goteborgsregionen\/wp-content\/uploads\/sites\/45\/2024\/02\/NFC-Kristina.png\" class=\"attachment-large size-large\" alt=\"\" \/>            <\/div>\n\n    <div class=\"content-wrapper\">\n        <h3>Kristina Ford, M\u00f6lnlycke<\/h3>\n\n        \n                    <div class=\"excerpt\">\n                Kristina driver Kristina Ford Consulting och <a href=\"https:\/\/karriarbyran.com\/\">Karriarbyr\u00e5n<\/a>. Hon har en bakgrund inom f\u00f6rs\u00e4ljning, ledarskap, projektledning, aff\u00e4rs-, koncept- och tj\u00e4nsteutveckling, rekrytering samt r\u00e5dgivning\/coaching. Kristina har en bransch\u00f6vergripande kompetens med erfarenheter inom b\u00e5de privat och offentlig verksamhet. Hon har under \u00e5ren byggt upp ett starkt aff\u00e4rsn\u00e4tverk i regionen. Hon \u00e4r egen f\u00f6retagare sedan 7 \u00e5r, driver konsultverksamhet med fokus p\u00e5 karri\u00e4rcoaching samt aff\u00e4rsr\u00e5dgivning och mentorskap f\u00f6r f\u00f6retagare\/startups. Ger r\u00e5dgivning brett inom eget f\u00f6retagande, bl a inom personlig f\u00f6rs\u00e4ljning, aff\u00e4rsutveckling, budgetering. Hon \u00e4r utbildad civilekonom (Internationella Ekonomlinjen), \u00e4r starkt n\u00e4tverksorienterad och har ett strategiskt mindset.<br \/>\r\n<br \/>\r\n<b>Kontakt:<\/b><br \/>\r\n<br \/>\r\n<a href=\"mailto:kristina.ford@nyforetagarcentrum.se\">kristina.ford@nyforetagarcentrum.se<\/a><br \/>\r\nMobil: <a href=\"tel:+4673-384 24 48\">073-384 24 48<\/a>                <br\/>\n                            <\/div>\n        \n            <\/div>\n<\/div><div class=\"person-featured-card\">\n    \n    <div class=\"featured_image\">\n                    <img loading=\"lazy\" decoding=\"async\" width=\"396\" height=\"378\" src=\"https:\/\/nyforetagarcentrum.se\/goteborgsregionen\/wp-content\/uploads\/sites\/45\/2024\/02\/NFC-Asa.jpeg\" class=\"attachment-large size-large\" alt=\"\" srcset=\"https:\/\/nyforetagarcentrum.se\/goteborgsregionen\/wp-content\/uploads\/sites\/45\/2024\/02\/NFC-Asa.jpeg 396w, https:\/\/nyforetagarcentrum.se\/goteborgsregionen\/wp-content\/uploads\/sites\/45\/2024\/02\/NFC-Asa-300x286.jpeg 300w\" sizes=\"(max-width: 396px) 100vw, 396px\" \/>            <\/div>\n\n    <div class=\"content-wrapper\">\n        <h3>\u00c5sa Bengtsson, G\u00f6teborg<\/h3>\n\n        \n                    <div class=\"excerpt\">\n                \u00c5sa driver At\u00e5m AB och har \u00f6ver 20 \u00e5rs erfarenhet av eget f\u00f6retagande. Hon \u00e4r en erfaren entrepren\u00f6r med fokus inom karri\u00e4rr\u00e5dgivning, f\u00f6r\u00e4ndringsprocesser och aff\u00e4rsutveckling. Hon har \u00e4ven erfarenhet av att driva b\u00e5de restaurang och detaljhandel, vilket ger henne bred kunskap om dessa branscher.<br \/>\r\n<br \/>\r\nSom aff\u00e4rsr\u00e5dgivare och mentor har \u00c5sa hj\u00e4lpt entrepren\u00f6rer och start-ups genom att bed\u00f6ma aff\u00e4rsid\u00e9er och v\u00e4gleda dem mot framg\u00e5ng.<br \/>\r\n<br \/>\r\n\u00c5sa bygger relationer och fr\u00e4mjar id\u00e9utbyte genom sitt n\u00e4tverk. Hon erbjuder r\u00e5dgivning inom f\u00f6rs\u00e4ljning, aff\u00e4rsutveckling, ink\u00f6p, paketering och budgetering. Med sin l\u00f6sningsfokuserade inst\u00e4llning kan hon enkelt se samband och skapa motivation f\u00f6r att hj\u00e4lpa f\u00f6retag att n\u00e5 sina m\u00e5l.<br \/>\r\n<br \/>\r\n<b>Kontakt:<\/b><br \/>\r\n<br \/>\r\n<a href=\"mailto:asa.bengtsson@nyforetagarcentrum.se\">asa.bengtsson@nyforetagarcentrum.se<\/a><br \/>\r\nMobil: <a href=\"tel:+4670-818 15 78\">070-818 15 78<\/a>                <br\/>\n                            <\/div>\n        \n            <\/div>\n<\/div>        <\/div>\n    <\/div>\n<\/section>\n\n\n<div style=\"height:100px\" aria-hidden=\"true\" class=\"wp-block-spacer\"><\/div>\n","protected":false},"excerpt":{"rendered":"<p>Skriv en kort titel om ert lokala mentorprogram Fyll p\u00e5 med material om det lokala Nyf\u00f6retagarCentrumets mentorsprogram. Mentorhandledare hos Nyf\u00f6retagarCentrum G\u00f6teborgsregionen<\/p>\n","protected":false},"author":1,"featured_media":0,"parent":0,"menu_order":0,"comment_status":"closed","ping_status":"closed","template":"","meta":{"footnotes":""},"acf":[],"yoast_head":"<!-- This site is optimized with the Yoast SEO plugin v22.9 - https:\/\/yoast.com\/wordpress\/plugins\/seo\/ -->\n<title>Mentor - G\u00f6teborgsregionen<\/title>\n<meta name=\"robots\" content=\"index, follow, max-snippet:-1, max-image-preview:large, max-video-preview:-1\" \/>\n<link rel=\"canonical\" href=\"https:\/\/nyforetagarcentrum.se\/goteborgsregionen\/mentor\/\" \/>\n<meta property=\"og:locale\" content=\"sv_SE\" \/>\n<meta property=\"og:type\" content=\"article\" \/>\n<meta property=\"og:title\" content=\"Mentor - G\u00f6teborgsregionen\" \/>\n<meta property=\"og:description\" content=\"Skriv en kort titel om ert lokala mentorprogram Fyll p\u00e5 med material om det lokala Nyf\u00f6retagarCentrumets mentorsprogram. Mentorhandledare hos Nyf\u00f6retagarCentrum G\u00f6teborgsregionen\" \/>\n<meta property=\"og:url\" content=\"https:\/\/nyforetagarcentrum.se\/goteborgsregionen\/mentor\/\" \/>\n<meta property=\"og:site_name\" content=\"G\u00f6teborgsregionen\" \/>\n<meta property=\"article:modified_time\" content=\"2025-06-10T09:10:43+00:00\" \/>\n<meta name=\"twitter:card\" content=\"summary_large_image\" \/>\n<meta name=\"twitter:label1\" content=\"Ber\u00e4knad l\u00e4stid\" \/>\n\t<meta name=\"twitter:data1\" content=\"1 minut\" \/>\n<script type=\"application\/ld+json\" class=\"yoast-schema-graph\">{\"@context\":\"https:\/\/schema.org\",\"@graph\":[{\"@type\":\"WebPage\",\"@id\":\"https:\/\/nyforetagarcentrum.se\/goteborgsregionen\/mentor\/\",\"url\":\"https:\/\/nyforetagarcentrum.se\/goteborgsregionen\/mentor\/\",\"name\":\"Mentor - G\u00f6teborgsregionen\",\"isPartOf\":{\"@id\":\"https:\/\/nyforetagarcentrum.se\/goteborgsregionen\/#website\"},\"datePublished\":\"2024-02-22T10:27:10+00:00\",\"dateModified\":\"2025-06-10T09:10:43+00:00\",\"breadcrumb\":{\"@id\":\"https:\/\/nyforetagarcentrum.se\/goteborgsregionen\/mentor\/#breadcrumb\"},\"inLanguage\":\"sv-SE\",\"potentialAction\":[{\"@type\":\"ReadAction\",\"target\":[\"https:\/\/nyforetagarcentrum.se\/goteborgsregionen\/mentor\/\"]}]},{\"@type\":\"BreadcrumbList\",\"@id\":\"https:\/\/nyforetagarcentrum.se\/goteborgsregionen\/mentor\/#breadcrumb\",\"itemListElement\":[{\"@type\":\"ListItem\",\"position\":1,\"name\":\"Hem\",\"item\":\"https:\/\/nyforetagarcentrum.se\/goteborgsregionen\/\"},{\"@type\":\"ListItem\",\"position\":2,\"name\":\"Mentor\"}]},{\"@type\":\"WebSite\",\"@id\":\"https:\/\/nyforetagarcentrum.se\/goteborgsregionen\/#website\",\"url\":\"https:\/\/nyforetagarcentrum.se\/goteborgsregionen\/\",\"name\":\"G\u00f6teborgsregionen\",\"description\":\"Sveriges ledande kraft f\u00f6r fler nya livskraftiga f\u00f6retag\",\"publisher\":{\"@id\":\"https:\/\/nyforetagarcentrum.se\/goteborgsregionen\/#organization\"},\"potentialAction\":[{\"@type\":\"SearchAction\",\"target\":{\"@type\":\"EntryPoint\",\"urlTemplate\":\"https:\/\/nyforetagarcentrum.se\/goteborgsregionen\/?s={search_term_string}\"},\"query-input\":\"required name=search_term_string\"}],\"inLanguage\":\"sv-SE\"},{\"@type\":\"Organization\",\"@id\":\"https:\/\/nyforetagarcentrum.se\/goteborgsregionen\/#organization\",\"name\":\"G\u00f6teborgsregionen\",\"url\":\"https:\/\/nyforetagarcentrum.se\/goteborgsregionen\/\",\"logo\":{\"@type\":\"ImageObject\",\"inLanguage\":\"sv-SE\",\"@id\":\"https:\/\/nyforetagarcentrum.se\/goteborgsregionen\/#\/schema\/logo\/image\/\",\"url\":\"https:\/\/nyforetagarcentrum.se\/goteborgsregionen\/wp-content\/uploads\/sites\/45\/2024\/04\/Goteborgsregionen-1.png\",\"contentUrl\":\"https:\/\/nyforetagarcentrum.se\/goteborgsregionen\/wp-content\/uploads\/sites\/45\/2024\/04\/Goteborgsregionen-1.png\",\"width\":1082,\"height\":542,\"caption\":\"G\u00f6teborgsregionen\"},\"image\":{\"@id\":\"https:\/\/nyforetagarcentrum.se\/goteborgsregionen\/#\/schema\/logo\/image\/\"}}]}<\/script>\n<!-- \/ Yoast SEO plugin. -->","yoast_head_json":{"title":"Mentor - G\u00f6teborgsregionen","robots":{"index":"index","follow":"follow","max-snippet":"max-snippet:-1","max-image-preview":"max-image-preview:large","max-video-preview":"max-video-preview:-1"},"canonical":"https:\/\/nyforetagarcentrum.se\/goteborgsregionen\/mentor\/","og_locale":"sv_SE","og_type":"article","og_title":"Mentor - G\u00f6teborgsregionen","og_description":"Skriv en kort titel om ert lokala mentorprogram Fyll p\u00e5 med material om det lokala Nyf\u00f6retagarCentrumets mentorsprogram. Mentorhandledare hos Nyf\u00f6retagarCentrum G\u00f6teborgsregionen","og_url":"https:\/\/nyforetagarcentrum.se\/goteborgsregionen\/mentor\/","og_site_name":"G\u00f6teborgsregionen","article_modified_time":"2025-06-10T09:10:43+00:00","twitter_card":"summary_large_image","twitter_misc":{"Ber\u00e4knad l\u00e4stid":"1 minut"},"schema":{"@context":"https:\/\/schema.org","@graph":[{"@type":"WebPage","@id":"https:\/\/nyforetagarcentrum.se\/goteborgsregionen\/mentor\/","url":"https:\/\/nyforetagarcentrum.se\/goteborgsregionen\/mentor\/","name":"Mentor - G\u00f6teborgsregionen","isPartOf":{"@id":"https:\/\/nyforetagarcentrum.se\/goteborgsregionen\/#website"},"datePublished":"2024-02-22T10:27:10+00:00","dateModified":"2025-06-10T09:10:43+00:00","breadcrumb":{"@id":"https:\/\/nyforetagarcentrum.se\/goteborgsregionen\/mentor\/#breadcrumb"},"inLanguage":"sv-SE","potentialAction":[{"@type":"ReadAction","target":["https:\/\/nyforetagarcentrum.se\/goteborgsregionen\/mentor\/"]}]},{"@type":"BreadcrumbList","@id":"https:\/\/nyforetagarcentrum.se\/goteborgsregionen\/mentor\/#breadcrumb","itemListElement":[{"@type":"ListItem","position":1,"name":"Hem","item":"https:\/\/nyforetagarcentrum.se\/goteborgsregionen\/"},{"@type":"ListItem","position":2,"name":"Mentor"}]},{"@type":"WebSite","@id":"https:\/\/nyforetagarcentrum.se\/goteborgsregionen\/#website","url":"https:\/\/nyforetagarcentrum.se\/goteborgsregionen\/","name":"G\u00f6teborgsregionen","description":"Sveriges ledande kraft f\u00f6r fler nya livskraftiga f\u00f6retag","publisher":{"@id":"https:\/\/nyforetagarcentrum.se\/goteborgsregionen\/#organization"},"potentialAction":[{"@type":"SearchAction","target":{"@type":"EntryPoint","urlTemplate":"https:\/\/nyforetagarcentrum.se\/goteborgsregionen\/?s={search_term_string}"},"query-input":"required name=search_term_string"}],"inLanguage":"sv-SE"},{"@type":"Organization","@id":"https:\/\/nyforetagarcentrum.se\/goteborgsregionen\/#organization","name":"G\u00f6teborgsregionen","url":"https:\/\/nyforetagarcentrum.se\/goteborgsregionen\/","logo":{"@type":"ImageObject","inLanguage":"sv-SE","@id":"https:\/\/nyforetagarcentrum.se\/goteborgsregionen\/#\/schema\/logo\/image\/","url":"https:\/\/nyforetagarcentrum.se\/goteborgsregionen\/wp-content\/uploads\/sites\/45\/2024\/04\/Goteborgsregionen-1.png","contentUrl":"https:\/\/nyforetagarcentrum.se\/goteborgsregionen\/wp-content\/uploads\/sites\/45\/2024\/04\/Goteborgsregionen-1.png","width":1082,"height":542,"caption":"G\u00f6teborgsregionen"},"image":{"@id":"https:\/\/nyforetagarcentrum.se\/goteborgsregionen\/#\/schema\/logo\/image\/"}}]}},"_links":{"self":[{"href":"https:\/\/nyforetagarcentrum.se\/goteborgsregionen\/wp-json\/wp\/v2\/pages\/128"}],"collection":[{"href":"https:\/\/nyforetagarcentrum.se\/goteborgsregionen\/wp-json\/wp\/v2\/pages"}],"about":[{"href":"https:\/\/nyforetagarcentrum.se\/goteborgsregionen\/wp-json\/wp\/v2\/types\/page"}],"author":[{"embeddable":true,"href":"https:\/\/nyforetagarcentrum.se\/goteborgsregionen\/wp-json\/wp\/v2\/users\/1"}],"replies":[{"embeddable":true,"href":"https:\/\/nyforetagarcentrum.se\/goteborgsregionen\/wp-json\/wp\/v2\/comments?post=128"}],"version-history":[{"count":26,"href":"https:\/\/nyforetagarcentrum.se\/goteborgsregionen\/wp-json\/wp\/v2\/pages\/128\/revisions"}],"predecessor-version":[{"id":767,"href":"https:\/\/nyforetagarcentrum.se\/goteborgsregionen\/wp-json\/wp\/v2\/pages\/128\/revisions\/767"}],"wp:attachment":[{"href":"https:\/\/nyforetagarcentrum.se\/goteborgsregionen\/wp-json\/wp\/v2\/media?parent=128"}],"curies":[{"name":"wp","href":"https:\/\/api.w.org\/{rel}","templated":true}]}}