{"id":239,"date":"2024-02-29T13:59:39","date_gmt":"2024-02-29T12:59:39","guid":{"rendered":"https:\/\/nyforetagarcentrum.se\/gastrikland\/?page_id=239"},"modified":"2024-05-27T11:28:27","modified_gmt":"2024-05-27T09:28:27","slug":"vara-radgivare","status":"publish","type":"page","link":"https:\/\/nyforetagarcentrum.se\/gastrikland\/vara-radgivare\/","title":{"rendered":"V\u00e5ra r\u00e5dgivare"},"content":{"rendered":"<section  class=\"nfc-block-hero alignfull\">\n\n    <img loading=\"lazy\" decoding=\"async\" width=\"1476\" height=\"984\" src=\"https:\/\/nyforetagarcentrum.se\/gastrikland\/wp-content\/uploads\/sites\/39\/2024\/02\/Nyforetagare-ung-LOW.jpg\" class=\"attachment-landscape size-landscape\" alt=\"\" srcset=\"https:\/\/nyforetagarcentrum.se\/gastrikland\/wp-content\/uploads\/sites\/39\/2024\/02\/Nyforetagare-ung-LOW.jpg 1476w, https:\/\/nyforetagarcentrum.se\/gastrikland\/wp-content\/uploads\/sites\/39\/2024\/02\/Nyforetagare-ung-LOW-300x200.jpg 300w, https:\/\/nyforetagarcentrum.se\/gastrikland\/wp-content\/uploads\/sites\/39\/2024\/02\/Nyforetagare-ung-LOW-1024x683.jpg 1024w, https:\/\/nyforetagarcentrum.se\/gastrikland\/wp-content\/uploads\/sites\/39\/2024\/02\/Nyforetagare-ung-LOW-768x512.jpg 768w\" sizes=\"(max-width: 1476px) 100vw, 1476px\" \/>\n    <div class=\"contained\">\n        <h1 class=\"nfc-block-hero__heading\">V\u00e5ra r\u00e5dgivare<\/h1>\n\n            <\/div>\n<\/section>\n\n\n<div style=\"height:49px\" aria-hidden=\"true\" class=\"wp-block-spacer\"><\/div>\n\n\n<section  class=\"nfc-block-breadcrumbs\">\n    <div class=\"wrapper contained\">\n        <ol class=\"breadcrumbs\" itemscope itemtype=\"https:\/\/schema.org\/BreadcrumbList\">\n            <li itemprop=\"itemListElement\" itemscope itemtype=\"https:\/\/schema.org\/ListItem\">\n            \n\n                            <span class=\"current\" itemprop=\"name\">Hem<\/span>\n            \n            <meta itemprop=\"position\" content=\"1\" \/>\n        <\/li>\n    <\/ol>    <\/div>\n<\/section>\n\n\n<p><\/p>\n\n\n<section  class=\"nfc-block-person_grid alignwide layout-featured\">\n    <div class=\"contained\">\n        <div class=\"grid\">\n            <div class=\"person-featured-card\">\n    \n    <div class=\"featured_image\">\n                    <img loading=\"lazy\" decoding=\"async\" width=\"960\" height=\"955\" src=\"https:\/\/nyforetagarcentrum.se\/gastrikland\/wp-content\/uploads\/sites\/39\/2025\/03\/Foto-Mahfouz-Hebrawi.jpg\" class=\"attachment-large size-large\" alt=\"\" srcset=\"https:\/\/nyforetagarcentrum.se\/gastrikland\/wp-content\/uploads\/sites\/39\/2025\/03\/Foto-Mahfouz-Hebrawi.jpg 960w, https:\/\/nyforetagarcentrum.se\/gastrikland\/wp-content\/uploads\/sites\/39\/2025\/03\/Foto-Mahfouz-Hebrawi-300x298.jpg 300w, https:\/\/nyforetagarcentrum.se\/gastrikland\/wp-content\/uploads\/sites\/39\/2025\/03\/Foto-Mahfouz-Hebrawi-150x150.jpg 150w, https:\/\/nyforetagarcentrum.se\/gastrikland\/wp-content\/uploads\/sites\/39\/2025\/03\/Foto-Mahfouz-Hebrawi-768x764.jpg 768w\" sizes=\"(max-width: 960px) 100vw, 960px\" \/>            <\/div>\n\n    <div class=\"content-wrapper\">\n        <h3>Mahfouz Hebrawi<\/h3>\n\n        \n                    <div class=\"excerpt\">\n                Mahfouz Hebrawi \u00e4r diplomerad r\u00e5dgivare och erfaren e-handelsentrepren\u00f6r med stor erfarenhet av att granska aff\u00e4rsplaner, registrera f\u00f6retag, import, export, tillst\u00e5ndshantering och marknadsf\u00f6ring. Mahfouz pratar arabiska och svenska, och genomf\u00f6r \u00e4ven r\u00e5dgivning p\u00e5 engelska.<br \/>\r\n<br \/>\r\n\u0645\u062d\u0645\u0648\u062f \u0647\u0628\u0631\u0627\u0648\u064a \u0647\u0648 \u0645\u0633\u062a\u0634\u0627\u0631 \u0645\u0639\u062a\u0645\u062f \u0648\u0631\u0627\u0626\u062f \u0623\u0639\u0645\u0627\u0644 \u0630\u0648 \u062e\u0628\u0631\u0629 \u0648\u0627\u0633\u0639\u0629 \u0641\u064a \u0625\u0639\u062f\u0627\u062f \u062f\u0631\u0627\u0633\u0627\u062a \u0627\u0644\u062c\u062f\u0648\u0649 \u0627\u0644\u0627\u0642\u062a\u0635\u0627\u062f\u064a\u0629 \u0644\u0644\u0645\u0634\u0627\u0631\u064a\u0639\u060c \u062a\u0633\u062c\u064a\u0644 \u0627\u0644\u0634\u0631\u0643\u0627\u062a\u060c . \u0643\u0645\u0627 \u064a\u062a\u0645\u062a\u0639 \u0628\u062e\u0628\u0631\u0629 \u0643\u0628\u064a\u0631\u0629 \u0641\u064a \u0645\u0631\u0627\u062c\u0639\u0629 \u062e\u0637\u0637 \u0627\u0644\u0623\u0639\u0645\u0627\u0644\u060c \u0627\u0644\u0627\u0633\u062a\u064a\u0631\u0627\u062f\u060c \u0627\u0644\u062a\u0635\u062f\u064a\u0631\u060c \u0625\u062f\u0627\u0631\u0629 \u0627\u0644\u062a\u0631\u0627\u062e\u064a\u0635\u060c \u0648\u0627\u0644\u062a\u0633\u0648\u064a\u0642. \u064a\u062a\u062d\u062f\u062b \u0645\u062d\u0645\u0648\u062f \u0627\u0644\u0644\u063a\u062a\u064a\u0646 \u0627\u0644\u0639\u0631\u0628\u064a\u0629 \u0648\u0627\u0644\u0633\u0648\u064a\u062f\u064a\u0629\u060c \u0648\u064a\u0642\u062f\u0645 \u0627\u0644\u0627\u0633\u062a\u0634\u0627\u0631\u0627\u062a \u0623\u064a\u0636\u064b\u0627 \u0628\u0627\u0644\u0644\u063a\u0629 \u0627\u0644\u0625\u0646\u062c\u0644\u064a\u0632\u064a\u0629.<br \/>\r\n\u0627\u062d\u062c\u0632 \u0645\u0648\u0639\u062f\u064b\u0627 \u0645\u0639 \u0645\u062d\u0641\u0648\u0638 \u0627\u0644\u064a\u0648\u0645. \u0645\u0631\u062d\u0628\u064b\u0627 \u0628\u0643\u0645!<br \/>\r\n<br \/>\r\nKontakta Mahfouz: mahfouz.hebrawi@nyforetagarcentrum.se<br \/>\r\n<br \/>\r\n<br \/>\r\n                <br\/>\n                            <\/div>\n        \n                    <a href=\"https:\/\/jobsdata-nyforetagarcentrum.se\/ExternBooking?OfficeId=3ea6b12e-3596-e811-80d7-0050568571f4\" class=\"booking-button button outlined\">Boka r\u00e5dgivning<\/a>\n            <\/div>\n<\/div><div class=\"person-featured-card\">\n    \n    <div class=\"featured_image\">\n                    <img loading=\"lazy\" decoding=\"async\" width=\"1024\" height=\"1024\" src=\"https:\/\/nyforetagarcentrum.se\/gastrikland\/wp-content\/uploads\/sites\/39\/2024\/05\/E0E1ACA9-5401-4B35-89AE-77A6D41A1FAF-edited-1024x1024.jpeg\" class=\"attachment-large size-large\" alt=\"\" srcset=\"https:\/\/nyforetagarcentrum.se\/gastrikland\/wp-content\/uploads\/sites\/39\/2024\/05\/E0E1ACA9-5401-4B35-89AE-77A6D41A1FAF-edited-1024x1024.jpeg 1024w, https:\/\/nyforetagarcentrum.se\/gastrikland\/wp-content\/uploads\/sites\/39\/2024\/05\/E0E1ACA9-5401-4B35-89AE-77A6D41A1FAF-edited-300x300.jpeg 300w, https:\/\/nyforetagarcentrum.se\/gastrikland\/wp-content\/uploads\/sites\/39\/2024\/05\/E0E1ACA9-5401-4B35-89AE-77A6D41A1FAF-edited-150x150.jpeg 150w, https:\/\/nyforetagarcentrum.se\/gastrikland\/wp-content\/uploads\/sites\/39\/2024\/05\/E0E1ACA9-5401-4B35-89AE-77A6D41A1FAF-edited-768x768.jpeg 768w, https:\/\/nyforetagarcentrum.se\/gastrikland\/wp-content\/uploads\/sites\/39\/2024\/05\/E0E1ACA9-5401-4B35-89AE-77A6D41A1FAF-edited-1536x1536.jpeg 1536w, https:\/\/nyforetagarcentrum.se\/gastrikland\/wp-content\/uploads\/sites\/39\/2024\/05\/E0E1ACA9-5401-4B35-89AE-77A6D41A1FAF-edited-1080x1080.jpeg 1080w, https:\/\/nyforetagarcentrum.se\/gastrikland\/wp-content\/uploads\/sites\/39\/2024\/05\/E0E1ACA9-5401-4B35-89AE-77A6D41A1FAF-edited.jpeg 2000w\" sizes=\"(max-width: 1024px) 100vw, 1024px\" \/>            <\/div>\n\n    <div class=\"content-wrapper\">\n        <h3>Matilda Hera Lantz<\/h3>\n\n        \n                    <div class=\"excerpt\">\n                Matilda \u00e4r en driven och kreativ entrepren\u00f6r med erfarenhet av att driva b\u00e5de enskild firma och aktiebolag. Hon startade sin enskilda firma 2018 f\u00f6r att komma ig\u00e5ng med tr\u00e4ningsklienter medan hon utbildade sig inom coaching. \u00c5r 2023 tog hon steget att forma ett aktiebolag och under 2024 fokuserar hon p\u00e5 att f\u00f6rverkliga sina egna id\u00e9er, med sitt nya koncept som Holistisk Livscoach i spetsen. Matildas styrka \u00e4r att se m\u00f6jligheter \u00f6verallt och som r\u00e5dgivare tycker hon det \u00e4r givande att st\u00f6tta m\u00e4nniskor med potential som av olika anledningar h\u00e5ller tillbaka sig sj\u00e4lva. <br \/>\r\n<br \/>\r\nKontakta Matilda: matilda.lantz@nyforetagarcentrum.se                <br\/>\n                            <\/div>\n        \n                    <a href=\"https:\/\/jobsdata-nyforetagarcentrum.se\/ExternBooking?OfficeId=3ea6b12e-3596-e811-80d7-0050568571f4\" class=\"booking-button button outlined\">Boka r\u00e5dgivning<\/a>\n            <\/div>\n<\/div><div class=\"person-featured-card\">\n    \n    <div class=\"featured_image\">\n                    <img loading=\"lazy\" decoding=\"async\" width=\"819\" height=\"1024\" src=\"https:\/\/nyforetagarcentrum.se\/gastrikland\/wp-content\/uploads\/sites\/39\/2024\/05\/PTgymmet2023_242-1-819x1024.jpg\" class=\"attachment-large size-large\" alt=\"\" srcset=\"https:\/\/nyforetagarcentrum.se\/gastrikland\/wp-content\/uploads\/sites\/39\/2024\/05\/PTgymmet2023_242-1-819x1024.jpg 819w, https:\/\/nyforetagarcentrum.se\/gastrikland\/wp-content\/uploads\/sites\/39\/2024\/05\/PTgymmet2023_242-1-240x300.jpg 240w, https:\/\/nyforetagarcentrum.se\/gastrikland\/wp-content\/uploads\/sites\/39\/2024\/05\/PTgymmet2023_242-1-768x960.jpg 768w, https:\/\/nyforetagarcentrum.se\/gastrikland\/wp-content\/uploads\/sites\/39\/2024\/05\/PTgymmet2023_242-1-864x1080.jpg 864w, https:\/\/nyforetagarcentrum.se\/gastrikland\/wp-content\/uploads\/sites\/39\/2024\/05\/PTgymmet2023_242-1.jpg 1080w\" sizes=\"(max-width: 819px) 100vw, 819px\" \/>            <\/div>\n\n    <div class=\"content-wrapper\">\n        <h3>Annika Winterros<\/h3>\n\n        \n                    <div class=\"excerpt\">\n                Annika \u00e4r friskv\u00e5rdskonsulten som l\u00e4mnade Stockholms storstadsliv f\u00f6r lugnet i Sandviken. Hon har jobbat med sin passion f\u00f6r h\u00e4lsa och tr\u00e4ning sedan hon blev klar med sin utbildning 2006. Hon startade sin enskilda firma direkt efter examen sedan 2011 driver hon eget p\u00e5 heltid. De f\u00f6rsta fem \u00e5ren arbetade hon som konsult p\u00e5 ett st\u00f6rre f\u00f6retag, men idag driver hon PTgymmet Sverige AB, d\u00e4r hon dagligen jobbar med att f\u00e5 sina kunder att m\u00e5 b\u00e4ttre och coacha dem fram\u00e5t. Som r\u00e5dgivare vill hon hj\u00e4lpa fler att f\u00f6rst\u00e5 friheten i att skapa sin egen vardag och jobba med det man \u00e4lskar.<br \/>\r\n<br \/>\r\nKontakta Annika: annika.winterros@nyforetagarcentrum.se                 <br\/>\n                            <\/div>\n        \n                    <a href=\"https:\/\/jobsdata-nyforetagarcentrum.se\/ExternBooking?OfficeId=3ea6b12e-3596-e811-80d7-0050568571f4\" class=\"booking-button button outlined\">Boka r\u00e5dgivning<\/a>\n            <\/div>\n<\/div><div class=\"person-featured-card\">\n    \n    <div class=\"featured_image\">\n                    <img loading=\"lazy\" decoding=\"async\" width=\"727\" height=\"894\" src=\"https:\/\/nyforetagarcentrum.se\/gastrikland\/wp-content\/uploads\/sites\/39\/2024\/02\/37539.jpeg\" class=\"attachment-large size-large\" alt=\"\" srcset=\"https:\/\/nyforetagarcentrum.se\/gastrikland\/wp-content\/uploads\/sites\/39\/2024\/02\/37539.jpeg 727w, https:\/\/nyforetagarcentrum.se\/gastrikland\/wp-content\/uploads\/sites\/39\/2024\/02\/37539-244x300.jpeg 244w\" sizes=\"(max-width: 727px) 100vw, 727px\" \/>            <\/div>\n\n    <div class=\"content-wrapper\">\n        <h3>Lars Bendrik<\/h3>\n\n        \n                    <div class=\"excerpt\">\n                Lars har 35 \u00e5rs erfarenhet som f\u00f6retagare och har varit r\u00e5dgivare och tidigare mentor f\u00f6r Nyf\u00f6retagarcentrum i hela 10 \u00e5r. Nu \u00e4r han pension\u00e4r och bosatt i B\u00f6nan utanf\u00f6r G\u00e4vle d\u00e4r han \u00e4gnar sig \u00e5t sina intressen, som tr\u00e4ning och cykling i alla former. Lars anser att det ska k\u00e4nnas positivt och roligt att starta f\u00f6retag, och som r\u00e5dgivare hj\u00e4lper han blivande f\u00f6retagare att hitta v\u00e4gen dit med raka och \u00e4rliga \u00e5sikter. Med hj\u00e4lp av sitt kontaktn\u00e4t \u00e4r Lars \u00f6vertygad om att de flesta utmaningar kan l\u00f6sas tillsammans. <br \/>\r\n<br \/>\r\nKontakta Lars: lars.bendrik@nyforetagarcentrum.se<br \/>\r\n<br \/>\r\n                <br\/>\n                            <\/div>\n        \n                    <a href=\"https:\/\/jobsdata-nyforetagarcentrum.se\/ExternBooking?OfficeId=3ea6b12e-3596-e811-80d7-0050568571f4\" class=\"booking-button button outlined\">Boka r\u00e5dgivning<\/a>\n            <\/div>\n<\/div>        <\/div>\n    <\/div>\n<\/section>\n\n\n<div style=\"height:100px\" aria-hidden=\"true\" class=\"wp-block-spacer\"><\/div>\n","protected":false},"excerpt":{"rendered":"","protected":false},"author":1,"featured_media":407,"parent":0,"menu_order":0,"comment_status":"closed","ping_status":"closed","template":"","meta":{"footnotes":""},"acf":[],"yoast_head":"<!-- This site is optimized with the Yoast SEO plugin v22.9 - https:\/\/yoast.com\/wordpress\/plugins\/seo\/ -->\n<title>V\u00e5ra r\u00e5dgivare - G\u00e4strikland<\/title>\n<meta name=\"robots\" content=\"index, follow, max-snippet:-1, max-image-preview:large, max-video-preview:-1\" \/>\n<link rel=\"canonical\" href=\"https:\/\/nyforetagarcentrum.se\/gastrikland\/vara-radgivare\/\" \/>\n<meta property=\"og:locale\" content=\"sv_SE\" \/>\n<meta property=\"og:type\" content=\"article\" \/>\n<meta property=\"og:title\" content=\"V\u00e5ra r\u00e5dgivare - G\u00e4strikland\" \/>\n<meta property=\"og:url\" content=\"https:\/\/nyforetagarcentrum.se\/gastrikland\/vara-radgivare\/\" \/>\n<meta property=\"og:site_name\" content=\"G\u00e4strikland\" \/>\n<meta property=\"article:modified_time\" content=\"2024-05-27T09:28:27+00:00\" \/>\n<meta property=\"og:image\" content=\"https:\/\/nyforetagarcentrum.se\/gastrikland\/wp-content\/uploads\/sites\/39\/2024\/05\/PTgymmet2023_242-1.jpg\" \/>\n\t<meta property=\"og:image:width\" content=\"1080\" \/>\n\t<meta property=\"og:image:height\" content=\"1350\" \/>\n\t<meta property=\"og:image:type\" content=\"image\/jpeg\" \/>\n<meta name=\"twitter:card\" content=\"summary_large_image\" \/>\n<script type=\"application\/ld+json\" class=\"yoast-schema-graph\">{\"@context\":\"https:\/\/schema.org\",\"@graph\":[{\"@type\":\"WebPage\",\"@id\":\"https:\/\/nyforetagarcentrum.se\/gastrikland\/vara-radgivare\/\",\"url\":\"https:\/\/nyforetagarcentrum.se\/gastrikland\/vara-radgivare\/\",\"name\":\"V\u00e5ra r\u00e5dgivare - G\u00e4strikland\",\"isPartOf\":{\"@id\":\"https:\/\/nyforetagarcentrum.se\/gastrikland\/#website\"},\"primaryImageOfPage\":{\"@id\":\"https:\/\/nyforetagarcentrum.se\/gastrikland\/vara-radgivare\/#primaryimage\"},\"image\":{\"@id\":\"https:\/\/nyforetagarcentrum.se\/gastrikland\/vara-radgivare\/#primaryimage\"},\"thumbnailUrl\":\"https:\/\/nyforetagarcentrum.se\/gastrikland\/wp-content\/uploads\/sites\/39\/2024\/05\/PTgymmet2023_242-1.jpg\",\"datePublished\":\"2024-02-29T12:59:39+00:00\",\"dateModified\":\"2024-05-27T09:28:27+00:00\",\"breadcrumb\":{\"@id\":\"https:\/\/nyforetagarcentrum.se\/gastrikland\/vara-radgivare\/#breadcrumb\"},\"inLanguage\":\"sv-SE\",\"potentialAction\":[{\"@type\":\"ReadAction\",\"target\":[\"https:\/\/nyforetagarcentrum.se\/gastrikland\/vara-radgivare\/\"]}]},{\"@type\":\"ImageObject\",\"inLanguage\":\"sv-SE\",\"@id\":\"https:\/\/nyforetagarcentrum.se\/gastrikland\/vara-radgivare\/#primaryimage\",\"url\":\"https:\/\/nyforetagarcentrum.se\/gastrikland\/wp-content\/uploads\/sites\/39\/2024\/05\/PTgymmet2023_242-1.jpg\",\"contentUrl\":\"https:\/\/nyforetagarcentrum.se\/gastrikland\/wp-content\/uploads\/sites\/39\/2024\/05\/PTgymmet2023_242-1.jpg\",\"width\":1080,\"height\":1350},{\"@type\":\"BreadcrumbList\",\"@id\":\"https:\/\/nyforetagarcentrum.se\/gastrikland\/vara-radgivare\/#breadcrumb\",\"itemListElement\":[{\"@type\":\"ListItem\",\"position\":1,\"name\":\"Hem\",\"item\":\"https:\/\/nyforetagarcentrum.se\/gastrikland\/\"},{\"@type\":\"ListItem\",\"position\":2,\"name\":\"V\u00e5ra r\u00e5dgivare\"}]},{\"@type\":\"WebSite\",\"@id\":\"https:\/\/nyforetagarcentrum.se\/gastrikland\/#website\",\"url\":\"https:\/\/nyforetagarcentrum.se\/gastrikland\/\",\"name\":\"G\u00e4strikland\",\"description\":\"Sveriges ledande kraft f\u00f6r fler nya livskraftiga f\u00f6retag\",\"publisher\":{\"@id\":\"https:\/\/nyforetagarcentrum.se\/gastrikland\/#organization\"},\"potentialAction\":[{\"@type\":\"SearchAction\",\"target\":{\"@type\":\"EntryPoint\",\"urlTemplate\":\"https:\/\/nyforetagarcentrum.se\/gastrikland\/?s={search_term_string}\"},\"query-input\":\"required name=search_term_string\"}],\"inLanguage\":\"sv-SE\"},{\"@type\":\"Organization\",\"@id\":\"https:\/\/nyforetagarcentrum.se\/gastrikland\/#organization\",\"name\":\"G\u00e4strikland\",\"url\":\"https:\/\/nyforetagarcentrum.se\/gastrikland\/\",\"logo\":{\"@type\":\"ImageObject\",\"inLanguage\":\"sv-SE\",\"@id\":\"https:\/\/nyforetagarcentrum.se\/gastrikland\/#\/schema\/logo\/image\/\",\"url\":\"https:\/\/nyforetagarcentrum.se\/gastrikland\/wp-content\/uploads\/sites\/39\/2024\/07\/gastrikland_bla.png\",\"contentUrl\":\"https:\/\/nyforetagarcentrum.se\/gastrikland\/wp-content\/uploads\/sites\/39\/2024\/07\/gastrikland_bla.png\",\"width\":870,\"height\":355,\"caption\":\"G\u00e4strikland\"},\"image\":{\"@id\":\"https:\/\/nyforetagarcentrum.se\/gastrikland\/#\/schema\/logo\/image\/\"}}]}<\/script>\n<!-- \/ Yoast SEO plugin. -->","yoast_head_json":{"title":"V\u00e5ra r\u00e5dgivare - G\u00e4strikland","robots":{"index":"index","follow":"follow","max-snippet":"max-snippet:-1","max-image-preview":"max-image-preview:large","max-video-preview":"max-video-preview:-1"},"canonical":"https:\/\/nyforetagarcentrum.se\/gastrikland\/vara-radgivare\/","og_locale":"sv_SE","og_type":"article","og_title":"V\u00e5ra r\u00e5dgivare - G\u00e4strikland","og_url":"https:\/\/nyforetagarcentrum.se\/gastrikland\/vara-radgivare\/","og_site_name":"G\u00e4strikland","article_modified_time":"2024-05-27T09:28:27+00:00","og_image":[{"width":1080,"height":1350,"url":"https:\/\/nyforetagarcentrum.se\/gastrikland\/wp-content\/uploads\/sites\/39\/2024\/05\/PTgymmet2023_242-1.jpg","type":"image\/jpeg"}],"twitter_card":"summary_large_image","schema":{"@context":"https:\/\/schema.org","@graph":[{"@type":"WebPage","@id":"https:\/\/nyforetagarcentrum.se\/gastrikland\/vara-radgivare\/","url":"https:\/\/nyforetagarcentrum.se\/gastrikland\/vara-radgivare\/","name":"V\u00e5ra r\u00e5dgivare - G\u00e4strikland","isPartOf":{"@id":"https:\/\/nyforetagarcentrum.se\/gastrikland\/#website"},"primaryImageOfPage":{"@id":"https:\/\/nyforetagarcentrum.se\/gastrikland\/vara-radgivare\/#primaryimage"},"image":{"@id":"https:\/\/nyforetagarcentrum.se\/gastrikland\/vara-radgivare\/#primaryimage"},"thumbnailUrl":"https:\/\/nyforetagarcentrum.se\/gastrikland\/wp-content\/uploads\/sites\/39\/2024\/05\/PTgymmet2023_242-1.jpg","datePublished":"2024-02-29T12:59:39+00:00","dateModified":"2024-05-27T09:28:27+00:00","breadcrumb":{"@id":"https:\/\/nyforetagarcentrum.se\/gastrikland\/vara-radgivare\/#breadcrumb"},"inLanguage":"sv-SE","potentialAction":[{"@type":"ReadAction","target":["https:\/\/nyforetagarcentrum.se\/gastrikland\/vara-radgivare\/"]}]},{"@type":"ImageObject","inLanguage":"sv-SE","@id":"https:\/\/nyforetagarcentrum.se\/gastrikland\/vara-radgivare\/#primaryimage","url":"https:\/\/nyforetagarcentrum.se\/gastrikland\/wp-content\/uploads\/sites\/39\/2024\/05\/PTgymmet2023_242-1.jpg","contentUrl":"https:\/\/nyforetagarcentrum.se\/gastrikland\/wp-content\/uploads\/sites\/39\/2024\/05\/PTgymmet2023_242-1.jpg","width":1080,"height":1350},{"@type":"BreadcrumbList","@id":"https:\/\/nyforetagarcentrum.se\/gastrikland\/vara-radgivare\/#breadcrumb","itemListElement":[{"@type":"ListItem","position":1,"name":"Hem","item":"https:\/\/nyforetagarcentrum.se\/gastrikland\/"},{"@type":"ListItem","position":2,"name":"V\u00e5ra r\u00e5dgivare"}]},{"@type":"WebSite","@id":"https:\/\/nyforetagarcentrum.se\/gastrikland\/#website","url":"https:\/\/nyforetagarcentrum.se\/gastrikland\/","name":"G\u00e4strikland","description":"Sveriges ledande kraft f\u00f6r fler nya livskraftiga f\u00f6retag","publisher":{"@id":"https:\/\/nyforetagarcentrum.se\/gastrikland\/#organization"},"potentialAction":[{"@type":"SearchAction","target":{"@type":"EntryPoint","urlTemplate":"https:\/\/nyforetagarcentrum.se\/gastrikland\/?s={search_term_string}"},"query-input":"required name=search_term_string"}],"inLanguage":"sv-SE"},{"@type":"Organization","@id":"https:\/\/nyforetagarcentrum.se\/gastrikland\/#organization","name":"G\u00e4strikland","url":"https:\/\/nyforetagarcentrum.se\/gastrikland\/","logo":{"@type":"ImageObject","inLanguage":"sv-SE","@id":"https:\/\/nyforetagarcentrum.se\/gastrikland\/#\/schema\/logo\/image\/","url":"https:\/\/nyforetagarcentrum.se\/gastrikland\/wp-content\/uploads\/sites\/39\/2024\/07\/gastrikland_bla.png","contentUrl":"https:\/\/nyforetagarcentrum.se\/gastrikland\/wp-content\/uploads\/sites\/39\/2024\/07\/gastrikland_bla.png","width":870,"height":355,"caption":"G\u00e4strikland"},"image":{"@id":"https:\/\/nyforetagarcentrum.se\/gastrikland\/#\/schema\/logo\/image\/"}}]}},"_links":{"self":[{"href":"https:\/\/nyforetagarcentrum.se\/gastrikland\/wp-json\/wp\/v2\/pages\/239"}],"collection":[{"href":"https:\/\/nyforetagarcentrum.se\/gastrikland\/wp-json\/wp\/v2\/pages"}],"about":[{"href":"https:\/\/nyforetagarcentrum.se\/gastrikland\/wp-json\/wp\/v2\/types\/page"}],"author":[{"embeddable":true,"href":"https:\/\/nyforetagarcentrum.se\/gastrikland\/wp-json\/wp\/v2\/users\/1"}],"replies":[{"embeddable":true,"href":"https:\/\/nyforetagarcentrum.se\/gastrikland\/wp-json\/wp\/v2\/comments?post=239"}],"version-history":[{"count":11,"href":"https:\/\/nyforetagarcentrum.se\/gastrikland\/wp-json\/wp\/v2\/pages\/239\/revisions"}],"predecessor-version":[{"id":554,"href":"https:\/\/nyforetagarcentrum.se\/gastrikland\/wp-json\/wp\/v2\/pages\/239\/revisions\/554"}],"wp:featuredmedia":[{"embeddable":true,"href":"https:\/\/nyforetagarcentrum.se\/gastrikland\/wp-json\/wp\/v2\/media\/407"}],"wp:attachment":[{"href":"https:\/\/nyforetagarcentrum.se\/gastrikland\/wp-json\/wp\/v2\/media?parent=239"}],"curies":[{"name":"wp","href":"https:\/\/api.w.org\/{rel}","templated":true}]}}