{"id":164,"date":"2024-02-27T16:05:17","date_gmt":"2024-02-27T15:05:17","guid":{"rendered":"https:\/\/nyforetagarcentrum.se\/gastrikland\/?page_id=164"},"modified":"2024-06-18T09:48:15","modified_gmt":"2024-06-18T07:48:15","slug":"var-styrelse","status":"publish","type":"page","link":"https:\/\/nyforetagarcentrum.se\/gastrikland\/var-styrelse\/","title":{"rendered":"V\u00e5r styrelse"},"content":{"rendered":"<section  class=\"nfc-block-hero alignfull\">\n\n    <img loading=\"lazy\" decoding=\"async\" width=\"1470\" height=\"980\" src=\"https:\/\/nyforetagarcentrum.se\/gastrikland\/wp-content\/uploads\/sites\/39\/2024\/02\/Medium_JM.png\" class=\"attachment-landscape size-landscape\" alt=\"\" srcset=\"https:\/\/nyforetagarcentrum.se\/gastrikland\/wp-content\/uploads\/sites\/39\/2024\/02\/Medium_JM.png 1470w, https:\/\/nyforetagarcentrum.se\/gastrikland\/wp-content\/uploads\/sites\/39\/2024\/02\/Medium_JM-300x200.png 300w, https:\/\/nyforetagarcentrum.se\/gastrikland\/wp-content\/uploads\/sites\/39\/2024\/02\/Medium_JM-1024x683.png 1024w, https:\/\/nyforetagarcentrum.se\/gastrikland\/wp-content\/uploads\/sites\/39\/2024\/02\/Medium_JM-768x512.png 768w\" sizes=\"(max-width: 1470px) 100vw, 1470px\" \/>\n    <div class=\"contained\">\n        <h1 class=\"nfc-block-hero__heading\">V\u00e5r styrelse<\/h1>\n\n            <\/div>\n<\/section>\n\n\n<div style=\"height:50px\" aria-hidden=\"true\" class=\"wp-block-spacer\"><\/div>\n\n\n<section  class=\"nfc-block-breadcrumbs\">\n    <div class=\"wrapper contained\">\n        <ol class=\"breadcrumbs\" itemscope itemtype=\"https:\/\/schema.org\/BreadcrumbList\">\n            <li itemprop=\"itemListElement\" itemscope itemtype=\"https:\/\/schema.org\/ListItem\">\n            \n\n                            <span class=\"current\" itemprop=\"name\">Hem<\/span>\n            \n            <meta itemprop=\"position\" content=\"1\" \/>\n        <\/li>\n    <\/ol>    <\/div>\n<\/section>\n\n<section  class=\"nfc-block-person_grid alignwide layout-small\">\n    <div class=\"contained\">\n        <div class=\"grid\">\n            <div class=\"person-card\">\n    \n    \n    <div class=\"content-wrapper\">\n        <div class=\"top\">\n                    <\/div>\n        \n        <h3>Lisa W\u00e4rn<\/h3>\n\n        <div class=\"excerpt\">\n            Ordf\u00f6rande<br \/>\r\nExpandl        <\/div>\n\n        <div class=\"links\">\n            \n                            <a href=\"mailto:lisa.warn@expandl.se\">\n                    MAIL: lisa.warn@expandl.se                <\/a>\n                    <\/div>\n        \n    <\/div>\n<\/div><div class=\"person-card\">\n    \n    \n    <div class=\"content-wrapper\">\n        <div class=\"top\">\n                    <\/div>\n        \n        <h3>Henrik Pettersson<\/h3>\n\n        <div class=\"excerpt\">\n            Vice ordf\u00f6rande<br \/>\r\nItid        <\/div>\n\n        <div class=\"links\">\n            \n                            <a href=\"mailto:henrik.pettersson@itid.se\">\n                    MAIL: henrik.pettersson@itid.se                <\/a>\n                    <\/div>\n        \n    <\/div>\n<\/div><div class=\"person-card\">\n    \n    \n    <div class=\"content-wrapper\">\n        <div class=\"top\">\n                    <\/div>\n        \n        <h3>Emelie Graumann<\/h3>\n\n        <div class=\"excerpt\">\n            Ledamot        <\/div>\n\n        <div class=\"links\">\n            \n                            <a href=\"mailto:emelie.graumann@gmail.com\">\n                    MAIL: emelie.graumann@gmail.com                <\/a>\n                    <\/div>\n        \n    <\/div>\n<\/div><div class=\"person-card\">\n    \n    \n    <div class=\"content-wrapper\">\n        <div class=\"top\">\n                    <\/div>\n        \n        <h3>Stefan Ekstr\u00f6m<\/h3>\n\n        <div class=\"excerpt\">\n            Ledamot<br \/>\r\nImplity        <\/div>\n\n        <div class=\"links\">\n            \n                            <a href=\"mailto:stefan@implity.se\">\n                    MAIL: stefan@implity.se                <\/a>\n                    <\/div>\n        \n    <\/div>\n<\/div><div class=\"person-card\">\n    \n    \n    <div class=\"content-wrapper\">\n        <div class=\"top\">\n                    <\/div>\n        \n        <h3>Stefan \u00c5sbrink<\/h3>\n\n        <div class=\"excerpt\">\n            Ledamot<br \/>\r\nBrinc<br \/>\r\n<br \/>\r\n        <\/div>\n\n        <div class=\"links\">\n            \n                            <a href=\"mailto:stefan@brinc.se\">\n                    MAIL: stefan@brinc.se                <\/a>\n                    <\/div>\n        \n    <\/div>\n<\/div><div class=\"person-card\">\n    \n    \n    <div class=\"content-wrapper\">\n        <div class=\"top\">\n                    <\/div>\n        \n        <h3>Patrik Wallerstr\u00f6m<\/h3>\n\n        <div class=\"excerpt\">\n            Ledamot        <\/div>\n\n        <div class=\"links\">\n            \n                            <a href=\"mailto:patrik.wallerstrom@outlook.com\">\n                    MAIL: patrik.wallerstrom@outlook.com                <\/a>\n                    <\/div>\n        \n    <\/div>\n<\/div><div class=\"person-card\">\n    \n    \n    <div class=\"content-wrapper\">\n        <div class=\"top\">\n                    <\/div>\n        \n        <h3>\u00dclle Karlsson<\/h3>\n\n        <div class=\"excerpt\">\n            Ledamot<br \/>\r\nSwedbank        <\/div>\n\n        <div class=\"links\">\n            \n                            <a href=\"mailto:ulle.karlsson@swedbank.se\">\n                    MAIL: ulle.karlsson@swedbank.se                <\/a>\n                    <\/div>\n        \n    <\/div>\n<\/div>        <\/div>\n    <\/div>\n<\/section>\n\n\n<div style=\"height:100px\" aria-hidden=\"true\" class=\"wp-block-spacer\"><\/div>\n","protected":false},"excerpt":{"rendered":"","protected":false},"author":1,"featured_media":0,"parent":0,"menu_order":0,"comment_status":"closed","ping_status":"closed","template":"","meta":{"footnotes":""},"acf":[],"yoast_head":"<!-- This site is optimized with the Yoast SEO plugin v22.9 - https:\/\/yoast.com\/wordpress\/plugins\/seo\/ -->\n<title>V\u00e5r styrelse - G\u00e4strikland<\/title>\n<meta name=\"robots\" content=\"index, follow, max-snippet:-1, max-image-preview:large, max-video-preview:-1\" \/>\n<link rel=\"canonical\" href=\"https:\/\/nyforetagarcentrum.se\/gastrikland\/var-styrelse\/\" \/>\n<meta property=\"og:locale\" content=\"sv_SE\" \/>\n<meta property=\"og:type\" content=\"article\" \/>\n<meta property=\"og:title\" content=\"V\u00e5r styrelse - G\u00e4strikland\" \/>\n<meta property=\"og:url\" content=\"https:\/\/nyforetagarcentrum.se\/gastrikland\/var-styrelse\/\" \/>\n<meta property=\"og:site_name\" content=\"G\u00e4strikland\" \/>\n<meta property=\"article:modified_time\" content=\"2024-06-18T07:48:15+00:00\" \/>\n<meta name=\"twitter:card\" content=\"summary_large_image\" \/>\n<script type=\"application\/ld+json\" class=\"yoast-schema-graph\">{\"@context\":\"https:\/\/schema.org\",\"@graph\":[{\"@type\":\"WebPage\",\"@id\":\"https:\/\/nyforetagarcentrum.se\/gastrikland\/var-styrelse\/\",\"url\":\"https:\/\/nyforetagarcentrum.se\/gastrikland\/var-styrelse\/\",\"name\":\"V\u00e5r styrelse - G\u00e4strikland\",\"isPartOf\":{\"@id\":\"https:\/\/nyforetagarcentrum.se\/gastrikland\/#website\"},\"datePublished\":\"2024-02-27T15:05:17+00:00\",\"dateModified\":\"2024-06-18T07:48:15+00:00\",\"breadcrumb\":{\"@id\":\"https:\/\/nyforetagarcentrum.se\/gastrikland\/var-styrelse\/#breadcrumb\"},\"inLanguage\":\"sv-SE\",\"potentialAction\":[{\"@type\":\"ReadAction\",\"target\":[\"https:\/\/nyforetagarcentrum.se\/gastrikland\/var-styrelse\/\"]}]},{\"@type\":\"BreadcrumbList\",\"@id\":\"https:\/\/nyforetagarcentrum.se\/gastrikland\/var-styrelse\/#breadcrumb\",\"itemListElement\":[{\"@type\":\"ListItem\",\"position\":1,\"name\":\"Hem\",\"item\":\"https:\/\/nyforetagarcentrum.se\/gastrikland\/\"},{\"@type\":\"ListItem\",\"position\":2,\"name\":\"V\u00e5r styrelse\"}]},{\"@type\":\"WebSite\",\"@id\":\"https:\/\/nyforetagarcentrum.se\/gastrikland\/#website\",\"url\":\"https:\/\/nyforetagarcentrum.se\/gastrikland\/\",\"name\":\"G\u00e4strikland\",\"description\":\"Sveriges ledande kraft f\u00f6r fler nya livskraftiga f\u00f6retag\",\"publisher\":{\"@id\":\"https:\/\/nyforetagarcentrum.se\/gastrikland\/#organization\"},\"potentialAction\":[{\"@type\":\"SearchAction\",\"target\":{\"@type\":\"EntryPoint\",\"urlTemplate\":\"https:\/\/nyforetagarcentrum.se\/gastrikland\/?s={search_term_string}\"},\"query-input\":\"required name=search_term_string\"}],\"inLanguage\":\"sv-SE\"},{\"@type\":\"Organization\",\"@id\":\"https:\/\/nyforetagarcentrum.se\/gastrikland\/#organization\",\"name\":\"G\u00e4strikland\",\"url\":\"https:\/\/nyforetagarcentrum.se\/gastrikland\/\",\"logo\":{\"@type\":\"ImageObject\",\"inLanguage\":\"sv-SE\",\"@id\":\"https:\/\/nyforetagarcentrum.se\/gastrikland\/#\/schema\/logo\/image\/\",\"url\":\"https:\/\/nyforetagarcentrum.se\/gastrikland\/wp-content\/uploads\/sites\/39\/2024\/07\/gastrikland_bla.png\",\"contentUrl\":\"https:\/\/nyforetagarcentrum.se\/gastrikland\/wp-content\/uploads\/sites\/39\/2024\/07\/gastrikland_bla.png\",\"width\":870,\"height\":355,\"caption\":\"G\u00e4strikland\"},\"image\":{\"@id\":\"https:\/\/nyforetagarcentrum.se\/gastrikland\/#\/schema\/logo\/image\/\"}}]}<\/script>\n<!-- \/ Yoast SEO plugin. -->","yoast_head_json":{"title":"V\u00e5r styrelse - G\u00e4strikland","robots":{"index":"index","follow":"follow","max-snippet":"max-snippet:-1","max-image-preview":"max-image-preview:large","max-video-preview":"max-video-preview:-1"},"canonical":"https:\/\/nyforetagarcentrum.se\/gastrikland\/var-styrelse\/","og_locale":"sv_SE","og_type":"article","og_title":"V\u00e5r styrelse - G\u00e4strikland","og_url":"https:\/\/nyforetagarcentrum.se\/gastrikland\/var-styrelse\/","og_site_name":"G\u00e4strikland","article_modified_time":"2024-06-18T07:48:15+00:00","twitter_card":"summary_large_image","schema":{"@context":"https:\/\/schema.org","@graph":[{"@type":"WebPage","@id":"https:\/\/nyforetagarcentrum.se\/gastrikland\/var-styrelse\/","url":"https:\/\/nyforetagarcentrum.se\/gastrikland\/var-styrelse\/","name":"V\u00e5r styrelse - G\u00e4strikland","isPartOf":{"@id":"https:\/\/nyforetagarcentrum.se\/gastrikland\/#website"},"datePublished":"2024-02-27T15:05:17+00:00","dateModified":"2024-06-18T07:48:15+00:00","breadcrumb":{"@id":"https:\/\/nyforetagarcentrum.se\/gastrikland\/var-styrelse\/#breadcrumb"},"inLanguage":"sv-SE","potentialAction":[{"@type":"ReadAction","target":["https:\/\/nyforetagarcentrum.se\/gastrikland\/var-styrelse\/"]}]},{"@type":"BreadcrumbList","@id":"https:\/\/nyforetagarcentrum.se\/gastrikland\/var-styrelse\/#breadcrumb","itemListElement":[{"@type":"ListItem","position":1,"name":"Hem","item":"https:\/\/nyforetagarcentrum.se\/gastrikland\/"},{"@type":"ListItem","position":2,"name":"V\u00e5r styrelse"}]},{"@type":"WebSite","@id":"https:\/\/nyforetagarcentrum.se\/gastrikland\/#website","url":"https:\/\/nyforetagarcentrum.se\/gastrikland\/","name":"G\u00e4strikland","description":"Sveriges ledande kraft f\u00f6r fler nya livskraftiga f\u00f6retag","publisher":{"@id":"https:\/\/nyforetagarcentrum.se\/gastrikland\/#organization"},"potentialAction":[{"@type":"SearchAction","target":{"@type":"EntryPoint","urlTemplate":"https:\/\/nyforetagarcentrum.se\/gastrikland\/?s={search_term_string}"},"query-input":"required name=search_term_string"}],"inLanguage":"sv-SE"},{"@type":"Organization","@id":"https:\/\/nyforetagarcentrum.se\/gastrikland\/#organization","name":"G\u00e4strikland","url":"https:\/\/nyforetagarcentrum.se\/gastrikland\/","logo":{"@type":"ImageObject","inLanguage":"sv-SE","@id":"https:\/\/nyforetagarcentrum.se\/gastrikland\/#\/schema\/logo\/image\/","url":"https:\/\/nyforetagarcentrum.se\/gastrikland\/wp-content\/uploads\/sites\/39\/2024\/07\/gastrikland_bla.png","contentUrl":"https:\/\/nyforetagarcentrum.se\/gastrikland\/wp-content\/uploads\/sites\/39\/2024\/07\/gastrikland_bla.png","width":870,"height":355,"caption":"G\u00e4strikland"},"image":{"@id":"https:\/\/nyforetagarcentrum.se\/gastrikland\/#\/schema\/logo\/image\/"}}]}},"_links":{"self":[{"href":"https:\/\/nyforetagarcentrum.se\/gastrikland\/wp-json\/wp\/v2\/pages\/164"}],"collection":[{"href":"https:\/\/nyforetagarcentrum.se\/gastrikland\/wp-json\/wp\/v2\/pages"}],"about":[{"href":"https:\/\/nyforetagarcentrum.se\/gastrikland\/wp-json\/wp\/v2\/types\/page"}],"author":[{"embeddable":true,"href":"https:\/\/nyforetagarcentrum.se\/gastrikland\/wp-json\/wp\/v2\/users\/1"}],"replies":[{"embeddable":true,"href":"https:\/\/nyforetagarcentrum.se\/gastrikland\/wp-json\/wp\/v2\/comments?post=164"}],"version-history":[{"count":18,"href":"https:\/\/nyforetagarcentrum.se\/gastrikland\/wp-json\/wp\/v2\/pages\/164\/revisions"}],"predecessor-version":[{"id":467,"href":"https:\/\/nyforetagarcentrum.se\/gastrikland\/wp-json\/wp\/v2\/pages\/164\/revisions\/467"}],"wp:attachment":[{"href":"https:\/\/nyforetagarcentrum.se\/gastrikland\/wp-json\/wp\/v2\/media?parent=164"}],"curies":[{"name":"wp","href":"https:\/\/api.w.org\/{rel}","templated":true}]}}