{"id":161,"date":"2024-02-27T16:04:37","date_gmt":"2024-02-27T15:04:37","guid":{"rendered":"https:\/\/nyforetagarcentrum.se\/gastrikland\/?page_id=161"},"modified":"2025-05-26T13:35:10","modified_gmt":"2025-05-26T11:35:10","slug":"om-oss","status":"publish","type":"page","link":"https:\/\/nyforetagarcentrum.se\/gastrikland\/om-oss\/","title":{"rendered":"Om oss"},"content":{"rendered":"<section  class=\"nfc-block-hero alignfull\">\n\n    <img loading=\"lazy\" decoding=\"async\" width=\"714\" height=\"622\" src=\"https:\/\/nyforetagarcentrum.se\/gastrikland\/wp-content\/uploads\/sites\/39\/2024\/02\/ySLeov8m_8.png\" class=\"attachment-landscape size-landscape\" alt=\"\" srcset=\"https:\/\/nyforetagarcentrum.se\/gastrikland\/wp-content\/uploads\/sites\/39\/2024\/02\/ySLeov8m_8.png 714w, https:\/\/nyforetagarcentrum.se\/gastrikland\/wp-content\/uploads\/sites\/39\/2024\/02\/ySLeov8m_8-300x261.png 300w\" sizes=\"(max-width: 714px) 100vw, 714px\" \/>\n    <div class=\"contained\">\n        <h1 class=\"nfc-block-hero__heading\">Om oss<\/h1>\n\n            <\/div>\n<\/section>\n\n\n<div style=\"height:50px\" aria-hidden=\"true\" class=\"wp-block-spacer\"><\/div>\n\n\n<section  class=\"nfc-block-breadcrumbs\">\n    <div class=\"wrapper contained\">\n        <ol class=\"breadcrumbs\" itemscope itemtype=\"https:\/\/schema.org\/BreadcrumbList\">\n            <li itemprop=\"itemListElement\" itemscope itemtype=\"https:\/\/schema.org\/ListItem\">\n            \n\n                            <span class=\"current\" itemprop=\"name\">Hem<\/span>\n            \n            <meta itemprop=\"position\" content=\"1\" \/>\n        <\/li>\n    <\/ol>    <\/div>\n<\/section>\n\n\n<div style=\"height:51px\" aria-hidden=\"true\" class=\"wp-block-spacer\"><\/div>\n\n\n<section  class=\"nfc-block-split_screen alignwide image_alignment-left\">\n    <div class=\"wrapper\">\n        <div class=\"nfc-block-split_screen__image-wrapper\">\n            <img loading=\"lazy\" decoding=\"async\" width=\"1469\" height=\"981\" src=\"https:\/\/nyforetagarcentrum.se\/gastrikland\/wp-content\/uploads\/sites\/39\/2024\/02\/4083b98ac6a43f162142a286decbc08f.png\" class=\"attachment-landscape size-landscape\" alt=\"\" srcset=\"https:\/\/nyforetagarcentrum.se\/gastrikland\/wp-content\/uploads\/sites\/39\/2024\/02\/4083b98ac6a43f162142a286decbc08f.png 1469w, https:\/\/nyforetagarcentrum.se\/gastrikland\/wp-content\/uploads\/sites\/39\/2024\/02\/4083b98ac6a43f162142a286decbc08f-300x200.png 300w, https:\/\/nyforetagarcentrum.se\/gastrikland\/wp-content\/uploads\/sites\/39\/2024\/02\/4083b98ac6a43f162142a286decbc08f-1024x684.png 1024w, https:\/\/nyforetagarcentrum.se\/gastrikland\/wp-content\/uploads\/sites\/39\/2024\/02\/4083b98ac6a43f162142a286decbc08f-768x513.png 768w\" sizes=\"(max-width: 1469px) 100vw, 1469px\" \/>        <\/div>\n\n        <div class=\"nfc-block-split_screen__content-wrapper\">\n            <h2>Vi vill bidra till fler livskraftiga f\u00f6retag i G\u00e4strikland!<\/h2>\n<p>Nyf\u00f6retagarCentrum G\u00e4strikland ger kostnadsfri r\u00e5dgivning till dig som funderar p\u00e5 eller nyss startat eget f\u00f6retag. V\u00e5ra erfarna och diplomerade r\u00e5dgivare, som sj\u00e4lva har erfarenhet av f\u00f6retagande, hj\u00e4lper dig med din aff\u00e4rsid\u00e9, fr\u00e5gor kring budget, marknadsf\u00f6ring eller det du har funderingar kring g\u00e4llande ditt f\u00f6retagande. Vi har dessutom ett stort n\u00e4tverk och n\u00e4ra koppling till det lokala n\u00e4ringslivet.<\/p>\n<p>V\u00e5ra r\u00e5dgivningar och aktiviteter \u00e4r helt kostnadsfria tack vare v\u00e5ra samarbetspartners.<\/p>\n<p class=\"p1\">\n\n                            <div class=\"nfc-block-split_screen__buttons\">\n                                            <a href=\"vara-samarbetspartners\/\" class=\"button outlined\">V\u00e5ra samarbetspartners<\/a>\n                                    <\/div>\n            \n        <\/div>\n    <\/div>\n<\/section>\n\n\n<div style=\"height:50px\" aria-hidden=\"true\" class=\"wp-block-spacer\"><\/div>\n\n\n\n<div class=\"wp-block-group alignfull has-white-background-color has-background is-layout-constrained wp-block-group-is-layout-constrained\">\n<div style=\"height:51px\" aria-hidden=\"true\" class=\"wp-block-spacer\"><\/div>\n\n\n\n<div style=\"height:51px\" aria-hidden=\"true\" class=\"wp-block-spacer\"><\/div>\n\n\n\n<div class=\"wp-block-columns alignwide is-layout-flex wp-container-core-columns-is-layout-1 wp-block-columns-is-layout-flex\">\n<div class=\"wp-block-column is-layout-flow wp-block-column-is-layout-flow\">\n<p class=\"no-margin\" style=\"font-size:100px;font-style:normal;font-weight:700\">87%<\/p>\n\n\n\n<p class=\"has-text-color has-link-color wp-elements-c368dd694f1f97d17cd9908fc2508479\" style=\"color:#4d4d4d\">F\u00f6retag som startas via Nyf\u00f6retagarcentrum har en \u00f6verlevnadsgrad p\u00e5 87 procent. <\/p>\n<\/div>\n\n\n\n<div class=\"wp-block-column is-layout-flow wp-block-column-is-layout-flow\">\n<p class=\"no-margin\" style=\"font-size:100px;font-style:normal;font-weight:700\">154<\/p>\n\n\n\n<p class=\"has-text-color has-link-color wp-elements-c1853a03b205cd2e4671f9535edcebaa\" style=\"color:#4d4d4d\">2024 hj\u00e4lpte vi 154 nyf\u00f6retagare med personlig r\u00e5dgivning i G\u00e4strikland.<\/p>\n<\/div>\n\n\n\n<div class=\"wp-block-column is-layout-flow wp-block-column-is-layout-flow\">\n<p class=\"no-margin\" style=\"font-size:100px;font-style:normal;font-weight:700\">67<\/p>\n\n\n\n<p class=\"has-text-color has-link-color wp-elements-ae4cb91e9001ca2a29798622ca344e96\" style=\"color:#4d4d4d\">2024 hj\u00e4lpte vi till med att starta upp f\u00f6retag <br>67 f\u00f6retag i G\u00e4strikland.<\/p>\n<\/div>\n<\/div>\n\n\n\n<div style=\"height:51px\" aria-hidden=\"true\" class=\"wp-block-spacer\"><\/div>\n\n\n\n<div style=\"height:51px\" aria-hidden=\"true\" class=\"wp-block-spacer\"><\/div>\n<\/div>\n\n\n\n<div style=\"height:50px\" aria-hidden=\"true\" class=\"wp-block-spacer\"><\/div>\n\n\n\n<h2 class=\"wp-block-heading has-text-align-center\">\u00c4r ditt f\u00f6retag eller organisation intresserad av att st\u00f6dja Nyf\u00f6retagarCentrum G\u00e4striklands arbete?<\/h2>\n\n\n\n<div class=\"wp-block-group alignfull is-layout-constrained wp-block-group-is-layout-constrained\"><section  class=\"nfc-block-form aligncontent layout-small\">\n    <div class=\"contained\">\n\n        <form data-nfc-form=\"block_84f086999862d30ded06df3d68353f27\" data-nfc-page=\"161\">\n            <label class=\"input-wrapper\" for=\"namn\">\n    <span>Namn<\/span>\n    <input type=\"text\" name=\"namn\" id=\"namn\" placeholder=\"\" >\n<\/label><label class=\"input-wrapper\" for=\"foretag-eller-organisation\">\n    <span>F\u00f6retag eller organisation<\/span>\n    <input type=\"text\" name=\"foretag-eller-organisation\" id=\"foretag-eller-organisation\" placeholder=\"\" >\n<\/label><label class=\"input-wrapper\" for=\"e-post\">\n    <span>E-post<\/span>\n    <input type=\"text\" name=\"e-post\" id=\"e-post\" placeholder=\"\" >\n<\/label>\n            <div class=\"input-wrapper\">\n                <button type=\"submit\" class=\"button\">Skicka<\/button>\n            <\/div>\n        <\/form>\n    <\/div>\n<\/section><\/div>\n\n\n\n<div style=\"height:100px\" aria-hidden=\"true\" class=\"wp-block-spacer\"><\/div>\n","protected":false},"excerpt":{"rendered":"<p>87% F\u00f6retag som startas via Nyf\u00f6retagarcentrum har en \u00f6verlevnadsgrad p\u00e5 87 procent. 154 2024 hj\u00e4lpte vi 154 nyf\u00f6retagare med personlig r\u00e5dgivning i G\u00e4strikland. 67 2024 hj\u00e4lpte vi till med att starta upp f\u00f6retag 67 f\u00f6retag i G\u00e4strikland. \u00c4r ditt f\u00f6retag eller organisation intresserad av att st\u00f6dja Nyf\u00f6retagarCentrum G\u00e4striklands arbete?<\/p>\n","protected":false},"author":1,"featured_media":0,"parent":0,"menu_order":0,"comment_status":"closed","ping_status":"closed","template":"","meta":{"footnotes":""},"acf":[],"yoast_head":"<!-- This site is optimized with the Yoast SEO plugin v22.9 - https:\/\/yoast.com\/wordpress\/plugins\/seo\/ -->\n<title>Om oss - G\u00e4strikland<\/title>\n<meta name=\"robots\" content=\"index, follow, max-snippet:-1, max-image-preview:large, max-video-preview:-1\" \/>\n<link rel=\"canonical\" href=\"https:\/\/nyforetagarcentrum.se\/gastrikland\/om-oss\/\" \/>\n<meta property=\"og:locale\" content=\"sv_SE\" \/>\n<meta property=\"og:type\" content=\"article\" \/>\n<meta property=\"og:title\" content=\"Om oss - G\u00e4strikland\" \/>\n<meta property=\"og:description\" content=\"87% F\u00f6retag som startas via Nyf\u00f6retagarcentrum har en \u00f6verlevnadsgrad p\u00e5 87 procent. 154 2024 hj\u00e4lpte vi 154 nyf\u00f6retagare med personlig r\u00e5dgivning i G\u00e4strikland. 67 2024 hj\u00e4lpte vi till med att starta upp f\u00f6retag 67 f\u00f6retag i G\u00e4strikland. \u00c4r ditt f\u00f6retag eller organisation intresserad av att st\u00f6dja Nyf\u00f6retagarCentrum G\u00e4striklands arbete?\" \/>\n<meta property=\"og:url\" content=\"https:\/\/nyforetagarcentrum.se\/gastrikland\/om-oss\/\" \/>\n<meta property=\"og:site_name\" content=\"G\u00e4strikland\" \/>\n<meta property=\"article:modified_time\" content=\"2025-05-26T11:35:10+00:00\" \/>\n<meta name=\"twitter:card\" content=\"summary_large_image\" \/>\n<meta name=\"twitter:label1\" content=\"Ber\u00e4knad l\u00e4stid\" \/>\n\t<meta name=\"twitter:data1\" content=\"1 minut\" \/>\n<script type=\"application\/ld+json\" class=\"yoast-schema-graph\">{\"@context\":\"https:\/\/schema.org\",\"@graph\":[{\"@type\":\"WebPage\",\"@id\":\"https:\/\/nyforetagarcentrum.se\/gastrikland\/om-oss\/\",\"url\":\"https:\/\/nyforetagarcentrum.se\/gastrikland\/om-oss\/\",\"name\":\"Om oss - G\u00e4strikland\",\"isPartOf\":{\"@id\":\"https:\/\/nyforetagarcentrum.se\/gastrikland\/#website\"},\"datePublished\":\"2024-02-27T15:04:37+00:00\",\"dateModified\":\"2025-05-26T11:35:10+00:00\",\"breadcrumb\":{\"@id\":\"https:\/\/nyforetagarcentrum.se\/gastrikland\/om-oss\/#breadcrumb\"},\"inLanguage\":\"sv-SE\",\"potentialAction\":[{\"@type\":\"ReadAction\",\"target\":[\"https:\/\/nyforetagarcentrum.se\/gastrikland\/om-oss\/\"]}]},{\"@type\":\"BreadcrumbList\",\"@id\":\"https:\/\/nyforetagarcentrum.se\/gastrikland\/om-oss\/#breadcrumb\",\"itemListElement\":[{\"@type\":\"ListItem\",\"position\":1,\"name\":\"Hem\",\"item\":\"https:\/\/nyforetagarcentrum.se\/gastrikland\/\"},{\"@type\":\"ListItem\",\"position\":2,\"name\":\"Om oss\"}]},{\"@type\":\"WebSite\",\"@id\":\"https:\/\/nyforetagarcentrum.se\/gastrikland\/#website\",\"url\":\"https:\/\/nyforetagarcentrum.se\/gastrikland\/\",\"name\":\"G\u00e4strikland\",\"description\":\"Sveriges ledande kraft f\u00f6r fler nya livskraftiga f\u00f6retag\",\"publisher\":{\"@id\":\"https:\/\/nyforetagarcentrum.se\/gastrikland\/#organization\"},\"potentialAction\":[{\"@type\":\"SearchAction\",\"target\":{\"@type\":\"EntryPoint\",\"urlTemplate\":\"https:\/\/nyforetagarcentrum.se\/gastrikland\/?s={search_term_string}\"},\"query-input\":\"required name=search_term_string\"}],\"inLanguage\":\"sv-SE\"},{\"@type\":\"Organization\",\"@id\":\"https:\/\/nyforetagarcentrum.se\/gastrikland\/#organization\",\"name\":\"G\u00e4strikland\",\"url\":\"https:\/\/nyforetagarcentrum.se\/gastrikland\/\",\"logo\":{\"@type\":\"ImageObject\",\"inLanguage\":\"sv-SE\",\"@id\":\"https:\/\/nyforetagarcentrum.se\/gastrikland\/#\/schema\/logo\/image\/\",\"url\":\"https:\/\/nyforetagarcentrum.se\/gastrikland\/wp-content\/uploads\/sites\/39\/2024\/04\/Gastrikland-1.png\",\"contentUrl\":\"https:\/\/nyforetagarcentrum.se\/gastrikland\/wp-content\/uploads\/sites\/39\/2024\/04\/Gastrikland-1.png\",\"width\":1082,\"height\":542,\"caption\":\"G\u00e4strikland\"},\"image\":{\"@id\":\"https:\/\/nyforetagarcentrum.se\/gastrikland\/#\/schema\/logo\/image\/\"}}]}<\/script>\n<!-- \/ Yoast SEO plugin. -->","yoast_head_json":{"title":"Om oss - G\u00e4strikland","robots":{"index":"index","follow":"follow","max-snippet":"max-snippet:-1","max-image-preview":"max-image-preview:large","max-video-preview":"max-video-preview:-1"},"canonical":"https:\/\/nyforetagarcentrum.se\/gastrikland\/om-oss\/","og_locale":"sv_SE","og_type":"article","og_title":"Om oss - G\u00e4strikland","og_description":"87% F\u00f6retag som startas via Nyf\u00f6retagarcentrum har en \u00f6verlevnadsgrad p\u00e5 87 procent. 154 2024 hj\u00e4lpte vi 154 nyf\u00f6retagare med personlig r\u00e5dgivning i G\u00e4strikland. 67 2024 hj\u00e4lpte vi till med att starta upp f\u00f6retag 67 f\u00f6retag i G\u00e4strikland. \u00c4r ditt f\u00f6retag eller organisation intresserad av att st\u00f6dja Nyf\u00f6retagarCentrum G\u00e4striklands arbete?","og_url":"https:\/\/nyforetagarcentrum.se\/gastrikland\/om-oss\/","og_site_name":"G\u00e4strikland","article_modified_time":"2025-05-26T11:35:10+00:00","twitter_card":"summary_large_image","twitter_misc":{"Ber\u00e4knad l\u00e4stid":"1 minut"},"schema":{"@context":"https:\/\/schema.org","@graph":[{"@type":"WebPage","@id":"https:\/\/nyforetagarcentrum.se\/gastrikland\/om-oss\/","url":"https:\/\/nyforetagarcentrum.se\/gastrikland\/om-oss\/","name":"Om oss - G\u00e4strikland","isPartOf":{"@id":"https:\/\/nyforetagarcentrum.se\/gastrikland\/#website"},"datePublished":"2024-02-27T15:04:37+00:00","dateModified":"2025-05-26T11:35:10+00:00","breadcrumb":{"@id":"https:\/\/nyforetagarcentrum.se\/gastrikland\/om-oss\/#breadcrumb"},"inLanguage":"sv-SE","potentialAction":[{"@type":"ReadAction","target":["https:\/\/nyforetagarcentrum.se\/gastrikland\/om-oss\/"]}]},{"@type":"BreadcrumbList","@id":"https:\/\/nyforetagarcentrum.se\/gastrikland\/om-oss\/#breadcrumb","itemListElement":[{"@type":"ListItem","position":1,"name":"Hem","item":"https:\/\/nyforetagarcentrum.se\/gastrikland\/"},{"@type":"ListItem","position":2,"name":"Om oss"}]},{"@type":"WebSite","@id":"https:\/\/nyforetagarcentrum.se\/gastrikland\/#website","url":"https:\/\/nyforetagarcentrum.se\/gastrikland\/","name":"G\u00e4strikland","description":"Sveriges ledande kraft f\u00f6r fler nya livskraftiga f\u00f6retag","publisher":{"@id":"https:\/\/nyforetagarcentrum.se\/gastrikland\/#organization"},"potentialAction":[{"@type":"SearchAction","target":{"@type":"EntryPoint","urlTemplate":"https:\/\/nyforetagarcentrum.se\/gastrikland\/?s={search_term_string}"},"query-input":"required name=search_term_string"}],"inLanguage":"sv-SE"},{"@type":"Organization","@id":"https:\/\/nyforetagarcentrum.se\/gastrikland\/#organization","name":"G\u00e4strikland","url":"https:\/\/nyforetagarcentrum.se\/gastrikland\/","logo":{"@type":"ImageObject","inLanguage":"sv-SE","@id":"https:\/\/nyforetagarcentrum.se\/gastrikland\/#\/schema\/logo\/image\/","url":"https:\/\/nyforetagarcentrum.se\/gastrikland\/wp-content\/uploads\/sites\/39\/2024\/04\/Gastrikland-1.png","contentUrl":"https:\/\/nyforetagarcentrum.se\/gastrikland\/wp-content\/uploads\/sites\/39\/2024\/04\/Gastrikland-1.png","width":1082,"height":542,"caption":"G\u00e4strikland"},"image":{"@id":"https:\/\/nyforetagarcentrum.se\/gastrikland\/#\/schema\/logo\/image\/"}}]}},"_links":{"self":[{"href":"https:\/\/nyforetagarcentrum.se\/gastrikland\/wp-json\/wp\/v2\/pages\/161"}],"collection":[{"href":"https:\/\/nyforetagarcentrum.se\/gastrikland\/wp-json\/wp\/v2\/pages"}],"about":[{"href":"https:\/\/nyforetagarcentrum.se\/gastrikland\/wp-json\/wp\/v2\/types\/page"}],"author":[{"embeddable":true,"href":"https:\/\/nyforetagarcentrum.se\/gastrikland\/wp-json\/wp\/v2\/users\/1"}],"replies":[{"embeddable":true,"href":"https:\/\/nyforetagarcentrum.se\/gastrikland\/wp-json\/wp\/v2\/comments?post=161"}],"version-history":[{"count":17,"href":"https:\/\/nyforetagarcentrum.se\/gastrikland\/wp-json\/wp\/v2\/pages\/161\/revisions"}],"predecessor-version":[{"id":755,"href":"https:\/\/nyforetagarcentrum.se\/gastrikland\/wp-json\/wp\/v2\/pages\/161\/revisions\/755"}],"wp:attachment":[{"href":"https:\/\/nyforetagarcentrum.se\/gastrikland\/wp-json\/wp\/v2\/media?parent=161"}],"curies":[{"name":"wp","href":"https:\/\/api.w.org\/{rel}","templated":true}]}}