{"id":128,"date":"2024-02-22T11:27:10","date_gmt":"2024-02-22T10:27:10","guid":{"rendered":"https:\/\/nyforetagarcentrum.se\/gastrikland\/?page_id=128"},"modified":"2025-10-23T12:34:21","modified_gmt":"2025-10-23T10:34:21","slug":"mentor","status":"publish","type":"page","link":"https:\/\/nyforetagarcentrum.se\/gastrikland\/mentor\/","title":{"rendered":"Mentor"},"content":{"rendered":"<section  class=\"nfc-block-breadcrumbs alignwide\">\n    <div class=\"wrapper contained\">\n        <ol class=\"breadcrumbs\" itemscope itemtype=\"https:\/\/schema.org\/BreadcrumbList\">\n            <li itemprop=\"itemListElement\" itemscope itemtype=\"https:\/\/schema.org\/ListItem\">\n            \n\n                            <span class=\"current\" itemprop=\"name\">Hem<\/span>\n            \n            <meta itemprop=\"position\" content=\"1\" \/>\n        <\/li>\n    <\/ol>    <\/div>\n<\/section>\n\n\n<div style=\"height:var(--wp--preset--spacing--50)\" aria-hidden=\"true\" class=\"wp-block-spacer\"><\/div>\n\n\n<section  class=\"nfc-block-split_screen alignwide image_alignment-left\">\n    <div class=\"wrapper\">\n        <div class=\"nfc-block-split_screen__image-wrapper\">\n            <img loading=\"lazy\" decoding=\"async\" width=\"772\" height=\"1070\" src=\"https:\/\/nyforetagarcentrum.se\/gastrikland\/wp-content\/uploads\/sites\/39\/2024\/02\/Radgivning-radgivare-nyforetagareLOW-e1759394924114.jpg\" class=\"attachment-landscape size-landscape\" alt=\"\" srcset=\"https:\/\/nyforetagarcentrum.se\/gastrikland\/wp-content\/uploads\/sites\/39\/2024\/02\/Radgivning-radgivare-nyforetagareLOW-e1759394924114.jpg 772w, https:\/\/nyforetagarcentrum.se\/gastrikland\/wp-content\/uploads\/sites\/39\/2024\/02\/Radgivning-radgivare-nyforetagareLOW-e1759394924114-216x300.jpg 216w, https:\/\/nyforetagarcentrum.se\/gastrikland\/wp-content\/uploads\/sites\/39\/2024\/02\/Radgivning-radgivare-nyforetagareLOW-e1759394924114-739x1024.jpg 739w, https:\/\/nyforetagarcentrum.se\/gastrikland\/wp-content\/uploads\/sites\/39\/2024\/02\/Radgivning-radgivare-nyforetagareLOW-e1759394924114-768x1064.jpg 768w\" sizes=\"(max-width: 772px) 100vw, 772px\" \/>        <\/div>\n\n        <div class=\"nfc-block-split_screen__content-wrapper\">\n            <h1><strong data-start=\"171\" data-end=\"225\">Mentorprogrammet &#8211; <\/strong><strong data-start=\"171\" data-end=\"225\">f\u00f6r dig som vill ta n\u00e4sta steg i ditt f\u00f6retagande\u00a0<\/strong><\/h1>\n<div>\n<p data-start=\"227\" data-end=\"390\">Du har kommit ig\u00e5ng med ditt f\u00f6retag \u2013 nu vill du ta n\u00e4sta steg. Mentorprogrammet ger dig st\u00f6d, nya perspektiv och inspiration f\u00f6r att v\u00e4xa och ta verksamheten vidare.\u00a0 Kanske vill du utveckla ditt erbjudande, v\u00e4xa med l\u00f6nsamhet eller hitta mer fokus och struktur i vardagen. Med en erfaren mentor vid din sida blir det b\u00e5de enklare och roligare att ta n\u00e4sta steg.<\/p>\n<p data-start=\"392\" data-end=\"657\">Under ett \u00e5r matchas du med en erfaren f\u00f6retagare som delar med sig av sin kunskap, sitt n\u00e4tverk och fungerar som bollplank i din utveckling. Ut\u00f6ver mentorskapet f\u00e5r du delta i gemensamma tr\u00e4ffar med fokus p\u00e5 f\u00f6retagsutveckling, erfarenhetsutbyte och n\u00e4tverkande.<\/p>\n<p data-start=\"659\" data-end=\"842\">Mentorerna arbetar ideellt och brinner f\u00f6r att hj\u00e4lpa andra f\u00f6retagare att lyckas. Tillsammans f\u00e5r du m\u00f6jlighet att utveckla ditt f\u00f6retag \u2013 och dig sj\u00e4lv som ledare och entrepren\u00f6r.<\/p>\n<p data-start=\"844\" data-end=\"905\">Antalet platser \u00e4r begr\u00e4nsat, s\u00e5 anm\u00e4l ditt intresse i tid. Vi prioriterar matchning d\u00e4r programmet g\u00f6r st\u00f6rst nytta.<\/p>\n<\/div>\n<h4><strong>Vem kan s\u00f6ka?<\/strong><\/h4>\n<div>\n<ul>\n<li data-start=\"102\" data-end=\"158\">\n<p data-start=\"104\" data-end=\"158\">Du som driver ett ungt f\u00f6retag (1-3 \u00e5r) och b\u00f6rjat f\u00e5 kunder och int\u00e4kter<\/p>\n<\/li>\n<li data-start=\"102\" data-end=\"158\">\n<p data-start=\"104\" data-end=\"158\">Du vill utveckla, v\u00e4xa eller f\u00f6rnya din verksamhet<\/p>\n<\/li>\n<li data-start=\"102\" data-end=\"158\">\n<p data-start=\"104\" data-end=\"158\">Du som bor i, eller driver f\u00f6retag i, G\u00e4vle, Sandviken, Hofors eller Ockelbo<\/p>\n<\/li>\n<li data-start=\"240\" data-end=\"301\">\n<p data-start=\"242\" data-end=\"301\">Du som f\u00e5tt r\u00e5dgivning via Nyf\u00f6retagarCentrum G\u00e4strikland<\/p>\n<\/li>\n<li data-start=\"355\" data-end=\"417\">\n<p data-start=\"357\" data-end=\"417\">Du som kan och vill satsa p\u00e5 ditt f\u00f6retagande. F\u00f6r att f\u00e5 ut s\u00e5 mycket som m\u00f6jligt av programmet \u00e4r det viktigt att du kan bidra med b\u00e5de tid och engagemang under \u00e5ret.<\/p>\n<\/li>\n<\/ul>\n<p><strong>Ans\u00f6k till 2026 \u00e5rs mentorprogram senast den 15\/11.<br \/>\n<\/strong><strong><br \/>\nHar du fr\u00e5gor, maila dem till:<br \/>\n<\/strong>Elin Bj\u00f6rkan, verksamhetsledare Nyf\u00f6retagarcentrum G\u00e4strikland<br \/>\nelin.bjorkan@nyforetagarcentrum.se<\/p>\n<\/div>\n<p>&nbsp;<\/p>\n\n                            <div class=\"nfc-block-split_screen__buttons\">\n                                            <a href=\"https:\/\/docs.google.com\/forms\/d\/e\/1FAIpQLSfbRNUpSX080hwkJtOe2Vfzd62SGvoGoQVJNZTj6H2qqHDvCQ\/viewform?usp=dialog\" class=\"button primary\">Ans\u00f6k till v\u00e5rt mentorprogram<\/a>\n                                    <\/div>\n            \n        <\/div>\n    <\/div>\n<\/section>\n\n\n<div style=\"height:54px\" aria-hidden=\"true\" class=\"wp-block-spacer\"><\/div>\n\n\n\n<div class=\"wp-block-group alignfull has-background is-layout-constrained wp-block-group-is-layout-constrained\" style=\"background-color:#f2e1d7\">\n<div style=\"height:200px\" aria-hidden=\"true\" class=\"wp-block-spacer\"><\/div>\n<\/div>\n\n\n\n<p><\/p>\n","protected":false},"excerpt":{"rendered":"","protected":false},"author":1,"featured_media":0,"parent":0,"menu_order":0,"comment_status":"closed","ping_status":"closed","template":"","meta":{"footnotes":""},"acf":[],"yoast_head":"<!-- This site is optimized with the Yoast SEO plugin v22.9 - https:\/\/yoast.com\/wordpress\/plugins\/seo\/ -->\n<title>Mentor - G\u00e4strikland<\/title>\n<meta name=\"description\" content=\"Mentorprogrammet ger dig st\u00f6d, nya perspektiv och inspiration f\u00f6r att v\u00e4xa och ta verksamheten vidare. Kanske vill du utveckla ditt erbjudande, v\u00e4xa med l\u00f6nsamhet eller hitta mer fokus och struktur i vardagen. Med en erfaren mentor vid din sida blir det b\u00e5de enklare och roligare att ta n\u00e4sta steg.\" \/>\n<meta name=\"robots\" content=\"index, follow, max-snippet:-1, max-image-preview:large, max-video-preview:-1\" \/>\n<link rel=\"canonical\" href=\"https:\/\/nyforetagarcentrum.se\/gastrikland\/mentor\/\" \/>\n<meta property=\"og:locale\" content=\"sv_SE\" \/>\n<meta property=\"og:type\" content=\"article\" \/>\n<meta property=\"og:title\" content=\"Mentor - G\u00e4strikland\" \/>\n<meta property=\"og:description\" content=\"Mentorprogrammet ger dig st\u00f6d, nya perspektiv och inspiration f\u00f6r att v\u00e4xa och ta verksamheten vidare. Kanske vill du utveckla ditt erbjudande, v\u00e4xa med l\u00f6nsamhet eller hitta mer fokus och struktur i vardagen. Med en erfaren mentor vid din sida blir det b\u00e5de enklare och roligare att ta n\u00e4sta steg.\" \/>\n<meta property=\"og:url\" content=\"https:\/\/nyforetagarcentrum.se\/gastrikland\/mentor\/\" \/>\n<meta property=\"og:site_name\" content=\"G\u00e4strikland\" \/>\n<meta property=\"article:modified_time\" content=\"2025-10-23T10:34:21+00:00\" \/>\n<meta name=\"twitter:card\" content=\"summary_large_image\" \/>\n<script type=\"application\/ld+json\" class=\"yoast-schema-graph\">{\"@context\":\"https:\/\/schema.org\",\"@graph\":[{\"@type\":\"WebPage\",\"@id\":\"https:\/\/nyforetagarcentrum.se\/gastrikland\/mentor\/\",\"url\":\"https:\/\/nyforetagarcentrum.se\/gastrikland\/mentor\/\",\"name\":\"Mentor - G\u00e4strikland\",\"isPartOf\":{\"@id\":\"https:\/\/nyforetagarcentrum.se\/gastrikland\/#website\"},\"datePublished\":\"2024-02-22T10:27:10+00:00\",\"dateModified\":\"2025-10-23T10:34:21+00:00\",\"description\":\"Mentorprogrammet ger dig st\u00f6d, nya perspektiv och inspiration f\u00f6r att v\u00e4xa och ta verksamheten vidare. Kanske vill du utveckla ditt erbjudande, v\u00e4xa med l\u00f6nsamhet eller hitta mer fokus och struktur i vardagen. Med en erfaren mentor vid din sida blir det b\u00e5de enklare och roligare att ta n\u00e4sta steg.\",\"breadcrumb\":{\"@id\":\"https:\/\/nyforetagarcentrum.se\/gastrikland\/mentor\/#breadcrumb\"},\"inLanguage\":\"sv-SE\",\"potentialAction\":[{\"@type\":\"ReadAction\",\"target\":[\"https:\/\/nyforetagarcentrum.se\/gastrikland\/mentor\/\"]}]},{\"@type\":\"BreadcrumbList\",\"@id\":\"https:\/\/nyforetagarcentrum.se\/gastrikland\/mentor\/#breadcrumb\",\"itemListElement\":[{\"@type\":\"ListItem\",\"position\":1,\"name\":\"Hem\",\"item\":\"https:\/\/nyforetagarcentrum.se\/gastrikland\/\"},{\"@type\":\"ListItem\",\"position\":2,\"name\":\"Mentor\"}]},{\"@type\":\"WebSite\",\"@id\":\"https:\/\/nyforetagarcentrum.se\/gastrikland\/#website\",\"url\":\"https:\/\/nyforetagarcentrum.se\/gastrikland\/\",\"name\":\"G\u00e4strikland\",\"description\":\"Sveriges ledande kraft f\u00f6r fler nya livskraftiga f\u00f6retag\",\"publisher\":{\"@id\":\"https:\/\/nyforetagarcentrum.se\/gastrikland\/#organization\"},\"potentialAction\":[{\"@type\":\"SearchAction\",\"target\":{\"@type\":\"EntryPoint\",\"urlTemplate\":\"https:\/\/nyforetagarcentrum.se\/gastrikland\/?s={search_term_string}\"},\"query-input\":\"required name=search_term_string\"}],\"inLanguage\":\"sv-SE\"},{\"@type\":\"Organization\",\"@id\":\"https:\/\/nyforetagarcentrum.se\/gastrikland\/#organization\",\"name\":\"G\u00e4strikland\",\"url\":\"https:\/\/nyforetagarcentrum.se\/gastrikland\/\",\"logo\":{\"@type\":\"ImageObject\",\"inLanguage\":\"sv-SE\",\"@id\":\"https:\/\/nyforetagarcentrum.se\/gastrikland\/#\/schema\/logo\/image\/\",\"url\":\"https:\/\/nyforetagarcentrum.se\/gastrikland\/wp-content\/uploads\/sites\/39\/2024\/04\/Gastrikland-1.png\",\"contentUrl\":\"https:\/\/nyforetagarcentrum.se\/gastrikland\/wp-content\/uploads\/sites\/39\/2024\/04\/Gastrikland-1.png\",\"width\":1082,\"height\":542,\"caption\":\"G\u00e4strikland\"},\"image\":{\"@id\":\"https:\/\/nyforetagarcentrum.se\/gastrikland\/#\/schema\/logo\/image\/\"}}]}<\/script>\n<!-- \/ Yoast SEO plugin. -->","yoast_head_json":{"title":"Mentor - G\u00e4strikland","description":"Mentorprogrammet ger dig st\u00f6d, nya perspektiv och inspiration f\u00f6r att v\u00e4xa och ta verksamheten vidare. Kanske vill du utveckla ditt erbjudande, v\u00e4xa med l\u00f6nsamhet eller hitta mer fokus och struktur i vardagen. Med en erfaren mentor vid din sida blir det b\u00e5de enklare och roligare att ta n\u00e4sta steg.","robots":{"index":"index","follow":"follow","max-snippet":"max-snippet:-1","max-image-preview":"max-image-preview:large","max-video-preview":"max-video-preview:-1"},"canonical":"https:\/\/nyforetagarcentrum.se\/gastrikland\/mentor\/","og_locale":"sv_SE","og_type":"article","og_title":"Mentor - G\u00e4strikland","og_description":"Mentorprogrammet ger dig st\u00f6d, nya perspektiv och inspiration f\u00f6r att v\u00e4xa och ta verksamheten vidare. Kanske vill du utveckla ditt erbjudande, v\u00e4xa med l\u00f6nsamhet eller hitta mer fokus och struktur i vardagen. Med en erfaren mentor vid din sida blir det b\u00e5de enklare och roligare att ta n\u00e4sta steg.","og_url":"https:\/\/nyforetagarcentrum.se\/gastrikland\/mentor\/","og_site_name":"G\u00e4strikland","article_modified_time":"2025-10-23T10:34:21+00:00","twitter_card":"summary_large_image","schema":{"@context":"https:\/\/schema.org","@graph":[{"@type":"WebPage","@id":"https:\/\/nyforetagarcentrum.se\/gastrikland\/mentor\/","url":"https:\/\/nyforetagarcentrum.se\/gastrikland\/mentor\/","name":"Mentor - G\u00e4strikland","isPartOf":{"@id":"https:\/\/nyforetagarcentrum.se\/gastrikland\/#website"},"datePublished":"2024-02-22T10:27:10+00:00","dateModified":"2025-10-23T10:34:21+00:00","description":"Mentorprogrammet ger dig st\u00f6d, nya perspektiv och inspiration f\u00f6r att v\u00e4xa och ta verksamheten vidare. Kanske vill du utveckla ditt erbjudande, v\u00e4xa med l\u00f6nsamhet eller hitta mer fokus och struktur i vardagen. Med en erfaren mentor vid din sida blir det b\u00e5de enklare och roligare att ta n\u00e4sta steg.","breadcrumb":{"@id":"https:\/\/nyforetagarcentrum.se\/gastrikland\/mentor\/#breadcrumb"},"inLanguage":"sv-SE","potentialAction":[{"@type":"ReadAction","target":["https:\/\/nyforetagarcentrum.se\/gastrikland\/mentor\/"]}]},{"@type":"BreadcrumbList","@id":"https:\/\/nyforetagarcentrum.se\/gastrikland\/mentor\/#breadcrumb","itemListElement":[{"@type":"ListItem","position":1,"name":"Hem","item":"https:\/\/nyforetagarcentrum.se\/gastrikland\/"},{"@type":"ListItem","position":2,"name":"Mentor"}]},{"@type":"WebSite","@id":"https:\/\/nyforetagarcentrum.se\/gastrikland\/#website","url":"https:\/\/nyforetagarcentrum.se\/gastrikland\/","name":"G\u00e4strikland","description":"Sveriges ledande kraft f\u00f6r fler nya livskraftiga f\u00f6retag","publisher":{"@id":"https:\/\/nyforetagarcentrum.se\/gastrikland\/#organization"},"potentialAction":[{"@type":"SearchAction","target":{"@type":"EntryPoint","urlTemplate":"https:\/\/nyforetagarcentrum.se\/gastrikland\/?s={search_term_string}"},"query-input":"required name=search_term_string"}],"inLanguage":"sv-SE"},{"@type":"Organization","@id":"https:\/\/nyforetagarcentrum.se\/gastrikland\/#organization","name":"G\u00e4strikland","url":"https:\/\/nyforetagarcentrum.se\/gastrikland\/","logo":{"@type":"ImageObject","inLanguage":"sv-SE","@id":"https:\/\/nyforetagarcentrum.se\/gastrikland\/#\/schema\/logo\/image\/","url":"https:\/\/nyforetagarcentrum.se\/gastrikland\/wp-content\/uploads\/sites\/39\/2024\/04\/Gastrikland-1.png","contentUrl":"https:\/\/nyforetagarcentrum.se\/gastrikland\/wp-content\/uploads\/sites\/39\/2024\/04\/Gastrikland-1.png","width":1082,"height":542,"caption":"G\u00e4strikland"},"image":{"@id":"https:\/\/nyforetagarcentrum.se\/gastrikland\/#\/schema\/logo\/image\/"}}]}},"_links":{"self":[{"href":"https:\/\/nyforetagarcentrum.se\/gastrikland\/wp-json\/wp\/v2\/pages\/128"}],"collection":[{"href":"https:\/\/nyforetagarcentrum.se\/gastrikland\/wp-json\/wp\/v2\/pages"}],"about":[{"href":"https:\/\/nyforetagarcentrum.se\/gastrikland\/wp-json\/wp\/v2\/types\/page"}],"author":[{"embeddable":true,"href":"https:\/\/nyforetagarcentrum.se\/gastrikland\/wp-json\/wp\/v2\/users\/1"}],"replies":[{"embeddable":true,"href":"https:\/\/nyforetagarcentrum.se\/gastrikland\/wp-json\/wp\/v2\/comments?post=128"}],"version-history":[{"count":79,"href":"https:\/\/nyforetagarcentrum.se\/gastrikland\/wp-json\/wp\/v2\/pages\/128\/revisions"}],"predecessor-version":[{"id":879,"href":"https:\/\/nyforetagarcentrum.se\/gastrikland\/wp-json\/wp\/v2\/pages\/128\/revisions\/879"}],"wp:attachment":[{"href":"https:\/\/nyforetagarcentrum.se\/gastrikland\/wp-json\/wp\/v2\/media?parent=128"}],"curies":[{"name":"wp","href":"https:\/\/api.w.org\/{rel}","templated":true}]}}