{"id":48,"date":"2024-02-22T10:29:05","date_gmt":"2024-02-22T09:29:05","guid":{"rendered":"https:\/\/nyforetagarcentrum.se\/falun\/?page_id=48"},"modified":"2025-05-22T10:38:28","modified_gmt":"2025-05-22T08:38:28","slug":"erbjudanden","status":"publish","type":"page","link":"https:\/\/nyforetagarcentrum.se\/falun\/erbjudanden\/","title":{"rendered":"Erbjudanden"},"content":{"rendered":"<section  class=\"nfc-block-hero alignfull\">\n\n    <img loading=\"lazy\" decoding=\"async\" width=\"1512\" height=\"745\" src=\"https:\/\/nyforetagarcentrum.se\/falun\/wp-content\/uploads\/sites\/18\/2024\/02\/Topp-banner-2.png\" class=\"attachment-landscape size-landscape\" alt=\"\" srcset=\"https:\/\/nyforetagarcentrum.se\/falun\/wp-content\/uploads\/sites\/18\/2024\/02\/Topp-banner-2.png 1512w, https:\/\/nyforetagarcentrum.se\/falun\/wp-content\/uploads\/sites\/18\/2024\/02\/Topp-banner-2-300x148.png 300w, https:\/\/nyforetagarcentrum.se\/falun\/wp-content\/uploads\/sites\/18\/2024\/02\/Topp-banner-2-1024x505.png 1024w, https:\/\/nyforetagarcentrum.se\/falun\/wp-content\/uploads\/sites\/18\/2024\/02\/Topp-banner-2-768x378.png 768w\" sizes=\"(max-width: 1512px) 100vw, 1512px\" \/>\n    <div class=\"contained\">\n        <h1 class=\"nfc-block-hero__heading\">V\u00e5ra erbjudanden till dig som \u00e4r f\u00f6retagare<\/h1>\n\n            <\/div>\n<\/section>\n\n\n<div style=\"height:50px\" aria-hidden=\"true\" class=\"wp-block-spacer\"><\/div>\n\n\n<section  class=\"nfc-block-breadcrumbs alignwide\">\n    <div class=\"wrapper contained\">\n        <ol class=\"breadcrumbs\" itemscope itemtype=\"https:\/\/schema.org\/BreadcrumbList\">\n            <li itemprop=\"itemListElement\" itemscope itemtype=\"https:\/\/schema.org\/ListItem\">\n            \n\n                            <span class=\"current\" itemprop=\"name\">Hem<\/span>\n            \n            <meta itemprop=\"position\" content=\"1\" \/>\n        <\/li>\n    <\/ol>    <\/div>\n<\/section>\n\n\n<h2 class=\"wp-block-heading alignwide has-x-large-font-size\">Ta del av exklusiva erbjudanden<\/h2>\n\n\n<section  class=\"nfc-block-offer_grid alignwide layout-small\">\n    <div class=\"contained\">\n\n        <div class=\"filter-row\">\n            \n                            <button id=\"local-offers-button\">\n                    Lokala partners\n                <\/button>\n                <button id=\"national-offers-button\" class=\"outlined\">\n                    Nationella partners\n                <\/button>\n                    <\/div>\n\n        <div class=\"grid\" id=\"offers-grid\">\n            <div class=\"offer-card\">\n\n    <div class=\"gallery-wrapper\">\n                    <div class=\"selected-media\">\n                                    <img loading=\"lazy\" decoding=\"async\" width=\"134\" height=\"72\" src=\"https:\/\/nyforetagarcentrum.se\/falun\/wp-content\/uploads\/sites\/18\/2024\/04\/printeliten.png\" class=\"attachment-large size-large\" alt=\"\" \/>                            <\/div>\n        \n            <\/div>\n\n\n    <div class=\"content-wrapper\">\n        \n        <h3>Printeliten<\/h3>\n\n        \n        <div class=\"content\">\n            <p>Printeliten erbjuder allt inom tryck, exponering och profilprodukter. S\u00e5v\u00e4l inomhus som utomhus. Beh\u00f6ver du material f\u00f6r marknadsf\u00f6ring? Hos Printeliten hittar du det mesta. Du kan dessutom f\u00e5 hj\u00e4lp med logga, en folder eller ett reklamblad. Det g\u00e5r \u00e4ven bra att trycka i mindre upplagor, vilket brukar kunna vara bra f\u00f6r en ny f\u00f6retagare.<\/p>\n<p><strong>Erbjudande fr\u00e5n Printeliten<\/strong><\/p>\n<p>Printeliten erbjuder allt inom tryck, exponering och profilprodukter. S\u00e5v\u00e4l inomhus som utomhus. De erbjuder dig som bes\u00f6kt Nyf\u00f6retagarCentrum \u201dprova-p\u00e5 tryck.\u201d<\/p>\n<p><em>Visitkort\u00a0\u00a0\u00a0\u00a0\u00a0\u00a0\u00a0\u00a0 100 st f\u00f6r 150 kr (dubbelsidigt 295 kr)<\/em><\/p>\n<p><em>Produktblad\u00a0 50 st f\u00f6r 270 kr<\/em><\/p>\n<p><em>Flyers\u00a0\u00a0\u00a0\u00a0\u00a0\u00a0\u00a0\u00a0\u00a0\u00a0\u00a0\u00a0\u00a0 500 st A6 f\u00f6r 495 kr (dubbelsidigt 795 kr)<\/em><\/p>\n        <\/div>\n\n                    <a href=\"https:\/\/printeliten.se\/\" class=\"offer-button button outlined\" target=\"_blank\">\n                Erbjudande fr\u00e5n Printeliten                                    <div class=\"icon icon-external\"><\/div>\n                            <\/a>\n            <\/div>\n<\/div><div class=\"offer-card\">\n\n    <div class=\"gallery-wrapper\">\n                    <div class=\"selected-media\">\n                                    <img loading=\"lazy\" decoding=\"async\" width=\"728\" height=\"404\" src=\"https:\/\/nyforetagarcentrum.se\/falun\/wp-content\/uploads\/sites\/18\/2024\/04\/Skarmavbild-2024-06-24-kl.-11.49.58.png\" class=\"attachment-large size-large\" alt=\"\" srcset=\"https:\/\/nyforetagarcentrum.se\/falun\/wp-content\/uploads\/sites\/18\/2024\/04\/Skarmavbild-2024-06-24-kl.-11.49.58.png 728w, https:\/\/nyforetagarcentrum.se\/falun\/wp-content\/uploads\/sites\/18\/2024\/04\/Skarmavbild-2024-06-24-kl.-11.49.58-300x166.png 300w\" sizes=\"(max-width: 728px) 100vw, 728px\" \/>                            <\/div>\n        \n            <\/div>\n\n\n    <div class=\"content-wrapper\">\n        \n        <h3>Lokalt i<\/h3>\n\n        \n        <div class=\"content\">\n            <p>Annonsbladet \u00e4r Dalarnas st\u00f6rsta gratistidning. Genom att annonsera i tidningen kan du n\u00e5 hela 104 000 hush\u00e5ll och med 85 000 l\u00e4sare.\u00a0Du kan v\u00e4lja att annonser i en eller flera upplagor beroende p\u00e5 vilket omr\u00e5de du vill n\u00e5. Tidningen delas ut varje s\u00f6ndag, \u00e4r mycket popul\u00e4r att l\u00e4sa och blir hos m\u00e5nga liggandes som hela veckans tidning.<\/p>\n        <\/div>\n\n                    <a href=\"https:\/\/lokalti.se\/nfc\/\" class=\"offer-button button outlined\" target=\"_blank\">\n                Erbjudande fr\u00e5n Lokalt i                                    <div class=\"icon icon-external\"><\/div>\n                            <\/a>\n            <\/div>\n<\/div><div class=\"offer-card\">\n\n    <div class=\"gallery-wrapper\">\n                    <div class=\"selected-media\">\n                                    <img loading=\"lazy\" decoding=\"async\" width=\"480\" height=\"480\" src=\"https:\/\/nyforetagarcentrum.se\/falun\/wp-content\/uploads\/sites\/18\/2024\/04\/appelli_480.png\" class=\"attachment-large size-large\" alt=\"\" srcset=\"https:\/\/nyforetagarcentrum.se\/falun\/wp-content\/uploads\/sites\/18\/2024\/04\/appelli_480.png 480w, https:\/\/nyforetagarcentrum.se\/falun\/wp-content\/uploads\/sites\/18\/2024\/04\/appelli_480-300x300.png 300w, https:\/\/nyforetagarcentrum.se\/falun\/wp-content\/uploads\/sites\/18\/2024\/04\/appelli_480-150x150.png 150w\" sizes=\"(max-width: 480px) 100vw, 480px\" \/>                            <\/div>\n        \n            <\/div>\n\n\n    <div class=\"content-wrapper\">\n        \n        <h3>Appelli Advokatbyr\u00e5<\/h3>\n\n        \n        <div class=\"content\">\n            <p>Appelli \u00e4r en av Dalarnas st\u00f6rsta advokatbyr\u00e5er. H\u00e4r arbetar advokater tillsammans med bitr\u00e4dande jurister. Alla med egna kompetensomr\u00e5den och ett stort engagemang. H\u00e4r f\u00e5r du som kund tillg\u00e5ng till 150 \u00e5rs samlad erfarenhet av juridik, r\u00e5dgivning, processer och tvistel\u00f6sning. Det vi s\u00e4ger att vi kan, det kan vi p\u00e5 djupet.<\/p>\n<p><strong>Erbjudande fr\u00e5n Appelli Adokater<\/strong><br \/>\nP\u00e5 Appelli Advokatbyr\u00e5 har du som bes\u00f6kare till Nyf\u00f6retagarCentrum m\u00f6jlighet att f\u00e5 en timmes kostnadsfri r\u00e5dgivning.<\/p>\n        <\/div>\n\n                    <a href=\"https:\/\/www.appelli.se\/\" class=\"offer-button button outlined\" target=\"_blank\">\n                Erbjudande fr\u00e5n Appelli Adokater                                    <div class=\"icon icon-external\"><\/div>\n                            <\/a>\n            <\/div>\n<\/div><div class=\"offer-card\">\n\n    <div class=\"gallery-wrapper\">\n                    <div class=\"selected-media\">\n                                    <img loading=\"lazy\" decoding=\"async\" width=\"1024\" height=\"853\" src=\"https:\/\/nyforetagarcentrum.se\/falun\/wp-content\/uploads\/sites\/18\/2024\/04\/LF-Dalarnas--1024x853.jpg\" class=\"attachment-large size-large\" alt=\"\" srcset=\"https:\/\/nyforetagarcentrum.se\/falun\/wp-content\/uploads\/sites\/18\/2024\/04\/LF-Dalarnas--1024x853.jpg 1024w, https:\/\/nyforetagarcentrum.se\/falun\/wp-content\/uploads\/sites\/18\/2024\/04\/LF-Dalarnas--300x250.jpg 300w, https:\/\/nyforetagarcentrum.se\/falun\/wp-content\/uploads\/sites\/18\/2024\/04\/LF-Dalarnas--768x640.jpg 768w, https:\/\/nyforetagarcentrum.se\/falun\/wp-content\/uploads\/sites\/18\/2024\/04\/LF-Dalarnas-.jpg 1134w\" sizes=\"(max-width: 1024px) 100vw, 1024px\" \/>                            <\/div>\n        \n            <\/div>\n\n\n    <div class=\"content-wrapper\">\n        \n        <h3>LF Dalarnas<\/h3>\n\n        \n        <div class=\"content\">\n            <p>LF Dalarnas kan hj\u00e4lpa dig med alla f\u00f6rs\u00e4kringar du beh\u00f6ver f\u00f6r att trygg i ditt f\u00f6retagande. Du m\u00e5ste b\u00e5de f\u00f6rs\u00e4kra ditt f\u00f6retag och sig sj\u00e4lv. Beskriv din aff\u00e4rsid\u00e9 s\u00e5 f\u00e5r du en skr\u00e4ddarsydd l\u00f6sning utifr\u00e5n den typ av f\u00f6retag som du ska bedriva.<\/p>\n        <\/div>\n\n                    <a href=\"https:\/\/www.nyforetagarcentrum.se\/falun\/samarbetspartners\/erbjudanden-till-nyforetagare\/\" class=\"offer-button button outlined\" target=\"_blank\">\n                Erbjudande fr\u00e5n LF Dalarnas                                    <div class=\"icon icon-external\"><\/div>\n                            <\/a>\n            <\/div>\n<\/div><div class=\"offer-card\">\n\n    <div class=\"gallery-wrapper\">\n                    <div class=\"selected-media\">\n                                    <img loading=\"lazy\" decoding=\"async\" width=\"1024\" height=\"963\" src=\"https:\/\/nyforetagarcentrum.se\/falun\/wp-content\/uploads\/sites\/18\/2025\/04\/MT-Ekonomipartner-logotyp-gron-och-svart-1-1024x963.jpg\" class=\"attachment-large size-large\" alt=\"\" srcset=\"https:\/\/nyforetagarcentrum.se\/falun\/wp-content\/uploads\/sites\/18\/2025\/04\/MT-Ekonomipartner-logotyp-gron-och-svart-1-1024x963.jpg 1024w, https:\/\/nyforetagarcentrum.se\/falun\/wp-content\/uploads\/sites\/18\/2025\/04\/MT-Ekonomipartner-logotyp-gron-och-svart-1-300x282.jpg 300w, https:\/\/nyforetagarcentrum.se\/falun\/wp-content\/uploads\/sites\/18\/2025\/04\/MT-Ekonomipartner-logotyp-gron-och-svart-1-768x722.jpg 768w, https:\/\/nyforetagarcentrum.se\/falun\/wp-content\/uploads\/sites\/18\/2025\/04\/MT-Ekonomipartner-logotyp-gron-och-svart-1.jpg 1074w\" sizes=\"(max-width: 1024px) 100vw, 1024px\" \/>                            <\/div>\n        \n            <\/div>\n\n\n    <div class=\"content-wrapper\">\n        \n        <h3>Ekonomihj\u00e4lp och bokf\u00f6ring<\/h3>\n\n        \n        <div class=\"content\">\n            <p class=\"xmsonormal\"><img loading=\"lazy\" decoding=\"async\" class=\"alignnone size-medium wp-image-1316\" src=\"https:\/\/nyforetagarcentrum.se\/falun\/wp-content\/uploads\/sites\/18\/2025\/04\/MT-Ekonomipartner-logotyp-gron-och-svart-1-300x282.jpg\" alt=\"\" width=\"300\" height=\"282\" srcset=\"https:\/\/nyforetagarcentrum.se\/falun\/wp-content\/uploads\/sites\/18\/2025\/04\/MT-Ekonomipartner-logotyp-gron-och-svart-1-300x282.jpg 300w, https:\/\/nyforetagarcentrum.se\/falun\/wp-content\/uploads\/sites\/18\/2025\/04\/MT-Ekonomipartner-logotyp-gron-och-svart-1-1024x963.jpg 1024w, https:\/\/nyforetagarcentrum.se\/falun\/wp-content\/uploads\/sites\/18\/2025\/04\/MT-Ekonomipartner-logotyp-gron-och-svart-1-768x722.jpg 768w, https:\/\/nyforetagarcentrum.se\/falun\/wp-content\/uploads\/sites\/18\/2025\/04\/MT-Ekonomipartner-logotyp-gron-och-svart-1.jpg 1074w\" sizes=\"(max-width: 300px) 100vw, 300px\" \/><\/p>\n<p>&nbsp;<\/p>\n<p class=\"xmsonormal\">MT Ekonomipartner AB erbjuder en rad ekonomiska tj\u00e4nster fr\u00e5n bolagsbildning, l\u00f6pande redovisning, l\u00f6nehantering till bokslut och deklarationer &#8211; allt f\u00f6r att st\u00f6dja din utveckling som f\u00f6retagare mot dina m\u00e5l. Vi vill skapa balans och gl\u00e4dje i ekonomiarbetet med en vision att hj\u00e4lpa f\u00f6retagare att ta kontroll \u00f6ver sin ekonomi, se ekonomiarbetet som ett effektivt verktyg f\u00f6r att n\u00e5 sina m\u00e5l och samtidigt skapa en lugnare och tryggare vardag.<\/p>\n<p class=\"xmsonormal\">Du som bes\u00f6kare till Nyf\u00f6retagarcentrum har alltid en kostnadsfri r\u00e5dgivningstimme samt 10 % p\u00e5 v\u00e5ra tj\u00e4nster dina f\u00f6rsta 3 m\u00e5nader.<\/p>\n        <\/div>\n\n                    <a href=\"https:\/\/www.mtekonomipartner.se\/\" class=\"offer-button button outlined\" target=\"_blank\">\n                Kontakta och mer info h\u00e4r!                                    <div class=\"icon icon-external\"><\/div>\n                            <\/a>\n            <\/div>\n<\/div><div class=\"offer-card\">\n\n    <div class=\"gallery-wrapper\">\n                    <div class=\"selected-media\">\n                                    <img loading=\"lazy\" decoding=\"async\" width=\"134\" height=\"72\" src=\"https:\/\/nyforetagarcentrum.se\/falun\/wp-content\/uploads\/sites\/18\/2024\/04\/13_partner-1.png\" class=\"attachment-large size-large\" alt=\"\" \/>                            <\/div>\n        \n            <\/div>\n\n\n    <div class=\"content-wrapper\">\n                    <div class=\"logo-wrapper\">\n                <img loading=\"lazy\" decoding=\"async\" width=\"134\" height=\"72\" src=\"https:\/\/nyforetagarcentrum.se\/falun\/wp-content\/uploads\/sites\/18\/2024\/04\/13_partner-1.png\" class=\"attachment-medium size-medium\" alt=\"\" \/>            <\/div>\n        \n        <h3>SEB<\/h3>\n\n        \n        <div class=\"content\">\n            <div class=\"pw-use-green\">\n<h1 id=\"vart-foretagserbjudande\" class=\"h1 pw-hero__heading\">V\u00e5rt f\u00f6retagserbjudande<\/h1>\n<\/div>\n<div>\n<div class=\"pw-hero__body\">\n<ul class=\"pw-usp pw-preamble\">\n<li>Personlig r\u00e5dgivning digitalt, via telefon eller p\u00e5 kontor.<\/li>\n<li>De viktigaste banktj\u00e4nsterna \u2013 helt kostnadsfritt i 6 m\u00e5nader (v\u00e4rde 780 kr).<\/li>\n<li>Halva priset p\u00e5 f\u00f6retagsf\u00f6rs\u00e4kring i\u00a0<span class=\"pw-nowrap\">1 \u00e5r<\/span>\u00a0<span class=\"pw-nowrap\">(v\u00e4rde fr\u00e5n 2 000 kr)<\/span>\u00a0och kostnadsfri sjukf\u00f6rs\u00e4kring i\u00a0<span class=\"pw-nowrap\">2 \u00e5r<\/span>\u00a0<span class=\"pw-nowrap\">(v\u00e4rde 1 400 kr)<br \/>\n<\/span><\/li>\n<\/ul>\n<\/div>\n<\/div>\n        <\/div>\n\n                    <a href=\"https:\/\/seb.se\/foretag\/erbjudande-och-bli-foretagskund\/vart-erbjudande-till-dig-som-foretagare\" class=\"offer-button button outlined\" target=\"\">\n                Erbjudande fr\u00e5n SEB                            <\/a>\n            <\/div>\n<\/div>        <\/div>\n    <\/div>\n<\/section>\n\n\n<div style=\"height:80px\" aria-hidden=\"true\" class=\"wp-block-spacer\"><\/div>\n","protected":false},"excerpt":{"rendered":"<p>Ta del av exklusiva erbjudanden<\/p>\n","protected":false},"author":1,"featured_media":0,"parent":0,"menu_order":0,"comment_status":"closed","ping_status":"closed","template":"","meta":{"footnotes":""},"acf":[],"yoast_head":"<!-- This site is optimized with the Yoast SEO plugin v22.9 - https:\/\/yoast.com\/wordpress\/plugins\/seo\/ -->\n<title>Erbjudanden - Falun<\/title>\n<meta name=\"robots\" content=\"index, follow, max-snippet:-1, max-image-preview:large, max-video-preview:-1\" \/>\n<link rel=\"canonical\" href=\"https:\/\/nyforetagarcentrum.se\/falun\/erbjudanden\/\" \/>\n<meta property=\"og:locale\" content=\"sv_SE\" \/>\n<meta property=\"og:type\" content=\"article\" \/>\n<meta property=\"og:title\" content=\"Erbjudanden - Falun\" \/>\n<meta property=\"og:description\" content=\"Ta del av exklusiva erbjudanden\" \/>\n<meta property=\"og:url\" content=\"https:\/\/nyforetagarcentrum.se\/falun\/erbjudanden\/\" \/>\n<meta property=\"og:site_name\" content=\"Falun\" \/>\n<meta property=\"article:modified_time\" content=\"2025-05-22T08:38:28+00:00\" \/>\n<meta name=\"twitter:card\" content=\"summary_large_image\" \/>\n<meta name=\"twitter:label1\" content=\"Ber\u00e4knad l\u00e4stid\" \/>\n\t<meta name=\"twitter:data1\" content=\"1 minut\" \/>\n<script type=\"application\/ld+json\" class=\"yoast-schema-graph\">{\"@context\":\"https:\/\/schema.org\",\"@graph\":[{\"@type\":\"WebPage\",\"@id\":\"https:\/\/nyforetagarcentrum.se\/falun\/erbjudanden\/\",\"url\":\"https:\/\/nyforetagarcentrum.se\/falun\/erbjudanden\/\",\"name\":\"Erbjudanden - Falun\",\"isPartOf\":{\"@id\":\"https:\/\/nyforetagarcentrum.se\/falun\/#website\"},\"datePublished\":\"2024-02-22T09:29:05+00:00\",\"dateModified\":\"2025-05-22T08:38:28+00:00\",\"breadcrumb\":{\"@id\":\"https:\/\/nyforetagarcentrum.se\/falun\/erbjudanden\/#breadcrumb\"},\"inLanguage\":\"sv-SE\",\"potentialAction\":[{\"@type\":\"ReadAction\",\"target\":[\"https:\/\/nyforetagarcentrum.se\/falun\/erbjudanden\/\"]}]},{\"@type\":\"BreadcrumbList\",\"@id\":\"https:\/\/nyforetagarcentrum.se\/falun\/erbjudanden\/#breadcrumb\",\"itemListElement\":[{\"@type\":\"ListItem\",\"position\":1,\"name\":\"Hem\",\"item\":\"https:\/\/nyforetagarcentrum.se\/falun\/\"},{\"@type\":\"ListItem\",\"position\":2,\"name\":\"Erbjudanden\"}]},{\"@type\":\"WebSite\",\"@id\":\"https:\/\/nyforetagarcentrum.se\/falun\/#website\",\"url\":\"https:\/\/nyforetagarcentrum.se\/falun\/\",\"name\":\"Falun\",\"description\":\"Sveriges ledande kraft f\u00f6r fler nya livskraftiga f\u00f6retag\",\"publisher\":{\"@id\":\"https:\/\/nyforetagarcentrum.se\/falun\/#organization\"},\"potentialAction\":[{\"@type\":\"SearchAction\",\"target\":{\"@type\":\"EntryPoint\",\"urlTemplate\":\"https:\/\/nyforetagarcentrum.se\/falun\/?s={search_term_string}\"},\"query-input\":\"required name=search_term_string\"}],\"inLanguage\":\"sv-SE\"},{\"@type\":\"Organization\",\"@id\":\"https:\/\/nyforetagarcentrum.se\/falun\/#organization\",\"name\":\"Falun\",\"url\":\"https:\/\/nyforetagarcentrum.se\/falun\/\",\"logo\":{\"@type\":\"ImageObject\",\"inLanguage\":\"sv-SE\",\"@id\":\"https:\/\/nyforetagarcentrum.se\/falun\/#\/schema\/logo\/image\/\",\"url\":\"https:\/\/nyforetagarcentrum.se\/falun\/wp-content\/uploads\/sites\/18\/2024\/04\/Falun.png\",\"contentUrl\":\"https:\/\/nyforetagarcentrum.se\/falun\/wp-content\/uploads\/sites\/18\/2024\/04\/Falun.png\",\"width\":1082,\"height\":542,\"caption\":\"Falun\"},\"image\":{\"@id\":\"https:\/\/nyforetagarcentrum.se\/falun\/#\/schema\/logo\/image\/\"}}]}<\/script>\n<!-- \/ Yoast SEO plugin. -->","yoast_head_json":{"title":"Erbjudanden - Falun","robots":{"index":"index","follow":"follow","max-snippet":"max-snippet:-1","max-image-preview":"max-image-preview:large","max-video-preview":"max-video-preview:-1"},"canonical":"https:\/\/nyforetagarcentrum.se\/falun\/erbjudanden\/","og_locale":"sv_SE","og_type":"article","og_title":"Erbjudanden - Falun","og_description":"Ta del av exklusiva erbjudanden","og_url":"https:\/\/nyforetagarcentrum.se\/falun\/erbjudanden\/","og_site_name":"Falun","article_modified_time":"2025-05-22T08:38:28+00:00","twitter_card":"summary_large_image","twitter_misc":{"Ber\u00e4knad l\u00e4stid":"1 minut"},"schema":{"@context":"https:\/\/schema.org","@graph":[{"@type":"WebPage","@id":"https:\/\/nyforetagarcentrum.se\/falun\/erbjudanden\/","url":"https:\/\/nyforetagarcentrum.se\/falun\/erbjudanden\/","name":"Erbjudanden - Falun","isPartOf":{"@id":"https:\/\/nyforetagarcentrum.se\/falun\/#website"},"datePublished":"2024-02-22T09:29:05+00:00","dateModified":"2025-05-22T08:38:28+00:00","breadcrumb":{"@id":"https:\/\/nyforetagarcentrum.se\/falun\/erbjudanden\/#breadcrumb"},"inLanguage":"sv-SE","potentialAction":[{"@type":"ReadAction","target":["https:\/\/nyforetagarcentrum.se\/falun\/erbjudanden\/"]}]},{"@type":"BreadcrumbList","@id":"https:\/\/nyforetagarcentrum.se\/falun\/erbjudanden\/#breadcrumb","itemListElement":[{"@type":"ListItem","position":1,"name":"Hem","item":"https:\/\/nyforetagarcentrum.se\/falun\/"},{"@type":"ListItem","position":2,"name":"Erbjudanden"}]},{"@type":"WebSite","@id":"https:\/\/nyforetagarcentrum.se\/falun\/#website","url":"https:\/\/nyforetagarcentrum.se\/falun\/","name":"Falun","description":"Sveriges ledande kraft f\u00f6r fler nya livskraftiga f\u00f6retag","publisher":{"@id":"https:\/\/nyforetagarcentrum.se\/falun\/#organization"},"potentialAction":[{"@type":"SearchAction","target":{"@type":"EntryPoint","urlTemplate":"https:\/\/nyforetagarcentrum.se\/falun\/?s={search_term_string}"},"query-input":"required name=search_term_string"}],"inLanguage":"sv-SE"},{"@type":"Organization","@id":"https:\/\/nyforetagarcentrum.se\/falun\/#organization","name":"Falun","url":"https:\/\/nyforetagarcentrum.se\/falun\/","logo":{"@type":"ImageObject","inLanguage":"sv-SE","@id":"https:\/\/nyforetagarcentrum.se\/falun\/#\/schema\/logo\/image\/","url":"https:\/\/nyforetagarcentrum.se\/falun\/wp-content\/uploads\/sites\/18\/2024\/04\/Falun.png","contentUrl":"https:\/\/nyforetagarcentrum.se\/falun\/wp-content\/uploads\/sites\/18\/2024\/04\/Falun.png","width":1082,"height":542,"caption":"Falun"},"image":{"@id":"https:\/\/nyforetagarcentrum.se\/falun\/#\/schema\/logo\/image\/"}}]}},"_links":{"self":[{"href":"https:\/\/nyforetagarcentrum.se\/falun\/wp-json\/wp\/v2\/pages\/48"}],"collection":[{"href":"https:\/\/nyforetagarcentrum.se\/falun\/wp-json\/wp\/v2\/pages"}],"about":[{"href":"https:\/\/nyforetagarcentrum.se\/falun\/wp-json\/wp\/v2\/types\/page"}],"author":[{"embeddable":true,"href":"https:\/\/nyforetagarcentrum.se\/falun\/wp-json\/wp\/v2\/users\/1"}],"replies":[{"embeddable":true,"href":"https:\/\/nyforetagarcentrum.se\/falun\/wp-json\/wp\/v2\/comments?post=48"}],"version-history":[{"count":11,"href":"https:\/\/nyforetagarcentrum.se\/falun\/wp-json\/wp\/v2\/pages\/48\/revisions"}],"predecessor-version":[{"id":1359,"href":"https:\/\/nyforetagarcentrum.se\/falun\/wp-json\/wp\/v2\/pages\/48\/revisions\/1359"}],"wp:attachment":[{"href":"https:\/\/nyforetagarcentrum.se\/falun\/wp-json\/wp\/v2\/media?parent=48"}],"curies":[{"name":"wp","href":"https:\/\/api.w.org\/{rel}","templated":true}]}}