{"id":239,"date":"2024-02-29T13:59:39","date_gmt":"2024-02-29T12:59:39","guid":{"rendered":"https:\/\/nyforetagarcentrum.se\/falkoping\/?page_id=239"},"modified":"2024-05-21T10:54:43","modified_gmt":"2024-05-21T08:54:43","slug":"vara-radgivare","status":"publish","type":"page","link":"https:\/\/nyforetagarcentrum.se\/falkoping\/vara-radgivare\/","title":{"rendered":"V\u00e5ra r\u00e5dgivare"},"content":{"rendered":"<section  class=\"nfc-block-hero alignfull\">\n\n    <img loading=\"lazy\" decoding=\"async\" width=\"1512\" height=\"769\" src=\"https:\/\/nyforetagarcentrum.se\/falkoping\/wp-content\/uploads\/sites\/56\/2024\/05\/framsida-3.jpg\" class=\"attachment-landscape size-landscape\" alt=\"\" srcset=\"https:\/\/nyforetagarcentrum.se\/falkoping\/wp-content\/uploads\/sites\/56\/2024\/05\/framsida-3.jpg 1512w, https:\/\/nyforetagarcentrum.se\/falkoping\/wp-content\/uploads\/sites\/56\/2024\/05\/framsida-3-300x153.jpg 300w, https:\/\/nyforetagarcentrum.se\/falkoping\/wp-content\/uploads\/sites\/56\/2024\/05\/framsida-3-1024x521.jpg 1024w, https:\/\/nyforetagarcentrum.se\/falkoping\/wp-content\/uploads\/sites\/56\/2024\/05\/framsida-3-768x391.jpg 768w\" sizes=\"(max-width: 1512px) 100vw, 1512px\" \/>\n    <div class=\"contained\">\n        <h1 class=\"nfc-block-hero__heading\">V\u00e5ra r\u00e5dgivare<\/h1>\n\n            <\/div>\n<\/section>\n\n\n<div style=\"height:49px\" aria-hidden=\"true\" class=\"wp-block-spacer\"><\/div>\n\n\n<section  class=\"nfc-block-person_grid alignwide layout-large\">\n    <div class=\"contained\">\n        <div class=\"grid\">\n            <div class=\"person-large-card\">\n    \n    <div class=\"featured_image\">\n                    <img loading=\"lazy\" decoding=\"async\" width=\"1024\" height=\"768\" src=\"https:\/\/nyforetagarcentrum.se\/falkoping\/wp-content\/uploads\/sites\/56\/2024\/05\/NFC-5000px-002-1024x768.jpg\" class=\"attachment-large size-large\" alt=\"\" srcset=\"https:\/\/nyforetagarcentrum.se\/falkoping\/wp-content\/uploads\/sites\/56\/2024\/05\/NFC-5000px-002-1024x768.jpg 1024w, https:\/\/nyforetagarcentrum.se\/falkoping\/wp-content\/uploads\/sites\/56\/2024\/05\/NFC-5000px-002-300x225.jpg 300w, https:\/\/nyforetagarcentrum.se\/falkoping\/wp-content\/uploads\/sites\/56\/2024\/05\/NFC-5000px-002-768x576.jpg 768w, https:\/\/nyforetagarcentrum.se\/falkoping\/wp-content\/uploads\/sites\/56\/2024\/05\/NFC-5000px-002-1536x1152.jpg 1536w, https:\/\/nyforetagarcentrum.se\/falkoping\/wp-content\/uploads\/sites\/56\/2024\/05\/NFC-5000px-002-2048x1536.jpg 2048w, https:\/\/nyforetagarcentrum.se\/falkoping\/wp-content\/uploads\/sites\/56\/2024\/05\/NFC-5000px-002-1440x1080.jpg 1440w\" sizes=\"(max-width: 1024px) 100vw, 1024px\" \/>            <\/div>\n\n    <div class=\"content-wrapper\">\n        <h3>Jessica Johansson-Fr\u00f6jd<\/h3>\n\n                    <div class=\"excerpt\">\n                Jessica har drivit egen blomster- och inredningsbutik sedan 2012 i s\u00e5v\u00e4l l\u00e5g- som h\u00f6gkonjunktur. Verksamheten har under hennes \u00e5r utvecklats starkt och idag oms\u00e4tter butiken med tre anst\u00e4llda ca 4 MSEK. Tillsammans med sin make blev hon 2023 \u00e4ven franchisetagare i larm-branschen d\u00e4r deras f\u00f6retag \u00e4r verksamt i stora delar av Skaraborg. <br \/>\r\n<br \/>\r\nEftersom Jessica brinner f\u00f6r att hj\u00e4lpa andra att mogna i sina aff\u00e4rsid\u00e9er och g\u00e4rna delar med sig av egna erfarenheter, har hon i flera \u00e5r varit med i \u00c5llebergsgymnasiets UF-panel. Sedan 2022 kompletterar hon v\u00e4rvet i butiken med att vara r\u00e5dgivare f\u00f6r Nyf\u00f6retagarCentrum, b\u00e5de i Falk\u00f6ping och Skaraborg \u2013 allt i syfte att hj\u00e4lpa nya start ups att bli b\u00e4ttre f\u00f6rberedda.            <\/div>\n        \n        <div class=\"links\">\n\n                            <a href=\"tel:073\u2013089 83 61\u202c\">\n                    073\u2013089 83 61\u202c                <\/a>\n            \n                            <a href=\"mailto:jessica.j.frojd@nyforetagarcentrum.se\">\n                    jessica.j.frojd@nyforetagarcentrum.se                <\/a>\n                    <\/div>\n        \n    <\/div>\n<\/div><div class=\"person-large-card\">\n    \n    <div class=\"featured_image\">\n                    <img loading=\"lazy\" decoding=\"async\" width=\"1024\" height=\"768\" src=\"https:\/\/nyforetagarcentrum.se\/falkoping\/wp-content\/uploads\/sites\/56\/2024\/05\/NFC-2048px-005-1024x768.jpg\" class=\"attachment-large size-large\" alt=\"\" srcset=\"https:\/\/nyforetagarcentrum.se\/falkoping\/wp-content\/uploads\/sites\/56\/2024\/05\/NFC-2048px-005-1024x768.jpg 1024w, https:\/\/nyforetagarcentrum.se\/falkoping\/wp-content\/uploads\/sites\/56\/2024\/05\/NFC-2048px-005-300x225.jpg 300w, https:\/\/nyforetagarcentrum.se\/falkoping\/wp-content\/uploads\/sites\/56\/2024\/05\/NFC-2048px-005-768x576.jpg 768w, https:\/\/nyforetagarcentrum.se\/falkoping\/wp-content\/uploads\/sites\/56\/2024\/05\/NFC-2048px-005-1536x1152.jpg 1536w, https:\/\/nyforetagarcentrum.se\/falkoping\/wp-content\/uploads\/sites\/56\/2024\/05\/NFC-2048px-005-1440x1080.jpg 1440w, https:\/\/nyforetagarcentrum.se\/falkoping\/wp-content\/uploads\/sites\/56\/2024\/05\/NFC-2048px-005.jpg 2048w\" sizes=\"(max-width: 1024px) 100vw, 1024px\" \/>            <\/div>\n\n    <div class=\"content-wrapper\">\n        <h3>Conny Johansson<\/h3>\n\n                    <div class=\"excerpt\">\n                Conny Johansson har varit r\u00e5dgivare och verksamhetsledare f\u00f6r Nyf\u00f6retagarCentrum Falk\u00f6ping sedan 2016 samt r\u00e5dgivare i Nyf\u00f6retagarCentrum Skaraborg lika l\u00e4nge. Han har som egenf\u00f6retagare arbetat som konsult, till st\u00f6rsta delen inom kommunikation och projektledning.<br \/>\r\n<br \/>\r\nErfarenheterna omfattar s\u00e5v\u00e4l enskild firma, aktiebolag som ekonomisk f\u00f6rening. Sedan slutet av 80-talet har han drivit flera olika reklambyr\u00e5er, s\u00e5v\u00e4l som enskild firma som i aktiebolag \u2013 p\u00e5 egen hand och tillsammans med kollegor som del\u00e4gare. I drygt ett decennium var han anst\u00e4lld reklamansvarig och chef marknadskommunikation f\u00f6r den internationellt verksamma m\u00f6beltillverkaren Kinnarps. Han \u00e4r del\u00e4gare, styrelseledamot och sekreterare i ett par olika vindkraftsaktiebolag med ett tjugotal andra del\u00e4gare samt vice ordf\u00f6rande och projektledare i en st\u00f6rre ekonomisk f\u00f6rening (fiberf\u00f6rening) med drygt 850 medlemmar.            <\/div>\n        \n        <div class=\"links\">\n\n                            <a href=\"tel:0767\u201385 86 00\">\n                    0767\u201385 86 00                <\/a>\n            \n                            <a href=\"mailto:conny.johansson@nyforetagarcentrum.se\">\n                    conny.johansson@nyforetagarcentrum.se                <\/a>\n                    <\/div>\n        \n    <\/div>\n<\/div>        <\/div>\n    <\/div>\n<\/section>\n\n\n<div style=\"height:100px\" aria-hidden=\"true\" class=\"wp-block-spacer\"><\/div>\n","protected":false},"excerpt":{"rendered":"","protected":false},"author":16,"featured_media":0,"parent":0,"menu_order":0,"comment_status":"closed","ping_status":"closed","template":"","meta":{"footnotes":""},"acf":[],"yoast_head":"<!-- This site is optimized with the Yoast SEO plugin v22.9 - https:\/\/yoast.com\/wordpress\/plugins\/seo\/ -->\n<title>V\u00e5ra r\u00e5dgivare - Falk\u00f6ping<\/title>\n<meta name=\"robots\" content=\"index, follow, max-snippet:-1, max-image-preview:large, max-video-preview:-1\" \/>\n<link rel=\"canonical\" href=\"https:\/\/nyforetagarcentrum.se\/falkoping\/vara-radgivare\/\" \/>\n<meta property=\"og:locale\" content=\"sv_SE\" \/>\n<meta property=\"og:type\" content=\"article\" \/>\n<meta property=\"og:title\" content=\"V\u00e5ra r\u00e5dgivare - Falk\u00f6ping\" \/>\n<meta property=\"og:url\" content=\"https:\/\/nyforetagarcentrum.se\/falkoping\/vara-radgivare\/\" \/>\n<meta property=\"og:site_name\" content=\"Falk\u00f6ping\" \/>\n<meta property=\"article:modified_time\" content=\"2024-05-21T08:54:43+00:00\" \/>\n<meta name=\"twitter:card\" content=\"summary_large_image\" \/>\n<script type=\"application\/ld+json\" class=\"yoast-schema-graph\">{\"@context\":\"https:\/\/schema.org\",\"@graph\":[{\"@type\":\"WebPage\",\"@id\":\"https:\/\/nyforetagarcentrum.se\/falkoping\/vara-radgivare\/\",\"url\":\"https:\/\/nyforetagarcentrum.se\/falkoping\/vara-radgivare\/\",\"name\":\"V\u00e5ra r\u00e5dgivare - Falk\u00f6ping\",\"isPartOf\":{\"@id\":\"https:\/\/nyforetagarcentrum.se\/falkoping\/#website\"},\"datePublished\":\"2024-02-29T12:59:39+00:00\",\"dateModified\":\"2024-05-21T08:54:43+00:00\",\"breadcrumb\":{\"@id\":\"https:\/\/nyforetagarcentrum.se\/falkoping\/vara-radgivare\/#breadcrumb\"},\"inLanguage\":\"sv-SE\",\"potentialAction\":[{\"@type\":\"ReadAction\",\"target\":[\"https:\/\/nyforetagarcentrum.se\/falkoping\/vara-radgivare\/\"]}]},{\"@type\":\"BreadcrumbList\",\"@id\":\"https:\/\/nyforetagarcentrum.se\/falkoping\/vara-radgivare\/#breadcrumb\",\"itemListElement\":[{\"@type\":\"ListItem\",\"position\":1,\"name\":\"Hem\",\"item\":\"https:\/\/nyforetagarcentrum.se\/falkoping\/\"},{\"@type\":\"ListItem\",\"position\":2,\"name\":\"V\u00e5ra r\u00e5dgivare\"}]},{\"@type\":\"WebSite\",\"@id\":\"https:\/\/nyforetagarcentrum.se\/falkoping\/#website\",\"url\":\"https:\/\/nyforetagarcentrum.se\/falkoping\/\",\"name\":\"Falk\u00f6ping\",\"description\":\"Sveriges ledande kraft f\u00f6r fler nya livskraftiga f\u00f6retag\",\"publisher\":{\"@id\":\"https:\/\/nyforetagarcentrum.se\/falkoping\/#organization\"},\"potentialAction\":[{\"@type\":\"SearchAction\",\"target\":{\"@type\":\"EntryPoint\",\"urlTemplate\":\"https:\/\/nyforetagarcentrum.se\/falkoping\/?s={search_term_string}\"},\"query-input\":\"required name=search_term_string\"}],\"inLanguage\":\"sv-SE\"},{\"@type\":\"Organization\",\"@id\":\"https:\/\/nyforetagarcentrum.se\/falkoping\/#organization\",\"name\":\"Falk\u00f6ping\",\"url\":\"https:\/\/nyforetagarcentrum.se\/falkoping\/\",\"logo\":{\"@type\":\"ImageObject\",\"inLanguage\":\"sv-SE\",\"@id\":\"https:\/\/nyforetagarcentrum.se\/falkoping\/#\/schema\/logo\/image\/\",\"url\":\"https:\/\/nyforetagarcentrum.se\/falkoping\/wp-content\/uploads\/sites\/56\/2024\/05\/cropped-Falkoping.png\",\"contentUrl\":\"https:\/\/nyforetagarcentrum.se\/falkoping\/wp-content\/uploads\/sites\/56\/2024\/05\/cropped-Falkoping.png\",\"width\":1033,\"height\":479,\"caption\":\"Falk\u00f6ping\"},\"image\":{\"@id\":\"https:\/\/nyforetagarcentrum.se\/falkoping\/#\/schema\/logo\/image\/\"}}]}<\/script>\n<!-- \/ Yoast SEO plugin. -->","yoast_head_json":{"title":"V\u00e5ra r\u00e5dgivare - Falk\u00f6ping","robots":{"index":"index","follow":"follow","max-snippet":"max-snippet:-1","max-image-preview":"max-image-preview:large","max-video-preview":"max-video-preview:-1"},"canonical":"https:\/\/nyforetagarcentrum.se\/falkoping\/vara-radgivare\/","og_locale":"sv_SE","og_type":"article","og_title":"V\u00e5ra r\u00e5dgivare - Falk\u00f6ping","og_url":"https:\/\/nyforetagarcentrum.se\/falkoping\/vara-radgivare\/","og_site_name":"Falk\u00f6ping","article_modified_time":"2024-05-21T08:54:43+00:00","twitter_card":"summary_large_image","schema":{"@context":"https:\/\/schema.org","@graph":[{"@type":"WebPage","@id":"https:\/\/nyforetagarcentrum.se\/falkoping\/vara-radgivare\/","url":"https:\/\/nyforetagarcentrum.se\/falkoping\/vara-radgivare\/","name":"V\u00e5ra r\u00e5dgivare - Falk\u00f6ping","isPartOf":{"@id":"https:\/\/nyforetagarcentrum.se\/falkoping\/#website"},"datePublished":"2024-02-29T12:59:39+00:00","dateModified":"2024-05-21T08:54:43+00:00","breadcrumb":{"@id":"https:\/\/nyforetagarcentrum.se\/falkoping\/vara-radgivare\/#breadcrumb"},"inLanguage":"sv-SE","potentialAction":[{"@type":"ReadAction","target":["https:\/\/nyforetagarcentrum.se\/falkoping\/vara-radgivare\/"]}]},{"@type":"BreadcrumbList","@id":"https:\/\/nyforetagarcentrum.se\/falkoping\/vara-radgivare\/#breadcrumb","itemListElement":[{"@type":"ListItem","position":1,"name":"Hem","item":"https:\/\/nyforetagarcentrum.se\/falkoping\/"},{"@type":"ListItem","position":2,"name":"V\u00e5ra r\u00e5dgivare"}]},{"@type":"WebSite","@id":"https:\/\/nyforetagarcentrum.se\/falkoping\/#website","url":"https:\/\/nyforetagarcentrum.se\/falkoping\/","name":"Falk\u00f6ping","description":"Sveriges ledande kraft f\u00f6r fler nya livskraftiga f\u00f6retag","publisher":{"@id":"https:\/\/nyforetagarcentrum.se\/falkoping\/#organization"},"potentialAction":[{"@type":"SearchAction","target":{"@type":"EntryPoint","urlTemplate":"https:\/\/nyforetagarcentrum.se\/falkoping\/?s={search_term_string}"},"query-input":"required name=search_term_string"}],"inLanguage":"sv-SE"},{"@type":"Organization","@id":"https:\/\/nyforetagarcentrum.se\/falkoping\/#organization","name":"Falk\u00f6ping","url":"https:\/\/nyforetagarcentrum.se\/falkoping\/","logo":{"@type":"ImageObject","inLanguage":"sv-SE","@id":"https:\/\/nyforetagarcentrum.se\/falkoping\/#\/schema\/logo\/image\/","url":"https:\/\/nyforetagarcentrum.se\/falkoping\/wp-content\/uploads\/sites\/56\/2024\/05\/cropped-Falkoping.png","contentUrl":"https:\/\/nyforetagarcentrum.se\/falkoping\/wp-content\/uploads\/sites\/56\/2024\/05\/cropped-Falkoping.png","width":1033,"height":479,"caption":"Falk\u00f6ping"},"image":{"@id":"https:\/\/nyforetagarcentrum.se\/falkoping\/#\/schema\/logo\/image\/"}}]}},"_links":{"self":[{"href":"https:\/\/nyforetagarcentrum.se\/falkoping\/wp-json\/wp\/v2\/pages\/239"}],"collection":[{"href":"https:\/\/nyforetagarcentrum.se\/falkoping\/wp-json\/wp\/v2\/pages"}],"about":[{"href":"https:\/\/nyforetagarcentrum.se\/falkoping\/wp-json\/wp\/v2\/types\/page"}],"author":[{"embeddable":true,"href":"https:\/\/nyforetagarcentrum.se\/falkoping\/wp-json\/wp\/v2\/users\/16"}],"replies":[{"embeddable":true,"href":"https:\/\/nyforetagarcentrum.se\/falkoping\/wp-json\/wp\/v2\/comments?post=239"}],"version-history":[{"count":19,"href":"https:\/\/nyforetagarcentrum.se\/falkoping\/wp-json\/wp\/v2\/pages\/239\/revisions"}],"predecessor-version":[{"id":650,"href":"https:\/\/nyforetagarcentrum.se\/falkoping\/wp-json\/wp\/v2\/pages\/239\/revisions\/650"}],"wp:attachment":[{"href":"https:\/\/nyforetagarcentrum.se\/falkoping\/wp-json\/wp\/v2\/media?parent=239"}],"curies":[{"name":"wp","href":"https:\/\/api.w.org\/{rel}","templated":true}]}}