{"id":164,"date":"2024-02-27T16:05:17","date_gmt":"2024-02-27T15:05:17","guid":{"rendered":"https:\/\/nyforetagarcentrum.se\/falkoping\/?page_id=164"},"modified":"2024-05-21T12:00:28","modified_gmt":"2024-05-21T10:00:28","slug":"var-styrelse","status":"publish","type":"page","link":"https:\/\/nyforetagarcentrum.se\/falkoping\/var-styrelse\/","title":{"rendered":"V\u00e5r styrelse"},"content":{"rendered":"<section  class=\"nfc-block-hero alignfull\">\n\n    <img loading=\"lazy\" decoding=\"async\" width=\"1512\" height=\"769\" src=\"https:\/\/nyforetagarcentrum.se\/falkoping\/wp-content\/uploads\/sites\/56\/2024\/05\/Vy_utanFoton.jpg\" class=\"attachment-landscape size-landscape\" alt=\"\" srcset=\"https:\/\/nyforetagarcentrum.se\/falkoping\/wp-content\/uploads\/sites\/56\/2024\/05\/Vy_utanFoton.jpg 1512w, https:\/\/nyforetagarcentrum.se\/falkoping\/wp-content\/uploads\/sites\/56\/2024\/05\/Vy_utanFoton-300x153.jpg 300w, https:\/\/nyforetagarcentrum.se\/falkoping\/wp-content\/uploads\/sites\/56\/2024\/05\/Vy_utanFoton-1024x521.jpg 1024w, https:\/\/nyforetagarcentrum.se\/falkoping\/wp-content\/uploads\/sites\/56\/2024\/05\/Vy_utanFoton-768x391.jpg 768w\" sizes=\"(max-width: 1512px) 100vw, 1512px\" \/>\n    <div class=\"contained\">\n        <h1 class=\"nfc-block-hero__heading\">V\u00e5r styrelse<\/h1>\n\n            <\/div>\n<\/section>\n\n\n<div style=\"height:50px\" aria-hidden=\"true\" class=\"wp-block-spacer\"><\/div>\n\n\n<section  class=\"nfc-block-person_grid alignwide layout-large\">\n    <div class=\"contained\">\n        <div class=\"grid\">\n            <div class=\"person-large-card\">\n    \n    <div class=\"featured_image\">\n                    <img loading=\"lazy\" decoding=\"async\" width=\"227\" height=\"283\" src=\"https:\/\/nyforetagarcentrum.se\/falkoping\/wp-content\/uploads\/sites\/56\/2024\/05\/Styrelsebilder_227x2833.jpg\" class=\"attachment-large size-large\" alt=\"\" \/>            <\/div>\n\n    <div class=\"content-wrapper\">\n        <h3>Carl-Olov Holmstr\u00f6m<\/h3>\n\n                    <div class=\"excerpt\">\n                Carl-Olov \u00e4r n\u00e4ringslivschef p\u00e5 Falk\u00f6pings kommun och ordf\u00f6rande i Nyf\u00f6retagarCentrum Falk\u00f6ping sedan 2023. Han har en bakgrund bland annat som bankman, kommunal n\u00e4ringslivsutvecklare, Nyf\u00f6retagarCentrums initiativtagare i Herrljunga samt jord- och skogsbrukare.             <\/div>\n        \n        <div class=\"links\">\n\n                            <a href=\"tel:0515\u201388 55 76\u202c\">\n                    0515\u201388 55 76\u202c                <\/a>\n            \n                            <a href=\"mailto:carl-olov.holmstrom@falkoping.se\">\n                    carl-olov.holmstrom@falkoping.se                <\/a>\n                    <\/div>\n        \n    <\/div>\n<\/div><div class=\"person-large-card\">\n    \n    <div class=\"featured_image\">\n                    <img loading=\"lazy\" decoding=\"async\" width=\"227\" height=\"283\" src=\"https:\/\/nyforetagarcentrum.se\/falkoping\/wp-content\/uploads\/sites\/56\/2024\/05\/Styrelsebilder_227x2832.jpg\" class=\"attachment-large size-large\" alt=\"\" \/>            <\/div>\n\n    <div class=\"content-wrapper\">\n        <h3>Besnik Fazilu<\/h3>\n\n                    <div class=\"excerpt\">\n                Besnik Fazliu \/ Utskriften<br \/>\r\nStyrelseledamot            <\/div>\n        \n        <div class=\"links\">\n\n            \n                    <\/div>\n        \n    <\/div>\n<\/div><div class=\"person-large-card\">\n    \n    <div class=\"featured_image\">\n                    <img loading=\"lazy\" decoding=\"async\" width=\"227\" height=\"283\" src=\"https:\/\/nyforetagarcentrum.se\/falkoping\/wp-content\/uploads\/sites\/56\/2024\/05\/Styrelsebilder_227x28310.jpg\" class=\"attachment-large size-large\" alt=\"\" \/>            <\/div>\n\n    <div class=\"content-wrapper\">\n        <h3>Sandra Johansson<\/h3>\n\n                    <div class=\"excerpt\">\n                Sandra Johansson \/ L\u00e4nsf\u00f6rs\u00e4kringar<br \/>\r\nStyrelseledamot            <\/div>\n        \n        <div class=\"links\">\n\n            \n                    <\/div>\n        \n    <\/div>\n<\/div><div class=\"person-large-card\">\n    \n    <div class=\"featured_image\">\n                    <img loading=\"lazy\" decoding=\"async\" width=\"824\" height=\"872\" src=\"https:\/\/nyforetagarcentrum.se\/falkoping\/wp-content\/uploads\/sites\/56\/2024\/05\/MarcusDyberg.png\" class=\"attachment-large size-large\" alt=\"\" srcset=\"https:\/\/nyforetagarcentrum.se\/falkoping\/wp-content\/uploads\/sites\/56\/2024\/05\/MarcusDyberg.png 824w, https:\/\/nyforetagarcentrum.se\/falkoping\/wp-content\/uploads\/sites\/56\/2024\/05\/MarcusDyberg-283x300.png 283w, https:\/\/nyforetagarcentrum.se\/falkoping\/wp-content\/uploads\/sites\/56\/2024\/05\/MarcusDyberg-768x813.png 768w\" sizes=\"(max-width: 824px) 100vw, 824px\" \/>            <\/div>\n\n    <div class=\"content-wrapper\">\n        <h3>Marcus Dyberg<\/h3>\n\n                    <div class=\"excerpt\">\n                Marcus Dyberg \/ Swedbank<br \/>\r\nStyrelseledamot            <\/div>\n        \n        <div class=\"links\">\n\n            \n                    <\/div>\n        \n    <\/div>\n<\/div><div class=\"person-large-card\">\n    \n    <div class=\"featured_image\">\n                    <img loading=\"lazy\" decoding=\"async\" width=\"227\" height=\"283\" src=\"https:\/\/nyforetagarcentrum.se\/falkoping\/wp-content\/uploads\/sites\/56\/2024\/05\/Styrelsebilder_227x2835-1.jpg\" class=\"attachment-large size-large\" alt=\"\" \/>            <\/div>\n\n    <div class=\"content-wrapper\">\n        <h3>Maria Faleg\u00e5rd<\/h3>\n\n                    <div class=\"excerpt\">\n                Maria Faleg\u00e5rd <br \/>\r\nStyrelseledamot<br \/>\r\n<br \/>\r\nMaria \u00e4r m\u00e5ngsysslare inom kommunikation och marknadsf\u00f6ring. Efter att ha drivit reklambyr\u00e5 i \u00f6ver 20 \u00e5r hittar vi henne nu som kommunikat\u00f6r, formgivare och marknadsf\u00f6rare p\u00e5 Falbygdens Osteria i Falk\u00f6ping och som AD\/formgivare p\u00e5 Z-reklam. Hon \u00e4r kr\u00f6nik\u00f6r i Falk\u00f6pings Tidning, styrelseledamot i landsbygdsutvecklande Leader \u00d6stra Skaraborg och har \u00e4ven en bakgrund som m\u00e5ng\u00e5rig ordf\u00f6rande i F\u00f6retagarna Falk\u00f6ping. I den enskilda firman och under det egna varum\u00e4rket, skapas det fin form \u2013 b\u00e5de synlig och k\u00e4nnbar!            <\/div>\n        \n        <div class=\"links\">\n\n            \n                    <\/div>\n        \n    <\/div>\n<\/div><div class=\"person-large-card\">\n    \n    <div class=\"featured_image\">\n                    <img loading=\"lazy\" decoding=\"async\" width=\"227\" height=\"283\" src=\"https:\/\/nyforetagarcentrum.se\/falkoping\/wp-content\/uploads\/sites\/56\/2024\/05\/Styrelsebilder_227x2834-1.jpg\" class=\"attachment-large size-large\" alt=\"\" \/>            <\/div>\n\n    <div class=\"content-wrapper\">\n        <h3>Fritiof Schiller<\/h3>\n\n                    <div class=\"excerpt\">\n                Fritiof Schiller \/ BS Verkst\u00e4der<br \/>\r\nStyrelseledamot            <\/div>\n        \n        <div class=\"links\">\n\n            \n                    <\/div>\n        \n    <\/div>\n<\/div><div class=\"person-large-card\">\n    \n    <div class=\"featured_image\">\n                    <img loading=\"lazy\" decoding=\"async\" width=\"227\" height=\"283\" src=\"https:\/\/nyforetagarcentrum.se\/falkoping\/wp-content\/uploads\/sites\/56\/2024\/05\/Styrelsebilder_227x2839.jpg\" class=\"attachment-large size-large\" alt=\"\" \/>            <\/div>\n\n    <div class=\"content-wrapper\">\n        <h3>Peter L\u00f6fholm<\/h3>\n\n                    <div class=\"excerpt\">\n                Peter L\u00f6fholm \/ AME Falk\u00f6pings kommun<br \/>\r\nStyrelseledamot            <\/div>\n        \n        <div class=\"links\">\n\n            \n                    <\/div>\n        \n    <\/div>\n<\/div><div class=\"person-large-card\">\n    \n    <div class=\"featured_image\">\n                    <img loading=\"lazy\" decoding=\"async\" width=\"227\" height=\"283\" src=\"https:\/\/nyforetagarcentrum.se\/falkoping\/wp-content\/uploads\/sites\/56\/2024\/05\/Styrelsebilder_227x2837.jpg\" class=\"attachment-large size-large\" alt=\"\" \/>            <\/div>\n\n    <div class=\"content-wrapper\">\n        <h3>Marie \u00c5gren<\/h3>\n\n                    <div class=\"excerpt\">\n                Marie \u00c5gren \/ \u00c5llebergsgymnasiet<br \/>\r\nSuppleant            <\/div>\n        \n        <div class=\"links\">\n\n            \n                    <\/div>\n        \n    <\/div>\n<\/div><div class=\"person-large-card\">\n    \n    <div class=\"featured_image\">\n                    <img loading=\"lazy\" decoding=\"async\" width=\"227\" height=\"283\" src=\"https:\/\/nyforetagarcentrum.se\/falkoping\/wp-content\/uploads\/sites\/56\/2024\/05\/Styrelsebilder_227x2836.jpg\" class=\"attachment-large size-large\" alt=\"\" \/>            <\/div>\n\n    <div class=\"content-wrapper\">\n        <h3>Wanja Wallemyr<\/h3>\n\n                    <div class=\"excerpt\">\n                Wanja Wallemyr \/ LRF <br \/>\r\nSuppleant            <\/div>\n        \n        <div class=\"links\">\n\n            \n                    <\/div>\n        \n    <\/div>\n<\/div><div class=\"person-large-card\">\n    \n    <div class=\"featured_image\">\n                    <img loading=\"lazy\" decoding=\"async\" width=\"227\" height=\"283\" src=\"https:\/\/nyforetagarcentrum.se\/falkoping\/wp-content\/uploads\/sites\/56\/2024\/05\/Styrelsebilder_227x2838.jpg\" class=\"attachment-large size-large\" alt=\"\" \/>            <\/div>\n\n    <div class=\"content-wrapper\">\n        <h3>P\u00e4r Winberg<\/h3>\n\n                    <div class=\"excerpt\">\n                P\u00e4r Winberg \/ Atenzia Records<br \/>\r\nSuppleant            <\/div>\n        \n        <div class=\"links\">\n\n            \n                    <\/div>\n        \n    <\/div>\n<\/div><div class=\"person-large-card\">\n    \n    <div class=\"featured_image\">\n                    <img loading=\"lazy\" decoding=\"async\" width=\"787\" height=\"990\" src=\"https:\/\/nyforetagarcentrum.se\/falkoping\/wp-content\/uploads\/sites\/56\/2024\/02\/PelleKallstrom.jpg\" class=\"attachment-large size-large\" alt=\"\" srcset=\"https:\/\/nyforetagarcentrum.se\/falkoping\/wp-content\/uploads\/sites\/56\/2024\/02\/PelleKallstrom.jpg 787w, https:\/\/nyforetagarcentrum.se\/falkoping\/wp-content\/uploads\/sites\/56\/2024\/02\/PelleKallstrom-238x300.jpg 238w, https:\/\/nyforetagarcentrum.se\/falkoping\/wp-content\/uploads\/sites\/56\/2024\/02\/PelleKallstrom-768x966.jpg 768w\" sizes=\"(max-width: 787px) 100vw, 787px\" \/>            <\/div>\n\n    <div class=\"content-wrapper\">\n        <h3>Per-Erik K\u00e4llstr\u00f6m<\/h3>\n\n                    <div class=\"excerpt\">\n                Per-Erik K\u00e4llstr\u00f6m \/ Falk\u00f6pings kommun<br \/>\r\nValberedning            <\/div>\n        \n        <div class=\"links\">\n\n                            <a href=\"tel:\u202d070\u2013641 75 78\u202c\">\n                    \u202d070\u2013641 75 78\u202c                <\/a>\n            \n                            <a href=\"mailto:per-erik.kallstrom@falkoping.se\">\n                    per-erik.kallstrom@falkoping.se                <\/a>\n                    <\/div>\n        \n    <\/div>\n<\/div><div class=\"person-large-card\">\n    \n    <div class=\"featured_image\">\n                    <img loading=\"lazy\" decoding=\"async\" width=\"550\" height=\"674\" src=\"https:\/\/nyforetagarcentrum.se\/falkoping\/wp-content\/uploads\/sites\/56\/2024\/02\/DanielCarlgren.png\" class=\"attachment-large size-large\" alt=\"\" srcset=\"https:\/\/nyforetagarcentrum.se\/falkoping\/wp-content\/uploads\/sites\/56\/2024\/02\/DanielCarlgren.png 550w, https:\/\/nyforetagarcentrum.se\/falkoping\/wp-content\/uploads\/sites\/56\/2024\/02\/DanielCarlgren-245x300.png 245w\" sizes=\"(max-width: 550px) 100vw, 550px\" \/>            <\/div>\n\n    <div class=\"content-wrapper\">\n        <h3>Daniel Carlgren<\/h3>\n\n                    <div class=\"excerpt\">\n                Daniel Carlgren \/ Lindstr\u00f6ms Bil<br \/>\r\nValberedning            <\/div>\n        \n        <div class=\"links\">\n\n                            <a href=\"tel:\u202d070\u2013658 61 03\u202c\">\n                    \u202d070\u2013658 61 03\u202c                <\/a>\n            \n                            <a href=\"mailto:daniel.carlgren@lindstromsbil.se\">\n                    daniel.carlgren@lindstromsbil.se                <\/a>\n                    <\/div>\n        \n    <\/div>\n<\/div><div class=\"person-large-card\">\n    \n    <div class=\"featured_image\">\n            <\/div>\n\n    <div class=\"content-wrapper\">\n        <h3>Malin Oskarsson<\/h3>\n\n                    <div class=\"excerpt\">\n                Malin Oskarsson \/ Falk\u00f6pings Hyresbost\u00e4der<br \/>\r\nRevisor            <\/div>\n        \n        <div class=\"links\">\n\n            \n                    <\/div>\n        \n    <\/div>\n<\/div><div class=\"person-large-card\">\n    \n    <div class=\"featured_image\">\n                    <img loading=\"lazy\" decoding=\"async\" width=\"819\" height=\"1024\" src=\"https:\/\/nyforetagarcentrum.se\/falkoping\/wp-content\/uploads\/sites\/56\/2024\/02\/NiclasFallstrom-819x1024.jpg\" class=\"attachment-large size-large\" alt=\"\" srcset=\"https:\/\/nyforetagarcentrum.se\/falkoping\/wp-content\/uploads\/sites\/56\/2024\/02\/NiclasFallstrom-819x1024.jpg 819w, https:\/\/nyforetagarcentrum.se\/falkoping\/wp-content\/uploads\/sites\/56\/2024\/02\/NiclasFallstrom-240x300.jpg 240w, https:\/\/nyforetagarcentrum.se\/falkoping\/wp-content\/uploads\/sites\/56\/2024\/02\/NiclasFallstrom-768x960.jpg 768w, https:\/\/nyforetagarcentrum.se\/falkoping\/wp-content\/uploads\/sites\/56\/2024\/02\/NiclasFallstrom-864x1080.jpg 864w, https:\/\/nyforetagarcentrum.se\/falkoping\/wp-content\/uploads\/sites\/56\/2024\/02\/NiclasFallstrom.jpg 1125w\" sizes=\"(max-width: 819px) 100vw, 819px\" \/>            <\/div>\n\n    <div class=\"content-wrapper\">\n        <h3>Niclas F\u00e4llstr\u00f6m<\/h3>\n\n                    <div class=\"excerpt\">\n                Niclas F\u00e4llstr\u00f6m \/ Falk\u00f6pings kommun<br \/>\r\nRevisorssuppleant            <\/div>\n        \n        <div class=\"links\">\n\n            \n                    <\/div>\n        \n    <\/div>\n<\/div>        <\/div>\n    <\/div>\n<\/section>\n\n\n<div style=\"height:100px\" aria-hidden=\"true\" class=\"wp-block-spacer\"><\/div>\n","protected":false},"excerpt":{"rendered":"","protected":false},"author":1,"featured_media":0,"parent":0,"menu_order":0,"comment_status":"closed","ping_status":"closed","template":"","meta":{"footnotes":""},"acf":[],"yoast_head":"<!-- This site is optimized with the Yoast SEO plugin v22.9 - https:\/\/yoast.com\/wordpress\/plugins\/seo\/ -->\n<title>V\u00e5r styrelse - Falk\u00f6ping<\/title>\n<meta name=\"robots\" content=\"index, follow, max-snippet:-1, max-image-preview:large, max-video-preview:-1\" \/>\n<link rel=\"canonical\" href=\"https:\/\/nyforetagarcentrum.se\/falkoping\/var-styrelse\/\" \/>\n<meta property=\"og:locale\" content=\"sv_SE\" \/>\n<meta property=\"og:type\" content=\"article\" \/>\n<meta property=\"og:title\" content=\"V\u00e5r styrelse - Falk\u00f6ping\" \/>\n<meta property=\"og:url\" content=\"https:\/\/nyforetagarcentrum.se\/falkoping\/var-styrelse\/\" \/>\n<meta property=\"og:site_name\" content=\"Falk\u00f6ping\" \/>\n<meta property=\"article:modified_time\" content=\"2024-05-21T10:00:28+00:00\" \/>\n<meta name=\"twitter:card\" content=\"summary_large_image\" \/>\n<script type=\"application\/ld+json\" class=\"yoast-schema-graph\">{\"@context\":\"https:\/\/schema.org\",\"@graph\":[{\"@type\":\"WebPage\",\"@id\":\"https:\/\/nyforetagarcentrum.se\/falkoping\/var-styrelse\/\",\"url\":\"https:\/\/nyforetagarcentrum.se\/falkoping\/var-styrelse\/\",\"name\":\"V\u00e5r styrelse - Falk\u00f6ping\",\"isPartOf\":{\"@id\":\"https:\/\/nyforetagarcentrum.se\/falkoping\/#website\"},\"datePublished\":\"2024-02-27T15:05:17+00:00\",\"dateModified\":\"2024-05-21T10:00:28+00:00\",\"breadcrumb\":{\"@id\":\"https:\/\/nyforetagarcentrum.se\/falkoping\/var-styrelse\/#breadcrumb\"},\"inLanguage\":\"sv-SE\",\"potentialAction\":[{\"@type\":\"ReadAction\",\"target\":[\"https:\/\/nyforetagarcentrum.se\/falkoping\/var-styrelse\/\"]}]},{\"@type\":\"BreadcrumbList\",\"@id\":\"https:\/\/nyforetagarcentrum.se\/falkoping\/var-styrelse\/#breadcrumb\",\"itemListElement\":[{\"@type\":\"ListItem\",\"position\":1,\"name\":\"Hem\",\"item\":\"https:\/\/nyforetagarcentrum.se\/falkoping\/\"},{\"@type\":\"ListItem\",\"position\":2,\"name\":\"V\u00e5r styrelse\"}]},{\"@type\":\"WebSite\",\"@id\":\"https:\/\/nyforetagarcentrum.se\/falkoping\/#website\",\"url\":\"https:\/\/nyforetagarcentrum.se\/falkoping\/\",\"name\":\"Falk\u00f6ping\",\"description\":\"Sveriges ledande kraft f\u00f6r fler nya livskraftiga f\u00f6retag\",\"publisher\":{\"@id\":\"https:\/\/nyforetagarcentrum.se\/falkoping\/#organization\"},\"potentialAction\":[{\"@type\":\"SearchAction\",\"target\":{\"@type\":\"EntryPoint\",\"urlTemplate\":\"https:\/\/nyforetagarcentrum.se\/falkoping\/?s={search_term_string}\"},\"query-input\":\"required name=search_term_string\"}],\"inLanguage\":\"sv-SE\"},{\"@type\":\"Organization\",\"@id\":\"https:\/\/nyforetagarcentrum.se\/falkoping\/#organization\",\"name\":\"Falk\u00f6ping\",\"url\":\"https:\/\/nyforetagarcentrum.se\/falkoping\/\",\"logo\":{\"@type\":\"ImageObject\",\"inLanguage\":\"sv-SE\",\"@id\":\"https:\/\/nyforetagarcentrum.se\/falkoping\/#\/schema\/logo\/image\/\",\"url\":\"https:\/\/nyforetagarcentrum.se\/falkoping\/wp-content\/uploads\/sites\/56\/2024\/05\/cropped-Falkoping.png\",\"contentUrl\":\"https:\/\/nyforetagarcentrum.se\/falkoping\/wp-content\/uploads\/sites\/56\/2024\/05\/cropped-Falkoping.png\",\"width\":1033,\"height\":479,\"caption\":\"Falk\u00f6ping\"},\"image\":{\"@id\":\"https:\/\/nyforetagarcentrum.se\/falkoping\/#\/schema\/logo\/image\/\"}}]}<\/script>\n<!-- \/ Yoast SEO plugin. -->","yoast_head_json":{"title":"V\u00e5r styrelse - Falk\u00f6ping","robots":{"index":"index","follow":"follow","max-snippet":"max-snippet:-1","max-image-preview":"max-image-preview:large","max-video-preview":"max-video-preview:-1"},"canonical":"https:\/\/nyforetagarcentrum.se\/falkoping\/var-styrelse\/","og_locale":"sv_SE","og_type":"article","og_title":"V\u00e5r styrelse - Falk\u00f6ping","og_url":"https:\/\/nyforetagarcentrum.se\/falkoping\/var-styrelse\/","og_site_name":"Falk\u00f6ping","article_modified_time":"2024-05-21T10:00:28+00:00","twitter_card":"summary_large_image","schema":{"@context":"https:\/\/schema.org","@graph":[{"@type":"WebPage","@id":"https:\/\/nyforetagarcentrum.se\/falkoping\/var-styrelse\/","url":"https:\/\/nyforetagarcentrum.se\/falkoping\/var-styrelse\/","name":"V\u00e5r styrelse - Falk\u00f6ping","isPartOf":{"@id":"https:\/\/nyforetagarcentrum.se\/falkoping\/#website"},"datePublished":"2024-02-27T15:05:17+00:00","dateModified":"2024-05-21T10:00:28+00:00","breadcrumb":{"@id":"https:\/\/nyforetagarcentrum.se\/falkoping\/var-styrelse\/#breadcrumb"},"inLanguage":"sv-SE","potentialAction":[{"@type":"ReadAction","target":["https:\/\/nyforetagarcentrum.se\/falkoping\/var-styrelse\/"]}]},{"@type":"BreadcrumbList","@id":"https:\/\/nyforetagarcentrum.se\/falkoping\/var-styrelse\/#breadcrumb","itemListElement":[{"@type":"ListItem","position":1,"name":"Hem","item":"https:\/\/nyforetagarcentrum.se\/falkoping\/"},{"@type":"ListItem","position":2,"name":"V\u00e5r styrelse"}]},{"@type":"WebSite","@id":"https:\/\/nyforetagarcentrum.se\/falkoping\/#website","url":"https:\/\/nyforetagarcentrum.se\/falkoping\/","name":"Falk\u00f6ping","description":"Sveriges ledande kraft f\u00f6r fler nya livskraftiga f\u00f6retag","publisher":{"@id":"https:\/\/nyforetagarcentrum.se\/falkoping\/#organization"},"potentialAction":[{"@type":"SearchAction","target":{"@type":"EntryPoint","urlTemplate":"https:\/\/nyforetagarcentrum.se\/falkoping\/?s={search_term_string}"},"query-input":"required name=search_term_string"}],"inLanguage":"sv-SE"},{"@type":"Organization","@id":"https:\/\/nyforetagarcentrum.se\/falkoping\/#organization","name":"Falk\u00f6ping","url":"https:\/\/nyforetagarcentrum.se\/falkoping\/","logo":{"@type":"ImageObject","inLanguage":"sv-SE","@id":"https:\/\/nyforetagarcentrum.se\/falkoping\/#\/schema\/logo\/image\/","url":"https:\/\/nyforetagarcentrum.se\/falkoping\/wp-content\/uploads\/sites\/56\/2024\/05\/cropped-Falkoping.png","contentUrl":"https:\/\/nyforetagarcentrum.se\/falkoping\/wp-content\/uploads\/sites\/56\/2024\/05\/cropped-Falkoping.png","width":1033,"height":479,"caption":"Falk\u00f6ping"},"image":{"@id":"https:\/\/nyforetagarcentrum.se\/falkoping\/#\/schema\/logo\/image\/"}}]}},"_links":{"self":[{"href":"https:\/\/nyforetagarcentrum.se\/falkoping\/wp-json\/wp\/v2\/pages\/164"}],"collection":[{"href":"https:\/\/nyforetagarcentrum.se\/falkoping\/wp-json\/wp\/v2\/pages"}],"about":[{"href":"https:\/\/nyforetagarcentrum.se\/falkoping\/wp-json\/wp\/v2\/types\/page"}],"author":[{"embeddable":true,"href":"https:\/\/nyforetagarcentrum.se\/falkoping\/wp-json\/wp\/v2\/users\/1"}],"replies":[{"embeddable":true,"href":"https:\/\/nyforetagarcentrum.se\/falkoping\/wp-json\/wp\/v2\/comments?post=164"}],"version-history":[{"count":21,"href":"https:\/\/nyforetagarcentrum.se\/falkoping\/wp-json\/wp\/v2\/pages\/164\/revisions"}],"predecessor-version":[{"id":695,"href":"https:\/\/nyforetagarcentrum.se\/falkoping\/wp-json\/wp\/v2\/pages\/164\/revisions\/695"}],"wp:attachment":[{"href":"https:\/\/nyforetagarcentrum.se\/falkoping\/wp-json\/wp\/v2\/media?parent=164"}],"curies":[{"name":"wp","href":"https:\/\/api.w.org\/{rel}","templated":true}]}}