{"id":128,"date":"2024-02-22T11:27:10","date_gmt":"2024-02-22T10:27:10","guid":{"rendered":"https:\/\/nyforetagarcentrum.se\/falkoping\/?page_id=128"},"modified":"2024-12-17T16:53:56","modified_gmt":"2024-12-17T15:53:56","slug":"mentor","status":"publish","type":"page","link":"https:\/\/nyforetagarcentrum.se\/falkoping\/mentor\/","title":{"rendered":"Kurser, utbildningar &amp; mentorprogram"},"content":{"rendered":"<section  class=\"nfc-block-breadcrumbs alignwide\">\n    <div class=\"wrapper contained\">\n        <ol class=\"breadcrumbs\" itemscope itemtype=\"https:\/\/schema.org\/BreadcrumbList\">\n            <li itemprop=\"itemListElement\" itemscope itemtype=\"https:\/\/schema.org\/ListItem\">\n            \n\n                            <span class=\"current\" itemprop=\"name\">Hem<\/span>\n            \n            <meta itemprop=\"position\" content=\"1\" \/>\n        <\/li>\n    <\/ol>    <\/div>\n<\/section>\n\n\n<div style=\"height:var(--wp--preset--spacing--50)\" aria-hidden=\"true\" class=\"wp-block-spacer\"><\/div>\n\n\n<section  class=\"nfc-block-split_screen alignwide image_alignment-right no_gap\">\n    <div class=\"wrapper\">\n        <div class=\"nfc-block-split_screen__image-wrapper\">\n            <img loading=\"lazy\" decoding=\"async\" width=\"885\" height=\"1080\" src=\"https:\/\/nyforetagarcentrum.se\/falkoping\/wp-content\/uploads\/sites\/56\/2024\/12\/Bildkollage_StartaEget-885x1080.jpg\" class=\"attachment-landscape size-landscape\" alt=\"\" srcset=\"https:\/\/nyforetagarcentrum.se\/falkoping\/wp-content\/uploads\/sites\/56\/2024\/12\/Bildkollage_StartaEget-885x1080.jpg 885w, https:\/\/nyforetagarcentrum.se\/falkoping\/wp-content\/uploads\/sites\/56\/2024\/12\/Bildkollage_StartaEget-246x300.jpg 246w, https:\/\/nyforetagarcentrum.se\/falkoping\/wp-content\/uploads\/sites\/56\/2024\/12\/Bildkollage_StartaEget-839x1024.jpg 839w, https:\/\/nyforetagarcentrum.se\/falkoping\/wp-content\/uploads\/sites\/56\/2024\/12\/Bildkollage_StartaEget-768x938.jpg 768w, https:\/\/nyforetagarcentrum.se\/falkoping\/wp-content\/uploads\/sites\/56\/2024\/12\/Bildkollage_StartaEget.jpg 1200w\" sizes=\"(max-width: 885px) 100vw, 885px\" \/>        <\/div>\n\n        <div class=\"nfc-block-split_screen__content-wrapper\">\n            <h1>Starta Eget-utbildningen<\/h1>\n<div>\n<p>Utbildningen fokuserar p\u00e5 att skapa bra f\u00f6ruts\u00e4ttningar och ge dig kunskaper om de verktyg som beh\u00f6vs i den dagliga verksamheten. Allt fr\u00e5n marknadsf\u00f6ring och f\u00f6rs\u00e4ljning till ekonomi och juridik. M\u00e5let \u00e4r att g\u00f6ra dig tryggare och mer framg\u00e5ngsrik under din f\u00f6rsta tid som f\u00f6retagare.<\/p>\n<p>F\u00f6rel\u00e4sningarna blandas med ber\u00e4ttelser fr\u00e5n andra nyf\u00f6retagare f\u00f6r att ge dig inspiration och id\u00e9er. Du f\u00e5r n\u00e4tverka med andra kursdeltagare som \u00e4r i liknande situation.<\/p>\n<p><strong>Kurserna \u00e4r f\u00f6rdelade p\u00e5 6 tillf\u00e4llen x 3 timmar.\u00a0<\/strong><\/p>\n<ul>\n<li>Din aff\u00e4rsplan och aff\u00e4rsid\u00e9. Vad g\u00f6r den unik och framg\u00e5ngsrik?<\/li>\n<li>Varum\u00e4rke, profil och kommunikation.<\/li>\n<li>Kundfokus. Vilka \u00e4r dina kunder? Hur hittar du dem och de dig?<\/li>\n<li>S\u00e4ljfokus! Vad \u00e4r det du s\u00e4ljer egentligen? Hur blir du en bra s\u00e4ljare som tj\u00e4nar pengar?<\/li>\n<li>Ekonomi och organisation. F\u00f6rst\u00e5 ekonomiska termer och hur man g\u00f6r en budget. Regler, avtal, f\u00f6rs\u00e4kringar och pension.<\/li>\n<li>N\u00e4r det inte blir som det var t\u00e4nkt. Hur kan jag vara f\u00f6rberedd?<\/li>\n<li>Dags f\u00f6r n\u00e4sta steg \u2013 i ditt f\u00f6retag och f\u00f6r dig som f\u00f6retagare. Hur s\u00e4tter du planen fram\u00e5t?<\/li>\n<\/ul>\n<p><strong>Kostnad:<\/strong> 500 kr + moms inkl fika och kursmaterial f\u00f6r sex kurstillf\u00e4llen.<\/p>\n<p>Normalt erbjuder vi Starta Eget-utbildningen i Falk\u00f6ping varje h\u00f6st. Om du vill g\u00e5 kursen om v\u00e5ren g\u00e5r det utm\u00e4rkt att anm\u00e4la sig till n\u00e5gon av de andra orterna i Skaraborg.<\/p>\n<p><strong><a href=\"https:\/\/nyforetagarcentrum.se\/falkoping\/evenemang\/\">Klicka p\u00e5 kalendern i huvudmenyn f\u00f6r information\u00a0 om kursstart och anm\u00e4lan.<\/a><\/strong><\/p>\n<\/div>\n\n            \n        <\/div>\n    <\/div>\n<\/section>\n\n<section  class=\"nfc-block-split_screen alignwide image_alignment-left no_gap\">\n    <div class=\"wrapper\">\n        <div class=\"nfc-block-split_screen__image-wrapper\">\n            <img loading=\"lazy\" decoding=\"async\" width=\"885\" height=\"1080\" src=\"https:\/\/nyforetagarcentrum.se\/falkoping\/wp-content\/uploads\/sites\/56\/2024\/07\/Bildkollage_bokforing-885x1080.jpg\" class=\"attachment-landscape size-landscape\" alt=\"\" srcset=\"https:\/\/nyforetagarcentrum.se\/falkoping\/wp-content\/uploads\/sites\/56\/2024\/07\/Bildkollage_bokforing-885x1080.jpg 885w, https:\/\/nyforetagarcentrum.se\/falkoping\/wp-content\/uploads\/sites\/56\/2024\/07\/Bildkollage_bokforing-246x300.jpg 246w, https:\/\/nyforetagarcentrum.se\/falkoping\/wp-content\/uploads\/sites\/56\/2024\/07\/Bildkollage_bokforing-839x1024.jpg 839w, https:\/\/nyforetagarcentrum.se\/falkoping\/wp-content\/uploads\/sites\/56\/2024\/07\/Bildkollage_bokforing-768x937.jpg 768w, https:\/\/nyforetagarcentrum.se\/falkoping\/wp-content\/uploads\/sites\/56\/2024\/07\/Bildkollage_bokforing-1258x1536.jpg 1258w, https:\/\/nyforetagarcentrum.se\/falkoping\/wp-content\/uploads\/sites\/56\/2024\/07\/Bildkollage_bokforing-1678x2048.jpg 1678w, https:\/\/nyforetagarcentrum.se\/falkoping\/wp-content\/uploads\/sites\/56\/2024\/07\/Bildkollage_bokforing.jpg 1900w\" sizes=\"(max-width: 885px) 100vw, 885px\" \/>        <\/div>\n\n        <div class=\"nfc-block-split_screen__content-wrapper\">\n            <h1>Bokf\u00f6ringskursen<\/h1>\n<div>\n<p>Kursen \u00e4r en grundkurs som passar dig som \u00e4r nystartad f\u00f6retagare eller som funderar p\u00e5 att starta eget.<\/p>\n<p>H\u00e4r f\u00e5r du kunskaper som \u00e4r hj\u00e4lpsamma om du vill g\u00f6ra din egen bokf\u00f6ring eller bara f\u00f6rst\u00e5 hur du l\u00e4ser balans och resultatr\u00e4kningen som du f\u00e5r fr\u00e5n bokf\u00f6ringsbyr\u00e5n.<\/p>\n<p><strong>Kursen \u00e4r f\u00f6rdelad p\u00e5 5 tillf\u00e4llen x 3 timmar<\/strong><\/p>\n<ul>\n<li>Hur fungerar bokf\u00f6ring?<\/li>\n<li>Hur \u00e4r kontoplanen upplagd?<\/li>\n<li>Debet och kredit<\/li>\n<li>Moms och Skatter<\/li>\n<li>Hur redovisar jag det l\u00f6pande arbetet under \u00e5ret?<\/li>\n<\/ul>\n<p>G\u00e5r du kursen f\u00e5r du l\u00e4ra dig att kunna sk\u00f6ta din bokf\u00f6ring sj\u00e4lv samt l\u00e4ra dig grunderna i bokf\u00f6ring. Du f\u00e5r ocks\u00e5 tillf\u00e4lle att n\u00e4tverka med andra nystartade f\u00f6retagare.<\/p>\n<p><strong>Kostnad:<\/strong>\u00a0500 kr + moms inkl fika och kursmaterial f\u00f6r fem\u00a0kurstillf\u00e4llen.<\/p>\n<p>Normalt erbjuder vi Bokf\u00f6ringskursen i Falk\u00f6ping varje h\u00f6st. Om du vill g\u00e5 kursen om v\u00e5ren g\u00e5r det utm\u00e4rkt att anm\u00e4la sig till n\u00e5gon av de andra orterna i Skaraborg.<\/p>\n<p><strong><a href=\"https:\/\/nyforetagarcentrum.se\/falkoping\/evenemang\/\">Klicka p\u00e5 kalendern i huvudmenyn f\u00f6r information\u00a0 om kursstart och anm\u00e4lan.<\/a><\/strong><\/p>\n<\/div>\n\n            \n        <\/div>\n    <\/div>\n<\/section>\n\n<section  class=\"nfc-block-split_screen alignwide image_alignment-right no_gap\">\n    <div class=\"wrapper\">\n        <div class=\"nfc-block-split_screen__image-wrapper\">\n            <img loading=\"lazy\" decoding=\"async\" width=\"742\" height=\"707\" src=\"https:\/\/nyforetagarcentrum.se\/falkoping\/wp-content\/uploads\/sites\/56\/2024\/12\/Bild_Mentor.jpg\" class=\"attachment-landscape size-landscape\" alt=\"\" srcset=\"https:\/\/nyforetagarcentrum.se\/falkoping\/wp-content\/uploads\/sites\/56\/2024\/12\/Bild_Mentor.jpg 742w, https:\/\/nyforetagarcentrum.se\/falkoping\/wp-content\/uploads\/sites\/56\/2024\/12\/Bild_Mentor-300x286.jpg 300w\" sizes=\"(max-width: 742px) 100vw, 742px\" \/>        <\/div>\n\n        <div class=\"nfc-block-split_screen__content-wrapper\">\n            <h1>Mentorprogrammet<\/h1>\n<div>\n<p>Livet som ny f\u00f6retagare \u00e4r ofta utmanande. M\u00f6jligheter och problem ska alla tas om hand p\u00e5 b\u00e4sta s\u00e4tt.<\/p>\n<p>Med <b>st\u00f6d och support<\/b>\u00a0av en mentor, en\u00a0<b>oberoende och erfaren<\/b> f\u00f6retagare, kan din f\u00f6rsta tid som &#8221;egen&#8221; underl\u00e4ttas. Under tolv m\u00e5nader har du m\u00f6jlighet att <b>kostnadsfritt<\/b> f\u00e5 n\u00e5gon att\u00a0<b>bol<\/b><strong>la id\u00e9er med, utmana tankar, hj\u00e4lp att hitta bra l\u00f6sningar, utveckla din komm<\/strong><b>unikation<\/b> <strong>och ut\u00f6ka ditt <\/strong><b>n\u00e4tverk.<\/b> Framf\u00f6r allt\u2026. n\u00e5gon som utan baktankar <b>st\u00f6ttar, motiverar<\/b>\u00a0och hj\u00e4lper till att\u00a0<b>h\u00e5lla fokus<\/b>\u00a0fram\u00e5t.<\/p>\n<p>Nyf\u00f6retagarCentrums mentorer arbetar\u00a0<b>ideellt<\/b>\u00a0och erbjuder adepterna sina\u00a0<b>erfarenheter, kunskaper<\/b> och <b>n\u00e4tverk<\/b>.<\/p>\n<p>Nyf\u00f6retagare som varit p\u00e5 r\u00e5dgivning i Falk\u00f6ping har m\u00f6jlighet att s\u00f6ka till Mentorprogrammet i\u00a0 Skaraborg. Om du vill anm\u00e4la ditt intresse att delta\u00a0 \u2013 klicka p\u00e5 knappen nedan s\u00e5 skapas ett mail till oss!<\/p>\n<\/div>\n\n                            <div class=\"nfc-block-split_screen__buttons\">\n                                            <a href=\"mailto: falkoping@nyforetagarcentrum.se\" class=\"button primary\">Intresseanm\u00e4lan \/ mentorprogrammet<\/a>\n                                    <\/div>\n            \n        <\/div>\n    <\/div>\n<\/section>\n\n\n<div style=\"height:100px\" aria-hidden=\"true\" class=\"wp-block-spacer\"><\/div>\n","protected":false},"excerpt":{"rendered":"","protected":false},"author":1,"featured_media":0,"parent":0,"menu_order":0,"comment_status":"closed","ping_status":"closed","template":"","meta":{"footnotes":""},"acf":[],"yoast_head":"<!-- This site is optimized with the Yoast SEO plugin v22.9 - https:\/\/yoast.com\/wordpress\/plugins\/seo\/ -->\n<title>Kurser, utbildningar &amp; mentorprogram - Falk\u00f6ping<\/title>\n<meta name=\"robots\" content=\"index, follow, max-snippet:-1, max-image-preview:large, max-video-preview:-1\" \/>\n<link rel=\"canonical\" href=\"https:\/\/nyforetagarcentrum.se\/falkoping\/mentor\/\" \/>\n<meta property=\"og:locale\" content=\"sv_SE\" \/>\n<meta property=\"og:type\" content=\"article\" \/>\n<meta property=\"og:title\" content=\"Kurser, utbildningar &amp; mentorprogram - Falk\u00f6ping\" \/>\n<meta property=\"og:url\" content=\"https:\/\/nyforetagarcentrum.se\/falkoping\/mentor\/\" \/>\n<meta property=\"og:site_name\" content=\"Falk\u00f6ping\" \/>\n<meta property=\"article:modified_time\" content=\"2024-12-17T15:53:56+00:00\" \/>\n<meta name=\"twitter:card\" content=\"summary_large_image\" \/>\n<script type=\"application\/ld+json\" class=\"yoast-schema-graph\">{\"@context\":\"https:\/\/schema.org\",\"@graph\":[{\"@type\":\"WebPage\",\"@id\":\"https:\/\/nyforetagarcentrum.se\/falkoping\/mentor\/\",\"url\":\"https:\/\/nyforetagarcentrum.se\/falkoping\/mentor\/\",\"name\":\"Kurser, utbildningar &amp; mentorprogram - Falk\u00f6ping\",\"isPartOf\":{\"@id\":\"https:\/\/nyforetagarcentrum.se\/falkoping\/#website\"},\"datePublished\":\"2024-02-22T10:27:10+00:00\",\"dateModified\":\"2024-12-17T15:53:56+00:00\",\"breadcrumb\":{\"@id\":\"https:\/\/nyforetagarcentrum.se\/falkoping\/mentor\/#breadcrumb\"},\"inLanguage\":\"sv-SE\",\"potentialAction\":[{\"@type\":\"ReadAction\",\"target\":[\"https:\/\/nyforetagarcentrum.se\/falkoping\/mentor\/\"]}]},{\"@type\":\"BreadcrumbList\",\"@id\":\"https:\/\/nyforetagarcentrum.se\/falkoping\/mentor\/#breadcrumb\",\"itemListElement\":[{\"@type\":\"ListItem\",\"position\":1,\"name\":\"Hem\",\"item\":\"https:\/\/nyforetagarcentrum.se\/falkoping\/\"},{\"@type\":\"ListItem\",\"position\":2,\"name\":\"Kurser, utbildningar &amp; mentorprogram\"}]},{\"@type\":\"WebSite\",\"@id\":\"https:\/\/nyforetagarcentrum.se\/falkoping\/#website\",\"url\":\"https:\/\/nyforetagarcentrum.se\/falkoping\/\",\"name\":\"Falk\u00f6ping\",\"description\":\"Sveriges ledande kraft f\u00f6r fler nya livskraftiga f\u00f6retag\",\"publisher\":{\"@id\":\"https:\/\/nyforetagarcentrum.se\/falkoping\/#organization\"},\"potentialAction\":[{\"@type\":\"SearchAction\",\"target\":{\"@type\":\"EntryPoint\",\"urlTemplate\":\"https:\/\/nyforetagarcentrum.se\/falkoping\/?s={search_term_string}\"},\"query-input\":\"required name=search_term_string\"}],\"inLanguage\":\"sv-SE\"},{\"@type\":\"Organization\",\"@id\":\"https:\/\/nyforetagarcentrum.se\/falkoping\/#organization\",\"name\":\"Falk\u00f6ping\",\"url\":\"https:\/\/nyforetagarcentrum.se\/falkoping\/\",\"logo\":{\"@type\":\"ImageObject\",\"inLanguage\":\"sv-SE\",\"@id\":\"https:\/\/nyforetagarcentrum.se\/falkoping\/#\/schema\/logo\/image\/\",\"url\":\"https:\/\/nyforetagarcentrum.se\/falkoping\/wp-content\/uploads\/sites\/56\/2024\/07\/cropped-falkoping_bla.png\",\"contentUrl\":\"https:\/\/nyforetagarcentrum.se\/falkoping\/wp-content\/uploads\/sites\/56\/2024\/07\/cropped-falkoping_bla.png\",\"width\":870,\"height\":355,\"caption\":\"Falk\u00f6ping\"},\"image\":{\"@id\":\"https:\/\/nyforetagarcentrum.se\/falkoping\/#\/schema\/logo\/image\/\"}}]}<\/script>\n<!-- \/ Yoast SEO plugin. -->","yoast_head_json":{"title":"Kurser, utbildningar &amp; mentorprogram - Falk\u00f6ping","robots":{"index":"index","follow":"follow","max-snippet":"max-snippet:-1","max-image-preview":"max-image-preview:large","max-video-preview":"max-video-preview:-1"},"canonical":"https:\/\/nyforetagarcentrum.se\/falkoping\/mentor\/","og_locale":"sv_SE","og_type":"article","og_title":"Kurser, utbildningar &amp; mentorprogram - Falk\u00f6ping","og_url":"https:\/\/nyforetagarcentrum.se\/falkoping\/mentor\/","og_site_name":"Falk\u00f6ping","article_modified_time":"2024-12-17T15:53:56+00:00","twitter_card":"summary_large_image","schema":{"@context":"https:\/\/schema.org","@graph":[{"@type":"WebPage","@id":"https:\/\/nyforetagarcentrum.se\/falkoping\/mentor\/","url":"https:\/\/nyforetagarcentrum.se\/falkoping\/mentor\/","name":"Kurser, utbildningar &amp; mentorprogram - Falk\u00f6ping","isPartOf":{"@id":"https:\/\/nyforetagarcentrum.se\/falkoping\/#website"},"datePublished":"2024-02-22T10:27:10+00:00","dateModified":"2024-12-17T15:53:56+00:00","breadcrumb":{"@id":"https:\/\/nyforetagarcentrum.se\/falkoping\/mentor\/#breadcrumb"},"inLanguage":"sv-SE","potentialAction":[{"@type":"ReadAction","target":["https:\/\/nyforetagarcentrum.se\/falkoping\/mentor\/"]}]},{"@type":"BreadcrumbList","@id":"https:\/\/nyforetagarcentrum.se\/falkoping\/mentor\/#breadcrumb","itemListElement":[{"@type":"ListItem","position":1,"name":"Hem","item":"https:\/\/nyforetagarcentrum.se\/falkoping\/"},{"@type":"ListItem","position":2,"name":"Kurser, utbildningar &amp; mentorprogram"}]},{"@type":"WebSite","@id":"https:\/\/nyforetagarcentrum.se\/falkoping\/#website","url":"https:\/\/nyforetagarcentrum.se\/falkoping\/","name":"Falk\u00f6ping","description":"Sveriges ledande kraft f\u00f6r fler nya livskraftiga f\u00f6retag","publisher":{"@id":"https:\/\/nyforetagarcentrum.se\/falkoping\/#organization"},"potentialAction":[{"@type":"SearchAction","target":{"@type":"EntryPoint","urlTemplate":"https:\/\/nyforetagarcentrum.se\/falkoping\/?s={search_term_string}"},"query-input":"required name=search_term_string"}],"inLanguage":"sv-SE"},{"@type":"Organization","@id":"https:\/\/nyforetagarcentrum.se\/falkoping\/#organization","name":"Falk\u00f6ping","url":"https:\/\/nyforetagarcentrum.se\/falkoping\/","logo":{"@type":"ImageObject","inLanguage":"sv-SE","@id":"https:\/\/nyforetagarcentrum.se\/falkoping\/#\/schema\/logo\/image\/","url":"https:\/\/nyforetagarcentrum.se\/falkoping\/wp-content\/uploads\/sites\/56\/2024\/07\/cropped-falkoping_bla.png","contentUrl":"https:\/\/nyforetagarcentrum.se\/falkoping\/wp-content\/uploads\/sites\/56\/2024\/07\/cropped-falkoping_bla.png","width":870,"height":355,"caption":"Falk\u00f6ping"},"image":{"@id":"https:\/\/nyforetagarcentrum.se\/falkoping\/#\/schema\/logo\/image\/"}}]}},"_links":{"self":[{"href":"https:\/\/nyforetagarcentrum.se\/falkoping\/wp-json\/wp\/v2\/pages\/128"}],"collection":[{"href":"https:\/\/nyforetagarcentrum.se\/falkoping\/wp-json\/wp\/v2\/pages"}],"about":[{"href":"https:\/\/nyforetagarcentrum.se\/falkoping\/wp-json\/wp\/v2\/types\/page"}],"author":[{"embeddable":true,"href":"https:\/\/nyforetagarcentrum.se\/falkoping\/wp-json\/wp\/v2\/users\/1"}],"replies":[{"embeddable":true,"href":"https:\/\/nyforetagarcentrum.se\/falkoping\/wp-json\/wp\/v2\/comments?post=128"}],"version-history":[{"count":45,"href":"https:\/\/nyforetagarcentrum.se\/falkoping\/wp-json\/wp\/v2\/pages\/128\/revisions"}],"predecessor-version":[{"id":1215,"href":"https:\/\/nyforetagarcentrum.se\/falkoping\/wp-json\/wp\/v2\/pages\/128\/revisions\/1215"}],"wp:attachment":[{"href":"https:\/\/nyforetagarcentrum.se\/falkoping\/wp-json\/wp\/v2\/media?parent=128"}],"curies":[{"name":"wp","href":"https:\/\/api.w.org\/{rel}","templated":true}]}}