{"id":41,"date":"2024-02-22T10:24:51","date_gmt":"2024-02-22T09:24:51","guid":{"rendered":"https:\/\/nyforetagarcentrum.se\/eslov\/?page_id=41"},"modified":"2024-09-27T14:31:58","modified_gmt":"2024-09-27T12:31:58","slug":"vara-samarbetspartners","status":"publish","type":"page","link":"https:\/\/nyforetagarcentrum.se\/eslov\/vara-samarbetspartners\/","title":{"rendered":"V\u00e5ra samarbetspartners"},"content":{"rendered":"<section  class=\"nfc-block-hero alignfull\">\n\n    <img loading=\"lazy\" decoding=\"async\" width=\"1470\" height=\"980\" src=\"https:\/\/nyforetagarcentrum.se\/eslov\/wp-content\/uploads\/sites\/98\/2024\/02\/Medium_JM.png\" class=\"attachment-landscape size-landscape\" alt=\"\" srcset=\"https:\/\/nyforetagarcentrum.se\/eslov\/wp-content\/uploads\/sites\/98\/2024\/02\/Medium_JM.png 1470w, https:\/\/nyforetagarcentrum.se\/eslov\/wp-content\/uploads\/sites\/98\/2024\/02\/Medium_JM-300x200.png 300w, https:\/\/nyforetagarcentrum.se\/eslov\/wp-content\/uploads\/sites\/98\/2024\/02\/Medium_JM-1024x683.png 1024w, https:\/\/nyforetagarcentrum.se\/eslov\/wp-content\/uploads\/sites\/98\/2024\/02\/Medium_JM-768x512.png 768w\" sizes=\"(max-width: 1470px) 100vw, 1470px\" \/>\n    <div class=\"contained\">\n        <h1 class=\"nfc-block-hero__heading\">V\u00e5ra samarbetspartners<\/h1>\n\n            <\/div>\n<\/section>\n\n<section  class=\"block-our-partners nfc-block-partners\">\n    <div class=\"contained\">\n            <\/div>\n<\/section>\n\n\n<div style=\"height:50px\" aria-hidden=\"true\" class=\"wp-block-spacer\"><\/div>\n\n\n<section  class=\"nfc-block-breadcrumbs alignwide\">\n    <div class=\"wrapper contained\">\n        <ol class=\"breadcrumbs\" itemscope itemtype=\"https:\/\/schema.org\/BreadcrumbList\">\n            <li itemprop=\"itemListElement\" itemscope itemtype=\"https:\/\/schema.org\/ListItem\">\n            \n\n                            <span class=\"current\" itemprop=\"name\">Hem<\/span>\n            \n            <meta itemprop=\"position\" content=\"1\" \/>\n        <\/li>\n    <\/ol>    <\/div>\n<\/section>\n\n\n<div style=\"height:51px\" aria-hidden=\"true\" class=\"wp-block-spacer\"><\/div>\n\n\n<section  class=\"block-our-partners nfc-block-partners alignwide\">\n    <div class=\"contained\">\n                                    <div class=\"partner-card\">\n                    <div class=\"logo-wrapper\">\n                        <img decoding=\"async\" src=\"https:\/\/nyforetagarcentrum.se\/eslov\/wp-content\/uploads\/sites\/98\/2024\/05\/Rydsglas-250x138-1.png\" alt=\"\">\n                    <\/div>\n                    \n                                            <div class=\"h4\"><b>Ryds Glas<\/b><\/div>\n                                                                                                                            <div class=\"item link\"><b><a href=\"https:\/\/www.rydsglas.se\/\" target=\"_blank\" > L\u00e4nk till hemsida<\/a><\/b><\/div>\n                                    <\/div>\n                            <div class=\"partner-card\">\n                    <div class=\"logo-wrapper\">\n                        <img decoding=\"async\" src=\"https:\/\/nyforetagarcentrum.se\/eslov\/wp-content\/uploads\/sites\/98\/2024\/05\/haeglunds_logga_SV-250x94-1.png\" alt=\"\">\n                    <\/div>\n                    \n                                            <div class=\"h4\"><b>H\u00e4glunds fastigheter<\/b><\/div>\n                                                                                                                            <div class=\"item link\"><b><a href=\"https:\/\/www.haeglunds.se\/\" target=\"_blank\" > L\u00e4nk till hemsida<\/a><\/b><\/div>\n                                    <\/div>\n                            <div class=\"partner-card\">\n                    <div class=\"logo-wrapper\">\n                        <img decoding=\"async\" src=\"https:\/\/nyforetagarcentrum.se\/eslov\/wp-content\/uploads\/sites\/98\/2024\/05\/ludvig-250x141-1.jpg\" alt=\"\">\n                    <\/div>\n                    \n                                            <div class=\"h4\"><b>Ludvig &#038; Co<\/b><\/div>\n                                                                                                                            <div class=\"item link\"><b><a href=\"https:\/\/ludvig.se\/\" target=\"_blank\" > L\u00e4nk till hemsida<\/a><\/b><\/div>\n                                    <\/div>\n                            <div class=\"partner-card\">\n                    <div class=\"logo-wrapper\">\n                        <img decoding=\"async\" src=\"https:\/\/nyforetagarcentrum.se\/eslov\/wp-content\/uploads\/sites\/98\/2024\/05\/mazars-logo-250x39-1.png\" alt=\"\">\n                    <\/div>\n                    \n                                            <div class=\"h4\"><b>Mazars<\/b><\/div>\n                                                                                                                            <div class=\"item link\"><b><a href=\"https:\/\/www.mazars.se\/\" target=\"_blank\" > L\u00e4nk till hemsida<\/a><\/b><\/div>\n                                    <\/div>\n                            <div class=\"partner-card\">\n                    <div class=\"logo-wrapper\">\n                        <img decoding=\"async\" src=\"https:\/\/nyforetagarcentrum.se\/eslov\/wp-content\/uploads\/sites\/98\/2024\/05\/SEB_k_cmyk-250x110-1.png\" alt=\"\">\n                    <\/div>\n                    \n                                            <div class=\"h4\"><b>SEB<\/b><\/div>\n                                                                                                                            <div class=\"item link\"><b><a href=\"https:\/\/seb.se\/\" target=\"_blank\" > L\u00e4nk till hemsida<\/a><\/b><\/div>\n                                    <\/div>\n                            <div class=\"partner-card\">\n                    <div class=\"logo-wrapper\">\n                        <img decoding=\"async\" src=\"https:\/\/nyforetagarcentrum.se\/eslov\/wp-content\/uploads\/sites\/98\/2024\/05\/Logga-FoF-250x75-1.png\" alt=\"\">\n                    <\/div>\n                    \n                                            <div class=\"h4\"><b>Sparbanksstiftelsen F\u00e4rs &#038; Frosta<\/b><\/div>\n                                                                                                                            <div class=\"item link\"><b><a href=\"https:\/\/www.sparbanksstiftelsenfof.se\/\" target=\"_blank\" > L\u00e4nk till hemsida<\/a><\/b><\/div>\n                                    <\/div>\n                            <div class=\"partner-card\">\n                    <div class=\"logo-wrapper\">\n                        <img decoding=\"async\" src=\"https:\/\/nyforetagarcentrum.se\/eslov\/wp-content\/uploads\/sites\/98\/2024\/05\/Logga-Finn-250x75-1.png\" alt=\"\">\n                    <\/div>\n                    \n                                            <div class=\"h4\"><b>Sparbanksstiftelsen Finn<\/b><\/div>\n                                                                                                                            <div class=\"item link\"><b><a href=\"https:\/\/www.sparbanksstiftelsenfinn.se\/\" target=\"_blank\" > L\u00e4nk till hemsida<\/a><\/b><\/div>\n                                    <\/div>\n                            <div class=\"partner-card\">\n                    <div class=\"logo-wrapper\">\n                        <img decoding=\"async\" src=\"https:\/\/nyforetagarcentrum.se\/eslov\/wp-content\/uploads\/sites\/98\/2024\/05\/8313_cmyk_c_pos_2-250x76-1.png\" alt=\"\">\n                    <\/div>\n                    \n                                            <div class=\"h4\"><b>Sparbanken Sk\u00e5ne<\/b><\/div>\n                                                                                                                            <div class=\"item link\"><b><a href=\"https:\/\/www.sparbankenskane.se\/\" target=\"_blank\" > L\u00e4nk till hemsida<\/a><\/b><\/div>\n                                    <\/div>\n                            <div class=\"partner-card\">\n                    <div class=\"logo-wrapper\">\n                        <img decoding=\"async\" src=\"https:\/\/nyforetagarcentrum.se\/eslov\/wp-content\/uploads\/sites\/98\/2024\/05\/logo_EK_cmyk-250x135-1.jpg\" alt=\"\">\n                    <\/div>\n                    \n                                            <div class=\"h4\"><b>Esl\u00f6vs kommun<\/b><\/div>\n                                                                                                                            <div class=\"item link\"><b><a href=\"https:\/\/eslov.se\/\" target=\"_blank\" > L\u00e4nk till hemsida<\/a><\/b><\/div>\n                                    <\/div>\n                        <\/div>\n<\/section>\n\n\n<div style=\"height:80px\" aria-hidden=\"true\" class=\"wp-block-spacer\"><\/div>\n","protected":false},"excerpt":{"rendered":"","protected":false},"author":1,"featured_media":0,"parent":0,"menu_order":0,"comment_status":"closed","ping_status":"closed","template":"","meta":{"footnotes":""},"acf":[],"yoast_head":"<!-- This site is optimized with the Yoast SEO plugin v22.9 - https:\/\/yoast.com\/wordpress\/plugins\/seo\/ -->\n<title>V\u00e5ra samarbetspartners | NFC Esl\u00f6v<\/title>\n<meta name=\"description\" content=\"Uppt\u00e4ck v\u00e5ra partners i Esl\u00f6v som bidrar med resurser, expertis och n\u00e4tverk f\u00f6r att hj\u00e4lpa nya f\u00f6retagare att lyckas i sin verksamhet.\" \/>\n<meta name=\"robots\" content=\"index, follow, max-snippet:-1, max-image-preview:large, max-video-preview:-1\" \/>\n<link rel=\"canonical\" href=\"https:\/\/nyforetagarcentrum.se\/eslov\/vara-samarbetspartners\/\" \/>\n<meta property=\"og:locale\" content=\"sv_SE\" \/>\n<meta property=\"og:type\" content=\"article\" \/>\n<meta property=\"og:title\" content=\"V\u00e5ra samarbetspartners | NFC Esl\u00f6v\" \/>\n<meta property=\"og:description\" content=\"Uppt\u00e4ck v\u00e5ra partners i Esl\u00f6v som bidrar med resurser, expertis och n\u00e4tverk f\u00f6r att hj\u00e4lpa nya f\u00f6retagare att lyckas i sin verksamhet.\" \/>\n<meta property=\"og:url\" content=\"https:\/\/nyforetagarcentrum.se\/eslov\/vara-samarbetspartners\/\" \/>\n<meta property=\"og:site_name\" content=\"Esl\u00f6v\" \/>\n<meta property=\"article:modified_time\" content=\"2024-09-27T12:31:58+00:00\" \/>\n<meta name=\"twitter:card\" content=\"summary_large_image\" \/>\n<script type=\"application\/ld+json\" class=\"yoast-schema-graph\">{\"@context\":\"https:\/\/schema.org\",\"@graph\":[{\"@type\":\"WebPage\",\"@id\":\"https:\/\/nyforetagarcentrum.se\/eslov\/vara-samarbetspartners\/\",\"url\":\"https:\/\/nyforetagarcentrum.se\/eslov\/vara-samarbetspartners\/\",\"name\":\"V\u00e5ra samarbetspartners | NFC Esl\u00f6v\",\"isPartOf\":{\"@id\":\"https:\/\/nyforetagarcentrum.se\/eslov\/#website\"},\"datePublished\":\"2024-02-22T09:24:51+00:00\",\"dateModified\":\"2024-09-27T12:31:58+00:00\",\"description\":\"Uppt\u00e4ck v\u00e5ra partners i Esl\u00f6v som bidrar med resurser, expertis och n\u00e4tverk f\u00f6r att hj\u00e4lpa nya f\u00f6retagare att lyckas i sin verksamhet.\",\"breadcrumb\":{\"@id\":\"https:\/\/nyforetagarcentrum.se\/eslov\/vara-samarbetspartners\/#breadcrumb\"},\"inLanguage\":\"sv-SE\",\"potentialAction\":[{\"@type\":\"ReadAction\",\"target\":[\"https:\/\/nyforetagarcentrum.se\/eslov\/vara-samarbetspartners\/\"]}]},{\"@type\":\"BreadcrumbList\",\"@id\":\"https:\/\/nyforetagarcentrum.se\/eslov\/vara-samarbetspartners\/#breadcrumb\",\"itemListElement\":[{\"@type\":\"ListItem\",\"position\":1,\"name\":\"Hem\",\"item\":\"https:\/\/nyforetagarcentrum.se\/eslov\/\"},{\"@type\":\"ListItem\",\"position\":2,\"name\":\"V\u00e5ra samarbetspartners\"}]},{\"@type\":\"WebSite\",\"@id\":\"https:\/\/nyforetagarcentrum.se\/eslov\/#website\",\"url\":\"https:\/\/nyforetagarcentrum.se\/eslov\/\",\"name\":\"Esl\u00f6v\",\"description\":\"Sveriges ledande kraft f\u00f6r fler nya livskraftiga f\u00f6retag\",\"publisher\":{\"@id\":\"https:\/\/nyforetagarcentrum.se\/eslov\/#organization\"},\"potentialAction\":[{\"@type\":\"SearchAction\",\"target\":{\"@type\":\"EntryPoint\",\"urlTemplate\":\"https:\/\/nyforetagarcentrum.se\/eslov\/?s={search_term_string}\"},\"query-input\":\"required name=search_term_string\"}],\"inLanguage\":\"sv-SE\"},{\"@type\":\"Organization\",\"@id\":\"https:\/\/nyforetagarcentrum.se\/eslov\/#organization\",\"name\":\"Esl\u00f6v\",\"url\":\"https:\/\/nyforetagarcentrum.se\/eslov\/\",\"logo\":{\"@type\":\"ImageObject\",\"inLanguage\":\"sv-SE\",\"@id\":\"https:\/\/nyforetagarcentrum.se\/eslov\/#\/schema\/logo\/image\/\",\"url\":\"https:\/\/nyforetagarcentrum.se\/eslov\/wp-content\/uploads\/sites\/98\/2024\/05\/cropped-NFC_Eslov_194x90-1.png\",\"contentUrl\":\"https:\/\/nyforetagarcentrum.se\/eslov\/wp-content\/uploads\/sites\/98\/2024\/05\/cropped-NFC_Eslov_194x90-1.png\",\"width\":194,\"height\":90,\"caption\":\"Esl\u00f6v\"},\"image\":{\"@id\":\"https:\/\/nyforetagarcentrum.se\/eslov\/#\/schema\/logo\/image\/\"}}]}<\/script>\n<!-- \/ Yoast SEO plugin. -->","yoast_head_json":{"title":"V\u00e5ra samarbetspartners | NFC Esl\u00f6v","description":"Uppt\u00e4ck v\u00e5ra partners i Esl\u00f6v som bidrar med resurser, expertis och n\u00e4tverk f\u00f6r att hj\u00e4lpa nya f\u00f6retagare att lyckas i sin verksamhet.","robots":{"index":"index","follow":"follow","max-snippet":"max-snippet:-1","max-image-preview":"max-image-preview:large","max-video-preview":"max-video-preview:-1"},"canonical":"https:\/\/nyforetagarcentrum.se\/eslov\/vara-samarbetspartners\/","og_locale":"sv_SE","og_type":"article","og_title":"V\u00e5ra samarbetspartners | NFC Esl\u00f6v","og_description":"Uppt\u00e4ck v\u00e5ra partners i Esl\u00f6v som bidrar med resurser, expertis och n\u00e4tverk f\u00f6r att hj\u00e4lpa nya f\u00f6retagare att lyckas i sin verksamhet.","og_url":"https:\/\/nyforetagarcentrum.se\/eslov\/vara-samarbetspartners\/","og_site_name":"Esl\u00f6v","article_modified_time":"2024-09-27T12:31:58+00:00","twitter_card":"summary_large_image","schema":{"@context":"https:\/\/schema.org","@graph":[{"@type":"WebPage","@id":"https:\/\/nyforetagarcentrum.se\/eslov\/vara-samarbetspartners\/","url":"https:\/\/nyforetagarcentrum.se\/eslov\/vara-samarbetspartners\/","name":"V\u00e5ra samarbetspartners | NFC Esl\u00f6v","isPartOf":{"@id":"https:\/\/nyforetagarcentrum.se\/eslov\/#website"},"datePublished":"2024-02-22T09:24:51+00:00","dateModified":"2024-09-27T12:31:58+00:00","description":"Uppt\u00e4ck v\u00e5ra partners i Esl\u00f6v som bidrar med resurser, expertis och n\u00e4tverk f\u00f6r att hj\u00e4lpa nya f\u00f6retagare att lyckas i sin verksamhet.","breadcrumb":{"@id":"https:\/\/nyforetagarcentrum.se\/eslov\/vara-samarbetspartners\/#breadcrumb"},"inLanguage":"sv-SE","potentialAction":[{"@type":"ReadAction","target":["https:\/\/nyforetagarcentrum.se\/eslov\/vara-samarbetspartners\/"]}]},{"@type":"BreadcrumbList","@id":"https:\/\/nyforetagarcentrum.se\/eslov\/vara-samarbetspartners\/#breadcrumb","itemListElement":[{"@type":"ListItem","position":1,"name":"Hem","item":"https:\/\/nyforetagarcentrum.se\/eslov\/"},{"@type":"ListItem","position":2,"name":"V\u00e5ra samarbetspartners"}]},{"@type":"WebSite","@id":"https:\/\/nyforetagarcentrum.se\/eslov\/#website","url":"https:\/\/nyforetagarcentrum.se\/eslov\/","name":"Esl\u00f6v","description":"Sveriges ledande kraft f\u00f6r fler nya livskraftiga f\u00f6retag","publisher":{"@id":"https:\/\/nyforetagarcentrum.se\/eslov\/#organization"},"potentialAction":[{"@type":"SearchAction","target":{"@type":"EntryPoint","urlTemplate":"https:\/\/nyforetagarcentrum.se\/eslov\/?s={search_term_string}"},"query-input":"required name=search_term_string"}],"inLanguage":"sv-SE"},{"@type":"Organization","@id":"https:\/\/nyforetagarcentrum.se\/eslov\/#organization","name":"Esl\u00f6v","url":"https:\/\/nyforetagarcentrum.se\/eslov\/","logo":{"@type":"ImageObject","inLanguage":"sv-SE","@id":"https:\/\/nyforetagarcentrum.se\/eslov\/#\/schema\/logo\/image\/","url":"https:\/\/nyforetagarcentrum.se\/eslov\/wp-content\/uploads\/sites\/98\/2024\/05\/cropped-NFC_Eslov_194x90-1.png","contentUrl":"https:\/\/nyforetagarcentrum.se\/eslov\/wp-content\/uploads\/sites\/98\/2024\/05\/cropped-NFC_Eslov_194x90-1.png","width":194,"height":90,"caption":"Esl\u00f6v"},"image":{"@id":"https:\/\/nyforetagarcentrum.se\/eslov\/#\/schema\/logo\/image\/"}}]}},"_links":{"self":[{"href":"https:\/\/nyforetagarcentrum.se\/eslov\/wp-json\/wp\/v2\/pages\/41"}],"collection":[{"href":"https:\/\/nyforetagarcentrum.se\/eslov\/wp-json\/wp\/v2\/pages"}],"about":[{"href":"https:\/\/nyforetagarcentrum.se\/eslov\/wp-json\/wp\/v2\/types\/page"}],"author":[{"embeddable":true,"href":"https:\/\/nyforetagarcentrum.se\/eslov\/wp-json\/wp\/v2\/users\/1"}],"replies":[{"embeddable":true,"href":"https:\/\/nyforetagarcentrum.se\/eslov\/wp-json\/wp\/v2\/comments?post=41"}],"version-history":[{"count":116,"href":"https:\/\/nyforetagarcentrum.se\/eslov\/wp-json\/wp\/v2\/pages\/41\/revisions"}],"predecessor-version":[{"id":2111,"href":"https:\/\/nyforetagarcentrum.se\/eslov\/wp-json\/wp\/v2\/pages\/41\/revisions\/2111"}],"wp:attachment":[{"href":"https:\/\/nyforetagarcentrum.se\/eslov\/wp-json\/wp\/v2\/media?parent=41"}],"curies":[{"name":"wp","href":"https:\/\/api.w.org\/{rel}","templated":true}]}}