{"id":239,"date":"2024-02-29T13:59:39","date_gmt":"2024-02-29T12:59:39","guid":{"rendered":"https:\/\/nyforetagarcentrum.se\/eslov\/?page_id=239"},"modified":"2025-04-10T14:09:32","modified_gmt":"2025-04-10T12:09:32","slug":"vara-radgivare","status":"publish","type":"page","link":"https:\/\/nyforetagarcentrum.se\/eslov\/vara-radgivare\/","title":{"rendered":"V\u00e5ra r\u00e5dgivare"},"content":{"rendered":"<section  class=\"nfc-block-hero alignfull\">\n\n    <img loading=\"lazy\" decoding=\"async\" width=\"1476\" height=\"984\" src=\"https:\/\/nyforetagarcentrum.se\/eslov\/wp-content\/uploads\/sites\/98\/2024\/02\/Nyforetagare-ung-LOW.jpg\" class=\"attachment-landscape size-landscape\" alt=\"\" srcset=\"https:\/\/nyforetagarcentrum.se\/eslov\/wp-content\/uploads\/sites\/98\/2024\/02\/Nyforetagare-ung-LOW.jpg 1476w, https:\/\/nyforetagarcentrum.se\/eslov\/wp-content\/uploads\/sites\/98\/2024\/02\/Nyforetagare-ung-LOW-300x200.jpg 300w, https:\/\/nyforetagarcentrum.se\/eslov\/wp-content\/uploads\/sites\/98\/2024\/02\/Nyforetagare-ung-LOW-1024x683.jpg 1024w, https:\/\/nyforetagarcentrum.se\/eslov\/wp-content\/uploads\/sites\/98\/2024\/02\/Nyforetagare-ung-LOW-768x512.jpg 768w\" sizes=\"(max-width: 1476px) 100vw, 1476px\" \/>\n    <div class=\"contained\">\n        <h1 class=\"nfc-block-hero__heading\">V\u00e5ra r\u00e5dgivare<\/h1>\n\n            <\/div>\n<\/section>\n\n\n<div style=\"height:49px\" aria-hidden=\"true\" class=\"wp-block-spacer\"><\/div>\n\n\n<section  class=\"nfc-block-breadcrumbs alignwide\">\n    <div class=\"wrapper contained\">\n        <ol class=\"breadcrumbs\" itemscope itemtype=\"https:\/\/schema.org\/BreadcrumbList\">\n            <li itemprop=\"itemListElement\" itemscope itemtype=\"https:\/\/schema.org\/ListItem\">\n            \n\n                            <span class=\"current\" itemprop=\"name\">Hem<\/span>\n            \n            <meta itemprop=\"position\" content=\"1\" \/>\n        <\/li>\n    <\/ol>    <\/div>\n<\/section>\n\n\n<div class=\"wp-block-group alignfull is-layout-constrained wp-block-group-is-layout-constrained\">\n<div style=\"height:var(--wp--preset--spacing--80)\" aria-hidden=\"true\" class=\"wp-block-spacer\"><\/div>\n\n\n\n<p class=\"has-text-align-center\">V\u00e5ra r\u00e5dgivare \u00e4r samtliga sj\u00e4lva egna f\u00f6retagare, med erfarenhet av vad det inneb\u00e4r att b\u00f6rja fr\u00e5n b\u00f6rjan. De har ocks\u00e5 n\u00e4tverk i sina respektive hemorter, en lokal f\u00f6rankring och kan guida dig till n\u00e4ringslivskontakter som du kan ha stor nytta av i ditt blivande aff\u00e4rsliv.<\/p>\n\n\n\n<div style=\"height:21px\" aria-hidden=\"true\" class=\"wp-block-spacer\"><\/div>\n\n\n\n<div class=\"wp-block-buttons is-content-justification-center is-layout-flex wp-container-core-buttons-is-layout-1 wp-block-buttons-is-layout-flex\">\n<div class=\"wp-block-button is-style-outline\"><a class=\"wp-block-button__link wp-element-button\" href=\"https:\/\/jobsdata-nyforetagarcentrum.se\/ExternBooking?OfficeId=c40f856b-f45a-eb11-90fb-005056854b61&amp;_gl=1*p1lakf*_ga*MTEwMzcxNDIwNC4xNzQxNjk1OTY4*_ga_9RRJJK0Y4R*MTc0NDI4NDkxOC4yMC4xLjE3NDQyODY5MjguMjkuMC4w\">Boka r\u00e5dgivning h\u00e4r<\/a><\/div>\n<\/div>\n\n\n\n<div style=\"height:var(--wp--preset--spacing--80)\" aria-hidden=\"true\" class=\"wp-block-spacer\"><\/div>\n<\/div>\n\n\n<section  class=\"nfc-block-person_grid alignwide layout-large\">\n    <div class=\"contained\">\n        <div class=\"grid\">\n            <div class=\"person-large-card\">\n    \n    <div class=\"featured_image\">\n                    <img loading=\"lazy\" decoding=\"async\" width=\"846\" height=\"1024\" src=\"https:\/\/nyforetagarcentrum.se\/eslov\/wp-content\/uploads\/sites\/98\/2024\/05\/240520_Bjoern_CBM_3973-scaled-e1718374686480-846x1024.jpg\" class=\"attachment-large size-large\" alt=\"\" srcset=\"https:\/\/nyforetagarcentrum.se\/eslov\/wp-content\/uploads\/sites\/98\/2024\/05\/240520_Bjoern_CBM_3973-scaled-e1718374686480-846x1024.jpg 846w, https:\/\/nyforetagarcentrum.se\/eslov\/wp-content\/uploads\/sites\/98\/2024\/05\/240520_Bjoern_CBM_3973-scaled-e1718374686480-248x300.jpg 248w, https:\/\/nyforetagarcentrum.se\/eslov\/wp-content\/uploads\/sites\/98\/2024\/05\/240520_Bjoern_CBM_3973-scaled-e1718374686480-768x930.jpg 768w, https:\/\/nyforetagarcentrum.se\/eslov\/wp-content\/uploads\/sites\/98\/2024\/05\/240520_Bjoern_CBM_3973-scaled-e1718374686480-1268x1536.jpg 1268w, https:\/\/nyforetagarcentrum.se\/eslov\/wp-content\/uploads\/sites\/98\/2024\/05\/240520_Bjoern_CBM_3973-scaled-e1718374686480-1691x2048.jpg 1691w, https:\/\/nyforetagarcentrum.se\/eslov\/wp-content\/uploads\/sites\/98\/2024\/05\/240520_Bjoern_CBM_3973-scaled-e1718374686480-892x1080.jpg 892w, https:\/\/nyforetagarcentrum.se\/eslov\/wp-content\/uploads\/sites\/98\/2024\/05\/240520_Bjoern_CBM_3973-scaled-e1718374686480.jpg 1920w\" sizes=\"(max-width: 846px) 100vw, 846px\" \/>            <\/div>\n\n    <div class=\"content-wrapper\">\n        <h3>Bj\u00f6rn \u00d6dman<\/h3>\n\n                    <div class=\"excerpt\">\n                Bj\u00f6rn har varit verksam i flera branscher men med st\u00f6rst fokus p\u00e5 IT. Bland erfarenheterna kan ocks\u00e5 n\u00e4mnas marknadsf\u00f6ring och ekonomi f\u00f6r sm\u00e5f\u00f6retagare.<br \/>\r\nF\u00f6r n\u00e4rvarande \u00e4r Bj\u00f6rn del\u00e4gare och VD f\u00f6r ett lokalt IT-f\u00f6retag men \u00e4r ocks\u00e5 verksam och synlig inom Nyf\u00f6retagarcentrum och Rotary.            <\/div>\n        \n        <div class=\"links\">\n\n                            <a href=\"tel:0703-21 60 94\">\n                    0703-21 60 94                <\/a>\n            \n                            <a href=\"mailto:eslov@nyforetagarcentrum.se\">\n                    eslov@nyforetagarcentrum.se                <\/a>\n                    <\/div>\n        \n    <\/div>\n<\/div>        <\/div>\n    <\/div>\n<\/section>\n\n\n<div style=\"height:100px\" aria-hidden=\"true\" class=\"wp-block-spacer\"><\/div>\n","protected":false},"excerpt":{"rendered":"<p>V\u00e5ra r\u00e5dgivare \u00e4r samtliga sj\u00e4lva egna f\u00f6retagare, med erfarenhet av vad det inneb\u00e4r att b\u00f6rja fr\u00e5n b\u00f6rjan. De har ocks\u00e5 n\u00e4tverk i sina respektive hemorter, en lokal f\u00f6rankring och kan guida dig till n\u00e4ringslivskontakter som du kan ha stor nytta av i ditt blivande aff\u00e4rsliv.<\/p>\n","protected":false},"author":1,"featured_media":0,"parent":0,"menu_order":0,"comment_status":"closed","ping_status":"closed","template":"","meta":{"footnotes":""},"acf":[],"yoast_head":"<!-- This site is optimized with the Yoast SEO plugin v22.9 - https:\/\/yoast.com\/wordpress\/plugins\/seo\/ -->\n<title>V\u00e5ra r\u00e5dgivare - Esl\u00f6v<\/title>\n<meta name=\"description\" content=\"L\u00e4s vilka r\u00e5dgivarna f\u00f6r NFC Esl\u00f6v \u00e4r. Alla r\u00e5dgivare \u00e4r egna f\u00f6retagare, med erfarenhet av vad det inneb\u00e4r att b\u00f6rja fr\u00e5n b\u00f6rjan.\" \/>\n<meta name=\"robots\" content=\"index, follow, max-snippet:-1, max-image-preview:large, max-video-preview:-1\" \/>\n<link rel=\"canonical\" href=\"https:\/\/nyforetagarcentrum.se\/eslov\/vara-radgivare\/\" \/>\n<meta property=\"og:locale\" content=\"sv_SE\" \/>\n<meta property=\"og:type\" content=\"article\" \/>\n<meta property=\"og:title\" content=\"V\u00e5ra r\u00e5dgivare - Esl\u00f6v\" \/>\n<meta property=\"og:description\" content=\"L\u00e4s vilka r\u00e5dgivarna f\u00f6r NFC Esl\u00f6v \u00e4r. Alla r\u00e5dgivare \u00e4r egna f\u00f6retagare, med erfarenhet av vad det inneb\u00e4r att b\u00f6rja fr\u00e5n b\u00f6rjan.\" \/>\n<meta property=\"og:url\" content=\"https:\/\/nyforetagarcentrum.se\/eslov\/vara-radgivare\/\" \/>\n<meta property=\"og:site_name\" content=\"Esl\u00f6v\" \/>\n<meta property=\"article:modified_time\" content=\"2025-04-10T12:09:32+00:00\" \/>\n<meta name=\"twitter:card\" content=\"summary_large_image\" \/>\n<meta name=\"twitter:label1\" content=\"Ber\u00e4knad l\u00e4stid\" \/>\n\t<meta name=\"twitter:data1\" content=\"1 minut\" \/>\n<script type=\"application\/ld+json\" class=\"yoast-schema-graph\">{\"@context\":\"https:\/\/schema.org\",\"@graph\":[{\"@type\":\"WebPage\",\"@id\":\"https:\/\/nyforetagarcentrum.se\/eslov\/vara-radgivare\/\",\"url\":\"https:\/\/nyforetagarcentrum.se\/eslov\/vara-radgivare\/\",\"name\":\"V\u00e5ra r\u00e5dgivare - Esl\u00f6v\",\"isPartOf\":{\"@id\":\"https:\/\/nyforetagarcentrum.se\/eslov\/#website\"},\"datePublished\":\"2024-02-29T12:59:39+00:00\",\"dateModified\":\"2025-04-10T12:09:32+00:00\",\"description\":\"L\u00e4s vilka r\u00e5dgivarna f\u00f6r NFC Esl\u00f6v \u00e4r. Alla r\u00e5dgivare \u00e4r egna f\u00f6retagare, med erfarenhet av vad det inneb\u00e4r att b\u00f6rja fr\u00e5n b\u00f6rjan.\",\"breadcrumb\":{\"@id\":\"https:\/\/nyforetagarcentrum.se\/eslov\/vara-radgivare\/#breadcrumb\"},\"inLanguage\":\"sv-SE\",\"potentialAction\":[{\"@type\":\"ReadAction\",\"target\":[\"https:\/\/nyforetagarcentrum.se\/eslov\/vara-radgivare\/\"]}]},{\"@type\":\"BreadcrumbList\",\"@id\":\"https:\/\/nyforetagarcentrum.se\/eslov\/vara-radgivare\/#breadcrumb\",\"itemListElement\":[{\"@type\":\"ListItem\",\"position\":1,\"name\":\"Hem\",\"item\":\"https:\/\/nyforetagarcentrum.se\/eslov\/\"},{\"@type\":\"ListItem\",\"position\":2,\"name\":\"V\u00e5ra r\u00e5dgivare\"}]},{\"@type\":\"WebSite\",\"@id\":\"https:\/\/nyforetagarcentrum.se\/eslov\/#website\",\"url\":\"https:\/\/nyforetagarcentrum.se\/eslov\/\",\"name\":\"Esl\u00f6v\",\"description\":\"Sveriges ledande kraft f\u00f6r fler nya livskraftiga f\u00f6retag\",\"publisher\":{\"@id\":\"https:\/\/nyforetagarcentrum.se\/eslov\/#organization\"},\"potentialAction\":[{\"@type\":\"SearchAction\",\"target\":{\"@type\":\"EntryPoint\",\"urlTemplate\":\"https:\/\/nyforetagarcentrum.se\/eslov\/?s={search_term_string}\"},\"query-input\":\"required name=search_term_string\"}],\"inLanguage\":\"sv-SE\"},{\"@type\":\"Organization\",\"@id\":\"https:\/\/nyforetagarcentrum.se\/eslov\/#organization\",\"name\":\"Esl\u00f6v\",\"url\":\"https:\/\/nyforetagarcentrum.se\/eslov\/\",\"logo\":{\"@type\":\"ImageObject\",\"inLanguage\":\"sv-SE\",\"@id\":\"https:\/\/nyforetagarcentrum.se\/eslov\/#\/schema\/logo\/image\/\",\"url\":\"https:\/\/nyforetagarcentrum.se\/eslov\/wp-content\/uploads\/sites\/98\/2024\/05\/cropped-NFC_Eslov_194x90-1.png\",\"contentUrl\":\"https:\/\/nyforetagarcentrum.se\/eslov\/wp-content\/uploads\/sites\/98\/2024\/05\/cropped-NFC_Eslov_194x90-1.png\",\"width\":194,\"height\":90,\"caption\":\"Esl\u00f6v\"},\"image\":{\"@id\":\"https:\/\/nyforetagarcentrum.se\/eslov\/#\/schema\/logo\/image\/\"}}]}<\/script>\n<!-- \/ Yoast SEO plugin. -->","yoast_head_json":{"title":"V\u00e5ra r\u00e5dgivare - Esl\u00f6v","description":"L\u00e4s vilka r\u00e5dgivarna f\u00f6r NFC Esl\u00f6v \u00e4r. Alla r\u00e5dgivare \u00e4r egna f\u00f6retagare, med erfarenhet av vad det inneb\u00e4r att b\u00f6rja fr\u00e5n b\u00f6rjan.","robots":{"index":"index","follow":"follow","max-snippet":"max-snippet:-1","max-image-preview":"max-image-preview:large","max-video-preview":"max-video-preview:-1"},"canonical":"https:\/\/nyforetagarcentrum.se\/eslov\/vara-radgivare\/","og_locale":"sv_SE","og_type":"article","og_title":"V\u00e5ra r\u00e5dgivare - Esl\u00f6v","og_description":"L\u00e4s vilka r\u00e5dgivarna f\u00f6r NFC Esl\u00f6v \u00e4r. Alla r\u00e5dgivare \u00e4r egna f\u00f6retagare, med erfarenhet av vad det inneb\u00e4r att b\u00f6rja fr\u00e5n b\u00f6rjan.","og_url":"https:\/\/nyforetagarcentrum.se\/eslov\/vara-radgivare\/","og_site_name":"Esl\u00f6v","article_modified_time":"2025-04-10T12:09:32+00:00","twitter_card":"summary_large_image","twitter_misc":{"Ber\u00e4knad l\u00e4stid":"1 minut"},"schema":{"@context":"https:\/\/schema.org","@graph":[{"@type":"WebPage","@id":"https:\/\/nyforetagarcentrum.se\/eslov\/vara-radgivare\/","url":"https:\/\/nyforetagarcentrum.se\/eslov\/vara-radgivare\/","name":"V\u00e5ra r\u00e5dgivare - Esl\u00f6v","isPartOf":{"@id":"https:\/\/nyforetagarcentrum.se\/eslov\/#website"},"datePublished":"2024-02-29T12:59:39+00:00","dateModified":"2025-04-10T12:09:32+00:00","description":"L\u00e4s vilka r\u00e5dgivarna f\u00f6r NFC Esl\u00f6v \u00e4r. Alla r\u00e5dgivare \u00e4r egna f\u00f6retagare, med erfarenhet av vad det inneb\u00e4r att b\u00f6rja fr\u00e5n b\u00f6rjan.","breadcrumb":{"@id":"https:\/\/nyforetagarcentrum.se\/eslov\/vara-radgivare\/#breadcrumb"},"inLanguage":"sv-SE","potentialAction":[{"@type":"ReadAction","target":["https:\/\/nyforetagarcentrum.se\/eslov\/vara-radgivare\/"]}]},{"@type":"BreadcrumbList","@id":"https:\/\/nyforetagarcentrum.se\/eslov\/vara-radgivare\/#breadcrumb","itemListElement":[{"@type":"ListItem","position":1,"name":"Hem","item":"https:\/\/nyforetagarcentrum.se\/eslov\/"},{"@type":"ListItem","position":2,"name":"V\u00e5ra r\u00e5dgivare"}]},{"@type":"WebSite","@id":"https:\/\/nyforetagarcentrum.se\/eslov\/#website","url":"https:\/\/nyforetagarcentrum.se\/eslov\/","name":"Esl\u00f6v","description":"Sveriges ledande kraft f\u00f6r fler nya livskraftiga f\u00f6retag","publisher":{"@id":"https:\/\/nyforetagarcentrum.se\/eslov\/#organization"},"potentialAction":[{"@type":"SearchAction","target":{"@type":"EntryPoint","urlTemplate":"https:\/\/nyforetagarcentrum.se\/eslov\/?s={search_term_string}"},"query-input":"required name=search_term_string"}],"inLanguage":"sv-SE"},{"@type":"Organization","@id":"https:\/\/nyforetagarcentrum.se\/eslov\/#organization","name":"Esl\u00f6v","url":"https:\/\/nyforetagarcentrum.se\/eslov\/","logo":{"@type":"ImageObject","inLanguage":"sv-SE","@id":"https:\/\/nyforetagarcentrum.se\/eslov\/#\/schema\/logo\/image\/","url":"https:\/\/nyforetagarcentrum.se\/eslov\/wp-content\/uploads\/sites\/98\/2024\/05\/cropped-NFC_Eslov_194x90-1.png","contentUrl":"https:\/\/nyforetagarcentrum.se\/eslov\/wp-content\/uploads\/sites\/98\/2024\/05\/cropped-NFC_Eslov_194x90-1.png","width":194,"height":90,"caption":"Esl\u00f6v"},"image":{"@id":"https:\/\/nyforetagarcentrum.se\/eslov\/#\/schema\/logo\/image\/"}}]}},"_links":{"self":[{"href":"https:\/\/nyforetagarcentrum.se\/eslov\/wp-json\/wp\/v2\/pages\/239"}],"collection":[{"href":"https:\/\/nyforetagarcentrum.se\/eslov\/wp-json\/wp\/v2\/pages"}],"about":[{"href":"https:\/\/nyforetagarcentrum.se\/eslov\/wp-json\/wp\/v2\/types\/page"}],"author":[{"embeddable":true,"href":"https:\/\/nyforetagarcentrum.se\/eslov\/wp-json\/wp\/v2\/users\/1"}],"replies":[{"embeddable":true,"href":"https:\/\/nyforetagarcentrum.se\/eslov\/wp-json\/wp\/v2\/comments?post=239"}],"version-history":[{"count":61,"href":"https:\/\/nyforetagarcentrum.se\/eslov\/wp-json\/wp\/v2\/pages\/239\/revisions"}],"predecessor-version":[{"id":2243,"href":"https:\/\/nyforetagarcentrum.se\/eslov\/wp-json\/wp\/v2\/pages\/239\/revisions\/2243"}],"wp:attachment":[{"href":"https:\/\/nyforetagarcentrum.se\/eslov\/wp-json\/wp\/v2\/media?parent=239"}],"curies":[{"name":"wp","href":"https:\/\/api.w.org\/{rel}","templated":true}]}}