{"id":128,"date":"2024-02-22T11:27:10","date_gmt":"2024-02-22T10:27:10","guid":{"rendered":"https:\/\/nyforetagarcentrum.se\/eskilstuna\/?page_id=128"},"modified":"2025-02-21T09:08:18","modified_gmt":"2025-02-21T08:08:18","slug":"mentor","status":"publish","type":"page","link":"https:\/\/nyforetagarcentrum.se\/eskilstuna\/mentor\/","title":{"rendered":"Mentor"},"content":{"rendered":"<section  class=\"nfc-block-breadcrumbs alignwide\">\n    <div class=\"wrapper contained\">\n        <ol class=\"breadcrumbs\" itemscope itemtype=\"https:\/\/schema.org\/BreadcrumbList\">\n            <li itemprop=\"itemListElement\" itemscope itemtype=\"https:\/\/schema.org\/ListItem\">\n            \n\n                            <span class=\"current\" itemprop=\"name\">Hem<\/span>\n            \n            <meta itemprop=\"position\" content=\"1\" \/>\n        <\/li>\n    <\/ol>    <\/div>\n<\/section>\n\n\n<div style=\"height:var(--wp--preset--spacing--50)\" aria-hidden=\"true\" class=\"wp-block-spacer\"><\/div>\n\n\n<section  class=\"nfc-block-split_screen alignwide image_alignment-left\">\n    <div class=\"wrapper\">\n        <div class=\"nfc-block-split_screen__image-wrapper\">\n            <img loading=\"lazy\" decoding=\"async\" width=\"1470\" height=\"980\" src=\"https:\/\/nyforetagarcentrum.se\/eskilstuna\/wp-content\/uploads\/sites\/63\/2024\/02\/ff0c142f817a811d1f53e3e824c71240.png\" class=\"attachment-landscape size-landscape\" alt=\"\" srcset=\"https:\/\/nyforetagarcentrum.se\/eskilstuna\/wp-content\/uploads\/sites\/63\/2024\/02\/ff0c142f817a811d1f53e3e824c71240.png 1470w, https:\/\/nyforetagarcentrum.se\/eskilstuna\/wp-content\/uploads\/sites\/63\/2024\/02\/ff0c142f817a811d1f53e3e824c71240-300x200.png 300w, https:\/\/nyforetagarcentrum.se\/eskilstuna\/wp-content\/uploads\/sites\/63\/2024\/02\/ff0c142f817a811d1f53e3e824c71240-1024x683.png 1024w, https:\/\/nyforetagarcentrum.se\/eskilstuna\/wp-content\/uploads\/sites\/63\/2024\/02\/ff0c142f817a811d1f53e3e824c71240-768x512.png 768w\" sizes=\"(max-width: 1470px) 100vw, 1470px\" \/>        <\/div>\n\n        <div class=\"nfc-block-split_screen__content-wrapper\">\n            <h1>\u00c4r du intresserad av att delta i v\u00e5rt mentorsprogram?<\/h1>\n<div>\n<p>Livet som ny f\u00f6retagare \u00e4r inte l\u00e4tt, det \u00e4r m\u00e5nga utmaningar och problem man st\u00e4lls inf\u00f6r. Med\u00a0<b>st\u00f6d och support<\/b>\u00a0av en mentor, en\u00a0<b>oberoende och erfaren<\/b>\u00a0f\u00f6retagare, underl\u00e4ttas starten enormt.<\/p>\n<p>Nyf\u00f6retagarCentrums mentorer arbetar\u00a0<b>ideellt<\/b>\u00a0och erbjuder adepterna sina\u00a0<b>erfarenheter och kunskaper<\/b>\u00a0likv\u00e4l som sina\u00a0<b>n\u00e4tverk<\/b>. Under 12 m\u00e5nader har man m\u00f6jlighet att\u00a0<b>kostnadsfritt<\/b>\u00a0f\u00e5: n\u00e5gon att\u00a0<b>bolla med<\/b>\u00a0och utmana id\u00e9er, hj\u00e4lpen att hitta de l\u00e4mpligaste l\u00f6sningarna och komma till beslut, utveckling av\u00a0<b>kommunikation<\/b>\u00a0och\u00a0<b>n\u00e4tverkande\u00a0<\/b>men framf\u00f6r allt\u2026. n\u00e5gon som utan baktankar <b>st\u00f6ttar, motiverar<\/b>\u00a0och hj\u00e4lper till att\u00a0<b>h\u00e5lla fokus<\/b>\u00a0fram\u00e5t.<\/p>\n<\/div>\n\n                            <div class=\"nfc-block-split_screen__buttons\">\n                                            <a href=\"\/mentor\" class=\"button primary\">L\u00e4s mer och anm\u00e4l dig h\u00e4r<\/a>\n                                    <\/div>\n            \n        <\/div>\n    <\/div>\n<\/section>\n\n\n<div style=\"height:100px\" aria-hidden=\"true\" class=\"wp-block-spacer\"><\/div>\n\n\n<section  class=\"nfc-block-featured_cards alignwide\">\n    <div class=\"wrapper contained\">\n                    <a href='\/successtory' class=\"featured-card\">\n                <div class=\"featured-card__image\">\n                                            <img loading=\"lazy\" decoding=\"async\" width=\"1472\" height=\"1080\" src=\"https:\/\/nyforetagarcentrum.se\/eskilstuna\/wp-content\/uploads\/sites\/63\/2024\/02\/Nyforetagare-ung-kvinna-2-LOW-1472x1080.jpg\" class=\"attachment-landscape size-landscape\" alt=\"\" srcset=\"https:\/\/nyforetagarcentrum.se\/eskilstuna\/wp-content\/uploads\/sites\/63\/2024\/02\/Nyforetagare-ung-kvinna-2-LOW-1472x1080.jpg 1472w, https:\/\/nyforetagarcentrum.se\/eskilstuna\/wp-content\/uploads\/sites\/63\/2024\/02\/Nyforetagare-ung-kvinna-2-LOW-300x220.jpg 300w, https:\/\/nyforetagarcentrum.se\/eskilstuna\/wp-content\/uploads\/sites\/63\/2024\/02\/Nyforetagare-ung-kvinna-2-LOW-1024x751.jpg 1024w, https:\/\/nyforetagarcentrum.se\/eskilstuna\/wp-content\/uploads\/sites\/63\/2024\/02\/Nyforetagare-ung-kvinna-2-LOW-768x564.jpg 768w, https:\/\/nyforetagarcentrum.se\/eskilstuna\/wp-content\/uploads\/sites\/63\/2024\/02\/Nyforetagare-ung-kvinna-2-LOW.jpg 1476w\" sizes=\"(max-width: 1472px) 100vw, 1472px\" \/>                                    \n                <\/div>\n                <div class=\"featured-card__content\">\n                                            <div class=\"tag\">Mentorsprogram<\/div>\n                                        \n                    <h2 class=\"title\">Person 1 deltog i v\u00e5rt mentorsprogram<\/h2>\n\n                                            <div class=\"description\">Lyft g\u00e4rna fram n\u00e5gra som har g\u00e5tt i mentorsprogrammet via er och visa vilka framg\u00e5ngar de har gjort.<\/div>\n                    \n                                            <div class=\"link-row\">\n                            L\u00e4s mer                            <div class=\"icon icon-external\"><\/div>\n                    <\/div>\n                                    <\/div>\n            <\/a>\n                    <a href='\/successtory' class=\"featured-card\">\n                <div class=\"featured-card__image\">\n                                            <img loading=\"lazy\" decoding=\"async\" width=\"1476\" height=\"992\" src=\"https:\/\/nyforetagarcentrum.se\/eskilstuna\/wp-content\/uploads\/sites\/63\/2024\/02\/Nyforetagare-LOW.jpg\" class=\"attachment-landscape size-landscape\" alt=\"\" srcset=\"https:\/\/nyforetagarcentrum.se\/eskilstuna\/wp-content\/uploads\/sites\/63\/2024\/02\/Nyforetagare-LOW.jpg 1476w, https:\/\/nyforetagarcentrum.se\/eskilstuna\/wp-content\/uploads\/sites\/63\/2024\/02\/Nyforetagare-LOW-300x202.jpg 300w, https:\/\/nyforetagarcentrum.se\/eskilstuna\/wp-content\/uploads\/sites\/63\/2024\/02\/Nyforetagare-LOW-1024x688.jpg 1024w, https:\/\/nyforetagarcentrum.se\/eskilstuna\/wp-content\/uploads\/sites\/63\/2024\/02\/Nyforetagare-LOW-768x516.jpg 768w\" sizes=\"(max-width: 1476px) 100vw, 1476px\" \/>                                    \n                <\/div>\n                <div class=\"featured-card__content\">\n                                            <div class=\"tag\">Mentorsprogrammet<\/div>\n                                        \n                    <h2 class=\"title\">Person 2<\/h2>\n\n                    \n                                            <div class=\"link-row\">\n                            L\u00e4s mer                            <div class=\"icon icon-external\"><\/div>\n                    <\/div>\n                                    <\/div>\n            <\/a>\n                    <div  class=\"featured-card\">\n                <div class=\"featured-card__image\">\n                                            <img loading=\"lazy\" decoding=\"async\" width=\"925\" height=\"752\" src=\"https:\/\/nyforetagarcentrum.se\/eskilstuna\/wp-content\/uploads\/sites\/63\/2024\/02\/Skarmbild-2023-09-26-152547.png\" class=\"attachment-landscape size-landscape\" alt=\"\" srcset=\"https:\/\/nyforetagarcentrum.se\/eskilstuna\/wp-content\/uploads\/sites\/63\/2024\/02\/Skarmbild-2023-09-26-152547.png 925w, https:\/\/nyforetagarcentrum.se\/eskilstuna\/wp-content\/uploads\/sites\/63\/2024\/02\/Skarmbild-2023-09-26-152547-300x244.png 300w, https:\/\/nyforetagarcentrum.se\/eskilstuna\/wp-content\/uploads\/sites\/63\/2024\/02\/Skarmbild-2023-09-26-152547-768x624.png 768w\" sizes=\"(max-width: 925px) 100vw, 925px\" \/>                                    \n                <\/div>\n                <div class=\"featured-card__content\">\n                                            <div class=\"tag\">Ungt f\u00f6retagande<\/div>\n                                        \n                    <h2 class=\"title\">Person 3<\/h2>\n\n                    \n                                            <div class=\"link-row\">\n                            L\u00e4s mer                            <div class=\"icon icon-external\"><\/div>\n                    <\/div>\n                                    <\/div>\n            <\/div>\n            <\/div>\n<\/section>\n\n\n<h2 class=\"wp-block-heading alignwide has-x-large-font-size\">Mentorhandledare hos Nyf\u00f6retagarCentrum [ortsnamn]<\/h2>\n\n\n<section  class=\"nfc-block-person_grid alignwide layout-featured\">\n    <div class=\"contained\">\n        <div class=\"grid\">\n            <div class=\"person-featured-card\">\n    \n    <div class=\"featured_image\">\n                    <img loading=\"lazy\" decoding=\"async\" width=\"600\" height=\"400\" src=\"https:\/\/nyforetagarcentrum.se\/eskilstuna\/wp-content\/uploads\/sites\/63\/2024\/04\/Jeanette-Hellgren-4.jpg\" class=\"attachment-large size-large\" alt=\"\" srcset=\"https:\/\/nyforetagarcentrum.se\/eskilstuna\/wp-content\/uploads\/sites\/63\/2024\/04\/Jeanette-Hellgren-4.jpg 600w, https:\/\/nyforetagarcentrum.se\/eskilstuna\/wp-content\/uploads\/sites\/63\/2024\/04\/Jeanette-Hellgren-4-300x200.jpg 300w\" sizes=\"(max-width: 600px) 100vw, 600px\" \/>            <\/div>\n\n    <div class=\"content-wrapper\">\n        <h3>Jeanette Hellgren<\/h3>\n\n                    <div class=\"tags\">\n                Inriktning:\n                                    <span class=\"tag small\">Mentorprogrammet<\/span>\n                            <\/div>\n        \n                    <div class=\"excerpt\">\n                Jeanette Hellgren, diplomerad r\u00e5dgivare. Jeanette ansvarar f\u00f6r Mentorprogrammet i Eskilstuna, en viktig roll d\u00e4r hon ansvarar f\u00f6r matchning mellan nyf\u00f6retagare och etablerade f\u00f6retagare som sedan tr\u00e4ffas under ett \u00e5r. Hon driver sedan m\u00e5nga \u00e5r tillbaka eget f\u00f6retag och \u00e4r \u00e4ven v\u00e5rt administrativa st\u00f6d i verksamheten.                <br\/>\n                            <\/div>\n        \n            <\/div>\n<\/div>        <\/div>\n    <\/div>\n<\/section>\n\n\n<div style=\"height:100px\" aria-hidden=\"true\" class=\"wp-block-spacer\"><\/div>\n","protected":false},"excerpt":{"rendered":"<p>Mentorhandledare hos Nyf\u00f6retagarCentrum [ortsnamn]<\/p>\n","protected":false},"author":1,"featured_media":0,"parent":0,"menu_order":0,"comment_status":"closed","ping_status":"closed","template":"","meta":{"footnotes":""},"acf":[],"yoast_head":"<!-- This site is optimized with the Yoast SEO plugin v22.9 - https:\/\/yoast.com\/wordpress\/plugins\/seo\/ -->\n<title>Mentor - Eskilstuna<\/title>\n<meta name=\"robots\" content=\"index, follow, max-snippet:-1, max-image-preview:large, max-video-preview:-1\" \/>\n<link rel=\"canonical\" href=\"https:\/\/nyforetagarcentrum.se\/eskilstuna\/mentor\/\" \/>\n<meta property=\"og:locale\" content=\"sv_SE\" \/>\n<meta property=\"og:type\" content=\"article\" \/>\n<meta property=\"og:title\" content=\"Mentor - Eskilstuna\" \/>\n<meta property=\"og:description\" content=\"Mentorhandledare hos Nyf\u00f6retagarCentrum [ortsnamn]\" \/>\n<meta property=\"og:url\" content=\"https:\/\/nyforetagarcentrum.se\/eskilstuna\/mentor\/\" \/>\n<meta property=\"og:site_name\" content=\"Eskilstuna\" \/>\n<meta property=\"article:modified_time\" content=\"2025-02-21T08:08:18+00:00\" \/>\n<meta name=\"twitter:card\" content=\"summary_large_image\" \/>\n<meta name=\"twitter:label1\" content=\"Ber\u00e4knad l\u00e4stid\" \/>\n\t<meta name=\"twitter:data1\" content=\"1 minut\" \/>\n<script type=\"application\/ld+json\" class=\"yoast-schema-graph\">{\"@context\":\"https:\/\/schema.org\",\"@graph\":[{\"@type\":\"WebPage\",\"@id\":\"https:\/\/nyforetagarcentrum.se\/eskilstuna\/mentor\/\",\"url\":\"https:\/\/nyforetagarcentrum.se\/eskilstuna\/mentor\/\",\"name\":\"Mentor - Eskilstuna\",\"isPartOf\":{\"@id\":\"https:\/\/nyforetagarcentrum.se\/eskilstuna\/#website\"},\"datePublished\":\"2024-02-22T10:27:10+00:00\",\"dateModified\":\"2025-02-21T08:08:18+00:00\",\"breadcrumb\":{\"@id\":\"https:\/\/nyforetagarcentrum.se\/eskilstuna\/mentor\/#breadcrumb\"},\"inLanguage\":\"sv-SE\",\"potentialAction\":[{\"@type\":\"ReadAction\",\"target\":[\"https:\/\/nyforetagarcentrum.se\/eskilstuna\/mentor\/\"]}]},{\"@type\":\"BreadcrumbList\",\"@id\":\"https:\/\/nyforetagarcentrum.se\/eskilstuna\/mentor\/#breadcrumb\",\"itemListElement\":[{\"@type\":\"ListItem\",\"position\":1,\"name\":\"Hem\",\"item\":\"https:\/\/nyforetagarcentrum.se\/eskilstuna\/\"},{\"@type\":\"ListItem\",\"position\":2,\"name\":\"Mentor\"}]},{\"@type\":\"WebSite\",\"@id\":\"https:\/\/nyforetagarcentrum.se\/eskilstuna\/#website\",\"url\":\"https:\/\/nyforetagarcentrum.se\/eskilstuna\/\",\"name\":\"Eskilstuna\",\"description\":\"Sveriges ledande kraft f\u00f6r fler nya livskraftiga f\u00f6retag\",\"publisher\":{\"@id\":\"https:\/\/nyforetagarcentrum.se\/eskilstuna\/#organization\"},\"potentialAction\":[{\"@type\":\"SearchAction\",\"target\":{\"@type\":\"EntryPoint\",\"urlTemplate\":\"https:\/\/nyforetagarcentrum.se\/eskilstuna\/?s={search_term_string}\"},\"query-input\":\"required name=search_term_string\"}],\"inLanguage\":\"sv-SE\"},{\"@type\":\"Organization\",\"@id\":\"https:\/\/nyforetagarcentrum.se\/eskilstuna\/#organization\",\"name\":\"Eskilstuna\",\"url\":\"https:\/\/nyforetagarcentrum.se\/eskilstuna\/\",\"logo\":{\"@type\":\"ImageObject\",\"inLanguage\":\"sv-SE\",\"@id\":\"https:\/\/nyforetagarcentrum.se\/eskilstuna\/#\/schema\/logo\/image\/\",\"url\":\"https:\/\/nyforetagarcentrum.se\/eskilstuna\/wp-content\/uploads\/sites\/63\/2024\/04\/Eskilstuna-1.png\",\"contentUrl\":\"https:\/\/nyforetagarcentrum.se\/eskilstuna\/wp-content\/uploads\/sites\/63\/2024\/04\/Eskilstuna-1.png\",\"width\":1082,\"height\":542,\"caption\":\"Eskilstuna\"},\"image\":{\"@id\":\"https:\/\/nyforetagarcentrum.se\/eskilstuna\/#\/schema\/logo\/image\/\"}}]}<\/script>\n<!-- \/ Yoast SEO plugin. -->","yoast_head_json":{"title":"Mentor - Eskilstuna","robots":{"index":"index","follow":"follow","max-snippet":"max-snippet:-1","max-image-preview":"max-image-preview:large","max-video-preview":"max-video-preview:-1"},"canonical":"https:\/\/nyforetagarcentrum.se\/eskilstuna\/mentor\/","og_locale":"sv_SE","og_type":"article","og_title":"Mentor - Eskilstuna","og_description":"Mentorhandledare hos Nyf\u00f6retagarCentrum [ortsnamn]","og_url":"https:\/\/nyforetagarcentrum.se\/eskilstuna\/mentor\/","og_site_name":"Eskilstuna","article_modified_time":"2025-02-21T08:08:18+00:00","twitter_card":"summary_large_image","twitter_misc":{"Ber\u00e4knad l\u00e4stid":"1 minut"},"schema":{"@context":"https:\/\/schema.org","@graph":[{"@type":"WebPage","@id":"https:\/\/nyforetagarcentrum.se\/eskilstuna\/mentor\/","url":"https:\/\/nyforetagarcentrum.se\/eskilstuna\/mentor\/","name":"Mentor - Eskilstuna","isPartOf":{"@id":"https:\/\/nyforetagarcentrum.se\/eskilstuna\/#website"},"datePublished":"2024-02-22T10:27:10+00:00","dateModified":"2025-02-21T08:08:18+00:00","breadcrumb":{"@id":"https:\/\/nyforetagarcentrum.se\/eskilstuna\/mentor\/#breadcrumb"},"inLanguage":"sv-SE","potentialAction":[{"@type":"ReadAction","target":["https:\/\/nyforetagarcentrum.se\/eskilstuna\/mentor\/"]}]},{"@type":"BreadcrumbList","@id":"https:\/\/nyforetagarcentrum.se\/eskilstuna\/mentor\/#breadcrumb","itemListElement":[{"@type":"ListItem","position":1,"name":"Hem","item":"https:\/\/nyforetagarcentrum.se\/eskilstuna\/"},{"@type":"ListItem","position":2,"name":"Mentor"}]},{"@type":"WebSite","@id":"https:\/\/nyforetagarcentrum.se\/eskilstuna\/#website","url":"https:\/\/nyforetagarcentrum.se\/eskilstuna\/","name":"Eskilstuna","description":"Sveriges ledande kraft f\u00f6r fler nya livskraftiga f\u00f6retag","publisher":{"@id":"https:\/\/nyforetagarcentrum.se\/eskilstuna\/#organization"},"potentialAction":[{"@type":"SearchAction","target":{"@type":"EntryPoint","urlTemplate":"https:\/\/nyforetagarcentrum.se\/eskilstuna\/?s={search_term_string}"},"query-input":"required name=search_term_string"}],"inLanguage":"sv-SE"},{"@type":"Organization","@id":"https:\/\/nyforetagarcentrum.se\/eskilstuna\/#organization","name":"Eskilstuna","url":"https:\/\/nyforetagarcentrum.se\/eskilstuna\/","logo":{"@type":"ImageObject","inLanguage":"sv-SE","@id":"https:\/\/nyforetagarcentrum.se\/eskilstuna\/#\/schema\/logo\/image\/","url":"https:\/\/nyforetagarcentrum.se\/eskilstuna\/wp-content\/uploads\/sites\/63\/2024\/04\/Eskilstuna-1.png","contentUrl":"https:\/\/nyforetagarcentrum.se\/eskilstuna\/wp-content\/uploads\/sites\/63\/2024\/04\/Eskilstuna-1.png","width":1082,"height":542,"caption":"Eskilstuna"},"image":{"@id":"https:\/\/nyforetagarcentrum.se\/eskilstuna\/#\/schema\/logo\/image\/"}}]}},"_links":{"self":[{"href":"https:\/\/nyforetagarcentrum.se\/eskilstuna\/wp-json\/wp\/v2\/pages\/128"}],"collection":[{"href":"https:\/\/nyforetagarcentrum.se\/eskilstuna\/wp-json\/wp\/v2\/pages"}],"about":[{"href":"https:\/\/nyforetagarcentrum.se\/eskilstuna\/wp-json\/wp\/v2\/types\/page"}],"author":[{"embeddable":true,"href":"https:\/\/nyforetagarcentrum.se\/eskilstuna\/wp-json\/wp\/v2\/users\/1"}],"replies":[{"embeddable":true,"href":"https:\/\/nyforetagarcentrum.se\/eskilstuna\/wp-json\/wp\/v2\/comments?post=128"}],"version-history":[{"count":19,"href":"https:\/\/nyforetagarcentrum.se\/eskilstuna\/wp-json\/wp\/v2\/pages\/128\/revisions"}],"predecessor-version":[{"id":834,"href":"https:\/\/nyforetagarcentrum.se\/eskilstuna\/wp-json\/wp\/v2\/pages\/128\/revisions\/834"}],"wp:attachment":[{"href":"https:\/\/nyforetagarcentrum.se\/eskilstuna\/wp-json\/wp\/v2\/media?parent=128"}],"curies":[{"name":"wp","href":"https:\/\/api.w.org\/{rel}","templated":true}]}}