{"id":164,"date":"2024-02-27T16:05:17","date_gmt":"2024-02-27T15:05:17","guid":{"rendered":"https:\/\/nyforetagarcentrum.se\/enkoping\/?page_id=164"},"modified":"2024-10-03T14:42:19","modified_gmt":"2024-10-03T12:42:19","slug":"var-styrelse","status":"publish","type":"page","link":"https:\/\/nyforetagarcentrum.se\/enkoping\/var-styrelse\/","title":{"rendered":"V\u00e5r styrelse"},"content":{"rendered":"<section  class=\"nfc-block-hero alignfull\">\n\n    <img loading=\"lazy\" decoding=\"async\" width=\"1475\" height=\"1080\" src=\"https:\/\/nyforetagarcentrum.se\/enkoping\/wp-content\/uploads\/sites\/73\/2024\/02\/Nyforetagare-natverk-grupp-LOW.jpg\" class=\"attachment-landscape size-landscape\" alt=\"\" srcset=\"https:\/\/nyforetagarcentrum.se\/enkoping\/wp-content\/uploads\/sites\/73\/2024\/02\/Nyforetagare-natverk-grupp-LOW.jpg 1476w, https:\/\/nyforetagarcentrum.se\/enkoping\/wp-content\/uploads\/sites\/73\/2024\/02\/Nyforetagare-natverk-grupp-LOW-300x220.jpg 300w, https:\/\/nyforetagarcentrum.se\/enkoping\/wp-content\/uploads\/sites\/73\/2024\/02\/Nyforetagare-natverk-grupp-LOW-1024x750.jpg 1024w, https:\/\/nyforetagarcentrum.se\/enkoping\/wp-content\/uploads\/sites\/73\/2024\/02\/Nyforetagare-natverk-grupp-LOW-768x562.jpg 768w\" sizes=\"(max-width: 1475px) 100vw, 1475px\" \/>\n    <div class=\"contained\">\n        <h1 class=\"nfc-block-hero__heading\">V\u00e5r styrelse<\/h1>\n\n            <\/div>\n<\/section>\n\n\n<div style=\"height:50px\" aria-hidden=\"true\" class=\"wp-block-spacer\"><\/div>\n\n\n<section  class=\"nfc-block-breadcrumbs alignwide\">\n    <div class=\"wrapper contained\">\n        <ol class=\"breadcrumbs\" itemscope itemtype=\"https:\/\/schema.org\/BreadcrumbList\">\n            <li itemprop=\"itemListElement\" itemscope itemtype=\"https:\/\/schema.org\/ListItem\">\n            \n\n                            <span class=\"current\" itemprop=\"name\">Hem<\/span>\n            \n            <meta itemprop=\"position\" content=\"1\" \/>\n        <\/li>\n    <\/ol>    <\/div>\n<\/section>\n\n<section  class=\"nfc-block-person_grid alignwide layout-small\">\n    <div class=\"contained\">\n        <div class=\"grid\">\n            <div class=\"person-card\">\n    \n    \n    <div class=\"content-wrapper\">\n        <div class=\"top\">\n                    <\/div>\n        \n        <h3>Lars Olsson<\/h3>\n\n        <div class=\"excerpt\">\n            Ordf\u00f6rande<br \/>\r\nHandelsbanken        <\/div>\n\n        <div class=\"links\">\n            \n                            <a href=\"mailto:laol01@handelsbanken.se\">\n                    MAIL: laol01@handelsbanken.se                <\/a>\n                    <\/div>\n        \n    <\/div>\n<\/div><div class=\"person-card\">\n    \n    \n    <div class=\"content-wrapper\">\n        <div class=\"top\">\n                    <\/div>\n        \n        <h3>Jihmmy Ingvarsson<\/h3>\n\n        <div class=\"excerpt\">\n            Revisor<br \/>\r\nAdsum Revisorer och F\u00f6retagskonsulter AB<br \/>\r\n        <\/div>\n\n        <div class=\"links\">\n            \n                            <a href=\"mailto:jihmmy.ingvarsson@adsum.se\">\n                    MAIL: jihmmy.ingvarsson@adsum.se                <\/a>\n                    <\/div>\n        \n    <\/div>\n<\/div><div class=\"person-card\">\n    \n    \n    <div class=\"content-wrapper\">\n        <div class=\"top\">\n                    <\/div>\n        \n        <h3>Mattias Asps\u00e4ter<\/h3>\n\n        <div class=\"excerpt\">\n            Vice Ordf\u00f6rande<br \/>\r\nSparbanken i Enk\u00f6ping<br \/>\r\n        <\/div>\n\n        <div class=\"links\">\n            \n                            <a href=\"mailto:mattias.aspsater@sparbankenenkoping.se\">\n                    MAIL: mattias.aspsater@sparbankenenkoping.se                <\/a>\n                    <\/div>\n        \n    <\/div>\n<\/div><div class=\"person-card\">\n    \n    \n    <div class=\"content-wrapper\">\n        <div class=\"top\">\n                    <\/div>\n        \n        <h3>Jimmy Nordberg<\/h3>\n\n        <div class=\"excerpt\">\n            Ledamot<br \/>\r\nL\u00e4nsf\u00f6rs\u00e4kringar        <\/div>\n\n        <div class=\"links\">\n            \n                            <a href=\"mailto:jimmy.nordberg@lansforsakringar.se\">\n                    MAIL: jimmy.nordberg@lansforsakringar.se                <\/a>\n                    <\/div>\n        \n    <\/div>\n<\/div><div class=\"person-card\">\n    \n    \n    <div class=\"content-wrapper\">\n        <div class=\"top\">\n                    <\/div>\n        \n        <h3>Charlotta Stenberg<\/h3>\n\n        <div class=\"excerpt\">\n            Ledamot<br \/>\r\nEnk\u00f6pings Kommun \u2013 N\u00e4ringslivsservice<br \/>\r\n        <\/div>\n\n        <div class=\"links\">\n            \n                            <a href=\"mailto:charlotta.stenberg@enkoping.se\">\n                    MAIL: charlotta.stenberg@enkoping.se                <\/a>\n                    <\/div>\n        \n    <\/div>\n<\/div><div class=\"person-card\">\n    \n    \n    <div class=\"content-wrapper\">\n        <div class=\"top\">\n                    <\/div>\n        \n        <h3>Vakant<\/h3>\n\n        <div class=\"excerpt\">\n            Ledamot<br \/>\r\nH\u00e5bo Kommun &#8211; N\u00e4ringsliv och arbete<br \/>\r\n        <\/div>\n\n        <div class=\"links\">\n            \n                    <\/div>\n        \n    <\/div>\n<\/div><div class=\"person-card\">\n    \n    \n    <div class=\"content-wrapper\">\n        <div class=\"top\">\n                    <\/div>\n        \n        <h3>Peter Th\u00f6rngren<\/h3>\n\n        <div class=\"excerpt\">\n            Suppleant<br \/>\r\nF\u00f6retagarna Enk\u00f6ping<br \/>\r\n        <\/div>\n\n        <div class=\"links\">\n            \n                            <a href=\"mailto:peter@lumoostudio.com\">\n                    MAIL: peter@lumoostudio.com                <\/a>\n                    <\/div>\n        \n    <\/div>\n<\/div><div class=\"person-card\">\n    \n    \n    <div class=\"content-wrapper\">\n        <div class=\"top\">\n                    <\/div>\n        \n        <h3>Vakant<\/h3>\n\n        <div class=\"excerpt\">\n            Suppleant<br \/>\r\n        <\/div>\n\n        <div class=\"links\">\n            \n                    <\/div>\n        \n    <\/div>\n<\/div><div class=\"person-card\">\n    \n    \n    <div class=\"content-wrapper\">\n        <div class=\"top\">\n                    <\/div>\n        \n        <h3>Vakant<\/h3>\n\n        <div class=\"excerpt\">\n            Suppleant<br \/>\r\n<br \/>\r\n        <\/div>\n\n        <div class=\"links\">\n            \n                    <\/div>\n        \n    <\/div>\n<\/div>        <\/div>\n    <\/div>\n<\/section>\n\n\n<div style=\"height:100px\" aria-hidden=\"true\" class=\"wp-block-spacer\"><\/div>\n","protected":false},"excerpt":{"rendered":"","protected":false},"author":1,"featured_media":0,"parent":0,"menu_order":0,"comment_status":"closed","ping_status":"closed","template":"","meta":{"footnotes":""},"acf":[],"yoast_head":"<!-- This site is optimized with the Yoast SEO plugin v22.9 - https:\/\/yoast.com\/wordpress\/plugins\/seo\/ -->\n<title>V\u00e5r styrelse - Enk\u00f6ping<\/title>\n<meta name=\"description\" content=\"L\u00e4s om vilka vi \u00e4r som sitter i styrelsen f\u00f6r Nyf\u00f6retagarcentrum Enk\u00f6ping H\u00e5bo samt vilka roller vi har i n\u00e4ringslivet.\" \/>\n<meta name=\"robots\" content=\"index, follow, max-snippet:-1, max-image-preview:large, max-video-preview:-1\" \/>\n<link rel=\"canonical\" href=\"https:\/\/nyforetagarcentrum.se\/enkoping\/var-styrelse\/\" \/>\n<meta property=\"og:locale\" content=\"sv_SE\" \/>\n<meta property=\"og:type\" content=\"article\" \/>\n<meta property=\"og:title\" content=\"V\u00e5r styrelse - Enk\u00f6ping\" \/>\n<meta property=\"og:description\" content=\"L\u00e4s om vilka vi \u00e4r som sitter i styrelsen f\u00f6r Nyf\u00f6retagarcentrum Enk\u00f6ping H\u00e5bo samt vilka roller vi har i n\u00e4ringslivet.\" \/>\n<meta property=\"og:url\" content=\"https:\/\/nyforetagarcentrum.se\/enkoping\/var-styrelse\/\" \/>\n<meta property=\"og:site_name\" content=\"Enk\u00f6ping\" \/>\n<meta property=\"article:modified_time\" content=\"2024-10-03T12:42:19+00:00\" \/>\n<meta name=\"twitter:card\" content=\"summary_large_image\" \/>\n<script type=\"application\/ld+json\" class=\"yoast-schema-graph\">{\"@context\":\"https:\/\/schema.org\",\"@graph\":[{\"@type\":\"WebPage\",\"@id\":\"https:\/\/nyforetagarcentrum.se\/enkoping\/var-styrelse\/\",\"url\":\"https:\/\/nyforetagarcentrum.se\/enkoping\/var-styrelse\/\",\"name\":\"V\u00e5r styrelse - Enk\u00f6ping\",\"isPartOf\":{\"@id\":\"https:\/\/nyforetagarcentrum.se\/enkoping\/#website\"},\"datePublished\":\"2024-02-27T15:05:17+00:00\",\"dateModified\":\"2024-10-03T12:42:19+00:00\",\"description\":\"L\u00e4s om vilka vi \u00e4r som sitter i styrelsen f\u00f6r Nyf\u00f6retagarcentrum Enk\u00f6ping H\u00e5bo samt vilka roller vi har i n\u00e4ringslivet.\",\"breadcrumb\":{\"@id\":\"https:\/\/nyforetagarcentrum.se\/enkoping\/var-styrelse\/#breadcrumb\"},\"inLanguage\":\"sv-SE\",\"potentialAction\":[{\"@type\":\"ReadAction\",\"target\":[\"https:\/\/nyforetagarcentrum.se\/enkoping\/var-styrelse\/\"]}]},{\"@type\":\"BreadcrumbList\",\"@id\":\"https:\/\/nyforetagarcentrum.se\/enkoping\/var-styrelse\/#breadcrumb\",\"itemListElement\":[{\"@type\":\"ListItem\",\"position\":1,\"name\":\"Hem\",\"item\":\"https:\/\/nyforetagarcentrum.se\/enkoping\/\"},{\"@type\":\"ListItem\",\"position\":2,\"name\":\"V\u00e5r styrelse\"}]},{\"@type\":\"WebSite\",\"@id\":\"https:\/\/nyforetagarcentrum.se\/enkoping\/#website\",\"url\":\"https:\/\/nyforetagarcentrum.se\/enkoping\/\",\"name\":\"Enk\u00f6ping\",\"description\":\"Sveriges ledande kraft f\u00f6r fler nya livskraftiga f\u00f6retag\",\"publisher\":{\"@id\":\"https:\/\/nyforetagarcentrum.se\/enkoping\/#organization\"},\"potentialAction\":[{\"@type\":\"SearchAction\",\"target\":{\"@type\":\"EntryPoint\",\"urlTemplate\":\"https:\/\/nyforetagarcentrum.se\/enkoping\/?s={search_term_string}\"},\"query-input\":\"required name=search_term_string\"}],\"inLanguage\":\"sv-SE\"},{\"@type\":\"Organization\",\"@id\":\"https:\/\/nyforetagarcentrum.se\/enkoping\/#organization\",\"name\":\"Enk\u00f6ping\",\"url\":\"https:\/\/nyforetagarcentrum.se\/enkoping\/\",\"logo\":{\"@type\":\"ImageObject\",\"inLanguage\":\"sv-SE\",\"@id\":\"https:\/\/nyforetagarcentrum.se\/enkoping\/#\/schema\/logo\/image\/\",\"url\":\"https:\/\/nyforetagarcentrum.se\/enkoping\/wp-content\/uploads\/sites\/73\/2024\/04\/Enkoping-Habo.png\",\"contentUrl\":\"https:\/\/nyforetagarcentrum.se\/enkoping\/wp-content\/uploads\/sites\/73\/2024\/04\/Enkoping-Habo.png\",\"width\":1082,\"height\":542,\"caption\":\"Enk\u00f6ping\"},\"image\":{\"@id\":\"https:\/\/nyforetagarcentrum.se\/enkoping\/#\/schema\/logo\/image\/\"}}]}<\/script>\n<!-- \/ Yoast SEO plugin. -->","yoast_head_json":{"title":"V\u00e5r styrelse - Enk\u00f6ping","description":"L\u00e4s om vilka vi \u00e4r som sitter i styrelsen f\u00f6r Nyf\u00f6retagarcentrum Enk\u00f6ping H\u00e5bo samt vilka roller vi har i n\u00e4ringslivet.","robots":{"index":"index","follow":"follow","max-snippet":"max-snippet:-1","max-image-preview":"max-image-preview:large","max-video-preview":"max-video-preview:-1"},"canonical":"https:\/\/nyforetagarcentrum.se\/enkoping\/var-styrelse\/","og_locale":"sv_SE","og_type":"article","og_title":"V\u00e5r styrelse - Enk\u00f6ping","og_description":"L\u00e4s om vilka vi \u00e4r som sitter i styrelsen f\u00f6r Nyf\u00f6retagarcentrum Enk\u00f6ping H\u00e5bo samt vilka roller vi har i n\u00e4ringslivet.","og_url":"https:\/\/nyforetagarcentrum.se\/enkoping\/var-styrelse\/","og_site_name":"Enk\u00f6ping","article_modified_time":"2024-10-03T12:42:19+00:00","twitter_card":"summary_large_image","schema":{"@context":"https:\/\/schema.org","@graph":[{"@type":"WebPage","@id":"https:\/\/nyforetagarcentrum.se\/enkoping\/var-styrelse\/","url":"https:\/\/nyforetagarcentrum.se\/enkoping\/var-styrelse\/","name":"V\u00e5r styrelse - Enk\u00f6ping","isPartOf":{"@id":"https:\/\/nyforetagarcentrum.se\/enkoping\/#website"},"datePublished":"2024-02-27T15:05:17+00:00","dateModified":"2024-10-03T12:42:19+00:00","description":"L\u00e4s om vilka vi \u00e4r som sitter i styrelsen f\u00f6r Nyf\u00f6retagarcentrum Enk\u00f6ping H\u00e5bo samt vilka roller vi har i n\u00e4ringslivet.","breadcrumb":{"@id":"https:\/\/nyforetagarcentrum.se\/enkoping\/var-styrelse\/#breadcrumb"},"inLanguage":"sv-SE","potentialAction":[{"@type":"ReadAction","target":["https:\/\/nyforetagarcentrum.se\/enkoping\/var-styrelse\/"]}]},{"@type":"BreadcrumbList","@id":"https:\/\/nyforetagarcentrum.se\/enkoping\/var-styrelse\/#breadcrumb","itemListElement":[{"@type":"ListItem","position":1,"name":"Hem","item":"https:\/\/nyforetagarcentrum.se\/enkoping\/"},{"@type":"ListItem","position":2,"name":"V\u00e5r styrelse"}]},{"@type":"WebSite","@id":"https:\/\/nyforetagarcentrum.se\/enkoping\/#website","url":"https:\/\/nyforetagarcentrum.se\/enkoping\/","name":"Enk\u00f6ping","description":"Sveriges ledande kraft f\u00f6r fler nya livskraftiga f\u00f6retag","publisher":{"@id":"https:\/\/nyforetagarcentrum.se\/enkoping\/#organization"},"potentialAction":[{"@type":"SearchAction","target":{"@type":"EntryPoint","urlTemplate":"https:\/\/nyforetagarcentrum.se\/enkoping\/?s={search_term_string}"},"query-input":"required name=search_term_string"}],"inLanguage":"sv-SE"},{"@type":"Organization","@id":"https:\/\/nyforetagarcentrum.se\/enkoping\/#organization","name":"Enk\u00f6ping","url":"https:\/\/nyforetagarcentrum.se\/enkoping\/","logo":{"@type":"ImageObject","inLanguage":"sv-SE","@id":"https:\/\/nyforetagarcentrum.se\/enkoping\/#\/schema\/logo\/image\/","url":"https:\/\/nyforetagarcentrum.se\/enkoping\/wp-content\/uploads\/sites\/73\/2024\/04\/Enkoping-Habo.png","contentUrl":"https:\/\/nyforetagarcentrum.se\/enkoping\/wp-content\/uploads\/sites\/73\/2024\/04\/Enkoping-Habo.png","width":1082,"height":542,"caption":"Enk\u00f6ping"},"image":{"@id":"https:\/\/nyforetagarcentrum.se\/enkoping\/#\/schema\/logo\/image\/"}}]}},"_links":{"self":[{"href":"https:\/\/nyforetagarcentrum.se\/enkoping\/wp-json\/wp\/v2\/pages\/164"}],"collection":[{"href":"https:\/\/nyforetagarcentrum.se\/enkoping\/wp-json\/wp\/v2\/pages"}],"about":[{"href":"https:\/\/nyforetagarcentrum.se\/enkoping\/wp-json\/wp\/v2\/types\/page"}],"author":[{"embeddable":true,"href":"https:\/\/nyforetagarcentrum.se\/enkoping\/wp-json\/wp\/v2\/users\/1"}],"replies":[{"embeddable":true,"href":"https:\/\/nyforetagarcentrum.se\/enkoping\/wp-json\/wp\/v2\/comments?post=164"}],"version-history":[{"count":34,"href":"https:\/\/nyforetagarcentrum.se\/enkoping\/wp-json\/wp\/v2\/pages\/164\/revisions"}],"predecessor-version":[{"id":2050,"href":"https:\/\/nyforetagarcentrum.se\/enkoping\/wp-json\/wp\/v2\/pages\/164\/revisions\/2050"}],"wp:attachment":[{"href":"https:\/\/nyforetagarcentrum.se\/enkoping\/wp-json\/wp\/v2\/media?parent=164"}],"curies":[{"name":"wp","href":"https:\/\/api.w.org\/{rel}","templated":true}]}}