{"id":239,"date":"2024-02-29T13:59:39","date_gmt":"2024-02-29T12:59:39","guid":{"rendered":"https:\/\/nyforetagarcentrum.se\/ekero\/?page_id=239"},"modified":"2025-11-05T15:29:31","modified_gmt":"2025-11-05T14:29:31","slug":"vara-radgivare","status":"publish","type":"page","link":"https:\/\/nyforetagarcentrum.se\/ekero\/vara-radgivare\/","title":{"rendered":"V\u00e5r r\u00e5dgivare"},"content":{"rendered":"<section  class=\"nfc-block-hero alignfull\">\n\n    <img loading=\"lazy\" decoding=\"async\" width=\"1470\" height=\"980\" src=\"https:\/\/nyforetagarcentrum.se\/ekero\/wp-content\/uploads\/sites\/49\/2024\/02\/Medium_JM.png\" class=\"attachment-landscape size-landscape\" alt=\"\" srcset=\"https:\/\/nyforetagarcentrum.se\/ekero\/wp-content\/uploads\/sites\/49\/2024\/02\/Medium_JM.png 1470w, https:\/\/nyforetagarcentrum.se\/ekero\/wp-content\/uploads\/sites\/49\/2024\/02\/Medium_JM-300x200.png 300w, https:\/\/nyforetagarcentrum.se\/ekero\/wp-content\/uploads\/sites\/49\/2024\/02\/Medium_JM-1024x683.png 1024w, https:\/\/nyforetagarcentrum.se\/ekero\/wp-content\/uploads\/sites\/49\/2024\/02\/Medium_JM-768x512.png 768w\" sizes=\"(max-width: 1470px) 100vw, 1470px\" \/>\n    <div class=\"contained\">\n        <h1 class=\"nfc-block-hero__heading\">V\u00e5r r\u00e5dgivare<\/h1>\n\n            <\/div>\n<\/section>\n\n<section  class=\"nfc-block-text_cards alignwide\">\n    <div class=\"wrapper contained\">\n                    <div class=\"text-card\">\n                <div class=\"text-card__content\">\n                    <h3 class=\"heading\" data-number=\"1\">R\u00e5dgivare Lena S\u00f6derberg<\/h3>\n\n                                            <div class=\"description\">V\u00e5r r\u00e5dgivare, Lena S\u00f6derberg, \u00e4r f\u00f6retagare sj\u00e4lv, med erfarenhet av vad det inneb\u00e4r att b\u00f6rja fr\u00e5n b\u00f6rjan. Hon har ocks\u00e5 ett stort n\u00e4tverk i Eker\u00f6, en lokal f\u00f6rankring och kan guida dig till n\u00e4ringslivskontakter som du kan ha stor nytta av i ditt blivande aff\u00e4rsliv.<\/div>\n                    \n                    \n                <\/div>\n            <\/div>\n            <\/div>\n<\/section>\n\n\n<h2 class=\"wp-block-heading\"><\/h2>\n","protected":false},"excerpt":{"rendered":"","protected":false},"author":1,"featured_media":0,"parent":0,"menu_order":0,"comment_status":"closed","ping_status":"closed","template":"","meta":{"footnotes":""},"acf":[],"yoast_head":"<!-- This site is optimized with the Yoast SEO plugin v22.9 - https:\/\/yoast.com\/wordpress\/plugins\/seo\/ -->\n<title>V\u00e5r r\u00e5dgivare - Eker\u00f6<\/title>\n<meta name=\"robots\" content=\"index, follow, max-snippet:-1, max-image-preview:large, max-video-preview:-1\" \/>\n<link rel=\"canonical\" href=\"https:\/\/nyforetagarcentrum.se\/ekero\/vara-radgivare\/\" \/>\n<meta property=\"og:locale\" content=\"sv_SE\" \/>\n<meta property=\"og:type\" content=\"article\" \/>\n<meta property=\"og:title\" content=\"V\u00e5r r\u00e5dgivare - Eker\u00f6\" \/>\n<meta property=\"og:url\" content=\"https:\/\/nyforetagarcentrum.se\/ekero\/vara-radgivare\/\" \/>\n<meta property=\"og:site_name\" content=\"Eker\u00f6\" \/>\n<meta property=\"article:modified_time\" content=\"2025-11-05T14:29:31+00:00\" \/>\n<meta name=\"twitter:card\" content=\"summary_large_image\" \/>\n<script type=\"application\/ld+json\" class=\"yoast-schema-graph\">{\"@context\":\"https:\/\/schema.org\",\"@graph\":[{\"@type\":\"WebPage\",\"@id\":\"https:\/\/nyforetagarcentrum.se\/ekero\/vara-radgivare\/\",\"url\":\"https:\/\/nyforetagarcentrum.se\/ekero\/vara-radgivare\/\",\"name\":\"V\u00e5r r\u00e5dgivare - Eker\u00f6\",\"isPartOf\":{\"@id\":\"https:\/\/nyforetagarcentrum.se\/ekero\/#website\"},\"datePublished\":\"2024-02-29T12:59:39+00:00\",\"dateModified\":\"2025-11-05T14:29:31+00:00\",\"breadcrumb\":{\"@id\":\"https:\/\/nyforetagarcentrum.se\/ekero\/vara-radgivare\/#breadcrumb\"},\"inLanguage\":\"sv-SE\",\"potentialAction\":[{\"@type\":\"ReadAction\",\"target\":[\"https:\/\/nyforetagarcentrum.se\/ekero\/vara-radgivare\/\"]}]},{\"@type\":\"BreadcrumbList\",\"@id\":\"https:\/\/nyforetagarcentrum.se\/ekero\/vara-radgivare\/#breadcrumb\",\"itemListElement\":[{\"@type\":\"ListItem\",\"position\":1,\"name\":\"Hem\",\"item\":\"https:\/\/nyforetagarcentrum.se\/ekero\/\"},{\"@type\":\"ListItem\",\"position\":2,\"name\":\"V\u00e5r r\u00e5dgivare\"}]},{\"@type\":\"WebSite\",\"@id\":\"https:\/\/nyforetagarcentrum.se\/ekero\/#website\",\"url\":\"https:\/\/nyforetagarcentrum.se\/ekero\/\",\"name\":\"Eker\u00f6\",\"description\":\"Sveriges ledande kraft f\u00f6r fler nya livskraftiga f\u00f6retag\",\"publisher\":{\"@id\":\"https:\/\/nyforetagarcentrum.se\/ekero\/#organization\"},\"potentialAction\":[{\"@type\":\"SearchAction\",\"target\":{\"@type\":\"EntryPoint\",\"urlTemplate\":\"https:\/\/nyforetagarcentrum.se\/ekero\/?s={search_term_string}\"},\"query-input\":\"required name=search_term_string\"}],\"inLanguage\":\"sv-SE\"},{\"@type\":\"Organization\",\"@id\":\"https:\/\/nyforetagarcentrum.se\/ekero\/#organization\",\"name\":\"Eker\u00f6\",\"url\":\"https:\/\/nyforetagarcentrum.se\/ekero\/\",\"logo\":{\"@type\":\"ImageObject\",\"inLanguage\":\"sv-SE\",\"@id\":\"https:\/\/nyforetagarcentrum.se\/ekero\/#\/schema\/logo\/image\/\",\"url\":\"https:\/\/nyforetagarcentrum.se\/ekero\/wp-content\/uploads\/sites\/49\/2024\/07\/ekero_bla.png\",\"contentUrl\":\"https:\/\/nyforetagarcentrum.se\/ekero\/wp-content\/uploads\/sites\/49\/2024\/07\/ekero_bla.png\",\"width\":870,\"height\":355,\"caption\":\"Eker\u00f6\"},\"image\":{\"@id\":\"https:\/\/nyforetagarcentrum.se\/ekero\/#\/schema\/logo\/image\/\"}}]}<\/script>\n<!-- \/ Yoast SEO plugin. -->","yoast_head_json":{"title":"V\u00e5r r\u00e5dgivare - Eker\u00f6","robots":{"index":"index","follow":"follow","max-snippet":"max-snippet:-1","max-image-preview":"max-image-preview:large","max-video-preview":"max-video-preview:-1"},"canonical":"https:\/\/nyforetagarcentrum.se\/ekero\/vara-radgivare\/","og_locale":"sv_SE","og_type":"article","og_title":"V\u00e5r r\u00e5dgivare - Eker\u00f6","og_url":"https:\/\/nyforetagarcentrum.se\/ekero\/vara-radgivare\/","og_site_name":"Eker\u00f6","article_modified_time":"2025-11-05T14:29:31+00:00","twitter_card":"summary_large_image","schema":{"@context":"https:\/\/schema.org","@graph":[{"@type":"WebPage","@id":"https:\/\/nyforetagarcentrum.se\/ekero\/vara-radgivare\/","url":"https:\/\/nyforetagarcentrum.se\/ekero\/vara-radgivare\/","name":"V\u00e5r r\u00e5dgivare - Eker\u00f6","isPartOf":{"@id":"https:\/\/nyforetagarcentrum.se\/ekero\/#website"},"datePublished":"2024-02-29T12:59:39+00:00","dateModified":"2025-11-05T14:29:31+00:00","breadcrumb":{"@id":"https:\/\/nyforetagarcentrum.se\/ekero\/vara-radgivare\/#breadcrumb"},"inLanguage":"sv-SE","potentialAction":[{"@type":"ReadAction","target":["https:\/\/nyforetagarcentrum.se\/ekero\/vara-radgivare\/"]}]},{"@type":"BreadcrumbList","@id":"https:\/\/nyforetagarcentrum.se\/ekero\/vara-radgivare\/#breadcrumb","itemListElement":[{"@type":"ListItem","position":1,"name":"Hem","item":"https:\/\/nyforetagarcentrum.se\/ekero\/"},{"@type":"ListItem","position":2,"name":"V\u00e5r r\u00e5dgivare"}]},{"@type":"WebSite","@id":"https:\/\/nyforetagarcentrum.se\/ekero\/#website","url":"https:\/\/nyforetagarcentrum.se\/ekero\/","name":"Eker\u00f6","description":"Sveriges ledande kraft f\u00f6r fler nya livskraftiga f\u00f6retag","publisher":{"@id":"https:\/\/nyforetagarcentrum.se\/ekero\/#organization"},"potentialAction":[{"@type":"SearchAction","target":{"@type":"EntryPoint","urlTemplate":"https:\/\/nyforetagarcentrum.se\/ekero\/?s={search_term_string}"},"query-input":"required name=search_term_string"}],"inLanguage":"sv-SE"},{"@type":"Organization","@id":"https:\/\/nyforetagarcentrum.se\/ekero\/#organization","name":"Eker\u00f6","url":"https:\/\/nyforetagarcentrum.se\/ekero\/","logo":{"@type":"ImageObject","inLanguage":"sv-SE","@id":"https:\/\/nyforetagarcentrum.se\/ekero\/#\/schema\/logo\/image\/","url":"https:\/\/nyforetagarcentrum.se\/ekero\/wp-content\/uploads\/sites\/49\/2024\/07\/ekero_bla.png","contentUrl":"https:\/\/nyforetagarcentrum.se\/ekero\/wp-content\/uploads\/sites\/49\/2024\/07\/ekero_bla.png","width":870,"height":355,"caption":"Eker\u00f6"},"image":{"@id":"https:\/\/nyforetagarcentrum.se\/ekero\/#\/schema\/logo\/image\/"}}]}},"_links":{"self":[{"href":"https:\/\/nyforetagarcentrum.se\/ekero\/wp-json\/wp\/v2\/pages\/239"}],"collection":[{"href":"https:\/\/nyforetagarcentrum.se\/ekero\/wp-json\/wp\/v2\/pages"}],"about":[{"href":"https:\/\/nyforetagarcentrum.se\/ekero\/wp-json\/wp\/v2\/types\/page"}],"author":[{"embeddable":true,"href":"https:\/\/nyforetagarcentrum.se\/ekero\/wp-json\/wp\/v2\/users\/1"}],"replies":[{"embeddable":true,"href":"https:\/\/nyforetagarcentrum.se\/ekero\/wp-json\/wp\/v2\/comments?post=239"}],"version-history":[{"count":16,"href":"https:\/\/nyforetagarcentrum.se\/ekero\/wp-json\/wp\/v2\/pages\/239\/revisions"}],"predecessor-version":[{"id":480,"href":"https:\/\/nyforetagarcentrum.se\/ekero\/wp-json\/wp\/v2\/pages\/239\/revisions\/480"}],"wp:attachment":[{"href":"https:\/\/nyforetagarcentrum.se\/ekero\/wp-json\/wp\/v2\/media?parent=239"}],"curies":[{"name":"wp","href":"https:\/\/api.w.org\/{rel}","templated":true}]}}