{"id":169,"date":"2024-02-27T16:06:59","date_gmt":"2024-02-27T15:06:59","guid":{"rendered":"https:\/\/nyforetagarcentrum.se\/ekero\/?page_id=169"},"modified":"2025-11-05T15:54:29","modified_gmt":"2025-11-05T14:54:29","slug":"kontakt","status":"publish","type":"page","link":"https:\/\/nyforetagarcentrum.se\/ekero\/kontakt\/","title":{"rendered":"Kontakt"},"content":{"rendered":"<section  class=\"nfc-block-breadcrumbs\">\n    <div class=\"wrapper contained\">\n        <ol class=\"breadcrumbs\" itemscope itemtype=\"https:\/\/schema.org\/BreadcrumbList\">\n            <li itemprop=\"itemListElement\" itemscope itemtype=\"https:\/\/schema.org\/ListItem\">\n            \n\n                            <span class=\"current\" itemprop=\"name\">Hem<\/span>\n            \n            <meta itemprop=\"position\" content=\"1\" \/>\n        <\/li>\n    <\/ol>    <\/div>\n<\/section>\n\n\n<div style=\"height:100px\" aria-hidden=\"true\" class=\"wp-block-spacer\"><\/div>\n\n\n\n<div class=\"wp-block-group alignwide is-layout-constrained wp-block-group-is-layout-constrained\">\n<div class=\"wp-block-columns alignfull is-layout-flex wp-container-core-columns-is-layout-1 wp-block-columns-is-layout-flex\">\n<div class=\"wp-block-column is-layout-flow wp-block-column-is-layout-flow\">\n<p><\/p>\n\n\n\n<h1 class=\"wp-block-heading has-text-align-center\">Kontakta oss<\/h1>\n<\/div>\n\n\n\n<div class=\"wp-block-column is-layout-flow wp-block-column-is-layout-flow\">\n<p>\u00c4r du intresserad av att&nbsp;<strong>boka r\u00e5dgivning<\/strong>&nbsp;g\u00f6r du det l\u00e4ttast direkt online. Har du andra fr\u00e5gor kan du kontakta oss via formul\u00e4ret eller p\u00e5 telefon.<\/p>\n\n\n\n<p>\u00d6nskar du komma i kontakt med oss g\u00e5r det bra att skicka ett mejl till ekero@nyforetagarcentrum.se<\/p>\n\n\n\n<p><\/p>\n\n\n\n<div class=\"wp-block-buttons is-layout-flex wp-block-buttons-is-layout-flex\">\n<div class=\"wp-block-button\"><a class=\"wp-block-button__link wp-element-button\">Boka r\u00e5dgivning<\/a><\/div>\n<\/div>\n<\/div>\n<\/div>\n<\/div>\n\n\n\n<div style=\"height:100px\" aria-hidden=\"true\" class=\"wp-block-spacer\"><\/div>\n\n\n\n<div class=\"wp-block-group alignwide is-layout-constrained wp-block-group-is-layout-constrained\">\n<div class=\"wp-block-columns alignwide are-vertically-aligned-center is-layout-flex wp-container-core-columns-is-layout-2 wp-block-columns-is-layout-flex\">\n<div class=\"wp-block-column is-vertically-aligned-center is-layout-flow wp-block-column-is-layout-flow\" style=\"flex-basis:50%\">\n<div class=\"wp-block-group is-layout-constrained wp-block-group-is-layout-constrained\">\n<div class=\"wp-block-group is-vertical is-layout-flex wp-container-core-group-is-layout-2 wp-block-group-is-layout-flex\">\n<figure class=\"wp-block-image size-large\"><img loading=\"lazy\" decoding=\"async\" width=\"1024\" height=\"760\" src=\"https:\/\/nyforetagarcentrum.se\/ekero\/wp-content\/uploads\/sites\/3\/2024\/02\/Allman-bild-22-1024x760.png\" alt=\"\" class=\"wp-image-232\" srcset=\"https:\/\/nyforetagarcentrum.se\/ekero\/wp-content\/uploads\/sites\/49\/2024\/02\/Allman-bild-22-1024x760.png 1024w, https:\/\/nyforetagarcentrum.se\/ekero\/wp-content\/uploads\/sites\/49\/2024\/02\/Allman-bild-22-300x223.png 300w, https:\/\/nyforetagarcentrum.se\/ekero\/wp-content\/uploads\/sites\/49\/2024\/02\/Allman-bild-22-768x570.png 768w, https:\/\/nyforetagarcentrum.se\/ekero\/wp-content\/uploads\/sites\/49\/2024\/02\/Allman-bild-22.png 1241w\" sizes=\"(max-width: 1024px) 100vw, 1024px\" \/><\/figure>\n<\/div>\n<\/div>\n<\/div>\n\n\n\n<div class=\"wp-block-column is-layout-flow wp-block-column-is-layout-flow\" style=\"flex-basis:50%\"><section  class=\"nfc-block-form aligncenter layout-small\">\n    <div class=\"contained\">\n\n        <form data-nfc-form=\"block_989b3110601384eef62a3407287cdf03\" data-nfc-page=\"169\">\n            <label class=\"input-wrapper required\" for=\"namn-och-efternamn\">\n    <span>Namn och Efternamn<\/span>\n    <input type=\"text\" name=\"namn-och-efternamn\" id=\"namn-och-efternamn\" placeholder=\"Ditt namn\" required>\n<\/label><label class=\"input-wrapper required\" for=\"mailadress\">\n    <span>Mailadress<\/span>\n    <input type=\"text\" name=\"mailadress\" id=\"mailadress\" placeholder=\"Din mailadress\" required>\n<\/label><label class=\"input-wrapper\" for=\"telefonnummer\">\n    <span>Telefonnummer<\/span>\n    <input type=\"number\" name=\"telefonnummer\" id=\"telefonnummer\" placeholder=\"Ditt telefonnummer\" >\n<\/label><label class=\"input-wrapper required\" for=\"meddelande\">\n    <span>Meddelande<\/span>\n    <textarea type=\"text\" name=\"meddelande\" id=\"meddelande\" placeholder=\"Skriv ditt meddelande h\u00e4r\" required rows=\"6\"><\/textarea>\n<\/label>\n            <div class=\"input-wrapper\">\n                <button type=\"submit\" class=\"button\">Skicka<\/button>\n            <\/div>\n        <\/form>\n    <\/div>\n<\/section><\/div>\n<\/div>\n<\/div>\n\n\n\n<div style=\"height:100px\" aria-hidden=\"true\" class=\"wp-block-spacer\"><\/div>\n\n\n\n<p><\/p>\n\n\n<section  class=\"nfc-block-split_screen alignwide image_alignment-right theme-dark\">\n    <div class=\"wrapper\">\n        <div class=\"nfc-block-split_screen__image-wrapper\">\n                    <\/div>\n\n        <div class=\"nfc-block-split_screen__content-wrapper\">\n            <h2>Kontakta<\/h2>\n<h2>Nyf\u00f6retagarCentrum Eker\u00f6<\/h2>\n<p>Telefon: 079-340 83 75<br \/>\nE-post: ekero@nyforetagarcentrum.se<\/p>\n<p><strong>Nyf\u00f6retagarCentrum Eker\u00f6<\/strong><\/p>\n<p>Sj\u00f6stadskajen 1, 178 51 Eker\u00f6<\/p>\n\n            \n        <\/div>\n    <\/div>\n<\/section>\n\n\n<div style=\"height:100px\" aria-hidden=\"true\" class=\"wp-block-spacer\"><\/div>\n\n\n<script>const member_map_block_6032f5d9090156dec633acf9603881e1 = [{\"id\":\"49-326\",\"lng\":\"17.8320519\",\"lat\":\"59.2836126\",\"title\":\"Nyf\\u00f6retagarCentrum Eker\\u00f6\",\"address\":\"Bryggav\\u00e4gen 127, 178 31 Eker\\u00f6\"}];<\/script>\n\n<!-- Loads the google map api. -->\n<script type=\"text\/javascript\" src=\"\/\/maps.googleapis.com\/maps\/api\/js?key=AIzaSyDGhZjiYRUYd9Gp8cEzhhoiQNx5apfS6jM&#038;sensor=false\"><\/script>\n\n<section  class=\"nfc-block-locations alignwide\">\n\n    <div class=\"search-wrapper\">\n        <input type=\"text\" id=\"search-location\" placeholder=\"S\u00f6k p\u00e5 ort eller adress\">\n    <\/div>\n\n    <div class=\"location-list\">\n\n                    <div class=\"location\" id=\"location-49-326\">\n                <h2 class=\"location-title\">Nyf\u00f6retagarCentrum Eker\u00f6<\/h2>\n\n                <div class=\"address-container\">\n                    <p>Bryggav\u00e4gen 127<\/p>\n                    <p>178 31 Eker\u00f6<\/p>\n                <\/div>\n\n                                    <a href=\"https:\/\/nyforetagarcentrum.se\/ekero\" class=\"location-link\" target=\"_blank\" rel=\"noopener noreferrer\">https:\/\/nyforetagarcentrum.se\/ekero<\/a>\n                \n            <\/div>\n        \n    <\/div>\n    <div class=\"location-map\" id=\"map\">\n        <noscript><p>JavaScript is required to render the Google Map.<\/p><\/noscript>\n    <\/div>\n<\/section>\n\n\n\n<script>\n\n\t\/\/ Initialize and add the map\n\tlet map;\n\n\tasync function initMap() {\n\n        \/\/ Fetch the current position based on the user's IP address.\n        const userLocation = await fetch('https:\/\/ipapi.co\/json\/')\n            .then(response => response.json())\n            .then(data => {\n                return {\n                    lat: data.latitude,\n                    lng: data.longitude\n                };\n            })\n            .catch(error => {\n                console.error('Error:', error);\n            });\n\n\n\n\t\t\/\/ Request needed libraries.\n\t\tconst { Map } = await google.maps.importLibrary(\"maps\");\n\t\tconst { AdvancedMarkerElement } = await google.maps.importLibrary(\"marker\");\n\n\t\t\/\/ The map, centered at Uluru\n\t\tmap = new google.maps.Map(document.getElementById(\"map\"), {\n\t\t\tzoom: 5,\n\t\t\tmapId: \"7883236a355b0892\"\n\t\t});\n\n\n\t\t\/\/ Add the pins\n\t\tconst pins = member_map_block_6032f5d9090156dec633acf9603881e1;\n\t\tconst markers = pins.map(pin => {\n\n\t\t\tconst marker = new AdvancedMarkerElement({\n\t\t\t\tposition: { lat: Number(pin.lat), lng: Number(pin.lng) },\n\t\t\t\tmap,\n\t\t\t\ttitle: pin.title,\n\t\t\t});\n\n\t\t\tmarker.addListener('gmp-click', () => {\n                const el = document.getElementById('location-' + pin.id);\n                if ( ! el ) {\n                    return;\n                }\n\n                el.scrollIntoView({ behavior: 'smooth', block: 'nearest', inline: 'start' })\n                el.classList.add('highlighted');\n                setTimeout(() => el.classList.remove('highlighted'), 1000);\n\t\t\t})\n\n\t\t\treturn {marker, pin};\n\t\t});\n\n\n        const bounds = new google.maps.LatLngBounds();\n        markers.forEach(marker => bounds.extend(marker.marker.position));\n\n\n        \/\/ Center the map on the user location\n        if (userLocation && bounds.contains(userLocation)) {\n            map.setCenter(userLocation);\n            map.setZoom(9);\n        } else {\n            map.fitBounds(bounds);\n        }\n\n        google.maps.event.addListener(map, 'idle', function() {\n            if (markers.some(marker => map.getBounds().contains(marker.marker.position))) {\n            } else {\n                map.setZoom(map.getZoom() - 1);\n            }\n        });\n\n\n\n        const searchInput = document.getElementById('search-location');\n        if (searchInput) {\n            searchInput.addEventListener('input', (e) => {\n                const search = e.target.value.toLowerCase();\n                const locations = document.querySelectorAll('.location');\n                locations.forEach(location => {\n                    const title = location.querySelector('.location-title').textContent.toLowerCase();\n                    const address = location.querySelector('.address-container').textContent.toLowerCase();\n                    if (title.includes(search) || address.includes(search)) {\n                        location.style.display = 'block';\n                    } else {\n                        location.style.display = 'none';\n                    }\n                });\n\n                const bounds = new google.maps.LatLngBounds();\n\n\n                let hasMarker = false;\n                markers.forEach(marker => {\n                    const title = marker.pin.title.toLowerCase();\n                    const address = marker.pin.address.toLowerCase();\n                    if (title.includes(search) || address.includes(search)) {\n                        marker.marker.setMap(map);\n                        bounds.extend(marker.marker.position)\n                        hasMarker = true;\n                    } else {\n                        marker.marker.setMap(null);\n                    }\n                });\n\n                if (!hasMarker) {\n                    map.setCenter({ lat: 62.3908, lng: 16.3252 });\n                    map.setZoom(5);\n                } else {\n                    map.fitBounds(bounds);\n                }\n            });\n        }\n\t}\n\n\tinitMap();\n\n\n<\/script>\n\n\n<div style=\"height:100px\" aria-hidden=\"true\" class=\"wp-block-spacer\"><\/div>\n","protected":false},"excerpt":{"rendered":"<p>Kontakta oss \u00c4r du intresserad av att&nbsp;boka r\u00e5dgivning&nbsp;g\u00f6r du det l\u00e4ttast direkt online. Har du andra fr\u00e5gor kan du kontakta oss via formul\u00e4ret eller p\u00e5 telefon. \u00d6nskar du komma i kontakt med oss g\u00e5r det bra att skicka ett mejl till ekero@nyforetagarcentrum.se<\/p>\n","protected":false},"author":1,"featured_media":0,"parent":0,"menu_order":0,"comment_status":"closed","ping_status":"closed","template":"","meta":{"footnotes":""},"acf":[],"yoast_head":"<!-- This site is optimized with the Yoast SEO plugin v22.9 - https:\/\/yoast.com\/wordpress\/plugins\/seo\/ -->\n<title>Kontakt - Eker\u00f6<\/title>\n<meta name=\"robots\" content=\"index, follow, max-snippet:-1, max-image-preview:large, max-video-preview:-1\" \/>\n<link rel=\"canonical\" href=\"https:\/\/nyforetagarcentrum.se\/ekero\/kontakt\/\" \/>\n<meta property=\"og:locale\" content=\"sv_SE\" \/>\n<meta property=\"og:type\" content=\"article\" \/>\n<meta property=\"og:title\" content=\"Kontakt - Eker\u00f6\" \/>\n<meta property=\"og:description\" content=\"Kontakta oss \u00c4r du intresserad av att&nbsp;boka r\u00e5dgivning&nbsp;g\u00f6r du det l\u00e4ttast direkt online. Har du andra fr\u00e5gor kan du kontakta oss via formul\u00e4ret eller p\u00e5 telefon. \u00d6nskar du komma i kontakt med oss g\u00e5r det bra att skicka ett mejl till ekero@nyforetagarcentrum.se\" \/>\n<meta property=\"og:url\" content=\"https:\/\/nyforetagarcentrum.se\/ekero\/kontakt\/\" \/>\n<meta property=\"og:site_name\" content=\"Eker\u00f6\" \/>\n<meta property=\"article:modified_time\" content=\"2025-11-05T14:54:29+00:00\" \/>\n<meta property=\"og:image\" content=\"https:\/\/nyforetagarcentrum.se\/ekero\/wp-content\/uploads\/sites\/3\/2024\/02\/Allman-bild-22-1024x760.png\" \/>\n<meta name=\"twitter:card\" content=\"summary_large_image\" \/>\n<meta name=\"twitter:label1\" content=\"Ber\u00e4knad l\u00e4stid\" \/>\n\t<meta name=\"twitter:data1\" content=\"1 minut\" \/>\n<script type=\"application\/ld+json\" class=\"yoast-schema-graph\">{\"@context\":\"https:\/\/schema.org\",\"@graph\":[{\"@type\":\"WebPage\",\"@id\":\"https:\/\/nyforetagarcentrum.se\/ekero\/kontakt\/\",\"url\":\"https:\/\/nyforetagarcentrum.se\/ekero\/kontakt\/\",\"name\":\"Kontakt - Eker\u00f6\",\"isPartOf\":{\"@id\":\"https:\/\/nyforetagarcentrum.se\/ekero\/#website\"},\"primaryImageOfPage\":{\"@id\":\"https:\/\/nyforetagarcentrum.se\/ekero\/kontakt\/#primaryimage\"},\"image\":{\"@id\":\"https:\/\/nyforetagarcentrum.se\/ekero\/kontakt\/#primaryimage\"},\"thumbnailUrl\":\"https:\/\/nyforetagarcentrum.se\/ekero\/wp-content\/uploads\/sites\/3\/2024\/02\/Allman-bild-22-1024x760.png\",\"datePublished\":\"2024-02-27T15:06:59+00:00\",\"dateModified\":\"2025-11-05T14:54:29+00:00\",\"breadcrumb\":{\"@id\":\"https:\/\/nyforetagarcentrum.se\/ekero\/kontakt\/#breadcrumb\"},\"inLanguage\":\"sv-SE\",\"potentialAction\":[{\"@type\":\"ReadAction\",\"target\":[\"https:\/\/nyforetagarcentrum.se\/ekero\/kontakt\/\"]}]},{\"@type\":\"ImageObject\",\"inLanguage\":\"sv-SE\",\"@id\":\"https:\/\/nyforetagarcentrum.se\/ekero\/kontakt\/#primaryimage\",\"url\":\"https:\/\/nyforetagarcentrum.se\/ekero\/wp-content\/uploads\/sites\/49\/2024\/02\/Allman-bild-22.png\",\"contentUrl\":\"https:\/\/nyforetagarcentrum.se\/ekero\/wp-content\/uploads\/sites\/49\/2024\/02\/Allman-bild-22.png\",\"width\":1241,\"height\":921},{\"@type\":\"BreadcrumbList\",\"@id\":\"https:\/\/nyforetagarcentrum.se\/ekero\/kontakt\/#breadcrumb\",\"itemListElement\":[{\"@type\":\"ListItem\",\"position\":1,\"name\":\"Hem\",\"item\":\"https:\/\/nyforetagarcentrum.se\/ekero\/\"},{\"@type\":\"ListItem\",\"position\":2,\"name\":\"Kontakt\"}]},{\"@type\":\"WebSite\",\"@id\":\"https:\/\/nyforetagarcentrum.se\/ekero\/#website\",\"url\":\"https:\/\/nyforetagarcentrum.se\/ekero\/\",\"name\":\"Eker\u00f6\",\"description\":\"Sveriges ledande kraft f\u00f6r fler nya livskraftiga f\u00f6retag\",\"publisher\":{\"@id\":\"https:\/\/nyforetagarcentrum.se\/ekero\/#organization\"},\"potentialAction\":[{\"@type\":\"SearchAction\",\"target\":{\"@type\":\"EntryPoint\",\"urlTemplate\":\"https:\/\/nyforetagarcentrum.se\/ekero\/?s={search_term_string}\"},\"query-input\":\"required name=search_term_string\"}],\"inLanguage\":\"sv-SE\"},{\"@type\":\"Organization\",\"@id\":\"https:\/\/nyforetagarcentrum.se\/ekero\/#organization\",\"name\":\"Eker\u00f6\",\"url\":\"https:\/\/nyforetagarcentrum.se\/ekero\/\",\"logo\":{\"@type\":\"ImageObject\",\"inLanguage\":\"sv-SE\",\"@id\":\"https:\/\/nyforetagarcentrum.se\/ekero\/#\/schema\/logo\/image\/\",\"url\":\"https:\/\/nyforetagarcentrum.se\/ekero\/wp-content\/uploads\/sites\/49\/2024\/04\/Ekero-1-e1716291479643.png\",\"contentUrl\":\"https:\/\/nyforetagarcentrum.se\/ekero\/wp-content\/uploads\/sites\/49\/2024\/04\/Ekero-1-e1716291479643.png\",\"width\":1021,\"height\":511,\"caption\":\"Eker\u00f6\"},\"image\":{\"@id\":\"https:\/\/nyforetagarcentrum.se\/ekero\/#\/schema\/logo\/image\/\"}}]}<\/script>\n<!-- \/ Yoast SEO plugin. -->","yoast_head_json":{"title":"Kontakt - Eker\u00f6","robots":{"index":"index","follow":"follow","max-snippet":"max-snippet:-1","max-image-preview":"max-image-preview:large","max-video-preview":"max-video-preview:-1"},"canonical":"https:\/\/nyforetagarcentrum.se\/ekero\/kontakt\/","og_locale":"sv_SE","og_type":"article","og_title":"Kontakt - Eker\u00f6","og_description":"Kontakta oss \u00c4r du intresserad av att&nbsp;boka r\u00e5dgivning&nbsp;g\u00f6r du det l\u00e4ttast direkt online. Har du andra fr\u00e5gor kan du kontakta oss via formul\u00e4ret eller p\u00e5 telefon. \u00d6nskar du komma i kontakt med oss g\u00e5r det bra att skicka ett mejl till ekero@nyforetagarcentrum.se","og_url":"https:\/\/nyforetagarcentrum.se\/ekero\/kontakt\/","og_site_name":"Eker\u00f6","article_modified_time":"2025-11-05T14:54:29+00:00","og_image":[{"url":"https:\/\/nyforetagarcentrum.se\/ekero\/wp-content\/uploads\/sites\/3\/2024\/02\/Allman-bild-22-1024x760.png"}],"twitter_card":"summary_large_image","twitter_misc":{"Ber\u00e4knad l\u00e4stid":"1 minut"},"schema":{"@context":"https:\/\/schema.org","@graph":[{"@type":"WebPage","@id":"https:\/\/nyforetagarcentrum.se\/ekero\/kontakt\/","url":"https:\/\/nyforetagarcentrum.se\/ekero\/kontakt\/","name":"Kontakt - Eker\u00f6","isPartOf":{"@id":"https:\/\/nyforetagarcentrum.se\/ekero\/#website"},"primaryImageOfPage":{"@id":"https:\/\/nyforetagarcentrum.se\/ekero\/kontakt\/#primaryimage"},"image":{"@id":"https:\/\/nyforetagarcentrum.se\/ekero\/kontakt\/#primaryimage"},"thumbnailUrl":"https:\/\/nyforetagarcentrum.se\/ekero\/wp-content\/uploads\/sites\/3\/2024\/02\/Allman-bild-22-1024x760.png","datePublished":"2024-02-27T15:06:59+00:00","dateModified":"2025-11-05T14:54:29+00:00","breadcrumb":{"@id":"https:\/\/nyforetagarcentrum.se\/ekero\/kontakt\/#breadcrumb"},"inLanguage":"sv-SE","potentialAction":[{"@type":"ReadAction","target":["https:\/\/nyforetagarcentrum.se\/ekero\/kontakt\/"]}]},{"@type":"ImageObject","inLanguage":"sv-SE","@id":"https:\/\/nyforetagarcentrum.se\/ekero\/kontakt\/#primaryimage","url":"https:\/\/nyforetagarcentrum.se\/ekero\/wp-content\/uploads\/sites\/49\/2024\/02\/Allman-bild-22.png","contentUrl":"https:\/\/nyforetagarcentrum.se\/ekero\/wp-content\/uploads\/sites\/49\/2024\/02\/Allman-bild-22.png","width":1241,"height":921},{"@type":"BreadcrumbList","@id":"https:\/\/nyforetagarcentrum.se\/ekero\/kontakt\/#breadcrumb","itemListElement":[{"@type":"ListItem","position":1,"name":"Hem","item":"https:\/\/nyforetagarcentrum.se\/ekero\/"},{"@type":"ListItem","position":2,"name":"Kontakt"}]},{"@type":"WebSite","@id":"https:\/\/nyforetagarcentrum.se\/ekero\/#website","url":"https:\/\/nyforetagarcentrum.se\/ekero\/","name":"Eker\u00f6","description":"Sveriges ledande kraft f\u00f6r fler nya livskraftiga f\u00f6retag","publisher":{"@id":"https:\/\/nyforetagarcentrum.se\/ekero\/#organization"},"potentialAction":[{"@type":"SearchAction","target":{"@type":"EntryPoint","urlTemplate":"https:\/\/nyforetagarcentrum.se\/ekero\/?s={search_term_string}"},"query-input":"required name=search_term_string"}],"inLanguage":"sv-SE"},{"@type":"Organization","@id":"https:\/\/nyforetagarcentrum.se\/ekero\/#organization","name":"Eker\u00f6","url":"https:\/\/nyforetagarcentrum.se\/ekero\/","logo":{"@type":"ImageObject","inLanguage":"sv-SE","@id":"https:\/\/nyforetagarcentrum.se\/ekero\/#\/schema\/logo\/image\/","url":"https:\/\/nyforetagarcentrum.se\/ekero\/wp-content\/uploads\/sites\/49\/2024\/04\/Ekero-1-e1716291479643.png","contentUrl":"https:\/\/nyforetagarcentrum.se\/ekero\/wp-content\/uploads\/sites\/49\/2024\/04\/Ekero-1-e1716291479643.png","width":1021,"height":511,"caption":"Eker\u00f6"},"image":{"@id":"https:\/\/nyforetagarcentrum.se\/ekero\/#\/schema\/logo\/image\/"}}]}},"_links":{"self":[{"href":"https:\/\/nyforetagarcentrum.se\/ekero\/wp-json\/wp\/v2\/pages\/169"}],"collection":[{"href":"https:\/\/nyforetagarcentrum.se\/ekero\/wp-json\/wp\/v2\/pages"}],"about":[{"href":"https:\/\/nyforetagarcentrum.se\/ekero\/wp-json\/wp\/v2\/types\/page"}],"author":[{"embeddable":true,"href":"https:\/\/nyforetagarcentrum.se\/ekero\/wp-json\/wp\/v2\/users\/1"}],"replies":[{"embeddable":true,"href":"https:\/\/nyforetagarcentrum.se\/ekero\/wp-json\/wp\/v2\/comments?post=169"}],"version-history":[{"count":33,"href":"https:\/\/nyforetagarcentrum.se\/ekero\/wp-json\/wp\/v2\/pages\/169\/revisions"}],"predecessor-version":[{"id":581,"href":"https:\/\/nyforetagarcentrum.se\/ekero\/wp-json\/wp\/v2\/pages\/169\/revisions\/581"}],"wp:attachment":[{"href":"https:\/\/nyforetagarcentrum.se\/ekero\/wp-json\/wp\/v2\/media?parent=169"}],"curies":[{"name":"wp","href":"https:\/\/api.w.org\/{rel}","templated":true}]}}